{"id":6335,"date":"2019-01-07T17:42:35","date_gmt":"2019-01-07T16:42:35","guid":{"rendered":"http:\/\/www.salon-zenetbio.com\/angers\/?page_id=6335"},"modified":"2025-02-11T17:57:17","modified_gmt":"2025-02-11T16:57:17","slug":"bougez-zen","status":"publish","type":"page","link":"http:\/\/www.salon-zenetbio.com\/angers\/bougez-zen\/","title":{"rendered":"Workshop bougez zen"},"content":{"rendered":"<p>Afin que vous puissiez d\u00e9couvrir une technique ou l\u2019approfondir, seront propos\u00e9s durant 3 jours : des cours de yoga de l\u2019\u00e9nergie, kundalini yoga, pilate, yoga tib\u00e9tain, yangshen, Qi Gong ou encore Tai chi chuan, d\u2019une dur\u00e9e de 1h \u00e0 1h30 toute la journ\u00e9e.<\/p>\n<p>Adapt\u00e9s \u00e0 chacun selon son niveau, ils s\u2019adresseront aux d\u00e9butants comme aux pratiquants confirm\u00e9s.<br \/>\nDes tapis de yoga seront mis \u00e0 disposition.\u00a0<em><strong>Pr\u00e9voir une tenue confortable<\/strong><\/em><\/p>\n<hr \/>\n<p><em><a href=\"https:\/\/www.salon-zenetbio.com\/angers\/workshop-bougez-zen-2023\/\" target=\"_blank\" rel=\"noopener\">Consultez le programme de l&rsquo;\u00e9dition 2023<\/a><br \/>\n<a href=\"https:\/\/www.salon-zenetbio.com\/angers\/workshop-bougez-zen-2022\/\">Consultez le programme de l&rsquo;\u00e9dition 2022<\/a><br \/>\n<\/em><em><a href=\"http:\/\/www.salon-zenetbio.com\/angers\/workshop-bougez-zen-2020\/\">Consultez le programme de l&rsquo;\u00e9dition 2020<\/a><br \/>\n<\/em><a href=\"http:\/\/www.salon-zenetbio.com\/angers\/workshop-bougez-zen-2019\/\" target=\"_blank\" rel=\"noopener noreferrer\"><em>Consultez le programme de l\u2019\u00e9dition 2019<\/em><\/a><\/p>\n<p>&nbsp;<\/p>\n","protected":false},"excerpt":{"rendered":"<p>Afin que vous puissiez d\u00e9couvrir une technique ou l\u2019approfondir, seront propos\u00e9s durant 3 jours : des cours de yoga de l\u2019\u00e9nergie, kundalini yoga, pilate, yoga tib\u00e9tain, yangshen, Qi Gong ou encore Tai chi chuan, d\u2019une dur\u00e9e de 1h \u00e0 1h30 toute la journ\u00e9e. Adapt\u00e9s \u00e0 chacun selon son niveau, ils s\u2019adresseront aux d\u00e9butants comme aux&hellip; <\/p>\n","protected":false},"author":1,"featured_media":0,"parent":0,"menu_order":5,"comment_status":"closed","ping_status":"closed","template":"","meta":{"_monsterinsights_skip_tracking":false,"_monsterinsights_sitenote_active":false,"_monsterinsights_sitenote_note":"","_monsterinsights_sitenote_category":0,"footnotes":""},"class_list":["post-6335","page","type-page","status-publish","hentry"],"yoast_head":"<!-- This site is optimized with the Yoast SEO plugin v27.5 - https:\/\/yoast.com\/product\/yoast-seo-wordpress\/ -->\n<title>Workshop bougez zen - Z&amp;B Angers<\/title>\n<meta name=\"robots\" content=\"index, follow, max-snippet:-1, max-image-preview:large, max-video-preview:-1\" \/>\n<link rel=\"canonical\" href=\"https:\/\/www.salon-zenetbio.com\/angers\/bougez-zen\/\" \/>\n<meta property=\"og:locale\" content=\"fr_FR\" \/>\n<meta property=\"og:type\" content=\"article\" \/>\n<meta property=\"og:title\" content=\"Workshop bougez zen - Z&amp;B Angers\" \/>\n<meta property=\"og:description\" content=\"Afin que vous puissiez d\u00e9couvrir une technique ou l\u2019approfondir, seront propos\u00e9s durant 3 jours : des cours de yoga de l\u2019\u00e9nergie, kundalini yoga, pilate, yoga tib\u00e9tain, yangshen, Qi Gong ou encore Tai chi chuan, d\u2019une dur\u00e9e de 1h \u00e0 1h30 toute la journ\u00e9e. Adapt\u00e9s \u00e0 chacun selon son niveau, ils s\u2019adresseront aux d\u00e9butants comme aux&hellip;\" \/>\n<meta property=\"og:url\" content=\"https:\/\/www.salon-zenetbio.com\/angers\/bougez-zen\/\" \/>\n<meta property=\"og:site_name\" content=\"Z&amp;B Angers\" \/>\n<meta property=\"article:modified_time\" content=\"2025-02-11T16:57:17+00:00\" \/>\n<meta name=\"twitter:card\" content=\"summary_large_image\" \/>\n<meta name=\"twitter:label1\" content=\"Dur\u00e9e de lecture estim\u00e9e\" \/>\n\t<meta name=\"twitter:data1\" content=\"1 minute\" \/>\n<script type=\"application\/ld+json\" class=\"yoast-schema-graph\">{\"@context\":\"https:\\\/\\\/schema.org\",\"@graph\":[{\"@type\":\"WebPage\",\"@id\":\"https:\\\/\\\/www.salon-zenetbio.com\\\/angers\\\/bougez-zen\\\/\",\"url\":\"https:\\\/\\\/www.salon-zenetbio.com\\\/angers\\\/bougez-zen\\\/\",\"name\":\"Workshop bougez zen - Z&amp;B Angers\",\"isPartOf\":{\"@id\":\"https:\\\/\\\/www.salon-zenetbio.com\\\/angers\\\/#website\"},\"datePublished\":\"2019-01-07T16:42:35+00:00\",\"dateModified\":\"2025-02-11T16:57:17+00:00\",\"breadcrumb\":{\"@id\":\"https:\\\/\\\/www.salon-zenetbio.com\\\/angers\\\/bougez-zen\\\/#breadcrumb\"},\"inLanguage\":\"fr-FR\",\"potentialAction\":[{\"@type\":\"ReadAction\",\"target\":[\"https:\\\/\\\/www.salon-zenetbio.com\\\/angers\\\/bougez-zen\\\/\"]}]},{\"@type\":\"BreadcrumbList\",\"@id\":\"https:\\\/\\\/www.salon-zenetbio.com\\\/angers\\\/bougez-zen\\\/#breadcrumb\",\"itemListElement\":[{\"@type\":\"ListItem\",\"position\":1,\"name\":\"Accueil\",\"item\":\"https:\\\/\\\/www.salon-zenetbio.com\\\/angers\\\/\"},{\"@type\":\"ListItem\",\"position\":2,\"name\":\"Workshop bougez zen\"}]},{\"@type\":\"WebSite\",\"@id\":\"https:\\\/\\\/www.salon-zenetbio.com\\\/angers\\\/#website\",\"url\":\"https:\\\/\\\/www.salon-zenetbio.com\\\/angers\\\/\",\"name\":\"Z&amp;B Angers\",\"description\":\"Zen&amp;Bio Angers : votre salon \u00e9colo, bio, bien-\u00eatre et habitat sain\",\"publisher\":{\"@id\":\"https:\\\/\\\/www.salon-zenetbio.com\\\/angers\\\/#organization\"},\"potentialAction\":[{\"@type\":\"SearchAction\",\"target\":{\"@type\":\"EntryPoint\",\"urlTemplate\":\"https:\\\/\\\/www.salon-zenetbio.com\\\/angers\\\/?s={search_term_string}\"},\"query-input\":{\"@type\":\"PropertyValueSpecification\",\"valueRequired\":true,\"valueName\":\"search_term_string\"}}],\"inLanguage\":\"fr-FR\"},{\"@type\":\"Organization\",\"@id\":\"https:\\\/\\\/www.salon-zenetbio.com\\\/angers\\\/#organization\",\"name\":\"Z&amp;B Angers\",\"url\":\"https:\\\/\\\/www.salon-zenetbio.com\\\/angers\\\/\",\"logo\":{\"@type\":\"ImageObject\",\"inLanguage\":\"fr-FR\",\"@id\":\"https:\\\/\\\/www.salon-zenetbio.com\\\/angers\\\/#\\\/schema\\\/logo\\\/image\\\/\",\"url\":\"http:\\\/\\\/www.salon-zenetbio.com\\\/angers\\\/wp-content\\\/uploads\\\/sites\\\/8\\\/2025\\\/11\\\/cropped-Logo-ZEN-et-BIO-angers-2026.png\",\"contentUrl\":\"http:\\\/\\\/www.salon-zenetbio.com\\\/angers\\\/wp-content\\\/uploads\\\/sites\\\/8\\\/2025\\\/11\\\/cropped-Logo-ZEN-et-BIO-angers-2026.png\",\"width\":921,\"height\":255,\"caption\":\"Z&amp;B Angers\"},\"image\":{\"@id\":\"https:\\\/\\\/www.salon-zenetbio.com\\\/angers\\\/#\\\/schema\\\/logo\\\/image\\\/\"}}]}<\/script>\n<!-- \/ Yoast SEO plugin. -->","yoast_head_json":{"title":"Workshop bougez zen - Z&amp;B Angers","robots":{"index":"index","follow":"follow","max-snippet":"max-snippet:-1","max-image-preview":"max-image-preview:large","max-video-preview":"max-video-preview:-1"},"canonical":"https:\/\/www.salon-zenetbio.com\/angers\/bougez-zen\/","og_locale":"fr_FR","og_type":"article","og_title":"Workshop bougez zen - Z&amp;B Angers","og_description":"Afin que vous puissiez d\u00e9couvrir une technique ou l\u2019approfondir, seront propos\u00e9s durant 3 jours : des cours de yoga de l\u2019\u00e9nergie, kundalini yoga, pilate, yoga tib\u00e9tain, yangshen, Qi Gong ou encore Tai chi chuan, d\u2019une dur\u00e9e de 1h \u00e0 1h30 toute la journ\u00e9e. Adapt\u00e9s \u00e0 chacun selon son niveau, ils s\u2019adresseront aux d\u00e9butants comme aux&hellip;","og_url":"https:\/\/www.salon-zenetbio.com\/angers\/bougez-zen\/","og_site_name":"Z&amp;B Angers","article_modified_time":"2025-02-11T16:57:17+00:00","twitter_card":"summary_large_image","twitter_misc":{"Dur\u00e9e de lecture estim\u00e9e":"1 minute"},"schema":{"@context":"https:\/\/schema.org","@graph":[{"@type":"WebPage","@id":"https:\/\/www.salon-zenetbio.com\/angers\/bougez-zen\/","url":"https:\/\/www.salon-zenetbio.com\/angers\/bougez-zen\/","name":"Workshop bougez zen - Z&amp;B Angers","isPartOf":{"@id":"https:\/\/www.salon-zenetbio.com\/angers\/#website"},"datePublished":"2019-01-07T16:42:35+00:00","dateModified":"2025-02-11T16:57:17+00:00","breadcrumb":{"@id":"https:\/\/www.salon-zenetbio.com\/angers\/bougez-zen\/#breadcrumb"},"inLanguage":"fr-FR","potentialAction":[{"@type":"ReadAction","target":["https:\/\/www.salon-zenetbio.com\/angers\/bougez-zen\/"]}]},{"@type":"BreadcrumbList","@id":"https:\/\/www.salon-zenetbio.com\/angers\/bougez-zen\/#breadcrumb","itemListElement":[{"@type":"ListItem","position":1,"name":"Accueil","item":"https:\/\/www.salon-zenetbio.com\/angers\/"},{"@type":"ListItem","position":2,"name":"Workshop bougez zen"}]},{"@type":"WebSite","@id":"https:\/\/www.salon-zenetbio.com\/angers\/#website","url":"https:\/\/www.salon-zenetbio.com\/angers\/","name":"Z&amp;B Angers","description":"Zen&amp;Bio Angers : votre salon \u00e9colo, bio, bien-\u00eatre et habitat sain","publisher":{"@id":"https:\/\/www.salon-zenetbio.com\/angers\/#organization"},"potentialAction":[{"@type":"SearchAction","target":{"@type":"EntryPoint","urlTemplate":"https:\/\/www.salon-zenetbio.com\/angers\/?s={search_term_string}"},"query-input":{"@type":"PropertyValueSpecification","valueRequired":true,"valueName":"search_term_string"}}],"inLanguage":"fr-FR"},{"@type":"Organization","@id":"https:\/\/www.salon-zenetbio.com\/angers\/#organization","name":"Z&amp;B Angers","url":"https:\/\/www.salon-zenetbio.com\/angers\/","logo":{"@type":"ImageObject","inLanguage":"fr-FR","@id":"https:\/\/www.salon-zenetbio.com\/angers\/#\/schema\/logo\/image\/","url":"http:\/\/www.salon-zenetbio.com\/angers\/wp-content\/uploads\/sites\/8\/2025\/11\/cropped-Logo-ZEN-et-BIO-angers-2026.png","contentUrl":"http:\/\/www.salon-zenetbio.com\/angers\/wp-content\/uploads\/sites\/8\/2025\/11\/cropped-Logo-ZEN-et-BIO-angers-2026.png","width":921,"height":255,"caption":"Z&amp;B Angers"},"image":{"@id":"https:\/\/www.salon-zenetbio.com\/angers\/#\/schema\/logo\/image\/"}}]}},"_links":{"self":[{"href":"http:\/\/www.salon-zenetbio.com\/angers\/wp-json\/wp\/v2\/pages\/6335","targetHints":{"allow":["GET"]}}],"collection":[{"href":"http:\/\/www.salon-zenetbio.com\/angers\/wp-json\/wp\/v2\/pages"}],"about":[{"href":"http:\/\/www.salon-zenetbio.com\/angers\/wp-json\/wp\/v2\/types\/page"}],"author":[{"embeddable":true,"href":"http:\/\/www.salon-zenetbio.com\/angers\/wp-json\/wp\/v2\/users\/1"}],"replies":[{"embeddable":true,"href":"http:\/\/www.salon-zenetbio.com\/angers\/wp-json\/wp\/v2\/comments?post=6335"}],"version-history":[{"count":0,"href":"http:\/\/www.salon-zenetbio.com\/angers\/wp-json\/wp\/v2\/pages\/6335\/revisions"}],"wp:attachment":[{"href":"http:\/\/www.salon-zenetbio.com\/angers\/wp-json\/wp\/v2\/media?parent=6335"}],"curies":[{"name":"wp","href":"https:\/\/api.w.org\/{rel}","templated":true}]}}