{"id":6901,"date":"2019-11-26T11:37:37","date_gmt":"2019-11-26T10:37:37","guid":{"rendered":"http:\/\/www.salon-zenetbio.com\/angers\/?page_id=6901"},"modified":"2019-11-26T11:37:37","modified_gmt":"2019-11-26T10:37:37","slug":"conferences-2019","status":"publish","type":"page","link":"http:\/\/www.salon-zenetbio.com\/angers\/conferences-2019\/","title":{"rendered":"Conf\u00e9rences 2019"},"content":{"rendered":"<h2>Vendredi 1er mars 2019<\/h2>\n<p><span style=\"color: #f72a79;\"><strong>11:00 <\/strong><span style=\"color: #333333;\">Permaculture et Relations humaines\u00a0: Comprendre les besoins fondamentaux des plantes et des animaux pour nous comprendre nous-m\u00eames et comprendre nos interactions<\/span><\/span>\u00a0&#8211;\u00a0<span style=\"color: #808080;\"><em>Franck Nathi\u00e9<\/em><\/span><strong><br \/>\n<\/strong><strong><span style=\"color: #3366ff;\">12:00<\/span> <\/strong>Min\u00e9raux : origines (g\u00e9ologie), vertus (gemmologie) et utilisations &#8211;\u00a0<span style=\"color: #808080;\"><em>Jean-Claude Kennedec<\/em><\/span><strong><br \/>\n<\/strong><span style=\"color: #f72a79;\"><strong>12:00 <\/strong><\/span>Les couleurs au service de la sant\u00e9 &#8211;\u00a0<span style=\"color: #808080;\"><em>Dominique Bourdin<\/em><\/span><strong><br \/>\n<\/strong><span style=\"color: #3366ff;\"><strong>13:00 <\/strong><\/span>La qualit\u00e9 alimentaire &#8211;\u00a0<span style=\"color: #808080;\"><em>Michel Provost<\/em><\/span><strong><br \/>\n<\/strong><span style=\"color: #f72a79;\"><strong>13:00 <\/strong><\/span>Orgonites, protection ondes \u00e9lectromagn\u00e9tiques\u00a0 &#8211; <span style=\"color: #808080;\"><em>Thierry Hermann <\/em><\/span><strong><br \/>\n<\/strong><span style=\"color: #008000;\"><strong>13:30 <\/strong><\/span>Le merveilleux pouvoir de votre inconscient &#8211; <span style=\"color: #808080;\"><em>Lionel Agullo <\/em><\/span><strong><br \/>\n<\/strong><span style=\"color: #3366ff;\"><strong>14:00 <\/strong><\/span>L&rsquo;approche naturopatique et quantique de la sant\u00e9 &#8211; <span style=\"color: #808080;\"><em>Philippe Cleyet Merle<\/em><\/span><strong><br \/>\n<\/strong><span style=\"color: #f72a79;\"><strong>14:00 <\/strong><\/span>Les bols de cristal et les diff\u00e9rents outils cristal &#8211; <span style=\"color: #808080;\"><em>Alain M\u00e9traux <\/em><\/span><strong><br \/>\n<\/strong><span style=\"color: #008000;\"><strong>14:30 <\/strong><\/span>Combattre ces fl\u00e9aux alimentaires qui nous mettent en danger, par la vraie nutrition biologique humaine et la naturopathie &#8211; <span style=\"color: #808080;\"><em>Luc Le Metayer-Landre<\/em><\/span><strong><br \/>\n<\/strong><span style=\"color: #3366ff;\"><strong>15:00 <\/strong><\/span>Accompagner le l\u00e2cher-prise avec l\u2019aide des cristaux &#8211; <span style=\"color: #808080;\"><em>Wydiane Khaoua<\/em><\/span><strong><br \/>\n<\/strong><span style=\"color: #f72a79;\"><strong>15:00 <\/strong><\/span>D\u00e9couvrez le pouvoir anti \u00e2ge de la lumi\u00e8re &#8211; <span style=\"color: #808080;\"><em>Chantal Joye<\/em><\/span><strong><br \/>\n<\/strong><span style=\"color: #3366ff;\"><strong>16:00 <\/strong><\/span>G\u00e9obiologie scientifique et mesures \u00e9lectromagn\u00e9tiques &#8211; <span style=\"color: #808080;\"><em>David Averty <\/em><\/span><strong><br \/>\n<\/strong><span style=\"color: #f72a79;\"><strong>16:00 <\/strong><\/span>Bien vieillir avec l&rsquo;\u00e9quilibre Acide Base &#8211; <span style=\"color: #808080;\"><em>Patricia Paisant<\/em><\/span><strong><br \/>\n<\/strong><span style=\"color: #008000;\"><strong>17:00 <\/strong><\/span>D\u00e9codage biologique maladie &#8211; <span style=\"color: #808080;\"><em>Sophie Favarel<\/em><\/span><strong><br \/>\n<\/strong><span style=\"color: #3366ff;\"><strong>17:00<\/strong><\/span><strong>\u00a0<\/strong>Quelques principes de base de la th\u00e9rapie quantique et ses application &#8211;\u00a0<span style=\"color: #808080;\"><em>Alban Sauques<\/em><\/span><strong><br \/>\n<\/strong><span style=\"color: #f72a79;\"><strong>17:00 <\/strong><\/span>Irrigation colonique, je\u00fbne et sant\u00e9 &#8211; <span style=\"color: #808080;\"><em>Dominique Bourdin<\/em><\/span><\/p>\n<h2>Samedi 2 mars 2019<\/h2>\n<p><span style=\"color: #3366ff;\"><strong>11:00 <\/strong><\/span>Les plantes sauvages au service de notre douleur et de notre sant\u00e9 &#8211; <span style=\"color: #808080;\"><em>Jean-Paul Clesse<\/em><\/span><strong><br \/>\n<\/strong><span style=\"color: #f72a79;\"><strong>11:00<\/strong><\/span><strong>\u00a0 <\/strong>Phytosociologie des plantes alimentaires : L&rsquo;art d&rsquo;agencer les plantes comestibles en associations pour cr\u00e9er des jardins d&rsquo;Eden sous tous les climats temp\u00e9r\u00e9s \u2013 <span style=\"color: #808080;\"><em>Franck Nathi\u00e9<br \/>\n<\/em><\/span><strong><span style=\"color: #008000;\">11:00<\/span>\u00a0\u00a0 <\/strong>L&rsquo;Incoh\u00e9rence alimentaire \u00e0 la base de la d\u00e9g\u00e9n\u00e9rescence cellulaire : explications et solutions &#8211; <span style=\"color: #808080;\"><em>Luc Le Metayer-Landre<\/em><\/span><strong><br \/>\n<\/strong><span style=\"color: #3366ff;\"><strong>12:00 <\/strong><\/span>La g\u00e9obiologie : la sant\u00e9 par l&rsquo;habitat &#8211; <span style=\"color: #808080;\"><em>Roland Fernandez<\/em><\/span><strong><br \/>\n<\/strong><span style=\"color: #f72a79;\"><strong>12:00<\/strong><\/span><strong>\u00a0 <\/strong>Les maux\/mots du corps, un message positif pour avancer dans sa vie \u2013 <span style=\"color: #808080;\"><em>Eglantine Goussiez-Soret<\/em><\/span><strong><br \/>\n<\/strong><span style=\"color: #3366ff;\"><strong>13:00 <\/strong><\/span>Les gongs &#8211; <span style=\"color: #808080;\"><em>Alain M\u00e9traux <\/em><\/span><strong><br \/>\n<\/strong><span style=\"color: #f72a79;\"><strong>13:00 <\/strong><\/span>Quelle acupuncture pour am\u00e9liorer la sant\u00e9 au quotidien\u00a0? &#8211; <span style=\"color: #808080;\"><em>Chang-Hyeon Hwang<\/em><\/span><strong><br \/>\n<\/strong><span style=\"color: #008000;\"><strong>13:30 <\/strong><\/span>Le sucre: ami ou ennemi? &#8211; <span style=\"color: #808080;\"><em>L\u00e9onie Bodin<\/em><\/span><strong><br \/>\n<\/strong><span style=\"color: #3366ff;\"><strong>14:00 <\/strong><\/span>Min\u00e9raux : origines (g\u00e9ologie), vertus (gemmologie) et utilisations &#8211; <span style=\"color: #808080;\"><em>Jean-Claude Kennedec<\/em><\/span><strong><br \/>\n<\/strong><span style=\"color: #f72a79;\"><strong>14:00 <\/strong><\/span>Orgonites, protection ondes \u00e9lectromagn\u00e9tiques &#8211; <span style=\"color: #808080;\"><em>Thierry Hermann <\/em><\/span><strong><br \/>\n<\/strong><span style=\"color: #008000;\"><strong>14:30 <\/strong><\/span>Les algues marines s\u00e9ch\u00e9es, ces aliments complets, \u00e9purateurs, vibratoires et essentiels pour notre sant\u00e9 &#8211; <span style=\"color: #808080;\"><em>Luc Le Metayer-Landre<\/em><\/span><strong><br \/>\n<\/strong><span style=\"color: #3366ff;\"><strong>15:00 <\/strong><\/span>Le merveilleux pouvoir de votre inconscient &#8211; <span style=\"color: #808080;\"><em>Lionel Agullo <\/em><\/span><strong><br \/>\n<\/strong><span style=\"color: #f72a79;\"><strong>15:00 <\/strong><\/span>La flore intestinale au centre de la sant\u00e9 et de nos \u00e9motions &#8211; <span style=\"color: #808080;\"><em>Patricia Paisant<\/em><\/span><strong><br \/>\n<\/strong><span style=\"color: #3366ff;\"><strong>16:00 <\/strong><\/span>Les 12 pierres essentielles en lithoth\u00e9rapie pour am\u00e9liorer son bien-\u00eatre au quotidien &#8211;\u00a0<span style=\"color: #808080;\"><em>Wydiane Khaoua<\/em><\/span><strong><br \/>\n<\/strong><span style=\"color: #f72a79;\"><strong>16:00 <\/strong><\/span>D\u00e9codage biologique maladie &#8211; <span style=\"color: #808080;\"><em>Sophie Favarel<\/em><\/span><strong><br \/>\n<\/strong><span style=\"color: #008000;\"><strong>17:00 <\/strong><\/span>Voyage dans l&rsquo;inconscient avec l&rsquo;hypnose &#8211; <span style=\"color: #808080;\"><em>Fr\u00e9d\u00e9ric Eloy<\/em><\/span><strong><br \/>\n<\/strong><span style=\"color: #3366ff;\"><strong>17:00<\/strong><\/span> Je\u00fbner sur l\u2019Ile de R\u00e9 &#8211; <span style=\"color: #808080;\"><em>Martine Medjber<\/em><\/span><strong><br \/>\n<\/strong><span style=\"color: #f72a79;\"><strong>17:00 <\/strong><\/span>La Maison de C\u00e8dre\u00a0: maisons bioclimatiques \u00e0 ossature bois &#8211; <span style=\"color: #808080;\"><em>Justine Pommier <\/em><\/span><strong><br \/>\n<\/strong><span style=\"color: #008000;\"><strong>18:00 <\/strong><\/span>Le je\u00fbne, une pratique bien-\u00eatre pour une meilleure sant\u00e9 &#8211; <span style=\"color: #808080;\"><em>Alexandre Tonnelier<br \/>\n<\/em><\/span><span style=\"color: #3366ff;\"><strong>18:00<\/strong><\/span>\u00a0Perdre du poids sans effort avec l&rsquo;hypnose &#8211; <span style=\"color: #808080;\"><em>Nathalie Cousin<\/em><\/span><\/p>\n<h2>Dimanche 3 mars 2019<\/h2>\n<p><span style=\"color: #008000;\"><strong>11:00 <\/strong><\/span>L&rsquo;Arthrose, ses causes r\u00e9elles et son traitement naturel nutritionnel et naturopathique &#8211; <span style=\"color: #808080;\"><em>Luc Le Metayer-Landre<br \/>\n<\/em><span style=\"color: #3366ff;\"><strong>11:00 <\/strong><\/span><\/span>Le feng shui, un pr\u00e9alable \u00e0 toute r\u00e9novation ou construction <span style=\"color: #808080;\"><em>&#8211; Lydie Joyer<br \/>\n<\/em><\/span><span style=\"color: #f72a79;\"><strong>11:00 <\/strong><\/span>\u00c9quilibre acide base, c&rsquo;est quoi ? Alimentation et sant\u00e9 &#8211; <span style=\"color: #808080;\"><em>Patricia Paisant<\/em><\/span><strong><br \/>\n<\/strong><span style=\"color: #3366ff;\"><strong>12:00 <\/strong><\/span>L&rsquo;approche naturopatique et quantique de la sant\u00e9 &#8211; <span style=\"color: #808080;\"><em>Philippe Cleyet Merle<\/em><\/span><strong><br \/>\n<\/strong><span style=\"color: #f72a79;\"><strong>12:00 <\/strong><\/span>Les bienfaits du rire &#8211; <span style=\"color: #808080;\"><em>C\u00e9line Reveillard<\/em><\/span><strong><br \/>\n<\/strong><strong><span style=\"color: #3366ff;\">13:00<\/span> <\/strong>Min\u00e9raux : origines (g\u00e9ologie), vertus (gemmologie) et utilisations &#8211; <span style=\"color: #808080;\"><em>Jean-Claude Kennedec<\/em><\/span><strong><br \/>\n<\/strong><span style=\"color: #f72a79;\"><strong>13:00 <\/strong><\/span>Les bols tib\u00e9tains &#8211; <span style=\"color: #808080;\"><em>Alain M\u00e9traux <\/em><\/span><strong><br \/>\n<\/strong><span style=\"color: #008000;\"><strong>13:30 <\/strong><\/span>Les plantes sauvages au service de notre douleur et de notre sant\u00e9 &#8211; <span style=\"color: #808080;\"><em>Jean-Paul Clesse<\/em><\/span><strong><br \/>\n<\/strong><span style=\"color: #3366ff;\"><strong>14:00 <\/strong><\/span>Le merveilleux pouvoir de votre inconscient &#8211; <span style=\"color: #808080;\"><em>Lionel Agullo <\/em><\/span><strong><br \/>\n<\/strong><span style=\"color: #f72a79;\"><strong>14:00 <\/strong><\/span>Le v\u00e9ritable argent collo\u00efdal &#8211; <span style=\"color: #808080;\"><em>Morgane Le Borgne<\/em><\/span><strong><br \/>\n<\/strong><span style=\"color: #008000;\"><strong>14:30 <\/strong><\/span>Le r\u00f4le essentiel des actifs v\u00e9g\u00e9taux dans l&rsquo;\u00e9puration, le drainage et la revilatisation organique &#8211; <span style=\"color: #808080;\"><em>Luc Le Metayer-Landre<\/em><\/span><strong><br \/>\n<\/strong><span style=\"color: #3366ff;\"><strong>15:00 <\/strong><\/span>La respiration, un outil formidable pour g\u00e9rer le stress et les \u00e9motions &#8211; <em>Nathalie Cousin<\/em><strong><br \/>\n<\/strong><span style=\"color: #f72a79;\"><strong>15:00 <\/strong><\/span>Orgonites, protection ondes \u00e9lectromagn\u00e9tiques &#8211; <span style=\"color: #808080;\"><em>Thierry Hermann <\/em><\/span><strong><br \/>\n<\/strong><span style=\"color: #f72a79;\"><strong>16:00 <\/strong><\/span>Comment r\u00e9\u00e9duquer et pr\u00e9server sa vue gr\u00e2ce aux yoga des yeux &#8211; <span style=\"color: #808080;\"><em>Philippe Cleyet Merle<\/em><\/span><strong><br \/>\n<\/strong><span style=\"color: #3366ff;\"><strong>16:00 <\/strong><\/span>Am\u00e9liorer l&rsquo;intuition et la confiance en soi avec l&rsquo;aide des cristaux &#8211; <span style=\"color: #808080;\"><em>Wydiane Khaoua<\/em><\/span><strong><br \/>\n<\/strong><span style=\"color: #008000;\"><strong>17:00 <\/strong><\/span>Voyage dans l&rsquo;inconscient avec l&rsquo;hypnose &#8211; <span style=\"color: #808080;\"><em>Fr\u00e9d\u00e9ric Eloy <\/em><\/span><strong><br \/>\n<\/strong><span style=\"color: #3366ff;\"><strong>17:00<\/strong><\/span><strong>\u00a0<\/strong>D\u00e9codez le langage du corps par la M\u00e9decine chinoise et le Corps Positif \u2013 <span style=\"color: #808080;\"><em>Eglantine Goussiez-Soret <\/em><\/span><strong><br \/>\n<\/strong><span style=\"color: #f72a79;\"><strong>17:00 <\/strong><\/span>D\u00e9codage biologique maladie &#8211; <span style=\"color: #808080;\"><em>Sophie Favarel<br \/>\n<\/em><span style=\"color: #008000;\"><strong><span style=\"color: #3366ff;\">18:00<\/span> <\/strong><\/span><\/span>Le feng shui, un pr\u00e9alable \u00e0 toute r\u00e9novation ou construction\u00a0<span style=\"color: #808080;\"><em><span style=\"color: #333333;\">&#8211;<\/span> Fr\u00e9d\u00e9ric Eloy<\/em><\/span><\/p>\n","protected":false},"excerpt":{"rendered":"<p>Vendredi 1er mars 2019 11:00 Permaculture et Relations humaines\u00a0: Comprendre les besoins fondamentaux des plantes et des animaux pour nous comprendre nous-m\u00eames et comprendre nos interactions\u00a0&#8211;\u00a0Franck Nathi\u00e9 12:00 Min\u00e9raux : origines (g\u00e9ologie), vertus (gemmologie) et utilisations &#8211;\u00a0Jean-Claude Kennedec 12:00 Les couleurs au service de la sant\u00e9 &#8211;\u00a0Dominique Bourdin 13:00 La qualit\u00e9 alimentaire &#8211;\u00a0Michel Provost 13:00&hellip; <\/p>\n","protected":false},"author":1,"featured_media":0,"parent":0,"menu_order":0,"comment_status":"closed","ping_status":"closed","template":"","meta":{"_monsterinsights_skip_tracking":false,"_monsterinsights_sitenote_active":false,"_monsterinsights_sitenote_note":"","_monsterinsights_sitenote_category":0,"footnotes":""},"class_list":["post-6901","page","type-page","status-publish","hentry"],"yoast_head":"<!-- This site is optimized with the Yoast SEO plugin v27.3 - https:\/\/yoast.com\/product\/yoast-seo-wordpress\/ -->\n<title>Conf\u00e9rences 2019 - Z&amp;B Angers<\/title>\n<meta name=\"robots\" content=\"index, follow, max-snippet:-1, max-image-preview:large, max-video-preview:-1\" \/>\n<link rel=\"canonical\" href=\"http:\/\/www.salon-zenetbio.com\/angers\/conferences-2019\/\" \/>\n<meta property=\"og:locale\" content=\"fr_FR\" \/>\n<meta property=\"og:type\" content=\"article\" \/>\n<meta property=\"og:title\" content=\"Conf\u00e9rences 2019 - Z&amp;B Angers\" \/>\n<meta property=\"og:description\" content=\"Vendredi 1er mars 2019 11:00 Permaculture et Relations humaines\u00a0: Comprendre les besoins fondamentaux des plantes et des animaux pour nous comprendre nous-m\u00eames et comprendre nos interactions\u00a0&#8211;\u00a0Franck Nathi\u00e9 12:00 Min\u00e9raux : origines (g\u00e9ologie), vertus (gemmologie) et utilisations &#8211;\u00a0Jean-Claude Kennedec 12:00 Les couleurs au service de la sant\u00e9 &#8211;\u00a0Dominique Bourdin 13:00 La qualit\u00e9 alimentaire &#8211;\u00a0Michel Provost 13:00&hellip;\" \/>\n<meta property=\"og:url\" content=\"http:\/\/www.salon-zenetbio.com\/angers\/conferences-2019\/\" \/>\n<meta property=\"og:site_name\" content=\"Z&amp;B Angers\" \/>\n<meta name=\"twitter:card\" content=\"summary_large_image\" \/>\n<meta name=\"twitter:label1\" content=\"Dur\u00e9e de lecture estim\u00e9e\" \/>\n\t<meta name=\"twitter:data1\" content=\"4 minutes\" \/>\n<script type=\"application\/ld+json\" class=\"yoast-schema-graph\">{\"@context\":\"https:\\\/\\\/schema.org\",\"@graph\":[{\"@type\":\"WebPage\",\"@id\":\"http:\\\/\\\/www.salon-zenetbio.com\\\/angers\\\/conferences-2019\\\/\",\"url\":\"http:\\\/\\\/www.salon-zenetbio.com\\\/angers\\\/conferences-2019\\\/\",\"name\":\"Conf\u00e9rences 2019 - Z&amp;B Angers\",\"isPartOf\":{\"@id\":\"https:\\\/\\\/www.salon-zenetbio.com\\\/angers\\\/#website\"},\"datePublished\":\"2019-11-26T10:37:37+00:00\",\"breadcrumb\":{\"@id\":\"http:\\\/\\\/www.salon-zenetbio.com\\\/angers\\\/conferences-2019\\\/#breadcrumb\"},\"inLanguage\":\"fr-FR\",\"potentialAction\":[{\"@type\":\"ReadAction\",\"target\":[\"http:\\\/\\\/www.salon-zenetbio.com\\\/angers\\\/conferences-2019\\\/\"]}]},{\"@type\":\"BreadcrumbList\",\"@id\":\"http:\\\/\\\/www.salon-zenetbio.com\\\/angers\\\/conferences-2019\\\/#breadcrumb\",\"itemListElement\":[{\"@type\":\"ListItem\",\"position\":1,\"name\":\"Accueil\",\"item\":\"https:\\\/\\\/www.salon-zenetbio.com\\\/angers\\\/\"},{\"@type\":\"ListItem\",\"position\":2,\"name\":\"Conf\u00e9rences 2019\"}]},{\"@type\":\"WebSite\",\"@id\":\"https:\\\/\\\/www.salon-zenetbio.com\\\/angers\\\/#website\",\"url\":\"https:\\\/\\\/www.salon-zenetbio.com\\\/angers\\\/\",\"name\":\"Z&amp;B Angers\",\"description\":\"Zen&amp;Bio Angers : votre salon \u00e9colo, bio, bien-\u00eatre et habitat sain\",\"publisher\":{\"@id\":\"https:\\\/\\\/www.salon-zenetbio.com\\\/angers\\\/#organization\"},\"potentialAction\":[{\"@type\":\"SearchAction\",\"target\":{\"@type\":\"EntryPoint\",\"urlTemplate\":\"https:\\\/\\\/www.salon-zenetbio.com\\\/angers\\\/?s={search_term_string}\"},\"query-input\":{\"@type\":\"PropertyValueSpecification\",\"valueRequired\":true,\"valueName\":\"search_term_string\"}}],\"inLanguage\":\"fr-FR\"},{\"@type\":\"Organization\",\"@id\":\"https:\\\/\\\/www.salon-zenetbio.com\\\/angers\\\/#organization\",\"name\":\"Z&amp;B Angers\",\"url\":\"https:\\\/\\\/www.salon-zenetbio.com\\\/angers\\\/\",\"logo\":{\"@type\":\"ImageObject\",\"inLanguage\":\"fr-FR\",\"@id\":\"https:\\\/\\\/www.salon-zenetbio.com\\\/angers\\\/#\\\/schema\\\/logo\\\/image\\\/\",\"url\":\"http:\\\/\\\/www.salon-zenetbio.com\\\/angers\\\/wp-content\\\/uploads\\\/sites\\\/8\\\/2025\\\/11\\\/cropped-Logo-ZEN-et-BIO-angers-2026.png\",\"contentUrl\":\"http:\\\/\\\/www.salon-zenetbio.com\\\/angers\\\/wp-content\\\/uploads\\\/sites\\\/8\\\/2025\\\/11\\\/cropped-Logo-ZEN-et-BIO-angers-2026.png\",\"width\":921,\"height\":255,\"caption\":\"Z&amp;B Angers\"},\"image\":{\"@id\":\"https:\\\/\\\/www.salon-zenetbio.com\\\/angers\\\/#\\\/schema\\\/logo\\\/image\\\/\"}}]}<\/script>\n<!-- \/ Yoast SEO plugin. -->","yoast_head_json":{"title":"Conf\u00e9rences 2019 - Z&amp;B Angers","robots":{"index":"index","follow":"follow","max-snippet":"max-snippet:-1","max-image-preview":"max-image-preview:large","max-video-preview":"max-video-preview:-1"},"canonical":"http:\/\/www.salon-zenetbio.com\/angers\/conferences-2019\/","og_locale":"fr_FR","og_type":"article","og_title":"Conf\u00e9rences 2019 - Z&amp;B Angers","og_description":"Vendredi 1er mars 2019 11:00 Permaculture et Relations humaines\u00a0: Comprendre les besoins fondamentaux des plantes et des animaux pour nous comprendre nous-m\u00eames et comprendre nos interactions\u00a0&#8211;\u00a0Franck Nathi\u00e9 12:00 Min\u00e9raux : origines (g\u00e9ologie), vertus (gemmologie) et utilisations &#8211;\u00a0Jean-Claude Kennedec 12:00 Les couleurs au service de la sant\u00e9 &#8211;\u00a0Dominique Bourdin 13:00 La qualit\u00e9 alimentaire &#8211;\u00a0Michel Provost 13:00&hellip;","og_url":"http:\/\/www.salon-zenetbio.com\/angers\/conferences-2019\/","og_site_name":"Z&amp;B Angers","twitter_card":"summary_large_image","twitter_misc":{"Dur\u00e9e de lecture estim\u00e9e":"4 minutes"},"schema":{"@context":"https:\/\/schema.org","@graph":[{"@type":"WebPage","@id":"http:\/\/www.salon-zenetbio.com\/angers\/conferences-2019\/","url":"http:\/\/www.salon-zenetbio.com\/angers\/conferences-2019\/","name":"Conf\u00e9rences 2019 - Z&amp;B Angers","isPartOf":{"@id":"https:\/\/www.salon-zenetbio.com\/angers\/#website"},"datePublished":"2019-11-26T10:37:37+00:00","breadcrumb":{"@id":"http:\/\/www.salon-zenetbio.com\/angers\/conferences-2019\/#breadcrumb"},"inLanguage":"fr-FR","potentialAction":[{"@type":"ReadAction","target":["http:\/\/www.salon-zenetbio.com\/angers\/conferences-2019\/"]}]},{"@type":"BreadcrumbList","@id":"http:\/\/www.salon-zenetbio.com\/angers\/conferences-2019\/#breadcrumb","itemListElement":[{"@type":"ListItem","position":1,"name":"Accueil","item":"https:\/\/www.salon-zenetbio.com\/angers\/"},{"@type":"ListItem","position":2,"name":"Conf\u00e9rences 2019"}]},{"@type":"WebSite","@id":"https:\/\/www.salon-zenetbio.com\/angers\/#website","url":"https:\/\/www.salon-zenetbio.com\/angers\/","name":"Z&amp;B Angers","description":"Zen&amp;Bio Angers : votre salon \u00e9colo, bio, bien-\u00eatre et habitat sain","publisher":{"@id":"https:\/\/www.salon-zenetbio.com\/angers\/#organization"},"potentialAction":[{"@type":"SearchAction","target":{"@type":"EntryPoint","urlTemplate":"https:\/\/www.salon-zenetbio.com\/angers\/?s={search_term_string}"},"query-input":{"@type":"PropertyValueSpecification","valueRequired":true,"valueName":"search_term_string"}}],"inLanguage":"fr-FR"},{"@type":"Organization","@id":"https:\/\/www.salon-zenetbio.com\/angers\/#organization","name":"Z&amp;B Angers","url":"https:\/\/www.salon-zenetbio.com\/angers\/","logo":{"@type":"ImageObject","inLanguage":"fr-FR","@id":"https:\/\/www.salon-zenetbio.com\/angers\/#\/schema\/logo\/image\/","url":"http:\/\/www.salon-zenetbio.com\/angers\/wp-content\/uploads\/sites\/8\/2025\/11\/cropped-Logo-ZEN-et-BIO-angers-2026.png","contentUrl":"http:\/\/www.salon-zenetbio.com\/angers\/wp-content\/uploads\/sites\/8\/2025\/11\/cropped-Logo-ZEN-et-BIO-angers-2026.png","width":921,"height":255,"caption":"Z&amp;B Angers"},"image":{"@id":"https:\/\/www.salon-zenetbio.com\/angers\/#\/schema\/logo\/image\/"}}]}},"_links":{"self":[{"href":"http:\/\/www.salon-zenetbio.com\/angers\/wp-json\/wp\/v2\/pages\/6901","targetHints":{"allow":["GET"]}}],"collection":[{"href":"http:\/\/www.salon-zenetbio.com\/angers\/wp-json\/wp\/v2\/pages"}],"about":[{"href":"http:\/\/www.salon-zenetbio.com\/angers\/wp-json\/wp\/v2\/types\/page"}],"author":[{"embeddable":true,"href":"http:\/\/www.salon-zenetbio.com\/angers\/wp-json\/wp\/v2\/users\/1"}],"replies":[{"embeddable":true,"href":"http:\/\/www.salon-zenetbio.com\/angers\/wp-json\/wp\/v2\/comments?post=6901"}],"version-history":[{"count":0,"href":"http:\/\/www.salon-zenetbio.com\/angers\/wp-json\/wp\/v2\/pages\/6901\/revisions"}],"wp:attachment":[{"href":"http:\/\/www.salon-zenetbio.com\/angers\/wp-json\/wp\/v2\/media?parent=6901"}],"curies":[{"name":"wp","href":"https:\/\/api.w.org\/{rel}","templated":true}]}}