{"id":6904,"date":"2019-11-26T11:39:38","date_gmt":"2019-11-26T10:39:38","guid":{"rendered":"http:\/\/www.salon-zenetbio.com\/angers\/?page_id=6904"},"modified":"2019-11-26T11:39:38","modified_gmt":"2019-11-26T10:39:38","slug":"ateliers-bien-etre-2019","status":"publish","type":"page","link":"http:\/\/www.salon-zenetbio.com\/angers\/ateliers-bien-etre-2019\/","title":{"rendered":"Ateliers bien-\u00eatre 2019"},"content":{"rendered":"<h2>Vendredi 1er mars 2019<\/h2>\n<p><span style=\"color: #ff9900;\"><strong>11:00 <\/strong><\/span>Le Th\u00e8me de Cristal : quand les pierres nous aident \u00e0 r\u00e9v\u00e9ler notre identit\u00e9 &#8211;<strong>\u00a0<\/strong><span style=\"color: #808080;\"><em>Wydiane Khaoua<\/em><\/span><strong><br \/>\n<\/strong><span style=\"color: #ff9900;\"><strong>14:00 <\/strong><\/span>Perception et propri\u00e9t\u00e9s de l&rsquo;aura &#8211; <span style=\"color: #808080;\"><em>Dominique Bourdin<\/em><\/span><strong><br \/>\n<\/strong><span style=\"color: #ff9900;\"><strong>15:00 <\/strong><\/span>Ressenti des min\u00e9raux &#8211; <span style=\"color: #808080;\"><em>John Shemwell <\/em><\/span><strong><br \/>\n<\/strong><span style=\"color: #ff9900;\"><strong>16:00 <\/strong><\/span>Les sons gu\u00e9risseurs &#8211; <span style=\"color: #808080;\"><em>B\u00e9n\u00e9dicte Postic Lanceleur<\/em><\/span><strong><br \/>\n<\/strong><span style=\"color: #ff9900;\"><strong>17:00 <\/strong><\/span>A la d\u00e9couverte de Musicorps \u00a9 &#8211; <span style=\"color: #808080;\"><em>Emmanuelle Jaffrelot <\/em><\/span><\/p>\n<h2>Samedi 2 mars 2019<\/h2>\n<p><span style=\"color: #ff9900;\"><strong>11:00 <\/strong><\/span>Le Th\u00e8me de Cristal : quand les pierres nous aident \u00e0 r\u00e9v\u00e9ler notre identit\u00e9 &#8211;\u00a0<span style=\"color: #808080;\"><em>Wydiane Khaoua<\/em><\/span><strong><br \/>\n<\/strong><span style=\"color: #ff9900;\"><strong>12:00 <\/strong><\/span>Yoga du rire &#8211; <span style=\"color: #808080;\"><em>C\u00e9line Reveillard<\/em><\/span><strong><br \/>\n<\/strong><span style=\"color: #ff9900;\"><strong>13:00 <\/strong><\/span>Se r\u00e9g\u00e9n\u00e9rer avec la G\u00e9om\u00e9trie Sacr\u00e9e &#8211; <span style=\"color: #808080;\"><em>Gilbert Lavalliere<\/em><\/span><strong><br \/>\n<\/strong><span style=\"color: #ff9900;\"><strong>14:00 <\/strong><\/span>Comment r\u00e9\u00e9duquer et pr\u00e9server sa vue gr\u00e2ce aux yoga des yeux &#8211; <span style=\"color: #808080;\"><em>Philippe Cleyet Merle<\/em><\/span><strong><br \/>\n<\/strong><span style=\"color: #ff9900;\"><strong>15:00 <\/strong><\/span>Apprenez la gymnastique faciale et ses effets zen sur visage et corps &#8211; <span style=\"color: #808080;\"><em>Chantal Joye<\/em><\/span><strong><br \/>\n<\/strong><span style=\"color: #ff9900;\"><strong>16:00 <\/strong><\/span>Yoga du rire &#8211; <span style=\"color: #808080;\"><em>L\u00e9onie Bodin<\/em><\/span><strong><br \/>\n<\/strong><strong><span style=\"color: #ff9900;\">17:00<\/span>\u00a0<\/strong>A la d\u00e9couverte de Musicorps \u00a9 &#8211; <span style=\"color: #808080;\"><em>Emmanuelle Jaffrelot <\/em><\/span><\/p>\n<h2>Dimanche 3 mars 2019<\/h2>\n<p><span style=\"color: #ff9900;\"><strong>11:00 <\/strong><\/span>Le Th\u00e8me de Cristal : quand les pierres nous aident \u00e0 r\u00e9v\u00e9ler notre identit\u00e9 &#8211;<span style=\"color: #808080;\"><em>Wydiane Khaoua<\/em><\/span><strong><br \/>\n<\/strong><span style=\"color: #ff9900;\"><strong>12:00 <\/strong><\/span>Le yoga du son\u00a0: ses bienfaits &#8211; <span style=\"color: #808080;\"><em>B\u00e9n\u00e9dicte Postic Lanceleur<\/em><\/span><strong><br \/>\n<\/strong><strong><span style=\"color: #ff9900;\">13:00<\/span>\u00a0<\/strong>La restauration du milieu interne\u00a0:\u00a0l&rsquo;interaction des\u00a0plantes et des organismes animaux ou humains pour am\u00e9liorer la vie &#8211; <span style=\"color: #808080;\"><em>Michel Provost<\/em><\/span><strong><br \/>\n<\/strong><span style=\"color: #ff9900;\"><strong>14:00\u00a0<\/strong><\/span>Yoga du rire &#8211; <span style=\"color: #808080;\"><em>C\u00e9line Reveillard<\/em><\/span><strong><br \/>\n<\/strong><strong><span style=\"color: #ff9900;\">15:00<\/span>\u00a0<\/strong>Cours de massage\u00a0: cr\u00e9ez du bien-\u00eatre pour vos proches avec vos mains\u00a0! <span style=\"color: #808080;\"><em>Eglantine Goussiez-Soret<br \/>\n<\/em><strong><span style=\"color: #ff9900;\">16:00\u00a0<\/span><\/strong><\/span>Les respirations qui soignent <span style=\"color: #808080;\"><em>&#8211; Nathalie Cousin<\/em><\/span><strong><br \/>\n<\/strong><strong><span style=\"color: #ff9900;\">17:00<\/span> <\/strong>A la d\u00e9couverte de Musicorps \u00a9 &#8211; <span style=\"color: #808080;\"><em>Emmanuelle Jaffrelot<br \/>\n<\/em><\/span><strong><span style=\"color: #ff9900;\">18:00<\/span> <\/strong>Le printemps approche, faites le plein d&rsquo;\u00e9nergie avec la sophrologie &#8211; <span style=\"color: #808080;\"><em>Ang\u00e9lique Loizeau et Anne-Christine Dilhac<\/em><\/span><\/p>\n<p>&nbsp;<\/p>\n","protected":false},"excerpt":{"rendered":"<p>Vendredi 1er mars 2019 11:00 Le Th\u00e8me de Cristal : quand les pierres nous aident \u00e0 r\u00e9v\u00e9ler notre identit\u00e9 &#8211;\u00a0Wydiane Khaoua 14:00 Perception et propri\u00e9t\u00e9s de l&rsquo;aura &#8211; Dominique Bourdin 15:00 Ressenti des min\u00e9raux &#8211; John Shemwell 16:00 Les sons gu\u00e9risseurs &#8211; B\u00e9n\u00e9dicte Postic Lanceleur 17:00 A la d\u00e9couverte de Musicorps \u00a9 &#8211; Emmanuelle Jaffrelot&hellip; <\/p>\n","protected":false},"author":1,"featured_media":0,"parent":0,"menu_order":0,"comment_status":"closed","ping_status":"closed","template":"","meta":{"_monsterinsights_skip_tracking":false,"_monsterinsights_sitenote_active":false,"_monsterinsights_sitenote_note":"","_monsterinsights_sitenote_category":0,"footnotes":""},"class_list":["post-6904","page","type-page","status-publish","hentry"],"yoast_head":"<!-- This site is optimized with the Yoast SEO plugin v27.5 - https:\/\/yoast.com\/product\/yoast-seo-wordpress\/ -->\n<title>Ateliers bien-\u00eatre 2019 - Z&amp;B Angers<\/title>\n<meta name=\"robots\" content=\"index, follow, max-snippet:-1, max-image-preview:large, max-video-preview:-1\" \/>\n<link rel=\"canonical\" href=\"https:\/\/www.salon-zenetbio.com\/angers\/ateliers-bien-etre-2019\/\" \/>\n<meta property=\"og:locale\" content=\"fr_FR\" \/>\n<meta property=\"og:type\" content=\"article\" \/>\n<meta property=\"og:title\" content=\"Ateliers bien-\u00eatre 2019 - Z&amp;B Angers\" \/>\n<meta property=\"og:description\" content=\"Vendredi 1er mars 2019 11:00 Le Th\u00e8me de Cristal : quand les pierres nous aident \u00e0 r\u00e9v\u00e9ler notre identit\u00e9 &#8211;\u00a0Wydiane Khaoua 14:00 Perception et propri\u00e9t\u00e9s de l&rsquo;aura &#8211; Dominique Bourdin 15:00 Ressenti des min\u00e9raux &#8211; John Shemwell 16:00 Les sons gu\u00e9risseurs &#8211; B\u00e9n\u00e9dicte Postic Lanceleur 17:00 A la d\u00e9couverte de Musicorps \u00a9 &#8211; Emmanuelle Jaffrelot&hellip;\" \/>\n<meta property=\"og:url\" content=\"https:\/\/www.salon-zenetbio.com\/angers\/ateliers-bien-etre-2019\/\" \/>\n<meta property=\"og:site_name\" content=\"Z&amp;B Angers\" \/>\n<meta name=\"twitter:card\" content=\"summary_large_image\" \/>\n<meta name=\"twitter:label1\" content=\"Dur\u00e9e de lecture estim\u00e9e\" \/>\n\t<meta name=\"twitter:data1\" content=\"1 minute\" \/>\n<script type=\"application\/ld+json\" class=\"yoast-schema-graph\">{\"@context\":\"https:\\\/\\\/schema.org\",\"@graph\":[{\"@type\":\"WebPage\",\"@id\":\"https:\\\/\\\/www.salon-zenetbio.com\\\/angers\\\/ateliers-bien-etre-2019\\\/\",\"url\":\"https:\\\/\\\/www.salon-zenetbio.com\\\/angers\\\/ateliers-bien-etre-2019\\\/\",\"name\":\"Ateliers bien-\u00eatre 2019 - Z&amp;B Angers\",\"isPartOf\":{\"@id\":\"https:\\\/\\\/www.salon-zenetbio.com\\\/angers\\\/#website\"},\"datePublished\":\"2019-11-26T10:39:38+00:00\",\"breadcrumb\":{\"@id\":\"https:\\\/\\\/www.salon-zenetbio.com\\\/angers\\\/ateliers-bien-etre-2019\\\/#breadcrumb\"},\"inLanguage\":\"fr-FR\",\"potentialAction\":[{\"@type\":\"ReadAction\",\"target\":[\"https:\\\/\\\/www.salon-zenetbio.com\\\/angers\\\/ateliers-bien-etre-2019\\\/\"]}]},{\"@type\":\"BreadcrumbList\",\"@id\":\"https:\\\/\\\/www.salon-zenetbio.com\\\/angers\\\/ateliers-bien-etre-2019\\\/#breadcrumb\",\"itemListElement\":[{\"@type\":\"ListItem\",\"position\":1,\"name\":\"Accueil\",\"item\":\"https:\\\/\\\/www.salon-zenetbio.com\\\/angers\\\/\"},{\"@type\":\"ListItem\",\"position\":2,\"name\":\"Ateliers bien-\u00eatre 2019\"}]},{\"@type\":\"WebSite\",\"@id\":\"https:\\\/\\\/www.salon-zenetbio.com\\\/angers\\\/#website\",\"url\":\"https:\\\/\\\/www.salon-zenetbio.com\\\/angers\\\/\",\"name\":\"Z&amp;B Angers\",\"description\":\"Zen&amp;Bio Angers : votre salon \u00e9colo, bio, bien-\u00eatre et habitat sain\",\"publisher\":{\"@id\":\"https:\\\/\\\/www.salon-zenetbio.com\\\/angers\\\/#organization\"},\"potentialAction\":[{\"@type\":\"SearchAction\",\"target\":{\"@type\":\"EntryPoint\",\"urlTemplate\":\"https:\\\/\\\/www.salon-zenetbio.com\\\/angers\\\/?s={search_term_string}\"},\"query-input\":{\"@type\":\"PropertyValueSpecification\",\"valueRequired\":true,\"valueName\":\"search_term_string\"}}],\"inLanguage\":\"fr-FR\"},{\"@type\":\"Organization\",\"@id\":\"https:\\\/\\\/www.salon-zenetbio.com\\\/angers\\\/#organization\",\"name\":\"Z&amp;B Angers\",\"url\":\"https:\\\/\\\/www.salon-zenetbio.com\\\/angers\\\/\",\"logo\":{\"@type\":\"ImageObject\",\"inLanguage\":\"fr-FR\",\"@id\":\"https:\\\/\\\/www.salon-zenetbio.com\\\/angers\\\/#\\\/schema\\\/logo\\\/image\\\/\",\"url\":\"http:\\\/\\\/www.salon-zenetbio.com\\\/angers\\\/wp-content\\\/uploads\\\/sites\\\/8\\\/2025\\\/11\\\/cropped-Logo-ZEN-et-BIO-angers-2026.png\",\"contentUrl\":\"http:\\\/\\\/www.salon-zenetbio.com\\\/angers\\\/wp-content\\\/uploads\\\/sites\\\/8\\\/2025\\\/11\\\/cropped-Logo-ZEN-et-BIO-angers-2026.png\",\"width\":921,\"height\":255,\"caption\":\"Z&amp;B Angers\"},\"image\":{\"@id\":\"https:\\\/\\\/www.salon-zenetbio.com\\\/angers\\\/#\\\/schema\\\/logo\\\/image\\\/\"}}]}<\/script>\n<!-- \/ Yoast SEO plugin. -->","yoast_head_json":{"title":"Ateliers bien-\u00eatre 2019 - Z&amp;B Angers","robots":{"index":"index","follow":"follow","max-snippet":"max-snippet:-1","max-image-preview":"max-image-preview:large","max-video-preview":"max-video-preview:-1"},"canonical":"https:\/\/www.salon-zenetbio.com\/angers\/ateliers-bien-etre-2019\/","og_locale":"fr_FR","og_type":"article","og_title":"Ateliers bien-\u00eatre 2019 - Z&amp;B Angers","og_description":"Vendredi 1er mars 2019 11:00 Le Th\u00e8me de Cristal : quand les pierres nous aident \u00e0 r\u00e9v\u00e9ler notre identit\u00e9 &#8211;\u00a0Wydiane Khaoua 14:00 Perception et propri\u00e9t\u00e9s de l&rsquo;aura &#8211; Dominique Bourdin 15:00 Ressenti des min\u00e9raux &#8211; John Shemwell 16:00 Les sons gu\u00e9risseurs &#8211; B\u00e9n\u00e9dicte Postic Lanceleur 17:00 A la d\u00e9couverte de Musicorps \u00a9 &#8211; Emmanuelle Jaffrelot&hellip;","og_url":"https:\/\/www.salon-zenetbio.com\/angers\/ateliers-bien-etre-2019\/","og_site_name":"Z&amp;B Angers","twitter_card":"summary_large_image","twitter_misc":{"Dur\u00e9e de lecture estim\u00e9e":"1 minute"},"schema":{"@context":"https:\/\/schema.org","@graph":[{"@type":"WebPage","@id":"https:\/\/www.salon-zenetbio.com\/angers\/ateliers-bien-etre-2019\/","url":"https:\/\/www.salon-zenetbio.com\/angers\/ateliers-bien-etre-2019\/","name":"Ateliers bien-\u00eatre 2019 - Z&amp;B Angers","isPartOf":{"@id":"https:\/\/www.salon-zenetbio.com\/angers\/#website"},"datePublished":"2019-11-26T10:39:38+00:00","breadcrumb":{"@id":"https:\/\/www.salon-zenetbio.com\/angers\/ateliers-bien-etre-2019\/#breadcrumb"},"inLanguage":"fr-FR","potentialAction":[{"@type":"ReadAction","target":["https:\/\/www.salon-zenetbio.com\/angers\/ateliers-bien-etre-2019\/"]}]},{"@type":"BreadcrumbList","@id":"https:\/\/www.salon-zenetbio.com\/angers\/ateliers-bien-etre-2019\/#breadcrumb","itemListElement":[{"@type":"ListItem","position":1,"name":"Accueil","item":"https:\/\/www.salon-zenetbio.com\/angers\/"},{"@type":"ListItem","position":2,"name":"Ateliers bien-\u00eatre 2019"}]},{"@type":"WebSite","@id":"https:\/\/www.salon-zenetbio.com\/angers\/#website","url":"https:\/\/www.salon-zenetbio.com\/angers\/","name":"Z&amp;B Angers","description":"Zen&amp;Bio Angers : votre salon \u00e9colo, bio, bien-\u00eatre et habitat sain","publisher":{"@id":"https:\/\/www.salon-zenetbio.com\/angers\/#organization"},"potentialAction":[{"@type":"SearchAction","target":{"@type":"EntryPoint","urlTemplate":"https:\/\/www.salon-zenetbio.com\/angers\/?s={search_term_string}"},"query-input":{"@type":"PropertyValueSpecification","valueRequired":true,"valueName":"search_term_string"}}],"inLanguage":"fr-FR"},{"@type":"Organization","@id":"https:\/\/www.salon-zenetbio.com\/angers\/#organization","name":"Z&amp;B Angers","url":"https:\/\/www.salon-zenetbio.com\/angers\/","logo":{"@type":"ImageObject","inLanguage":"fr-FR","@id":"https:\/\/www.salon-zenetbio.com\/angers\/#\/schema\/logo\/image\/","url":"http:\/\/www.salon-zenetbio.com\/angers\/wp-content\/uploads\/sites\/8\/2025\/11\/cropped-Logo-ZEN-et-BIO-angers-2026.png","contentUrl":"http:\/\/www.salon-zenetbio.com\/angers\/wp-content\/uploads\/sites\/8\/2025\/11\/cropped-Logo-ZEN-et-BIO-angers-2026.png","width":921,"height":255,"caption":"Z&amp;B Angers"},"image":{"@id":"https:\/\/www.salon-zenetbio.com\/angers\/#\/schema\/logo\/image\/"}}]}},"_links":{"self":[{"href":"http:\/\/www.salon-zenetbio.com\/angers\/wp-json\/wp\/v2\/pages\/6904","targetHints":{"allow":["GET"]}}],"collection":[{"href":"http:\/\/www.salon-zenetbio.com\/angers\/wp-json\/wp\/v2\/pages"}],"about":[{"href":"http:\/\/www.salon-zenetbio.com\/angers\/wp-json\/wp\/v2\/types\/page"}],"author":[{"embeddable":true,"href":"http:\/\/www.salon-zenetbio.com\/angers\/wp-json\/wp\/v2\/users\/1"}],"replies":[{"embeddable":true,"href":"http:\/\/www.salon-zenetbio.com\/angers\/wp-json\/wp\/v2\/comments?post=6904"}],"version-history":[{"count":0,"href":"http:\/\/www.salon-zenetbio.com\/angers\/wp-json\/wp\/v2\/pages\/6904\/revisions"}],"wp:attachment":[{"href":"http:\/\/www.salon-zenetbio.com\/angers\/wp-json\/wp\/v2\/media?parent=6904"}],"curies":[{"name":"wp","href":"https:\/\/api.w.org\/{rel}","templated":true}]}}