{"id":7876,"date":"2020-10-30T11:44:10","date_gmt":"2020-10-30T10:44:10","guid":{"rendered":"http:\/\/www.salon-zenetbio.com\/angers\/?page_id=7876"},"modified":"2020-10-30T11:44:10","modified_gmt":"2020-10-30T10:44:10","slug":"conferences-2020","status":"publish","type":"page","link":"http:\/\/www.salon-zenetbio.com\/angers\/conferences-2020\/","title":{"rendered":"Conf\u00e9rences 2020"},"content":{"rendered":"<p style=\"text-align: justify;\">Des conf\u00e9rences sont organis\u00e9es pour permettre au public de d\u00e9couvrir et mieux comprendre les m\u00e9thodes et les produits pr\u00e9sent\u00e9s sur le salon.<\/p>\n<p style=\"text-align: justify;\">Les conf\u00e9rences se tiennent dans les salles suivantes :<br \/>\n<span style=\"color: #55a932;\"><strong>Salle GRANDS DUCS<\/strong><\/span><br \/>\n<span style=\"color: #00a6e2;\"><strong>Salle SAINT AUBIN<\/strong><\/span><br \/>\n<span style=\"color: #f56f0b;\"><strong>Salle MAINE<\/strong><\/span><\/p>\n<h2><strong>VENDREDI 28 F\u00c9VRIER 2020<\/strong><\/h2>\n<p class=\"p1\"><span style=\"color: #00a6e2;\"><strong><span class=\"s1\">10:50 <\/span><\/strong><\/span>G\u00e9obiologie scientifique et ondes \u00e9lectromagn\u00e9tiques &#8211; <span style=\"color: #999999;\"><em>David Averty<\/em><\/span><br \/>\n<span style=\"color: #f56f0b;\"><strong><span class=\"s2\">10:50 <\/span><\/strong><\/span>Comment agir contre les tensions musculaires de la t\u00eate, de la nuque et du dos<span class=\"Apple-converted-space\"> &#8211; <\/span><span style=\"color: #999999;\"><em>Alfred Pfennig<\/em><\/span><br \/>\n<span style=\"color: #55a932;\"><strong>11:00<\/strong><\/span> Le yoga des yeux : comment r\u00e9\u00e9duquer et pr\u00e9server sa vue gr\u00e2ce \u00e0 l&rsquo;approche holistique de la vision &#8211;<span style=\"color: #999999;\"><em> Philippe Cleyet Merle<\/em><\/span><br \/>\n<strong><span class=\"s1\" style=\"color: #00a6e2;\">11:50 <\/span><\/strong>Cr\u00e9er l&rsquo;eau. La source personnelle<span class=\"Apple-converted-space\"> &#8211; <\/span><span style=\"color: #999999;\"><em>Michel Provost<\/em><\/span><br \/>\n<span style=\"color: #f56f0b;\"><strong><span class=\"s2\">11:50 <\/span><\/strong><\/span>Le Feng Shui : Favoriser l&rsquo;\u00e9quilibre et l&rsquo;harmonie de votre vie<span class=\"Apple-converted-space\"> &#8211; <\/span><span style=\"color: #999999;\"><em>Jo\u00eblle Fernandez<\/em><\/span><br \/>\n<span style=\"color: #00a6e2;\"><strong><span class=\"s1\">12:50 <\/span><\/strong><\/span>Hypnoseloy et r\u00e9gressive : un inconscient incroyable<span class=\"Apple-converted-space\"> &#8211; <\/span><span style=\"color: #999999;\"><em>Fr\u00e9d\u00e9ric Eloy<\/em><\/span><br \/>\n<span style=\"color: #f56f0b;\"><strong><span class=\"s2\">12:50 <\/span><\/strong><\/span>Les min\u00e9raux : origines &#8211; vertus &#8211; utilisations<span class=\"Apple-converted-space\"> &#8211; <\/span><span style=\"color: #999999;\"><em>Jean-Claude Kennedec<\/em><\/span><br \/>\n<span style=\"color: #55a932;\"><strong><span class=\"s3\">13:30 <\/span><\/strong><\/span>Intestin et microbiote au centre de la sant\u00e9 &#8211; <span style=\"color: #999999;\"><em>Patricia Paisant<\/em><\/span><br \/>\n<span style=\"color: #00a6e2;\"><strong><span class=\"s1\">13:50 <\/span><\/strong><\/span>R\u00e9ussir ses projets avec la Num\u00e9rologie Cr\u00e9ative\u00ae<span class=\"Apple-converted-space\"> &#8211; <\/span><span style=\"color: #999999;\"><em>Laurence Thievin<\/em><\/span><br \/>\n<del><span style=\"color: #f56f0b;\"><strong><span class=\"s2\">13:50 <\/span><\/strong><\/span>Le th\u00e8me de cristal : notre carte d&rsquo;identit\u00e9 min\u00e9rale<span class=\"Apple-converted-space\"> &#8211;\u00a0<\/span><span style=\"color: #999999;\"><em>Wydiane Khaoua<\/em><\/span><\/del><br \/>\n<span style=\"color: #55a932;\"><strong>14:30<\/strong><\/span> L&rsquo;incoh\u00e9rence nutritionnelle et les fl\u00e9aux alimentaires \u00e0 la base de la d\u00e9g\u00e9n\u00e9rescence cellulaire : explications et solutions &#8211; <span style=\"color: #999999;\"><em>Dr. Luc Le Metayer-Landr\u00e9<\/em><\/span><br \/>\n<span style=\"color: #00a6e2;\"><strong><span class=\"s1\">14:50 <\/span><\/strong><\/span>Le yoga des yeux : une approche holistique de la vision<span class=\"Apple-converted-space\"> &#8211;\u00a0<\/span><span style=\"color: #999999;\"><em>Philippe Cleyet Merle<\/em><\/span><br \/>\n<span style=\"color: #f56f0b;\"><strong><span class=\"s2\">14:50 <\/span><\/strong><\/span>Orgonites, protection des ondes \u00e9lectromagn\u00e9tiques et g\u00e9obiologie<span class=\"Apple-converted-space\"> &#8211;\u00a0<\/span><span style=\"color: #999999;\"><em>Thierry Hermann<\/em><\/span><br \/>\n<span style=\"color: #00a6e2;\"><strong><span class=\"s1\">15:50 <\/span><\/strong><\/span>Le merveilleux pouvoir de votre inconscient<span class=\"Apple-converted-space\"> &#8211;\u00a0<\/span><span style=\"color: #999999;\"><em>Lionel Agullo<\/em><\/span><br \/>\n<span style=\"color: #f56f0b;\"><strong><span class=\"s2\">15:50 <\/span><\/strong><\/span>Les bols de cristal et les diff\u00e9rents outils cristal<span class=\"Apple-converted-space\"> &#8211;\u00a0<\/span><span style=\"color: #999999;\"><em>Alain M\u00e9traux<\/em><\/span><br \/>\n<span style=\"color: #00a6e2;\"><strong>16:50<\/strong><\/span> Incroyable pouvoir de l&rsquo;acupuncture ! Quelle acupuncture pour am\u00e9liorer la sant\u00e9 au quotidien ? <span style=\"color: #999999;\"><em>Lee &amp; Chang<\/em><\/span><br \/>\n<span style=\"color: #f56f0b;\"><strong><span class=\"s2\">16:50 <\/span><\/strong><\/span>Hypnoseloy et r\u00e9gressive : un inconscient incroyable<span class=\"Apple-converted-space\"> &#8211;\u00a0<\/span><span style=\"color: #999999;\"><em>Fr\u00e9d\u00e9ric Eloy<\/em><\/span><br \/>\n<span style=\"color: #55a932;\"><strong><span class=\"s3\">17:00 <\/span><\/strong><\/span>Transformer la souffrance par la voie de l&rsquo;int\u00e9riorit\u00e9<span class=\"Apple-converted-space\"> &#8211;\u00a0<\/span><span style=\"color: #999999;\"><em>Eglantine Goussiez-Soret<\/em><\/span><br \/>\n<span class=\"s1\" style=\"color: #00a6e2;\"><strong>17:50<\/strong> <\/span>La G\u00e9obilogie : la sant\u00e9 par l&rsquo;habitat<span class=\"Apple-converted-space\"> &#8211;\u00a0<\/span><span style=\"color: #999999;\"><em>Roland Fernandez<\/em><\/span><br \/>\n<span style=\"color: #f56f0b;\"><strong>17:50<\/strong><\/span> Technique Neuro-Cutann\u00e9e : comment d\u00e9nouer douleurs , tensions, blocages et ressentir un grand bien-\u00eatre &#8211; <span style=\"color: #999999;\"><em>Ga\u00ebtan Barr\u00e9 &amp; Isabelle Le Roy<br \/>\n<\/em><\/span><span style=\"color: #55a932;\"><strong><span class=\"s3\">18:00 <\/span><\/strong><\/span>Communication animale : qu&rsquo;est ce que c&rsquo;est ? <span style=\"color: #999999;\"><em>Corinne Brisset<\/em><\/span><\/p>\n<h2><strong>SAMEDI 29 F\u00c9VRIER 2020<\/strong><\/h2>\n<p class=\"p1\"><span style=\"color: #00a6e2;\"><strong><span class=\"s1\">10:50 <\/span><\/strong><\/span>Comment je\u00fbner pour optimiser sa sant\u00e9<span class=\"Apple-converted-space\"> &#8211;\u00a0<\/span><span style=\"color: #999999;\"><em>Alexandre Tonnelier<\/em><\/span><br \/>\n<span style=\"color: #55a932;\"><strong><span class=\"s2\">11:00 <\/span><\/strong><\/span>Les micro-algues : leurs bienfaits pour la sant\u00e9<span class=\"Apple-converted-space\"> &#8211;\u00a0<\/span><span style=\"color: #999999;\"><em>Morgan Cabigliera<\/em><\/span><br \/>\n<span style=\"color: #00a6e2;\"><strong><span class=\"s1\">11:50 <\/span><\/strong><\/span>Axe cerveau-intestin au centre de nos \u00e9motions et de la douleur<span class=\"Apple-converted-space\"> &#8211;\u00a0<\/span><span style=\"color: #999999;\"><em>Patricia Paisant<\/em><\/span><br \/>\n<span style=\"color: #f56f0b;\"><strong><span class=\"s3\">11:50 <\/span><\/strong><\/span><del>Le th\u00e8me de cristal : notre carte d&rsquo;identit\u00e9 min\u00e9rale<span class=\"Apple-converted-space\"> &#8211;\u00a0<\/span><span style=\"color: #999999;\"><em>Wydiane Khaoua<\/em><\/span><\/del> <em><strong>\/\/ annul\u00e9 et remplac\u00e9 par<\/strong> : <\/em>Les m\u00e9taux lourds : origines, incidences, mesures et solutions &#8211; <span style=\"color: #999999;\"><em>Armand Bensemhoun<\/em><\/span><br \/>\n<span style=\"color: #00a6e2;\"><strong><span class=\"s1\">12:50 <\/span><\/strong><\/span>Orgonites, protection des ondes \u00e9lectromagn\u00e9tiques et g\u00e9obiologie<span class=\"Apple-converted-space\"> &#8211;\u00a0<\/span><span style=\"color: #999999;\"><em>Thierry Hermann<\/em><\/span><br \/>\n<span style=\"color: #f56f0b;\"><strong><span class=\"s1\">12:50 <\/span><\/strong><\/span>Le merveilleux pouvoir de votre inconscient &#8211; <span style=\"color: #999999;\"><em>Lionel Agullo<\/em><\/span><br \/>\n<span style=\"color: #55a932;\"><strong>13:30<\/strong><\/span> Les algues marines s\u00e9ch\u00e9es, ces aliments complets, \u00e9purateurs, vibratoires et essentiels pour notre sant\u00e9 &#8211;<span style=\"color: #999999;\"><em> Dr. Luc Le Metayer-Landr\u00e9<\/em><\/span><br \/>\n<span style=\"color: #00a6e2;\"><strong><span class=\"s2\">13:50 <\/span><\/strong><\/span>R\u00eave Lucide et Voyage Astral &#8211; <span style=\"color: #999999;\"><em>Hadassah<\/em><\/span><br \/>\n<span style=\"color: #f56f0b;\"><strong><span class=\"s1\">13:50 <\/span><\/strong><\/span>L&rsquo;approche naturopathique et holistique de la sant\u00e9 &#8211; <span style=\"color: #999999;\"><em>Philippe Cleyet Merle<\/em><\/span><br \/>\n<span style=\"color: #55a932;\"><strong><span class=\"s3\">14:30 <\/span><\/strong><\/span>L&rsquo;\u00e9nergie, cl\u00e9 de notre sant\u00e9 &#8211;<span style=\"color: #999999;\"><em> L\u00e9onie Bodin<\/em><\/span><br \/>\n<span style=\"color: #00a6e2;\"><strong><span class=\"s2\">14:50 <\/span><\/strong><\/span>Les \u00e9nergies Arc en Ciel de 5\u00e8me dimension &#8211; <span style=\"color: #999999;\"><em>Carole Priol<\/em><\/span><br \/>\n<span style=\"color: #f56f0b;\"><strong><span class=\"s1\">14:50 <\/span><\/strong><\/span>Les gongs &#8211; <span style=\"color: #999999;\"><em>Alain M\u00e9traux<\/em><\/span><br \/>\n<span style=\"color: #00a6e2;\"><strong><span class=\"s2\">15:50 <\/span><\/strong><\/span>Le Souffle et La vie &#8211; <span style=\"color: #999999;\"><em>Pascal Gontier<\/em><\/span><br \/>\n<span style=\"color: #f56f0b;\"><strong><span class=\"s1\">15:50 <\/span><\/strong><\/span>Hypnoseloy et r\u00e9gressive : un inconscient incroyable &#8211; <span style=\"color: #999999;\"><em>Fr\u00e9d\u00e9ric Eloy<\/em><\/span><br \/>\n<span style=\"color: #00a6e2;\"><strong><span class=\"s2\">16:50 <\/span><\/strong><\/span>Les plantes sauvages au service de notre douleur et de notre sant\u00e9 &#8211; <span style=\"color: #999999;\"><em>Jean-Pol Clesse<\/em><\/span><br \/>\n<span style=\"color: #f56f0b;\"><strong><span class=\"s1\">16:50 <\/span><\/strong><\/span>Votre corps parle ? Comprenez ce qu&rsquo;il a \u00e0 vous enseigner &#8211; <span style=\"color: #999999;\"><em>Eglantine Goussiez- Soret<\/em><\/span><br \/>\n<span style=\"color: #55a932;\"><strong><span class=\"s3\">17:00 <\/span><\/strong><\/span>Comment agir contre les tensions musculaires de la t\u00eate, de la nuque et du dos &#8211; <span style=\"color: #999999;\"><em>Alfred Pfennig<\/em><\/span><br \/>\n<span style=\"color: #00a6e2;\"><strong><span class=\"s2\">17:50 <\/span><\/strong><\/span>La G\u00e9obiologie : la sant\u00e9 par l&rsquo;habitat &#8211; <em><span style=\"color: #999999;\">Roland Fernandez<\/span><\/em><br \/>\n<span style=\"color: #f56f0b;\"><strong><span class=\"s1\">17:50 <\/span><\/strong><\/span>La Num\u00e9rologie Cr\u00e9ative\u00ae pour accompagner les transitions de vie &#8211; <span style=\"color: #999999;\"><em>Laurence Thievin<br \/>\n<\/em><\/span><span style=\"color: #55a932;\"><strong><span class=\"s3\">18:00 <\/span><\/strong><\/span>Se lib\u00e9rer avec l&rsquo;Epikinergy &#8211; <span style=\"color: #999999;\"><em>Fabrice Thier\u00e9<\/em><\/span><\/p>\n<h2><strong>DIMANCHE 1ER MARS 2020<\/strong><\/h2>\n<p class=\"p1\"><span style=\"color: #00a6e2;\"><strong><span class=\"s1\">10:50 <\/span><\/strong><\/span>Th\u00e9rapie manuelle M\u00e9thode Demelt &#8211; Quand notre corps nous parle &#8211; <span style=\"color: #999999;\"><em>David Garcia<\/em><\/span><br \/>\n<span style=\"color: #f56f0b;\"><strong><span class=\"s2\">10:50 <\/span><\/strong><\/span>Equilibre acide-base et d\u00e9tox. Quelles r\u00e9formes alimentaires ? <span style=\"color: #999999;\"><em>Patricia Paisant<\/em><\/span><br \/>\n<span style=\"color: #55a932;\"><strong><span class=\"s3\">11:00 <\/span><\/strong><\/span>Les 5 piliers de la psychologie positive &#8211; <span style=\"color: #999999;\"><em>Charlotte Goislot<\/em><\/span><br \/>\n<span style=\"color: #00a6e2;\"><strong><span class=\"s1\">11:50 <\/span><\/strong><\/span>Le merveilleux pouvoir de votre inconscient &#8211;<span style=\"color: #999999;\"><em> Lionel Agullo<\/em><\/span><br \/>\n<span style=\"color: #f56f0b;\"><strong><span class=\"s2\">11:50 <\/span><\/strong><\/span>Le burn out : le comprendre, le pr\u00e9venir, rebondir &#8211; <span style=\"color: #999999;\"><em>Astrid Le Fur<\/em><\/span><br \/>\n<span style=\"color: #00a6e2;\"><strong><span class=\"s1\">12:50 <\/span><\/strong><\/span><del>Le th\u00e8me de cristal : notre carte d&rsquo;identit\u00e9 min\u00e9rale &#8211; <span style=\"color: #999999;\"><em>Wydiane Khaoua<\/em><\/span><\/del> <em><strong>\/\/ annul\u00e9 et remplac\u00e9 par <\/strong><\/em>Ayurv\u00e9da et Yoga &#8211;<span style=\"color: #999999;\"><em> Catherine Brau<\/em><\/span><br \/>\n<span class=\"s2\" style=\"color: #f56f0b;\"><strong>12:50<\/strong> <\/span>Orgonites, protection des ondes \u00e9lectromagn\u00e9tiques et g\u00e9obiologie &#8211; <span style=\"color: #999999;\"><em>Thierry Hermann<\/em><\/span><br \/>\n<span style=\"color: #55a932;\"><strong>13:30<\/strong><\/span> Que manger pour rester en bonne sant\u00e9, et surtout en coh\u00e9rence avec notre physio-anatomie &#8211; <span style=\"color: #999999;\"><em>Dr. Luc Le Metayer-Landr\u00e9<\/em><\/span><br \/>\n<span style=\"color: #00a6e2;\"><strong><span class=\"s1\">13:50 <\/span><\/strong><\/span>Les bols tib\u00e9tains &#8211; <span style=\"color: #999999;\"><em>Alain M\u00e9traux<\/em><\/span><br \/>\n<span style=\"color: #f56f0b;\"><strong><span class=\"s2\">13:50 <\/span><\/strong><\/span>Hypnose r\u00e9gressive : un inconscient incroyable &#8211; <span style=\"color: #999999;\"><em>Fr\u00e9d\u00e9ric Eloy<\/em><\/span><br \/>\n<span style=\"color: #55a932;\"><strong><span class=\"s3\">14:30 <\/span><\/strong><\/span>Coh\u00e9rence cardiaque : l&rsquo;arme anti-stress &#8211; <span style=\"color: #999999;\"><em>Nathalie Cousin<\/em><\/span><br \/>\n<span style=\"color: #00a6e2;\"><strong><span class=\"s1\">14:50 <\/span><\/strong><\/span>L&rsquo;approche naturopathique et holistique de la sant\u00e9 &#8211; <span style=\"color: #999999;\"><em>Philippe Cleyet Merle<\/em><\/span><br \/>\n<span style=\"color: #f56f0b;\"><strong><span class=\"s2\">14:50 <\/span><\/strong><\/span>D\u00e9couvrez les pouvoirs anti-\u00e2ge de la lumi\u00e8re rouge &#8211; <span style=\"color: #999999;\"><em>Chantal Joye<\/em><\/span><br \/>\n<span style=\"color: #00a6e2;\"><strong><span class=\"s1\">15:50 <\/span><\/strong><\/span>Comment utiliser le Beurre de karit\u00e9 Gastronomique &#8211; <span style=\"color: #999999;\"><em>Z\u00e9na Barry Sapin &amp; Franck Sapin<\/em><\/span><br \/>\n<span style=\"color: #f56f0b;\"><strong><span class=\"s2\">15:50 <\/span><\/strong><\/span>Comment agir contre les tensions musculaires de la t\u00eate, de la nuque et du dos &#8211; <span style=\"color: #999999;\"><em>Alfred Pfennig<\/em><\/span><br \/>\n<span style=\"color: #00a6e2;\"><strong><span class=\"s1\">16:50 <\/span><\/strong><\/span>Les m\u00e9taux lourds : origines, incidences, mesures et solutions &#8211; <span style=\"color: #999999;\"><em>Armand Bensemhoun<\/em><\/span><br \/>\n<span class=\"s2\" style=\"color: #f56f0b;\"><strong>16:50<\/strong> <\/span>Les 5 piliers de la psychologie positive &#8211; <span style=\"color: #999999;\"><em>Charlotte Goislot<\/em><\/span><br \/>\n<span style=\"color: #55a932;\"><strong><span class=\"s3\">17:00 <\/span><\/strong><\/span>Il \u00e9tait une fois le P.A.R.A.D.I.S &#8211;<span style=\"color: #999999;\"><em> Christine Catrouillet<br \/>\n<\/em><\/span><span style=\"color: #00a6e2;\"><strong><span class=\"s1\">17:50 <\/span><\/strong><\/span>Communication animale : qu&rsquo;est-ce que c&rsquo;est ? <span style=\"color: #999999;\"><em>Corinne Brisset<\/em><\/span><br \/>\n<span class=\"s2\" style=\"color: #f56f0b;\"><strong>17:50<\/strong> <\/span>La transition \u00e9cologique : on en parle ? Urgence, charge mentale et pouvoir d&rsquo;agir &#8211; <span style=\"color: #999999;\"><em>Ath\u00e9na Montuoro<\/em><\/span><br \/>\n<span style=\"color: #55a932;\"><strong><span class=\"s3\">18:00 <\/span><\/strong><\/span>Comment cr\u00e9er un jardin en permaculture ? &#8211;<span style=\"color: #999999;\"><em> Valentin Bru<\/em><\/span><\/p>\n","protected":false},"excerpt":{"rendered":"<p>Des conf\u00e9rences sont organis\u00e9es pour permettre au public de d\u00e9couvrir et mieux comprendre les m\u00e9thodes et les produits pr\u00e9sent\u00e9s sur le salon. Les conf\u00e9rences se tiennent dans les salles suivantes : Salle GRANDS DUCS Salle SAINT AUBIN Salle MAINE VENDREDI 28 F\u00c9VRIER 2020 10:50 G\u00e9obiologie scientifique et ondes \u00e9lectromagn\u00e9tiques &#8211; David Averty 10:50 Comment agir&hellip; <\/p>\n","protected":false},"author":5,"featured_media":0,"parent":0,"menu_order":0,"comment_status":"closed","ping_status":"closed","template":"","meta":{"_monsterinsights_skip_tracking":false,"_monsterinsights_sitenote_active":false,"_monsterinsights_sitenote_note":"","_monsterinsights_sitenote_category":0,"footnotes":""},"class_list":["post-7876","page","type-page","status-publish","hentry"],"yoast_head":"<!-- This site is optimized with the Yoast SEO plugin v27.3 - https:\/\/yoast.com\/product\/yoast-seo-wordpress\/ -->\n<title>Conf\u00e9rences 2020 - Z&amp;B Angers<\/title>\n<meta name=\"robots\" content=\"index, follow, max-snippet:-1, max-image-preview:large, max-video-preview:-1\" \/>\n<link rel=\"canonical\" href=\"http:\/\/www.salon-zenetbio.com\/angers\/conferences-2020\/\" \/>\n<meta property=\"og:locale\" content=\"fr_FR\" \/>\n<meta property=\"og:type\" content=\"article\" \/>\n<meta property=\"og:title\" content=\"Conf\u00e9rences 2020 - Z&amp;B Angers\" \/>\n<meta property=\"og:description\" content=\"Des conf\u00e9rences sont organis\u00e9es pour permettre au public de d\u00e9couvrir et mieux comprendre les m\u00e9thodes et les produits pr\u00e9sent\u00e9s sur le salon. Les conf\u00e9rences se tiennent dans les salles suivantes : Salle GRANDS DUCS Salle SAINT AUBIN Salle MAINE VENDREDI 28 F\u00c9VRIER 2020 10:50 G\u00e9obiologie scientifique et ondes \u00e9lectromagn\u00e9tiques &#8211; David Averty 10:50 Comment agir&hellip;\" \/>\n<meta property=\"og:url\" content=\"http:\/\/www.salon-zenetbio.com\/angers\/conferences-2020\/\" \/>\n<meta property=\"og:site_name\" content=\"Z&amp;B Angers\" \/>\n<meta name=\"twitter:card\" content=\"summary_large_image\" \/>\n<meta name=\"twitter:label1\" content=\"Dur\u00e9e de lecture estim\u00e9e\" \/>\n\t<meta name=\"twitter:data1\" content=\"4 minutes\" \/>\n<script type=\"application\/ld+json\" class=\"yoast-schema-graph\">{\"@context\":\"https:\\\/\\\/schema.org\",\"@graph\":[{\"@type\":\"WebPage\",\"@id\":\"http:\\\/\\\/www.salon-zenetbio.com\\\/angers\\\/conferences-2020\\\/\",\"url\":\"http:\\\/\\\/www.salon-zenetbio.com\\\/angers\\\/conferences-2020\\\/\",\"name\":\"Conf\u00e9rences 2020 - Z&amp;B Angers\",\"isPartOf\":{\"@id\":\"https:\\\/\\\/www.salon-zenetbio.com\\\/angers\\\/#website\"},\"datePublished\":\"2020-10-30T10:44:10+00:00\",\"breadcrumb\":{\"@id\":\"http:\\\/\\\/www.salon-zenetbio.com\\\/angers\\\/conferences-2020\\\/#breadcrumb\"},\"inLanguage\":\"fr-FR\",\"potentialAction\":[{\"@type\":\"ReadAction\",\"target\":[\"http:\\\/\\\/www.salon-zenetbio.com\\\/angers\\\/conferences-2020\\\/\"]}]},{\"@type\":\"BreadcrumbList\",\"@id\":\"http:\\\/\\\/www.salon-zenetbio.com\\\/angers\\\/conferences-2020\\\/#breadcrumb\",\"itemListElement\":[{\"@type\":\"ListItem\",\"position\":1,\"name\":\"Accueil\",\"item\":\"https:\\\/\\\/www.salon-zenetbio.com\\\/angers\\\/\"},{\"@type\":\"ListItem\",\"position\":2,\"name\":\"Conf\u00e9rences 2020\"}]},{\"@type\":\"WebSite\",\"@id\":\"https:\\\/\\\/www.salon-zenetbio.com\\\/angers\\\/#website\",\"url\":\"https:\\\/\\\/www.salon-zenetbio.com\\\/angers\\\/\",\"name\":\"Z&amp;B Angers\",\"description\":\"Zen&amp;Bio Angers : votre salon \u00e9colo, bio, bien-\u00eatre et habitat sain\",\"publisher\":{\"@id\":\"https:\\\/\\\/www.salon-zenetbio.com\\\/angers\\\/#organization\"},\"potentialAction\":[{\"@type\":\"SearchAction\",\"target\":{\"@type\":\"EntryPoint\",\"urlTemplate\":\"https:\\\/\\\/www.salon-zenetbio.com\\\/angers\\\/?s={search_term_string}\"},\"query-input\":{\"@type\":\"PropertyValueSpecification\",\"valueRequired\":true,\"valueName\":\"search_term_string\"}}],\"inLanguage\":\"fr-FR\"},{\"@type\":\"Organization\",\"@id\":\"https:\\\/\\\/www.salon-zenetbio.com\\\/angers\\\/#organization\",\"name\":\"Z&amp;B Angers\",\"url\":\"https:\\\/\\\/www.salon-zenetbio.com\\\/angers\\\/\",\"logo\":{\"@type\":\"ImageObject\",\"inLanguage\":\"fr-FR\",\"@id\":\"https:\\\/\\\/www.salon-zenetbio.com\\\/angers\\\/#\\\/schema\\\/logo\\\/image\\\/\",\"url\":\"http:\\\/\\\/www.salon-zenetbio.com\\\/angers\\\/wp-content\\\/uploads\\\/sites\\\/8\\\/2025\\\/11\\\/cropped-Logo-ZEN-et-BIO-angers-2026.png\",\"contentUrl\":\"http:\\\/\\\/www.salon-zenetbio.com\\\/angers\\\/wp-content\\\/uploads\\\/sites\\\/8\\\/2025\\\/11\\\/cropped-Logo-ZEN-et-BIO-angers-2026.png\",\"width\":921,\"height\":255,\"caption\":\"Z&amp;B Angers\"},\"image\":{\"@id\":\"https:\\\/\\\/www.salon-zenetbio.com\\\/angers\\\/#\\\/schema\\\/logo\\\/image\\\/\"}}]}<\/script>\n<!-- \/ Yoast SEO plugin. -->","yoast_head_json":{"title":"Conf\u00e9rences 2020 - Z&amp;B Angers","robots":{"index":"index","follow":"follow","max-snippet":"max-snippet:-1","max-image-preview":"max-image-preview:large","max-video-preview":"max-video-preview:-1"},"canonical":"http:\/\/www.salon-zenetbio.com\/angers\/conferences-2020\/","og_locale":"fr_FR","og_type":"article","og_title":"Conf\u00e9rences 2020 - Z&amp;B Angers","og_description":"Des conf\u00e9rences sont organis\u00e9es pour permettre au public de d\u00e9couvrir et mieux comprendre les m\u00e9thodes et les produits pr\u00e9sent\u00e9s sur le salon. Les conf\u00e9rences se tiennent dans les salles suivantes : Salle GRANDS DUCS Salle SAINT AUBIN Salle MAINE VENDREDI 28 F\u00c9VRIER 2020 10:50 G\u00e9obiologie scientifique et ondes \u00e9lectromagn\u00e9tiques &#8211; David Averty 10:50 Comment agir&hellip;","og_url":"http:\/\/www.salon-zenetbio.com\/angers\/conferences-2020\/","og_site_name":"Z&amp;B Angers","twitter_card":"summary_large_image","twitter_misc":{"Dur\u00e9e de lecture estim\u00e9e":"4 minutes"},"schema":{"@context":"https:\/\/schema.org","@graph":[{"@type":"WebPage","@id":"http:\/\/www.salon-zenetbio.com\/angers\/conferences-2020\/","url":"http:\/\/www.salon-zenetbio.com\/angers\/conferences-2020\/","name":"Conf\u00e9rences 2020 - Z&amp;B Angers","isPartOf":{"@id":"https:\/\/www.salon-zenetbio.com\/angers\/#website"},"datePublished":"2020-10-30T10:44:10+00:00","breadcrumb":{"@id":"http:\/\/www.salon-zenetbio.com\/angers\/conferences-2020\/#breadcrumb"},"inLanguage":"fr-FR","potentialAction":[{"@type":"ReadAction","target":["http:\/\/www.salon-zenetbio.com\/angers\/conferences-2020\/"]}]},{"@type":"BreadcrumbList","@id":"http:\/\/www.salon-zenetbio.com\/angers\/conferences-2020\/#breadcrumb","itemListElement":[{"@type":"ListItem","position":1,"name":"Accueil","item":"https:\/\/www.salon-zenetbio.com\/angers\/"},{"@type":"ListItem","position":2,"name":"Conf\u00e9rences 2020"}]},{"@type":"WebSite","@id":"https:\/\/www.salon-zenetbio.com\/angers\/#website","url":"https:\/\/www.salon-zenetbio.com\/angers\/","name":"Z&amp;B Angers","description":"Zen&amp;Bio Angers : votre salon \u00e9colo, bio, bien-\u00eatre et habitat sain","publisher":{"@id":"https:\/\/www.salon-zenetbio.com\/angers\/#organization"},"potentialAction":[{"@type":"SearchAction","target":{"@type":"EntryPoint","urlTemplate":"https:\/\/www.salon-zenetbio.com\/angers\/?s={search_term_string}"},"query-input":{"@type":"PropertyValueSpecification","valueRequired":true,"valueName":"search_term_string"}}],"inLanguage":"fr-FR"},{"@type":"Organization","@id":"https:\/\/www.salon-zenetbio.com\/angers\/#organization","name":"Z&amp;B Angers","url":"https:\/\/www.salon-zenetbio.com\/angers\/","logo":{"@type":"ImageObject","inLanguage":"fr-FR","@id":"https:\/\/www.salon-zenetbio.com\/angers\/#\/schema\/logo\/image\/","url":"http:\/\/www.salon-zenetbio.com\/angers\/wp-content\/uploads\/sites\/8\/2025\/11\/cropped-Logo-ZEN-et-BIO-angers-2026.png","contentUrl":"http:\/\/www.salon-zenetbio.com\/angers\/wp-content\/uploads\/sites\/8\/2025\/11\/cropped-Logo-ZEN-et-BIO-angers-2026.png","width":921,"height":255,"caption":"Z&amp;B Angers"},"image":{"@id":"https:\/\/www.salon-zenetbio.com\/angers\/#\/schema\/logo\/image\/"}}]}},"_links":{"self":[{"href":"http:\/\/www.salon-zenetbio.com\/angers\/wp-json\/wp\/v2\/pages\/7876","targetHints":{"allow":["GET"]}}],"collection":[{"href":"http:\/\/www.salon-zenetbio.com\/angers\/wp-json\/wp\/v2\/pages"}],"about":[{"href":"http:\/\/www.salon-zenetbio.com\/angers\/wp-json\/wp\/v2\/types\/page"}],"author":[{"embeddable":true,"href":"http:\/\/www.salon-zenetbio.com\/angers\/wp-json\/wp\/v2\/users\/5"}],"replies":[{"embeddable":true,"href":"http:\/\/www.salon-zenetbio.com\/angers\/wp-json\/wp\/v2\/comments?post=7876"}],"version-history":[{"count":0,"href":"http:\/\/www.salon-zenetbio.com\/angers\/wp-json\/wp\/v2\/pages\/7876\/revisions"}],"wp:attachment":[{"href":"http:\/\/www.salon-zenetbio.com\/angers\/wp-json\/wp\/v2\/media?parent=7876"}],"curies":[{"name":"wp","href":"https:\/\/api.w.org\/{rel}","templated":true}]}}