{"id":7896,"date":"2020-10-30T11:57:13","date_gmt":"2020-10-30T10:57:13","guid":{"rendered":"http:\/\/www.salon-zenetbio.com\/angers\/?page_id=7896"},"modified":"2020-10-30T11:57:13","modified_gmt":"2020-10-30T10:57:13","slug":"animations-speciales-2020","status":"publish","type":"page","link":"http:\/\/www.salon-zenetbio.com\/angers\/animations-speciales-2020\/","title":{"rendered":"Animations sp\u00e9ciales 2020"},"content":{"rendered":"<h2><strong>ESPACE PARENTALIT\u00c9<\/strong><\/h2>\n<p style=\"text-align: justify;\"><strong>Sophie Bouvet et Olivier Foissac<\/strong>, consultants en parentalit\u00e9 et formateurs, vous proposent durant ces trois jours de partir \u00e0 la d\u00e9couverte de la <strong>Parentalit\u00e9 Cr\u00e9ative<\/strong>.<\/p>\n<p style=\"text-align: justify;\"><strong>Inscriptions aux ateliers sur place ou par mail<\/strong> (nombre de places limit\u00e9s) <a href=\"mailto:commeensemant@gmail.com\">commeensemant@gmail.com<\/a><br \/>\nLes ateliers \u201cParentalit\u00e9 cr\u00e9ative\u201d se d\u00e9roulent sans la pr\u00e9sence des enfants (nourrissons allait\u00e9s bienvenus)<br \/>\n<a href=\"https:\/\/www.salon-zenetbio.com\/angers\/le-programme\/espace-parentalite\/\" target=\"_blank\" rel=\"noopener noreferrer\"><em><strong>Retrouvez l\u2019int\u00e9gralit\u00e9 du programme\u00a0<\/strong><\/em><\/a><\/p>\n<p>&nbsp;<\/p>\n<h2><strong>ESPACE JEUX EN BOIS<\/strong><\/h2>\n<p style=\"text-align: justify;\"><img fetchpriority=\"high\" decoding=\"async\" class=\" wp-image-6378 alignleft\" src=\"https:\/\/www.salon-zenetbio.com\/angers\/wp-content\/uploads\/sites\/8\/2019\/01\/Sans-titre.png\" alt=\"\" width=\"319\" height=\"179\" srcset=\"http:\/\/www.salon-zenetbio.com\/angers\/wp-content\/uploads\/sites\/8\/2019\/01\/Sans-titre.png 729w, http:\/\/www.salon-zenetbio.com\/angers\/wp-content\/uploads\/sites\/8\/2019\/01\/Sans-titre-300x169.png 300w, http:\/\/www.salon-zenetbio.com\/angers\/wp-content\/uploads\/sites\/8\/2019\/01\/Sans-titre-150x84.png 150w, http:\/\/www.salon-zenetbio.com\/angers\/wp-content\/uploads\/sites\/8\/2019\/01\/Sans-titre-500x281.png 500w\" sizes=\"(max-width: 319px) 100vw, 319px\" \/>Pour un moment convivial et ludique en famille.<br \/>\nOrganis\u00e9 par\u00a0<strong>ACB Jeux<\/strong><br \/>\nFabricant et cr\u00e9ateur de Jeux en bois. Nous utilisons diff\u00e9rentes essences de bois du Loiret et de L\u2019Yonne. Revente de jouets pour tout \u00e2ge et tout prix.<\/p>\n<p><em>Retrouvez-nous sur le site\u00a0<a href=\"http:\/\/www.acbjeux.fr\/\">acbjeux.fr<\/a><\/em><\/p>\n<h2><\/h2>\n<h2><strong>ESPACE ART &amp; CR\u00c9ATION<\/strong><\/h2>\n<p><img decoding=\"async\" class=\"size-full wp-image-6392 alignleft\" src=\"https:\/\/www.salon-zenetbio.com\/angers\/wp-content\/uploads\/sites\/8\/2019\/01\/2.png\" sizes=\"(max-width: 233px) 100vw, 233px\" srcset=\"https:\/\/www.salon-zenetbio.com\/angers\/wp-content\/uploads\/sites\/8\/2019\/01\/2.png 233w, https:\/\/www.salon-zenetbio.com\/angers\/wp-content\/uploads\/sites\/8\/2019\/01\/2-150x119.png 150w\" alt=\"\" width=\"233\" height=\"185\" \/>\u00a0<img decoding=\"async\" class=\"alignnone size-full wp-image-6393\" src=\"https:\/\/www.salon-zenetbio.com\/angers\/wp-content\/uploads\/sites\/8\/2019\/01\/3.png\" alt=\"\" width=\"127\" height=\"200\" \/><\/p>\n<p>&nbsp;<\/p>\n<p style=\"text-align: justify;\">Une <strong>activit\u00e9 de cr\u00e9ativit\u00e9 libre<\/strong>, pour se reconnecter \u00e0 soi en pleine conscience le temps d\u2019une peinture. Pour se connecter \u00e0 sa joie de vivre, \u00e0 ses ressources et \u00e0 ses r\u00eaves afin de les incarner au quotidien avec toujours plus de bonheur.<\/p>\n<p style=\"text-align: justify;\">Parce que nous avons tous en nous un potentiel cr\u00e9ateur : l\u2019Art-th\u00e9rapie \u00e9volutive\u00ae pour se d\u00e9couvrir, se r\u00e9aliser et se sublimer.<br \/>\nL\u2019Art-th\u00e9rapie \u00e9volutive\u00ae est un accompagnement ludique et th\u00e9rapeutique. L\u2019art comme moyen d\u2019expression quand la parole et les mots ne sont plus en phase avec notre ressenti, nos \u00e9motions et notre corps.<\/p>\n<p style=\"text-align: justify;\">Dessiner, peindre, coller, sculpter\u2026 cela permet d\u2019activer, de r\u00e9organiser le processus d\u2019expression, de communication, de relation.<\/p>\n<p style=\"text-align: justify;\">Aucun talent artistique ni habilit\u00e9 particuli\u00e8re ne sont requis. L\u2019essentiel est de s\u2019exprimer librement, d\u2019utiliser son potentiel de cr\u00e9ativit\u00e9. La cr\u00e9ation d\u00e9veloppe l\u2019imagination, l\u2019intuition, la confiance en soi et l\u2019\u00e9coute de ses \u00e9motions.<br \/>\n\u00catre \u00e0 l\u2019\u00e9coute de notre rythme et de nos besoins, dans l\u2019instant pr\u00e9sent, dans le mouvement de la vie, est indispensable pour notre accompagnement. Cette d\u00e9marche nous aidera \u00e0 nous d\u00e9passer car nous sommes tous acteurs de notre vie.<\/p>\n<p><em>Espace anim\u00e9 par Emilie Petiteau &#8211;\u00a0<a href=\"http:\/\/www.emiliearttherapie.com\/\" target=\"_blank\" rel=\"noopener noreferrer\">Pour en savoir plus <\/a><\/em><\/p>\n<p>&nbsp;<\/p>\n<h2><strong>LA FERME D\u2019\u00c9LIZEA<\/strong><\/h2>\n<p style=\"text-align: justify;\"><strong>La Ferme d\u2019Elizea<\/strong>\u00a0est une ferme p\u00e9dagogique du Maine et Loire qui s\u2019adapte aux visiteurs. Vous y trouverez de nombreux animaux : b\u0153ufs, moutons, ch\u00e8vres, poules, lapins, cochons d\u2019inde, cochons \u2026et d\u00e9couvrirez la m\u00e9diation animal (zooth\u00e9rapie).<\/p>\n<p style=\"text-align: justify;\">La ferme propose des\u00a0ateliers de m\u00e9diation animale. Appel\u00e9e \u00e9galement \u00ab\u00a0zooth\u00e9rapie\u00a0\u00bb, elle consiste \u00e0 mettre en relation un animal et une personne, ce qui permet de travailler en harmonie sur des th\u00e8mes pr\u00e9cis : la motricit\u00e9 fine, les moyens de locomotion, la socialit\u00e9\u2026<br \/>\nLes atelier se font dans la structure ou \u00e0 la ferme.<\/p>\n<p style=\"text-align: justify;\">En \u00e9t\u00e9, la ferme accueille des enfants pour la journ\u00e9e ou la semaine : une occasion pour eux de d\u00e9couvrir les animaux, de partager des activit\u00e9s et d\u2019apprendre \u00e0 en prendre soin.<\/p>\n<p><img loading=\"lazy\" decoding=\"async\" class=\"alignnone size-full wp-image-5484\" src=\"https:\/\/www.salon-zenetbio.com\/angers\/wp-content\/uploads\/2018\/01\/Sans-titre-2.png\" sizes=\"(max-width: 1063px) 100vw, 1063px\" srcset=\"https:\/\/www.salon-zenetbio.com\/angers\/wp-content\/uploads\/sites\/8\/2018\/01\/Sans-titre-2.png 1063w, https:\/\/www.salon-zenetbio.com\/angers\/wp-content\/uploads\/sites\/8\/2018\/01\/Sans-titre-2-300x225.png 300w, https:\/\/www.salon-zenetbio.com\/angers\/wp-content\/uploads\/sites\/8\/2018\/01\/Sans-titre-2-768x577.png 768w, https:\/\/www.salon-zenetbio.com\/angers\/wp-content\/uploads\/sites\/8\/2018\/01\/Sans-titre-2-1024x769.png 1024w, https:\/\/www.salon-zenetbio.com\/angers\/wp-content\/uploads\/sites\/8\/2018\/01\/Sans-titre-2-150x113.png 150w, https:\/\/www.salon-zenetbio.com\/angers\/wp-content\/uploads\/sites\/8\/2018\/01\/Sans-titre-2-500x375.png 500w\" alt=\"\" width=\"1063\" height=\"798\" \/><\/p>\n<h2><\/h2>\n<p>&nbsp;<\/p>\n<h2><strong>LE COIN DES ENFANTS<\/strong><\/h2>\n<p><img loading=\"lazy\" decoding=\"async\" class=\"alignleft\" src=\"https:\/\/www.respirelavie.fr\/poitiers\/wp-content\/uploads\/sites\/3\/2019\/09\/le-coin-des-enfants-300x200.jpg\" width=\"263\" height=\"173\" \/><\/p>\n<p style=\"text-align: justify;\"><strong>Espace enfants\u00a0<\/strong>: Animations cr\u00e9atives et bricolages nature \u00e0 base de mat\u00e9riaux de r\u00e9cup\u00e9ration. Samedi et dimanche, \u00e0 partir de 3 ans<\/p>\n<p style=\"text-align: justify;\"><strong>Espace b\u00e9b\u00e9s<\/strong> : Espace am\u00e9nag\u00e9 et d\u00e9di\u00e9 aux b\u00e9b\u00e9s et \u00e0 leurs parents pour une pause biberon, change et c\u00e2lins \u00e0 l\u2019\u00e9cart de l\u2019agitation<\/p>\n<h2><\/h2>\n<p>&nbsp;<\/p>\n<h2><strong>ESPACE D\u00c9TENTE<\/strong><\/h2>\n<p><img loading=\"lazy\" decoding=\"async\" class=\"wp-image-6463 alignleft lazyloaded\" src=\"https:\/\/www.salon-naturabio.com\/wp-content\/uploads\/2019\/09\/SIEGE.jpg\" alt=\"\" width=\"201\" height=\"292\" data-lazy-src=\"https:\/\/www.salon-naturabio.com\/wp-content\/uploads\/2019\/09\/SIEGE.jpg\" data-was-processed=\"true\" \/><\/p>\n<p>&nbsp;<\/p>\n<p>Venez-vous relaxer chez\u00a0<strong><em>Bois et Forme<\/em><\/strong>, un mobilier au plus proche de l\u2019arbre par ses courbes et ses mouvements.<\/p>\n<p><a href=\"https:\/\/sites.google.com\/site\/boisetformes\/\" target=\"_blank\" rel=\"noopener noreferrer\"><em>Plus d\u2019informations sur le site internet<\/em><\/a><\/p>\n<p>&nbsp;<\/p>\n","protected":false},"excerpt":{"rendered":"<p>ESPACE PARENTALIT\u00c9 Sophie Bouvet et Olivier Foissac, consultants en parentalit\u00e9 et formateurs, vous proposent durant ces trois jours de partir \u00e0 la d\u00e9couverte de la Parentalit\u00e9 Cr\u00e9ative. Inscriptions aux ateliers sur place ou par mail (nombre de places limit\u00e9s) commeensemant@gmail.com Les ateliers \u201cParentalit\u00e9 cr\u00e9ative\u201d se d\u00e9roulent sans la pr\u00e9sence des enfants (nourrissons allait\u00e9s bienvenus) Retrouvez&hellip; <\/p>\n","protected":false},"author":5,"featured_media":0,"parent":0,"menu_order":0,"comment_status":"closed","ping_status":"closed","template":"","meta":{"_monsterinsights_skip_tracking":false,"_monsterinsights_sitenote_active":false,"_monsterinsights_sitenote_note":"","_monsterinsights_sitenote_category":0,"footnotes":""},"class_list":["post-7896","page","type-page","status-publish","hentry"],"yoast_head":"<!-- This site is optimized with the Yoast SEO plugin v27.3 - https:\/\/yoast.com\/product\/yoast-seo-wordpress\/ -->\n<title>Animations sp\u00e9ciales 2020 - Z&amp;B Angers<\/title>\n<meta name=\"robots\" content=\"index, follow, max-snippet:-1, max-image-preview:large, max-video-preview:-1\" \/>\n<link rel=\"canonical\" href=\"http:\/\/www.salon-zenetbio.com\/angers\/animations-speciales-2020\/\" \/>\n<meta property=\"og:locale\" content=\"fr_FR\" \/>\n<meta property=\"og:type\" content=\"article\" \/>\n<meta property=\"og:title\" content=\"Animations sp\u00e9ciales 2020 - Z&amp;B Angers\" \/>\n<meta property=\"og:description\" content=\"ESPACE PARENTALIT\u00c9 Sophie Bouvet et Olivier Foissac, consultants en parentalit\u00e9 et formateurs, vous proposent durant ces trois jours de partir \u00e0 la d\u00e9couverte de la Parentalit\u00e9 Cr\u00e9ative. Inscriptions aux ateliers sur place ou par mail (nombre de places limit\u00e9s) commeensemant@gmail.com Les ateliers \u201cParentalit\u00e9 cr\u00e9ative\u201d se d\u00e9roulent sans la pr\u00e9sence des enfants (nourrissons allait\u00e9s bienvenus) Retrouvez&hellip;\" \/>\n<meta property=\"og:url\" content=\"http:\/\/www.salon-zenetbio.com\/angers\/animations-speciales-2020\/\" \/>\n<meta property=\"og:site_name\" content=\"Z&amp;B Angers\" \/>\n<meta property=\"og:image\" content=\"https:\/\/www.salon-zenetbio.com\/angers\/wp-content\/uploads\/sites\/8\/2019\/01\/Sans-titre.png\" \/>\n<meta name=\"twitter:card\" content=\"summary_large_image\" \/>\n<meta name=\"twitter:label1\" content=\"Dur\u00e9e de lecture estim\u00e9e\" \/>\n\t<meta name=\"twitter:data1\" content=\"3 minutes\" \/>\n<script type=\"application\/ld+json\" class=\"yoast-schema-graph\">{\"@context\":\"https:\\\/\\\/schema.org\",\"@graph\":[{\"@type\":\"WebPage\",\"@id\":\"http:\\\/\\\/www.salon-zenetbio.com\\\/angers\\\/animations-speciales-2020\\\/\",\"url\":\"http:\\\/\\\/www.salon-zenetbio.com\\\/angers\\\/animations-speciales-2020\\\/\",\"name\":\"Animations sp\u00e9ciales 2020 - Z&amp;B Angers\",\"isPartOf\":{\"@id\":\"https:\\\/\\\/www.salon-zenetbio.com\\\/angers\\\/#website\"},\"primaryImageOfPage\":{\"@id\":\"http:\\\/\\\/www.salon-zenetbio.com\\\/angers\\\/animations-speciales-2020\\\/#primaryimage\"},\"image\":{\"@id\":\"http:\\\/\\\/www.salon-zenetbio.com\\\/angers\\\/animations-speciales-2020\\\/#primaryimage\"},\"thumbnailUrl\":\"https:\\\/\\\/www.salon-zenetbio.com\\\/angers\\\/wp-content\\\/uploads\\\/sites\\\/8\\\/2019\\\/01\\\/Sans-titre.png\",\"datePublished\":\"2020-10-30T10:57:13+00:00\",\"breadcrumb\":{\"@id\":\"http:\\\/\\\/www.salon-zenetbio.com\\\/angers\\\/animations-speciales-2020\\\/#breadcrumb\"},\"inLanguage\":\"fr-FR\",\"potentialAction\":[{\"@type\":\"ReadAction\",\"target\":[\"http:\\\/\\\/www.salon-zenetbio.com\\\/angers\\\/animations-speciales-2020\\\/\"]}]},{\"@type\":\"ImageObject\",\"inLanguage\":\"fr-FR\",\"@id\":\"http:\\\/\\\/www.salon-zenetbio.com\\\/angers\\\/animations-speciales-2020\\\/#primaryimage\",\"url\":\"http:\\\/\\\/www.salon-zenetbio.com\\\/angers\\\/wp-content\\\/uploads\\\/sites\\\/8\\\/2019\\\/01\\\/Sans-titre.png\",\"contentUrl\":\"http:\\\/\\\/www.salon-zenetbio.com\\\/angers\\\/wp-content\\\/uploads\\\/sites\\\/8\\\/2019\\\/01\\\/Sans-titre.png\",\"width\":729,\"height\":410},{\"@type\":\"BreadcrumbList\",\"@id\":\"http:\\\/\\\/www.salon-zenetbio.com\\\/angers\\\/animations-speciales-2020\\\/#breadcrumb\",\"itemListElement\":[{\"@type\":\"ListItem\",\"position\":1,\"name\":\"Accueil\",\"item\":\"https:\\\/\\\/www.salon-zenetbio.com\\\/angers\\\/\"},{\"@type\":\"ListItem\",\"position\":2,\"name\":\"Animations sp\u00e9ciales 2020\"}]},{\"@type\":\"WebSite\",\"@id\":\"https:\\\/\\\/www.salon-zenetbio.com\\\/angers\\\/#website\",\"url\":\"https:\\\/\\\/www.salon-zenetbio.com\\\/angers\\\/\",\"name\":\"Z&amp;B Angers\",\"description\":\"Zen&amp;Bio Angers : votre salon \u00e9colo, bio, bien-\u00eatre et habitat sain\",\"publisher\":{\"@id\":\"https:\\\/\\\/www.salon-zenetbio.com\\\/angers\\\/#organization\"},\"potentialAction\":[{\"@type\":\"SearchAction\",\"target\":{\"@type\":\"EntryPoint\",\"urlTemplate\":\"https:\\\/\\\/www.salon-zenetbio.com\\\/angers\\\/?s={search_term_string}\"},\"query-input\":{\"@type\":\"PropertyValueSpecification\",\"valueRequired\":true,\"valueName\":\"search_term_string\"}}],\"inLanguage\":\"fr-FR\"},{\"@type\":\"Organization\",\"@id\":\"https:\\\/\\\/www.salon-zenetbio.com\\\/angers\\\/#organization\",\"name\":\"Z&amp;B Angers\",\"url\":\"https:\\\/\\\/www.salon-zenetbio.com\\\/angers\\\/\",\"logo\":{\"@type\":\"ImageObject\",\"inLanguage\":\"fr-FR\",\"@id\":\"https:\\\/\\\/www.salon-zenetbio.com\\\/angers\\\/#\\\/schema\\\/logo\\\/image\\\/\",\"url\":\"http:\\\/\\\/www.salon-zenetbio.com\\\/angers\\\/wp-content\\\/uploads\\\/sites\\\/8\\\/2025\\\/11\\\/cropped-Logo-ZEN-et-BIO-angers-2026.png\",\"contentUrl\":\"http:\\\/\\\/www.salon-zenetbio.com\\\/angers\\\/wp-content\\\/uploads\\\/sites\\\/8\\\/2025\\\/11\\\/cropped-Logo-ZEN-et-BIO-angers-2026.png\",\"width\":921,\"height\":255,\"caption\":\"Z&amp;B Angers\"},\"image\":{\"@id\":\"https:\\\/\\\/www.salon-zenetbio.com\\\/angers\\\/#\\\/schema\\\/logo\\\/image\\\/\"}}]}<\/script>\n<!-- \/ Yoast SEO plugin. -->","yoast_head_json":{"title":"Animations sp\u00e9ciales 2020 - Z&amp;B Angers","robots":{"index":"index","follow":"follow","max-snippet":"max-snippet:-1","max-image-preview":"max-image-preview:large","max-video-preview":"max-video-preview:-1"},"canonical":"http:\/\/www.salon-zenetbio.com\/angers\/animations-speciales-2020\/","og_locale":"fr_FR","og_type":"article","og_title":"Animations sp\u00e9ciales 2020 - Z&amp;B Angers","og_description":"ESPACE PARENTALIT\u00c9 Sophie Bouvet et Olivier Foissac, consultants en parentalit\u00e9 et formateurs, vous proposent durant ces trois jours de partir \u00e0 la d\u00e9couverte de la Parentalit\u00e9 Cr\u00e9ative. Inscriptions aux ateliers sur place ou par mail (nombre de places limit\u00e9s) commeensemant@gmail.com Les ateliers \u201cParentalit\u00e9 cr\u00e9ative\u201d se d\u00e9roulent sans la pr\u00e9sence des enfants (nourrissons allait\u00e9s bienvenus) Retrouvez&hellip;","og_url":"http:\/\/www.salon-zenetbio.com\/angers\/animations-speciales-2020\/","og_site_name":"Z&amp;B Angers","og_image":[{"url":"https:\/\/www.salon-zenetbio.com\/angers\/wp-content\/uploads\/sites\/8\/2019\/01\/Sans-titre.png","type":"","width":"","height":""}],"twitter_card":"summary_large_image","twitter_misc":{"Dur\u00e9e de lecture estim\u00e9e":"3 minutes"},"schema":{"@context":"https:\/\/schema.org","@graph":[{"@type":"WebPage","@id":"http:\/\/www.salon-zenetbio.com\/angers\/animations-speciales-2020\/","url":"http:\/\/www.salon-zenetbio.com\/angers\/animations-speciales-2020\/","name":"Animations sp\u00e9ciales 2020 - Z&amp;B Angers","isPartOf":{"@id":"https:\/\/www.salon-zenetbio.com\/angers\/#website"},"primaryImageOfPage":{"@id":"http:\/\/www.salon-zenetbio.com\/angers\/animations-speciales-2020\/#primaryimage"},"image":{"@id":"http:\/\/www.salon-zenetbio.com\/angers\/animations-speciales-2020\/#primaryimage"},"thumbnailUrl":"https:\/\/www.salon-zenetbio.com\/angers\/wp-content\/uploads\/sites\/8\/2019\/01\/Sans-titre.png","datePublished":"2020-10-30T10:57:13+00:00","breadcrumb":{"@id":"http:\/\/www.salon-zenetbio.com\/angers\/animations-speciales-2020\/#breadcrumb"},"inLanguage":"fr-FR","potentialAction":[{"@type":"ReadAction","target":["http:\/\/www.salon-zenetbio.com\/angers\/animations-speciales-2020\/"]}]},{"@type":"ImageObject","inLanguage":"fr-FR","@id":"http:\/\/www.salon-zenetbio.com\/angers\/animations-speciales-2020\/#primaryimage","url":"http:\/\/www.salon-zenetbio.com\/angers\/wp-content\/uploads\/sites\/8\/2019\/01\/Sans-titre.png","contentUrl":"http:\/\/www.salon-zenetbio.com\/angers\/wp-content\/uploads\/sites\/8\/2019\/01\/Sans-titre.png","width":729,"height":410},{"@type":"BreadcrumbList","@id":"http:\/\/www.salon-zenetbio.com\/angers\/animations-speciales-2020\/#breadcrumb","itemListElement":[{"@type":"ListItem","position":1,"name":"Accueil","item":"https:\/\/www.salon-zenetbio.com\/angers\/"},{"@type":"ListItem","position":2,"name":"Animations sp\u00e9ciales 2020"}]},{"@type":"WebSite","@id":"https:\/\/www.salon-zenetbio.com\/angers\/#website","url":"https:\/\/www.salon-zenetbio.com\/angers\/","name":"Z&amp;B Angers","description":"Zen&amp;Bio Angers : votre salon \u00e9colo, bio, bien-\u00eatre et habitat sain","publisher":{"@id":"https:\/\/www.salon-zenetbio.com\/angers\/#organization"},"potentialAction":[{"@type":"SearchAction","target":{"@type":"EntryPoint","urlTemplate":"https:\/\/www.salon-zenetbio.com\/angers\/?s={search_term_string}"},"query-input":{"@type":"PropertyValueSpecification","valueRequired":true,"valueName":"search_term_string"}}],"inLanguage":"fr-FR"},{"@type":"Organization","@id":"https:\/\/www.salon-zenetbio.com\/angers\/#organization","name":"Z&amp;B Angers","url":"https:\/\/www.salon-zenetbio.com\/angers\/","logo":{"@type":"ImageObject","inLanguage":"fr-FR","@id":"https:\/\/www.salon-zenetbio.com\/angers\/#\/schema\/logo\/image\/","url":"http:\/\/www.salon-zenetbio.com\/angers\/wp-content\/uploads\/sites\/8\/2025\/11\/cropped-Logo-ZEN-et-BIO-angers-2026.png","contentUrl":"http:\/\/www.salon-zenetbio.com\/angers\/wp-content\/uploads\/sites\/8\/2025\/11\/cropped-Logo-ZEN-et-BIO-angers-2026.png","width":921,"height":255,"caption":"Z&amp;B Angers"},"image":{"@id":"https:\/\/www.salon-zenetbio.com\/angers\/#\/schema\/logo\/image\/"}}]}},"_links":{"self":[{"href":"http:\/\/www.salon-zenetbio.com\/angers\/wp-json\/wp\/v2\/pages\/7896","targetHints":{"allow":["GET"]}}],"collection":[{"href":"http:\/\/www.salon-zenetbio.com\/angers\/wp-json\/wp\/v2\/pages"}],"about":[{"href":"http:\/\/www.salon-zenetbio.com\/angers\/wp-json\/wp\/v2\/types\/page"}],"author":[{"embeddable":true,"href":"http:\/\/www.salon-zenetbio.com\/angers\/wp-json\/wp\/v2\/users\/5"}],"replies":[{"embeddable":true,"href":"http:\/\/www.salon-zenetbio.com\/angers\/wp-json\/wp\/v2\/comments?post=7896"}],"version-history":[{"count":0,"href":"http:\/\/www.salon-zenetbio.com\/angers\/wp-json\/wp\/v2\/pages\/7896\/revisions"}],"wp:attachment":[{"href":"http:\/\/www.salon-zenetbio.com\/angers\/wp-json\/wp\/v2\/media?parent=7896"}],"curies":[{"name":"wp","href":"https:\/\/api.w.org\/{rel}","templated":true}]}}