{"id":2436,"date":"2017-01-24T14:15:36","date_gmt":"2017-01-24T13:15:36","guid":{"rendered":"http:\/\/localhost:8888\/zen\/?page_id=2436"},"modified":"2026-02-17T16:23:48","modified_gmt":"2026-02-17T15:23:48","slug":"pourquoi-exposer","status":"publish","type":"page","link":"http:\/\/www.salon-zenetbio.com\/le-reseau\/exposer\/pourquoi-exposer\/","title":{"rendered":"Pourquoi exposer ?"},"content":{"rendered":"<p style=\"text-align: justify;\">Chaque salon du R\u00e9seau Zen &amp; Bio se d\u00e9roule sur 3 jours (du vendredi au dimanche) et accueille des visiteurs en recherche de bien-\u00eatre, de produits de qualit\u00e9 respectueux de l\u2019environnement.<\/p>\n<p style=\"text-align: justify;\">Les salons du r\u00e9seau Zen &amp; Bio sont organis\u00e9s par des professionnels du bien-\u00eatre, du bio et du d\u00e9veloppement durable.<\/p>\n<h2>Participez au salons du R\u00e9seau Zen &amp; Bio et :<\/h2>\n<ul>\n<li style=\"text-align: justify;\">Pr\u00e9sentez vos produits ou services \u00e0 une client\u00e8le \u00e0 la recherche de bien-\u00eatre, de produits de qualit\u00e9 et respectueux de l&rsquo;environnement,<\/li>\n<li style=\"text-align: justify;\">Rencontrez plus de <strong>100 000 visiteurs<sup>*<\/sup>,<\/strong><\/li>\n<li style=\"text-align: justify;\">Organisez des ateliers pour mettre en lumi\u00e8re vos pratiques,<\/li>\n<li style=\"text-align: justify;\">Profitez du savoir-faire et du s\u00e9rieux d&rsquo;un organisateur reconnu et engag\u00e9,<\/li>\n<li style=\"text-align: justify;\">D\u00e9veloppez votre activit\u00e9 dans un cadre convivial et de qualit\u00e9.<br \/>\n<em style=\"font-size: 8pt;\">* Total des 6 salons sur 2025<\/em><\/li>\n<\/ul>\n<h2>Une occasion de rencontrer des visiteurs cibl\u00e9s et motiv\u00e9s<\/h2>\n<div class=\"page-header-summary\">\n<p style=\"text-align: justify;\"><strong>ARTEMISIA &#8211; 10 000 visiteurs <span style=\"font-size: 10pt;\">(\u00e9dition 2025)<\/span><br \/>\nNATURABIO &#8211; 5 300 visiteurs <span style=\"font-size: 10pt;\">(\u00e9dition 2025)<\/span><br \/>\nRESPIRE LA VIE RENNES &#8211; 9 000 visiteurs <span style=\"font-size: 10pt;\">(\u00e9dition 2025)<\/span><br \/>\nZEN &amp; BIO ANGERS &#8211; 6 000 visiteurs <span style=\"font-size: 10pt;\">(\u00e9dition 2025)<\/span><br \/>\nZEN &amp; BIO LYON &#8211; 6 000 visiteurs <span style=\"font-size: 10pt;\">(\u00e9dition 2025)<\/span><br \/>\n<\/strong><strong>ZEN &amp; BIO NANTES &#8211; 9 930 visiteurs <span style=\"font-size: 10pt;\">(\u00e9dition 2025)<\/span><\/strong><\/p>\n<p style=\"text-align: justify;\">63% des visiteurs viennent d\u00e9couvrir de nouveau produits,<br \/>\n81 % des visiteurs font des achats sur les salons,<br \/>\n86% sont satisfaits des produits et m\u00e9thodes vus aux salons.<\/p>\n<\/div>\n<h2>Nos engagements \u00e9thiques\u00a0<\/h2>\n<p style=\"text-align: justify;\">Les produits alimentaires sont certifi\u00e9s bio ou sous mention. Les cosm\u00e9tiques sont soit certifi\u00e9s bio, soit naturels et exempts des ingr\u00e9dients interdits par les principaux cahiers des charges bio.<\/p>\n<p style=\"text-align: justify;\">Le comit\u00e9 de s\u00e9lection du salon s&rsquo;assure que les crit\u00e8res requis sont respect\u00e9s pour tous les produits et services pr\u00e9sent\u00e9s, dans le respect d&rsquo;une d\u00e9marche environnementale.<br \/>\nUne caution efficace pour les visiteurs qui font leurs achats sur le salon en toute confiance.<br \/>\n<em><a href=\"https:\/\/www.salon-zenetbio.com\/les-salons-zen-bio\/charte-de-selection-des-salons-zen-bio\/\" target=\"_blank\" rel=\"noopener noreferrer\">Consultez la charte de s\u00e9lection<\/a><\/em><\/p>\n<p style=\"text-align: justify;\">Le R\u00e9seau Zen &amp; Bio s&rsquo;engage aussi \u00e0 \u00eatre toujours plus en coh\u00e9rence avec ses valeurs \u00e9cologiques : cloisons des stands en mat\u00e9riaux certifi\u00e9s PEFC et r\u00e9utilisables, \u00e9clairage des stands basse consommation, absence de moquette dans les all\u00e9es, tri des d\u00e9chets, vaisselle biod\u00e9gradable ou lavable pour la restauration, distribution d&rsquo;eau filtr\u00e9e, gourdes et \u00e9cocup pour les \u00e9quipes etc.<\/p>\n<div class=\"page-header-summary\">\n<h2>Il se passe toujours quelque chose sur les salons du R\u00e9seau Zen &amp; Bio<\/h2>\n<p style=\"text-align: justify;\">En marge des conf\u00e9rences anim\u00e9es par des sp\u00e9cialistes du bio et du bien-\u00eatre, vous pouvez allez plus loin gr\u00e2ce aux :<\/p>\n<ul style=\"text-align: justify;\">\n<li>Des\u00a0<strong>conf\u00e9rences<\/strong>\u00a0pour pr\u00e9senter vos produits ou vos m\u00e9thodes,<\/li>\n<li>Des <strong>ateliers bien-\u00eatre<\/strong>\u00a0et de pratiques corporelles pour pour initier le public : m\u00e9ditation, sophrologie, massage, hypnose, yoga, ta\u00ef chi, qi gong, etc.<\/li>\n<li>Des\u00a0<strong>animations cr\u00e9atives\u00a0<\/strong>avec des d\u00e9monstrations ou de la mise en pratique : z\u00e9ro d\u00e9chet, cosm\u00e9tiques naturelles, produits d\u2019entretien \u00e9cologique, trucs et astuces \u00e9colo, ateliers recyclage, jardinage au naturel\u2026,<\/li>\n<li>Des\u00a0<strong>workshop Bougez-Zen<\/strong>\u00a0pour explorer en douceur des disciplines \u00e9nerg\u00e9tiques et relaxantes.<\/li>\n<\/ul>\n<h2>Un salon organis\u00e9 par\u00a0<a href=\"http:\/\/www.spas-expo.com\/\">SPAS<\/a><\/h2>\n<p><b>SPAS Organisation <\/b>est le plus grand organisateur en France d\u2019\u00e9v\u00e9nements grand public et professionnels d\u00e9di\u00e9s \u00e0 la bio, \u00e0 la nature, au bien-\u00eatre et \u00e0 l\u2019art de vivre. SPAS Organisation totalise 20 manifestations, des espaces tendances, ainsi qu\u2019une place de march\u00e9 en ligne.<\/p>\n<ul>\n<li><b>Les salons Bio et Nature <\/b>: Marjolaine (Paris), Vivre Autrement (Paris), Naturally (Paris).<\/li>\n<li><b>Les salons professionnels <\/b>: medFEL (Perpignan), Natexpo (Paris, Lyon).<\/li>\n<li><b>Le r\u00e9seau des salons Zen &amp; Bio en r\u00e9gions <\/b>: Zen &amp; Bio (Nantes, Lyon, Angers), Artemisia (Marseille), NaturaBio (Lille), Respire La Vie (Rennes).<\/li>\n<li><b>Les salons Bien-\u00eatre et Art de vivre <\/b>: Bien-\u00eatre M\u00e9decine Douce (Paris, Lyon), Les Thermalies (Paris, Lyon), Zen (Paris) et Saveurs des Plaisirs Gourmands (Paris).<\/li>\n<li><b>Les espaces Tendances <\/b>: SPAS re\u0301ve\u0300le les tendances de demain et les met en lumie\u0300re via des espaces de\u0301die\u0301s.<\/li>\n<\/ul>\n<h2>Une campagne de communication impactante et cibl\u00e9e<\/h2>\n<h4><strong>AFFICHAGE LOCAL<\/strong><\/h4>\n<ul>\n<li>Affichage v\u00e9lo<\/li>\n<li style=\"text-align: justify;\">Affichage en <strong>boutiques bio partenaires<\/strong>, commerces bio et di\u00e9t\u00e9tique, clubs et associations d\u2019environnement, centres et \u00e9tablissements de remise en forme et de beaut\u00e9, chez les professionnels de la sant\u00e9<\/li>\n<\/ul>\n<h4><strong>UNE VISIBILIT\u00c9 OPTIMIS\u00c9E AVEC<\/strong><\/h4>\n<ul>\n<li>Des<strong> insertions dans la presse<\/strong> locale, sp\u00e9cialis\u00e9e et grand public, gratuit,<\/li>\n<li>Des <strong>partenariats<\/strong> avec des<strong> m\u00e9dias<\/strong> et <strong>acteurs r\u00e9f\u00e9rents<\/strong> <strong>dans le secteur de la bio et de l\u2019\u00e9cologie,<\/strong><\/li>\n<li>La diffusion de <strong>spots sur radio,<\/strong><\/li>\n<li>Un <strong>service de presse<\/strong> rattach\u00e9 \u00e0 chaque salon.<\/li>\n<li>Des campagnes d&rsquo;influence<\/li>\n<\/ul>\n<h4><strong>INTERNET<\/strong><\/h4>\n<ul>\n<li>Bandeaux publicitaires et liens sur sites cibl\u00e9s et affinitaires,<\/li>\n<li>Newsletters envoy\u00e9es \u00e0 J-40, J-30, J-21, J-15, J-7, J-1, JJ, J+1 et J+2 \u00e0 une base qualifi\u00e9e,<\/li>\n<li>Animation des r\u00e9seaux sociaux.<\/li>\n<\/ul>\n<h4><strong>MARKETING DIRECT<\/strong><\/h4>\n<p>UNE DIFFUSION DE PLUS D\u20191 MILLION D\u2019ENTR\u00c9ES PAR AN :<\/p>\n<ul>\n<li style=\"text-align: justify;\">Via notre fichier nominatif de <strong>visiteurs des ann\u00e9es<\/strong> <strong>pr\u00e9c\u00e9dentes<\/strong><\/li>\n<li style=\"text-align: justify;\"><strong>Aux professionnels de l\u2019alimentation et de la<\/strong> <strong>cosm\u00e9tique bio :<\/strong> responsables de coop\u00e9ratives d\u2019achats et sup\u00e9rettes bio et de di\u00e9t\u00e9tique, acheteurs de la grande et moyenne distribution, responsables d\u2019achats \u00e9picerie fine, fromagers, cavistes, restaurants et march\u00e9s bio, clubs nature, associations d\u2019environnement\u2026<\/li>\n<li style=\"text-align: justify;\">Au <strong>grand public int\u00e9ress\u00e9 par les produits<\/strong> <strong>biologiques et l\u2019\u00e9cologie<\/strong><\/li>\n<li style=\"text-align: justify;\">Via des <strong>op\u00e9rations de street marketing et<\/strong> <strong>d\u2019op\u00e9rations sp\u00e9ciales<\/strong> (partenariats m\u00e9dias)<\/li>\n<li style=\"text-align: justify;\"><strong>\u00c0 la client\u00e8le des exposants<\/strong><\/li>\n<li style=\"text-align: justify;\"><strong>Aux professionnels de bien-\u00eatre et de la sant\u00e9<\/strong><\/li>\n<li style=\"text-align: justify;\"><strong>Via des partenariats<\/strong> avec des r\u00e9seaux de <strong>boutiques bio <\/strong>(commerces bio ou di\u00e9t\u00e9tique, restaurants, march\u00e9 bio, clubs nature\u2026)<\/li>\n<\/ul>\n<h4><strong>UN SITE INTERNET D\u00c9DI\u00c9 \u00c0 CHAQUE SALON<\/strong><\/h4>\n<p><strong>330 400 visites<\/strong> et plus de <strong>1,2 millions de\u00a0pages<\/strong> <strong>vues<\/strong> sur l\u2019ensemble des sites du r\u00e9seau Zen &amp; Bio.<\/p>\n<ul>\n<li><a href=\"http:\/\/www.respirelavie.com\" target=\"_blank\" rel=\"noopener noreferrer\">www.respirelavie.com<\/a><\/li>\n<li><a href=\"http:\/\/www.salon-zenetbio.com\" target=\"_blank\" rel=\"noopener noreferrer\">www.salon-zenetbio.com<\/a><\/li>\n<li><a href=\"http:\/\/www.salon-artemisia.com\" target=\"_blank\" rel=\"noopener noreferrer\">www.salon-artemisia.com<\/a><\/li>\n<li><a href=\"http:\/\/www.salon-naturabio.com\" target=\"_blank\" rel=\"noopener noreferrer\">www.salon-naturabio.com<\/a><\/li>\n<\/ul>\n<\/div>\n<h4><strong>UNE COMMUNICATION RESPONSABLE<\/strong><\/h4>\n<ul>\n<li>Une communication enti\u00e8rement imprim\u00e9e sur papier recycl\u00e9, recyclable ou issu de for\u00eats g\u00e9r\u00e9es durablement,<\/li>\n<li>Le covoiturage et l&rsquo;utilisation de sacs r\u00e9utilisables sont encourag\u00e9s via nos invitations et les sites internet des salons.<\/li>\n<\/ul>\n<p><span style=\"font-size: 29px; font-weight: bold;\">Inscrivez-vous d\u00e8s maintenant !<\/span><\/p>\n<div class=\"page-header-summary\">\n<p style=\"text-align: justify;\">Une plaquette, un dossier pour une inscription simplifi\u00e9e et mutualis\u00e9e.<\/p>\n<p style=\"text-align: justify;\">Un comit\u00e9 d\u2019experts par salon pour la s\u00e9lection des exposants et la garantie du respect de crit\u00e8res de qualit\u00e9 de tous les produits et services pr\u00e9sent\u00e9s.<\/p>\n<\/div>\n","protected":false},"excerpt":{"rendered":"<p>Chaque salon du R\u00e9seau Zen &amp; Bio se d\u00e9roule sur 3 jours (du vendredi au dimanche) et accueille des visiteurs en recherche de bien-\u00eatre, de produits de qualit\u00e9 respectueux de l\u2019environnement. Les salons du r\u00e9seau Zen &amp; Bio sont organis\u00e9s par des professionnels du bien-\u00eatre, du bio et du d\u00e9veloppement durable. Participez au salons du&hellip; <\/p>\n","protected":false},"author":1,"featured_media":0,"parent":2087,"menu_order":1,"comment_status":"closed","ping_status":"closed","template":"","meta":{"_monsterinsights_skip_tracking":false,"_monsterinsights_sitenote_active":false,"_monsterinsights_sitenote_note":"","_monsterinsights_sitenote_category":0,"jetpack_post_was_ever_published":false,"footnotes":""},"class_list":["post-2436","page","type-page","status-publish","hentry"],"yoast_head":"<!-- This site is optimized with the Yoast SEO plugin v27.3 - https:\/\/yoast.com\/product\/yoast-seo-wordpress\/ -->\n<title>Pourquoi exposer ? - Le r\u00e9seau ZEN&amp;BIO<\/title>\n<meta name=\"robots\" content=\"index, follow, max-snippet:-1, max-image-preview:large, max-video-preview:-1\" \/>\n<link rel=\"canonical\" href=\"http:\/\/www.salon-zenetbio.com\/le-reseau\/exposer\/pourquoi-exposer\/\" \/>\n<meta property=\"og:locale\" content=\"fr_FR\" \/>\n<meta property=\"og:type\" content=\"article\" \/>\n<meta property=\"og:title\" content=\"Pourquoi exposer ? - Le r\u00e9seau ZEN&amp;BIO\" \/>\n<meta property=\"og:description\" content=\"Chaque salon du R\u00e9seau Zen &amp; Bio se d\u00e9roule sur 3 jours (du vendredi au dimanche) et accueille des visiteurs en recherche de bien-\u00eatre, de produits de qualit\u00e9 respectueux de l\u2019environnement. Les salons du r\u00e9seau Zen &amp; Bio sont organis\u00e9s par des professionnels du bien-\u00eatre, du bio et du d\u00e9veloppement durable. Participez au salons du&hellip;\" \/>\n<meta property=\"og:url\" content=\"http:\/\/www.salon-zenetbio.com\/le-reseau\/exposer\/pourquoi-exposer\/\" \/>\n<meta property=\"og:site_name\" content=\"Le r\u00e9seau ZEN&amp;BIO\" \/>\n<meta property=\"article:modified_time\" content=\"2026-02-17T15:23:48+00:00\" \/>\n<meta name=\"twitter:card\" content=\"summary_large_image\" \/>\n<meta name=\"twitter:label1\" content=\"Dur\u00e9e de lecture estim\u00e9e\" \/>\n\t<meta name=\"twitter:data1\" content=\"5 minutes\" \/>\n<script type=\"application\/ld+json\" class=\"yoast-schema-graph\">{\"@context\":\"https:\\\/\\\/schema.org\",\"@graph\":[{\"@type\":\"WebPage\",\"@id\":\"http:\\\/\\\/www.salon-zenetbio.com\\\/le-reseau\\\/exposer\\\/pourquoi-exposer\\\/\",\"url\":\"http:\\\/\\\/www.salon-zenetbio.com\\\/le-reseau\\\/exposer\\\/pourquoi-exposer\\\/\",\"name\":\"Pourquoi exposer ? - Le r\u00e9seau ZEN&amp;BIO\",\"isPartOf\":{\"@id\":\"https:\\\/\\\/www.salon-zenetbio.com\\\/le-reseau\\\/#website\"},\"datePublished\":\"2017-01-24T13:15:36+00:00\",\"dateModified\":\"2026-02-17T15:23:48+00:00\",\"breadcrumb\":{\"@id\":\"http:\\\/\\\/www.salon-zenetbio.com\\\/le-reseau\\\/exposer\\\/pourquoi-exposer\\\/#breadcrumb\"},\"inLanguage\":\"fr-FR\",\"potentialAction\":[{\"@type\":\"ReadAction\",\"target\":[\"http:\\\/\\\/www.salon-zenetbio.com\\\/le-reseau\\\/exposer\\\/pourquoi-exposer\\\/\"]}]},{\"@type\":\"BreadcrumbList\",\"@id\":\"http:\\\/\\\/www.salon-zenetbio.com\\\/le-reseau\\\/exposer\\\/pourquoi-exposer\\\/#breadcrumb\",\"itemListElement\":[{\"@type\":\"ListItem\",\"position\":1,\"name\":\"Accueil\",\"item\":\"https:\\\/\\\/www.salon-zenetbio.com\\\/le-reseau\\\/\"},{\"@type\":\"ListItem\",\"position\":2,\"name\":\"Exposer sur le salon\",\"item\":\"https:\\\/\\\/www.salon-zenetbio.com\\\/le-reseau\\\/exposer\\\/\"},{\"@type\":\"ListItem\",\"position\":3,\"name\":\"Pourquoi exposer ?\"}]},{\"@type\":\"WebSite\",\"@id\":\"https:\\\/\\\/www.salon-zenetbio.com\\\/le-reseau\\\/#website\",\"url\":\"https:\\\/\\\/www.salon-zenetbio.com\\\/le-reseau\\\/\",\"name\":\"Le r\u00e9seau ZEN&amp;BIO\",\"description\":\"Profitez du savoir-faire des salons ZEN&amp;BIO\",\"publisher\":{\"@id\":\"https:\\\/\\\/www.salon-zenetbio.com\\\/le-reseau\\\/#organization\"},\"potentialAction\":[{\"@type\":\"SearchAction\",\"target\":{\"@type\":\"EntryPoint\",\"urlTemplate\":\"https:\\\/\\\/www.salon-zenetbio.com\\\/le-reseau\\\/?s={search_term_string}\"},\"query-input\":{\"@type\":\"PropertyValueSpecification\",\"valueRequired\":true,\"valueName\":\"search_term_string\"}}],\"inLanguage\":\"fr-FR\"},{\"@type\":\"Organization\",\"@id\":\"https:\\\/\\\/www.salon-zenetbio.com\\\/le-reseau\\\/#organization\",\"name\":\"Le r\u00e9seau ZEN&amp;BIO\",\"url\":\"https:\\\/\\\/www.salon-zenetbio.com\\\/le-reseau\\\/\",\"logo\":{\"@type\":\"ImageObject\",\"inLanguage\":\"fr-FR\",\"@id\":\"https:\\\/\\\/www.salon-zenetbio.com\\\/le-reseau\\\/#\\\/schema\\\/logo\\\/image\\\/\",\"url\":\"http:\\\/\\\/www.salon-zenetbio.com\\\/le-reseau\\\/wp-content\\\/uploads\\\/sites\\\/6\\\/2017\\\/05\\\/RESEAU-zen-et-bio-1.jpg\",\"contentUrl\":\"http:\\\/\\\/www.salon-zenetbio.com\\\/le-reseau\\\/wp-content\\\/uploads\\\/sites\\\/6\\\/2017\\\/05\\\/RESEAU-zen-et-bio-1.jpg\",\"width\":210,\"height\":150,\"caption\":\"Le r\u00e9seau ZEN&amp;BIO\"},\"image\":{\"@id\":\"https:\\\/\\\/www.salon-zenetbio.com\\\/le-reseau\\\/#\\\/schema\\\/logo\\\/image\\\/\"}}]}<\/script>\n<!-- \/ Yoast SEO plugin. -->","yoast_head_json":{"title":"Pourquoi exposer ? - Le r\u00e9seau ZEN&amp;BIO","robots":{"index":"index","follow":"follow","max-snippet":"max-snippet:-1","max-image-preview":"max-image-preview:large","max-video-preview":"max-video-preview:-1"},"canonical":"http:\/\/www.salon-zenetbio.com\/le-reseau\/exposer\/pourquoi-exposer\/","og_locale":"fr_FR","og_type":"article","og_title":"Pourquoi exposer ? - Le r\u00e9seau ZEN&amp;BIO","og_description":"Chaque salon du R\u00e9seau Zen &amp; Bio se d\u00e9roule sur 3 jours (du vendredi au dimanche) et accueille des visiteurs en recherche de bien-\u00eatre, de produits de qualit\u00e9 respectueux de l\u2019environnement. Les salons du r\u00e9seau Zen &amp; Bio sont organis\u00e9s par des professionnels du bien-\u00eatre, du bio et du d\u00e9veloppement durable. Participez au salons du&hellip;","og_url":"http:\/\/www.salon-zenetbio.com\/le-reseau\/exposer\/pourquoi-exposer\/","og_site_name":"Le r\u00e9seau ZEN&amp;BIO","article_modified_time":"2026-02-17T15:23:48+00:00","twitter_card":"summary_large_image","twitter_misc":{"Dur\u00e9e de lecture estim\u00e9e":"5 minutes"},"schema":{"@context":"https:\/\/schema.org","@graph":[{"@type":"WebPage","@id":"http:\/\/www.salon-zenetbio.com\/le-reseau\/exposer\/pourquoi-exposer\/","url":"http:\/\/www.salon-zenetbio.com\/le-reseau\/exposer\/pourquoi-exposer\/","name":"Pourquoi exposer ? - Le r\u00e9seau ZEN&amp;BIO","isPartOf":{"@id":"https:\/\/www.salon-zenetbio.com\/le-reseau\/#website"},"datePublished":"2017-01-24T13:15:36+00:00","dateModified":"2026-02-17T15:23:48+00:00","breadcrumb":{"@id":"http:\/\/www.salon-zenetbio.com\/le-reseau\/exposer\/pourquoi-exposer\/#breadcrumb"},"inLanguage":"fr-FR","potentialAction":[{"@type":"ReadAction","target":["http:\/\/www.salon-zenetbio.com\/le-reseau\/exposer\/pourquoi-exposer\/"]}]},{"@type":"BreadcrumbList","@id":"http:\/\/www.salon-zenetbio.com\/le-reseau\/exposer\/pourquoi-exposer\/#breadcrumb","itemListElement":[{"@type":"ListItem","position":1,"name":"Accueil","item":"https:\/\/www.salon-zenetbio.com\/le-reseau\/"},{"@type":"ListItem","position":2,"name":"Exposer sur le salon","item":"https:\/\/www.salon-zenetbio.com\/le-reseau\/exposer\/"},{"@type":"ListItem","position":3,"name":"Pourquoi exposer ?"}]},{"@type":"WebSite","@id":"https:\/\/www.salon-zenetbio.com\/le-reseau\/#website","url":"https:\/\/www.salon-zenetbio.com\/le-reseau\/","name":"Le r\u00e9seau ZEN&amp;BIO","description":"Profitez du savoir-faire des salons ZEN&amp;BIO","publisher":{"@id":"https:\/\/www.salon-zenetbio.com\/le-reseau\/#organization"},"potentialAction":[{"@type":"SearchAction","target":{"@type":"EntryPoint","urlTemplate":"https:\/\/www.salon-zenetbio.com\/le-reseau\/?s={search_term_string}"},"query-input":{"@type":"PropertyValueSpecification","valueRequired":true,"valueName":"search_term_string"}}],"inLanguage":"fr-FR"},{"@type":"Organization","@id":"https:\/\/www.salon-zenetbio.com\/le-reseau\/#organization","name":"Le r\u00e9seau ZEN&amp;BIO","url":"https:\/\/www.salon-zenetbio.com\/le-reseau\/","logo":{"@type":"ImageObject","inLanguage":"fr-FR","@id":"https:\/\/www.salon-zenetbio.com\/le-reseau\/#\/schema\/logo\/image\/","url":"http:\/\/www.salon-zenetbio.com\/le-reseau\/wp-content\/uploads\/sites\/6\/2017\/05\/RESEAU-zen-et-bio-1.jpg","contentUrl":"http:\/\/www.salon-zenetbio.com\/le-reseau\/wp-content\/uploads\/sites\/6\/2017\/05\/RESEAU-zen-et-bio-1.jpg","width":210,"height":150,"caption":"Le r\u00e9seau ZEN&amp;BIO"},"image":{"@id":"https:\/\/www.salon-zenetbio.com\/le-reseau\/#\/schema\/logo\/image\/"}}]}},"jetpack_sharing_enabled":true,"jetpack_shortlink":"https:\/\/wp.me\/P9aNoA-Di","_links":{"self":[{"href":"http:\/\/www.salon-zenetbio.com\/le-reseau\/wp-json\/wp\/v2\/pages\/2436","targetHints":{"allow":["GET"]}}],"collection":[{"href":"http:\/\/www.salon-zenetbio.com\/le-reseau\/wp-json\/wp\/v2\/pages"}],"about":[{"href":"http:\/\/www.salon-zenetbio.com\/le-reseau\/wp-json\/wp\/v2\/types\/page"}],"author":[{"embeddable":true,"href":"http:\/\/www.salon-zenetbio.com\/le-reseau\/wp-json\/wp\/v2\/users\/1"}],"replies":[{"embeddable":true,"href":"http:\/\/www.salon-zenetbio.com\/le-reseau\/wp-json\/wp\/v2\/comments?post=2436"}],"version-history":[{"count":74,"href":"http:\/\/www.salon-zenetbio.com\/le-reseau\/wp-json\/wp\/v2\/pages\/2436\/revisions"}],"predecessor-version":[{"id":5669,"href":"http:\/\/www.salon-zenetbio.com\/le-reseau\/wp-json\/wp\/v2\/pages\/2436\/revisions\/5669"}],"up":[{"embeddable":true,"href":"http:\/\/www.salon-zenetbio.com\/le-reseau\/wp-json\/wp\/v2\/pages\/2087"}],"wp:attachment":[{"href":"http:\/\/www.salon-zenetbio.com\/le-reseau\/wp-json\/wp\/v2\/media?parent=2436"}],"curies":[{"name":"wp","href":"https:\/\/api.w.org\/{rel}","templated":true}]}}