{"id":4337,"date":"2019-05-02T10:24:52","date_gmt":"2019-05-02T08:24:52","guid":{"rendered":"http:\/\/www.salon-zenetbio.com\/le-reseau\/?page_id=4337"},"modified":"2022-01-26T17:46:31","modified_gmt":"2022-01-26T16:46:31","slug":"reservez-de-la-publicite","status":"publish","type":"page","link":"http:\/\/www.salon-zenetbio.com\/le-reseau\/reservez-de-la-publicite\/","title":{"rendered":"R\u00e9servez de la publicit\u00e9"},"content":{"rendered":"<h2>Avant l&rsquo;\u00e9v\u00e8nement : Cr\u00e9ez du lien<\/h2>\n<ul>\n<li>Bus mailing\u00a0: insertion d&rsquo;un flyer personnalis\u00e9 dans les mailings d&rsquo;invitation de la Spas<\/li>\n<\/ul>\n<h2>Pendant l&rsquo;\u00e9v\u00e9nement : jouez la visibilit\u00e9 et optimisez votre pr\u00e9sence<\/h2>\n<ul>\n<li>Pr\u00e9sence sur le\u00a0plan du salon\u00a0pour guider les visiteurs vers votre stand : insertion publicitaire, logo situant votre stand<\/li>\n<li>Distribution de flyers \u00e0 l&rsquo;entr\u00e9e du salon<\/li>\n<li>Sponsoring\u00a0d&rsquo;une animation, d&rsquo;une conf\u00e9rence, d&rsquo;un p\u00f4le du salon, de la garderie enfants..<\/li>\n<\/ul>\n<h2>Apr\u00e8s l&rsquo;\u00e9v\u00e9nement : entretenez la relation<\/h2>\n<ul>\n<li>Sur le site du salon concern\u00e9\u00a0: banni\u00e8re interactive, logo dans la liste des exposants<\/li>\n<li>Dans nos newsletters\u00a0: banni\u00e8re interactive, lien sponsoris\u00e9<\/li>\n<\/ul>\n<p>&nbsp;<\/p>\n<hr \/>\n<p>Vous avez d&rsquo;autres souhaits de communication, une op\u00e9ration sp\u00e9ciale \u00e0 nous soumettre, devenir sponsor<br \/>\nde l&rsquo;\u00e9v\u00e8nement ? Contactez-nous pour voir comment faire aboutir ensemble votre projet !<br \/>\n<strong>Benjamin COSTIOU<\/strong><br \/>\nChef de projets salons<br \/>\n01 45 56 09 09<br \/>\nbcostiou@spas-expo.com<\/p>\n","protected":false},"excerpt":{"rendered":"<p>Avant l&rsquo;\u00e9v\u00e8nement : Cr\u00e9ez du lien Bus mailing\u00a0: insertion d&rsquo;un flyer personnalis\u00e9 dans les mailings d&rsquo;invitation de la Spas Pendant l&rsquo;\u00e9v\u00e9nement : jouez la visibilit\u00e9 et optimisez votre pr\u00e9sence Pr\u00e9sence sur le\u00a0plan du salon\u00a0pour guider les visiteurs vers votre stand : insertion publicitaire, logo situant votre stand Distribution de flyers \u00e0 l&rsquo;entr\u00e9e du salon Sponsoring\u00a0d&rsquo;une&hellip; <\/p>\n","protected":false},"author":1,"featured_media":0,"parent":0,"menu_order":0,"comment_status":"closed","ping_status":"closed","template":"","meta":{"_monsterinsights_skip_tracking":false,"_monsterinsights_sitenote_active":false,"_monsterinsights_sitenote_note":"","_monsterinsights_sitenote_category":0,"jetpack_post_was_ever_published":false,"footnotes":""},"class_list":["post-4337","page","type-page","status-publish","hentry"],"yoast_head":"<!-- This site is optimized with the Yoast SEO plugin v27.3 - https:\/\/yoast.com\/product\/yoast-seo-wordpress\/ -->\n<title>R\u00e9servez de la publicit\u00e9 - Le r\u00e9seau ZEN&amp;BIO<\/title>\n<meta name=\"robots\" content=\"index, follow, max-snippet:-1, max-image-preview:large, max-video-preview:-1\" \/>\n<link rel=\"canonical\" href=\"http:\/\/www.salon-zenetbio.com\/le-reseau\/reservez-de-la-publicite\/\" \/>\n<meta property=\"og:locale\" content=\"fr_FR\" \/>\n<meta property=\"og:type\" content=\"article\" \/>\n<meta property=\"og:title\" content=\"R\u00e9servez de la publicit\u00e9 - Le r\u00e9seau ZEN&amp;BIO\" \/>\n<meta property=\"og:description\" content=\"Avant l&rsquo;\u00e9v\u00e8nement : Cr\u00e9ez du lien Bus mailing\u00a0: insertion d&rsquo;un flyer personnalis\u00e9 dans les mailings d&rsquo;invitation de la Spas Pendant l&rsquo;\u00e9v\u00e9nement : jouez la visibilit\u00e9 et optimisez votre pr\u00e9sence Pr\u00e9sence sur le\u00a0plan du salon\u00a0pour guider les visiteurs vers votre stand : insertion publicitaire, logo situant votre stand Distribution de flyers \u00e0 l&rsquo;entr\u00e9e du salon Sponsoring\u00a0d&rsquo;une&hellip;\" \/>\n<meta property=\"og:url\" content=\"http:\/\/www.salon-zenetbio.com\/le-reseau\/reservez-de-la-publicite\/\" \/>\n<meta property=\"og:site_name\" content=\"Le r\u00e9seau ZEN&amp;BIO\" \/>\n<meta property=\"article:modified_time\" content=\"2022-01-26T16:46:31+00:00\" \/>\n<meta name=\"twitter:card\" content=\"summary_large_image\" \/>\n<meta name=\"twitter:label1\" content=\"Dur\u00e9e de lecture estim\u00e9e\" \/>\n\t<meta name=\"twitter:data1\" content=\"1 minute\" \/>\n<script type=\"application\/ld+json\" class=\"yoast-schema-graph\">{\"@context\":\"https:\\\/\\\/schema.org\",\"@graph\":[{\"@type\":\"WebPage\",\"@id\":\"http:\\\/\\\/www.salon-zenetbio.com\\\/le-reseau\\\/reservez-de-la-publicite\\\/\",\"url\":\"http:\\\/\\\/www.salon-zenetbio.com\\\/le-reseau\\\/reservez-de-la-publicite\\\/\",\"name\":\"R\u00e9servez de la publicit\u00e9 - Le r\u00e9seau ZEN&amp;BIO\",\"isPartOf\":{\"@id\":\"https:\\\/\\\/www.salon-zenetbio.com\\\/le-reseau\\\/#website\"},\"datePublished\":\"2019-05-02T08:24:52+00:00\",\"dateModified\":\"2022-01-26T16:46:31+00:00\",\"breadcrumb\":{\"@id\":\"http:\\\/\\\/www.salon-zenetbio.com\\\/le-reseau\\\/reservez-de-la-publicite\\\/#breadcrumb\"},\"inLanguage\":\"fr-FR\",\"potentialAction\":[{\"@type\":\"ReadAction\",\"target\":[\"http:\\\/\\\/www.salon-zenetbio.com\\\/le-reseau\\\/reservez-de-la-publicite\\\/\"]}]},{\"@type\":\"BreadcrumbList\",\"@id\":\"http:\\\/\\\/www.salon-zenetbio.com\\\/le-reseau\\\/reservez-de-la-publicite\\\/#breadcrumb\",\"itemListElement\":[{\"@type\":\"ListItem\",\"position\":1,\"name\":\"Accueil\",\"item\":\"https:\\\/\\\/www.salon-zenetbio.com\\\/le-reseau\\\/\"},{\"@type\":\"ListItem\",\"position\":2,\"name\":\"R\u00e9servez de la publicit\u00e9\"}]},{\"@type\":\"WebSite\",\"@id\":\"https:\\\/\\\/www.salon-zenetbio.com\\\/le-reseau\\\/#website\",\"url\":\"https:\\\/\\\/www.salon-zenetbio.com\\\/le-reseau\\\/\",\"name\":\"Le r\u00e9seau ZEN&amp;BIO\",\"description\":\"Profitez du savoir-faire des salons ZEN&amp;BIO\",\"publisher\":{\"@id\":\"https:\\\/\\\/www.salon-zenetbio.com\\\/le-reseau\\\/#organization\"},\"potentialAction\":[{\"@type\":\"SearchAction\",\"target\":{\"@type\":\"EntryPoint\",\"urlTemplate\":\"https:\\\/\\\/www.salon-zenetbio.com\\\/le-reseau\\\/?s={search_term_string}\"},\"query-input\":{\"@type\":\"PropertyValueSpecification\",\"valueRequired\":true,\"valueName\":\"search_term_string\"}}],\"inLanguage\":\"fr-FR\"},{\"@type\":\"Organization\",\"@id\":\"https:\\\/\\\/www.salon-zenetbio.com\\\/le-reseau\\\/#organization\",\"name\":\"Le r\u00e9seau ZEN&amp;BIO\",\"url\":\"https:\\\/\\\/www.salon-zenetbio.com\\\/le-reseau\\\/\",\"logo\":{\"@type\":\"ImageObject\",\"inLanguage\":\"fr-FR\",\"@id\":\"https:\\\/\\\/www.salon-zenetbio.com\\\/le-reseau\\\/#\\\/schema\\\/logo\\\/image\\\/\",\"url\":\"http:\\\/\\\/www.salon-zenetbio.com\\\/le-reseau\\\/wp-content\\\/uploads\\\/sites\\\/6\\\/2017\\\/05\\\/RESEAU-zen-et-bio-1.jpg\",\"contentUrl\":\"http:\\\/\\\/www.salon-zenetbio.com\\\/le-reseau\\\/wp-content\\\/uploads\\\/sites\\\/6\\\/2017\\\/05\\\/RESEAU-zen-et-bio-1.jpg\",\"width\":210,\"height\":150,\"caption\":\"Le r\u00e9seau ZEN&amp;BIO\"},\"image\":{\"@id\":\"https:\\\/\\\/www.salon-zenetbio.com\\\/le-reseau\\\/#\\\/schema\\\/logo\\\/image\\\/\"}}]}<\/script>\n<!-- \/ Yoast SEO plugin. -->","yoast_head_json":{"title":"R\u00e9servez de la publicit\u00e9 - Le r\u00e9seau ZEN&amp;BIO","robots":{"index":"index","follow":"follow","max-snippet":"max-snippet:-1","max-image-preview":"max-image-preview:large","max-video-preview":"max-video-preview:-1"},"canonical":"http:\/\/www.salon-zenetbio.com\/le-reseau\/reservez-de-la-publicite\/","og_locale":"fr_FR","og_type":"article","og_title":"R\u00e9servez de la publicit\u00e9 - Le r\u00e9seau ZEN&amp;BIO","og_description":"Avant l&rsquo;\u00e9v\u00e8nement : Cr\u00e9ez du lien Bus mailing\u00a0: insertion d&rsquo;un flyer personnalis\u00e9 dans les mailings d&rsquo;invitation de la Spas Pendant l&rsquo;\u00e9v\u00e9nement : jouez la visibilit\u00e9 et optimisez votre pr\u00e9sence Pr\u00e9sence sur le\u00a0plan du salon\u00a0pour guider les visiteurs vers votre stand : insertion publicitaire, logo situant votre stand Distribution de flyers \u00e0 l&rsquo;entr\u00e9e du salon Sponsoring\u00a0d&rsquo;une&hellip;","og_url":"http:\/\/www.salon-zenetbio.com\/le-reseau\/reservez-de-la-publicite\/","og_site_name":"Le r\u00e9seau ZEN&amp;BIO","article_modified_time":"2022-01-26T16:46:31+00:00","twitter_card":"summary_large_image","twitter_misc":{"Dur\u00e9e de lecture estim\u00e9e":"1 minute"},"schema":{"@context":"https:\/\/schema.org","@graph":[{"@type":"WebPage","@id":"http:\/\/www.salon-zenetbio.com\/le-reseau\/reservez-de-la-publicite\/","url":"http:\/\/www.salon-zenetbio.com\/le-reseau\/reservez-de-la-publicite\/","name":"R\u00e9servez de la publicit\u00e9 - Le r\u00e9seau ZEN&amp;BIO","isPartOf":{"@id":"https:\/\/www.salon-zenetbio.com\/le-reseau\/#website"},"datePublished":"2019-05-02T08:24:52+00:00","dateModified":"2022-01-26T16:46:31+00:00","breadcrumb":{"@id":"http:\/\/www.salon-zenetbio.com\/le-reseau\/reservez-de-la-publicite\/#breadcrumb"},"inLanguage":"fr-FR","potentialAction":[{"@type":"ReadAction","target":["http:\/\/www.salon-zenetbio.com\/le-reseau\/reservez-de-la-publicite\/"]}]},{"@type":"BreadcrumbList","@id":"http:\/\/www.salon-zenetbio.com\/le-reseau\/reservez-de-la-publicite\/#breadcrumb","itemListElement":[{"@type":"ListItem","position":1,"name":"Accueil","item":"https:\/\/www.salon-zenetbio.com\/le-reseau\/"},{"@type":"ListItem","position":2,"name":"R\u00e9servez de la publicit\u00e9"}]},{"@type":"WebSite","@id":"https:\/\/www.salon-zenetbio.com\/le-reseau\/#website","url":"https:\/\/www.salon-zenetbio.com\/le-reseau\/","name":"Le r\u00e9seau ZEN&amp;BIO","description":"Profitez du savoir-faire des salons ZEN&amp;BIO","publisher":{"@id":"https:\/\/www.salon-zenetbio.com\/le-reseau\/#organization"},"potentialAction":[{"@type":"SearchAction","target":{"@type":"EntryPoint","urlTemplate":"https:\/\/www.salon-zenetbio.com\/le-reseau\/?s={search_term_string}"},"query-input":{"@type":"PropertyValueSpecification","valueRequired":true,"valueName":"search_term_string"}}],"inLanguage":"fr-FR"},{"@type":"Organization","@id":"https:\/\/www.salon-zenetbio.com\/le-reseau\/#organization","name":"Le r\u00e9seau ZEN&amp;BIO","url":"https:\/\/www.salon-zenetbio.com\/le-reseau\/","logo":{"@type":"ImageObject","inLanguage":"fr-FR","@id":"https:\/\/www.salon-zenetbio.com\/le-reseau\/#\/schema\/logo\/image\/","url":"http:\/\/www.salon-zenetbio.com\/le-reseau\/wp-content\/uploads\/sites\/6\/2017\/05\/RESEAU-zen-et-bio-1.jpg","contentUrl":"http:\/\/www.salon-zenetbio.com\/le-reseau\/wp-content\/uploads\/sites\/6\/2017\/05\/RESEAU-zen-et-bio-1.jpg","width":210,"height":150,"caption":"Le r\u00e9seau ZEN&amp;BIO"},"image":{"@id":"https:\/\/www.salon-zenetbio.com\/le-reseau\/#\/schema\/logo\/image\/"}}]}},"jetpack_sharing_enabled":true,"jetpack_shortlink":"https:\/\/wp.me\/P9aNoA-17X","_links":{"self":[{"href":"http:\/\/www.salon-zenetbio.com\/le-reseau\/wp-json\/wp\/v2\/pages\/4337","targetHints":{"allow":["GET"]}}],"collection":[{"href":"http:\/\/www.salon-zenetbio.com\/le-reseau\/wp-json\/wp\/v2\/pages"}],"about":[{"href":"http:\/\/www.salon-zenetbio.com\/le-reseau\/wp-json\/wp\/v2\/types\/page"}],"author":[{"embeddable":true,"href":"http:\/\/www.salon-zenetbio.com\/le-reseau\/wp-json\/wp\/v2\/users\/1"}],"replies":[{"embeddable":true,"href":"http:\/\/www.salon-zenetbio.com\/le-reseau\/wp-json\/wp\/v2\/comments?post=4337"}],"version-history":[{"count":5,"href":"http:\/\/www.salon-zenetbio.com\/le-reseau\/wp-json\/wp\/v2\/pages\/4337\/revisions"}],"predecessor-version":[{"id":4717,"href":"http:\/\/www.salon-zenetbio.com\/le-reseau\/wp-json\/wp\/v2\/pages\/4337\/revisions\/4717"}],"wp:attachment":[{"href":"http:\/\/www.salon-zenetbio.com\/le-reseau\/wp-json\/wp\/v2\/media?parent=4337"}],"curies":[{"name":"wp","href":"https:\/\/api.w.org\/{rel}","templated":true}]}}