{"id":2094,"date":"2016-10-05T16:22:43","date_gmt":"2016-10-05T14:22:43","guid":{"rendered":"http:\/\/localhost:8888\/natexpo\/?page_id=2094"},"modified":"2026-03-10T15:02:24","modified_gmt":"2026-03-10T14:02:24","slug":"infos-pratiques","status":"publish","type":"page","link":"http:\/\/www.salon-zenetbio.com\/lyon\/infos-pratiques\/","title":{"rendered":"Infos pratiques"},"content":{"rendered":"<h2><a href=\"https:\/\/www.salon-zenetbio.com\/lyon\/infos-pratiques\/comment-venir-2\/\" target=\"_blank\" rel=\"noopener noreferrer\">Comment venir ?<\/a><\/h2>\n<p>En voiture, en train, \u00e0 v\u00e9lo, \u00e0 pied ou encore en trottinette, tous les chemins vous m\u00e8nent au salon Zen &amp; Bio Lyon.<br \/>\nConsultez le <em><a href=\"https:\/\/www.eurexpo.com\/\" target=\"_blank\" rel=\"noopener noreferrer\">site internet<\/a> <\/em>du\u00a0Parc des expositions de Lyon<\/p>\n<h2><a href=\"https:\/\/www.salon-zenetbio.com\/lyon\/infos-pratiques\/comment-venir\/\">Informations pratiques<\/a><\/h2>\n<ul>\n<li>Du 20 au 22 novembre 2026<\/li>\n<li>De 10h \u00e0 19h, le dimanche \u00e0 18h \u2013 derni\u00e8re entr\u00e9e 1\/2 heure avant la fermeture<\/li>\n<li>Eurexpo Lyon<\/li>\n<\/ul>\n<p>Les animaux ne sont pas accept\u00e9s sur le salon.<\/p>\n<h2><a href=\"https:\/\/www.salon-zenetbio.com\/lyon\/infos-pratiques\/service-livraison\/\" target=\"_blank\" rel=\"noopener noreferrer\">Service Livraison<\/a><\/h2>\n<p>Un service de livraison vous est propos\u00e9 sur le salon Zen &amp; Bio \u00e0 Lyon<\/p>\n<h2><a href=\"https:\/\/www.salon-zenetbio.com\/lyon\/infos-pratiques\/contact\/\">Contacts<\/a><\/h2>\n<p>Le salon Zen &amp; Bio Lyon est organis\u00e9 par SPAS Organisation<\/p>\n","protected":false},"excerpt":{"rendered":"<p>Comment venir ? En voiture, en train, \u00e0 v\u00e9lo, \u00e0 pied ou encore en trottinette, tous les chemins vous m\u00e8nent au salon Zen &amp; Bio Lyon. Consultez le site internet du\u00a0Parc des expositions de Lyon Informations pratiques Du 20 au 22 novembre 2026 De 10h \u00e0 19h, le dimanche \u00e0 18h \u2013 derni\u00e8re entr\u00e9e 1\/2&hellip; <\/p>\n","protected":false},"author":1,"featured_media":0,"parent":0,"menu_order":0,"comment_status":"closed","ping_status":"closed","template":"","meta":{"_monsterinsights_skip_tracking":false,"_monsterinsights_sitenote_active":false,"_monsterinsights_sitenote_note":"","_monsterinsights_sitenote_category":0,"footnotes":""},"class_list":["post-2094","page","type-page","status-publish","hentry"],"yoast_head":"<!-- This site is optimized with the Yoast SEO plugin v27.5 - https:\/\/yoast.com\/product\/yoast-seo-wordpress\/ -->\n<title>Infos pratiques - Salon Zen&amp;Bio Lyon<\/title>\n<meta name=\"robots\" content=\"index, follow, max-snippet:-1, max-image-preview:large, max-video-preview:-1\" \/>\n<link rel=\"canonical\" href=\"https:\/\/www.salon-zenetbio.com\/lyon\/infos-pratiques\/\" \/>\n<meta property=\"og:locale\" content=\"fr_FR\" \/>\n<meta property=\"og:type\" content=\"article\" \/>\n<meta property=\"og:title\" content=\"Infos pratiques - Salon Zen&amp;Bio Lyon\" \/>\n<meta property=\"og:description\" content=\"Comment venir ? En voiture, en train, \u00e0 v\u00e9lo, \u00e0 pied ou encore en trottinette, tous les chemins vous m\u00e8nent au salon Zen &amp; Bio Lyon. Consultez le site internet du\u00a0Parc des expositions de Lyon Informations pratiques Du 20 au 22 novembre 2026 De 10h \u00e0 19h, le dimanche \u00e0 18h \u2013 derni\u00e8re entr\u00e9e 1\/2&hellip;\" \/>\n<meta property=\"og:url\" content=\"https:\/\/www.salon-zenetbio.com\/lyon\/infos-pratiques\/\" \/>\n<meta property=\"og:site_name\" content=\"Salon Zen&amp;Bio Lyon\" \/>\n<meta property=\"article:modified_time\" content=\"2026-03-10T14:02:24+00:00\" \/>\n<meta name=\"twitter:card\" content=\"summary_large_image\" \/>\n<meta name=\"twitter:label1\" content=\"Dur\u00e9e de lecture estim\u00e9e\" \/>\n\t<meta name=\"twitter:data1\" content=\"1 minute\" \/>\n<script type=\"application\/ld+json\" class=\"yoast-schema-graph\">{\"@context\":\"https:\\\/\\\/schema.org\",\"@graph\":[{\"@type\":\"WebPage\",\"@id\":\"https:\\\/\\\/www.salon-zenetbio.com\\\/lyon\\\/infos-pratiques\\\/\",\"url\":\"https:\\\/\\\/www.salon-zenetbio.com\\\/lyon\\\/infos-pratiques\\\/\",\"name\":\"Infos pratiques - Salon Zen&amp;Bio Lyon\",\"isPartOf\":{\"@id\":\"https:\\\/\\\/www.salon-zenetbio.com\\\/lyon\\\/#website\"},\"datePublished\":\"2016-10-05T14:22:43+00:00\",\"dateModified\":\"2026-03-10T14:02:24+00:00\",\"breadcrumb\":{\"@id\":\"https:\\\/\\\/www.salon-zenetbio.com\\\/lyon\\\/infos-pratiques\\\/#breadcrumb\"},\"inLanguage\":\"fr-FR\",\"potentialAction\":[{\"@type\":\"ReadAction\",\"target\":[\"https:\\\/\\\/www.salon-zenetbio.com\\\/lyon\\\/infos-pratiques\\\/\"]}]},{\"@type\":\"BreadcrumbList\",\"@id\":\"https:\\\/\\\/www.salon-zenetbio.com\\\/lyon\\\/infos-pratiques\\\/#breadcrumb\",\"itemListElement\":[{\"@type\":\"ListItem\",\"position\":1,\"name\":\"Accueil\",\"item\":\"https:\\\/\\\/www.salon-zenetbio.com\\\/lyon\\\/\"},{\"@type\":\"ListItem\",\"position\":2,\"name\":\"Infos pratiques\"}]},{\"@type\":\"WebSite\",\"@id\":\"https:\\\/\\\/www.salon-zenetbio.com\\\/lyon\\\/#website\",\"url\":\"https:\\\/\\\/www.salon-zenetbio.com\\\/lyon\\\/\",\"name\":\"Salon Zen&amp;Bio Lyon\",\"description\":\"salon Zen&amp;Bio Lyon : votre salon \u00e9colo, bio, bien-\u00eatre et habitat sain\",\"publisher\":{\"@id\":\"https:\\\/\\\/www.salon-zenetbio.com\\\/lyon\\\/#organization\"},\"potentialAction\":[{\"@type\":\"SearchAction\",\"target\":{\"@type\":\"EntryPoint\",\"urlTemplate\":\"https:\\\/\\\/www.salon-zenetbio.com\\\/lyon\\\/?s={search_term_string}\"},\"query-input\":{\"@type\":\"PropertyValueSpecification\",\"valueRequired\":true,\"valueName\":\"search_term_string\"}}],\"inLanguage\":\"fr-FR\"},{\"@type\":\"Organization\",\"@id\":\"https:\\\/\\\/www.salon-zenetbio.com\\\/lyon\\\/#organization\",\"name\":\"Salon Zen&amp;Bio Lyon\",\"url\":\"https:\\\/\\\/www.salon-zenetbio.com\\\/lyon\\\/\",\"logo\":{\"@type\":\"ImageObject\",\"inLanguage\":\"fr-FR\",\"@id\":\"https:\\\/\\\/www.salon-zenetbio.com\\\/lyon\\\/#\\\/schema\\\/logo\\\/image\\\/\",\"url\":\"http:\\\/\\\/www.salon-zenetbio.com\\\/lyon\\\/wp-content\\\/uploads\\\/sites\\\/12\\\/2026\\\/03\\\/cropped-Logo-ZEN-et-BIO-lyon-2026-1.png\",\"contentUrl\":\"http:\\\/\\\/www.salon-zenetbio.com\\\/lyon\\\/wp-content\\\/uploads\\\/sites\\\/12\\\/2026\\\/03\\\/cropped-Logo-ZEN-et-BIO-lyon-2026-1.png\",\"width\":921,\"height\":255,\"caption\":\"Salon Zen&amp;Bio Lyon\"},\"image\":{\"@id\":\"https:\\\/\\\/www.salon-zenetbio.com\\\/lyon\\\/#\\\/schema\\\/logo\\\/image\\\/\"}}]}<\/script>\n<!-- \/ Yoast SEO plugin. -->","yoast_head_json":{"title":"Infos pratiques - Salon Zen&amp;Bio Lyon","robots":{"index":"index","follow":"follow","max-snippet":"max-snippet:-1","max-image-preview":"max-image-preview:large","max-video-preview":"max-video-preview:-1"},"canonical":"https:\/\/www.salon-zenetbio.com\/lyon\/infos-pratiques\/","og_locale":"fr_FR","og_type":"article","og_title":"Infos pratiques - Salon Zen&amp;Bio Lyon","og_description":"Comment venir ? En voiture, en train, \u00e0 v\u00e9lo, \u00e0 pied ou encore en trottinette, tous les chemins vous m\u00e8nent au salon Zen &amp; Bio Lyon. Consultez le site internet du\u00a0Parc des expositions de Lyon Informations pratiques Du 20 au 22 novembre 2026 De 10h \u00e0 19h, le dimanche \u00e0 18h \u2013 derni\u00e8re entr\u00e9e 1\/2&hellip;","og_url":"https:\/\/www.salon-zenetbio.com\/lyon\/infos-pratiques\/","og_site_name":"Salon Zen&amp;Bio Lyon","article_modified_time":"2026-03-10T14:02:24+00:00","twitter_card":"summary_large_image","twitter_misc":{"Dur\u00e9e de lecture estim\u00e9e":"1 minute"},"schema":{"@context":"https:\/\/schema.org","@graph":[{"@type":"WebPage","@id":"https:\/\/www.salon-zenetbio.com\/lyon\/infos-pratiques\/","url":"https:\/\/www.salon-zenetbio.com\/lyon\/infos-pratiques\/","name":"Infos pratiques - Salon Zen&amp;Bio Lyon","isPartOf":{"@id":"https:\/\/www.salon-zenetbio.com\/lyon\/#website"},"datePublished":"2016-10-05T14:22:43+00:00","dateModified":"2026-03-10T14:02:24+00:00","breadcrumb":{"@id":"https:\/\/www.salon-zenetbio.com\/lyon\/infos-pratiques\/#breadcrumb"},"inLanguage":"fr-FR","potentialAction":[{"@type":"ReadAction","target":["https:\/\/www.salon-zenetbio.com\/lyon\/infos-pratiques\/"]}]},{"@type":"BreadcrumbList","@id":"https:\/\/www.salon-zenetbio.com\/lyon\/infos-pratiques\/#breadcrumb","itemListElement":[{"@type":"ListItem","position":1,"name":"Accueil","item":"https:\/\/www.salon-zenetbio.com\/lyon\/"},{"@type":"ListItem","position":2,"name":"Infos pratiques"}]},{"@type":"WebSite","@id":"https:\/\/www.salon-zenetbio.com\/lyon\/#website","url":"https:\/\/www.salon-zenetbio.com\/lyon\/","name":"Salon Zen&amp;Bio Lyon","description":"salon Zen&amp;Bio Lyon : votre salon \u00e9colo, bio, bien-\u00eatre et habitat sain","publisher":{"@id":"https:\/\/www.salon-zenetbio.com\/lyon\/#organization"},"potentialAction":[{"@type":"SearchAction","target":{"@type":"EntryPoint","urlTemplate":"https:\/\/www.salon-zenetbio.com\/lyon\/?s={search_term_string}"},"query-input":{"@type":"PropertyValueSpecification","valueRequired":true,"valueName":"search_term_string"}}],"inLanguage":"fr-FR"},{"@type":"Organization","@id":"https:\/\/www.salon-zenetbio.com\/lyon\/#organization","name":"Salon Zen&amp;Bio Lyon","url":"https:\/\/www.salon-zenetbio.com\/lyon\/","logo":{"@type":"ImageObject","inLanguage":"fr-FR","@id":"https:\/\/www.salon-zenetbio.com\/lyon\/#\/schema\/logo\/image\/","url":"http:\/\/www.salon-zenetbio.com\/lyon\/wp-content\/uploads\/sites\/12\/2026\/03\/cropped-Logo-ZEN-et-BIO-lyon-2026-1.png","contentUrl":"http:\/\/www.salon-zenetbio.com\/lyon\/wp-content\/uploads\/sites\/12\/2026\/03\/cropped-Logo-ZEN-et-BIO-lyon-2026-1.png","width":921,"height":255,"caption":"Salon Zen&amp;Bio Lyon"},"image":{"@id":"https:\/\/www.salon-zenetbio.com\/lyon\/#\/schema\/logo\/image\/"}}]}},"_links":{"self":[{"href":"http:\/\/www.salon-zenetbio.com\/lyon\/wp-json\/wp\/v2\/pages\/2094","targetHints":{"allow":["GET"]}}],"collection":[{"href":"http:\/\/www.salon-zenetbio.com\/lyon\/wp-json\/wp\/v2\/pages"}],"about":[{"href":"http:\/\/www.salon-zenetbio.com\/lyon\/wp-json\/wp\/v2\/types\/page"}],"author":[{"embeddable":true,"href":"http:\/\/www.salon-zenetbio.com\/lyon\/wp-json\/wp\/v2\/users\/1"}],"replies":[{"embeddable":true,"href":"http:\/\/www.salon-zenetbio.com\/lyon\/wp-json\/wp\/v2\/comments?post=2094"}],"version-history":[{"count":18,"href":"http:\/\/www.salon-zenetbio.com\/lyon\/wp-json\/wp\/v2\/pages\/2094\/revisions"}],"predecessor-version":[{"id":12964,"href":"http:\/\/www.salon-zenetbio.com\/lyon\/wp-json\/wp\/v2\/pages\/2094\/revisions\/12964"}],"wp:attachment":[{"href":"http:\/\/www.salon-zenetbio.com\/lyon\/wp-json\/wp\/v2\/media?parent=2094"}],"curies":[{"name":"wp","href":"https:\/\/api.w.org\/{rel}","templated":true}]}}