{"id":4836,"date":"2018-05-07T16:57:38","date_gmt":"2018-05-07T14:57:38","guid":{"rendered":"https:\/\/www.vivez-nature.com\/lyon\/?page_id=4836"},"modified":"2026-03-10T14:59:48","modified_gmt":"2026-03-10T13:59:48","slug":"archives-presse","status":"publish","type":"page","link":"http:\/\/www.salon-zenetbio.com\/lyon\/archives-presse\/","title":{"rendered":"Archives presse"},"content":{"rendered":"<p>Consultez ici les archives presse des salons VIVEZ NATURE Lyon<\/p>\n<p><strong>2025<br \/>\n<\/strong><a href=\"https:\/\/www.salon-zenetbio.com\/lyon\/wp-content\/uploads\/sites\/12\/2025\/07\/CP-Save-The-date-versionfinale.pdf\" target=\"_blank\" rel=\"noopener\">CP1 &#8211; Save the date ! La 25<span class=\"s1\">e <\/span>\u00e9dition du Salon Zen &amp; Bio de Lyon vous donne rendez-vous du vendredi 14 au dimanche 16 novembre 2025 \u00e0 Eurexpo pour trois jours de reconnexion \u00e0 soi, aux autres et au vivant.<\/a><br \/>\n<a href=\"https:\/\/www.salon-zenetbio.com\/lyon\/wp-content\/uploads\/sites\/12\/2025\/10\/CP-ZENBIO-2025-VF.pdf\" target=\"_blank\" rel=\"noopener\">CP2 &#8211; Salon Zen &amp; Bio : 25 ans de tendances et d\u2019innovations pour prendre soin de soi<\/a><strong><br \/>\n<\/strong><\/p>\n<p><strong>2024<\/strong><br \/>\n<a href=\"https:\/\/www.salon-zenetbio.com\/lyon\/wp-content\/uploads\/sites\/12\/2024\/07\/Save-the-date-Salon-zen-bio-2024.pdf\" target=\"_blank\" rel=\"noopener\">CP1 : Save The Date Zen&amp;Bio Lyon 2024<\/a><br \/>\n<a href=\"https:\/\/www.salon-zenetbio.com\/lyon\/wp-content\/uploads\/sites\/12\/2024\/11\/CP-ZENetBIO-2024.pdf\" target=\"_blank\" rel=\"noopener\">CP2 : 3 jours pour d\u00e9couvrir les derni\u00e8res tendances et les incontournables d\u2019un mode de vie \u00e9thique, \u00e9colo, bio et responsable<\/a><\/p>\n<p><strong>2023<br \/>\n<\/strong><a href=\"https:\/\/www.salon-zenetbio.com\/lyon\/wp-content\/uploads\/sites\/12\/2023\/09\/Save-the-date-zen-bio-2023-VF.pdf\" target=\"_blank\" rel=\"noopener\">CP Save The Date<\/a><br \/>\n<a href=\"https:\/\/www.salon-zenetbio.com\/lyon\/wp-content\/uploads\/sites\/12\/2023\/10\/CP-agenda-2023.pdf\" target=\"_blank\" rel=\"noopener\">CP agenda &#8211; Zen&amp;Bio Lyon : le rendez-vous des amoureux du bio et du bien-e\u0302tre local revient du 17 au 19 novembre<\/a><br \/>\n<a href=\"https:\/\/www.salon-zenetbio.com\/lyon\/wp-content\/uploads\/sites\/12\/2023\/11\/pitch-1.pdf\" target=\"_blank\" rel=\"noopener\">Pitch1 &#8211; Les \u00ab\u00a0P&rsquo;tits Nouveaux\u00a0\u00bb au salon du bio et du ben-\u00eatre local \u00e0 Lyon !<\/a><br \/>\n<a href=\"https:\/\/www.salon-zenetbio.com\/lyon\/wp-content\/uploads\/sites\/12\/2023\/11\/pitch-2.pdf\" target=\"_blank\" rel=\"noopener\">Pitch 2 &#8211; Autoconsommation et e\u0301nergies renouvelables, a\u0300 quoi ressemblera la maison de demain ?<\/a><br \/>\n<a href=\"https:\/\/www.salon-zenetbio.com\/lyon\/wp-content\/uploads\/sites\/12\/2023\/11\/pitch-3.pdf\" target=\"_blank\" rel=\"noopener\">Pitch 3 &#8211; Comment devenir roi de sa propre vie et avoir la possibilit\u00e9 d\u2019\u00eatre pleinement en harmonie avec soi-m\u00eame ? <\/a><\/p>\n<p><strong>2022<\/strong><br \/>\n<a href=\"https:\/\/www.salon-zenetbio.com\/lyon\/wp-content\/uploads\/sites\/12\/2022\/10\/CP-agenda-2022-ZenBio-Lyon-V2_compressed.pdf\" target=\"_blank\" rel=\"noopener\">CP1 &#8211; L\u2019univers de la bio, du bien-e\u0302tre et de l\u2019habitat sain revient a\u0300 Lyon du 18 au 20 novembre 2022 !<\/a><br \/>\n<a href=\"https:\/\/www.salon-zenetbio.com\/lyon\/wp-content\/uploads\/sites\/12\/2022\/09\/Save-the-date-ZenBio-Lyon-vdef.png\" target=\"_blank\" rel=\"noopener\">Save The Date &#8211; Zen &amp; Bio Lyon 2022<\/a><strong>2021<br \/>\n<\/strong><a href=\"https:\/\/www.salon-zenetbio.com\/lyon\/wp-content\/uploads\/sites\/12\/2021\/10\/STD-ZenBio-Lyon2021.pdf\" target=\"_blank\" rel=\"noopener\">Save The Date &#8211; Zen &amp; Bio Lyon 2021<\/a><br \/>\n<a href=\"https:\/\/www.salon-zenetbio.com\/lyon\/wp-content\/uploads\/sites\/12\/2021\/11\/DP-Zen-Bio-Lyon-final.pdf\" target=\"_blank\" rel=\"noopener\">Dossier de Presse &#8211; Zen &amp; Bio Lyon 2021<\/a><\/p>\n<p><strong>2020<\/strong><br \/>\n<a href=\"https:\/\/www.salon-zenetbio.com\/lyon\/wp-content\/uploads\/sites\/12\/2020\/10\/STD-ZenBio2020-V3.pdf\">Save The Date &#8211; Zen &amp; Bio Lyon 2020<\/a><br \/>\n<a href=\"https:\/\/www.salon-zenetbio.com\/lyon\/wp-content\/uploads\/sites\/12\/2020\/10\/CP-report-Lyon.pdf\" target=\"_blank\" rel=\"noopener noreferrer\">Le salon Zen &amp; Bio Lyon 2020 est report\u00e9<\/a><\/p>\n<p><strong>2019<\/strong><br \/>\n<a href=\"https:\/\/www.vivez-nature.com\/lyon\/wp-content\/uploads\/sites\/7\/2019\/09\/CP-agenda-VDEF.pdf\" target=\"_blank\" rel=\"noopener noreferrer\">Communiqu\u00e9 Agenda &#8211; Vivez Nature Lyon 2019<\/a><br \/>\n<a href=\"https:\/\/www.vivez-nature.com\/lyon\/wp-content\/uploads\/sites\/7\/2019\/11\/DP-VIVEZNATURE2019-VDEF_compressed.pdf\" target=\"_blank\" rel=\"noopener noreferrer\">Dossier de presse &#8211; Vivez Nature Lyon 2019<\/a><\/p>\n<p><strong>Edition Nov 2018<br \/>\n<\/strong><a href=\"https:\/\/www.vivez-nature.com\/lyon\/wp-content\/uploads\/sites\/7\/2018\/10\/CP-agenda-VN-LYON-Nov-2018.pdf\" target=\"_blank\" rel=\"noopener noreferrer\">CP agenda VN LYON Nov 2018<\/a><br \/>\n<a href=\"https:\/\/www.vivez-nature.com\/lyon\/wp-content\/uploads\/sites\/7\/2018\/11\/DP-VIVEZNATURE-V4.pdf\" target=\"_blank\" rel=\"noopener noreferrer\">Dossier de presse VN LYON Nov 2018<\/a><\/p>\n<p><strong>Edition du 20 au 23 avril 2018<\/strong><br \/>\n<a href=\"https:\/\/www.vivez-nature.com\/lyon\/wp-content\/uploads\/sites\/7\/2018\/04\/Communique%CC%81-de-presse-VIVEZ-NATURE-LYON-2018.pdf\" target=\"_blank\" rel=\"noopener noreferrer\">Communique\u0301 de presse VIVEZ NATURE LYON 2018<br \/>\n<\/a><a href=\"https:\/\/www.vivez-nature.com\/lyon\/wp-content\/uploads\/sites\/7\/2018\/04\/DP-LYOn-2018.pdf\" target=\"_blank\" rel=\"noopener noreferrer\">Dossier de presse Vivez Nature Lyon 2018<\/a><\/p>\n","protected":false},"excerpt":{"rendered":"<p>Consultez ici les archives presse des salons VIVEZ NATURE Lyon 2025 CP1 &#8211; Save the date ! La 25e \u00e9dition du Salon Zen &amp; Bio de Lyon vous donne rendez-vous du vendredi 14 au dimanche 16 novembre 2025 \u00e0 Eurexpo pour trois jours de reconnexion \u00e0 soi, aux autres et au vivant. CP2 &#8211; Salon&hellip; <\/p>\n","protected":false},"author":1,"featured_media":0,"parent":0,"menu_order":0,"comment_status":"closed","ping_status":"closed","template":"","meta":{"_monsterinsights_skip_tracking":false,"_monsterinsights_sitenote_active":false,"_monsterinsights_sitenote_note":"","_monsterinsights_sitenote_category":0,"footnotes":""},"class_list":["post-4836","page","type-page","status-publish","hentry"],"yoast_head":"<!-- This site is optimized with the Yoast SEO plugin v27.5 - https:\/\/yoast.com\/product\/yoast-seo-wordpress\/ -->\n<title>Archives presse - Salon Zen&amp;Bio Lyon<\/title>\n<meta name=\"robots\" content=\"index, follow, max-snippet:-1, max-image-preview:large, max-video-preview:-1\" \/>\n<link rel=\"canonical\" href=\"http:\/\/www.salon-zenetbio.com\/lyon\/archives-presse\/\" \/>\n<meta property=\"og:locale\" content=\"fr_FR\" \/>\n<meta property=\"og:type\" content=\"article\" \/>\n<meta property=\"og:title\" content=\"Archives presse - Salon Zen&amp;Bio Lyon\" \/>\n<meta property=\"og:description\" content=\"Consultez ici les archives presse des salons VIVEZ NATURE Lyon 2025 CP1 &#8211; Save the date ! La 25e \u00e9dition du Salon Zen &amp; Bio de Lyon vous donne rendez-vous du vendredi 14 au dimanche 16 novembre 2025 \u00e0 Eurexpo pour trois jours de reconnexion \u00e0 soi, aux autres et au vivant. CP2 &#8211; Salon&hellip;\" \/>\n<meta property=\"og:url\" content=\"http:\/\/www.salon-zenetbio.com\/lyon\/archives-presse\/\" \/>\n<meta property=\"og:site_name\" content=\"Salon Zen&amp;Bio Lyon\" \/>\n<meta property=\"article:modified_time\" content=\"2026-03-10T13:59:48+00:00\" \/>\n<meta name=\"twitter:card\" content=\"summary_large_image\" \/>\n<meta name=\"twitter:label1\" content=\"Dur\u00e9e de lecture estim\u00e9e\" \/>\n\t<meta name=\"twitter:data1\" content=\"2 minutes\" \/>\n<script type=\"application\/ld+json\" class=\"yoast-schema-graph\">{\"@context\":\"https:\\\/\\\/schema.org\",\"@graph\":[{\"@type\":\"WebPage\",\"@id\":\"http:\\\/\\\/www.salon-zenetbio.com\\\/lyon\\\/archives-presse\\\/\",\"url\":\"http:\\\/\\\/www.salon-zenetbio.com\\\/lyon\\\/archives-presse\\\/\",\"name\":\"Archives presse - Salon Zen&amp;Bio Lyon\",\"isPartOf\":{\"@id\":\"https:\\\/\\\/www.salon-zenetbio.com\\\/lyon\\\/#website\"},\"datePublished\":\"2018-05-07T14:57:38+00:00\",\"dateModified\":\"2026-03-10T13:59:48+00:00\",\"breadcrumb\":{\"@id\":\"http:\\\/\\\/www.salon-zenetbio.com\\\/lyon\\\/archives-presse\\\/#breadcrumb\"},\"inLanguage\":\"fr-FR\",\"potentialAction\":[{\"@type\":\"ReadAction\",\"target\":[\"http:\\\/\\\/www.salon-zenetbio.com\\\/lyon\\\/archives-presse\\\/\"]}]},{\"@type\":\"BreadcrumbList\",\"@id\":\"http:\\\/\\\/www.salon-zenetbio.com\\\/lyon\\\/archives-presse\\\/#breadcrumb\",\"itemListElement\":[{\"@type\":\"ListItem\",\"position\":1,\"name\":\"Accueil\",\"item\":\"https:\\\/\\\/www.salon-zenetbio.com\\\/lyon\\\/\"},{\"@type\":\"ListItem\",\"position\":2,\"name\":\"Archives presse\"}]},{\"@type\":\"WebSite\",\"@id\":\"https:\\\/\\\/www.salon-zenetbio.com\\\/lyon\\\/#website\",\"url\":\"https:\\\/\\\/www.salon-zenetbio.com\\\/lyon\\\/\",\"name\":\"Salon Zen&amp;Bio Lyon\",\"description\":\"salon Zen&amp;Bio Lyon : votre salon \u00e9colo, bio, bien-\u00eatre et habitat sain\",\"publisher\":{\"@id\":\"https:\\\/\\\/www.salon-zenetbio.com\\\/lyon\\\/#organization\"},\"potentialAction\":[{\"@type\":\"SearchAction\",\"target\":{\"@type\":\"EntryPoint\",\"urlTemplate\":\"https:\\\/\\\/www.salon-zenetbio.com\\\/lyon\\\/?s={search_term_string}\"},\"query-input\":{\"@type\":\"PropertyValueSpecification\",\"valueRequired\":true,\"valueName\":\"search_term_string\"}}],\"inLanguage\":\"fr-FR\"},{\"@type\":\"Organization\",\"@id\":\"https:\\\/\\\/www.salon-zenetbio.com\\\/lyon\\\/#organization\",\"name\":\"Salon Zen&amp;Bio Lyon\",\"url\":\"https:\\\/\\\/www.salon-zenetbio.com\\\/lyon\\\/\",\"logo\":{\"@type\":\"ImageObject\",\"inLanguage\":\"fr-FR\",\"@id\":\"https:\\\/\\\/www.salon-zenetbio.com\\\/lyon\\\/#\\\/schema\\\/logo\\\/image\\\/\",\"url\":\"http:\\\/\\\/www.salon-zenetbio.com\\\/lyon\\\/wp-content\\\/uploads\\\/sites\\\/12\\\/2026\\\/03\\\/cropped-Logo-ZEN-et-BIO-lyon-2026-1.png\",\"contentUrl\":\"http:\\\/\\\/www.salon-zenetbio.com\\\/lyon\\\/wp-content\\\/uploads\\\/sites\\\/12\\\/2026\\\/03\\\/cropped-Logo-ZEN-et-BIO-lyon-2026-1.png\",\"width\":921,\"height\":255,\"caption\":\"Salon Zen&amp;Bio Lyon\"},\"image\":{\"@id\":\"https:\\\/\\\/www.salon-zenetbio.com\\\/lyon\\\/#\\\/schema\\\/logo\\\/image\\\/\"}}]}<\/script>\n<!-- \/ Yoast SEO plugin. -->","yoast_head_json":{"title":"Archives presse - Salon Zen&amp;Bio Lyon","robots":{"index":"index","follow":"follow","max-snippet":"max-snippet:-1","max-image-preview":"max-image-preview:large","max-video-preview":"max-video-preview:-1"},"canonical":"http:\/\/www.salon-zenetbio.com\/lyon\/archives-presse\/","og_locale":"fr_FR","og_type":"article","og_title":"Archives presse - Salon Zen&amp;Bio Lyon","og_description":"Consultez ici les archives presse des salons VIVEZ NATURE Lyon 2025 CP1 &#8211; Save the date ! La 25e \u00e9dition du Salon Zen &amp; Bio de Lyon vous donne rendez-vous du vendredi 14 au dimanche 16 novembre 2025 \u00e0 Eurexpo pour trois jours de reconnexion \u00e0 soi, aux autres et au vivant. CP2 &#8211; Salon&hellip;","og_url":"http:\/\/www.salon-zenetbio.com\/lyon\/archives-presse\/","og_site_name":"Salon Zen&amp;Bio Lyon","article_modified_time":"2026-03-10T13:59:48+00:00","twitter_card":"summary_large_image","twitter_misc":{"Dur\u00e9e de lecture estim\u00e9e":"2 minutes"},"schema":{"@context":"https:\/\/schema.org","@graph":[{"@type":"WebPage","@id":"http:\/\/www.salon-zenetbio.com\/lyon\/archives-presse\/","url":"http:\/\/www.salon-zenetbio.com\/lyon\/archives-presse\/","name":"Archives presse - Salon Zen&amp;Bio Lyon","isPartOf":{"@id":"https:\/\/www.salon-zenetbio.com\/lyon\/#website"},"datePublished":"2018-05-07T14:57:38+00:00","dateModified":"2026-03-10T13:59:48+00:00","breadcrumb":{"@id":"http:\/\/www.salon-zenetbio.com\/lyon\/archives-presse\/#breadcrumb"},"inLanguage":"fr-FR","potentialAction":[{"@type":"ReadAction","target":["http:\/\/www.salon-zenetbio.com\/lyon\/archives-presse\/"]}]},{"@type":"BreadcrumbList","@id":"http:\/\/www.salon-zenetbio.com\/lyon\/archives-presse\/#breadcrumb","itemListElement":[{"@type":"ListItem","position":1,"name":"Accueil","item":"https:\/\/www.salon-zenetbio.com\/lyon\/"},{"@type":"ListItem","position":2,"name":"Archives presse"}]},{"@type":"WebSite","@id":"https:\/\/www.salon-zenetbio.com\/lyon\/#website","url":"https:\/\/www.salon-zenetbio.com\/lyon\/","name":"Salon Zen&amp;Bio Lyon","description":"salon Zen&amp;Bio Lyon : votre salon \u00e9colo, bio, bien-\u00eatre et habitat sain","publisher":{"@id":"https:\/\/www.salon-zenetbio.com\/lyon\/#organization"},"potentialAction":[{"@type":"SearchAction","target":{"@type":"EntryPoint","urlTemplate":"https:\/\/www.salon-zenetbio.com\/lyon\/?s={search_term_string}"},"query-input":{"@type":"PropertyValueSpecification","valueRequired":true,"valueName":"search_term_string"}}],"inLanguage":"fr-FR"},{"@type":"Organization","@id":"https:\/\/www.salon-zenetbio.com\/lyon\/#organization","name":"Salon Zen&amp;Bio Lyon","url":"https:\/\/www.salon-zenetbio.com\/lyon\/","logo":{"@type":"ImageObject","inLanguage":"fr-FR","@id":"https:\/\/www.salon-zenetbio.com\/lyon\/#\/schema\/logo\/image\/","url":"http:\/\/www.salon-zenetbio.com\/lyon\/wp-content\/uploads\/sites\/12\/2026\/03\/cropped-Logo-ZEN-et-BIO-lyon-2026-1.png","contentUrl":"http:\/\/www.salon-zenetbio.com\/lyon\/wp-content\/uploads\/sites\/12\/2026\/03\/cropped-Logo-ZEN-et-BIO-lyon-2026-1.png","width":921,"height":255,"caption":"Salon Zen&amp;Bio Lyon"},"image":{"@id":"https:\/\/www.salon-zenetbio.com\/lyon\/#\/schema\/logo\/image\/"}}]}},"_links":{"self":[{"href":"http:\/\/www.salon-zenetbio.com\/lyon\/wp-json\/wp\/v2\/pages\/4836","targetHints":{"allow":["GET"]}}],"collection":[{"href":"http:\/\/www.salon-zenetbio.com\/lyon\/wp-json\/wp\/v2\/pages"}],"about":[{"href":"http:\/\/www.salon-zenetbio.com\/lyon\/wp-json\/wp\/v2\/types\/page"}],"author":[{"embeddable":true,"href":"http:\/\/www.salon-zenetbio.com\/lyon\/wp-json\/wp\/v2\/users\/1"}],"replies":[{"embeddable":true,"href":"http:\/\/www.salon-zenetbio.com\/lyon\/wp-json\/wp\/v2\/comments?post=4836"}],"version-history":[{"count":7,"href":"http:\/\/www.salon-zenetbio.com\/lyon\/wp-json\/wp\/v2\/pages\/4836\/revisions"}],"predecessor-version":[{"id":12962,"href":"http:\/\/www.salon-zenetbio.com\/lyon\/wp-json\/wp\/v2\/pages\/4836\/revisions\/12962"}],"wp:attachment":[{"href":"http:\/\/www.salon-zenetbio.com\/lyon\/wp-json\/wp\/v2\/media?parent=4836"}],"curies":[{"name":"wp","href":"https:\/\/api.w.org\/{rel}","templated":true}]}}