{"id":4877,"date":"2018-08-22T15:03:17","date_gmt":"2018-08-22T13:03:17","guid":{"rendered":"https:\/\/www.vivez-nature.com\/lyon\/?page_id=4877"},"modified":"2021-07-06T15:07:48","modified_gmt":"2021-07-06T13:07:48","slug":"bio-tv","status":"publish","type":"page","link":"http:\/\/www.salon-zenetbio.com\/lyon\/presse\/nos-partenaires\/bio-tv\/","title":{"rendered":"Bio TV"},"content":{"rendered":"<div id=\"primary\">\n<section id=\"post-5920\" class=\"post-5920 page type-page status-publish hentry\">\n<article>\n<div class=\"entry-content clearfix\">\n<p><img fetchpriority=\"high\" decoding=\"async\" class=\"alignnone size-full wp-image-8046\" src=\"https:\/\/www.salon-zenetbio.com\/lyon\/wp-content\/uploads\/sites\/12\/2020\/03\/LOGO_BIOTV-e1625576798403.jpg\" alt=\"\" width=\"500\" height=\"152\" \/><\/p>\n<p>BIO TV est la premi\u00e8re web TV d\u00e9di\u00e9e aux acteurs de la bio. Informez vous de fa\u00e7on ludique sur le secteur, les nouveaut\u00e9s produits, les salons\u2026<\/p>\n<p><a href=\"https:\/\/www.annuairevert.com\/biotv-video-professionnelle\" target=\"_blank\" rel=\"noopener noreferrer\">www.annuairevert.com\/biotv-video-professionnelle<\/a><\/p>\n<\/div>\n<\/article>\n<\/section>\n<\/div>\n<div id=\"secondary\"><\/div>\n","protected":false},"excerpt":{"rendered":"<p>BIO TV est la premi\u00e8re web TV d\u00e9di\u00e9e aux acteurs de la bio. Informez vous de fa\u00e7on ludique sur le secteur, les nouveaut\u00e9s produits, les salons\u2026 www.annuairevert.com\/biotv-video-professionnelle<\/p>\n","protected":false},"author":1,"featured_media":0,"parent":2456,"menu_order":0,"comment_status":"closed","ping_status":"closed","template":"","meta":{"_monsterinsights_skip_tracking":false,"_monsterinsights_sitenote_active":false,"_monsterinsights_sitenote_note":"","_monsterinsights_sitenote_category":0,"footnotes":""},"class_list":["post-4877","page","type-page","status-publish","hentry"],"yoast_head":"<!-- This site is optimized with the Yoast SEO plugin v27.3 - https:\/\/yoast.com\/product\/yoast-seo-wordpress\/ -->\n<title>Bio TV - Salon Zen&amp;Bio Lyon<\/title>\n<meta name=\"robots\" content=\"index, follow, max-snippet:-1, max-image-preview:large, max-video-preview:-1\" \/>\n<link rel=\"canonical\" href=\"http:\/\/www.salon-zenetbio.com\/lyon\/presse\/nos-partenaires\/bio-tv\/\" \/>\n<meta property=\"og:locale\" content=\"fr_FR\" \/>\n<meta property=\"og:type\" content=\"article\" \/>\n<meta property=\"og:title\" content=\"Bio TV - Salon Zen&amp;Bio Lyon\" \/>\n<meta property=\"og:description\" content=\"BIO TV est la premi\u00e8re web TV d\u00e9di\u00e9e aux acteurs de la bio. Informez vous de fa\u00e7on ludique sur le secteur, les nouveaut\u00e9s produits, les salons\u2026 www.annuairevert.com\/biotv-video-professionnelle\" \/>\n<meta property=\"og:url\" content=\"http:\/\/www.salon-zenetbio.com\/lyon\/presse\/nos-partenaires\/bio-tv\/\" \/>\n<meta property=\"og:site_name\" content=\"Salon Zen&amp;Bio Lyon\" \/>\n<meta property=\"article:modified_time\" content=\"2021-07-06T13:07:48+00:00\" \/>\n<meta property=\"og:image\" content=\"https:\/\/www.salon-zenetbio.com\/lyon\/wp-content\/uploads\/sites\/12\/2020\/03\/LOGO_BIOTV-e1625576798403.jpg\" \/>\n<meta name=\"twitter:card\" content=\"summary_large_image\" \/>\n<script type=\"application\/ld+json\" class=\"yoast-schema-graph\">{\"@context\":\"https:\\\/\\\/schema.org\",\"@graph\":[{\"@type\":\"WebPage\",\"@id\":\"http:\\\/\\\/www.salon-zenetbio.com\\\/lyon\\\/presse\\\/nos-partenaires\\\/bio-tv\\\/\",\"url\":\"http:\\\/\\\/www.salon-zenetbio.com\\\/lyon\\\/presse\\\/nos-partenaires\\\/bio-tv\\\/\",\"name\":\"Bio TV - Salon Zen&amp;Bio Lyon\",\"isPartOf\":{\"@id\":\"https:\\\/\\\/www.salon-zenetbio.com\\\/lyon\\\/#website\"},\"primaryImageOfPage\":{\"@id\":\"http:\\\/\\\/www.salon-zenetbio.com\\\/lyon\\\/presse\\\/nos-partenaires\\\/bio-tv\\\/#primaryimage\"},\"image\":{\"@id\":\"http:\\\/\\\/www.salon-zenetbio.com\\\/lyon\\\/presse\\\/nos-partenaires\\\/bio-tv\\\/#primaryimage\"},\"thumbnailUrl\":\"https:\\\/\\\/www.salon-zenetbio.com\\\/lyon\\\/wp-content\\\/uploads\\\/sites\\\/12\\\/2020\\\/03\\\/LOGO_BIOTV-e1625576798403.jpg\",\"datePublished\":\"2018-08-22T13:03:17+00:00\",\"dateModified\":\"2021-07-06T13:07:48+00:00\",\"breadcrumb\":{\"@id\":\"http:\\\/\\\/www.salon-zenetbio.com\\\/lyon\\\/presse\\\/nos-partenaires\\\/bio-tv\\\/#breadcrumb\"},\"inLanguage\":\"fr-FR\",\"potentialAction\":[{\"@type\":\"ReadAction\",\"target\":[\"http:\\\/\\\/www.salon-zenetbio.com\\\/lyon\\\/presse\\\/nos-partenaires\\\/bio-tv\\\/\"]}]},{\"@type\":\"ImageObject\",\"inLanguage\":\"fr-FR\",\"@id\":\"http:\\\/\\\/www.salon-zenetbio.com\\\/lyon\\\/presse\\\/nos-partenaires\\\/bio-tv\\\/#primaryimage\",\"url\":\"http:\\\/\\\/www.salon-zenetbio.com\\\/lyon\\\/wp-content\\\/uploads\\\/sites\\\/12\\\/2020\\\/03\\\/LOGO_BIOTV-e1625576798403.jpg\",\"contentUrl\":\"http:\\\/\\\/www.salon-zenetbio.com\\\/lyon\\\/wp-content\\\/uploads\\\/sites\\\/12\\\/2020\\\/03\\\/LOGO_BIOTV-e1625576798403.jpg\",\"width\":500,\"height\":152},{\"@type\":\"BreadcrumbList\",\"@id\":\"http:\\\/\\\/www.salon-zenetbio.com\\\/lyon\\\/presse\\\/nos-partenaires\\\/bio-tv\\\/#breadcrumb\",\"itemListElement\":[{\"@type\":\"ListItem\",\"position\":1,\"name\":\"Accueil\",\"item\":\"https:\\\/\\\/www.salon-zenetbio.com\\\/lyon\\\/\"},{\"@type\":\"ListItem\",\"position\":2,\"name\":\"Communication\\\/presse et partenaires\",\"item\":\"https:\\\/\\\/www.salon-zenetbio.com\\\/lyon\\\/presse\\\/\"},{\"@type\":\"ListItem\",\"position\":3,\"name\":\"Nos partenaires\",\"item\":\"http:\\\/\\\/www.salon-zenetbio.com\\\/lyon\\\/presse\\\/nos-partenaires\\\/\"},{\"@type\":\"ListItem\",\"position\":4,\"name\":\"Bio TV\"}]},{\"@type\":\"WebSite\",\"@id\":\"https:\\\/\\\/www.salon-zenetbio.com\\\/lyon\\\/#website\",\"url\":\"https:\\\/\\\/www.salon-zenetbio.com\\\/lyon\\\/\",\"name\":\"Salon Zen&amp;Bio Lyon\",\"description\":\"salon Zen&amp;Bio Lyon : votre salon \u00e9colo, bio, bien-\u00eatre et habitat sain\",\"publisher\":{\"@id\":\"https:\\\/\\\/www.salon-zenetbio.com\\\/lyon\\\/#organization\"},\"potentialAction\":[{\"@type\":\"SearchAction\",\"target\":{\"@type\":\"EntryPoint\",\"urlTemplate\":\"https:\\\/\\\/www.salon-zenetbio.com\\\/lyon\\\/?s={search_term_string}\"},\"query-input\":{\"@type\":\"PropertyValueSpecification\",\"valueRequired\":true,\"valueName\":\"search_term_string\"}}],\"inLanguage\":\"fr-FR\"},{\"@type\":\"Organization\",\"@id\":\"https:\\\/\\\/www.salon-zenetbio.com\\\/lyon\\\/#organization\",\"name\":\"Salon Zen&amp;Bio Lyon\",\"url\":\"https:\\\/\\\/www.salon-zenetbio.com\\\/lyon\\\/\",\"logo\":{\"@type\":\"ImageObject\",\"inLanguage\":\"fr-FR\",\"@id\":\"https:\\\/\\\/www.salon-zenetbio.com\\\/lyon\\\/#\\\/schema\\\/logo\\\/image\\\/\",\"url\":\"http:\\\/\\\/www.salon-zenetbio.com\\\/lyon\\\/wp-content\\\/uploads\\\/sites\\\/12\\\/2026\\\/03\\\/cropped-Logo-ZEN-et-BIO-lyon-2026-1.png\",\"contentUrl\":\"http:\\\/\\\/www.salon-zenetbio.com\\\/lyon\\\/wp-content\\\/uploads\\\/sites\\\/12\\\/2026\\\/03\\\/cropped-Logo-ZEN-et-BIO-lyon-2026-1.png\",\"width\":921,\"height\":255,\"caption\":\"Salon Zen&amp;Bio Lyon\"},\"image\":{\"@id\":\"https:\\\/\\\/www.salon-zenetbio.com\\\/lyon\\\/#\\\/schema\\\/logo\\\/image\\\/\"}}]}<\/script>\n<!-- \/ Yoast SEO plugin. -->","yoast_head_json":{"title":"Bio TV - Salon Zen&amp;Bio Lyon","robots":{"index":"index","follow":"follow","max-snippet":"max-snippet:-1","max-image-preview":"max-image-preview:large","max-video-preview":"max-video-preview:-1"},"canonical":"http:\/\/www.salon-zenetbio.com\/lyon\/presse\/nos-partenaires\/bio-tv\/","og_locale":"fr_FR","og_type":"article","og_title":"Bio TV - Salon Zen&amp;Bio Lyon","og_description":"BIO TV est la premi\u00e8re web TV d\u00e9di\u00e9e aux acteurs de la bio. Informez vous de fa\u00e7on ludique sur le secteur, les nouveaut\u00e9s produits, les salons\u2026 www.annuairevert.com\/biotv-video-professionnelle","og_url":"http:\/\/www.salon-zenetbio.com\/lyon\/presse\/nos-partenaires\/bio-tv\/","og_site_name":"Salon Zen&amp;Bio Lyon","article_modified_time":"2021-07-06T13:07:48+00:00","og_image":[{"url":"https:\/\/www.salon-zenetbio.com\/lyon\/wp-content\/uploads\/sites\/12\/2020\/03\/LOGO_BIOTV-e1625576798403.jpg","type":"","width":"","height":""}],"twitter_card":"summary_large_image","schema":{"@context":"https:\/\/schema.org","@graph":[{"@type":"WebPage","@id":"http:\/\/www.salon-zenetbio.com\/lyon\/presse\/nos-partenaires\/bio-tv\/","url":"http:\/\/www.salon-zenetbio.com\/lyon\/presse\/nos-partenaires\/bio-tv\/","name":"Bio TV - Salon Zen&amp;Bio Lyon","isPartOf":{"@id":"https:\/\/www.salon-zenetbio.com\/lyon\/#website"},"primaryImageOfPage":{"@id":"http:\/\/www.salon-zenetbio.com\/lyon\/presse\/nos-partenaires\/bio-tv\/#primaryimage"},"image":{"@id":"http:\/\/www.salon-zenetbio.com\/lyon\/presse\/nos-partenaires\/bio-tv\/#primaryimage"},"thumbnailUrl":"https:\/\/www.salon-zenetbio.com\/lyon\/wp-content\/uploads\/sites\/12\/2020\/03\/LOGO_BIOTV-e1625576798403.jpg","datePublished":"2018-08-22T13:03:17+00:00","dateModified":"2021-07-06T13:07:48+00:00","breadcrumb":{"@id":"http:\/\/www.salon-zenetbio.com\/lyon\/presse\/nos-partenaires\/bio-tv\/#breadcrumb"},"inLanguage":"fr-FR","potentialAction":[{"@type":"ReadAction","target":["http:\/\/www.salon-zenetbio.com\/lyon\/presse\/nos-partenaires\/bio-tv\/"]}]},{"@type":"ImageObject","inLanguage":"fr-FR","@id":"http:\/\/www.salon-zenetbio.com\/lyon\/presse\/nos-partenaires\/bio-tv\/#primaryimage","url":"http:\/\/www.salon-zenetbio.com\/lyon\/wp-content\/uploads\/sites\/12\/2020\/03\/LOGO_BIOTV-e1625576798403.jpg","contentUrl":"http:\/\/www.salon-zenetbio.com\/lyon\/wp-content\/uploads\/sites\/12\/2020\/03\/LOGO_BIOTV-e1625576798403.jpg","width":500,"height":152},{"@type":"BreadcrumbList","@id":"http:\/\/www.salon-zenetbio.com\/lyon\/presse\/nos-partenaires\/bio-tv\/#breadcrumb","itemListElement":[{"@type":"ListItem","position":1,"name":"Accueil","item":"https:\/\/www.salon-zenetbio.com\/lyon\/"},{"@type":"ListItem","position":2,"name":"Communication\/presse et partenaires","item":"https:\/\/www.salon-zenetbio.com\/lyon\/presse\/"},{"@type":"ListItem","position":3,"name":"Nos partenaires","item":"http:\/\/www.salon-zenetbio.com\/lyon\/presse\/nos-partenaires\/"},{"@type":"ListItem","position":4,"name":"Bio TV"}]},{"@type":"WebSite","@id":"https:\/\/www.salon-zenetbio.com\/lyon\/#website","url":"https:\/\/www.salon-zenetbio.com\/lyon\/","name":"Salon Zen&amp;Bio Lyon","description":"salon Zen&amp;Bio Lyon : votre salon \u00e9colo, bio, bien-\u00eatre et habitat sain","publisher":{"@id":"https:\/\/www.salon-zenetbio.com\/lyon\/#organization"},"potentialAction":[{"@type":"SearchAction","target":{"@type":"EntryPoint","urlTemplate":"https:\/\/www.salon-zenetbio.com\/lyon\/?s={search_term_string}"},"query-input":{"@type":"PropertyValueSpecification","valueRequired":true,"valueName":"search_term_string"}}],"inLanguage":"fr-FR"},{"@type":"Organization","@id":"https:\/\/www.salon-zenetbio.com\/lyon\/#organization","name":"Salon Zen&amp;Bio Lyon","url":"https:\/\/www.salon-zenetbio.com\/lyon\/","logo":{"@type":"ImageObject","inLanguage":"fr-FR","@id":"https:\/\/www.salon-zenetbio.com\/lyon\/#\/schema\/logo\/image\/","url":"http:\/\/www.salon-zenetbio.com\/lyon\/wp-content\/uploads\/sites\/12\/2026\/03\/cropped-Logo-ZEN-et-BIO-lyon-2026-1.png","contentUrl":"http:\/\/www.salon-zenetbio.com\/lyon\/wp-content\/uploads\/sites\/12\/2026\/03\/cropped-Logo-ZEN-et-BIO-lyon-2026-1.png","width":921,"height":255,"caption":"Salon Zen&amp;Bio Lyon"},"image":{"@id":"https:\/\/www.salon-zenetbio.com\/lyon\/#\/schema\/logo\/image\/"}}]}},"_links":{"self":[{"href":"http:\/\/www.salon-zenetbio.com\/lyon\/wp-json\/wp\/v2\/pages\/4877","targetHints":{"allow":["GET"]}}],"collection":[{"href":"http:\/\/www.salon-zenetbio.com\/lyon\/wp-json\/wp\/v2\/pages"}],"about":[{"href":"http:\/\/www.salon-zenetbio.com\/lyon\/wp-json\/wp\/v2\/types\/page"}],"author":[{"embeddable":true,"href":"http:\/\/www.salon-zenetbio.com\/lyon\/wp-json\/wp\/v2\/users\/1"}],"replies":[{"embeddable":true,"href":"http:\/\/www.salon-zenetbio.com\/lyon\/wp-json\/wp\/v2\/comments?post=4877"}],"version-history":[{"count":2,"href":"http:\/\/www.salon-zenetbio.com\/lyon\/wp-json\/wp\/v2\/pages\/4877\/revisions"}],"predecessor-version":[{"id":8051,"href":"http:\/\/www.salon-zenetbio.com\/lyon\/wp-json\/wp\/v2\/pages\/4877\/revisions\/8051"}],"up":[{"embeddable":true,"href":"http:\/\/www.salon-zenetbio.com\/lyon\/wp-json\/wp\/v2\/pages\/2456"}],"wp:attachment":[{"href":"http:\/\/www.salon-zenetbio.com\/lyon\/wp-json\/wp\/v2\/media?parent=4877"}],"curies":[{"name":"wp","href":"https:\/\/api.w.org\/{rel}","templated":true}]}}