{"id":7711,"date":"2020-03-19T18:01:17","date_gmt":"2020-03-19T17:01:17","guid":{"rendered":"http:\/\/www.salon-zenetbio.com\/lyon\/?page_id=7711"},"modified":"2020-03-19T18:01:17","modified_gmt":"2020-03-19T17:01:17","slug":"animations-2019","status":"publish","type":"page","link":"http:\/\/www.salon-zenetbio.com\/lyon\/animations-2019\/","title":{"rendered":"Animations 2019"},"content":{"rendered":"<ul>\n<li><a href=\"#art\"><strong>ESPACE ART &amp; CR\u00c9ATION<\/strong><\/a><\/li>\n<li><a href=\"#vannerie\"><strong>ATELIER VANNERIE<\/strong><\/a><\/li>\n<li><a href=\"#jeux\"><strong>ESPACE JEUX EN BOIS<\/strong><\/a><\/li>\n<li><a href=\"#detente\"><strong>ESPACE D\u00c9TENTE<\/strong><\/a><\/li>\n<li><a href=\"#enfants\"><strong>LE COIN DES ENFANTS<\/strong><\/a><\/li>\n<li><a href=\"#parentalite\"><strong>ESPACE PARENTALIT\u00c9<\/strong><\/a><a id=\"art\"><\/a><\/li>\n<\/ul>\n<h2><strong>ESPACE ART &amp; CR\u00c9ATION<\/strong><\/h2>\n<p style=\"text-align: justify;\">Une activit\u00e9 de cr\u00e9ativit\u00e9 libre, pour se reconnecter \u00e0 soi en pleine conscience le temps d\u2019une peinture.<br \/>\n<em>Organis\u00e9 par ArKadie<\/em><\/p>\n<p style=\"text-align: justify;\"><strong>L\u2019\u00e9quipe est constitu\u00e9e d\u2019art-th\u00e9rapeutes modernes dipl\u00f4m\u00e9es<\/strong><\/p>\n<ul style=\"text-align: justify;\">\n<li><strong>Fran\u00e7oise Bruel <\/strong>de l\u2019Espace Athea\u2019 dominante Arts plastiques, modelage, danse, th\u00e9\u00e2tre\n<ul>\n<li>Lyon<\/li>\n<li><em><a href=\"mailto:francoise.bruel@gmail.com\" target=\"_blank\" rel=\"noopener noreferrer\">francoise.bruel@gmail.com<\/a><\/em><\/li>\n<\/ul>\n<\/li>\n<\/ul>\n<ul style=\"text-align: justify;\">\n<li><strong>Marie Astoul <\/strong>de l&rsquo;atelier Art et Happy dominante peinture, danse, chant et yoga\n<ul>\n<li>Mens et Saint Michel les Portes<\/li>\n<li><em><a href=\"mailto:astoul.m@gmail.com\">m@gmail.com<\/a><\/em><\/li>\n<\/ul>\n<\/li>\n<\/ul>\n<ul style=\"text-align: justify;\">\n<li><strong>Virginie Duthil,<\/strong> Atelier d\u2019art-therapie Arkadie dominante peinture, modelage, Art visuel et corporel, Art plastique,\n<ul>\n<li>Lyon<\/li>\n<li><em><a href=\"http:\/\/www.art-therapie-lyon5.com\/\">art-therapie-lyon5.com<\/a><\/em><\/li>\n<li><em><a href=\"mailto:arkadie69005@yahoo.fr\">arkadie69005@yahoo.fr<\/a><\/em><\/li>\n<\/ul>\n<\/li>\n<\/ul>\n<p style=\"text-align: justify;\"><em>Programme des ateliers propos\u00e9s sur inscription<\/em><\/p>\n<h3 style=\"text-align: justify;\"><strong>Vendredi 15 novembre<\/strong><\/h3>\n<ul style=\"text-align: justify;\">\n<li><strong>11h15 \u00e0 11h45<\/strong>: Atelier adulte et enfant, <em>au-del\u00e0 du but, \u00e9mergence de <img fetchpriority=\"high\" decoding=\"async\" class=\"size-full wp-image-6061 alignright\" src=\"https:\/\/www.vivez-nature.com\/lyon\/wp-content\/uploads\/sites\/7\/2019\/10\/art-therapie.png\" alt=\"\" width=\"247\" height=\"329\" \/> -l\u2019instant r\u00eaver, exp\u00e9rience imaginaire par le graphisme,<\/em> par Virginie Duthil des Ateliers d\u2019art-th\u00e9rapie Arkadie, Lyon 5 et Fran\u00e7oise Bruel, de l\u2019Espace Athea\u2019, Lyon 5.<\/li>\n<li><strong>14h30 \u00e0 15h15 <\/strong>: Atelier adultes et enfants de plus de 7 ans accompagn\u00e9s, <em>le calligramme ou la po\u00e9sie graphique<\/em> , exp\u00e9rience d\u2019\u00e9criture po\u00e9tique et de dessin, atelier anim\u00e9 par Fran\u00e7oise Bruel, de l\u2019Espace Athea\u2019, Lyon 5 et Virginie Duthil des Ateliers d\u2019art-th\u00e9rapie Arkadie, Lyon 5<\/li>\n<li><strong>16h00 \u00e0 16h45<\/strong> : Atelier adultes, <em>le mouvement dans\u00e9<\/em> , exp\u00e9rience de perception corporelle et de (notre) capacit\u00e9 \u00e0 interagir avec les autres , atelier anim\u00e9 par Fran\u00e7oise Bruel, de l\u2019Espace Athea\u2019, Lyon 5 et Virginie Duthil des Ateliers d\u2019art-th\u00e9rapie Arkadie, Lyon 5<\/li>\n<\/ul>\n<h3 style=\"text-align: justify;\"><strong>Samedi 16 novembre<\/strong><\/h3>\n<ul style=\"text-align: justify;\">\n<li><strong>11h15 \u00e0 11h45\u00a0: <\/strong>Atelier enfants de plus de 7 ans accompagn\u00e9s, <em>je suis une montagne<\/em>, <img decoding=\"async\" class=\" wp-image-6062 alignright\" src=\"https:\/\/www.vivez-nature.com\/lyon\/wp-content\/uploads\/sites\/7\/2019\/10\/impression-vegetale.png\" alt=\"\" width=\"287\" height=\"397\" \/>exp\u00e9rience de m\u00e9ditation et de peinture, atelier anim\u00e9 par Fran\u00e7oise Bruel, de l\u2019Espace Athea\u2019, Lyon 5 et Virginie Duthil des Ateliers d\u2019art-th\u00e9rapie Arkadie, Lyon 5<\/li>\n<li><strong>14h30 \u00e0 15h15 :<\/strong> Atelier adultes, <em>s\u2019\u00e9merveiller gr\u00e2ce aux Plantes tinctoriales, exp\u00e9rience d\u2019impression v\u00e9g\u00e9tale <\/em>par Virginie Duthil des Ateliers d\u2019art-th\u00e9rapie Arkadie, Lyon 5, Fran\u00e7oise Bruel, de l\u2019Espace Athea\u2019, Lyon 5 et Marie Astoul, de l&rsquo;atelier Art et Happy, Grenoble\/Tri\u00e8ves<\/li>\n<li><strong>16h00 \u00e0 16h45 :<\/strong> atelier adultes &#8211; enfants de plus 7 ans accompagn\u00e9s, <em>mieux comprendre les Dys, un regard cr\u00e9atif<\/em>, exp\u00e9rience de modelage par Virginie Duthil des Ateliers d\u2019art-th\u00e9rapie Arkadie, Lyon 5, Fran\u00e7oise Bruel, de l\u2019Espace Athea\u2019, Lyon 5 et Marie Astoul, de l&rsquo;atelier Art et Happy, Grenoble\/Tri\u00e8ves<\/li>\n<\/ul>\n<h3 style=\"text-align: justify;\"><strong>Dimanche 17 novembre <\/strong><\/h3>\n<ul style=\"text-align: justify;\">\n<li><strong>11h30 \u00e0 12h45\u00a0: <\/strong>Atelier Yoga et Art-th\u00e9rapie pour Adultes, Exprimer et ce lib\u00e9rer de ses \u00e9motions pour rel\u00e2cher les tensions et ce sentir apais\u00e9, par Marie Astoul de l&rsquo;Atelier art et Happy, Grenoble\/ Tri\u00e8ves, Virginie Duthil des Ateliers d\u2019art-th\u00e9rapie Arkadie, Lyon\u00a05 et Fran\u00e7oise Bruel, de l\u2019Espace Athea\u2019, Lyon 5<\/li>\n<li><strong>14h30 \u00e0 15h15 :<\/strong> Atelier adulte, <em>au-del\u00e0 du but, sensation de l\u2019instant pr\u00e9sent, Douceur liquide exp\u00e9rience de peinture saisonni\u00e8re,<\/em> par Marie Astoul, de l&rsquo;atelier Art et Happy, Grenoble\/Tri\u00e8ves, Virginie Duthil des Ateliers d\u2019art-th\u00e9rapie Arkadie, Lyon 5 et Fran\u00e7oise Bruel, de l\u2019Espace Athea\u2019, Lyon 5<\/li>\n<li><strong>16h00 \u00e0 16h45 : <\/strong>atelier adultes &#8211; enfants de plus 7 ans accompagn\u00e9s, <em>mieux comprendre les Dys, un regard cr\u00e9atif<\/em>, exp\u00e9rience de modelage par Virginie Duthil des Ateliers d\u2019art-th\u00e9rapie Arkadie, Lyon\u00a05 et Fran\u00e7oise Bruel, de l\u2019Espace Athea\u2019, Lyon 5<\/li>\n<\/ul>\n<h3 style=\"text-align: justify;\"><strong>\u00a0<\/strong><strong>Lundi 18 novembre <\/strong><\/h3>\n<ul>\n<li style=\"text-align: justify;\"><strong>14h30 \u00e0 15h15<\/strong> : Atelier adultes, <em>le mouvement dans\u00e9<\/em> , exp\u00e9rience de perception corporelle et de (notre) capacit\u00e9 \u00e0 interagir avec les autres , atelier anim\u00e9 par Fran\u00e7oise Bruel, de l\u2019Espace Athea\u2019, Lyon 5 et Virginie Duthil des Ateliers d\u2019art-th\u00e9rapie Arkadie, Lyon 5<a id=\"vannerie\"><\/a><\/li>\n<li style=\"text-align: justify;\"><strong>16h00 \u00e0 16h45<\/strong>: Atelier\u00a0 adultes et enfants de plus de 7 ans accompagn\u00e9s, <em>le calligramme ou la po\u00e9sie graphique<\/em> , exp\u00e9rience d\u2019\u00e9criture po\u00e9tique et de dessin, atelier anim\u00e9 par Fran\u00e7oise Bruel, de l\u2019Espace Athea\u2019, Lyon 5 et Virginie Duthil des Ateliers d\u2019art-th\u00e9rapie Arkadie, Lyon 5<\/li>\n<\/ul>\n<p><strong>\u00a0<\/strong><strong>\u00a0<\/strong><\/p>\n<h2><strong>ATELIER VANNERIE<\/strong><\/h2>\n<p><img decoding=\"async\" class=\"wp-image-4947 size-medium alignleft\" src=\"https:\/\/www.vivez-nature.com\/lyon\/wp-content\/uploads\/sites\/7\/2018\/09\/vannerie-300x241.png\" alt=\"\" width=\"300\" height=\"241\" \/><\/p>\n<p>&nbsp;<\/p>\n<p style=\"text-align: justify;\">Ateliers enfants et adultes d\u2019initiation \u00e0 la vannerie d\u2019osier et de plantes (2h), propos\u00e9s<\/p>\n<p style=\"text-align: justify;\">par Art &amp; Nature : sensibilisation \u00e0 la nature et \u00e0 sa protection par le biais de l&rsquo;art, au travers d&rsquo;une approche simple et ludique des techniques de vannerie d&rsquo;osier et \u00e0 partir de plantes sauvages et de mati\u00e8re consid\u00e9r\u00e9e comme rebut.<a id=\"jeux\"><\/a><\/p>\n<h2><\/h2>\n<h2><strong>ESPACE JEUX EN BOIS<\/strong><\/h2>\n<p style=\"text-align: justify;\">Pour un moment convivial et ludique en famille<\/p>\n<p style=\"text-align: justify;\">Fabricant et cr\u00e9ateur de Jeux en bois. Nous utilisons diff\u00e9rentes essences de bois du Loiret et de L&rsquo;Yonne. Revente de jouets pour tout \u00e2ge et tout prix.<\/p>\n<p style=\"text-align: justify;\"><img loading=\"lazy\" decoding=\"async\" class=\"wp-image-5940 alignnone\" src=\"https:\/\/www.vivez-nature.com\/lyon\/wp-content\/uploads\/sites\/7\/2019\/09\/acb.png\" alt=\"\" width=\"397\" height=\"234\" \/><\/p>\n<p style=\"text-align: justify;\">Retrouvez-nous sur le site <a href=\"http:\/\/acbjeux.fr\/\" target=\"_blank\" rel=\"noopener noreferrer\">acbjeux.fr<\/a><a id=\"detente\"><\/a><\/p>\n<h2><\/h2>\n<h2><strong>ESPACE D\u00c9TENTE<\/strong><\/h2>\n<p class=\"p1\"><img loading=\"lazy\" decoding=\"async\" class=\" wp-image-6031 alignleft\" src=\"https:\/\/www.vivez-nature.com\/lyon\/wp-content\/uploads\/sites\/7\/2019\/09\/SIEGE.jpg\" alt=\"\" width=\"204\" height=\"281\" \/><\/p>\n<p>&nbsp;<\/p>\n<p class=\"p1\">Venez-vous relaxer chez Bois et Forme, un mobilier au plus proche de l\u2019arbre par ces courbes et ces mouvements.<a id=\"enfants\"><\/a><br \/>\n<em><a href=\"https:\/\/sites.google.com\/site\/boisetformes\/\" target=\"_blank\" rel=\"noopener noreferrer\">Plus d&rsquo;information sur le site internet<\/a><\/em><\/p>\n<p>&nbsp;<\/p>\n<h2><\/h2>\n<h2><\/h2>\n<h2><\/h2>\n<h2><strong>LE COIN DES ENFANTS<\/strong><\/h2>\n<p style=\"text-align: justify;\"><strong>Espace enfants<br \/>\n<\/strong>Animations cr\u00e9atives et bricolages nature \u00e0 base de mat\u00e9riaux de r\u00e9cup\u00e9ration. Samedi et Dimanche, \u00e0 partir de 3 ans.<\/p>\n<p style=\"text-align: justify;\"><strong>Espace b\u00e9b\u00e9s<br \/>\n<\/strong>Espace am\u00e9nag\u00e9 et d\u00e9di\u00e9 aux b\u00e9b\u00e9s et \u00e0 leurs parents pour une pause biberon, change et c\u00e2lins.<a id=\"parentalite\"><\/a><\/p>\n<h2><\/h2>\n<h2 style=\"text-align: justify;\"><strong>ESPACE PARENTALIT\u00c9<\/strong><\/h2>\n<p style=\"text-align: justify;\">Espace anim\u00e9 par <strong>Mon Moment Magique<\/strong>.<br \/>\nDiff\u00e9rentes animations et ateliers seront organis\u00e9s tout au long du salon.<\/p>\n<p style=\"text-align: justify;\"><strong><img loading=\"lazy\" decoding=\"async\" class=\"wp-image-5941 alignnone\" src=\"https:\/\/www.vivez-nature.com\/lyon\/wp-content\/uploads\/sites\/7\/2019\/09\/mmm-300x151.png\" alt=\"\" width=\"215\" height=\"120\" \/><\/strong><\/p>\n<p style=\"text-align: justify;\"><strong>Mon Moment Magique<\/strong> est un concept d\u2019ateliers bien-\u00eatre, dont l\u2019ambition est d\u2019\u00e9veiller les enfants de mani\u00e8re ludique au d\u00e9veloppement personnel, de les emmener sur le chemin de leur bonheur, en leur proposant un ensemble de rituels dans une dimension t\u00eate-corps-coeur. Ces ateliers sont \u00e9galement d\u00e9clin\u00e9s pour les femmes, les minis, les ados, les duos et apr\u00e8s la classe.<\/p>\n<p style=\"text-align: justify;\"><i>Les moment magiques sont anim\u00e9s par les ambassadrices locales : <strong>Isabelle Petitdemange<\/strong> (<a href=\"http:\/\/www.desmainspourgrandir.fr\/\">Des mains pour grandir<\/a>), <strong>Laure Gardette<\/strong> (<a href=\"http:\/\/www.parents-o-positif.com\/\">P\u00f4p &#8211; Facilitateur de bonheurs en famille<\/a>) et <strong>D\u00e9borah Crepel<\/strong> (Les Apprentis Epanouis).<\/i><\/p>\n<h3><strong>Vendredi 15 novembre<\/strong><\/h3>\n<p>11h00 &#8211; 11h30 : Mon Moment Magique au F\u00e9minin<br \/>\n14h00 &#8211; 15h00 : Mon Moment Magique au F\u00e9minin<br \/>\n16h00 &#8211; 16h30 : Mon Moment Magique Duo (6-12 ans)<br \/>\n17h00 &#8211; 17h30 : Mon Moment Magique Duo (3-6 ans)<br \/>\n18h00 &#8211; 19h00 : Mon Moment Magique au F\u00e9minin<\/p>\n<h3><strong>Samedi 16 novembre<\/strong><\/h3>\n<p>11h00 &#8211; 11h30 : Mon Moment Magique Duo (3-6 ans)<br \/>\n13h30 &#8211; 14h30 : Mon Moment Magique au F\u00e9minin<br \/>\n15h30 &#8211; 16h15 : Mon Moment Magique Juniors (6-12 ans)<\/p>\n<h3><strong>Dimanche 17 novembre<\/strong><\/h3>\n<p>11h00 &#8211; 11h30 : Mon Moment Magique Duo (3-6 ans)<br \/>\n14h00 -14h45 : Mon Moment Magique Juniors (6-12 ans)<br \/>\n16h30 &#8211; 17h00 : Mon Moment Magique Juniors (6-12 ans)<\/p>\n<h3><strong>Lundi 18 novembre<\/strong><\/h3>\n<p>11h00 &#8211; 11h30 : Mon Moment Magique au F\u00e9minin<br \/>\n14h00 &#8211; 14h30 : Mon Moment Magique au F\u00e9minin<br \/>\n17h00 &#8211; 17h30 : Mon Moment Magique Duo (6-12 ans)<\/p>\n<p>Plus d\u2019infos sur <a href=\"http:\/\/monmomentmagique.com\/\">monmomentmagique.com<\/a><\/p>\n<p>&nbsp;<\/p>\n","protected":false},"excerpt":{"rendered":"<p>ESPACE ART &amp; CR\u00c9ATION ATELIER VANNERIE ESPACE JEUX EN BOIS ESPACE D\u00c9TENTE LE COIN DES ENFANTS ESPACE PARENTALIT\u00c9 ESPACE ART &amp; CR\u00c9ATION Une activit\u00e9 de cr\u00e9ativit\u00e9 libre, pour se reconnecter \u00e0 soi en pleine conscience le temps d\u2019une peinture. Organis\u00e9 par ArKadie L\u2019\u00e9quipe est constitu\u00e9e d\u2019art-th\u00e9rapeutes modernes dipl\u00f4m\u00e9es Fran\u00e7oise Bruel de l\u2019Espace Athea\u2019 dominante Arts&hellip; <\/p>\n","protected":false},"author":1,"featured_media":0,"parent":0,"menu_order":0,"comment_status":"closed","ping_status":"closed","template":"","meta":{"_monsterinsights_skip_tracking":false,"_monsterinsights_sitenote_active":false,"_monsterinsights_sitenote_note":"","_monsterinsights_sitenote_category":0,"footnotes":""},"class_list":["post-7711","page","type-page","status-publish","hentry"],"yoast_head":"<!-- This site is optimized with the Yoast SEO plugin v27.5 - https:\/\/yoast.com\/product\/yoast-seo-wordpress\/ -->\n<title>Animations 2019 - Salon Zen&amp;Bio Lyon<\/title>\n<meta name=\"robots\" content=\"index, follow, max-snippet:-1, max-image-preview:large, max-video-preview:-1\" \/>\n<link rel=\"canonical\" href=\"https:\/\/www.salon-zenetbio.com\/lyon\/animations-2019\/\" \/>\n<meta property=\"og:locale\" content=\"fr_FR\" \/>\n<meta property=\"og:type\" content=\"article\" \/>\n<meta property=\"og:title\" content=\"Animations 2019 - Salon Zen&amp;Bio Lyon\" \/>\n<meta property=\"og:description\" content=\"ESPACE ART &amp; CR\u00c9ATION ATELIER VANNERIE ESPACE JEUX EN BOIS ESPACE D\u00c9TENTE LE COIN DES ENFANTS ESPACE PARENTALIT\u00c9 ESPACE ART &amp; CR\u00c9ATION Une activit\u00e9 de cr\u00e9ativit\u00e9 libre, pour se reconnecter \u00e0 soi en pleine conscience le temps d\u2019une peinture. Organis\u00e9 par ArKadie L\u2019\u00e9quipe est constitu\u00e9e d\u2019art-th\u00e9rapeutes modernes dipl\u00f4m\u00e9es Fran\u00e7oise Bruel de l\u2019Espace Athea\u2019 dominante Arts&hellip;\" \/>\n<meta property=\"og:url\" content=\"https:\/\/www.salon-zenetbio.com\/lyon\/animations-2019\/\" \/>\n<meta property=\"og:site_name\" content=\"Salon Zen&amp;Bio Lyon\" \/>\n<meta property=\"og:image\" content=\"https:\/\/www.vivez-nature.com\/lyon\/wp-content\/uploads\/sites\/7\/2019\/10\/art-therapie.png\" \/>\n<meta name=\"twitter:card\" content=\"summary_large_image\" \/>\n<meta name=\"twitter:label1\" content=\"Dur\u00e9e de lecture estim\u00e9e\" \/>\n\t<meta name=\"twitter:data1\" content=\"5 minutes\" \/>\n<script type=\"application\/ld+json\" class=\"yoast-schema-graph\">{\"@context\":\"https:\\\/\\\/schema.org\",\"@graph\":[{\"@type\":\"WebPage\",\"@id\":\"https:\\\/\\\/www.salon-zenetbio.com\\\/lyon\\\/animations-2019\\\/\",\"url\":\"https:\\\/\\\/www.salon-zenetbio.com\\\/lyon\\\/animations-2019\\\/\",\"name\":\"Animations 2019 - Salon Zen&amp;Bio Lyon\",\"isPartOf\":{\"@id\":\"https:\\\/\\\/www.salon-zenetbio.com\\\/lyon\\\/#website\"},\"primaryImageOfPage\":{\"@id\":\"https:\\\/\\\/www.salon-zenetbio.com\\\/lyon\\\/animations-2019\\\/#primaryimage\"},\"image\":{\"@id\":\"https:\\\/\\\/www.salon-zenetbio.com\\\/lyon\\\/animations-2019\\\/#primaryimage\"},\"thumbnailUrl\":\"https:\\\/\\\/www.vivez-nature.com\\\/lyon\\\/wp-content\\\/uploads\\\/sites\\\/7\\\/2019\\\/10\\\/art-therapie.png\",\"datePublished\":\"2020-03-19T17:01:17+00:00\",\"breadcrumb\":{\"@id\":\"https:\\\/\\\/www.salon-zenetbio.com\\\/lyon\\\/animations-2019\\\/#breadcrumb\"},\"inLanguage\":\"fr-FR\",\"potentialAction\":[{\"@type\":\"ReadAction\",\"target\":[\"https:\\\/\\\/www.salon-zenetbio.com\\\/lyon\\\/animations-2019\\\/\"]}]},{\"@type\":\"ImageObject\",\"inLanguage\":\"fr-FR\",\"@id\":\"https:\\\/\\\/www.salon-zenetbio.com\\\/lyon\\\/animations-2019\\\/#primaryimage\",\"url\":\"https:\\\/\\\/www.vivez-nature.com\\\/lyon\\\/wp-content\\\/uploads\\\/sites\\\/7\\\/2019\\\/10\\\/art-therapie.png\",\"contentUrl\":\"https:\\\/\\\/www.vivez-nature.com\\\/lyon\\\/wp-content\\\/uploads\\\/sites\\\/7\\\/2019\\\/10\\\/art-therapie.png\"},{\"@type\":\"BreadcrumbList\",\"@id\":\"https:\\\/\\\/www.salon-zenetbio.com\\\/lyon\\\/animations-2019\\\/#breadcrumb\",\"itemListElement\":[{\"@type\":\"ListItem\",\"position\":1,\"name\":\"Accueil\",\"item\":\"https:\\\/\\\/www.salon-zenetbio.com\\\/lyon\\\/\"},{\"@type\":\"ListItem\",\"position\":2,\"name\":\"Animations 2019\"}]},{\"@type\":\"WebSite\",\"@id\":\"https:\\\/\\\/www.salon-zenetbio.com\\\/lyon\\\/#website\",\"url\":\"https:\\\/\\\/www.salon-zenetbio.com\\\/lyon\\\/\",\"name\":\"Salon Zen&amp;Bio Lyon\",\"description\":\"salon Zen&amp;Bio Lyon : votre salon \u00e9colo, bio, bien-\u00eatre et habitat sain\",\"publisher\":{\"@id\":\"https:\\\/\\\/www.salon-zenetbio.com\\\/lyon\\\/#organization\"},\"potentialAction\":[{\"@type\":\"SearchAction\",\"target\":{\"@type\":\"EntryPoint\",\"urlTemplate\":\"https:\\\/\\\/www.salon-zenetbio.com\\\/lyon\\\/?s={search_term_string}\"},\"query-input\":{\"@type\":\"PropertyValueSpecification\",\"valueRequired\":true,\"valueName\":\"search_term_string\"}}],\"inLanguage\":\"fr-FR\"},{\"@type\":\"Organization\",\"@id\":\"https:\\\/\\\/www.salon-zenetbio.com\\\/lyon\\\/#organization\",\"name\":\"Salon Zen&amp;Bio Lyon\",\"url\":\"https:\\\/\\\/www.salon-zenetbio.com\\\/lyon\\\/\",\"logo\":{\"@type\":\"ImageObject\",\"inLanguage\":\"fr-FR\",\"@id\":\"https:\\\/\\\/www.salon-zenetbio.com\\\/lyon\\\/#\\\/schema\\\/logo\\\/image\\\/\",\"url\":\"http:\\\/\\\/www.salon-zenetbio.com\\\/lyon\\\/wp-content\\\/uploads\\\/sites\\\/12\\\/2026\\\/03\\\/cropped-Logo-ZEN-et-BIO-lyon-2026-1.png\",\"contentUrl\":\"http:\\\/\\\/www.salon-zenetbio.com\\\/lyon\\\/wp-content\\\/uploads\\\/sites\\\/12\\\/2026\\\/03\\\/cropped-Logo-ZEN-et-BIO-lyon-2026-1.png\",\"width\":921,\"height\":255,\"caption\":\"Salon Zen&amp;Bio Lyon\"},\"image\":{\"@id\":\"https:\\\/\\\/www.salon-zenetbio.com\\\/lyon\\\/#\\\/schema\\\/logo\\\/image\\\/\"}}]}<\/script>\n<!-- \/ Yoast SEO plugin. -->","yoast_head_json":{"title":"Animations 2019 - Salon Zen&amp;Bio Lyon","robots":{"index":"index","follow":"follow","max-snippet":"max-snippet:-1","max-image-preview":"max-image-preview:large","max-video-preview":"max-video-preview:-1"},"canonical":"https:\/\/www.salon-zenetbio.com\/lyon\/animations-2019\/","og_locale":"fr_FR","og_type":"article","og_title":"Animations 2019 - Salon Zen&amp;Bio Lyon","og_description":"ESPACE ART &amp; CR\u00c9ATION ATELIER VANNERIE ESPACE JEUX EN BOIS ESPACE D\u00c9TENTE LE COIN DES ENFANTS ESPACE PARENTALIT\u00c9 ESPACE ART &amp; CR\u00c9ATION Une activit\u00e9 de cr\u00e9ativit\u00e9 libre, pour se reconnecter \u00e0 soi en pleine conscience le temps d\u2019une peinture. Organis\u00e9 par ArKadie L\u2019\u00e9quipe est constitu\u00e9e d\u2019art-th\u00e9rapeutes modernes dipl\u00f4m\u00e9es Fran\u00e7oise Bruel de l\u2019Espace Athea\u2019 dominante Arts&hellip;","og_url":"https:\/\/www.salon-zenetbio.com\/lyon\/animations-2019\/","og_site_name":"Salon Zen&amp;Bio Lyon","og_image":[{"url":"https:\/\/www.vivez-nature.com\/lyon\/wp-content\/uploads\/sites\/7\/2019\/10\/art-therapie.png","type":"","width":"","height":""}],"twitter_card":"summary_large_image","twitter_misc":{"Dur\u00e9e de lecture estim\u00e9e":"5 minutes"},"schema":{"@context":"https:\/\/schema.org","@graph":[{"@type":"WebPage","@id":"https:\/\/www.salon-zenetbio.com\/lyon\/animations-2019\/","url":"https:\/\/www.salon-zenetbio.com\/lyon\/animations-2019\/","name":"Animations 2019 - Salon Zen&amp;Bio Lyon","isPartOf":{"@id":"https:\/\/www.salon-zenetbio.com\/lyon\/#website"},"primaryImageOfPage":{"@id":"https:\/\/www.salon-zenetbio.com\/lyon\/animations-2019\/#primaryimage"},"image":{"@id":"https:\/\/www.salon-zenetbio.com\/lyon\/animations-2019\/#primaryimage"},"thumbnailUrl":"https:\/\/www.vivez-nature.com\/lyon\/wp-content\/uploads\/sites\/7\/2019\/10\/art-therapie.png","datePublished":"2020-03-19T17:01:17+00:00","breadcrumb":{"@id":"https:\/\/www.salon-zenetbio.com\/lyon\/animations-2019\/#breadcrumb"},"inLanguage":"fr-FR","potentialAction":[{"@type":"ReadAction","target":["https:\/\/www.salon-zenetbio.com\/lyon\/animations-2019\/"]}]},{"@type":"ImageObject","inLanguage":"fr-FR","@id":"https:\/\/www.salon-zenetbio.com\/lyon\/animations-2019\/#primaryimage","url":"https:\/\/www.vivez-nature.com\/lyon\/wp-content\/uploads\/sites\/7\/2019\/10\/art-therapie.png","contentUrl":"https:\/\/www.vivez-nature.com\/lyon\/wp-content\/uploads\/sites\/7\/2019\/10\/art-therapie.png"},{"@type":"BreadcrumbList","@id":"https:\/\/www.salon-zenetbio.com\/lyon\/animations-2019\/#breadcrumb","itemListElement":[{"@type":"ListItem","position":1,"name":"Accueil","item":"https:\/\/www.salon-zenetbio.com\/lyon\/"},{"@type":"ListItem","position":2,"name":"Animations 2019"}]},{"@type":"WebSite","@id":"https:\/\/www.salon-zenetbio.com\/lyon\/#website","url":"https:\/\/www.salon-zenetbio.com\/lyon\/","name":"Salon Zen&amp;Bio Lyon","description":"salon Zen&amp;Bio Lyon : votre salon \u00e9colo, bio, bien-\u00eatre et habitat sain","publisher":{"@id":"https:\/\/www.salon-zenetbio.com\/lyon\/#organization"},"potentialAction":[{"@type":"SearchAction","target":{"@type":"EntryPoint","urlTemplate":"https:\/\/www.salon-zenetbio.com\/lyon\/?s={search_term_string}"},"query-input":{"@type":"PropertyValueSpecification","valueRequired":true,"valueName":"search_term_string"}}],"inLanguage":"fr-FR"},{"@type":"Organization","@id":"https:\/\/www.salon-zenetbio.com\/lyon\/#organization","name":"Salon Zen&amp;Bio Lyon","url":"https:\/\/www.salon-zenetbio.com\/lyon\/","logo":{"@type":"ImageObject","inLanguage":"fr-FR","@id":"https:\/\/www.salon-zenetbio.com\/lyon\/#\/schema\/logo\/image\/","url":"http:\/\/www.salon-zenetbio.com\/lyon\/wp-content\/uploads\/sites\/12\/2026\/03\/cropped-Logo-ZEN-et-BIO-lyon-2026-1.png","contentUrl":"http:\/\/www.salon-zenetbio.com\/lyon\/wp-content\/uploads\/sites\/12\/2026\/03\/cropped-Logo-ZEN-et-BIO-lyon-2026-1.png","width":921,"height":255,"caption":"Salon Zen&amp;Bio Lyon"},"image":{"@id":"https:\/\/www.salon-zenetbio.com\/lyon\/#\/schema\/logo\/image\/"}}]}},"_links":{"self":[{"href":"http:\/\/www.salon-zenetbio.com\/lyon\/wp-json\/wp\/v2\/pages\/7711","targetHints":{"allow":["GET"]}}],"collection":[{"href":"http:\/\/www.salon-zenetbio.com\/lyon\/wp-json\/wp\/v2\/pages"}],"about":[{"href":"http:\/\/www.salon-zenetbio.com\/lyon\/wp-json\/wp\/v2\/types\/page"}],"author":[{"embeddable":true,"href":"http:\/\/www.salon-zenetbio.com\/lyon\/wp-json\/wp\/v2\/users\/1"}],"replies":[{"embeddable":true,"href":"http:\/\/www.salon-zenetbio.com\/lyon\/wp-json\/wp\/v2\/comments?post=7711"}],"version-history":[{"count":1,"href":"http:\/\/www.salon-zenetbio.com\/lyon\/wp-json\/wp\/v2\/pages\/7711\/revisions"}],"predecessor-version":[{"id":7712,"href":"http:\/\/www.salon-zenetbio.com\/lyon\/wp-json\/wp\/v2\/pages\/7711\/revisions\/7712"}],"wp:attachment":[{"href":"http:\/\/www.salon-zenetbio.com\/lyon\/wp-json\/wp\/v2\/media?parent=7711"}],"curies":[{"name":"wp","href":"https:\/\/api.w.org\/{rel}","templated":true}]}}