{"id":7998,"date":"2020-12-22T17:10:36","date_gmt":"2020-12-22T16:10:36","guid":{"rendered":"http:\/\/www.salon-zenetbio.com\/lyon\/?page_id=7998"},"modified":"2020-12-22T17:10:36","modified_gmt":"2020-12-22T16:10:36","slug":"animations-2020","status":"publish","type":"page","link":"http:\/\/www.salon-zenetbio.com\/lyon\/animations-2020\/","title":{"rendered":"Animations 2020"},"content":{"rendered":"<ul>\n<li><a href=\"#jardin\"><strong>ESPACE JARDIN ET NATURE<\/strong><\/a><\/li>\n<li><a href=\"#creation\"><strong>ESPACE ART ET CR\u00c9ATION<\/strong><\/a><\/li>\n<li><a href=\"#vannerie\"><strong>ESPACE VANNERIE<\/strong><\/a><\/li>\n<li><a href=\"#jeux\"><strong>ESPACE JEUX EN BOIS<\/strong><\/a><\/li>\n<li><a href=\"#parentalite\"><strong>ESPACE PARENTALIT\u00c9<\/strong><\/a><\/li>\n<li><a href=\"#enfants\"><strong>LE COIN DES ENFANTS<\/strong><\/a><\/li>\n<\/ul>\n<h2><strong>ESPACE JARDIN &amp; NATURE<\/strong><\/h2>\n<p class=\"p2\" style=\"text-align: justify;\">Un espace pour d\u00e9couvrir le jardinage \u00e9cologique, l\u2019agriculture urbaine, la permaculture, pour favoriser la biodiversit\u00e9, pour valoriser nos d\u00e9chets, pour se reconnecter avec la nature et renforcer son lien avec le vivant. Un espace pour \u00e9changer, apprendre<a id=\"creation\"><\/a>, s\u2019informer\u2026<\/p>\n<p class=\"p3\"><em>Avec <b>Ouicompost, Permaculture Urbaine, G\u2019reine des Pr\u00e9s Formation, Association S\u00e8ve de Vie<\/b><\/em><\/p>\n<p class=\"p1\"><img decoding=\"async\" class=\"size-thumbnail wp-image-7894 alignleft\" src=\"https:\/\/www.salon-zenetbio.com\/lyon\/wp-content\/uploads\/sites\/12\/2020\/10\/logo-oui-compost-baseline-RVB-150x150.jpg\" alt=\"\" width=\"150\" height=\"150\" srcset=\"http:\/\/www.salon-zenetbio.com\/lyon\/wp-content\/uploads\/sites\/12\/2020\/10\/logo-oui-compost-baseline-RVB-150x150.jpg 150w, http:\/\/www.salon-zenetbio.com\/lyon\/wp-content\/uploads\/sites\/12\/2020\/10\/logo-oui-compost-baseline-RVB-300x300.jpg 300w, http:\/\/www.salon-zenetbio.com\/lyon\/wp-content\/uploads\/sites\/12\/2020\/10\/logo-oui-compost-baseline-RVB-1024x1024.jpg 1024w, http:\/\/www.salon-zenetbio.com\/lyon\/wp-content\/uploads\/sites\/12\/2020\/10\/logo-oui-compost-baseline-RVB-768x768.jpg 768w, http:\/\/www.salon-zenetbio.com\/lyon\/wp-content\/uploads\/sites\/12\/2020\/10\/logo-oui-compost-baseline-RVB-1536x1536.jpg 1536w, http:\/\/www.salon-zenetbio.com\/lyon\/wp-content\/uploads\/sites\/12\/2020\/10\/logo-oui-compost-baseline-RVB-2048x2048.jpg 2048w, http:\/\/www.salon-zenetbio.com\/lyon\/wp-content\/uploads\/sites\/12\/2020\/10\/logo-oui-compost-baseline-RVB-50x50.jpg 50w, http:\/\/www.salon-zenetbio.com\/lyon\/wp-content\/uploads\/sites\/12\/2020\/10\/logo-oui-compost-baseline-RVB-500x500.jpg 500w, http:\/\/www.salon-zenetbio.com\/lyon\/wp-content\/uploads\/sites\/12\/2020\/10\/logo-oui-compost-baseline-RVB-45x45.jpg 45w\" sizes=\"(max-width: 150px) 100vw, 150px\" \/><strong>OuiCompost<\/strong> est une Start-up lyonnaise de l\u2019Economie Sociale et Solidaire<br \/>\nIls proposent une activit\u00e9 professionnelle cr\u00e9atrice d\u2019emplois locaux, pour la collecte et le compostage des biod\u00e9chets en circuit court et milieu urbain dense, et la distribution d\u2019un compost \u201cMade in Lyon\u201d pour rev\u00e9g\u00e9taliser la ville !<\/p>\n<p><img fetchpriority=\"high\" decoding=\"async\" class=\"alignnone wp-image-7895 size-medium\" src=\"https:\/\/www.salon-zenetbio.com\/lyon\/wp-content\/uploads\/sites\/12\/2020\/10\/6-300x200.jpg\" alt=\"\" width=\"300\" height=\"200\" srcset=\"http:\/\/www.salon-zenetbio.com\/lyon\/wp-content\/uploads\/sites\/12\/2020\/10\/6-300x200.jpg 300w, http:\/\/www.salon-zenetbio.com\/lyon\/wp-content\/uploads\/sites\/12\/2020\/10\/6-1024x683.jpg 1024w, http:\/\/www.salon-zenetbio.com\/lyon\/wp-content\/uploads\/sites\/12\/2020\/10\/6-768x512.jpg 768w, http:\/\/www.salon-zenetbio.com\/lyon\/wp-content\/uploads\/sites\/12\/2020\/10\/6-1536x1024.jpg 1536w, http:\/\/www.salon-zenetbio.com\/lyon\/wp-content\/uploads\/sites\/12\/2020\/10\/6-2048x1365.jpg 2048w, http:\/\/www.salon-zenetbio.com\/lyon\/wp-content\/uploads\/sites\/12\/2020\/10\/6-150x100.jpg 150w, http:\/\/www.salon-zenetbio.com\/lyon\/wp-content\/uploads\/sites\/12\/2020\/10\/6-500x333.jpg 500w\" sizes=\"(max-width: 300px) 100vw, 300px\" \/><\/p>\n<p>&nbsp;<\/p>\n<p style=\"text-align: justify;\"><strong><img decoding=\"async\" class=\"alignleft wp-image-7892\" src=\"https:\/\/www.salon-zenetbio.com\/lyon\/wp-content\/uploads\/sites\/12\/2020\/10\/Logo-greine-des-pre\u0301s-vide-couleur-300x212.png\" alt=\"\" width=\"150\" height=\"106\" srcset=\"http:\/\/www.salon-zenetbio.com\/lyon\/wp-content\/uploads\/sites\/12\/2020\/10\/Logo-greine-des-pre\u0301s-vide-couleur-300x212.png 300w, http:\/\/www.salon-zenetbio.com\/lyon\/wp-content\/uploads\/sites\/12\/2020\/10\/Logo-greine-des-pre\u0301s-vide-couleur-1024x724.png 1024w, http:\/\/www.salon-zenetbio.com\/lyon\/wp-content\/uploads\/sites\/12\/2020\/10\/Logo-greine-des-pre\u0301s-vide-couleur-768x543.png 768w, http:\/\/www.salon-zenetbio.com\/lyon\/wp-content\/uploads\/sites\/12\/2020\/10\/Logo-greine-des-pre\u0301s-vide-couleur-1536x1086.png 1536w, http:\/\/www.salon-zenetbio.com\/lyon\/wp-content\/uploads\/sites\/12\/2020\/10\/Logo-greine-des-pre\u0301s-vide-couleur-2048x1448.png 2048w, http:\/\/www.salon-zenetbio.com\/lyon\/wp-content\/uploads\/sites\/12\/2020\/10\/Logo-greine-des-pre\u0301s-vide-couleur-150x106.png 150w, http:\/\/www.salon-zenetbio.com\/lyon\/wp-content\/uploads\/sites\/12\/2020\/10\/Logo-greine-des-pre\u0301s-vide-couleur-500x353.png 500w\" sizes=\"(max-width: 150px) 100vw, 150px\" \/>G\u2019reine des pr\u00e9s<\/strong> est une association d&rsquo;animatrices, cueilleuses et cueilleurs, productrices et producteurs dans le Rh\u00f4ne et la Loire. Ses membres travaillent autour des plantes aromatiques, m\u00e9dicinales et tinctoriales, sauvages et cultiv\u00e9es.\u00a0Outre le partage et la solidarit\u00e9 entre ses membres, elle a pour objet de promouvoir la relation \u00e0 la nature par la transmission de savoirs et savoirs faire, la connaissance autour de la flore et de toutes actions visant \u00e0 mieux faire conna\u00eetre notre environnement naturel.<\/p>\n<p style=\"text-align: justify;\"><strong><img loading=\"lazy\" decoding=\"async\" class=\"alignleft wp-image-7893 size-thumbnail\" src=\"https:\/\/www.salon-zenetbio.com\/lyon\/wp-content\/uploads\/sites\/12\/2020\/10\/Se\u0300ve-de-vie-150x150.png\" alt=\"\" width=\"150\" height=\"150\" srcset=\"http:\/\/www.salon-zenetbio.com\/lyon\/wp-content\/uploads\/sites\/12\/2020\/10\/Se\u0300ve-de-vie-150x150.png 150w, http:\/\/www.salon-zenetbio.com\/lyon\/wp-content\/uploads\/sites\/12\/2020\/10\/Se\u0300ve-de-vie-300x300.png 300w, http:\/\/www.salon-zenetbio.com\/lyon\/wp-content\/uploads\/sites\/12\/2020\/10\/Se\u0300ve-de-vie-50x50.png 50w, http:\/\/www.salon-zenetbio.com\/lyon\/wp-content\/uploads\/sites\/12\/2020\/10\/Se\u0300ve-de-vie-500x500.png 500w, http:\/\/www.salon-zenetbio.com\/lyon\/wp-content\/uploads\/sites\/12\/2020\/10\/Se\u0300ve-de-vie-45x45.png 45w, http:\/\/www.salon-zenetbio.com\/lyon\/wp-content\/uploads\/sites\/12\/2020\/10\/Se\u0300ve-de-vie.png 525w\" sizes=\"(max-width: 150px) 100vw, 150px\" \/>S\u00e8ve de Vie<\/strong> est une association dont la d\u00e9marche est d&rsquo;accompagner et de cr\u00e9er du lien pour cheminer ensemble vers un monde r\u00e9silient, respectueux des Hommes et de la Nature. Elle participe \u00e0 la dynamique du r\u00e9seau local, \u00e0 l&rsquo;\u00e9change et \u00e0 la transmission de savoirs. Dans ce cadre, l\u2019association organise des ateliers d\u2019initiation, des conf\u00e9rences et diverses activit\u00e9s en lien avec la permaculture, l\u2019\u00e9cologie, le monde v\u00e9g\u00e9tal, le soin, le bien-\u00eatre, la nutrition ou encore l\u2019habitat.<\/p>\n<p style=\"text-align: justify;\">L&rsquo;association est \u00e9galement correspondante locale pour l&rsquo;association Brin de Paille qui oeuvre pour le d\u00e9veloppement de la permaculture francophone et participe \u00e0 l&rsquo;animation du groupe Permaculture Rh\u00f4ne.<\/p>\n<h2><strong>ESPACE ART &amp; CR\u00c9ATION<\/strong><\/h2>\n<p style=\"text-align: justify;\"><strong><em>Parce que l\u2019Art peut soutenir la sant\u00e9 et la joie de vivre\u00a0: Cr\u00e9ativit\u00e9, expression, \u00e9quilibre\u2026 Un autre regard, une autre exp\u00e9rience\u00a0<\/em><\/strong><\/p>\n<p style=\"text-align: justify;\">Venez d\u00e9couvrir avec plaisir un aper\u00e7u de ce qu\u2019est r\u00e9ellement l\u2019art-th\u00e9rapie: l\u2019art-th\u00e9rapie est un accompagnement sp\u00e9cifique qui vous inscrit vers un mieux-\u00eatre, en vous reconnectant \u00e0 vous-m\u00eame gr\u00e2ce au processus artistique.\u00a0Les s\u00e9ances art-th\u00e9rapeutiques vous stimulent et soutiennent autant l&rsquo;aspect relationnel, cognitif, que le corps et l&rsquo;esprit, par des techniques personnalis\u00e9es en individuel ou groupe.<\/p>\n<p style=\"text-align: justify;\">Cet accompagnement th\u00e9rapeutique et cr\u00e9atif \u00e9panouissant, permet de se positionner autrement, aide \u00e0 soigner une personne ressentant un mal \u00eatre, et vise une meilleure qualit\u00e9 de vie.<a id=\"vannerie\"><\/a> C\u2019est un engagement vivant par la pratique artistique, pour comprendre, sentir et r\u00e9agir diff\u00e9remment.<\/p>\n<p><strong><em>Organis\u00e9 par Arkadie <\/em><\/strong><em>&#8211; <\/em><a href=\"http:\/\/www.art-therapie-lyon5.com\" target=\"_blank\" rel=\"noopener noreferrer\">www.art-therapie-lyon5.com <\/a>et <strong>Fran\u00e7oise Bruel<\/strong>, <em><strong>Espace ATHEA<\/strong><\/em>\u00a0<a href=\"http:\/\/www.athea-art-therapie.fr\" target=\"_blank\" rel=\"noopener noreferrer\">www.athea-art-therapie.fr<\/a><\/p>\n<h2><\/h2>\n<h2><strong>ESPACE VANNERIE<\/strong><\/h2>\n<p style=\"text-align: justify;\"><img decoding=\"async\" class=\"alignleft\" src=\"https:\/\/www.vivez-nature.com\/lyon\/wp-content\/uploads\/sites\/7\/2018\/09\/vannerie-300x241.png\" \/><br \/>\nAteliers enfants et adultes d\u2019initiation \u00e0 la vannerie d\u2019osier et de plantes (2h), propos\u00e9s par <strong>Art &amp; Nature<\/strong> : sensibilisation \u00e0 la nature et \u00e0 sa protection par le biais de l\u2019art, au travers d\u2019une approche simple et ludique<a id=\"jeux\"><\/a> des techniques de vannerie d\u2019osier et \u00e0 partir de plantes sauvages et de mati\u00e8re consid\u00e9r\u00e9e comme rebut.<\/p>\n<h2><\/h2>\n<p>&nbsp;<\/p>\n<p>&nbsp;<\/p>\n<h2><strong>ESPACE JEUX EN BOIS<\/strong><\/h2>\n<p>Pour\u00a0<img loading=\"lazy\" decoding=\"async\" class=\"lazyloaded alignleft wp-image-7419 size-medium\" src=\"https:\/\/www.salon-artemisia.com\/wp-content\/uploads\/2019\/09\/Sans-titre-300x169.png\" alt=\"\" width=\"300\" height=\"169\" data-lazy-src=\"https:\/\/www.salon-artemisia.com\/wp-content\/uploads\/2019\/09\/Sans-titre.png\" data-was-processed=\"true\" \/>un moment convivial et ludique en famille.<\/p>\n<p>Fabricant et cr\u00e9ateur de Jeux en bois. Nous utilisons diff\u00e9rentes essences de bois du Loiret et de L\u2019Yonne. Revente\u00a0 de jouets\u00a0pour tout \u00e2ge et tout prix<a id=\"parentalite\"><\/a>.<\/p>\n<p>Retrouvez-nous sur le\u00a0<em><a href=\"http:\/\/www.acbjeux.fr\/\" target=\"_blank\" rel=\"noopener noreferrer\">site internet<\/a><\/em><\/p>\n<p>&nbsp;<\/p>\n<h2><strong>ESPACE PARENTALIT\u00c9<\/strong><\/h2>\n<p><em>Espace anim\u00e9 par\u00a0<a href=\"http:\/\/monmomentmagique.com\/\" target=\"_blank\" rel=\"noopener noreferrer\"><strong>Mon Moment Magique<\/strong><\/a><\/em><\/p>\n<p><img loading=\"lazy\" decoding=\"async\" class=\"\" src=\"https:\/\/www.salon-zenetbio.com\/nantes\/wp-content\/uploads\/sites\/7\/2019\/07\/mon-moment-magique.png\" width=\"193\" height=\"95\" \/><\/p>\n<p>Diff\u00e9rentes animations et ateliers seront organis\u00e9s tout au long du salon.<\/p>\n<p style=\"text-align: justify;\"><strong>Mon Moment Magique<\/strong> est un concept d\u2019ateliers bien-\u00eatre, dont l\u2019ambition est d\u2019\u00e9veiller les enfants de mani\u00e8re ludique au d\u00e9veloppement personnel, de les emmener sur le chemin de leur bonheur, en leur proposant un ensemble de rituels dans une dimension t\u00eate-corps-coeur. Ces ateliers sont \u00e9galement d\u00e9clin\u00e9s pour les femmes, les minis, les ados, les duos et apr\u00e8s la classe.<\/p>\n<p style=\"text-align: justify;\">Les ateliers sont propos\u00e9s par une communaut\u00e9 de 300 ambassadrices et ambassadeurs pr\u00e9sents dans 11 pays.<\/p>\n<p style=\"text-align: justify;\">Chaque atelier propose une th\u00e9matique, ce qui garantit la diversit\u00e9 des ateliers : les \u00e9motions, la confiance en soi, les saisons, le rire, les animaux, les super pouvoirs, l\u2019amiti\u00e9, les couleurs\u2026<br \/>\nPlusieurs pratiques bien-\u00eatre sont explor\u00e9es : cercle de parole, gratitude, respiration, yoga, d\u00e9foulage, relaxation<a id=\"enfants\"><\/a>\u2026<br \/>\nCet enchainement de rituels constitue l\u2019originalit\u00e9 du concept. Chaque rituel a \u00e9t\u00e9 soigneusement choisi, pour r\u00e9pondre aux besoins sp\u00e9cifiques des enfants.<\/p>\n<p>&nbsp;<\/p>\n<h2><strong>LE COIN DES ENFANTS<\/strong><\/h2>\n<p><img loading=\"lazy\" decoding=\"async\" class=\"alignright wp-image-6027 size-medium\" src=\"https:\/\/www.respirelavie.fr\/poitiers\/wp-content\/uploads\/sites\/3\/2019\/09\/le-coin-des-enfants-300x200.jpg\" alt=\"petits gar\u00e7ons qui jouent\" width=\"300\" height=\"200\" \/><\/p>\n<p style=\"text-align: justify;\"><strong>Espace enfants<br \/>\n<\/strong>Animations cr\u00e9atives et bricolages nature \u00e0 base de mat\u00e9riaux de r\u00e9cup\u00e9ration. Samedi et Dimanche, \u00e0 partir de 3 ans.<\/p>\n<p style=\"text-align: justify;\"><strong>Espace b\u00e9b\u00e9s<\/strong><br \/>\nEspace am\u00e9nag\u00e9 et d\u00e9di\u00e9 aux b\u00e9b\u00e9s et \u00e0 leurs parents pour une pause biberon, allaitement, change et c\u00e2lins.<\/p>\n","protected":false},"excerpt":{"rendered":"<p>ESPACE JARDIN ET NATURE ESPACE ART ET CR\u00c9ATION ESPACE VANNERIE ESPACE JEUX EN BOIS ESPACE PARENTALIT\u00c9 LE COIN DES ENFANTS ESPACE JARDIN &amp; NATURE Un espace pour d\u00e9couvrir le jardinage \u00e9cologique, l\u2019agriculture urbaine, la permaculture, pour favoriser la biodiversit\u00e9, pour valoriser nos d\u00e9chets, pour se reconnecter avec la nature et renforcer son lien avec le&hellip; <\/p>\n","protected":false},"author":5,"featured_media":0,"parent":0,"menu_order":0,"comment_status":"closed","ping_status":"closed","template":"","meta":{"_monsterinsights_skip_tracking":false,"_monsterinsights_sitenote_active":false,"_monsterinsights_sitenote_note":"","_monsterinsights_sitenote_category":0,"footnotes":""},"class_list":["post-7998","page","type-page","status-publish","hentry"],"yoast_head":"<!-- This site is optimized with the Yoast SEO plugin v27.3 - https:\/\/yoast.com\/product\/yoast-seo-wordpress\/ -->\n<title>Animations 2020 - Salon Zen&amp;Bio Lyon<\/title>\n<meta name=\"robots\" content=\"index, follow, max-snippet:-1, max-image-preview:large, max-video-preview:-1\" \/>\n<link rel=\"canonical\" href=\"http:\/\/www.salon-zenetbio.com\/lyon\/animations-2020\/\" \/>\n<meta property=\"og:locale\" content=\"fr_FR\" \/>\n<meta property=\"og:type\" content=\"article\" \/>\n<meta property=\"og:title\" content=\"Animations 2020 - Salon Zen&amp;Bio Lyon\" \/>\n<meta property=\"og:description\" content=\"ESPACE JARDIN ET NATURE ESPACE ART ET CR\u00c9ATION ESPACE VANNERIE ESPACE JEUX EN BOIS ESPACE PARENTALIT\u00c9 LE COIN DES ENFANTS ESPACE JARDIN &amp; NATURE Un espace pour d\u00e9couvrir le jardinage \u00e9cologique, l\u2019agriculture urbaine, la permaculture, pour favoriser la biodiversit\u00e9, pour valoriser nos d\u00e9chets, pour se reconnecter avec la nature et renforcer son lien avec le&hellip;\" \/>\n<meta property=\"og:url\" content=\"http:\/\/www.salon-zenetbio.com\/lyon\/animations-2020\/\" \/>\n<meta property=\"og:site_name\" content=\"Salon Zen&amp;Bio Lyon\" \/>\n<meta property=\"og:image\" content=\"https:\/\/www.salon-zenetbio.com\/lyon\/wp-content\/uploads\/sites\/12\/2020\/10\/logo-oui-compost-baseline-RVB-150x150.jpg\" \/>\n<meta name=\"twitter:card\" content=\"summary_large_image\" \/>\n<meta name=\"twitter:label1\" content=\"Dur\u00e9e de lecture estim\u00e9e\" \/>\n\t<meta name=\"twitter:data1\" content=\"4 minutes\" \/>\n<script type=\"application\/ld+json\" class=\"yoast-schema-graph\">{\"@context\":\"https:\\\/\\\/schema.org\",\"@graph\":[{\"@type\":\"WebPage\",\"@id\":\"http:\\\/\\\/www.salon-zenetbio.com\\\/lyon\\\/animations-2020\\\/\",\"url\":\"http:\\\/\\\/www.salon-zenetbio.com\\\/lyon\\\/animations-2020\\\/\",\"name\":\"Animations 2020 - Salon Zen&amp;Bio Lyon\",\"isPartOf\":{\"@id\":\"https:\\\/\\\/www.salon-zenetbio.com\\\/lyon\\\/#website\"},\"primaryImageOfPage\":{\"@id\":\"http:\\\/\\\/www.salon-zenetbio.com\\\/lyon\\\/animations-2020\\\/#primaryimage\"},\"image\":{\"@id\":\"http:\\\/\\\/www.salon-zenetbio.com\\\/lyon\\\/animations-2020\\\/#primaryimage\"},\"thumbnailUrl\":\"https:\\\/\\\/www.salon-zenetbio.com\\\/lyon\\\/wp-content\\\/uploads\\\/sites\\\/12\\\/2020\\\/10\\\/logo-oui-compost-baseline-RVB-150x150.jpg\",\"datePublished\":\"2020-12-22T16:10:36+00:00\",\"breadcrumb\":{\"@id\":\"http:\\\/\\\/www.salon-zenetbio.com\\\/lyon\\\/animations-2020\\\/#breadcrumb\"},\"inLanguage\":\"fr-FR\",\"potentialAction\":[{\"@type\":\"ReadAction\",\"target\":[\"http:\\\/\\\/www.salon-zenetbio.com\\\/lyon\\\/animations-2020\\\/\"]}]},{\"@type\":\"ImageObject\",\"inLanguage\":\"fr-FR\",\"@id\":\"http:\\\/\\\/www.salon-zenetbio.com\\\/lyon\\\/animations-2020\\\/#primaryimage\",\"url\":\"http:\\\/\\\/www.salon-zenetbio.com\\\/lyon\\\/wp-content\\\/uploads\\\/sites\\\/12\\\/2020\\\/10\\\/logo-oui-compost-baseline-RVB-scaled.jpg\",\"contentUrl\":\"http:\\\/\\\/www.salon-zenetbio.com\\\/lyon\\\/wp-content\\\/uploads\\\/sites\\\/12\\\/2020\\\/10\\\/logo-oui-compost-baseline-RVB-scaled.jpg\",\"width\":2560,\"height\":2560},{\"@type\":\"BreadcrumbList\",\"@id\":\"http:\\\/\\\/www.salon-zenetbio.com\\\/lyon\\\/animations-2020\\\/#breadcrumb\",\"itemListElement\":[{\"@type\":\"ListItem\",\"position\":1,\"name\":\"Accueil\",\"item\":\"https:\\\/\\\/www.salon-zenetbio.com\\\/lyon\\\/\"},{\"@type\":\"ListItem\",\"position\":2,\"name\":\"Animations 2020\"}]},{\"@type\":\"WebSite\",\"@id\":\"https:\\\/\\\/www.salon-zenetbio.com\\\/lyon\\\/#website\",\"url\":\"https:\\\/\\\/www.salon-zenetbio.com\\\/lyon\\\/\",\"name\":\"Salon Zen&amp;Bio Lyon\",\"description\":\"salon Zen&amp;Bio Lyon : votre salon \u00e9colo, bio, bien-\u00eatre et habitat sain\",\"publisher\":{\"@id\":\"https:\\\/\\\/www.salon-zenetbio.com\\\/lyon\\\/#organization\"},\"potentialAction\":[{\"@type\":\"SearchAction\",\"target\":{\"@type\":\"EntryPoint\",\"urlTemplate\":\"https:\\\/\\\/www.salon-zenetbio.com\\\/lyon\\\/?s={search_term_string}\"},\"query-input\":{\"@type\":\"PropertyValueSpecification\",\"valueRequired\":true,\"valueName\":\"search_term_string\"}}],\"inLanguage\":\"fr-FR\"},{\"@type\":\"Organization\",\"@id\":\"https:\\\/\\\/www.salon-zenetbio.com\\\/lyon\\\/#organization\",\"name\":\"Salon Zen&amp;Bio Lyon\",\"url\":\"https:\\\/\\\/www.salon-zenetbio.com\\\/lyon\\\/\",\"logo\":{\"@type\":\"ImageObject\",\"inLanguage\":\"fr-FR\",\"@id\":\"https:\\\/\\\/www.salon-zenetbio.com\\\/lyon\\\/#\\\/schema\\\/logo\\\/image\\\/\",\"url\":\"http:\\\/\\\/www.salon-zenetbio.com\\\/lyon\\\/wp-content\\\/uploads\\\/sites\\\/12\\\/2026\\\/03\\\/cropped-Logo-ZEN-et-BIO-lyon-2026-1.png\",\"contentUrl\":\"http:\\\/\\\/www.salon-zenetbio.com\\\/lyon\\\/wp-content\\\/uploads\\\/sites\\\/12\\\/2026\\\/03\\\/cropped-Logo-ZEN-et-BIO-lyon-2026-1.png\",\"width\":921,\"height\":255,\"caption\":\"Salon Zen&amp;Bio Lyon\"},\"image\":{\"@id\":\"https:\\\/\\\/www.salon-zenetbio.com\\\/lyon\\\/#\\\/schema\\\/logo\\\/image\\\/\"}}]}<\/script>\n<!-- \/ Yoast SEO plugin. -->","yoast_head_json":{"title":"Animations 2020 - Salon Zen&amp;Bio Lyon","robots":{"index":"index","follow":"follow","max-snippet":"max-snippet:-1","max-image-preview":"max-image-preview:large","max-video-preview":"max-video-preview:-1"},"canonical":"http:\/\/www.salon-zenetbio.com\/lyon\/animations-2020\/","og_locale":"fr_FR","og_type":"article","og_title":"Animations 2020 - Salon Zen&amp;Bio Lyon","og_description":"ESPACE JARDIN ET NATURE ESPACE ART ET CR\u00c9ATION ESPACE VANNERIE ESPACE JEUX EN BOIS ESPACE PARENTALIT\u00c9 LE COIN DES ENFANTS ESPACE JARDIN &amp; NATURE Un espace pour d\u00e9couvrir le jardinage \u00e9cologique, l\u2019agriculture urbaine, la permaculture, pour favoriser la biodiversit\u00e9, pour valoriser nos d\u00e9chets, pour se reconnecter avec la nature et renforcer son lien avec le&hellip;","og_url":"http:\/\/www.salon-zenetbio.com\/lyon\/animations-2020\/","og_site_name":"Salon Zen&amp;Bio Lyon","og_image":[{"url":"https:\/\/www.salon-zenetbio.com\/lyon\/wp-content\/uploads\/sites\/12\/2020\/10\/logo-oui-compost-baseline-RVB-150x150.jpg","type":"","width":"","height":""}],"twitter_card":"summary_large_image","twitter_misc":{"Dur\u00e9e de lecture estim\u00e9e":"4 minutes"},"schema":{"@context":"https:\/\/schema.org","@graph":[{"@type":"WebPage","@id":"http:\/\/www.salon-zenetbio.com\/lyon\/animations-2020\/","url":"http:\/\/www.salon-zenetbio.com\/lyon\/animations-2020\/","name":"Animations 2020 - Salon Zen&amp;Bio Lyon","isPartOf":{"@id":"https:\/\/www.salon-zenetbio.com\/lyon\/#website"},"primaryImageOfPage":{"@id":"http:\/\/www.salon-zenetbio.com\/lyon\/animations-2020\/#primaryimage"},"image":{"@id":"http:\/\/www.salon-zenetbio.com\/lyon\/animations-2020\/#primaryimage"},"thumbnailUrl":"https:\/\/www.salon-zenetbio.com\/lyon\/wp-content\/uploads\/sites\/12\/2020\/10\/logo-oui-compost-baseline-RVB-150x150.jpg","datePublished":"2020-12-22T16:10:36+00:00","breadcrumb":{"@id":"http:\/\/www.salon-zenetbio.com\/lyon\/animations-2020\/#breadcrumb"},"inLanguage":"fr-FR","potentialAction":[{"@type":"ReadAction","target":["http:\/\/www.salon-zenetbio.com\/lyon\/animations-2020\/"]}]},{"@type":"ImageObject","inLanguage":"fr-FR","@id":"http:\/\/www.salon-zenetbio.com\/lyon\/animations-2020\/#primaryimage","url":"http:\/\/www.salon-zenetbio.com\/lyon\/wp-content\/uploads\/sites\/12\/2020\/10\/logo-oui-compost-baseline-RVB-scaled.jpg","contentUrl":"http:\/\/www.salon-zenetbio.com\/lyon\/wp-content\/uploads\/sites\/12\/2020\/10\/logo-oui-compost-baseline-RVB-scaled.jpg","width":2560,"height":2560},{"@type":"BreadcrumbList","@id":"http:\/\/www.salon-zenetbio.com\/lyon\/animations-2020\/#breadcrumb","itemListElement":[{"@type":"ListItem","position":1,"name":"Accueil","item":"https:\/\/www.salon-zenetbio.com\/lyon\/"},{"@type":"ListItem","position":2,"name":"Animations 2020"}]},{"@type":"WebSite","@id":"https:\/\/www.salon-zenetbio.com\/lyon\/#website","url":"https:\/\/www.salon-zenetbio.com\/lyon\/","name":"Salon Zen&amp;Bio Lyon","description":"salon Zen&amp;Bio Lyon : votre salon \u00e9colo, bio, bien-\u00eatre et habitat sain","publisher":{"@id":"https:\/\/www.salon-zenetbio.com\/lyon\/#organization"},"potentialAction":[{"@type":"SearchAction","target":{"@type":"EntryPoint","urlTemplate":"https:\/\/www.salon-zenetbio.com\/lyon\/?s={search_term_string}"},"query-input":{"@type":"PropertyValueSpecification","valueRequired":true,"valueName":"search_term_string"}}],"inLanguage":"fr-FR"},{"@type":"Organization","@id":"https:\/\/www.salon-zenetbio.com\/lyon\/#organization","name":"Salon Zen&amp;Bio Lyon","url":"https:\/\/www.salon-zenetbio.com\/lyon\/","logo":{"@type":"ImageObject","inLanguage":"fr-FR","@id":"https:\/\/www.salon-zenetbio.com\/lyon\/#\/schema\/logo\/image\/","url":"http:\/\/www.salon-zenetbio.com\/lyon\/wp-content\/uploads\/sites\/12\/2026\/03\/cropped-Logo-ZEN-et-BIO-lyon-2026-1.png","contentUrl":"http:\/\/www.salon-zenetbio.com\/lyon\/wp-content\/uploads\/sites\/12\/2026\/03\/cropped-Logo-ZEN-et-BIO-lyon-2026-1.png","width":921,"height":255,"caption":"Salon Zen&amp;Bio Lyon"},"image":{"@id":"https:\/\/www.salon-zenetbio.com\/lyon\/#\/schema\/logo\/image\/"}}]}},"_links":{"self":[{"href":"http:\/\/www.salon-zenetbio.com\/lyon\/wp-json\/wp\/v2\/pages\/7998","targetHints":{"allow":["GET"]}}],"collection":[{"href":"http:\/\/www.salon-zenetbio.com\/lyon\/wp-json\/wp\/v2\/pages"}],"about":[{"href":"http:\/\/www.salon-zenetbio.com\/lyon\/wp-json\/wp\/v2\/types\/page"}],"author":[{"embeddable":true,"href":"http:\/\/www.salon-zenetbio.com\/lyon\/wp-json\/wp\/v2\/users\/5"}],"replies":[{"embeddable":true,"href":"http:\/\/www.salon-zenetbio.com\/lyon\/wp-json\/wp\/v2\/comments?post=7998"}],"version-history":[{"count":1,"href":"http:\/\/www.salon-zenetbio.com\/lyon\/wp-json\/wp\/v2\/pages\/7998\/revisions"}],"predecessor-version":[{"id":7999,"href":"http:\/\/www.salon-zenetbio.com\/lyon\/wp-json\/wp\/v2\/pages\/7998\/revisions\/7999"}],"wp:attachment":[{"href":"http:\/\/www.salon-zenetbio.com\/lyon\/wp-json\/wp\/v2\/media?parent=7998"}],"curies":[{"name":"wp","href":"https:\/\/api.w.org\/{rel}","templated":true}]}}