{"id":10469,"date":"2020-10-07T11:23:39","date_gmt":"2020-10-07T09:23:39","guid":{"rendered":"http:\/\/www.salon-zenetbio.com\/nantes\/?page_id=10469"},"modified":"2026-03-04T16:53:37","modified_gmt":"2026-03-04T15:53:37","slug":"le-plan-du-salon","status":"publish","type":"page","link":"http:\/\/www.salon-zenetbio.com\/nantes\/visiter\/le-plan-du-salon\/","title":{"rendered":"Le plan du salon"},"content":{"rendered":"<p>Retrouvez bient\u00f4t le plan du salon 2026 !<\/p>\n<p>&nbsp;<\/p>\n<p>&nbsp;<\/p>\n<hr \/>\n<p><a href=\"https:\/\/www.salon-zenetbio.com\/nantes\/le-plan-du-salon-2025\/\" target=\"_blank\" rel=\"noopener\"><em>Consultez le plan de l&rsquo;\u00e9dition 2025<\/em><\/a><br \/>\n<a href=\"https:\/\/www.salon-zenetbio.com\/nantes\/le-plan-du-salon-2024\/\" target=\"_blank\" rel=\"noopener\"><em>Consultez le plan de l&rsquo;\u00e9dition 2024<\/em><\/a><br \/>\n<a href=\"https:\/\/www.salon-zenetbio.com\/nantes\/le-plan-du-salon-2023\/\" target=\"_blank\" rel=\"noopener\"><em>Consultez le plan de l&rsquo;\u00e9dition 2023<\/em><\/a><br \/>\n<a href=\"https:\/\/www.salon-zenetbio.com\/nantes\/wp-content\/uploads\/sites\/7\/2022\/10\/BD4-PLAN-VISITEURS-NANTES-22-600X320.pdf\" target=\"_blank\" rel=\"noopener\"><em>Consultez le plan de l&rsquo;\u00e9dition 2022<\/em><\/a><br \/>\n<a href=\"https:\/\/www.salon-zenetbio.com\/nantes\/wp-content\/uploads\/sites\/7\/2021\/10\/PLAN-VISITEURNantes-21-FAB.pdf\" target=\"_blank\" rel=\"noopener\"><em>Consultez le plan de l&rsquo;\u00e9dition 2021<\/em><\/a><br \/>\n<a href=\"https:\/\/www.salon-zenetbio.com\/nantes\/wp-content\/uploads\/sites\/7\/2020\/10\/PLAN-VISITEURNantes-v4.pdf\"><span style=\"font-size: 12pt;\"><em>Consultez le plan de l&rsquo;\u00e9dition 2020<\/em><\/span><\/a><\/p>\n<p>&nbsp;<\/p>\n","protected":false},"excerpt":{"rendered":"<p>Retrouvez bient\u00f4t le plan du salon 2026 ! &nbsp; &nbsp; Consultez le plan de l&rsquo;\u00e9dition 2025 Consultez le plan de l&rsquo;\u00e9dition 2024 Consultez le plan de l&rsquo;\u00e9dition 2023 Consultez le plan de l&rsquo;\u00e9dition 2022 Consultez le plan de l&rsquo;\u00e9dition 2021 Consultez le plan de l&rsquo;\u00e9dition 2020 &nbsp;<\/p>\n","protected":false},"author":5,"featured_media":0,"parent":6217,"menu_order":5,"comment_status":"closed","ping_status":"closed","template":"","meta":{"_monsterinsights_skip_tracking":false,"_monsterinsights_sitenote_active":false,"_monsterinsights_sitenote_note":"","_monsterinsights_sitenote_category":0,"footnotes":""},"class_list":["post-10469","page","type-page","status-publish","hentry"],"yoast_head":"<!-- This site is optimized with the Yoast SEO plugin v27.3 - https:\/\/yoast.com\/product\/yoast-seo-wordpress\/ -->\n<title>Le plan du salon - Salon ZEN &amp; BIO Nantes<\/title>\n<meta name=\"robots\" content=\"index, follow, max-snippet:-1, max-image-preview:large, max-video-preview:-1\" \/>\n<link rel=\"canonical\" href=\"http:\/\/www.salon-zenetbio.com\/nantes\/visiter\/le-plan-du-salon\/\" \/>\n<meta property=\"og:locale\" content=\"fr_FR\" \/>\n<meta property=\"og:type\" content=\"article\" \/>\n<meta property=\"og:title\" content=\"Le plan du salon - Salon ZEN &amp; BIO Nantes\" \/>\n<meta property=\"og:description\" content=\"Retrouvez bient\u00f4t le plan du salon 2026 ! &nbsp; &nbsp; Consultez le plan de l&rsquo;\u00e9dition 2025 Consultez le plan de l&rsquo;\u00e9dition 2024 Consultez le plan de l&rsquo;\u00e9dition 2023 Consultez le plan de l&rsquo;\u00e9dition 2022 Consultez le plan de l&rsquo;\u00e9dition 2021 Consultez le plan de l&rsquo;\u00e9dition 2020 &nbsp;\" \/>\n<meta property=\"og:url\" content=\"http:\/\/www.salon-zenetbio.com\/nantes\/visiter\/le-plan-du-salon\/\" \/>\n<meta property=\"og:site_name\" content=\"Salon ZEN &amp; BIO Nantes\" \/>\n<meta property=\"article:modified_time\" content=\"2026-03-04T15:53:37+00:00\" \/>\n<meta name=\"twitter:card\" content=\"summary_large_image\" \/>\n<meta name=\"twitter:label1\" content=\"Dur\u00e9e de lecture estim\u00e9e\" \/>\n\t<meta name=\"twitter:data1\" content=\"1 minute\" \/>\n<script type=\"application\/ld+json\" class=\"yoast-schema-graph\">{\"@context\":\"https:\\\/\\\/schema.org\",\"@graph\":[{\"@type\":\"WebPage\",\"@id\":\"http:\\\/\\\/www.salon-zenetbio.com\\\/nantes\\\/visiter\\\/le-plan-du-salon\\\/\",\"url\":\"http:\\\/\\\/www.salon-zenetbio.com\\\/nantes\\\/visiter\\\/le-plan-du-salon\\\/\",\"name\":\"Le plan du salon - Salon ZEN &amp; BIO Nantes\",\"isPartOf\":{\"@id\":\"https:\\\/\\\/www.salon-zenetbio.com\\\/nantes\\\/#website\"},\"datePublished\":\"2020-10-07T09:23:39+00:00\",\"dateModified\":\"2026-03-04T15:53:37+00:00\",\"breadcrumb\":{\"@id\":\"http:\\\/\\\/www.salon-zenetbio.com\\\/nantes\\\/visiter\\\/le-plan-du-salon\\\/#breadcrumb\"},\"inLanguage\":\"fr-FR\",\"potentialAction\":[{\"@type\":\"ReadAction\",\"target\":[\"http:\\\/\\\/www.salon-zenetbio.com\\\/nantes\\\/visiter\\\/le-plan-du-salon\\\/\"]}]},{\"@type\":\"BreadcrumbList\",\"@id\":\"http:\\\/\\\/www.salon-zenetbio.com\\\/nantes\\\/visiter\\\/le-plan-du-salon\\\/#breadcrumb\",\"itemListElement\":[{\"@type\":\"ListItem\",\"position\":1,\"name\":\"Accueil\",\"item\":\"https:\\\/\\\/www.salon-zenetbio.com\\\/nantes\\\/\"},{\"@type\":\"ListItem\",\"position\":2,\"name\":\"Visiter\",\"item\":\"https:\\\/\\\/www.salon-zenetbio.com\\\/nantes\\\/visiter\\\/\"},{\"@type\":\"ListItem\",\"position\":3,\"name\":\"Le plan du salon\"}]},{\"@type\":\"WebSite\",\"@id\":\"https:\\\/\\\/www.salon-zenetbio.com\\\/nantes\\\/#website\",\"url\":\"https:\\\/\\\/www.salon-zenetbio.com\\\/nantes\\\/\",\"name\":\"Salon ZEN &amp; BIO Nantes\",\"description\":\"salon ZEN &amp; BIO Nantes : votre salon bio, bien-\u00eatre et habitat sain\",\"publisher\":{\"@id\":\"https:\\\/\\\/www.salon-zenetbio.com\\\/nantes\\\/#organization\"},\"potentialAction\":[{\"@type\":\"SearchAction\",\"target\":{\"@type\":\"EntryPoint\",\"urlTemplate\":\"https:\\\/\\\/www.salon-zenetbio.com\\\/nantes\\\/?s={search_term_string}\"},\"query-input\":{\"@type\":\"PropertyValueSpecification\",\"valueRequired\":true,\"valueName\":\"search_term_string\"}}],\"inLanguage\":\"fr-FR\"},{\"@type\":\"Organization\",\"@id\":\"https:\\\/\\\/www.salon-zenetbio.com\\\/nantes\\\/#organization\",\"name\":\"Salon ZEN &amp; BIO Nantes\",\"url\":\"https:\\\/\\\/www.salon-zenetbio.com\\\/nantes\\\/\",\"logo\":{\"@type\":\"ImageObject\",\"inLanguage\":\"fr-FR\",\"@id\":\"https:\\\/\\\/www.salon-zenetbio.com\\\/nantes\\\/#\\\/schema\\\/logo\\\/image\\\/\",\"url\":\"http:\\\/\\\/www.salon-zenetbio.com\\\/nantes\\\/wp-content\\\/uploads\\\/sites\\\/7\\\/2026\\\/03\\\/cropped-Logo-ZEN-et-BIO-nantes-2026.png\",\"contentUrl\":\"http:\\\/\\\/www.salon-zenetbio.com\\\/nantes\\\/wp-content\\\/uploads\\\/sites\\\/7\\\/2026\\\/03\\\/cropped-Logo-ZEN-et-BIO-nantes-2026.png\",\"width\":921,\"height\":255,\"caption\":\"Salon ZEN &amp; BIO Nantes\"},\"image\":{\"@id\":\"https:\\\/\\\/www.salon-zenetbio.com\\\/nantes\\\/#\\\/schema\\\/logo\\\/image\\\/\"}}]}<\/script>\n<!-- \/ Yoast SEO plugin. -->","yoast_head_json":{"title":"Le plan du salon - Salon ZEN &amp; BIO Nantes","robots":{"index":"index","follow":"follow","max-snippet":"max-snippet:-1","max-image-preview":"max-image-preview:large","max-video-preview":"max-video-preview:-1"},"canonical":"http:\/\/www.salon-zenetbio.com\/nantes\/visiter\/le-plan-du-salon\/","og_locale":"fr_FR","og_type":"article","og_title":"Le plan du salon - Salon ZEN &amp; BIO Nantes","og_description":"Retrouvez bient\u00f4t le plan du salon 2026 ! &nbsp; &nbsp; Consultez le plan de l&rsquo;\u00e9dition 2025 Consultez le plan de l&rsquo;\u00e9dition 2024 Consultez le plan de l&rsquo;\u00e9dition 2023 Consultez le plan de l&rsquo;\u00e9dition 2022 Consultez le plan de l&rsquo;\u00e9dition 2021 Consultez le plan de l&rsquo;\u00e9dition 2020 &nbsp;","og_url":"http:\/\/www.salon-zenetbio.com\/nantes\/visiter\/le-plan-du-salon\/","og_site_name":"Salon ZEN &amp; BIO Nantes","article_modified_time":"2026-03-04T15:53:37+00:00","twitter_card":"summary_large_image","twitter_misc":{"Dur\u00e9e de lecture estim\u00e9e":"1 minute"},"schema":{"@context":"https:\/\/schema.org","@graph":[{"@type":"WebPage","@id":"http:\/\/www.salon-zenetbio.com\/nantes\/visiter\/le-plan-du-salon\/","url":"http:\/\/www.salon-zenetbio.com\/nantes\/visiter\/le-plan-du-salon\/","name":"Le plan du salon - Salon ZEN &amp; BIO Nantes","isPartOf":{"@id":"https:\/\/www.salon-zenetbio.com\/nantes\/#website"},"datePublished":"2020-10-07T09:23:39+00:00","dateModified":"2026-03-04T15:53:37+00:00","breadcrumb":{"@id":"http:\/\/www.salon-zenetbio.com\/nantes\/visiter\/le-plan-du-salon\/#breadcrumb"},"inLanguage":"fr-FR","potentialAction":[{"@type":"ReadAction","target":["http:\/\/www.salon-zenetbio.com\/nantes\/visiter\/le-plan-du-salon\/"]}]},{"@type":"BreadcrumbList","@id":"http:\/\/www.salon-zenetbio.com\/nantes\/visiter\/le-plan-du-salon\/#breadcrumb","itemListElement":[{"@type":"ListItem","position":1,"name":"Accueil","item":"https:\/\/www.salon-zenetbio.com\/nantes\/"},{"@type":"ListItem","position":2,"name":"Visiter","item":"https:\/\/www.salon-zenetbio.com\/nantes\/visiter\/"},{"@type":"ListItem","position":3,"name":"Le plan du salon"}]},{"@type":"WebSite","@id":"https:\/\/www.salon-zenetbio.com\/nantes\/#website","url":"https:\/\/www.salon-zenetbio.com\/nantes\/","name":"Salon ZEN &amp; BIO Nantes","description":"salon ZEN &amp; BIO Nantes : votre salon bio, bien-\u00eatre et habitat sain","publisher":{"@id":"https:\/\/www.salon-zenetbio.com\/nantes\/#organization"},"potentialAction":[{"@type":"SearchAction","target":{"@type":"EntryPoint","urlTemplate":"https:\/\/www.salon-zenetbio.com\/nantes\/?s={search_term_string}"},"query-input":{"@type":"PropertyValueSpecification","valueRequired":true,"valueName":"search_term_string"}}],"inLanguage":"fr-FR"},{"@type":"Organization","@id":"https:\/\/www.salon-zenetbio.com\/nantes\/#organization","name":"Salon ZEN &amp; BIO Nantes","url":"https:\/\/www.salon-zenetbio.com\/nantes\/","logo":{"@type":"ImageObject","inLanguage":"fr-FR","@id":"https:\/\/www.salon-zenetbio.com\/nantes\/#\/schema\/logo\/image\/","url":"http:\/\/www.salon-zenetbio.com\/nantes\/wp-content\/uploads\/sites\/7\/2026\/03\/cropped-Logo-ZEN-et-BIO-nantes-2026.png","contentUrl":"http:\/\/www.salon-zenetbio.com\/nantes\/wp-content\/uploads\/sites\/7\/2026\/03\/cropped-Logo-ZEN-et-BIO-nantes-2026.png","width":921,"height":255,"caption":"Salon ZEN &amp; BIO Nantes"},"image":{"@id":"https:\/\/www.salon-zenetbio.com\/nantes\/#\/schema\/logo\/image\/"}}]}},"_links":{"self":[{"href":"http:\/\/www.salon-zenetbio.com\/nantes\/wp-json\/wp\/v2\/pages\/10469","targetHints":{"allow":["GET"]}}],"collection":[{"href":"http:\/\/www.salon-zenetbio.com\/nantes\/wp-json\/wp\/v2\/pages"}],"about":[{"href":"http:\/\/www.salon-zenetbio.com\/nantes\/wp-json\/wp\/v2\/types\/page"}],"author":[{"embeddable":true,"href":"http:\/\/www.salon-zenetbio.com\/nantes\/wp-json\/wp\/v2\/users\/5"}],"replies":[{"embeddable":true,"href":"http:\/\/www.salon-zenetbio.com\/nantes\/wp-json\/wp\/v2\/comments?post=10469"}],"version-history":[{"count":19,"href":"http:\/\/www.salon-zenetbio.com\/nantes\/wp-json\/wp\/v2\/pages\/10469\/revisions"}],"predecessor-version":[{"id":18873,"href":"http:\/\/www.salon-zenetbio.com\/nantes\/wp-json\/wp\/v2\/pages\/10469\/revisions\/18873"}],"up":[{"embeddable":true,"href":"http:\/\/www.salon-zenetbio.com\/nantes\/wp-json\/wp\/v2\/pages\/6217"}],"wp:attachment":[{"href":"http:\/\/www.salon-zenetbio.com\/nantes\/wp-json\/wp\/v2\/media?parent=10469"}],"curies":[{"name":"wp","href":"https:\/\/api.w.org\/{rel}","templated":true}]}}