{"id":10519,"date":"2020-12-15T15:37:46","date_gmt":"2020-12-15T14:37:46","guid":{"rendered":"http:\/\/www.salon-zenetbio.com\/nantes\/?page_id=10519"},"modified":"2020-12-15T15:37:46","modified_gmt":"2020-12-15T14:37:46","slug":"espace-art-et-creation-2020","status":"publish","type":"page","link":"http:\/\/www.salon-zenetbio.com\/nantes\/espace-art-et-creation-2020\/","title":{"rendered":"Espace art et cr\u00e9ation 2020"},"content":{"rendered":"<p><strong>Organis\u00e9 par Marianne Lusson, art th\u00e9rapeute<\/strong><\/p>\n<p><em>Espaces Fresques Collectives (12h &#8211; 14h)<\/em><br \/>\nVendredi et samedi : C\u2019est quoi le bonheur ?<br \/>\nDimanche\u00a0: J\u2019ai r\u00eav\u00e9 d\u2019un monde nouveau<\/p>\n<p><em>Ateliers (01h15)<\/em><\/p>\n<h2><strong>Vendredi 9 octobre 2020<\/strong><\/h2>\n<p><strong>10:45<\/strong> Initiation \u00e0 l&rsquo;art th\u00e9rapie : Libres d&rsquo;oser ! (8 places, tout public)<br \/>\n<strong>14:30<\/strong> D\u00e9couverte de l\u2019art-th\u00e9rapie (8 places, tout public)<br \/>\n<strong>16:30<\/strong> Initiation \u00e0 l\u2019art th\u00e9rapie : De quoi parlent nos dessins ? (8 places, tout public, parents-enfants)<\/p>\n<h2><strong>Samedi 10 octobre 2020<\/strong><\/h2>\n<p><strong>10:45<\/strong> D\u00e9couverte de l\u2019Art-th\u00e9rapie\u00a0: Booster la confiance en soi (6 places, tout public)<br \/>\n<strong>14:30<\/strong> Initiation \u00e0 l\u2019art th\u00e9rapie : De quoi parlent nos dessins ? (8 places, tout public, parents-enfants)<br \/>\n<strong>16:30<\/strong> Initiation \u00e0 l&rsquo;art th\u00e9rapie : Libres d&rsquo;oser ! (8 places, tout public, adultes-ados)<\/p>\n<h2><strong>Dimanche 11 octobre 2020<\/strong><\/h2>\n<p><strong>10:45<\/strong> Initiation \u00e0 l\u2019art th\u00e9rapie : De quoi parlent nos dessins ? (8 places, tout public, parents-enfants)<br \/>\n<strong>14:30<\/strong> S\u2019inspirer de la Nature pour se d\u00e9couvrir par l\u2019expression cr\u00e9ative (8 places, tout public)<br \/>\n<strong>16:30<\/strong> Atelier Parents\/enfants\u00a0: se r\u00e9d\u00e9couvrir autrement avec l\u2019Art-th\u00e9rapie (6 places)<\/p>\n","protected":false},"excerpt":{"rendered":"<p>Organis\u00e9 par Marianne Lusson, art th\u00e9rapeute Espaces Fresques Collectives (12h &#8211; 14h) Vendredi et samedi : C\u2019est quoi le bonheur ? Dimanche\u00a0: J\u2019ai r\u00eav\u00e9 d\u2019un monde nouveau Ateliers (01h15) Vendredi 9 octobre 2020 10:45 Initiation \u00e0 l&rsquo;art th\u00e9rapie : Libres d&rsquo;oser ! (8 places, tout public) 14:30 D\u00e9couverte de l\u2019art-th\u00e9rapie (8 places, tout public) 16:30&hellip; <\/p>\n","protected":false},"author":5,"featured_media":0,"parent":0,"menu_order":0,"comment_status":"closed","ping_status":"closed","template":"","meta":{"_monsterinsights_skip_tracking":false,"_monsterinsights_sitenote_active":false,"_monsterinsights_sitenote_note":"","_monsterinsights_sitenote_category":0,"footnotes":""},"class_list":["post-10519","page","type-page","status-publish","hentry"],"yoast_head":"<!-- This site is optimized with the Yoast SEO plugin v27.3 - https:\/\/yoast.com\/product\/yoast-seo-wordpress\/ -->\n<title>Espace art et cr\u00e9ation 2020 - Salon ZEN &amp; BIO Nantes<\/title>\n<meta name=\"robots\" content=\"index, follow, max-snippet:-1, max-image-preview:large, max-video-preview:-1\" \/>\n<link rel=\"canonical\" href=\"http:\/\/www.salon-zenetbio.com\/nantes\/espace-art-et-creation-2020\/\" \/>\n<meta property=\"og:locale\" content=\"fr_FR\" \/>\n<meta property=\"og:type\" content=\"article\" \/>\n<meta property=\"og:title\" content=\"Espace art et cr\u00e9ation 2020 - Salon ZEN &amp; BIO Nantes\" \/>\n<meta property=\"og:description\" content=\"Organis\u00e9 par Marianne Lusson, art th\u00e9rapeute Espaces Fresques Collectives (12h &#8211; 14h) Vendredi et samedi : C\u2019est quoi le bonheur ? Dimanche\u00a0: J\u2019ai r\u00eav\u00e9 d\u2019un monde nouveau Ateliers (01h15) Vendredi 9 octobre 2020 10:45 Initiation \u00e0 l&rsquo;art th\u00e9rapie : Libres d&rsquo;oser ! (8 places, tout public) 14:30 D\u00e9couverte de l\u2019art-th\u00e9rapie (8 places, tout public) 16:30&hellip;\" \/>\n<meta property=\"og:url\" content=\"http:\/\/www.salon-zenetbio.com\/nantes\/espace-art-et-creation-2020\/\" \/>\n<meta property=\"og:site_name\" content=\"Salon ZEN &amp; BIO Nantes\" \/>\n<meta name=\"twitter:card\" content=\"summary_large_image\" \/>\n<meta name=\"twitter:label1\" content=\"Dur\u00e9e de lecture estim\u00e9e\" \/>\n\t<meta name=\"twitter:data1\" content=\"1 minute\" \/>\n<script type=\"application\/ld+json\" class=\"yoast-schema-graph\">{\"@context\":\"https:\\\/\\\/schema.org\",\"@graph\":[{\"@type\":\"WebPage\",\"@id\":\"http:\\\/\\\/www.salon-zenetbio.com\\\/nantes\\\/espace-art-et-creation-2020\\\/\",\"url\":\"http:\\\/\\\/www.salon-zenetbio.com\\\/nantes\\\/espace-art-et-creation-2020\\\/\",\"name\":\"Espace art et cr\u00e9ation 2020 - Salon ZEN &amp; BIO Nantes\",\"isPartOf\":{\"@id\":\"https:\\\/\\\/www.salon-zenetbio.com\\\/nantes\\\/#website\"},\"datePublished\":\"2020-12-15T14:37:46+00:00\",\"breadcrumb\":{\"@id\":\"http:\\\/\\\/www.salon-zenetbio.com\\\/nantes\\\/espace-art-et-creation-2020\\\/#breadcrumb\"},\"inLanguage\":\"fr-FR\",\"potentialAction\":[{\"@type\":\"ReadAction\",\"target\":[\"http:\\\/\\\/www.salon-zenetbio.com\\\/nantes\\\/espace-art-et-creation-2020\\\/\"]}]},{\"@type\":\"BreadcrumbList\",\"@id\":\"http:\\\/\\\/www.salon-zenetbio.com\\\/nantes\\\/espace-art-et-creation-2020\\\/#breadcrumb\",\"itemListElement\":[{\"@type\":\"ListItem\",\"position\":1,\"name\":\"Accueil\",\"item\":\"https:\\\/\\\/www.salon-zenetbio.com\\\/nantes\\\/\"},{\"@type\":\"ListItem\",\"position\":2,\"name\":\"Espace art et cr\u00e9ation 2020\"}]},{\"@type\":\"WebSite\",\"@id\":\"https:\\\/\\\/www.salon-zenetbio.com\\\/nantes\\\/#website\",\"url\":\"https:\\\/\\\/www.salon-zenetbio.com\\\/nantes\\\/\",\"name\":\"Salon ZEN &amp; BIO Nantes\",\"description\":\"salon ZEN &amp; BIO Nantes : votre salon bio, bien-\u00eatre et habitat sain\",\"publisher\":{\"@id\":\"https:\\\/\\\/www.salon-zenetbio.com\\\/nantes\\\/#organization\"},\"potentialAction\":[{\"@type\":\"SearchAction\",\"target\":{\"@type\":\"EntryPoint\",\"urlTemplate\":\"https:\\\/\\\/www.salon-zenetbio.com\\\/nantes\\\/?s={search_term_string}\"},\"query-input\":{\"@type\":\"PropertyValueSpecification\",\"valueRequired\":true,\"valueName\":\"search_term_string\"}}],\"inLanguage\":\"fr-FR\"},{\"@type\":\"Organization\",\"@id\":\"https:\\\/\\\/www.salon-zenetbio.com\\\/nantes\\\/#organization\",\"name\":\"Salon ZEN &amp; BIO Nantes\",\"url\":\"https:\\\/\\\/www.salon-zenetbio.com\\\/nantes\\\/\",\"logo\":{\"@type\":\"ImageObject\",\"inLanguage\":\"fr-FR\",\"@id\":\"https:\\\/\\\/www.salon-zenetbio.com\\\/nantes\\\/#\\\/schema\\\/logo\\\/image\\\/\",\"url\":\"http:\\\/\\\/www.salon-zenetbio.com\\\/nantes\\\/wp-content\\\/uploads\\\/sites\\\/7\\\/2026\\\/03\\\/cropped-Logo-ZEN-et-BIO-nantes-2026.png\",\"contentUrl\":\"http:\\\/\\\/www.salon-zenetbio.com\\\/nantes\\\/wp-content\\\/uploads\\\/sites\\\/7\\\/2026\\\/03\\\/cropped-Logo-ZEN-et-BIO-nantes-2026.png\",\"width\":921,\"height\":255,\"caption\":\"Salon ZEN &amp; BIO Nantes\"},\"image\":{\"@id\":\"https:\\\/\\\/www.salon-zenetbio.com\\\/nantes\\\/#\\\/schema\\\/logo\\\/image\\\/\"}}]}<\/script>\n<!-- \/ Yoast SEO plugin. -->","yoast_head_json":{"title":"Espace art et cr\u00e9ation 2020 - Salon ZEN &amp; BIO Nantes","robots":{"index":"index","follow":"follow","max-snippet":"max-snippet:-1","max-image-preview":"max-image-preview:large","max-video-preview":"max-video-preview:-1"},"canonical":"http:\/\/www.salon-zenetbio.com\/nantes\/espace-art-et-creation-2020\/","og_locale":"fr_FR","og_type":"article","og_title":"Espace art et cr\u00e9ation 2020 - Salon ZEN &amp; BIO Nantes","og_description":"Organis\u00e9 par Marianne Lusson, art th\u00e9rapeute Espaces Fresques Collectives (12h &#8211; 14h) Vendredi et samedi : C\u2019est quoi le bonheur ? Dimanche\u00a0: J\u2019ai r\u00eav\u00e9 d\u2019un monde nouveau Ateliers (01h15) Vendredi 9 octobre 2020 10:45 Initiation \u00e0 l&rsquo;art th\u00e9rapie : Libres d&rsquo;oser ! (8 places, tout public) 14:30 D\u00e9couverte de l\u2019art-th\u00e9rapie (8 places, tout public) 16:30&hellip;","og_url":"http:\/\/www.salon-zenetbio.com\/nantes\/espace-art-et-creation-2020\/","og_site_name":"Salon ZEN &amp; BIO Nantes","twitter_card":"summary_large_image","twitter_misc":{"Dur\u00e9e de lecture estim\u00e9e":"1 minute"},"schema":{"@context":"https:\/\/schema.org","@graph":[{"@type":"WebPage","@id":"http:\/\/www.salon-zenetbio.com\/nantes\/espace-art-et-creation-2020\/","url":"http:\/\/www.salon-zenetbio.com\/nantes\/espace-art-et-creation-2020\/","name":"Espace art et cr\u00e9ation 2020 - Salon ZEN &amp; BIO Nantes","isPartOf":{"@id":"https:\/\/www.salon-zenetbio.com\/nantes\/#website"},"datePublished":"2020-12-15T14:37:46+00:00","breadcrumb":{"@id":"http:\/\/www.salon-zenetbio.com\/nantes\/espace-art-et-creation-2020\/#breadcrumb"},"inLanguage":"fr-FR","potentialAction":[{"@type":"ReadAction","target":["http:\/\/www.salon-zenetbio.com\/nantes\/espace-art-et-creation-2020\/"]}]},{"@type":"BreadcrumbList","@id":"http:\/\/www.salon-zenetbio.com\/nantes\/espace-art-et-creation-2020\/#breadcrumb","itemListElement":[{"@type":"ListItem","position":1,"name":"Accueil","item":"https:\/\/www.salon-zenetbio.com\/nantes\/"},{"@type":"ListItem","position":2,"name":"Espace art et cr\u00e9ation 2020"}]},{"@type":"WebSite","@id":"https:\/\/www.salon-zenetbio.com\/nantes\/#website","url":"https:\/\/www.salon-zenetbio.com\/nantes\/","name":"Salon ZEN &amp; BIO Nantes","description":"salon ZEN &amp; BIO Nantes : votre salon bio, bien-\u00eatre et habitat sain","publisher":{"@id":"https:\/\/www.salon-zenetbio.com\/nantes\/#organization"},"potentialAction":[{"@type":"SearchAction","target":{"@type":"EntryPoint","urlTemplate":"https:\/\/www.salon-zenetbio.com\/nantes\/?s={search_term_string}"},"query-input":{"@type":"PropertyValueSpecification","valueRequired":true,"valueName":"search_term_string"}}],"inLanguage":"fr-FR"},{"@type":"Organization","@id":"https:\/\/www.salon-zenetbio.com\/nantes\/#organization","name":"Salon ZEN &amp; BIO Nantes","url":"https:\/\/www.salon-zenetbio.com\/nantes\/","logo":{"@type":"ImageObject","inLanguage":"fr-FR","@id":"https:\/\/www.salon-zenetbio.com\/nantes\/#\/schema\/logo\/image\/","url":"http:\/\/www.salon-zenetbio.com\/nantes\/wp-content\/uploads\/sites\/7\/2026\/03\/cropped-Logo-ZEN-et-BIO-nantes-2026.png","contentUrl":"http:\/\/www.salon-zenetbio.com\/nantes\/wp-content\/uploads\/sites\/7\/2026\/03\/cropped-Logo-ZEN-et-BIO-nantes-2026.png","width":921,"height":255,"caption":"Salon ZEN &amp; BIO Nantes"},"image":{"@id":"https:\/\/www.salon-zenetbio.com\/nantes\/#\/schema\/logo\/image\/"}}]}},"_links":{"self":[{"href":"http:\/\/www.salon-zenetbio.com\/nantes\/wp-json\/wp\/v2\/pages\/10519","targetHints":{"allow":["GET"]}}],"collection":[{"href":"http:\/\/www.salon-zenetbio.com\/nantes\/wp-json\/wp\/v2\/pages"}],"about":[{"href":"http:\/\/www.salon-zenetbio.com\/nantes\/wp-json\/wp\/v2\/types\/page"}],"author":[{"embeddable":true,"href":"http:\/\/www.salon-zenetbio.com\/nantes\/wp-json\/wp\/v2\/users\/5"}],"replies":[{"embeddable":true,"href":"http:\/\/www.salon-zenetbio.com\/nantes\/wp-json\/wp\/v2\/comments?post=10519"}],"version-history":[{"count":1,"href":"http:\/\/www.salon-zenetbio.com\/nantes\/wp-json\/wp\/v2\/pages\/10519\/revisions"}],"predecessor-version":[{"id":10520,"href":"http:\/\/www.salon-zenetbio.com\/nantes\/wp-json\/wp\/v2\/pages\/10519\/revisions\/10520"}],"wp:attachment":[{"href":"http:\/\/www.salon-zenetbio.com\/nantes\/wp-json\/wp\/v2\/media?parent=10519"}],"curies":[{"name":"wp","href":"https:\/\/api.w.org\/{rel}","templated":true}]}}