{"id":10531,"date":"2020-12-15T15:42:13","date_gmt":"2020-12-15T14:42:13","guid":{"rendered":"http:\/\/www.salon-zenetbio.com\/nantes\/?page_id=10531"},"modified":"2020-12-15T15:42:13","modified_gmt":"2020-12-15T14:42:13","slug":"conferences-2020","status":"publish","type":"page","link":"http:\/\/www.salon-zenetbio.com\/nantes\/conferences-2020\/","title":{"rendered":"Conf\u00e9rences 2020"},"content":{"rendered":"<p><strong><em><span style=\"color: #55a900;\">Salle LOIRE &#8211; Hall Bio<\/span> \/ <\/em><span style=\"color: #00a6e2;\"><em>Salle ERDRE<\/em><\/span><em><span style=\"color: #00a6e2;\"> &#8211; Hall Bio<\/span> \/ <span style=\"color: #f56f0b;\">Salle CH\u00c9ZINE &#8211; Hall Zen<\/span> \/ <span style=\"color: #993300;\">Salle S\u00c8VRE &#8211; Hall Zen<\/span><\/em><\/strong><\/p>\n<h2><strong>Vendredi 9 octobre 2020<\/strong><\/h2>\n<p><strong><span style=\"color: #00a6e2;\">12:00<\/span><\/strong> G\u00e9obiologie scientifique et ondes \u00e9lectromagn\u00e9tiques &#8211; David Averty<br \/>\n<strong><span style=\"color: #f56f0b;\">12:00<\/span><\/strong> Num\u00e9rologie : les clefs pour une vie \u00e9panouie &#8211; Sandrine Laurier<br \/>\n<strong><span style=\"color: #993300;\">12:00<\/span><\/strong> L&rsquo;\u00e9quilibre acide-base au centre de la sant\u00e9 et de l&rsquo;immunit\u00e9 &#8211; Patricia Paisant<br \/>\n<strong><span style=\"color: #00a6e2;\">13:00<\/span><\/strong> L&rsquo;humain devrait vivre 120 \u00e0 140 ans en bonne sant\u00e9. Comment r\u00e9g\u00e9n\u00e9rer son organisme simplement ? &#8211; Renaud Richet<br \/>\n<strong><span style=\"color: #f56f0b;\">13:00<\/span><\/strong> Orgonites: protection des ondes \u00e9lectromagn\u00e9tiques &#8211; Thierry Hermann<br \/>\n<strong><span style=\"color: #993300;\">13:00<\/span><\/strong> Comment agir contre les tensions musculaires de la t\u00eate, de la nuque et du dos &#8211; Alfred Pfennig<br \/>\n<strong><span style=\"color: #55a900;\">13:30<\/span><\/strong> 7 aliments pr\u00e9cieux \/ essentiels \u00e0 notre sant\u00e9 &#8211; France Guillain<br \/>\n<strong><span style=\"color: #00a6e2;\">14:00<\/span><\/strong> Technique Neuro-Cutann\u00e9e (TNC) : d\u00e9nouez douleurs, tensions, blocages et ressentez un grand bien-\u00eatre &#8211; Isabelle Le Roy et Ga\u00ebtan Barr\u00e9<br \/>\n<strong><span style=\"color: #f56f0b;\">14:00<\/span><\/strong> La jungle de la compl\u00e9mentation alimentaire\u00a0: min\u00e9raux\/m\u00e9taux lourds, des solutions authentiques et fiables &#8211; Nathalie Marty-Glasse<br \/>\n<strong><span style=\"color: #993300;\">14:00<\/span><\/strong> Ateliers les Gongs, utilisation en th\u00e9rapie des diff\u00e9rents gongs &#8211; Alain M\u00e9traux<br \/>\n<strong><span style=\"color: #55a900;\">14:30<\/span><\/strong> L&rsquo;incoh\u00e9rence nutritionnelle et les fl\u00e9aux alimentaires \u00e0 la base de la d\u00e9g\u00e9n\u00e9rescence cellulaire : explications et solutions &#8211; Dr Luc Le Metayer-Landr\u00e9<br \/>\n<strong><span style=\"color: #00a6e2;\">15:00<\/span><\/strong> Le Yoga des yeux, une approche holistique de la vision &#8211; Philippe Cleyet-Merle<br \/>\n<strong><span style=\"color: #f56f0b;\">15:00<\/span><\/strong> Min\u00e9raux : origines (g\u00e9ologie) &#8211; bienfaits (gemmoth\u00e9rapie) &#8211; utilisations &#8211; Jean-Claude Kennedec<br \/>\n<strong><span style=\"color: #993300;\">15:00<\/span><\/strong> Retrouver et gu\u00e9rir son enfant int\u00e9rieur\u00a0: La R\u00e9silience. Gu\u00e9rir le pass\u00e9 pour vivre pleinement l\u2019instant pr\u00e9sent &#8211; H\u00e9l\u00e8ne Girardin<br \/>\n<strong><span style=\"color: #55a900;\">15:30<\/span> <\/strong>Arr\u00eate de te battre, tu vas encore grossir&#8230; Comment les \u00e9motions gouvernent notre silhouette &#8211; Christelle Dallerac<br \/>\n<strong><span style=\"color: #00a6e2;\">16:00<\/span><\/strong> Le pouvoir de l&rsquo;intuition et des synchronicit\u00e9s &#8211; Vanessa Mielczareck et Gilles Guyon<br \/>\n<strong><span style=\"color: #f56f0b;\">16:00<\/span><\/strong> Les plantes sauvages au service de nos douleurs et de notre sant\u00e9 &#8211; Jean-Pol Clesse<br \/>\n<strong><span style=\"color: #993300;\">16:00<\/span><\/strong> G\u00e9obiologie : harmoniser durablement son lieu de Vie &#8211; Herv\u00e9 Rouch\u00e9<br \/>\n<strong><span style=\"color: #00a6e2;\">17:00<\/span><\/strong> Le je\u00fbne et ses bienfaits : physiologie et pratiques &#8211; Manon Limosin<br \/>\n<strong><span style=\"color: #f56f0b;\">17:00<\/span><\/strong> L\u2019hypnose comme outil de connaissance de soi. Voyage au c\u0153ur de nos personnages int\u00e9rieurs &#8211; H\u00e9l\u00e8ne Girardin<br \/>\n<strong><span style=\"color: #993300;\">17:00<\/span><\/strong> L\u2019impact du stress sur notre corps, nouvelles solutions quantiques et \u00e9pig\u00e9n\u00e9tiques &#8211; Jean-Pierre Chamodot<br \/>\n<strong><span style=\"color: #00a6e2;\">18:00<\/span><\/strong> Approche sur l&rsquo;\u00e9nergie &#8211; Didier R\u00e9mon<br \/>\n<strong><span style=\"color: #55a900;\">18:00 <\/span><\/strong>Techniques d\u2019hypnose\u00a0pour\u00a0mieux\u00a0communiquer et pour convaincre &#8211; Dany Dan Debeix<\/p>\n<h2><strong>Samedi 10 octobre 2020<\/strong><\/h2>\n<p><strong><span style=\"color: #55a900;\">11:00<\/span><\/strong> Comment mieux vivre gr\u00e2ce au Home Organising &#8211; Laurence Pigeon<br \/>\n<strong><span style=\"color: #00a6e2;\">11:00 <\/span><\/strong>Loi d\u2019attraction et hypnose : comment changer vers le mieux-\u00eatre ? Dany Dan Debeix<br \/>\n<strong><span style=\"color: #f56f0b;\">11:00 <\/span><\/strong>Cryoth\u00e9rapie corps entier : nouvelle approche th\u00e9rapeutique &#8211; Val\u00e9rie Georges<br \/>\n<strong><span style=\"color: #993300;\">11:00<\/span><\/strong> Pourquoi marcher pieds nus ? Aur\u00e9lie Chevalier<br \/>\n<strong><span style=\"color: #00a6e2;\">12:00<\/span><\/strong> Le r\u00f4le du chamane aujourd&rsquo;hui &#8211; Karine Laillier<br \/>\n<strong><span style=\"color: #f56f0b;\">12:00<\/span><\/strong> Min\u00e9raux : origines (g\u00e9ologie) &#8211; bienfaits (gemmoth\u00e9rapie) &#8211; utilisations &#8211; Jean-Claude Kennedec<br \/>\n<strong><span style=\"color: #993300;\">12:00<\/span><\/strong> Axe cerveau intestin : la sant\u00e9 est dans notre ventre &#8211; Patricia Paisant<br \/>\n<strong><span style=\"color: #00a6e2;\">13:00<\/span><\/strong> A la d\u00e9couverte du Feng Shui &#8211; Alexandra Dupuy<br \/>\n<strong><span style=\"color: #f56f0b;\">13:00<\/span><\/strong> Les bols de cristal : les diff\u00e9rents bols de cristal, utilisation en th\u00e9rapie, leurs histoires &#8211; Alain M\u00e9traux<br \/>\n<strong><span style=\"color: #993300;\">13:00<\/span> <\/strong>Les plantes sauvages au service de nos douleurs et de notre sant\u00e9 &#8211; Jean-Pol Clesse<br \/>\n<strong><span style=\"color: #55a900;\">13:30<\/span><\/strong> Le bain d\u00e9rivatif ou poche froide, le meilleur r\u00e9gulateur de notre temp\u00e9rature interne et antidouleur &#8211; France Guillain<br \/>\n<strong><span style=\"color: #00a6e2;\">14:00<\/span><\/strong> Urgence : je suis responsable de l&rsquo;eau que je bois ! &#8211; Thibault Geluyckens<br \/>\n<strong><span style=\"color: #f56f0b;\">14:00<\/span><\/strong> Orgonites: protection des ondes \u00e9lectromagn\u00e9tiques &#8211; Thierry Hermann<br \/>\n<strong><span style=\"color: #993300;\">14:00<\/span><\/strong> Mincir avec l\u2019Hypnose, la Psychologie du poids, et la r\u00e9gulation des neurom\u00e9diateurs &#8211; Julie Girardin<br \/>\n<strong><span style=\"color: #55a900;\">14:30<\/span><\/strong> Les algues marines, aliment complet, alcalins et \u00e9purateurs, une solution \u00e0 l&rsquo;acidit\u00e9 humorale et organique &#8211; Dr Luc Le Metayer-Landr\u00e9<br \/>\n<del><strong><span style=\"color: #00a6e2;\">15:00<\/span><\/strong> Cr\u00e9er son jardin nourricier &#8211; Floriana Pondichie et Jean-Roch Vinet<\/del> \/\/ <strong>annul\u00e9 et remplac\u00e9 par :<br \/>\n<\/strong><strong><span style=\"color: #00a6e2;\">15:00 <\/span><\/strong>Cin\u00e9-d\u00e9bat : r\u00e9enchanter les liens entre les Hommes, l&rsquo;Oc\u00e9an et la Terre &#8211; <strong><em>Sarah Lelong et Meriadeg Charlou<\/em><\/strong><br \/>\n<strong><span style=\"color: #f56f0b;\">15:00<\/span><\/strong> Comment agir contre les tensions musculaires de la t\u00eate, de la nuque et du dos &#8211; Alfred Pfennig<br \/>\n<strong><span style=\"color: #993300;\">15:00<\/span> <\/strong>Le foie : comment le maintenir en forme pour qu\u2019il ne nous fasse pas vivre un enfer ? &#8211; Renaud Richet<br \/>\n<strong><span style=\"color: #55a900;\">15:30<\/span><\/strong> Le burn-out : le comprendre, le pr\u00e9venir, rebondir &#8211; Astrid Le Fur<br \/>\n<strong><span style=\"color: #00a6e2;\">16:00<\/span><\/strong> Vivre sa mission de vie &#8211; Gilles Guyon et Vanessa Mielczareck<br \/>\n<strong><span style=\"color: #f56f0b;\">16:00<\/span><\/strong> L&rsquo;approche naturopathique et holistique de la sant\u00e9 &#8211; Philippe Cleyet-Merle<br \/>\n<strong><span style=\"color: #993300;\">16:00<\/span><\/strong> Lithoth\u00e9rapie : comment b\u00e9n\u00e9ficier de l&rsquo;action \u00e9nerg\u00e9tique des min\u00e9raux &#8211; Herv\u00e9 Rouch\u00e9<br \/>\n<strong><span style=\"color: #00a6e2;\">17:00<\/span><\/strong> Stress\u00e9 tendu \u00e9puis\u00e9 douloureux ? Nouvelles solutions quantiques et \u00e9pig\u00e9n\u00e9tiques &#8211; Jean-Pierre Chamodot<br \/>\n<strong><span style=\"color: #f56f0b;\">17:00<\/span><\/strong> Le je\u00fbne et ses bienfaits : physiologie et pratiques &#8211; Manon Limosin<br \/>\n<strong><span style=\"color: #993300;\">17:00<\/span><\/strong> Retrouver et gu\u00e9rir son enfant int\u00e9rieur : La R\u00e9silience. Gu\u00e9rir le pass\u00e9 pour vivre pleinement l\u2019instant pr\u00e9sent &#8211; H\u00e9l\u00e8ne Girardin<\/p>\n<h2><strong>Dimanche 11 octobre 2020<\/strong><\/h2>\n<p><strong><span style=\"color: #55a900;\">11:00 <\/span><\/strong>Les graines germ\u00e9es en gouttes : leurs qualit\u00e9s en terme de nettoyeurs et r\u00e9\u00e9quilibrants de nos fonctions organiques &#8211; Monique Pellen<br \/>\n<strong><span style=\"color: #993300;\">11:00<\/span><\/strong> La joie au c\u0153ur de la relation parentale &#8211; Estelle Jaudouin<br \/>\n<strong><span style=\"color: #00a6e2;\">12:00<\/span><\/strong> Le Yoga des yeux, une approche holistique de la vision &#8211; Philippe Cleyet-Merle<br \/>\n<strong><span style=\"color: #f56f0b;\">12:00<\/span><\/strong> Les m\u00e9taux lourds : origines, incidences, mesures et solutions &#8211; Ozenbiotech<br \/>\n<strong><span style=\"color: #993300;\">12:00<\/span><\/strong> Axe cerveau intestin : la sant\u00e9 est dans notre ventre &#8211; Patricia Paisant<br \/>\n<strong><span style=\"color: #00a6e2;\">13:00<\/span><\/strong> Les bols Tib\u00e9tains : Histoire et tradition: les diff\u00e9rents bols tib\u00e9tains comment choisir son bol &#8211; Alain M\u00e9traux<br \/>\n<strong><span style=\"color: #f56f0b;\">13:00<\/span><\/strong> Comment agir contre les tensions musculaires de la t\u00eate, de la nuque et du dos &#8211; Alfred Pfennig<br \/>\n<strong><span style=\"color: #993300;\">13:00<\/span><\/strong> Lithoth\u00e9rapie : d\u00e9velopper son intuition avec l&rsquo;aide des min\u00e9raux &#8211; Herv\u00e9 Rouch\u00e9<br \/>\n<strong><span style=\"color: #55a900;\">13:30<\/span><\/strong> L\u2019hypnose comme outil de connaissance de soi. Voyage au c\u0153ur de nos personnages int\u00e9rieurs\u00a0 &#8211; H\u00e9l\u00e8ne Girardin<br \/>\n<strong><span style=\"color: #00a6e2;\">14:00<\/span><\/strong><br \/>\n<strong><span style=\"color: #f56f0b;\">14:00<\/span><\/strong> Les plantes sauvages au service de nos douleurs et de notre sant\u00e9 &#8211; Jean-Pol Clesse<br \/>\n<strong><span style=\"color: #993300;\">14:00<\/span><\/strong> Intestin et microbiote : quoi faire pour qu\u2019ils nous prot\u00e8gent et nous rendent heureux, au lieu de nous empoisonner ? &#8211; Renaud Richet<br \/>\n<strong><span style=\"color: #55a900;\">14:30<\/span><\/strong> Que manger pour rester en bonne sant\u00e9, et surtout en coh\u00e9rence avec notre physio-anatomie &#8211; Dr Luc Le Metayer-Landr\u00e9<br \/>\n<strong><span style=\"color: #00a6e2;\">15:00<\/span><\/strong> Et si tout avait un sens ? Gilles Guillon<br \/>\n<strong><span style=\"color: #f56f0b;\">15:00<\/span><\/strong> Orgonites : protection des ondes \u00e9lectromagn\u00e9tiques &#8211; Thierry Hermann<br \/>\n<strong><span style=\"color: #993300;\">15:00<\/span> <\/strong> Le r\u00f4le du chamane aujourd&rsquo;hui &#8211; Karine Laillier<br \/>\n<strong><span style=\"color: #55a900;\">15:30<\/span><\/strong> Mincir avec l\u2019Hypnose, la Psychologie du poids, et la r\u00e9gulation des neurom\u00e9diateurs &#8211; Julie Girardin<br \/>\n<strong><span style=\"color: #00a6e2;\">16:00<\/span><\/strong> Num\u00e9rologie : les clefs pour une vie \u00e9panouie &#8211; Sandrine Laurier<br \/>\n<strong><span style=\"color: #f56f0b;\">16:00<\/span><\/strong> L&rsquo;approche naturopathique et holistique de la sant\u00e9 &#8211; Philippe Cleyet-Merle<br \/>\n<strong><span style=\"color: #993300;\">16:00<\/span><\/strong> Peut-on en finir avec les douleurs, tensions, fatigue, maladies, mal-\u00eatre, isolement, d\u00e9pendances ? &#8211; Jean-Pierre Chamodot<br \/>\n<strong><span style=\"color: #f56f0b;\">17:00<\/span><\/strong> Le je\u00fbne et ses bienfaits : physiologie et pratiques &#8211; Manon Limosin<br \/>\n<strong><span style=\"color: #993300;\">17:00<\/span><\/strong> Comment profiter pour soi-m\u00eame des \u00e9nergies positives et de bien-\u00eatre des sites sacr\u00e9s m\u00e9galithiques ? Fr\u00e9d\u00e9ric Buisson<br \/>\n<strong><span style=\"color: #00a6e2;\">17:00 <\/span><\/strong>Am\u00e9liorer sa sant\u00e9 par l\u2019auto-hypnose et soigner par l\u2019hypnose &#8211; Dany Dan Debeix<\/p>\n","protected":false},"excerpt":{"rendered":"<p>Salle LOIRE &#8211; Hall Bio \/ Salle ERDRE &#8211; Hall Bio \/ Salle CH\u00c9ZINE &#8211; Hall Zen \/ Salle S\u00c8VRE &#8211; Hall Zen Vendredi 9 octobre 2020 12:00 G\u00e9obiologie scientifique et ondes \u00e9lectromagn\u00e9tiques &#8211; David Averty 12:00 Num\u00e9rologie : les clefs pour une vie \u00e9panouie &#8211; Sandrine Laurier 12:00 L&rsquo;\u00e9quilibre acide-base au centre de la&hellip; <\/p>\n","protected":false},"author":5,"featured_media":0,"parent":0,"menu_order":0,"comment_status":"closed","ping_status":"closed","template":"","meta":{"_monsterinsights_skip_tracking":false,"_monsterinsights_sitenote_active":false,"_monsterinsights_sitenote_note":"","_monsterinsights_sitenote_category":0,"footnotes":""},"class_list":["post-10531","page","type-page","status-publish","hentry"],"yoast_head":"<!-- This site is optimized with the Yoast SEO plugin v27.3 - https:\/\/yoast.com\/product\/yoast-seo-wordpress\/ -->\n<title>Conf\u00e9rences 2020 - Salon ZEN &amp; BIO Nantes<\/title>\n<meta name=\"robots\" content=\"index, follow, max-snippet:-1, max-image-preview:large, max-video-preview:-1\" \/>\n<link rel=\"canonical\" href=\"http:\/\/www.salon-zenetbio.com\/nantes\/conferences-2020\/\" \/>\n<meta property=\"og:locale\" content=\"fr_FR\" \/>\n<meta property=\"og:type\" content=\"article\" \/>\n<meta property=\"og:title\" content=\"Conf\u00e9rences 2020 - Salon ZEN &amp; BIO Nantes\" \/>\n<meta property=\"og:description\" content=\"Salle LOIRE &#8211; Hall Bio \/ Salle ERDRE &#8211; Hall Bio \/ Salle CH\u00c9ZINE &#8211; Hall Zen \/ Salle S\u00c8VRE &#8211; Hall Zen Vendredi 9 octobre 2020 12:00 G\u00e9obiologie scientifique et ondes \u00e9lectromagn\u00e9tiques &#8211; David Averty 12:00 Num\u00e9rologie : les clefs pour une vie \u00e9panouie &#8211; Sandrine Laurier 12:00 L&rsquo;\u00e9quilibre acide-base au centre de la&hellip;\" \/>\n<meta property=\"og:url\" content=\"http:\/\/www.salon-zenetbio.com\/nantes\/conferences-2020\/\" \/>\n<meta property=\"og:site_name\" content=\"Salon ZEN &amp; BIO Nantes\" \/>\n<meta name=\"twitter:card\" content=\"summary_large_image\" \/>\n<meta name=\"twitter:label1\" content=\"Dur\u00e9e de lecture estim\u00e9e\" \/>\n\t<meta name=\"twitter:data1\" content=\"6 minutes\" \/>\n<script type=\"application\/ld+json\" class=\"yoast-schema-graph\">{\"@context\":\"https:\\\/\\\/schema.org\",\"@graph\":[{\"@type\":\"WebPage\",\"@id\":\"http:\\\/\\\/www.salon-zenetbio.com\\\/nantes\\\/conferences-2020\\\/\",\"url\":\"http:\\\/\\\/www.salon-zenetbio.com\\\/nantes\\\/conferences-2020\\\/\",\"name\":\"Conf\u00e9rences 2020 - Salon ZEN &amp; BIO Nantes\",\"isPartOf\":{\"@id\":\"https:\\\/\\\/www.salon-zenetbio.com\\\/nantes\\\/#website\"},\"datePublished\":\"2020-12-15T14:42:13+00:00\",\"breadcrumb\":{\"@id\":\"http:\\\/\\\/www.salon-zenetbio.com\\\/nantes\\\/conferences-2020\\\/#breadcrumb\"},\"inLanguage\":\"fr-FR\",\"potentialAction\":[{\"@type\":\"ReadAction\",\"target\":[\"http:\\\/\\\/www.salon-zenetbio.com\\\/nantes\\\/conferences-2020\\\/\"]}]},{\"@type\":\"BreadcrumbList\",\"@id\":\"http:\\\/\\\/www.salon-zenetbio.com\\\/nantes\\\/conferences-2020\\\/#breadcrumb\",\"itemListElement\":[{\"@type\":\"ListItem\",\"position\":1,\"name\":\"Accueil\",\"item\":\"https:\\\/\\\/www.salon-zenetbio.com\\\/nantes\\\/\"},{\"@type\":\"ListItem\",\"position\":2,\"name\":\"Conf\u00e9rences 2020\"}]},{\"@type\":\"WebSite\",\"@id\":\"https:\\\/\\\/www.salon-zenetbio.com\\\/nantes\\\/#website\",\"url\":\"https:\\\/\\\/www.salon-zenetbio.com\\\/nantes\\\/\",\"name\":\"Salon ZEN &amp; BIO Nantes\",\"description\":\"salon ZEN &amp; BIO Nantes : votre salon bio, bien-\u00eatre et habitat sain\",\"publisher\":{\"@id\":\"https:\\\/\\\/www.salon-zenetbio.com\\\/nantes\\\/#organization\"},\"potentialAction\":[{\"@type\":\"SearchAction\",\"target\":{\"@type\":\"EntryPoint\",\"urlTemplate\":\"https:\\\/\\\/www.salon-zenetbio.com\\\/nantes\\\/?s={search_term_string}\"},\"query-input\":{\"@type\":\"PropertyValueSpecification\",\"valueRequired\":true,\"valueName\":\"search_term_string\"}}],\"inLanguage\":\"fr-FR\"},{\"@type\":\"Organization\",\"@id\":\"https:\\\/\\\/www.salon-zenetbio.com\\\/nantes\\\/#organization\",\"name\":\"Salon ZEN &amp; BIO Nantes\",\"url\":\"https:\\\/\\\/www.salon-zenetbio.com\\\/nantes\\\/\",\"logo\":{\"@type\":\"ImageObject\",\"inLanguage\":\"fr-FR\",\"@id\":\"https:\\\/\\\/www.salon-zenetbio.com\\\/nantes\\\/#\\\/schema\\\/logo\\\/image\\\/\",\"url\":\"http:\\\/\\\/www.salon-zenetbio.com\\\/nantes\\\/wp-content\\\/uploads\\\/sites\\\/7\\\/2026\\\/03\\\/cropped-Logo-ZEN-et-BIO-nantes-2026.png\",\"contentUrl\":\"http:\\\/\\\/www.salon-zenetbio.com\\\/nantes\\\/wp-content\\\/uploads\\\/sites\\\/7\\\/2026\\\/03\\\/cropped-Logo-ZEN-et-BIO-nantes-2026.png\",\"width\":921,\"height\":255,\"caption\":\"Salon ZEN &amp; BIO Nantes\"},\"image\":{\"@id\":\"https:\\\/\\\/www.salon-zenetbio.com\\\/nantes\\\/#\\\/schema\\\/logo\\\/image\\\/\"}}]}<\/script>\n<!-- \/ Yoast SEO plugin. -->","yoast_head_json":{"title":"Conf\u00e9rences 2020 - Salon ZEN &amp; BIO Nantes","robots":{"index":"index","follow":"follow","max-snippet":"max-snippet:-1","max-image-preview":"max-image-preview:large","max-video-preview":"max-video-preview:-1"},"canonical":"http:\/\/www.salon-zenetbio.com\/nantes\/conferences-2020\/","og_locale":"fr_FR","og_type":"article","og_title":"Conf\u00e9rences 2020 - Salon ZEN &amp; BIO Nantes","og_description":"Salle LOIRE &#8211; Hall Bio \/ Salle ERDRE &#8211; Hall Bio \/ Salle CH\u00c9ZINE &#8211; Hall Zen \/ Salle S\u00c8VRE &#8211; Hall Zen Vendredi 9 octobre 2020 12:00 G\u00e9obiologie scientifique et ondes \u00e9lectromagn\u00e9tiques &#8211; David Averty 12:00 Num\u00e9rologie : les clefs pour une vie \u00e9panouie &#8211; Sandrine Laurier 12:00 L&rsquo;\u00e9quilibre acide-base au centre de la&hellip;","og_url":"http:\/\/www.salon-zenetbio.com\/nantes\/conferences-2020\/","og_site_name":"Salon ZEN &amp; BIO Nantes","twitter_card":"summary_large_image","twitter_misc":{"Dur\u00e9e de lecture estim\u00e9e":"6 minutes"},"schema":{"@context":"https:\/\/schema.org","@graph":[{"@type":"WebPage","@id":"http:\/\/www.salon-zenetbio.com\/nantes\/conferences-2020\/","url":"http:\/\/www.salon-zenetbio.com\/nantes\/conferences-2020\/","name":"Conf\u00e9rences 2020 - Salon ZEN &amp; BIO Nantes","isPartOf":{"@id":"https:\/\/www.salon-zenetbio.com\/nantes\/#website"},"datePublished":"2020-12-15T14:42:13+00:00","breadcrumb":{"@id":"http:\/\/www.salon-zenetbio.com\/nantes\/conferences-2020\/#breadcrumb"},"inLanguage":"fr-FR","potentialAction":[{"@type":"ReadAction","target":["http:\/\/www.salon-zenetbio.com\/nantes\/conferences-2020\/"]}]},{"@type":"BreadcrumbList","@id":"http:\/\/www.salon-zenetbio.com\/nantes\/conferences-2020\/#breadcrumb","itemListElement":[{"@type":"ListItem","position":1,"name":"Accueil","item":"https:\/\/www.salon-zenetbio.com\/nantes\/"},{"@type":"ListItem","position":2,"name":"Conf\u00e9rences 2020"}]},{"@type":"WebSite","@id":"https:\/\/www.salon-zenetbio.com\/nantes\/#website","url":"https:\/\/www.salon-zenetbio.com\/nantes\/","name":"Salon ZEN &amp; BIO Nantes","description":"salon ZEN &amp; BIO Nantes : votre salon bio, bien-\u00eatre et habitat sain","publisher":{"@id":"https:\/\/www.salon-zenetbio.com\/nantes\/#organization"},"potentialAction":[{"@type":"SearchAction","target":{"@type":"EntryPoint","urlTemplate":"https:\/\/www.salon-zenetbio.com\/nantes\/?s={search_term_string}"},"query-input":{"@type":"PropertyValueSpecification","valueRequired":true,"valueName":"search_term_string"}}],"inLanguage":"fr-FR"},{"@type":"Organization","@id":"https:\/\/www.salon-zenetbio.com\/nantes\/#organization","name":"Salon ZEN &amp; BIO Nantes","url":"https:\/\/www.salon-zenetbio.com\/nantes\/","logo":{"@type":"ImageObject","inLanguage":"fr-FR","@id":"https:\/\/www.salon-zenetbio.com\/nantes\/#\/schema\/logo\/image\/","url":"http:\/\/www.salon-zenetbio.com\/nantes\/wp-content\/uploads\/sites\/7\/2026\/03\/cropped-Logo-ZEN-et-BIO-nantes-2026.png","contentUrl":"http:\/\/www.salon-zenetbio.com\/nantes\/wp-content\/uploads\/sites\/7\/2026\/03\/cropped-Logo-ZEN-et-BIO-nantes-2026.png","width":921,"height":255,"caption":"Salon ZEN &amp; BIO Nantes"},"image":{"@id":"https:\/\/www.salon-zenetbio.com\/nantes\/#\/schema\/logo\/image\/"}}]}},"_links":{"self":[{"href":"http:\/\/www.salon-zenetbio.com\/nantes\/wp-json\/wp\/v2\/pages\/10531","targetHints":{"allow":["GET"]}}],"collection":[{"href":"http:\/\/www.salon-zenetbio.com\/nantes\/wp-json\/wp\/v2\/pages"}],"about":[{"href":"http:\/\/www.salon-zenetbio.com\/nantes\/wp-json\/wp\/v2\/types\/page"}],"author":[{"embeddable":true,"href":"http:\/\/www.salon-zenetbio.com\/nantes\/wp-json\/wp\/v2\/users\/5"}],"replies":[{"embeddable":true,"href":"http:\/\/www.salon-zenetbio.com\/nantes\/wp-json\/wp\/v2\/comments?post=10531"}],"version-history":[{"count":1,"href":"http:\/\/www.salon-zenetbio.com\/nantes\/wp-json\/wp\/v2\/pages\/10531\/revisions"}],"predecessor-version":[{"id":10532,"href":"http:\/\/www.salon-zenetbio.com\/nantes\/wp-json\/wp\/v2\/pages\/10531\/revisions\/10532"}],"wp:attachment":[{"href":"http:\/\/www.salon-zenetbio.com\/nantes\/wp-json\/wp\/v2\/media?parent=10531"}],"curies":[{"name":"wp","href":"https:\/\/api.w.org\/{rel}","templated":true}]}}