{"id":10534,"date":"2020-12-15T15:43:32","date_gmt":"2020-12-15T14:43:32","guid":{"rendered":"http:\/\/www.salon-zenetbio.com\/nantes\/?page_id=10534"},"modified":"2020-12-15T15:43:32","modified_gmt":"2020-12-15T14:43:32","slug":"ateliers-bien-etre-2020","status":"publish","type":"page","link":"http:\/\/www.salon-zenetbio.com\/nantes\/ateliers-bien-etre-2020\/","title":{"rendered":"Ateliers bien-\u00eatre 2020"},"content":{"rendered":"<p><span style=\"color: #d82f89;\"><strong>Salle TRENTEMOULT<\/strong><\/span><\/p>\n<h2><strong>Vendredi 9 octobre 2020<\/strong><\/h2>\n<p><strong><span style=\"color: #d82f89;\">11:00<\/span> <\/strong>Massages avec les bols tib\u00e9tains &#8211; Alain M\u00e9traux<br \/>\n<span style=\"color: #d82f89;\"><strong>12:00<\/strong><\/span> Mincir avec l\u2019Hypnose, la Psychologie du poids, et la r\u00e9gulation des neurom\u00e9diateurs &#8211; Julie Girardin<br \/>\n<span style=\"color: #d82f89;\"><strong>13:00<\/strong><\/span> Le Yoga des yeux, une approche holistique de la vision &#8211; Philippe Cleyet-Merle<br \/>\n<span style=\"color: #d82f89;\"><strong>14:00<\/strong><\/span> Atelier coeur de femmes &#8211; Nathalie Rouch\u00e9<br \/>\n<span style=\"color: #d82f89;\"><strong>15:00<\/strong><\/span> M\u00e9ditation par les sons &#8211; Didier R\u00e9mon<br \/>\n<span style=\"color: #d82f89;\"><strong>16:00<\/strong> <\/span>Cl\u00e9s pour cultiver l&rsquo;harmonie en soi et chez soi &#8211; C\u00e9cile Morfouace<br \/>\n<span style=\"color: #d82f89;\"><strong>17:00 <\/strong><\/span>Les Champs de l&rsquo;Etre vers un \u00e9tat de conscience modifi\u00e9e &#8211; El\u00e9onore de Lardemelle<br \/>\n<span style=\"color: #d82f89;\"><strong>18:00<\/strong><\/span> La force du f\u00e9minin \/masculin &#8211; Gilles Guyon<\/p>\n<h2><strong>Samedi 10 octobre 2020<\/strong><\/h2>\n<p><span style=\"color: #d82f89;\"><strong>11:00<\/strong><\/span> Sophrologie et \u00e9motions, ecouter et respecter son corps pour d\u00e9velopper son empathie &#8211; Isabelle Tesson Mocquard<br \/>\n<span style=\"color: #d82f89;\"><strong>12:00<\/strong><\/span> Retrouver et gu\u00e9rir son enfant int\u00e9rieur\u00a0: La R\u00e9silience. Gu\u00e9rir le pass\u00e9 pour vivre pleinement l\u2019instant pr\u00e9sent &#8211; H\u00e9l\u00e8ne Girardin<br \/>\n<span style=\"color: #d82f89;\"><strong>13:00<\/strong><\/span> L\u2019exp\u00e9rience du coaching intuitif &#8211; Gilles Guyon<br \/>\n<span style=\"color: #d82f89;\"><strong>14:00<\/strong><\/span> Soulagez votre corps en parlant avec vos cellules &#8211; Jean-Pierre Chamodot<br \/>\n<span style=\"color: #d82f89;\"><strong>15:00<\/strong><\/span> M\u00e9ditation par les sons &#8211; Didier R\u00e9mon<br \/>\n<span style=\"color: #d82f89;\"><strong>16:00<\/strong><\/span> R\u00e9flexion pour une nutrition durable, saine et de plaisir avec les Rep\u00e8res du Go\u00fbt &#8211; Jean-Claude Berton<br \/>\n<span style=\"color: #d82f89;\"><strong>17:00<\/strong><\/span> D\u00e9couverte du Shiatsu (2h) &#8211; Xavier Porter-Ladousse<\/p>\n<p><strong>Samedi \u00e0 16h00 : Concert chamanique, organis\u00e9 par Oowake (cour ext\u00e9rieure)<\/strong><br \/>\n<em>Exp\u00e9rience interactive. Suivant la m\u00e9t\u00e9o, l&rsquo;horaire est susceptible d&rsquo;\u00eatre modifi\u00e9<\/em><\/p>\n<h2><strong>Dimanche 11 octobre 2020<\/strong><\/h2>\n<p><span style=\"color: #d82f89;\"><strong>11:00<\/strong><\/span> Sophrologie et communication, permettre de se connecter aux autres et de transformer ses relations de fa\u00e7on harmonieuse &#8211; Isabelle Tesson Mocquard<br \/>\n<span style=\"color: #d82f89;\"><strong>12:00<\/strong><\/span> L\u2019hypnose comme outil de connaissance de soi. Voyage au c\u0153ur de nos personnages int\u00e9rieurs &#8211; H\u00e9l\u00e8ne Girardin<br \/>\n<span style=\"color: #d82f89;\"><strong>13:00<\/strong><\/span> Comment passer \u00e0 l\u2019action &#8211; Gilles Guyon<br \/>\n<span style=\"color: #d82f89;\"><strong>14:00<\/strong><\/span> Votre verbe est-il vraiment cr\u00e9ateur ? Souhaitez-vous exp\u00e9rimenter son impact sur le corps humain ? &#8211; Jean-Pierre Chamodot<br \/>\n<span style=\"color: #d82f89;\"><strong>15:00<\/strong><\/span> Ressource \u00e9nerg\u00e9tique : boite \u00e0 outils &#8211; Didier R\u00e9mon<br \/>\n<span style=\"color: #d82f89;\"><strong>16:00 <\/strong><\/span>Les Champs de l&rsquo;Etre vers un \u00e9tat de conscience modifi\u00e9e &#8211; El\u00e9onore de Lardemelle<\/p>\n","protected":false},"excerpt":{"rendered":"<p>Salle TRENTEMOULT Vendredi 9 octobre 2020 11:00 Massages avec les bols tib\u00e9tains &#8211; Alain M\u00e9traux 12:00 Mincir avec l\u2019Hypnose, la Psychologie du poids, et la r\u00e9gulation des neurom\u00e9diateurs &#8211; Julie Girardin 13:00 Le Yoga des yeux, une approche holistique de la vision &#8211; Philippe Cleyet-Merle 14:00 Atelier coeur de femmes &#8211; Nathalie Rouch\u00e9 15:00 M\u00e9ditation&hellip; <\/p>\n","protected":false},"author":5,"featured_media":0,"parent":0,"menu_order":0,"comment_status":"closed","ping_status":"closed","template":"","meta":{"_monsterinsights_skip_tracking":false,"_monsterinsights_sitenote_active":false,"_monsterinsights_sitenote_note":"","_monsterinsights_sitenote_category":0,"footnotes":""},"class_list":["post-10534","page","type-page","status-publish","hentry"],"yoast_head":"<!-- This site is optimized with the Yoast SEO plugin v27.3 - https:\/\/yoast.com\/product\/yoast-seo-wordpress\/ -->\n<title>Ateliers bien-\u00eatre 2020 - Salon ZEN &amp; BIO Nantes<\/title>\n<meta name=\"robots\" content=\"index, follow, max-snippet:-1, max-image-preview:large, max-video-preview:-1\" \/>\n<link rel=\"canonical\" href=\"http:\/\/www.salon-zenetbio.com\/nantes\/ateliers-bien-etre-2020\/\" \/>\n<meta property=\"og:locale\" content=\"fr_FR\" \/>\n<meta property=\"og:type\" content=\"article\" \/>\n<meta property=\"og:title\" content=\"Ateliers bien-\u00eatre 2020 - Salon ZEN &amp; BIO Nantes\" \/>\n<meta property=\"og:description\" content=\"Salle TRENTEMOULT Vendredi 9 octobre 2020 11:00 Massages avec les bols tib\u00e9tains &#8211; Alain M\u00e9traux 12:00 Mincir avec l\u2019Hypnose, la Psychologie du poids, et la r\u00e9gulation des neurom\u00e9diateurs &#8211; Julie Girardin 13:00 Le Yoga des yeux, une approche holistique de la vision &#8211; Philippe Cleyet-Merle 14:00 Atelier coeur de femmes &#8211; Nathalie Rouch\u00e9 15:00 M\u00e9ditation&hellip;\" \/>\n<meta property=\"og:url\" content=\"http:\/\/www.salon-zenetbio.com\/nantes\/ateliers-bien-etre-2020\/\" \/>\n<meta property=\"og:site_name\" content=\"Salon ZEN &amp; BIO Nantes\" \/>\n<meta name=\"twitter:card\" content=\"summary_large_image\" \/>\n<meta name=\"twitter:label1\" content=\"Dur\u00e9e de lecture estim\u00e9e\" \/>\n\t<meta name=\"twitter:data1\" content=\"2 minutes\" \/>\n<script type=\"application\/ld+json\" class=\"yoast-schema-graph\">{\"@context\":\"https:\\\/\\\/schema.org\",\"@graph\":[{\"@type\":\"WebPage\",\"@id\":\"http:\\\/\\\/www.salon-zenetbio.com\\\/nantes\\\/ateliers-bien-etre-2020\\\/\",\"url\":\"http:\\\/\\\/www.salon-zenetbio.com\\\/nantes\\\/ateliers-bien-etre-2020\\\/\",\"name\":\"Ateliers bien-\u00eatre 2020 - Salon ZEN &amp; BIO Nantes\",\"isPartOf\":{\"@id\":\"https:\\\/\\\/www.salon-zenetbio.com\\\/nantes\\\/#website\"},\"datePublished\":\"2020-12-15T14:43:32+00:00\",\"breadcrumb\":{\"@id\":\"http:\\\/\\\/www.salon-zenetbio.com\\\/nantes\\\/ateliers-bien-etre-2020\\\/#breadcrumb\"},\"inLanguage\":\"fr-FR\",\"potentialAction\":[{\"@type\":\"ReadAction\",\"target\":[\"http:\\\/\\\/www.salon-zenetbio.com\\\/nantes\\\/ateliers-bien-etre-2020\\\/\"]}]},{\"@type\":\"BreadcrumbList\",\"@id\":\"http:\\\/\\\/www.salon-zenetbio.com\\\/nantes\\\/ateliers-bien-etre-2020\\\/#breadcrumb\",\"itemListElement\":[{\"@type\":\"ListItem\",\"position\":1,\"name\":\"Accueil\",\"item\":\"https:\\\/\\\/www.salon-zenetbio.com\\\/nantes\\\/\"},{\"@type\":\"ListItem\",\"position\":2,\"name\":\"Ateliers bien-\u00eatre 2020\"}]},{\"@type\":\"WebSite\",\"@id\":\"https:\\\/\\\/www.salon-zenetbio.com\\\/nantes\\\/#website\",\"url\":\"https:\\\/\\\/www.salon-zenetbio.com\\\/nantes\\\/\",\"name\":\"Salon ZEN &amp; BIO Nantes\",\"description\":\"salon ZEN &amp; BIO Nantes : votre salon bio, bien-\u00eatre et habitat sain\",\"publisher\":{\"@id\":\"https:\\\/\\\/www.salon-zenetbio.com\\\/nantes\\\/#organization\"},\"potentialAction\":[{\"@type\":\"SearchAction\",\"target\":{\"@type\":\"EntryPoint\",\"urlTemplate\":\"https:\\\/\\\/www.salon-zenetbio.com\\\/nantes\\\/?s={search_term_string}\"},\"query-input\":{\"@type\":\"PropertyValueSpecification\",\"valueRequired\":true,\"valueName\":\"search_term_string\"}}],\"inLanguage\":\"fr-FR\"},{\"@type\":\"Organization\",\"@id\":\"https:\\\/\\\/www.salon-zenetbio.com\\\/nantes\\\/#organization\",\"name\":\"Salon ZEN &amp; BIO Nantes\",\"url\":\"https:\\\/\\\/www.salon-zenetbio.com\\\/nantes\\\/\",\"logo\":{\"@type\":\"ImageObject\",\"inLanguage\":\"fr-FR\",\"@id\":\"https:\\\/\\\/www.salon-zenetbio.com\\\/nantes\\\/#\\\/schema\\\/logo\\\/image\\\/\",\"url\":\"http:\\\/\\\/www.salon-zenetbio.com\\\/nantes\\\/wp-content\\\/uploads\\\/sites\\\/7\\\/2026\\\/03\\\/cropped-Logo-ZEN-et-BIO-nantes-2026.png\",\"contentUrl\":\"http:\\\/\\\/www.salon-zenetbio.com\\\/nantes\\\/wp-content\\\/uploads\\\/sites\\\/7\\\/2026\\\/03\\\/cropped-Logo-ZEN-et-BIO-nantes-2026.png\",\"width\":921,\"height\":255,\"caption\":\"Salon ZEN &amp; BIO Nantes\"},\"image\":{\"@id\":\"https:\\\/\\\/www.salon-zenetbio.com\\\/nantes\\\/#\\\/schema\\\/logo\\\/image\\\/\"}}]}<\/script>\n<!-- \/ Yoast SEO plugin. -->","yoast_head_json":{"title":"Ateliers bien-\u00eatre 2020 - Salon ZEN &amp; BIO Nantes","robots":{"index":"index","follow":"follow","max-snippet":"max-snippet:-1","max-image-preview":"max-image-preview:large","max-video-preview":"max-video-preview:-1"},"canonical":"http:\/\/www.salon-zenetbio.com\/nantes\/ateliers-bien-etre-2020\/","og_locale":"fr_FR","og_type":"article","og_title":"Ateliers bien-\u00eatre 2020 - Salon ZEN &amp; BIO Nantes","og_description":"Salle TRENTEMOULT Vendredi 9 octobre 2020 11:00 Massages avec les bols tib\u00e9tains &#8211; Alain M\u00e9traux 12:00 Mincir avec l\u2019Hypnose, la Psychologie du poids, et la r\u00e9gulation des neurom\u00e9diateurs &#8211; Julie Girardin 13:00 Le Yoga des yeux, une approche holistique de la vision &#8211; Philippe Cleyet-Merle 14:00 Atelier coeur de femmes &#8211; Nathalie Rouch\u00e9 15:00 M\u00e9ditation&hellip;","og_url":"http:\/\/www.salon-zenetbio.com\/nantes\/ateliers-bien-etre-2020\/","og_site_name":"Salon ZEN &amp; BIO Nantes","twitter_card":"summary_large_image","twitter_misc":{"Dur\u00e9e de lecture estim\u00e9e":"2 minutes"},"schema":{"@context":"https:\/\/schema.org","@graph":[{"@type":"WebPage","@id":"http:\/\/www.salon-zenetbio.com\/nantes\/ateliers-bien-etre-2020\/","url":"http:\/\/www.salon-zenetbio.com\/nantes\/ateliers-bien-etre-2020\/","name":"Ateliers bien-\u00eatre 2020 - Salon ZEN &amp; BIO Nantes","isPartOf":{"@id":"https:\/\/www.salon-zenetbio.com\/nantes\/#website"},"datePublished":"2020-12-15T14:43:32+00:00","breadcrumb":{"@id":"http:\/\/www.salon-zenetbio.com\/nantes\/ateliers-bien-etre-2020\/#breadcrumb"},"inLanguage":"fr-FR","potentialAction":[{"@type":"ReadAction","target":["http:\/\/www.salon-zenetbio.com\/nantes\/ateliers-bien-etre-2020\/"]}]},{"@type":"BreadcrumbList","@id":"http:\/\/www.salon-zenetbio.com\/nantes\/ateliers-bien-etre-2020\/#breadcrumb","itemListElement":[{"@type":"ListItem","position":1,"name":"Accueil","item":"https:\/\/www.salon-zenetbio.com\/nantes\/"},{"@type":"ListItem","position":2,"name":"Ateliers bien-\u00eatre 2020"}]},{"@type":"WebSite","@id":"https:\/\/www.salon-zenetbio.com\/nantes\/#website","url":"https:\/\/www.salon-zenetbio.com\/nantes\/","name":"Salon ZEN &amp; BIO Nantes","description":"salon ZEN &amp; BIO Nantes : votre salon bio, bien-\u00eatre et habitat sain","publisher":{"@id":"https:\/\/www.salon-zenetbio.com\/nantes\/#organization"},"potentialAction":[{"@type":"SearchAction","target":{"@type":"EntryPoint","urlTemplate":"https:\/\/www.salon-zenetbio.com\/nantes\/?s={search_term_string}"},"query-input":{"@type":"PropertyValueSpecification","valueRequired":true,"valueName":"search_term_string"}}],"inLanguage":"fr-FR"},{"@type":"Organization","@id":"https:\/\/www.salon-zenetbio.com\/nantes\/#organization","name":"Salon ZEN &amp; BIO Nantes","url":"https:\/\/www.salon-zenetbio.com\/nantes\/","logo":{"@type":"ImageObject","inLanguage":"fr-FR","@id":"https:\/\/www.salon-zenetbio.com\/nantes\/#\/schema\/logo\/image\/","url":"http:\/\/www.salon-zenetbio.com\/nantes\/wp-content\/uploads\/sites\/7\/2026\/03\/cropped-Logo-ZEN-et-BIO-nantes-2026.png","contentUrl":"http:\/\/www.salon-zenetbio.com\/nantes\/wp-content\/uploads\/sites\/7\/2026\/03\/cropped-Logo-ZEN-et-BIO-nantes-2026.png","width":921,"height":255,"caption":"Salon ZEN &amp; BIO Nantes"},"image":{"@id":"https:\/\/www.salon-zenetbio.com\/nantes\/#\/schema\/logo\/image\/"}}]}},"_links":{"self":[{"href":"http:\/\/www.salon-zenetbio.com\/nantes\/wp-json\/wp\/v2\/pages\/10534","targetHints":{"allow":["GET"]}}],"collection":[{"href":"http:\/\/www.salon-zenetbio.com\/nantes\/wp-json\/wp\/v2\/pages"}],"about":[{"href":"http:\/\/www.salon-zenetbio.com\/nantes\/wp-json\/wp\/v2\/types\/page"}],"author":[{"embeddable":true,"href":"http:\/\/www.salon-zenetbio.com\/nantes\/wp-json\/wp\/v2\/users\/5"}],"replies":[{"embeddable":true,"href":"http:\/\/www.salon-zenetbio.com\/nantes\/wp-json\/wp\/v2\/comments?post=10534"}],"version-history":[{"count":1,"href":"http:\/\/www.salon-zenetbio.com\/nantes\/wp-json\/wp\/v2\/pages\/10534\/revisions"}],"predecessor-version":[{"id":10535,"href":"http:\/\/www.salon-zenetbio.com\/nantes\/wp-json\/wp\/v2\/pages\/10534\/revisions\/10535"}],"wp:attachment":[{"href":"http:\/\/www.salon-zenetbio.com\/nantes\/wp-json\/wp\/v2\/media?parent=10534"}],"curies":[{"name":"wp","href":"https:\/\/api.w.org\/{rel}","templated":true}]}}