{"id":15245,"date":"2024-06-04T16:04:49","date_gmt":"2024-06-04T14:04:49","guid":{"rendered":"https:\/\/www.salon-zenetbio.com\/nantes\/?page_id=15245"},"modified":"2024-06-07T12:48:36","modified_gmt":"2024-06-07T10:48:36","slug":"chlorophylle","status":"publish","type":"page","link":"http:\/\/www.salon-zenetbio.com\/nantes\/chlorophylle\/","title":{"rendered":"Chlorophylle"},"content":{"rendered":"<p><img decoding=\"async\" class=\"wp-image-15246 size-medium aligncenter\" src=\"https:\/\/www.salon-zenetbio.com\/nantes\/wp-content\/uploads\/sites\/7\/2024\/06\/LogoChloro2014-e1717509623513-300x128.png\" alt=\"\" width=\"300\" height=\"128\" srcset=\"http:\/\/www.salon-zenetbio.com\/nantes\/wp-content\/uploads\/sites\/7\/2024\/06\/LogoChloro2014-e1717509623513-300x128.png 300w, http:\/\/www.salon-zenetbio.com\/nantes\/wp-content\/uploads\/sites\/7\/2024\/06\/LogoChloro2014-e1717509623513-150x64.png 150w, http:\/\/www.salon-zenetbio.com\/nantes\/wp-content\/uploads\/sites\/7\/2024\/06\/LogoChloro2014-e1717509623513-500x214.png 500w, http:\/\/www.salon-zenetbio.com\/nantes\/wp-content\/uploads\/sites\/7\/2024\/06\/LogoChloro2014-e1717509623513.png 529w\" sizes=\"(max-width: 300px) 100vw, 300px\" \/><\/p>\n<h2 class=\"text-align-center\">La coop !<\/h2>\n<p class=\"text-align-center\"><img decoding=\"async\" class=\"size-medium wp-image-15259 alignleft\" src=\"https:\/\/www.salon-zenetbio.com\/nantes\/wp-content\/uploads\/sites\/7\/2024\/06\/1-Home-Header-1366x486-1-300x107.jpg\" alt=\"\" width=\"300\" height=\"107\" srcset=\"http:\/\/www.salon-zenetbio.com\/nantes\/wp-content\/uploads\/sites\/7\/2024\/06\/1-Home-Header-1366x486-1-300x107.jpg 300w, http:\/\/www.salon-zenetbio.com\/nantes\/wp-content\/uploads\/sites\/7\/2024\/06\/1-Home-Header-1366x486-1-1024x364.jpg 1024w, http:\/\/www.salon-zenetbio.com\/nantes\/wp-content\/uploads\/sites\/7\/2024\/06\/1-Home-Header-1366x486-1-768x273.jpg 768w, http:\/\/www.salon-zenetbio.com\/nantes\/wp-content\/uploads\/sites\/7\/2024\/06\/1-Home-Header-1366x486-1-150x53.jpg 150w, http:\/\/www.salon-zenetbio.com\/nantes\/wp-content\/uploads\/sites\/7\/2024\/06\/1-Home-Header-1366x486-1-500x178.jpg 500w, http:\/\/www.salon-zenetbio.com\/nantes\/wp-content\/uploads\/sites\/7\/2024\/06\/1-Home-Header-1366x486-1.jpg 1366w\" sizes=\"(max-width: 300px) 100vw, 300px\" \/>La coop\u00e9rative est d\u00e9tenue par ses adh\u00e9rents.\u00a0<strong>Sa raison d\u2019\u00eatre n\u2019est pas de faire du profit mais de proposer des produits bio de qualit\u00e9<\/strong>, locaux le plus possible, au juste prix pour les adh\u00e9rents et dans le respect des fournisseurs, des salari\u00e9s et de l\u2019environnement, naturellement !<\/p>\n<h2 id=\"fondee\">Fond\u00e9e \u00e0 Nantes en 1985<\/h2>\n<p>Tout a commenc\u00e9 par un appel lanc\u00e9 \u00e0 l\u2019\u00e9poque sur Radio France bleu Loire Oc\u00e9an.\u00a0<strong>L\u2019id\u00e9e : rassembler des nantais d\u00e9sireux de pr\u00e9server l\u2019authenticit\u00e9 de l&rsquo;alimentation<\/strong>, loin de l\u2019agriculture intensive et de la consommation de masse\u00a0 alors en plein d\u00e9veloppement.<\/p>\n<p>Les quelques pionniers cr\u00e9ent une association, d\u00e9nichent des producteurs bios et un local dans lequel se relaient des adh\u00e9rents de plus en plus nombreux. Ils tiennent la caisse, remplissent les rayons, vont chercher les commandes, font la comptabilit\u00e9\u2026\u00a0<strong>Ils passent un peu pour des illumin\u00e9s mais peu importe ! Chlorophylle est n\u00e9e.<\/strong><\/p>\n<h2 id=\"cooperative\">Une coop\u00e9rative ouverte<\/h2>\n<p><img fetchpriority=\"high\" decoding=\"async\" class=\" wp-image-15249 alignright\" src=\"https:\/\/www.salon-zenetbio.com\/nantes\/wp-content\/uploads\/sites\/7\/2024\/06\/2019-85x54-1-300x198.jpg\" alt=\"\" width=\"371\" height=\"245\" srcset=\"http:\/\/www.salon-zenetbio.com\/nantes\/wp-content\/uploads\/sites\/7\/2024\/06\/2019-85x54-1-300x198.jpg 300w, http:\/\/www.salon-zenetbio.com\/nantes\/wp-content\/uploads\/sites\/7\/2024\/06\/2019-85x54-1-1024x675.jpg 1024w, http:\/\/www.salon-zenetbio.com\/nantes\/wp-content\/uploads\/sites\/7\/2024\/06\/2019-85x54-1-768x506.jpg 768w, http:\/\/www.salon-zenetbio.com\/nantes\/wp-content\/uploads\/sites\/7\/2024\/06\/2019-85x54-1-150x99.jpg 150w, http:\/\/www.salon-zenetbio.com\/nantes\/wp-content\/uploads\/sites\/7\/2024\/06\/2019-85x54-1-500x329.jpg 500w, http:\/\/www.salon-zenetbio.com\/nantes\/wp-content\/uploads\/sites\/7\/2024\/06\/2019-85x54-1.jpg 1290w\" sizes=\"(max-width: 371px) 100vw, 371px\" \/><\/p>\n<p><strong>Tout le monde est le bienvenu chez Chlorophylle <\/strong>mais seuls les membres de la coop\u00e9rative\u00a0b\u00e9n\u00e9ficient de la remise Adh\u00e9rent.\u00a0La coop\u00e9rative rassemble plus de 45 000 foyers et distribue ses produits bio dans sept magasins bio \u00e0 Nantes et sur l\u2019agglom\u00e9ration.<\/p>\n<p><strong>Les profits r\u00e9alis\u00e9s sont r\u00e9investis dans la bio<\/strong>\u00a0pour d\u00e9velopper une fili\u00e8re de qualit\u00e9, \u00e9quitable et durable :\u00a0soutien au d\u00e9veloppement de petits producteurs locaux, cr\u00e9ation de points de distribution, actions pour favoriser les bonnes pratiques en bio (cours, ateliers, conf\u00e9rences\u2026).<\/p>\n<p>Visiter le\u00a0<a href=\"http:\/\/chlorophylle-coop.com\" target=\"_blank\" rel=\"noopener\">site internet<\/a><\/p>\n<p><img loading=\"lazy\" decoding=\"async\" class=\" wp-image-15258 aligncenter\" src=\"https:\/\/www.salon-zenetbio.com\/nantes\/wp-content\/uploads\/sites\/7\/2024\/06\/7.8-Nos-magasins-St-Herblain-Atlantis-300x207.jpg\" alt=\"\" width=\"446\" height=\"308\" srcset=\"http:\/\/www.salon-zenetbio.com\/nantes\/wp-content\/uploads\/sites\/7\/2024\/06\/7.8-Nos-magasins-St-Herblain-Atlantis-300x207.jpg 300w, http:\/\/www.salon-zenetbio.com\/nantes\/wp-content\/uploads\/sites\/7\/2024\/06\/7.8-Nos-magasins-St-Herblain-Atlantis-150x104.jpg 150w, http:\/\/www.salon-zenetbio.com\/nantes\/wp-content\/uploads\/sites\/7\/2024\/06\/7.8-Nos-magasins-St-Herblain-Atlantis-500x345.jpg 500w, http:\/\/www.salon-zenetbio.com\/nantes\/wp-content\/uploads\/sites\/7\/2024\/06\/7.8-Nos-magasins-St-Herblain-Atlantis.jpg 642w\" sizes=\"(max-width: 446px) 100vw, 446px\" \/><\/p>\n","protected":false},"excerpt":{"rendered":"<p>La coop ! La coop\u00e9rative est d\u00e9tenue par ses adh\u00e9rents.\u00a0Sa raison d\u2019\u00eatre n\u2019est pas de faire du profit mais de proposer des produits bio de qualit\u00e9, locaux le plus possible, au juste prix pour les adh\u00e9rents et dans le respect des fournisseurs, des salari\u00e9s et de l\u2019environnement, naturellement ! Fond\u00e9e \u00e0 Nantes en 1985 Tout&hellip; <\/p>\n","protected":false},"author":8,"featured_media":0,"parent":0,"menu_order":0,"comment_status":"closed","ping_status":"closed","template":"","meta":{"_monsterinsights_skip_tracking":false,"_monsterinsights_sitenote_active":false,"_monsterinsights_sitenote_note":"","_monsterinsights_sitenote_category":0,"footnotes":""},"class_list":["post-15245","page","type-page","status-publish","hentry"],"yoast_head":"<!-- This site is optimized with the Yoast SEO plugin v27.5 - https:\/\/yoast.com\/product\/yoast-seo-wordpress\/ -->\n<title>Chlorophylle - Salon ZEN &amp; BIO Nantes<\/title>\n<meta name=\"robots\" content=\"index, follow, max-snippet:-1, max-image-preview:large, max-video-preview:-1\" \/>\n<link rel=\"canonical\" href=\"http:\/\/www.salon-zenetbio.com\/nantes\/chlorophylle\/\" \/>\n<meta property=\"og:locale\" content=\"fr_FR\" \/>\n<meta property=\"og:type\" content=\"article\" \/>\n<meta property=\"og:title\" content=\"Chlorophylle - Salon ZEN &amp; BIO Nantes\" \/>\n<meta property=\"og:description\" content=\"La coop ! La coop\u00e9rative est d\u00e9tenue par ses adh\u00e9rents.\u00a0Sa raison d\u2019\u00eatre n\u2019est pas de faire du profit mais de proposer des produits bio de qualit\u00e9, locaux le plus possible, au juste prix pour les adh\u00e9rents et dans le respect des fournisseurs, des salari\u00e9s et de l\u2019environnement, naturellement ! Fond\u00e9e \u00e0 Nantes en 1985 Tout&hellip;\" \/>\n<meta property=\"og:url\" content=\"http:\/\/www.salon-zenetbio.com\/nantes\/chlorophylle\/\" \/>\n<meta property=\"og:site_name\" content=\"Salon ZEN &amp; BIO Nantes\" \/>\n<meta property=\"article:modified_time\" content=\"2024-06-07T10:48:36+00:00\" \/>\n<meta property=\"og:image\" content=\"https:\/\/www.salon-zenetbio.com\/nantes\/wp-content\/uploads\/sites\/7\/2024\/06\/LogoChloro2014-e1717509623513-300x128.png\" \/>\n<meta name=\"twitter:card\" content=\"summary_large_image\" \/>\n<meta name=\"twitter:label1\" content=\"Dur\u00e9e de lecture estim\u00e9e\" \/>\n\t<meta name=\"twitter:data1\" content=\"2 minutes\" \/>\n<script type=\"application\/ld+json\" class=\"yoast-schema-graph\">{\"@context\":\"https:\\\/\\\/schema.org\",\"@graph\":[{\"@type\":\"WebPage\",\"@id\":\"http:\\\/\\\/www.salon-zenetbio.com\\\/nantes\\\/chlorophylle\\\/\",\"url\":\"http:\\\/\\\/www.salon-zenetbio.com\\\/nantes\\\/chlorophylle\\\/\",\"name\":\"Chlorophylle - Salon ZEN &amp; BIO Nantes\",\"isPartOf\":{\"@id\":\"https:\\\/\\\/www.salon-zenetbio.com\\\/nantes\\\/#website\"},\"primaryImageOfPage\":{\"@id\":\"http:\\\/\\\/www.salon-zenetbio.com\\\/nantes\\\/chlorophylle\\\/#primaryimage\"},\"image\":{\"@id\":\"http:\\\/\\\/www.salon-zenetbio.com\\\/nantes\\\/chlorophylle\\\/#primaryimage\"},\"thumbnailUrl\":\"https:\\\/\\\/www.salon-zenetbio.com\\\/nantes\\\/wp-content\\\/uploads\\\/sites\\\/7\\\/2024\\\/06\\\/LogoChloro2014-e1717509623513-300x128.png\",\"datePublished\":\"2024-06-04T14:04:49+00:00\",\"dateModified\":\"2024-06-07T10:48:36+00:00\",\"breadcrumb\":{\"@id\":\"http:\\\/\\\/www.salon-zenetbio.com\\\/nantes\\\/chlorophylle\\\/#breadcrumb\"},\"inLanguage\":\"fr-FR\",\"potentialAction\":[{\"@type\":\"ReadAction\",\"target\":[\"http:\\\/\\\/www.salon-zenetbio.com\\\/nantes\\\/chlorophylle\\\/\"]}]},{\"@type\":\"ImageObject\",\"inLanguage\":\"fr-FR\",\"@id\":\"http:\\\/\\\/www.salon-zenetbio.com\\\/nantes\\\/chlorophylle\\\/#primaryimage\",\"url\":\"http:\\\/\\\/www.salon-zenetbio.com\\\/nantes\\\/wp-content\\\/uploads\\\/sites\\\/7\\\/2024\\\/06\\\/LogoChloro2014-e1717509623513.png\",\"contentUrl\":\"http:\\\/\\\/www.salon-zenetbio.com\\\/nantes\\\/wp-content\\\/uploads\\\/sites\\\/7\\\/2024\\\/06\\\/LogoChloro2014-e1717509623513.png\",\"width\":529,\"height\":226},{\"@type\":\"BreadcrumbList\",\"@id\":\"http:\\\/\\\/www.salon-zenetbio.com\\\/nantes\\\/chlorophylle\\\/#breadcrumb\",\"itemListElement\":[{\"@type\":\"ListItem\",\"position\":1,\"name\":\"Accueil\",\"item\":\"https:\\\/\\\/www.salon-zenetbio.com\\\/nantes\\\/\"},{\"@type\":\"ListItem\",\"position\":2,\"name\":\"Chlorophylle\"}]},{\"@type\":\"WebSite\",\"@id\":\"https:\\\/\\\/www.salon-zenetbio.com\\\/nantes\\\/#website\",\"url\":\"https:\\\/\\\/www.salon-zenetbio.com\\\/nantes\\\/\",\"name\":\"Salon ZEN &amp; BIO Nantes\",\"description\":\"salon ZEN &amp; BIO Nantes : votre salon bio, bien-\u00eatre et habitat sain\",\"publisher\":{\"@id\":\"https:\\\/\\\/www.salon-zenetbio.com\\\/nantes\\\/#organization\"},\"potentialAction\":[{\"@type\":\"SearchAction\",\"target\":{\"@type\":\"EntryPoint\",\"urlTemplate\":\"https:\\\/\\\/www.salon-zenetbio.com\\\/nantes\\\/?s={search_term_string}\"},\"query-input\":{\"@type\":\"PropertyValueSpecification\",\"valueRequired\":true,\"valueName\":\"search_term_string\"}}],\"inLanguage\":\"fr-FR\"},{\"@type\":\"Organization\",\"@id\":\"https:\\\/\\\/www.salon-zenetbio.com\\\/nantes\\\/#organization\",\"name\":\"Salon ZEN &amp; BIO Nantes\",\"url\":\"https:\\\/\\\/www.salon-zenetbio.com\\\/nantes\\\/\",\"logo\":{\"@type\":\"ImageObject\",\"inLanguage\":\"fr-FR\",\"@id\":\"https:\\\/\\\/www.salon-zenetbio.com\\\/nantes\\\/#\\\/schema\\\/logo\\\/image\\\/\",\"url\":\"http:\\\/\\\/www.salon-zenetbio.com\\\/nantes\\\/wp-content\\\/uploads\\\/sites\\\/7\\\/2026\\\/03\\\/cropped-Logo-ZEN-et-BIO-nantes-2026.png\",\"contentUrl\":\"http:\\\/\\\/www.salon-zenetbio.com\\\/nantes\\\/wp-content\\\/uploads\\\/sites\\\/7\\\/2026\\\/03\\\/cropped-Logo-ZEN-et-BIO-nantes-2026.png\",\"width\":921,\"height\":255,\"caption\":\"Salon ZEN &amp; BIO Nantes\"},\"image\":{\"@id\":\"https:\\\/\\\/www.salon-zenetbio.com\\\/nantes\\\/#\\\/schema\\\/logo\\\/image\\\/\"}}]}<\/script>\n<!-- \/ Yoast SEO plugin. -->","yoast_head_json":{"title":"Chlorophylle - Salon ZEN &amp; BIO Nantes","robots":{"index":"index","follow":"follow","max-snippet":"max-snippet:-1","max-image-preview":"max-image-preview:large","max-video-preview":"max-video-preview:-1"},"canonical":"http:\/\/www.salon-zenetbio.com\/nantes\/chlorophylle\/","og_locale":"fr_FR","og_type":"article","og_title":"Chlorophylle - Salon ZEN &amp; BIO Nantes","og_description":"La coop ! La coop\u00e9rative est d\u00e9tenue par ses adh\u00e9rents.\u00a0Sa raison d\u2019\u00eatre n\u2019est pas de faire du profit mais de proposer des produits bio de qualit\u00e9, locaux le plus possible, au juste prix pour les adh\u00e9rents et dans le respect des fournisseurs, des salari\u00e9s et de l\u2019environnement, naturellement ! Fond\u00e9e \u00e0 Nantes en 1985 Tout&hellip;","og_url":"http:\/\/www.salon-zenetbio.com\/nantes\/chlorophylle\/","og_site_name":"Salon ZEN &amp; BIO Nantes","article_modified_time":"2024-06-07T10:48:36+00:00","og_image":[{"url":"https:\/\/www.salon-zenetbio.com\/nantes\/wp-content\/uploads\/sites\/7\/2024\/06\/LogoChloro2014-e1717509623513-300x128.png","type":"","width":"","height":""}],"twitter_card":"summary_large_image","twitter_misc":{"Dur\u00e9e de lecture estim\u00e9e":"2 minutes"},"schema":{"@context":"https:\/\/schema.org","@graph":[{"@type":"WebPage","@id":"http:\/\/www.salon-zenetbio.com\/nantes\/chlorophylle\/","url":"http:\/\/www.salon-zenetbio.com\/nantes\/chlorophylle\/","name":"Chlorophylle - Salon ZEN &amp; BIO Nantes","isPartOf":{"@id":"https:\/\/www.salon-zenetbio.com\/nantes\/#website"},"primaryImageOfPage":{"@id":"http:\/\/www.salon-zenetbio.com\/nantes\/chlorophylle\/#primaryimage"},"image":{"@id":"http:\/\/www.salon-zenetbio.com\/nantes\/chlorophylle\/#primaryimage"},"thumbnailUrl":"https:\/\/www.salon-zenetbio.com\/nantes\/wp-content\/uploads\/sites\/7\/2024\/06\/LogoChloro2014-e1717509623513-300x128.png","datePublished":"2024-06-04T14:04:49+00:00","dateModified":"2024-06-07T10:48:36+00:00","breadcrumb":{"@id":"http:\/\/www.salon-zenetbio.com\/nantes\/chlorophylle\/#breadcrumb"},"inLanguage":"fr-FR","potentialAction":[{"@type":"ReadAction","target":["http:\/\/www.salon-zenetbio.com\/nantes\/chlorophylle\/"]}]},{"@type":"ImageObject","inLanguage":"fr-FR","@id":"http:\/\/www.salon-zenetbio.com\/nantes\/chlorophylle\/#primaryimage","url":"http:\/\/www.salon-zenetbio.com\/nantes\/wp-content\/uploads\/sites\/7\/2024\/06\/LogoChloro2014-e1717509623513.png","contentUrl":"http:\/\/www.salon-zenetbio.com\/nantes\/wp-content\/uploads\/sites\/7\/2024\/06\/LogoChloro2014-e1717509623513.png","width":529,"height":226},{"@type":"BreadcrumbList","@id":"http:\/\/www.salon-zenetbio.com\/nantes\/chlorophylle\/#breadcrumb","itemListElement":[{"@type":"ListItem","position":1,"name":"Accueil","item":"https:\/\/www.salon-zenetbio.com\/nantes\/"},{"@type":"ListItem","position":2,"name":"Chlorophylle"}]},{"@type":"WebSite","@id":"https:\/\/www.salon-zenetbio.com\/nantes\/#website","url":"https:\/\/www.salon-zenetbio.com\/nantes\/","name":"Salon ZEN &amp; BIO Nantes","description":"salon ZEN &amp; BIO Nantes : votre salon bio, bien-\u00eatre et habitat sain","publisher":{"@id":"https:\/\/www.salon-zenetbio.com\/nantes\/#organization"},"potentialAction":[{"@type":"SearchAction","target":{"@type":"EntryPoint","urlTemplate":"https:\/\/www.salon-zenetbio.com\/nantes\/?s={search_term_string}"},"query-input":{"@type":"PropertyValueSpecification","valueRequired":true,"valueName":"search_term_string"}}],"inLanguage":"fr-FR"},{"@type":"Organization","@id":"https:\/\/www.salon-zenetbio.com\/nantes\/#organization","name":"Salon ZEN &amp; BIO Nantes","url":"https:\/\/www.salon-zenetbio.com\/nantes\/","logo":{"@type":"ImageObject","inLanguage":"fr-FR","@id":"https:\/\/www.salon-zenetbio.com\/nantes\/#\/schema\/logo\/image\/","url":"http:\/\/www.salon-zenetbio.com\/nantes\/wp-content\/uploads\/sites\/7\/2026\/03\/cropped-Logo-ZEN-et-BIO-nantes-2026.png","contentUrl":"http:\/\/www.salon-zenetbio.com\/nantes\/wp-content\/uploads\/sites\/7\/2026\/03\/cropped-Logo-ZEN-et-BIO-nantes-2026.png","width":921,"height":255,"caption":"Salon ZEN &amp; BIO Nantes"},"image":{"@id":"https:\/\/www.salon-zenetbio.com\/nantes\/#\/schema\/logo\/image\/"}}]}},"_links":{"self":[{"href":"http:\/\/www.salon-zenetbio.com\/nantes\/wp-json\/wp\/v2\/pages\/15245","targetHints":{"allow":["GET"]}}],"collection":[{"href":"http:\/\/www.salon-zenetbio.com\/nantes\/wp-json\/wp\/v2\/pages"}],"about":[{"href":"http:\/\/www.salon-zenetbio.com\/nantes\/wp-json\/wp\/v2\/types\/page"}],"author":[{"embeddable":true,"href":"http:\/\/www.salon-zenetbio.com\/nantes\/wp-json\/wp\/v2\/users\/8"}],"replies":[{"embeddable":true,"href":"http:\/\/www.salon-zenetbio.com\/nantes\/wp-json\/wp\/v2\/comments?post=15245"}],"version-history":[{"count":8,"href":"http:\/\/www.salon-zenetbio.com\/nantes\/wp-json\/wp\/v2\/pages\/15245\/revisions"}],"predecessor-version":[{"id":15271,"href":"http:\/\/www.salon-zenetbio.com\/nantes\/wp-json\/wp\/v2\/pages\/15245\/revisions\/15271"}],"wp:attachment":[{"href":"http:\/\/www.salon-zenetbio.com\/nantes\/wp-json\/wp\/v2\/media?parent=15245"}],"curies":[{"name":"wp","href":"https:\/\/api.w.org\/{rel}","templated":true}]}}