{"id":6050,"date":"2018-03-26T16:51:27","date_gmt":"2018-03-26T14:51:27","guid":{"rendered":"http:\/\/www.salon-zenetbio.com\/nantes\/?page_id=6050"},"modified":"2018-07-31T12:26:02","modified_gmt":"2018-07-31T10:26:02","slug":"ateliers-conferences-nantes-2017","status":"publish","type":"page","link":"http:\/\/www.salon-zenetbio.com\/nantes\/ateliers-conferences-nantes-2017\/","title":{"rendered":"Ateliers-conf\u00e9rences NANTES 2017"},"content":{"rendered":"<p><strong>VENDREDI 6 OCTOBRE 2017<\/strong><\/p>\n<p><strong>11:00 <\/strong>Harmonies des sons et couleurs sacr\u00e9es au service de la Vie \u2013 <strong>El\u00e9onore de Lardemelle Veillard<\/strong><\/p>\n<p><strong>11:00 <\/strong>Les bases du feng shui \u2013 <strong>Lydie Joyer<\/strong><\/p>\n<p><strong>11:00 <\/strong>Constellations familiales: harmoniser les relations entre parents et enfants &#8211; <strong>Jacqueline Gateau<\/strong><\/p>\n<p><strong>11:00 <\/strong>Sois le changement que tu veux voir dans le monde &#8211; <strong>Philippe Bray<\/strong><\/p>\n<p><strong>12:00 <\/strong>Purification, dynamisation de l&rsquo;eau, bienfaits gr\u00e2ces aux min\u00e9raux et solides de Platon &#8211;\u00a0<strong>Jean-Marc Guinnard<\/strong><\/p>\n<p><strong>12:00 <\/strong>Orgonites, ondes \u00e9lectromagn\u00e9tiques et g\u00e9obiologie &#8211; <strong>Thierry Hermann<\/strong><\/p>\n<p><strong>12:00 <\/strong>D\u00e9couvrez un m\u00e9tier d\u2019accompagnement en pleine expansion! &#8211; <strong>Gilles Guyon<\/strong><\/p>\n<p><strong>13:00 <\/strong>G\u00e9obiologie: nettoyer et harmoniser durablement son lieu de vie &#8211; <strong>Herv\u00e9 Rouch\u00e9<\/strong><\/p>\n<p><strong>13:00 <\/strong>Les plantes sauvages au service de nos douleurs et de notre sant\u00e9; les bons plans du P\u00e8re Jean &#8211;\u00a0<strong>Jean-Paul Clesse<\/strong><\/p>\n<p><strong>13:00 <\/strong>Devenir th\u00e9rapeute en Gestalt et choisir sa vie &#8211; <strong>B\u00e9atrice Veillard<\/strong><\/p>\n<p><strong>13:30 <\/strong>Am\u00e9liorer sa sant\u00e9 par l&rsquo;auto-hypnose et soigner par l&rsquo;hypnose &#8211; <strong>Dany Dan Debeix<\/strong><\/p>\n<p><strong>14:00\u00a0<\/strong>L&rsquo;\u00e9nergie scalaire :\u00a0Les ondes \u00e9lectromagn\u00e9tiques nuisibles au service de notre sant\u00e9. Comment les utiliser ? &#8211; <strong>Hubert Mauerer<\/strong><\/p>\n<p><strong>14:00 <\/strong>Le pouvoir de l&rsquo;inconscient &#8211; <strong>Lionel Agullo<\/strong><\/p>\n<p><strong>14:00 <\/strong>Le Yoga des yeux, une approche holistique de la vision &#8211; <strong>Philippe Cleyet-Merle<\/strong><\/p>\n<p><strong>14:30 <\/strong>Nous devons changer d&rsquo;alimentation car nous sommes en danger. Comment la rectifier\u00a0naturellement &#8211; <strong>Luc Le Metayer- Landre <\/strong><\/p>\n<p><strong>15:00 <\/strong>Contactez le pouvoir de l&rsquo;intuition, cr\u00e9ez des synchronicit\u00e9s! &#8211;\u00a0<strong>Vanessa Mielczareck et Gilles Guyon<\/strong><\/p>\n<p><strong>15:00 <\/strong>R\u00e9f\u00e9rentiel de naissance &#8211; <strong>Claire Maria<\/strong><\/p>\n<p><strong>15:00 <\/strong>L\u00e2cher prise au quotidien avec l&rsquo;aide des cristaux &#8211; <strong>Wydiane Khaoua<\/strong><\/p>\n<p><strong>15:30 <\/strong>M\u00e9moire, attention, concentration: importance de la qualit\u00e9 des sucres et des bains d\u00e9rivatifs &#8211;\u00a0<strong>France Guillain<\/strong><\/p>\n<p><strong>16:00 <\/strong>Evoluer avec la Num\u00e9rologie Cr\u00e9ative &#8211; <strong>Laurence Thi\u00e9vin<\/strong><\/p>\n<p><strong>16:00 <\/strong>Retrouver une bonne vue &#8211; <strong>Danielle Cesbron<\/strong><\/p>\n<p><strong>16:00 <\/strong>Techniques d&rsquo;hypnose pour communiquer et convaincre &#8211; <strong>Dany Dan Debeix<\/strong><\/p>\n<p><strong>17:00 <\/strong>Comment agir contre les tensions musculaires, t\u00eate, nuque et dos &#8211; <strong>Alfred Pfenning <\/strong><\/p>\n<p><strong>17:00 <\/strong>La g\u00e9obiologie scientifique pour un habitat sain &#8211; <strong>David Averty<\/strong><\/p>\n<p><strong>17:00 <\/strong>La lithoth\u00e9rapie (origine, choix et vertus des min\u00e9raux) &#8211; <strong>Jean-Claude Kennedec<\/strong><\/p>\n<p><strong>18:00 <\/strong>Rendez-vous en terre d&rsquo;hypnose &#8211; <strong>Fr\u00e9deric Eloy<\/strong><\/p>\n<p><strong>18:00 <\/strong>Et si vos yeux tentaient de vous parler ? &#8211; <strong>Patrice Morchain<\/strong><\/p>\n<p><strong>18:00 <\/strong>Je\u00fbne et irrigations coloniques: d\u00e9toxination et r\u00e9g\u00e9n\u00e9ration &#8211; <strong>Dominique Bourdin <\/strong><\/p>\n<p><strong>18:00 <\/strong>La Sexualit\u00e9 Sacr\u00e9e Tao\u00efste\u00a0: introduction \u00e0 l\u2019Homme, la Femme, au Couple Multi-orgasmique &#8211;\u00a0<strong>No\u00e9mie Bras et Jos\u00e9 Toiran<\/strong><\/p>\n<p>&nbsp;<\/p>\n<p><strong>SAMEDI 7 OCTOBRE 2017<\/strong><\/p>\n<p><strong>11:00 <\/strong>Poids et volume par les bains d\u00e9rivatifs et l&rsquo;alimentation &#8211; <strong>France Guillain<\/strong><\/p>\n<p><strong>11:00 <\/strong>Me lib\u00e9rer du stress et de la douleur par les techniques du Samadeva &#8211; <strong>Anne Bernard<\/strong><\/p>\n<p><strong>11:00 <\/strong>Le pouvoir de l&rsquo;inconscient &#8211; <strong>Lionel Agullo<\/strong><\/p>\n<p><strong>11:00 <\/strong>Evoluer avec la Num\u00e9rologie Cr\u00e9ative &#8211; <strong>Laurence Thi\u00e9vin<\/strong><\/p>\n<p><strong>12:00 <\/strong>Les vertus de l&rsquo;Omegachoco, pourquoi, comment, et d\u00e9gustation ! &#8211; <strong>Jean-Claude Berton<\/strong><\/p>\n<p><strong>12:00 <\/strong>Les plantes sauvages au service de nos douleurs et de notre sant\u00e9; les bons plans du P\u00e8re Jean &#8211;\u00a0<strong>Jean-Paul Clesse<\/strong><\/p>\n<p><strong>12:00 <\/strong>L&rsquo;approche naturopathique et holistique de la sant\u00e9 &#8211; <strong>Philippe Cleyet-Merle<\/strong><\/p>\n<p><strong>13:00 <\/strong>Lithoth\u00e9rapie: comment b\u00e9n\u00e9ficier de l&rsquo;action \u00e9nerg\u00e9tique des min\u00e9raux &#8211; <strong>Herv\u00e9 Rouch\u00e9<\/strong><\/p>\n<p><strong>13:00 <\/strong>Retrouver une bonne vue &#8211; <strong>Danielle Cesbron<\/strong><\/p>\n<p><strong>13:00 <\/strong>Orgonites, ondes \u00e9lectromagn\u00e9tiques et g\u00e9obiologie &#8211; <strong>Thierry Hermann<\/strong><\/p>\n<p><strong>13:30 <\/strong>Am\u00e9liorer sa sant\u00e9 par l&rsquo;auto-hypnose et soigner par l&rsquo;hypnose &#8211; <strong>Dany Dan Debeix<\/strong><\/p>\n<p><strong>14:00 <\/strong>Fatigue et Immunit\u00e9: l&rsquo;Apith\u00e9rapie pour se soigner &#8211; <strong>Allain Hubert <\/strong><\/p>\n<p><strong>14:00 <\/strong>Vaisseau de cristal &#8211; <strong>Alain Metraux<\/strong><\/p>\n<p><strong>14:00 <\/strong>Oser \u00eatre soi avec Access Consciousness &#8211; <strong>Nelly Quil <\/strong><\/p>\n<p><strong>14:30 <\/strong>Allergies, intol\u00e9rances, saturations: causes r\u00e9elles et solutions &#8211; <strong>Luc Le Metayer- Landre <\/strong><\/p>\n<p><strong>15:00 <\/strong>Am\u00e9liorer l&rsquo;intuition et la confiance en soi avec l&rsquo;aide des cristaux &#8211; <strong>Wydiane Khaoua<\/strong><\/p>\n<p><strong>15:00 <\/strong>Comment agir contre les tensions musculaires, t\u00eate, nuque et dos &#8211; <strong>Alfred Pfenning <\/strong><\/p>\n<p><strong>15:00 <\/strong>Cheveux parle-moi de moi &#8211; <strong>Jean-Fran\u00e7ois Couchellou<\/strong><\/p>\n<p><strong>15:30 <\/strong>Loi d&rsquo;attraction et hypnose : comment changer vers le mieux-\u00eatre &#8211; <strong>Dany Dan Debeix<\/strong><\/p>\n<p><strong>16:00 <\/strong>Les cl\u00e9s du couple &#8211; <strong>Alain Maria<\/strong><\/p>\n<p><strong>16:00 <\/strong>Gemmologie : Origine des min\u00e9raux : lithoth\u00e9rapie \u2013 Oligoth\u00e9rapie &#8211; <strong>Jean-Claude Kennedec<\/strong><\/p>\n<p><strong>16:00 <\/strong>L&rsquo;\u00e9nergie scalaire :\u00a0Les ondes \u00e9lectromagn\u00e9tiques nuisibles au service de notre sant\u00e9. Comment les utiliser ? &#8211; <strong>Hubert Mauerer<\/strong><\/p>\n<p><strong>17:00 <\/strong>Purification, dynamisation de l&rsquo;eau, bienfaits gr\u00e2ces aux min\u00e9raux et solides de Platon &#8211;\u00a0<strong>Jean-Marc Guinnard<\/strong><\/p>\n<p><strong>17:00 <\/strong>7 points pour presque tout gu\u00e9rir\u00a0: traitement de la douleur et des difficult\u00e9s psycho. selon la\u00a0m\u00e9decine traditionnelle derviche \u00a0\u2013 <strong>Christophe Garon<\/strong><\/p>\n<p><strong>17:00 <\/strong>Cr\u00e9ativit\u00e9 &amp; D\u00e9veloppement Personnel &#8211; <strong>Perrine Bichon<\/strong> ANNUL\u00c9 &#8211; Remplac\u00e9 par Ayurv\u00e9da yoga au quotidien \u2013 Catherine Brau<\/p>\n<p><strong>18:00 <\/strong>Comment apprendre \u00e0 \u00eatre et rendre les autres heureux avec la Gestalt &#8211; <strong>B\u00e9atrice Veillard<\/strong><\/p>\n<p><strong>18:00 <\/strong>Concr\u00e9tisez sa mission de vie avec les coaching intuitif ! &#8211; <strong>Vanessa Mielczareck et Gilles Guyon<\/strong><\/p>\n<p><strong>18:00 <\/strong>Holopsonie, cure de sons et chromoth\u00e9rapie: deux approches quantiques &#8211; <strong>Dominique Bourdin <\/strong><\/p>\n<p><strong>18:00 <\/strong>Le r\u00f4le du chamane aujourd&rsquo;hui &#8211; <strong>Karine Laillier<\/strong><\/p>\n<p>&nbsp;<\/p>\n<p><strong>DIMANCHE 8 OCTOBRE 2017<\/strong><\/p>\n<p><strong>11:00 <\/strong>L&rsquo;approche naturopathique et holistique de la sant\u00e9 &#8211; <strong>Philippe Cleyet-Merle<\/strong><\/p>\n<p><strong>11:00 <\/strong>Et si vos yeux tentaient de vous parler ? &#8211; <strong>Patrice Morchain<\/strong><\/p>\n<p><strong>11:00 <\/strong>Constellations familiales: r\u00e9ussite et harmonie dans la vie &#8211; <strong>Jacqueline Gateau<\/strong><\/p>\n<p><strong>11:00 <\/strong>La m\u00e9decine symbolique: quelles r\u00e9ponses \u00e0 quelles questions? &#8211; <strong>Beno\u00eet Gandy<\/strong><\/p>\n<p><strong>12:00 <\/strong>Imag&rsquo;et vous, les th\u00e9rapies du bien-\u00eatre &#8211; <strong>Sylvie Favreau, B\u00e9atrice Ganacheau, Adeline Bossard<\/strong><\/p>\n<p><strong>12:00 <\/strong>L&rsquo;\u00e9nergie scalaire L&rsquo;\u00e9nergie scalaire :\u00a0Les ondes \u00e9lectromagn\u00e9tiques nuisibles au service de notre sant\u00e9. Comment les utiliser ? &#8211; <strong>Hubert Mauerer<\/strong><\/p>\n<p><strong>12:00 <\/strong>Bols tib\u00e9tain &#8211; <strong>Alain Metraux<\/strong><\/p>\n<p><strong>13:00 <\/strong>Orgonites, ondes \u00e9lectromagn\u00e9tiques et g\u00e9obiologie &#8211; <strong>Thierry Hermann<\/strong><\/p>\n<p><strong>13:00 <\/strong>La Gestalt pour r\u00e9aliser vos r\u00eaves et objectifs &#8211; <strong>B\u00e9atrice Veillard<\/strong><\/p>\n<p><strong>13:00 <\/strong>Purification, dynamisation de l&rsquo;eau, bienfaits gr\u00e2ces aux min\u00e9raux et solides de Platon &#8211;\u00a0<strong>Jean-Marc Guinnard<\/strong><\/p>\n<p><strong>13:30 <\/strong>Dos r\u00e9g\u00e9n\u00e9r\u00e9\u00a0: Traitement du mal de dos et des articulations selon la m\u00e9decine traditionnelle\u00a0derviche \u2013 <strong>Christophe Garon<\/strong><\/p>\n<p><strong>14:00 <\/strong>Le r\u00f4le du chamane aujourd&rsquo;hui &#8211; <strong>Karine Laillier<\/strong><\/p>\n<p><strong>14:00 <\/strong>Pr\u00e9venir le vieillissement est-il possible, est ce possible de le retarder voire de l\u2019emp\u00eacher &#8211;\u00a0<strong>Chantal Darg\u00e8re<\/strong><\/p>\n<p><strong>14:00 <\/strong>Comment \u00e9quilibrer son quotidien avec l&rsquo;aide des cristaux &#8211; <strong>Wydiane Khaoua<\/strong><\/p>\n<p><strong>14:30 <\/strong>Addictions : Gestion par l&rsquo;hypnose &#8211; <strong>Dany Dan Debeix<\/strong><\/p>\n<p><strong>15:00 <\/strong>Lithoth\u00e9rapie: comment b\u00e9n\u00e9ficier de l&rsquo;action \u00e9nerg\u00e9tique des min\u00e9raux &#8211; <strong>Herv\u00e9 Rouch\u00e9<\/strong><\/p>\n<p><strong>15:00 <\/strong>Retrouver une bonne vue &#8211; <strong>Danielle Cesbron<\/strong><\/p>\n<p><strong>15:00 <\/strong>Les plantes sauvages au service de nos douleurs et de notre sant\u00e9; les bons plans du P\u00e8re Jean &#8211;\u00a0<strong>Jean-Paul Clesse<\/strong><\/p>\n<p><strong>15:30 <\/strong>La trousse familiale d&rsquo;aromath\u00e9rapie pour les maux de l&rsquo;automne-hiver &#8211; <strong>Corinne Tripont<\/strong><\/p>\n<p><strong>16:00 <\/strong>Le pouvoir de l&rsquo;inconscient &#8211; <strong>Lionel Agullo<\/strong><\/p>\n<p><strong>16:00 <\/strong>Comment en finir avec les histoires et secret de familles \u2013 <strong>Elise Guet<\/strong><\/p>\n<p><strong>16:00 <\/strong>Le Yoga des yeux, une approche holistique de la vision &#8211; <strong>Philippe Cleyet-Merle<\/strong><\/p>\n<p><strong>17:00 <\/strong>Communication animale : nouvel outil mieux-\u00eatre pour nos compagnons &#8211; <strong>Anne-Laure Dallet<\/strong><\/p>\n<p><strong>17:00 <\/strong>Cheveux parle-moi de moi &#8211; <strong>Jean-Fran\u00e7ois Couchellou<\/strong><\/p>\n<p><strong>17:00 <\/strong>Gu\u00e9rissez de vos traumatismes &#8211; <strong>Ambre Kalene<\/strong><\/p>\n<p><strong>18:00 <\/strong>A la d\u00e9couverte du je\u00fbne &#8211; <strong>St\u00e9phanie Retailleau<\/strong><\/p>\n<p><strong>18:00 <\/strong>Harmonies des sons et couleurs sacr\u00e9es au service de la Vie \u2013 <strong>El\u00e9onore de Lardemelle Veillard<\/strong><\/p>\n","protected":false},"excerpt":{"rendered":"<p>VENDREDI 6 OCTOBRE 2017 11:00 Harmonies des sons et couleurs sacr\u00e9es au service de la Vie \u2013 El\u00e9onore de Lardemelle Veillard 11:00 Les bases du feng shui \u2013 Lydie Joyer 11:00 Constellations familiales: harmoniser les relations entre parents et enfants &#8211; Jacqueline Gateau 11:00 Sois le changement que tu veux voir dans le monde &#8211;&hellip; <\/p>\n","protected":false},"author":1,"featured_media":0,"parent":0,"menu_order":0,"comment_status":"closed","ping_status":"closed","template":"","meta":{"_monsterinsights_skip_tracking":false,"_monsterinsights_sitenote_active":false,"_monsterinsights_sitenote_note":"","_monsterinsights_sitenote_category":0,"footnotes":""},"class_list":["post-6050","page","type-page","status-publish","hentry"],"yoast_head":"<!-- This site is optimized with the Yoast SEO plugin v27.3 - https:\/\/yoast.com\/product\/yoast-seo-wordpress\/ -->\n<title>Ateliers-conf\u00e9rences NANTES 2017 - Salon ZEN &amp; BIO Nantes<\/title>\n<meta name=\"robots\" content=\"index, follow, max-snippet:-1, max-image-preview:large, max-video-preview:-1\" \/>\n<link rel=\"canonical\" href=\"http:\/\/www.salon-zenetbio.com\/nantes\/ateliers-conferences-nantes-2017\/\" \/>\n<meta property=\"og:locale\" content=\"fr_FR\" \/>\n<meta property=\"og:type\" content=\"article\" \/>\n<meta property=\"og:title\" content=\"Ateliers-conf\u00e9rences NANTES 2017 - Salon ZEN &amp; BIO Nantes\" \/>\n<meta property=\"og:description\" content=\"VENDREDI 6 OCTOBRE 2017 11:00 Harmonies des sons et couleurs sacr\u00e9es au service de la Vie \u2013 El\u00e9onore de Lardemelle Veillard 11:00 Les bases du feng shui \u2013 Lydie Joyer 11:00 Constellations familiales: harmoniser les relations entre parents et enfants &#8211; Jacqueline Gateau 11:00 Sois le changement que tu veux voir dans le monde &#8211;&hellip;\" \/>\n<meta property=\"og:url\" content=\"http:\/\/www.salon-zenetbio.com\/nantes\/ateliers-conferences-nantes-2017\/\" \/>\n<meta property=\"og:site_name\" content=\"Salon ZEN &amp; BIO Nantes\" \/>\n<meta property=\"article:modified_time\" content=\"2018-07-31T10:26:02+00:00\" \/>\n<meta name=\"twitter:card\" content=\"summary_large_image\" \/>\n<meta name=\"twitter:label1\" content=\"Dur\u00e9e de lecture estim\u00e9e\" \/>\n\t<meta name=\"twitter:data1\" content=\"6 minutes\" \/>\n<script type=\"application\/ld+json\" class=\"yoast-schema-graph\">{\"@context\":\"https:\\\/\\\/schema.org\",\"@graph\":[{\"@type\":\"WebPage\",\"@id\":\"http:\\\/\\\/www.salon-zenetbio.com\\\/nantes\\\/ateliers-conferences-nantes-2017\\\/\",\"url\":\"http:\\\/\\\/www.salon-zenetbio.com\\\/nantes\\\/ateliers-conferences-nantes-2017\\\/\",\"name\":\"Ateliers-conf\u00e9rences NANTES 2017 - Salon ZEN &amp; BIO Nantes\",\"isPartOf\":{\"@id\":\"https:\\\/\\\/www.salon-zenetbio.com\\\/nantes\\\/#website\"},\"datePublished\":\"2018-03-26T14:51:27+00:00\",\"dateModified\":\"2018-07-31T10:26:02+00:00\",\"breadcrumb\":{\"@id\":\"http:\\\/\\\/www.salon-zenetbio.com\\\/nantes\\\/ateliers-conferences-nantes-2017\\\/#breadcrumb\"},\"inLanguage\":\"fr-FR\",\"potentialAction\":[{\"@type\":\"ReadAction\",\"target\":[\"http:\\\/\\\/www.salon-zenetbio.com\\\/nantes\\\/ateliers-conferences-nantes-2017\\\/\"]}]},{\"@type\":\"BreadcrumbList\",\"@id\":\"http:\\\/\\\/www.salon-zenetbio.com\\\/nantes\\\/ateliers-conferences-nantes-2017\\\/#breadcrumb\",\"itemListElement\":[{\"@type\":\"ListItem\",\"position\":1,\"name\":\"Accueil\",\"item\":\"https:\\\/\\\/www.salon-zenetbio.com\\\/nantes\\\/\"},{\"@type\":\"ListItem\",\"position\":2,\"name\":\"Ateliers-conf\u00e9rences NANTES 2017\"}]},{\"@type\":\"WebSite\",\"@id\":\"https:\\\/\\\/www.salon-zenetbio.com\\\/nantes\\\/#website\",\"url\":\"https:\\\/\\\/www.salon-zenetbio.com\\\/nantes\\\/\",\"name\":\"Salon ZEN &amp; BIO Nantes\",\"description\":\"salon ZEN &amp; BIO Nantes : votre salon bio, bien-\u00eatre et habitat sain\",\"publisher\":{\"@id\":\"https:\\\/\\\/www.salon-zenetbio.com\\\/nantes\\\/#organization\"},\"potentialAction\":[{\"@type\":\"SearchAction\",\"target\":{\"@type\":\"EntryPoint\",\"urlTemplate\":\"https:\\\/\\\/www.salon-zenetbio.com\\\/nantes\\\/?s={search_term_string}\"},\"query-input\":{\"@type\":\"PropertyValueSpecification\",\"valueRequired\":true,\"valueName\":\"search_term_string\"}}],\"inLanguage\":\"fr-FR\"},{\"@type\":\"Organization\",\"@id\":\"https:\\\/\\\/www.salon-zenetbio.com\\\/nantes\\\/#organization\",\"name\":\"Salon ZEN &amp; BIO Nantes\",\"url\":\"https:\\\/\\\/www.salon-zenetbio.com\\\/nantes\\\/\",\"logo\":{\"@type\":\"ImageObject\",\"inLanguage\":\"fr-FR\",\"@id\":\"https:\\\/\\\/www.salon-zenetbio.com\\\/nantes\\\/#\\\/schema\\\/logo\\\/image\\\/\",\"url\":\"http:\\\/\\\/www.salon-zenetbio.com\\\/nantes\\\/wp-content\\\/uploads\\\/sites\\\/7\\\/2026\\\/03\\\/cropped-Logo-ZEN-et-BIO-nantes-2026.png\",\"contentUrl\":\"http:\\\/\\\/www.salon-zenetbio.com\\\/nantes\\\/wp-content\\\/uploads\\\/sites\\\/7\\\/2026\\\/03\\\/cropped-Logo-ZEN-et-BIO-nantes-2026.png\",\"width\":921,\"height\":255,\"caption\":\"Salon ZEN &amp; BIO Nantes\"},\"image\":{\"@id\":\"https:\\\/\\\/www.salon-zenetbio.com\\\/nantes\\\/#\\\/schema\\\/logo\\\/image\\\/\"}}]}<\/script>\n<!-- \/ Yoast SEO plugin. -->","yoast_head_json":{"title":"Ateliers-conf\u00e9rences NANTES 2017 - Salon ZEN &amp; BIO Nantes","robots":{"index":"index","follow":"follow","max-snippet":"max-snippet:-1","max-image-preview":"max-image-preview:large","max-video-preview":"max-video-preview:-1"},"canonical":"http:\/\/www.salon-zenetbio.com\/nantes\/ateliers-conferences-nantes-2017\/","og_locale":"fr_FR","og_type":"article","og_title":"Ateliers-conf\u00e9rences NANTES 2017 - Salon ZEN &amp; BIO Nantes","og_description":"VENDREDI 6 OCTOBRE 2017 11:00 Harmonies des sons et couleurs sacr\u00e9es au service de la Vie \u2013 El\u00e9onore de Lardemelle Veillard 11:00 Les bases du feng shui \u2013 Lydie Joyer 11:00 Constellations familiales: harmoniser les relations entre parents et enfants &#8211; Jacqueline Gateau 11:00 Sois le changement que tu veux voir dans le monde &#8211;&hellip;","og_url":"http:\/\/www.salon-zenetbio.com\/nantes\/ateliers-conferences-nantes-2017\/","og_site_name":"Salon ZEN &amp; BIO Nantes","article_modified_time":"2018-07-31T10:26:02+00:00","twitter_card":"summary_large_image","twitter_misc":{"Dur\u00e9e de lecture estim\u00e9e":"6 minutes"},"schema":{"@context":"https:\/\/schema.org","@graph":[{"@type":"WebPage","@id":"http:\/\/www.salon-zenetbio.com\/nantes\/ateliers-conferences-nantes-2017\/","url":"http:\/\/www.salon-zenetbio.com\/nantes\/ateliers-conferences-nantes-2017\/","name":"Ateliers-conf\u00e9rences NANTES 2017 - Salon ZEN &amp; BIO Nantes","isPartOf":{"@id":"https:\/\/www.salon-zenetbio.com\/nantes\/#website"},"datePublished":"2018-03-26T14:51:27+00:00","dateModified":"2018-07-31T10:26:02+00:00","breadcrumb":{"@id":"http:\/\/www.salon-zenetbio.com\/nantes\/ateliers-conferences-nantes-2017\/#breadcrumb"},"inLanguage":"fr-FR","potentialAction":[{"@type":"ReadAction","target":["http:\/\/www.salon-zenetbio.com\/nantes\/ateliers-conferences-nantes-2017\/"]}]},{"@type":"BreadcrumbList","@id":"http:\/\/www.salon-zenetbio.com\/nantes\/ateliers-conferences-nantes-2017\/#breadcrumb","itemListElement":[{"@type":"ListItem","position":1,"name":"Accueil","item":"https:\/\/www.salon-zenetbio.com\/nantes\/"},{"@type":"ListItem","position":2,"name":"Ateliers-conf\u00e9rences NANTES 2017"}]},{"@type":"WebSite","@id":"https:\/\/www.salon-zenetbio.com\/nantes\/#website","url":"https:\/\/www.salon-zenetbio.com\/nantes\/","name":"Salon ZEN &amp; BIO Nantes","description":"salon ZEN &amp; BIO Nantes : votre salon bio, bien-\u00eatre et habitat sain","publisher":{"@id":"https:\/\/www.salon-zenetbio.com\/nantes\/#organization"},"potentialAction":[{"@type":"SearchAction","target":{"@type":"EntryPoint","urlTemplate":"https:\/\/www.salon-zenetbio.com\/nantes\/?s={search_term_string}"},"query-input":{"@type":"PropertyValueSpecification","valueRequired":true,"valueName":"search_term_string"}}],"inLanguage":"fr-FR"},{"@type":"Organization","@id":"https:\/\/www.salon-zenetbio.com\/nantes\/#organization","name":"Salon ZEN &amp; BIO Nantes","url":"https:\/\/www.salon-zenetbio.com\/nantes\/","logo":{"@type":"ImageObject","inLanguage":"fr-FR","@id":"https:\/\/www.salon-zenetbio.com\/nantes\/#\/schema\/logo\/image\/","url":"http:\/\/www.salon-zenetbio.com\/nantes\/wp-content\/uploads\/sites\/7\/2026\/03\/cropped-Logo-ZEN-et-BIO-nantes-2026.png","contentUrl":"http:\/\/www.salon-zenetbio.com\/nantes\/wp-content\/uploads\/sites\/7\/2026\/03\/cropped-Logo-ZEN-et-BIO-nantes-2026.png","width":921,"height":255,"caption":"Salon ZEN &amp; BIO Nantes"},"image":{"@id":"https:\/\/www.salon-zenetbio.com\/nantes\/#\/schema\/logo\/image\/"}}]}},"_links":{"self":[{"href":"http:\/\/www.salon-zenetbio.com\/nantes\/wp-json\/wp\/v2\/pages\/6050","targetHints":{"allow":["GET"]}}],"collection":[{"href":"http:\/\/www.salon-zenetbio.com\/nantes\/wp-json\/wp\/v2\/pages"}],"about":[{"href":"http:\/\/www.salon-zenetbio.com\/nantes\/wp-json\/wp\/v2\/types\/page"}],"author":[{"embeddable":true,"href":"http:\/\/www.salon-zenetbio.com\/nantes\/wp-json\/wp\/v2\/users\/1"}],"replies":[{"embeddable":true,"href":"http:\/\/www.salon-zenetbio.com\/nantes\/wp-json\/wp\/v2\/comments?post=6050"}],"version-history":[{"count":1,"href":"http:\/\/www.salon-zenetbio.com\/nantes\/wp-json\/wp\/v2\/pages\/6050\/revisions"}],"predecessor-version":[{"id":6053,"href":"http:\/\/www.salon-zenetbio.com\/nantes\/wp-json\/wp\/v2\/pages\/6050\/revisions\/6053"}],"wp:attachment":[{"href":"http:\/\/www.salon-zenetbio.com\/nantes\/wp-json\/wp\/v2\/media?parent=6050"}],"curies":[{"name":"wp","href":"https:\/\/api.w.org\/{rel}","templated":true}]}}