{"id":7877,"date":"2019-04-08T17:08:34","date_gmt":"2019-04-08T15:08:34","guid":{"rendered":"http:\/\/www.salon-zenetbio.com\/nantes\/?page_id=7877"},"modified":"2019-06-13T09:45:33","modified_gmt":"2019-06-13T07:45:33","slug":"nantes-ateliers-bien-etre-2018","status":"publish","type":"page","link":"http:\/\/www.salon-zenetbio.com\/nantes\/nantes-ateliers-bien-etre-2018\/","title":{"rendered":"Nantes &#8211; Ateliers bien-\u00eatre 2018"},"content":{"rendered":"<p>Pour exp\u00e9rimenter des nouvelles pratiques de d\u00e9veloppement personnel, dialoguer avec des praticiens, apprendre \u00e0 se recentrer\u2026<\/p>\n<p><strong><span style=\"color: #e81099;\">Salle JULES VERNE \u2013 Hall Zen<\/span><\/strong><\/p>\n<h2>Vendredi 5 octobre 2018<\/h2>\n<p><span style=\"color: #e81099;\"><strong>11:00<\/strong><\/span> 7 points de gestion des \u00e9motions &#8211; <span style=\"color: #808080;\"><em>Marie-Christine Poeres<\/em><\/span><br \/>\n<strong><span style=\"color: #e81099;\">12:00<\/span><\/strong> Le th\u00e8me de Cristal : quand les pierres nous aident \u00e0 r\u00e9v\u00e9ler notre identit\u00e9 &#8211;<span style=\"color: #808080;\"><em>Wydiane Khaoua<\/em><\/span><br \/>\n<span style=\"color: #e81099;\"><strong>13:00<\/strong><\/span> Faites l&rsquo;exp\u00e9rience d&rsquo;un outil de coaching de vie et d\u00e9couvrez des ressources qui sont en vous ! &#8211;\u00a0<em><span style=\"color: #808080;\">Gilles Guyon<\/span><\/em><br \/>\n<strong><span style=\"color: #e81099;\">14:00<\/span><\/strong> Atelier \u00ab\u00a0Coeur de Femmes\u00a0\u00bb : contacter le f\u00e9minin Sacr\u00e9 en Soi &#8211; <span style=\"color: #808080;\"><em>Nathalie Rouch\u00e9<\/em><\/span><br \/>\n<strong><span style=\"color: #e81099;\">15:00<\/span> <\/strong>Couples, c\u00e9libataires, les cl\u00e9s des d\u00e9lices &#8211; <span style=\"color: #808080;\"><em>Rachid Alaoui<\/em><\/span><br \/>\n<strong><span style=\"color: #e81099;\">16:00<\/span><\/strong> Concert th\u00e9rapeutique &#8211; <span style=\"color: #808080;\"><em>El\u00e9onore de Lardemelle<\/em><\/span><br \/>\n<strong><span style=\"color: #e81099;\">17:00<\/span><\/strong> Perception et propri\u00e9t\u00e9s de l&rsquo;aura &#8211;<span style=\"color: #808080;\"><em> Dominique Bourdin<\/em><\/span><br \/>\n<strong><span style=\"color: #e81099;\">18:00<\/span><\/strong> La rigologie\u00ae, une pratique insolite pour se reconnecter \u00e0 sa joie de vivre \u2013 <span style=\"color: #808080;\"><em>Sylvie Maisonneuve<\/em><\/span><\/p>\n<h2>Samedi 6 octobre 2018<\/h2>\n<p><strong><span style=\"color: #e81099;\">11:00<\/span> <\/strong>Sp\u00e9cial th\u00e9rapeutes : d\u00e9veloppez votre patient\u00e8le &#8211; <span style=\"color: #808080;\"><em>Dany Dan Debeix<\/em><\/span><br \/>\n<strong><span style=\"color: #e81099;\">12:00<\/span><\/strong> Yoga de Samara &#8211; <span style=\"color: #808080;\"><em>Marie-Christine Poeres<\/em><\/span><br \/>\n<span style=\"color: #e81099;\"><strong>13:00<\/strong> <\/span>Atelier \u00ab\u00a0Coeur de Femmes\u00a0\u00bb Comment retrouver la confiance en soi &#8211; <span style=\"color: #808080;\"><em>Nathalie Rouch\u00e9<\/em><\/span><br \/>\n<strong><span style=\"color: #e81099;\">14:00<\/span><\/strong> Yoga du visage : lifting \u00e9nerg\u00e9tique manuel &#8211; <span style=\"color: #808080;\"><em>Alain Penichot<\/em><\/span><br \/>\n<strong><span style=\"color: #e81099;\">15:00<\/span><\/strong> Renaissance, changez de recettes ! &#8211; <span style=\"color: #808080;\"><em>Rachid Alaoui<\/em><\/span><br \/>\n<span style=\"color: #e81099;\"><strong>16:00<\/strong><\/span> Modelage cr\u00e2nien shirotchampi &#8211; <em><span style=\"color: #808080;\">Alain Penichot<\/span><\/em><br \/>\n<strong><span style=\"color: #e81099;\">17:00<\/span><\/strong> Initiation au shiatsu (2h) &#8211; <span style=\"color: #808080;\"><em>Xavier Porter-Ladousse<\/em><\/span><\/p>\n<h2>Dimanche 7 octobre 2018<\/h2>\n<p><strong><span style=\"color: #e81099;\">11:00<\/span><\/strong> Atelier gongs &#8211; <span style=\"color: #808080;\"><em>Alain Metraux<\/em><\/span><br \/>\n<strong><span style=\"color: #e81099;\">12:00<\/span><\/strong> Le th\u00e8me de Cristal : quand les pierres nous aident \u00e0 r\u00e9v\u00e9ler notre identit\u00e9 &#8211; <span style=\"color: #808080;\"><em>Wydiane Khaoua<\/em><\/span><br \/>\n<span style=\"color: #e81099;\"><strong>13:00<\/strong><\/span> Le yoga des yeux et les conseils pour fortifier sa vue &#8211; <span style=\"color: #808080;\"><em>Philippe Cleyet Merle<\/em><\/span><br \/>\n<strong><span style=\"color: #e81099;\">14:00\u00a0<\/span><\/strong>Relaxation et visualisation aux sons de Handpan \u2013\u00a0\u00a0L\u00e2cher les r\u00e9sistances inconscientes<strong> &#8211; <\/strong><span style=\"color: #999999;\">H\u00e9l\u00e8ne Kim<br \/>\n<\/span><strong><span style=\"color: #e81099;\">15:00<\/span> <\/strong>R\u00e9ussir ses projets avec la Num\u00e9rologie Cr\u00e9ative &#8211; <span style=\"color: #808080;\"><em>Laurence Thi\u00e9vin<\/em><\/span><br \/>\n<strong><span style=\"color: #e81099;\">16:00<\/span> <\/strong>Constellations familiales &#8211; <span style=\"color: #808080;\"><em>Jaqueline Gateau<\/em><\/span><br \/>\n<strong><span style=\"color: #e81099;\">17:00<\/span><\/strong> D\u00e9couvrez le f\u00e9minin et le masculin en vous &#8211; <span style=\"color: #808080;\"><em>Gilles Guyon<\/em><\/span><br \/>\n<span style=\"color: #e81099;\"><strong>18:00<\/strong><\/span> Concert th\u00e9rapeutique &#8211; <span style=\"color: #808080;\"><em>El\u00e9onore de Lardemelle<\/em><\/span><\/p>\n<p>&nbsp;<\/p>\n","protected":false},"excerpt":{"rendered":"<p>Pour exp\u00e9rimenter des nouvelles pratiques de d\u00e9veloppement personnel, dialoguer avec des praticiens, apprendre \u00e0 se recentrer\u2026 Salle JULES VERNE \u2013 Hall Zen Vendredi 5 octobre 2018 11:00 7 points de gestion des \u00e9motions &#8211; Marie-Christine Poeres 12:00 Le th\u00e8me de Cristal : quand les pierres nous aident \u00e0 r\u00e9v\u00e9ler notre identit\u00e9 &#8211;Wydiane Khaoua 13:00 Faites&hellip; <\/p>\n","protected":false},"author":1,"featured_media":0,"parent":0,"menu_order":0,"comment_status":"closed","ping_status":"closed","template":"","meta":{"_monsterinsights_skip_tracking":false,"_monsterinsights_sitenote_active":false,"_monsterinsights_sitenote_note":"","_monsterinsights_sitenote_category":0,"footnotes":""},"class_list":["post-7877","page","type-page","status-publish","hentry"],"yoast_head":"<!-- This site is optimized with the Yoast SEO plugin v27.3 - https:\/\/yoast.com\/product\/yoast-seo-wordpress\/ -->\n<title>Nantes - Ateliers bien-\u00eatre 2018 - Salon ZEN &amp; BIO Nantes<\/title>\n<meta name=\"robots\" content=\"index, follow, max-snippet:-1, max-image-preview:large, max-video-preview:-1\" \/>\n<link rel=\"canonical\" href=\"http:\/\/www.salon-zenetbio.com\/nantes\/nantes-ateliers-bien-etre-2018\/\" \/>\n<meta property=\"og:locale\" content=\"fr_FR\" \/>\n<meta property=\"og:type\" content=\"article\" \/>\n<meta property=\"og:title\" content=\"Nantes - Ateliers bien-\u00eatre 2018 - Salon ZEN &amp; BIO Nantes\" \/>\n<meta property=\"og:description\" content=\"Pour exp\u00e9rimenter des nouvelles pratiques de d\u00e9veloppement personnel, dialoguer avec des praticiens, apprendre \u00e0 se recentrer\u2026 Salle JULES VERNE \u2013 Hall Zen Vendredi 5 octobre 2018 11:00 7 points de gestion des \u00e9motions &#8211; Marie-Christine Poeres 12:00 Le th\u00e8me de Cristal : quand les pierres nous aident \u00e0 r\u00e9v\u00e9ler notre identit\u00e9 &#8211;Wydiane Khaoua 13:00 Faites&hellip;\" \/>\n<meta property=\"og:url\" content=\"http:\/\/www.salon-zenetbio.com\/nantes\/nantes-ateliers-bien-etre-2018\/\" \/>\n<meta property=\"og:site_name\" content=\"Salon ZEN &amp; BIO Nantes\" \/>\n<meta property=\"article:modified_time\" content=\"2019-06-13T07:45:33+00:00\" \/>\n<meta name=\"twitter:card\" content=\"summary_large_image\" \/>\n<meta name=\"twitter:label1\" content=\"Dur\u00e9e de lecture estim\u00e9e\" \/>\n\t<meta name=\"twitter:data1\" content=\"1 minute\" \/>\n<script type=\"application\/ld+json\" class=\"yoast-schema-graph\">{\"@context\":\"https:\\\/\\\/schema.org\",\"@graph\":[{\"@type\":\"WebPage\",\"@id\":\"http:\\\/\\\/www.salon-zenetbio.com\\\/nantes\\\/nantes-ateliers-bien-etre-2018\\\/\",\"url\":\"http:\\\/\\\/www.salon-zenetbio.com\\\/nantes\\\/nantes-ateliers-bien-etre-2018\\\/\",\"name\":\"Nantes - Ateliers bien-\u00eatre 2018 - Salon ZEN &amp; BIO Nantes\",\"isPartOf\":{\"@id\":\"https:\\\/\\\/www.salon-zenetbio.com\\\/nantes\\\/#website\"},\"datePublished\":\"2019-04-08T15:08:34+00:00\",\"dateModified\":\"2019-06-13T07:45:33+00:00\",\"breadcrumb\":{\"@id\":\"http:\\\/\\\/www.salon-zenetbio.com\\\/nantes\\\/nantes-ateliers-bien-etre-2018\\\/#breadcrumb\"},\"inLanguage\":\"fr-FR\",\"potentialAction\":[{\"@type\":\"ReadAction\",\"target\":[\"http:\\\/\\\/www.salon-zenetbio.com\\\/nantes\\\/nantes-ateliers-bien-etre-2018\\\/\"]}]},{\"@type\":\"BreadcrumbList\",\"@id\":\"http:\\\/\\\/www.salon-zenetbio.com\\\/nantes\\\/nantes-ateliers-bien-etre-2018\\\/#breadcrumb\",\"itemListElement\":[{\"@type\":\"ListItem\",\"position\":1,\"name\":\"Accueil\",\"item\":\"https:\\\/\\\/www.salon-zenetbio.com\\\/nantes\\\/\"},{\"@type\":\"ListItem\",\"position\":2,\"name\":\"Nantes &#8211; Ateliers bien-\u00eatre 2018\"}]},{\"@type\":\"WebSite\",\"@id\":\"https:\\\/\\\/www.salon-zenetbio.com\\\/nantes\\\/#website\",\"url\":\"https:\\\/\\\/www.salon-zenetbio.com\\\/nantes\\\/\",\"name\":\"Salon ZEN &amp; BIO Nantes\",\"description\":\"salon ZEN &amp; BIO Nantes : votre salon bio, bien-\u00eatre et habitat sain\",\"publisher\":{\"@id\":\"https:\\\/\\\/www.salon-zenetbio.com\\\/nantes\\\/#organization\"},\"potentialAction\":[{\"@type\":\"SearchAction\",\"target\":{\"@type\":\"EntryPoint\",\"urlTemplate\":\"https:\\\/\\\/www.salon-zenetbio.com\\\/nantes\\\/?s={search_term_string}\"},\"query-input\":{\"@type\":\"PropertyValueSpecification\",\"valueRequired\":true,\"valueName\":\"search_term_string\"}}],\"inLanguage\":\"fr-FR\"},{\"@type\":\"Organization\",\"@id\":\"https:\\\/\\\/www.salon-zenetbio.com\\\/nantes\\\/#organization\",\"name\":\"Salon ZEN &amp; BIO Nantes\",\"url\":\"https:\\\/\\\/www.salon-zenetbio.com\\\/nantes\\\/\",\"logo\":{\"@type\":\"ImageObject\",\"inLanguage\":\"fr-FR\",\"@id\":\"https:\\\/\\\/www.salon-zenetbio.com\\\/nantes\\\/#\\\/schema\\\/logo\\\/image\\\/\",\"url\":\"http:\\\/\\\/www.salon-zenetbio.com\\\/nantes\\\/wp-content\\\/uploads\\\/sites\\\/7\\\/2026\\\/03\\\/cropped-Logo-ZEN-et-BIO-nantes-2026.png\",\"contentUrl\":\"http:\\\/\\\/www.salon-zenetbio.com\\\/nantes\\\/wp-content\\\/uploads\\\/sites\\\/7\\\/2026\\\/03\\\/cropped-Logo-ZEN-et-BIO-nantes-2026.png\",\"width\":921,\"height\":255,\"caption\":\"Salon ZEN &amp; BIO Nantes\"},\"image\":{\"@id\":\"https:\\\/\\\/www.salon-zenetbio.com\\\/nantes\\\/#\\\/schema\\\/logo\\\/image\\\/\"}}]}<\/script>\n<!-- \/ Yoast SEO plugin. -->","yoast_head_json":{"title":"Nantes - Ateliers bien-\u00eatre 2018 - Salon ZEN &amp; BIO Nantes","robots":{"index":"index","follow":"follow","max-snippet":"max-snippet:-1","max-image-preview":"max-image-preview:large","max-video-preview":"max-video-preview:-1"},"canonical":"http:\/\/www.salon-zenetbio.com\/nantes\/nantes-ateliers-bien-etre-2018\/","og_locale":"fr_FR","og_type":"article","og_title":"Nantes - Ateliers bien-\u00eatre 2018 - Salon ZEN &amp; BIO Nantes","og_description":"Pour exp\u00e9rimenter des nouvelles pratiques de d\u00e9veloppement personnel, dialoguer avec des praticiens, apprendre \u00e0 se recentrer\u2026 Salle JULES VERNE \u2013 Hall Zen Vendredi 5 octobre 2018 11:00 7 points de gestion des \u00e9motions &#8211; Marie-Christine Poeres 12:00 Le th\u00e8me de Cristal : quand les pierres nous aident \u00e0 r\u00e9v\u00e9ler notre identit\u00e9 &#8211;Wydiane Khaoua 13:00 Faites&hellip;","og_url":"http:\/\/www.salon-zenetbio.com\/nantes\/nantes-ateliers-bien-etre-2018\/","og_site_name":"Salon ZEN &amp; BIO Nantes","article_modified_time":"2019-06-13T07:45:33+00:00","twitter_card":"summary_large_image","twitter_misc":{"Dur\u00e9e de lecture estim\u00e9e":"1 minute"},"schema":{"@context":"https:\/\/schema.org","@graph":[{"@type":"WebPage","@id":"http:\/\/www.salon-zenetbio.com\/nantes\/nantes-ateliers-bien-etre-2018\/","url":"http:\/\/www.salon-zenetbio.com\/nantes\/nantes-ateliers-bien-etre-2018\/","name":"Nantes - Ateliers bien-\u00eatre 2018 - Salon ZEN &amp; BIO Nantes","isPartOf":{"@id":"https:\/\/www.salon-zenetbio.com\/nantes\/#website"},"datePublished":"2019-04-08T15:08:34+00:00","dateModified":"2019-06-13T07:45:33+00:00","breadcrumb":{"@id":"http:\/\/www.salon-zenetbio.com\/nantes\/nantes-ateliers-bien-etre-2018\/#breadcrumb"},"inLanguage":"fr-FR","potentialAction":[{"@type":"ReadAction","target":["http:\/\/www.salon-zenetbio.com\/nantes\/nantes-ateliers-bien-etre-2018\/"]}]},{"@type":"BreadcrumbList","@id":"http:\/\/www.salon-zenetbio.com\/nantes\/nantes-ateliers-bien-etre-2018\/#breadcrumb","itemListElement":[{"@type":"ListItem","position":1,"name":"Accueil","item":"https:\/\/www.salon-zenetbio.com\/nantes\/"},{"@type":"ListItem","position":2,"name":"Nantes &#8211; Ateliers bien-\u00eatre 2018"}]},{"@type":"WebSite","@id":"https:\/\/www.salon-zenetbio.com\/nantes\/#website","url":"https:\/\/www.salon-zenetbio.com\/nantes\/","name":"Salon ZEN &amp; BIO Nantes","description":"salon ZEN &amp; BIO Nantes : votre salon bio, bien-\u00eatre et habitat sain","publisher":{"@id":"https:\/\/www.salon-zenetbio.com\/nantes\/#organization"},"potentialAction":[{"@type":"SearchAction","target":{"@type":"EntryPoint","urlTemplate":"https:\/\/www.salon-zenetbio.com\/nantes\/?s={search_term_string}"},"query-input":{"@type":"PropertyValueSpecification","valueRequired":true,"valueName":"search_term_string"}}],"inLanguage":"fr-FR"},{"@type":"Organization","@id":"https:\/\/www.salon-zenetbio.com\/nantes\/#organization","name":"Salon ZEN &amp; BIO Nantes","url":"https:\/\/www.salon-zenetbio.com\/nantes\/","logo":{"@type":"ImageObject","inLanguage":"fr-FR","@id":"https:\/\/www.salon-zenetbio.com\/nantes\/#\/schema\/logo\/image\/","url":"http:\/\/www.salon-zenetbio.com\/nantes\/wp-content\/uploads\/sites\/7\/2026\/03\/cropped-Logo-ZEN-et-BIO-nantes-2026.png","contentUrl":"http:\/\/www.salon-zenetbio.com\/nantes\/wp-content\/uploads\/sites\/7\/2026\/03\/cropped-Logo-ZEN-et-BIO-nantes-2026.png","width":921,"height":255,"caption":"Salon ZEN &amp; BIO Nantes"},"image":{"@id":"https:\/\/www.salon-zenetbio.com\/nantes\/#\/schema\/logo\/image\/"}}]}},"_links":{"self":[{"href":"http:\/\/www.salon-zenetbio.com\/nantes\/wp-json\/wp\/v2\/pages\/7877","targetHints":{"allow":["GET"]}}],"collection":[{"href":"http:\/\/www.salon-zenetbio.com\/nantes\/wp-json\/wp\/v2\/pages"}],"about":[{"href":"http:\/\/www.salon-zenetbio.com\/nantes\/wp-json\/wp\/v2\/types\/page"}],"author":[{"embeddable":true,"href":"http:\/\/www.salon-zenetbio.com\/nantes\/wp-json\/wp\/v2\/users\/1"}],"replies":[{"embeddable":true,"href":"http:\/\/www.salon-zenetbio.com\/nantes\/wp-json\/wp\/v2\/comments?post=7877"}],"version-history":[{"count":2,"href":"http:\/\/www.salon-zenetbio.com\/nantes\/wp-json\/wp\/v2\/pages\/7877\/revisions"}],"predecessor-version":[{"id":7981,"href":"http:\/\/www.salon-zenetbio.com\/nantes\/wp-json\/wp\/v2\/pages\/7877\/revisions\/7981"}],"wp:attachment":[{"href":"http:\/\/www.salon-zenetbio.com\/nantes\/wp-json\/wp\/v2\/media?parent=7877"}],"curies":[{"name":"wp","href":"https:\/\/api.w.org\/{rel}","templated":true}]}}