{"id":9235,"date":"2020-03-19T10:42:46","date_gmt":"2020-03-19T09:42:46","guid":{"rendered":"http:\/\/www.salon-zenetbio.com\/nantes\/?page_id=9235"},"modified":"2020-03-19T10:42:46","modified_gmt":"2020-03-19T09:42:46","slug":"animations-creatives-2019","status":"publish","type":"page","link":"http:\/\/www.salon-zenetbio.com\/nantes\/animations-creatives-2019\/","title":{"rendered":"Animations cr\u00e9atives 2019"},"content":{"rendered":"<p>Les animations se d\u00e9roulent dans la <span style=\"color: #93268f;\"><strong>Salle JULES VERNE<\/strong><\/span><\/p>\n<p><strong><span style=\"font-size: 14pt;\">VENDREDI 11 OCTOBRE 2019<\/span><\/strong><\/p>\n<p><strong><span style=\"color: #93268f;\">11:00<\/span>\u00a0\u00a0\u00a0 <\/strong>Fabrication d&rsquo;un lait hydratant bio\u00a0 (3\u20ac) &#8211; <em><span style=\"color: #808080;\">Marie Fr\u00e9our, Ateliers au Naturel<\/span><br \/>\n<\/em><span style=\"color: #93268f;\"><strong>12:30<\/strong><\/span><strong><span style=\"color: #93268f;\">\u00a0<\/span>\u00a0\u00a0 <\/strong>Pr\u00e9paration d&rsquo;un savon maison par saponification \u00e0 froid &#8211; <em><span style=\"color: #808080;\">Jeff Renault, Savondou<\/span><br \/>\n<\/em><span style=\"color: #93268f;\"><strong>14:00<\/strong><\/span><strong>\u00a0\u00a0\u00a0 <\/strong>R\u00e9alisation d\u2019une \u00e9ponge tawashi &#8211; <em><span style=\"color: #808080;\">Jos\u00e9phine Dabilly, Ateliers Z\u00e9ro D\u00e9chet<\/span><br \/>\n<\/em><span style=\"color: #93268f;\"><strong>15:30<\/strong><\/span><strong>\u00a0\u00a0\u00a0 <\/strong>Fabrication d\u2019un baume \u00e0 l\u00e8vres &#8211; <em><span style=\"color: #808080;\">Nadine Bouillon, Jacaranda<\/span><br \/>\n<\/em><span style=\"color: #93268f;\"><strong>17:00<\/strong><\/span><strong>\u00a0\u00a0\u00a0 <\/strong>R\u00e9alisation d\u2019un cr\u00e8me hydratante &#8211; <span style=\"color: #808080;\"><em>Aur\u00e9lie Le Guen, Chlorophylle<\/em><\/span><\/p>\n<p>&nbsp;<\/p>\n<p><span style=\"font-size: 14pt;\"><strong>SAMEDI 12 OCTOBRE 2019<\/strong><\/span><\/p>\n<p><strong><span style=\"color: #93268f;\">11:00<\/span>\u00a0\u00a0\u00a0 <\/strong>Fabrication d\u2019un apr\u00e8s-shampoing &#8211; <em><span style=\"color: #808080;\">Nadine Bouillon, Jacaranda<\/span><br \/>\n<\/em><span style=\"color: #93268f;\"><strong>12:30<\/strong><\/span><strong>\u00a0\u00a0\u00a0 <\/strong>R\u00e9alisation d\u2019un gel douche &#8211; <em><span style=\"color: #808080;\">Aur\u00e9lie Le Guen, Chlorophylle<\/span><br \/>\n<\/em><span style=\"color: #93268f;\"><strong>14:00<\/strong><\/span><strong><span style=\"color: #93268f;\">\u00a0<\/span>\u00a0\u00a0 <\/strong>BOMO\u00cf \u00ab\u00a0CosmEthiques\u00a0\u00bb vous invite \u00e0 devenir Consomm&rsquo;acteur pour votre peau ! &#8211;\u00a0<em><span style=\"color: #808080;\">Julien Brault<\/span><br \/>\n<\/em><span style=\"color: #93268f;\"><strong>15:30<\/strong><\/span><strong>\u00a0\u00a0\u00a0 <\/strong>Red\u00e9couvrez les vertus du bicarbonate &#8211; <em><span style=\"color: #808080;\">Gagik Saakian<\/span><br \/>\n<\/em><span style=\"color: #93268f;\"><strong>17:00<\/strong><\/span><strong>\u00a0\u00a0\u00a0 <\/strong>Fabrication d\u2019un d\u00e9odorant (3\u20ac) &#8211; <span style=\"color: #808080;\"><em>Jos\u00e9phine Dabilly, Ateliers Z\u00e9ro D\u00e9chet<\/em><\/span><\/p>\n<p>&nbsp;<\/p>\n<p><span style=\"font-size: 14pt;\"><strong>DIMANCHE 13 OCTOBRE 2019<\/strong><\/span><\/p>\n<p><strong><span style=\"color: #93268f;\">11:00<\/span>\u00a0\u00a0\u00a0 <\/strong>Fabrication d&rsquo;un lait hydratant bio (3\u20ac) &#8211; <em><span style=\"color: #808080;\">Marie Fr\u00e9our, Ateliers au Naturel<\/span><br \/>\n<\/em><span style=\"color: #93268f;\"><strong>12:30<\/strong><\/span><strong>\u00a0\u00a0\u00a0 <\/strong>Fabrication d\u2019un dentifrice (3\u20ac) &#8211; <em><span style=\"color: #808080;\">Jos\u00e9phine Dabilly, Ateliers Z\u00e9ro D\u00e9chet<\/span><br \/>\n<\/em><span style=\"color: #93268f;\"><strong>14:00<\/strong><\/span><strong>\u00a0\u00a0\u00a0 <\/strong>R\u00e9alisation d\u2019un rouge \u00e0 l\u00e8vres &#8211; <em><span style=\"color: #808080;\">Aur\u00e9lie Le Guen, Aur\u00e9lie au naturel<\/span><br \/>\n<\/em><span style=\"color: #93268f;\"><strong>15:30<\/strong><\/span><strong>\u00a0\u00a0\u00a0 <\/strong>Fabriquer soi-m\u00eame des cosm\u00e9tiques naturels, c&rsquo;est facile &#8211; <em><span style=\"color: #808080;\">Bernard Briaud, Flore de Saintonge<\/span><br \/>\n<\/em><span style=\"color: #93268f;\"><strong>17:00<\/strong><\/span><strong><span style=\"color: #93268f;\">\u00a0<\/span>\u00a0\u00a0 <\/strong>Fabrication de pastilles pour lave-vaisselle &#8211; <span style=\"color: #808080;\"><em>Nadine Bouillon, Jacaranda<\/em><\/span><\/p>\n<p>&nbsp;<\/p>\n","protected":false},"excerpt":{"rendered":"<p>Les animations se d\u00e9roulent dans la Salle JULES VERNE VENDREDI 11 OCTOBRE 2019 11:00\u00a0\u00a0\u00a0 Fabrication d&rsquo;un lait hydratant bio\u00a0 (3\u20ac) &#8211; Marie Fr\u00e9our, Ateliers au Naturel 12:30\u00a0\u00a0\u00a0 Pr\u00e9paration d&rsquo;un savon maison par saponification \u00e0 froid &#8211; Jeff Renault, Savondou 14:00\u00a0\u00a0\u00a0 R\u00e9alisation d\u2019une \u00e9ponge tawashi &#8211; Jos\u00e9phine Dabilly, Ateliers Z\u00e9ro D\u00e9chet 15:30\u00a0\u00a0\u00a0 Fabrication d\u2019un baume \u00e0&hellip; <\/p>\n","protected":false},"author":1,"featured_media":0,"parent":0,"menu_order":0,"comment_status":"closed","ping_status":"closed","template":"","meta":{"_monsterinsights_skip_tracking":false,"_monsterinsights_sitenote_active":false,"_monsterinsights_sitenote_note":"","_monsterinsights_sitenote_category":0,"footnotes":""},"class_list":["post-9235","page","type-page","status-publish","hentry"],"yoast_head":"<!-- This site is optimized with the Yoast SEO plugin v27.3 - https:\/\/yoast.com\/product\/yoast-seo-wordpress\/ -->\n<title>Animations cr\u00e9atives 2019 - Salon ZEN &amp; BIO Nantes<\/title>\n<meta name=\"robots\" content=\"index, follow, max-snippet:-1, max-image-preview:large, max-video-preview:-1\" \/>\n<link rel=\"canonical\" href=\"http:\/\/www.salon-zenetbio.com\/nantes\/animations-creatives-2019\/\" \/>\n<meta property=\"og:locale\" content=\"fr_FR\" \/>\n<meta property=\"og:type\" content=\"article\" \/>\n<meta property=\"og:title\" content=\"Animations cr\u00e9atives 2019 - Salon ZEN &amp; BIO Nantes\" \/>\n<meta property=\"og:description\" content=\"Les animations se d\u00e9roulent dans la Salle JULES VERNE VENDREDI 11 OCTOBRE 2019 11:00\u00a0\u00a0\u00a0 Fabrication d&rsquo;un lait hydratant bio\u00a0 (3\u20ac) &#8211; Marie Fr\u00e9our, Ateliers au Naturel 12:30\u00a0\u00a0\u00a0 Pr\u00e9paration d&rsquo;un savon maison par saponification \u00e0 froid &#8211; Jeff Renault, Savondou 14:00\u00a0\u00a0\u00a0 R\u00e9alisation d\u2019une \u00e9ponge tawashi &#8211; Jos\u00e9phine Dabilly, Ateliers Z\u00e9ro D\u00e9chet 15:30\u00a0\u00a0\u00a0 Fabrication d\u2019un baume \u00e0&hellip;\" \/>\n<meta property=\"og:url\" content=\"http:\/\/www.salon-zenetbio.com\/nantes\/animations-creatives-2019\/\" \/>\n<meta property=\"og:site_name\" content=\"Salon ZEN &amp; BIO Nantes\" \/>\n<meta name=\"twitter:card\" content=\"summary_large_image\" \/>\n<meta name=\"twitter:label1\" content=\"Dur\u00e9e de lecture estim\u00e9e\" \/>\n\t<meta name=\"twitter:data1\" content=\"1 minute\" \/>\n<script type=\"application\/ld+json\" class=\"yoast-schema-graph\">{\"@context\":\"https:\\\/\\\/schema.org\",\"@graph\":[{\"@type\":\"WebPage\",\"@id\":\"http:\\\/\\\/www.salon-zenetbio.com\\\/nantes\\\/animations-creatives-2019\\\/\",\"url\":\"http:\\\/\\\/www.salon-zenetbio.com\\\/nantes\\\/animations-creatives-2019\\\/\",\"name\":\"Animations cr\u00e9atives 2019 - Salon ZEN &amp; BIO Nantes\",\"isPartOf\":{\"@id\":\"https:\\\/\\\/www.salon-zenetbio.com\\\/nantes\\\/#website\"},\"datePublished\":\"2020-03-19T09:42:46+00:00\",\"breadcrumb\":{\"@id\":\"http:\\\/\\\/www.salon-zenetbio.com\\\/nantes\\\/animations-creatives-2019\\\/#breadcrumb\"},\"inLanguage\":\"fr-FR\",\"potentialAction\":[{\"@type\":\"ReadAction\",\"target\":[\"http:\\\/\\\/www.salon-zenetbio.com\\\/nantes\\\/animations-creatives-2019\\\/\"]}]},{\"@type\":\"BreadcrumbList\",\"@id\":\"http:\\\/\\\/www.salon-zenetbio.com\\\/nantes\\\/animations-creatives-2019\\\/#breadcrumb\",\"itemListElement\":[{\"@type\":\"ListItem\",\"position\":1,\"name\":\"Accueil\",\"item\":\"https:\\\/\\\/www.salon-zenetbio.com\\\/nantes\\\/\"},{\"@type\":\"ListItem\",\"position\":2,\"name\":\"Animations cr\u00e9atives 2019\"}]},{\"@type\":\"WebSite\",\"@id\":\"https:\\\/\\\/www.salon-zenetbio.com\\\/nantes\\\/#website\",\"url\":\"https:\\\/\\\/www.salon-zenetbio.com\\\/nantes\\\/\",\"name\":\"Salon ZEN &amp; BIO Nantes\",\"description\":\"salon ZEN &amp; BIO Nantes : votre salon bio, bien-\u00eatre et habitat sain\",\"publisher\":{\"@id\":\"https:\\\/\\\/www.salon-zenetbio.com\\\/nantes\\\/#organization\"},\"potentialAction\":[{\"@type\":\"SearchAction\",\"target\":{\"@type\":\"EntryPoint\",\"urlTemplate\":\"https:\\\/\\\/www.salon-zenetbio.com\\\/nantes\\\/?s={search_term_string}\"},\"query-input\":{\"@type\":\"PropertyValueSpecification\",\"valueRequired\":true,\"valueName\":\"search_term_string\"}}],\"inLanguage\":\"fr-FR\"},{\"@type\":\"Organization\",\"@id\":\"https:\\\/\\\/www.salon-zenetbio.com\\\/nantes\\\/#organization\",\"name\":\"Salon ZEN &amp; BIO Nantes\",\"url\":\"https:\\\/\\\/www.salon-zenetbio.com\\\/nantes\\\/\",\"logo\":{\"@type\":\"ImageObject\",\"inLanguage\":\"fr-FR\",\"@id\":\"https:\\\/\\\/www.salon-zenetbio.com\\\/nantes\\\/#\\\/schema\\\/logo\\\/image\\\/\",\"url\":\"http:\\\/\\\/www.salon-zenetbio.com\\\/nantes\\\/wp-content\\\/uploads\\\/sites\\\/7\\\/2026\\\/03\\\/cropped-Logo-ZEN-et-BIO-nantes-2026.png\",\"contentUrl\":\"http:\\\/\\\/www.salon-zenetbio.com\\\/nantes\\\/wp-content\\\/uploads\\\/sites\\\/7\\\/2026\\\/03\\\/cropped-Logo-ZEN-et-BIO-nantes-2026.png\",\"width\":921,\"height\":255,\"caption\":\"Salon ZEN &amp; BIO Nantes\"},\"image\":{\"@id\":\"https:\\\/\\\/www.salon-zenetbio.com\\\/nantes\\\/#\\\/schema\\\/logo\\\/image\\\/\"}}]}<\/script>\n<!-- \/ Yoast SEO plugin. -->","yoast_head_json":{"title":"Animations cr\u00e9atives 2019 - Salon ZEN &amp; BIO Nantes","robots":{"index":"index","follow":"follow","max-snippet":"max-snippet:-1","max-image-preview":"max-image-preview:large","max-video-preview":"max-video-preview:-1"},"canonical":"http:\/\/www.salon-zenetbio.com\/nantes\/animations-creatives-2019\/","og_locale":"fr_FR","og_type":"article","og_title":"Animations cr\u00e9atives 2019 - Salon ZEN &amp; BIO Nantes","og_description":"Les animations se d\u00e9roulent dans la Salle JULES VERNE VENDREDI 11 OCTOBRE 2019 11:00\u00a0\u00a0\u00a0 Fabrication d&rsquo;un lait hydratant bio\u00a0 (3\u20ac) &#8211; Marie Fr\u00e9our, Ateliers au Naturel 12:30\u00a0\u00a0\u00a0 Pr\u00e9paration d&rsquo;un savon maison par saponification \u00e0 froid &#8211; Jeff Renault, Savondou 14:00\u00a0\u00a0\u00a0 R\u00e9alisation d\u2019une \u00e9ponge tawashi &#8211; Jos\u00e9phine Dabilly, Ateliers Z\u00e9ro D\u00e9chet 15:30\u00a0\u00a0\u00a0 Fabrication d\u2019un baume \u00e0&hellip;","og_url":"http:\/\/www.salon-zenetbio.com\/nantes\/animations-creatives-2019\/","og_site_name":"Salon ZEN &amp; BIO Nantes","twitter_card":"summary_large_image","twitter_misc":{"Dur\u00e9e de lecture estim\u00e9e":"1 minute"},"schema":{"@context":"https:\/\/schema.org","@graph":[{"@type":"WebPage","@id":"http:\/\/www.salon-zenetbio.com\/nantes\/animations-creatives-2019\/","url":"http:\/\/www.salon-zenetbio.com\/nantes\/animations-creatives-2019\/","name":"Animations cr\u00e9atives 2019 - Salon ZEN &amp; BIO Nantes","isPartOf":{"@id":"https:\/\/www.salon-zenetbio.com\/nantes\/#website"},"datePublished":"2020-03-19T09:42:46+00:00","breadcrumb":{"@id":"http:\/\/www.salon-zenetbio.com\/nantes\/animations-creatives-2019\/#breadcrumb"},"inLanguage":"fr-FR","potentialAction":[{"@type":"ReadAction","target":["http:\/\/www.salon-zenetbio.com\/nantes\/animations-creatives-2019\/"]}]},{"@type":"BreadcrumbList","@id":"http:\/\/www.salon-zenetbio.com\/nantes\/animations-creatives-2019\/#breadcrumb","itemListElement":[{"@type":"ListItem","position":1,"name":"Accueil","item":"https:\/\/www.salon-zenetbio.com\/nantes\/"},{"@type":"ListItem","position":2,"name":"Animations cr\u00e9atives 2019"}]},{"@type":"WebSite","@id":"https:\/\/www.salon-zenetbio.com\/nantes\/#website","url":"https:\/\/www.salon-zenetbio.com\/nantes\/","name":"Salon ZEN &amp; BIO Nantes","description":"salon ZEN &amp; BIO Nantes : votre salon bio, bien-\u00eatre et habitat sain","publisher":{"@id":"https:\/\/www.salon-zenetbio.com\/nantes\/#organization"},"potentialAction":[{"@type":"SearchAction","target":{"@type":"EntryPoint","urlTemplate":"https:\/\/www.salon-zenetbio.com\/nantes\/?s={search_term_string}"},"query-input":{"@type":"PropertyValueSpecification","valueRequired":true,"valueName":"search_term_string"}}],"inLanguage":"fr-FR"},{"@type":"Organization","@id":"https:\/\/www.salon-zenetbio.com\/nantes\/#organization","name":"Salon ZEN &amp; BIO Nantes","url":"https:\/\/www.salon-zenetbio.com\/nantes\/","logo":{"@type":"ImageObject","inLanguage":"fr-FR","@id":"https:\/\/www.salon-zenetbio.com\/nantes\/#\/schema\/logo\/image\/","url":"http:\/\/www.salon-zenetbio.com\/nantes\/wp-content\/uploads\/sites\/7\/2026\/03\/cropped-Logo-ZEN-et-BIO-nantes-2026.png","contentUrl":"http:\/\/www.salon-zenetbio.com\/nantes\/wp-content\/uploads\/sites\/7\/2026\/03\/cropped-Logo-ZEN-et-BIO-nantes-2026.png","width":921,"height":255,"caption":"Salon ZEN &amp; BIO Nantes"},"image":{"@id":"https:\/\/www.salon-zenetbio.com\/nantes\/#\/schema\/logo\/image\/"}}]}},"_links":{"self":[{"href":"http:\/\/www.salon-zenetbio.com\/nantes\/wp-json\/wp\/v2\/pages\/9235","targetHints":{"allow":["GET"]}}],"collection":[{"href":"http:\/\/www.salon-zenetbio.com\/nantes\/wp-json\/wp\/v2\/pages"}],"about":[{"href":"http:\/\/www.salon-zenetbio.com\/nantes\/wp-json\/wp\/v2\/types\/page"}],"author":[{"embeddable":true,"href":"http:\/\/www.salon-zenetbio.com\/nantes\/wp-json\/wp\/v2\/users\/1"}],"replies":[{"embeddable":true,"href":"http:\/\/www.salon-zenetbio.com\/nantes\/wp-json\/wp\/v2\/comments?post=9235"}],"version-history":[{"count":1,"href":"http:\/\/www.salon-zenetbio.com\/nantes\/wp-json\/wp\/v2\/pages\/9235\/revisions"}],"predecessor-version":[{"id":9236,"href":"http:\/\/www.salon-zenetbio.com\/nantes\/wp-json\/wp\/v2\/pages\/9235\/revisions\/9236"}],"wp:attachment":[{"href":"http:\/\/www.salon-zenetbio.com\/nantes\/wp-json\/wp\/v2\/media?parent=9235"}],"curies":[{"name":"wp","href":"https:\/\/api.w.org\/{rel}","templated":true}]}}