{"id":9242,"date":"2020-03-19T10:51:01","date_gmt":"2020-03-19T09:51:01","guid":{"rendered":"http:\/\/www.salon-zenetbio.com\/nantes\/?page_id=9242"},"modified":"2020-03-19T10:51:01","modified_gmt":"2020-03-19T09:51:01","slug":"ateliers-bien-etre-2019","status":"publish","type":"page","link":"http:\/\/www.salon-zenetbio.com\/nantes\/ateliers-bien-etre-2019\/","title":{"rendered":"Ateliers bien-\u00eatre 2019"},"content":{"rendered":"<p>Les animations se d\u00e9roulent dans la salle\u00a0<span style=\"color: #d82f89;\"><strong>TRENTEMOULT<\/strong><strong>\u00a0<\/strong><\/span><\/p>\n<p><em>Les inscriptions se font devant la salle 45 minutes avant l\u2019atelier.<br \/>\n<\/em><strong>Le programme est r\u00e9guli\u00e8rement mis \u00e0 jour<\/strong><\/p>\n<h3><\/h3>\n<p class=\"p1\"><span style=\"font-size: 14pt;\"><strong>VENDREDI 11 OCTOBRE 2019<\/strong><\/span><\/p>\n<p><strong><span style=\"color: #f75ca9;\"><span style=\"color: #d82f89;\">11:00<\/span>\u00a0<\/span>\u00a0\u00a0 <\/strong>Concert th\u00e9rapeutique &#8211; <span style=\"color: #808080;\"><em>El\u00e9onore de Lardemelle<\/em><\/span><strong><em><br \/>\n<\/em><\/strong><strong><span style=\"color: #d82f89;\">12:00<\/span>\u00a0\u00a0\u00a0 <\/strong>Le th\u00e8me de cristal : explorez votre identit\u00e9 gr\u00e2ce \u00e0 vos pierres de naissance &#8211; <span style=\"color: #808080;\"><em>Wydiane Khaoua<\/em><\/span><strong><em><br \/>\n<\/em><\/strong><strong><span style=\"color: #d82f89;\">13:00<\/span>\u00a0\u00a0\u00a0 <\/strong>Yoga : sur le chemin du bien-\u00eatre &#8211; <span style=\"color: #808080;\"><em>Sophie Avignon<\/em><\/span><strong><em><br \/>\n<\/em><\/strong><strong><span style=\"color: #d82f89;\">14:00<\/span>\u00a0\u00a0\u00a0 <\/strong><del>Vivre une retraite sereine et heureuse avec la Num\u00e9rologie Cr\u00e9ative\u00ae &#8211; <\/del><span style=\"color: #808080;\"><em><del style=\"color: #808080;\">Fran\u00e7oise Roul<\/del><span style=\"color: #000000;\"> \/\/ <strong>annul\u00e9 et remplac\u00e9 par <\/strong><\/span><\/em><span style=\"color: #333333;\">Vivre en harmonie avec soi-m\u00eame et les autres gr\u00e2ce \u00e0 la Num\u00e9rologie Cr\u00e9ative \u2013<\/span> <em style=\"color: #808080;\">Caroline Raffaelly<\/em><\/span><strong><em><br \/>\n<\/em><\/strong><strong><span style=\"color: #d82f89;\">15:00<\/span>\u00a0\u00a0\u00a0 <\/strong>Faites l&rsquo;exp\u00e9rience d&rsquo;une s\u00e9ance de coaching intuitif &#8211; <span style=\"color: #808080;\"><em>Gilles Guyon<\/em><\/span><strong><em><br \/>\n<\/em><\/strong><strong><span style=\"color: #f03c96;\"><span style=\"color: #d82f89;\">16:00<\/span>\u00a0<\/span>\u00a0\u00a0 <\/strong>Atelier c\u0153ur de femmes &#8211; <span style=\"color: #808080;\"><em>Nathalie Rouch\u00e9<\/em><\/span><strong><em><br \/>\n<\/em><\/strong><strong><span style=\"color: #d82f89;\">17:00<\/span>\u00a0\u00a0\u00a0 <\/strong>Nouvelle s\u00e9ance de Yoga de Samara \u2013 <span style=\"color: #808080;\"><em>Anne Bernard<\/em><\/span><\/p>\n<h3><\/h3>\n<p><span style=\"font-size: 14pt;\"><strong>SAMEDI 12 OCTOBRE 2019<\/strong><\/span><\/p>\n<p><strong><span style=\"color: #d82f89;\">11:00\u00a0<\/span>\u00a0\u00a0 <\/strong>D\u00e9veloppez votre patient\u00e8le &#8211; <span style=\"color: #808080;\"><em>Dany Dan Debeix<\/em><\/span><strong><em><br \/>\n<\/em><\/strong><strong><span style=\"color: #f03c96;\"><span style=\"color: #d82f89;\">12:00<\/span>\u00a0<\/span>\u00a0\u00a0 <\/strong>Le th\u00e8me de cristal : explorez votre identit\u00e9 gr\u00e2ce \u00e0 vos pierres de naissance &#8211; <span style=\"color: #808080;\"><em>Wydiane Khaoua<\/em><\/span><strong><em><br \/>\n<\/em><\/strong><strong><span style=\"color: #f03c96;\"><span style=\"color: #d82f89;\">13:00<\/span>\u00a0<\/span>\u00a0\u00a0 <\/strong>Constellation structurelle du but qu\u2019on veut atteindre &#8211; <span style=\"color: #808080;\"><em>Jacqueline Gateau<\/em><\/span><strong><em><br \/>\n<\/em><\/strong><strong><span style=\"color: #d82f89;\">14:00<\/span>\u00a0\u00a0\u00a0 <\/strong>5 minutes pour retrouver un sommeil r\u00e9parateur avec la Coh\u00e9rence Cardiaque &#8211; <span style=\"color: #808080;\"><em>Chantal Jannic<\/em><\/span><strong><em><br \/>\n<\/em><\/strong><strong><span style=\"color: #d82f89;\">15:00<\/span>\u00a0\u00a0\u00a0 <\/strong>Voyage sonore &#8211; <span style=\"color: #808080;\"><em>El\u00e9onore de Lardemelle<\/em><\/span><strong><em><br \/>\n<\/em><\/strong><strong><span style=\"color: #d82f89;\">16:00\u00a0<\/span>\u00a0\u00a0 <\/strong>D\u00e9couverte du Shiatsu (2h) &#8211; <span style=\"color: #808080;\"><em>Xavier Porter-Ladousse<\/em><\/span><strong><em><br \/>\n<\/em><\/strong><strong><span style=\"color: #d82f89;\">18:00<\/span>\u00a0\u00a0\u00a0 <\/strong>La rigologie\u00ae, une pratique insolite pour se connecter \u00e0 sa joie de vivre ! &#8211; <span style=\"color: #808080;\"><em>Sylvie Maisonneuve<\/em><\/span><\/p>\n<h3><\/h3>\n<p class=\"p1\"><span style=\"font-size: 14pt;\"><strong>DIMANCHE 13 OCTOBRE 2019<\/strong><\/span><\/p>\n<p><strong><span style=\"color: #d82f89;\">11:00<\/span>\u00a0\u00a0\u00a0 <\/strong>Le th\u00e8me de cristal : explorez votre identit\u00e9 gr\u00e2ce \u00e0 vos pierres de naissance &#8211; <span style=\"color: #808080;\"><em>Wydiane Khaoua<\/em><\/span><strong><em><br \/>\n<\/em><\/strong><strong><span style=\"color: #d82f89;\">12:00<\/span>\u00a0\u00a0\u00a0 <\/strong>Hygi\u00e8ne \u00e9nerg\u00e9tique quotidienne &#8211; <span style=\"color: #808080;\"><em>Jacqueline Gateau<\/em><\/span><strong><em><br \/>\n<\/em><\/strong><strong><span style=\"color: #d82f89;\">13:00<\/span>\u00a0\u00a0\u00a0 <\/strong>Yoga et immersion sonore &#8211; <span style=\"color: #808080;\"><em>Sophie Avignon et Manuel Mah\u00e9<\/em><\/span><strong><em><br \/>\n<\/em><\/strong><strong><span style=\"color: #d82f89;\">14:00<\/span>\u00a0\u00a0\u00a0 <\/strong>5 minutes pour retrouver un sommeil r\u00e9parateur avec la Coh\u00e9rence Cardiaque &#8211; <span style=\"color: #808080;\"><em>Chantal Jannic<\/em><\/span><strong><em><br \/>\n<\/em><\/strong><strong><span style=\"color: #d82f89;\">15:00<\/span>\u00a0\u00a0\u00a0 <\/strong>Ancrage et alignement &#8211; <span style=\"color: #808080;\"><em>El\u00e9onore de Lardemelle<\/em><\/span><strong><em><br \/>\n<\/em><\/strong><strong><span style=\"color: #d82f89;\">16:00<\/span>\u00a0\u00a0\u00a0 <\/strong>Votre verbe est-il vraiment cr\u00e9ateur? Souhaitez-vous exp\u00e9rimenter son impact sur le corps ? &#8211; <em><span style=\"color: #808080;\">Jean-Pierre Chamodot<\/span><\/em><strong><em><br \/>\n<\/em><\/strong><strong><span style=\"color: #d82f89;\">17:00<\/span>\u00a0\u00a0\u00a0 <\/strong>Reconnexion \u00e0 soi, d\u00e9couverte de l&rsquo;\u00e9nerg\u00e9tique \u2013 <span style=\"color: #808080;\"><em>Sandrine Mar\u00e9chal<\/em><\/span><strong><em><br \/>\n<\/em><\/strong><strong><span style=\"color: #d82f89;\">18:00<\/span>\u00a0\u00a0\u00a0 <\/strong>Relaxation et soin sonore &#8211; <span style=\"color: #808080;\"><em>Manuel Mah\u00e9<\/em><\/span><\/p>\n","protected":false},"excerpt":{"rendered":"<p>Les animations se d\u00e9roulent dans la salle\u00a0TRENTEMOULT\u00a0 Les inscriptions se font devant la salle 45 minutes avant l\u2019atelier. Le programme est r\u00e9guli\u00e8rement mis \u00e0 jour VENDREDI 11 OCTOBRE 2019 11:00\u00a0\u00a0\u00a0 Concert th\u00e9rapeutique &#8211; El\u00e9onore de Lardemelle 12:00\u00a0\u00a0\u00a0 Le th\u00e8me de cristal : explorez votre identit\u00e9 gr\u00e2ce \u00e0 vos pierres de naissance &#8211; Wydiane Khaoua 13:00\u00a0\u00a0\u00a0&hellip; <\/p>\n","protected":false},"author":1,"featured_media":0,"parent":0,"menu_order":0,"comment_status":"closed","ping_status":"closed","template":"","meta":{"_monsterinsights_skip_tracking":false,"_monsterinsights_sitenote_active":false,"_monsterinsights_sitenote_note":"","_monsterinsights_sitenote_category":0,"footnotes":""},"class_list":["post-9242","page","type-page","status-publish","hentry"],"yoast_head":"<!-- This site is optimized with the Yoast SEO plugin v27.3 - https:\/\/yoast.com\/product\/yoast-seo-wordpress\/ -->\n<title>Ateliers bien-\u00eatre 2019 - Salon ZEN &amp; BIO Nantes<\/title>\n<meta name=\"robots\" content=\"index, follow, max-snippet:-1, max-image-preview:large, max-video-preview:-1\" \/>\n<link rel=\"canonical\" href=\"https:\/\/www.salon-zenetbio.com\/nantes\/ateliers-bien-etre-2019\/\" \/>\n<meta property=\"og:locale\" content=\"fr_FR\" \/>\n<meta property=\"og:type\" content=\"article\" \/>\n<meta property=\"og:title\" content=\"Ateliers bien-\u00eatre 2019 - Salon ZEN &amp; BIO Nantes\" \/>\n<meta property=\"og:description\" content=\"Les animations se d\u00e9roulent dans la salle\u00a0TRENTEMOULT\u00a0 Les inscriptions se font devant la salle 45 minutes avant l\u2019atelier. Le programme est r\u00e9guli\u00e8rement mis \u00e0 jour VENDREDI 11 OCTOBRE 2019 11:00\u00a0\u00a0\u00a0 Concert th\u00e9rapeutique &#8211; El\u00e9onore de Lardemelle 12:00\u00a0\u00a0\u00a0 Le th\u00e8me de cristal : explorez votre identit\u00e9 gr\u00e2ce \u00e0 vos pierres de naissance &#8211; Wydiane Khaoua 13:00\u00a0\u00a0\u00a0&hellip;\" \/>\n<meta property=\"og:url\" content=\"https:\/\/www.salon-zenetbio.com\/nantes\/ateliers-bien-etre-2019\/\" \/>\n<meta property=\"og:site_name\" content=\"Salon ZEN &amp; BIO Nantes\" \/>\n<meta name=\"twitter:card\" content=\"summary_large_image\" \/>\n<meta name=\"twitter:label1\" content=\"Dur\u00e9e de lecture estim\u00e9e\" \/>\n\t<meta name=\"twitter:data1\" content=\"2 minutes\" \/>\n<script type=\"application\/ld+json\" class=\"yoast-schema-graph\">{\"@context\":\"https:\\\/\\\/schema.org\",\"@graph\":[{\"@type\":\"WebPage\",\"@id\":\"https:\\\/\\\/www.salon-zenetbio.com\\\/nantes\\\/ateliers-bien-etre-2019\\\/\",\"url\":\"https:\\\/\\\/www.salon-zenetbio.com\\\/nantes\\\/ateliers-bien-etre-2019\\\/\",\"name\":\"Ateliers bien-\u00eatre 2019 - Salon ZEN &amp; BIO Nantes\",\"isPartOf\":{\"@id\":\"https:\\\/\\\/www.salon-zenetbio.com\\\/nantes\\\/#website\"},\"datePublished\":\"2020-03-19T09:51:01+00:00\",\"breadcrumb\":{\"@id\":\"https:\\\/\\\/www.salon-zenetbio.com\\\/nantes\\\/ateliers-bien-etre-2019\\\/#breadcrumb\"},\"inLanguage\":\"fr-FR\",\"potentialAction\":[{\"@type\":\"ReadAction\",\"target\":[\"https:\\\/\\\/www.salon-zenetbio.com\\\/nantes\\\/ateliers-bien-etre-2019\\\/\"]}]},{\"@type\":\"BreadcrumbList\",\"@id\":\"https:\\\/\\\/www.salon-zenetbio.com\\\/nantes\\\/ateliers-bien-etre-2019\\\/#breadcrumb\",\"itemListElement\":[{\"@type\":\"ListItem\",\"position\":1,\"name\":\"Accueil\",\"item\":\"https:\\\/\\\/www.salon-zenetbio.com\\\/nantes\\\/\"},{\"@type\":\"ListItem\",\"position\":2,\"name\":\"Ateliers bien-\u00eatre 2019\"}]},{\"@type\":\"WebSite\",\"@id\":\"https:\\\/\\\/www.salon-zenetbio.com\\\/nantes\\\/#website\",\"url\":\"https:\\\/\\\/www.salon-zenetbio.com\\\/nantes\\\/\",\"name\":\"Salon ZEN &amp; BIO Nantes\",\"description\":\"salon ZEN &amp; BIO Nantes : votre salon bio, bien-\u00eatre et habitat sain\",\"publisher\":{\"@id\":\"https:\\\/\\\/www.salon-zenetbio.com\\\/nantes\\\/#organization\"},\"potentialAction\":[{\"@type\":\"SearchAction\",\"target\":{\"@type\":\"EntryPoint\",\"urlTemplate\":\"https:\\\/\\\/www.salon-zenetbio.com\\\/nantes\\\/?s={search_term_string}\"},\"query-input\":{\"@type\":\"PropertyValueSpecification\",\"valueRequired\":true,\"valueName\":\"search_term_string\"}}],\"inLanguage\":\"fr-FR\"},{\"@type\":\"Organization\",\"@id\":\"https:\\\/\\\/www.salon-zenetbio.com\\\/nantes\\\/#organization\",\"name\":\"Salon ZEN &amp; BIO Nantes\",\"url\":\"https:\\\/\\\/www.salon-zenetbio.com\\\/nantes\\\/\",\"logo\":{\"@type\":\"ImageObject\",\"inLanguage\":\"fr-FR\",\"@id\":\"https:\\\/\\\/www.salon-zenetbio.com\\\/nantes\\\/#\\\/schema\\\/logo\\\/image\\\/\",\"url\":\"http:\\\/\\\/www.salon-zenetbio.com\\\/nantes\\\/wp-content\\\/uploads\\\/sites\\\/7\\\/2026\\\/03\\\/cropped-Logo-ZEN-et-BIO-nantes-2026.png\",\"contentUrl\":\"http:\\\/\\\/www.salon-zenetbio.com\\\/nantes\\\/wp-content\\\/uploads\\\/sites\\\/7\\\/2026\\\/03\\\/cropped-Logo-ZEN-et-BIO-nantes-2026.png\",\"width\":921,\"height\":255,\"caption\":\"Salon ZEN &amp; BIO Nantes\"},\"image\":{\"@id\":\"https:\\\/\\\/www.salon-zenetbio.com\\\/nantes\\\/#\\\/schema\\\/logo\\\/image\\\/\"}}]}<\/script>\n<!-- \/ Yoast SEO plugin. -->","yoast_head_json":{"title":"Ateliers bien-\u00eatre 2019 - Salon ZEN &amp; BIO Nantes","robots":{"index":"index","follow":"follow","max-snippet":"max-snippet:-1","max-image-preview":"max-image-preview:large","max-video-preview":"max-video-preview:-1"},"canonical":"https:\/\/www.salon-zenetbio.com\/nantes\/ateliers-bien-etre-2019\/","og_locale":"fr_FR","og_type":"article","og_title":"Ateliers bien-\u00eatre 2019 - Salon ZEN &amp; BIO Nantes","og_description":"Les animations se d\u00e9roulent dans la salle\u00a0TRENTEMOULT\u00a0 Les inscriptions se font devant la salle 45 minutes avant l\u2019atelier. Le programme est r\u00e9guli\u00e8rement mis \u00e0 jour VENDREDI 11 OCTOBRE 2019 11:00\u00a0\u00a0\u00a0 Concert th\u00e9rapeutique &#8211; El\u00e9onore de Lardemelle 12:00\u00a0\u00a0\u00a0 Le th\u00e8me de cristal : explorez votre identit\u00e9 gr\u00e2ce \u00e0 vos pierres de naissance &#8211; Wydiane Khaoua 13:00\u00a0\u00a0\u00a0&hellip;","og_url":"https:\/\/www.salon-zenetbio.com\/nantes\/ateliers-bien-etre-2019\/","og_site_name":"Salon ZEN &amp; BIO Nantes","twitter_card":"summary_large_image","twitter_misc":{"Dur\u00e9e de lecture estim\u00e9e":"2 minutes"},"schema":{"@context":"https:\/\/schema.org","@graph":[{"@type":"WebPage","@id":"https:\/\/www.salon-zenetbio.com\/nantes\/ateliers-bien-etre-2019\/","url":"https:\/\/www.salon-zenetbio.com\/nantes\/ateliers-bien-etre-2019\/","name":"Ateliers bien-\u00eatre 2019 - Salon ZEN &amp; BIO Nantes","isPartOf":{"@id":"https:\/\/www.salon-zenetbio.com\/nantes\/#website"},"datePublished":"2020-03-19T09:51:01+00:00","breadcrumb":{"@id":"https:\/\/www.salon-zenetbio.com\/nantes\/ateliers-bien-etre-2019\/#breadcrumb"},"inLanguage":"fr-FR","potentialAction":[{"@type":"ReadAction","target":["https:\/\/www.salon-zenetbio.com\/nantes\/ateliers-bien-etre-2019\/"]}]},{"@type":"BreadcrumbList","@id":"https:\/\/www.salon-zenetbio.com\/nantes\/ateliers-bien-etre-2019\/#breadcrumb","itemListElement":[{"@type":"ListItem","position":1,"name":"Accueil","item":"https:\/\/www.salon-zenetbio.com\/nantes\/"},{"@type":"ListItem","position":2,"name":"Ateliers bien-\u00eatre 2019"}]},{"@type":"WebSite","@id":"https:\/\/www.salon-zenetbio.com\/nantes\/#website","url":"https:\/\/www.salon-zenetbio.com\/nantes\/","name":"Salon ZEN &amp; BIO Nantes","description":"salon ZEN &amp; BIO Nantes : votre salon bio, bien-\u00eatre et habitat sain","publisher":{"@id":"https:\/\/www.salon-zenetbio.com\/nantes\/#organization"},"potentialAction":[{"@type":"SearchAction","target":{"@type":"EntryPoint","urlTemplate":"https:\/\/www.salon-zenetbio.com\/nantes\/?s={search_term_string}"},"query-input":{"@type":"PropertyValueSpecification","valueRequired":true,"valueName":"search_term_string"}}],"inLanguage":"fr-FR"},{"@type":"Organization","@id":"https:\/\/www.salon-zenetbio.com\/nantes\/#organization","name":"Salon ZEN &amp; BIO Nantes","url":"https:\/\/www.salon-zenetbio.com\/nantes\/","logo":{"@type":"ImageObject","inLanguage":"fr-FR","@id":"https:\/\/www.salon-zenetbio.com\/nantes\/#\/schema\/logo\/image\/","url":"http:\/\/www.salon-zenetbio.com\/nantes\/wp-content\/uploads\/sites\/7\/2026\/03\/cropped-Logo-ZEN-et-BIO-nantes-2026.png","contentUrl":"http:\/\/www.salon-zenetbio.com\/nantes\/wp-content\/uploads\/sites\/7\/2026\/03\/cropped-Logo-ZEN-et-BIO-nantes-2026.png","width":921,"height":255,"caption":"Salon ZEN &amp; BIO Nantes"},"image":{"@id":"https:\/\/www.salon-zenetbio.com\/nantes\/#\/schema\/logo\/image\/"}}]}},"_links":{"self":[{"href":"http:\/\/www.salon-zenetbio.com\/nantes\/wp-json\/wp\/v2\/pages\/9242","targetHints":{"allow":["GET"]}}],"collection":[{"href":"http:\/\/www.salon-zenetbio.com\/nantes\/wp-json\/wp\/v2\/pages"}],"about":[{"href":"http:\/\/www.salon-zenetbio.com\/nantes\/wp-json\/wp\/v2\/types\/page"}],"author":[{"embeddable":true,"href":"http:\/\/www.salon-zenetbio.com\/nantes\/wp-json\/wp\/v2\/users\/1"}],"replies":[{"embeddable":true,"href":"http:\/\/www.salon-zenetbio.com\/nantes\/wp-json\/wp\/v2\/comments?post=9242"}],"version-history":[{"count":1,"href":"http:\/\/www.salon-zenetbio.com\/nantes\/wp-json\/wp\/v2\/pages\/9242\/revisions"}],"predecessor-version":[{"id":9243,"href":"http:\/\/www.salon-zenetbio.com\/nantes\/wp-json\/wp\/v2\/pages\/9242\/revisions\/9243"}],"wp:attachment":[{"href":"http:\/\/www.salon-zenetbio.com\/nantes\/wp-json\/wp\/v2\/media?parent=9242"}],"curies":[{"name":"wp","href":"https:\/\/api.w.org\/{rel}","templated":true}]}}