{"id":9245,"date":"2020-03-19T10:53:38","date_gmt":"2020-03-19T09:53:38","guid":{"rendered":"http:\/\/www.salon-zenetbio.com\/nantes\/?page_id=9245"},"modified":"2020-03-19T10:53:38","modified_gmt":"2020-03-19T09:53:38","slug":"bougez-zen-2019","status":"publish","type":"page","link":"http:\/\/www.salon-zenetbio.com\/nantes\/bougez-zen-2019\/","title":{"rendered":"Bougez Zen 2019"},"content":{"rendered":"<p style=\"text-align: justify;\">Les cours seront anim\u00e9s par des <strong>associations nantaises<\/strong> et se tiendront sur un espace ouvert au coeur du salon. Ils pourront accueillir environ 70 personnes.<\/p>\n<p style=\"text-align: justify;\">Adapt\u00e9s \u00e0 chacun selon son niveau, ils s\u2019adresseront aux d\u00e9butants comme aux pratiquants confirm\u00e9s. Des tapis de yoga seront mis \u00e0 disposition.<br \/>\n<em><strong>Pr\u00e9voir une tenue confortable<\/strong><\/em><\/p>\n<p><span style=\"color: #e8ac12;\"><strong>Espace de l\u2019\u00c9l\u00e9phant<br \/>\n<em><span style=\"color: #333333;\">Cours dans la cour ext\u00e9rieure si le temps le permet<\/span><\/em><br \/>\n<\/strong><\/span><\/p>\n<p><img decoding=\"async\" class=\"alignnone wp-image-3985\" src=\"http:\/\/www.salon-zenetbio.com\/nantes\/wp-content\/uploads\/sites\/7\/2017\/06\/Elephant-yoga-1.jpg\" alt=\"\" width=\"126\" height=\"197\" \/><\/p>\n<p>&nbsp;<\/p>\n<p class=\"p1\" style=\"text-align: justify;\"><span style=\"font-size: 14pt;\"><strong>VENDREDI 11 OCTOBRE 2019<\/strong><\/span><\/p>\n<p style=\"text-align: justify;\"><strong><span style=\"color: #e8ac12;\">10:30<\/span> \u00a0<\/strong>Le Yangsheng Qi Gong de l\u2019Ecole du Dacheng Quan (Yi Quan) \u2013 <em><span style=\"color: #808080;\">Aur\u00e9lien Garcia<\/span><br \/>\n<\/em><span style=\"color: #e8ac12;\"><strong>13:30<\/strong><\/span><strong>\u00a0 <\/strong>Pilates (avec ou sans accessoires) \u2013 <em><span style=\"color: #808080;\">Claire Folberth<\/span><br \/>\n<\/em><span style=\"color: #e8ac12;\"><strong>15:00<\/strong><\/span><strong> \u00a0<\/strong>Kundalini Yoga \u2013 <em><span style=\"color: #808080;\">Marie Dupas, Gobinda<\/span><br \/>\n<\/em><span style=\"color: #e8ac12;\"><strong>16:30<\/strong><\/span><strong> \u00a0<\/strong>Qi Gong et Tai Chi Chuan style Wu \u2013 <span style=\"color: #808080;\"><em>Erick Guilbaud, Association Ecole Wu<\/em><\/span><\/p>\n<p class=\"p1\" style=\"text-align: justify;\"><span style=\"font-size: 14pt;\"><strong>SAMEDI 12 OCTOBRE 2019<\/strong><\/span><\/p>\n<p style=\"text-align: justify;\"><del><strong><span style=\"color: #e8ac12;\">10:30<\/span> \u00a0<\/strong>Danse du sensible \u2013 <\/del><em><del><span style=\"color: #808080;\">Elodie Cachet, Association Mouv\u2019Heart<\/span><\/del><\/em><strong><span style=\"color: #333333;\"> \/\/ annul\u00e9<\/span><\/strong><em><br \/>\n<\/em><del><span style=\"color: #e8ac12;\"><strong>12:00<\/strong><\/span>Yoga Kundalini \u2013 <em><span style=\"color: #808080;\">Elodie Cachet, Association<\/span><span style=\"color: #808080;\"> Mouv\u2019Heart<\/span><\/em><\/del><span style=\"color: #333333;\"><strong> \/\/ annul\u00e9<\/strong><\/span><del><em><br \/>\n<\/em><\/del><span style=\"color: #e8ac12;\"><strong>15:00<\/strong><\/span><strong><span style=\"color: #e8ac12;\">\u00a0<\/span> <\/strong>Qi Gong et Tai Chi Chuan style Wu \u2013 <span style=\"color: #808080;\"><em>Erick Guilbaud, Association Ecole Wu<br \/>\n<\/em><span style=\"color: #e8ac12;\"><strong>16:30\u00a0 <\/strong><\/span><\/span>Concert Chamanique (cour ext\u00e9rieure si beau temps) \u2013 <span style=\"color: #808080;\"><em>Oowake<\/em><em><br \/>\n<\/em><\/span><\/p>\n<p class=\"p1\" style=\"text-align: justify;\"><span style=\"font-size: 14pt;\"><strong>DIMANCHE 13 OCTOBRE 2019<\/strong><\/span><\/p>\n<p style=\"text-align: justify;\"><del><strong><span style=\"color: #f7cf2d;\"><span style=\"color: #e8ac12;\">10:30<\/span>\u00a0<\/span> <\/strong>Danse du sensible \u2013 <\/del><em><del><span style=\"color: #808080;\">Elodie Cachet, Association Mouv\u2019Heart<\/span><\/del><span style=\"color: #808080;\"> \/\/ <\/span><\/em><span style=\"color: #808080;\">annul\u00e9<\/span><em><br \/>\n<\/em><del><span style=\"color: #e8ac12;\"><strong>12:00<\/strong><\/span>Yoga Kundalini \u2013 <em><span style=\"color: #808080;\">Elodie Cachet, Association Mouv\u2019Heart<\/span><\/em><\/del><span style=\"color: #333333;\"><strong> \/\/ annul\u00e9<\/strong><\/span><del><em><br \/>\n<\/em><\/del><span style=\"color: #e8ac12;\"><strong>13:30<\/strong><\/span> <del>Le Yangsheng Qi Gong de l\u2019Ecole du Dacheng Quan (Yi Quan) \u2013 <\/del><em><span style=\"color: #808080;\"><del>Aur\u00e9lien Garcia<\/del> <\/span><\/em><span style=\"color: #808080;\"><strong><span style=\"color: #333333;\">\/\/ <\/span><\/strong><\/span><span style=\"color: #333333;\"><strong>annul\u00e9<\/strong><\/span><em><br \/>\n<\/em><span style=\"color: #e8ac12;\"><strong>15:00<\/strong><\/span><strong> \u00a0<\/strong>Qi Gong et Tai Chi Chuan style Wu \u2013 <span style=\"color: #808080;\"><em>Erick Guilbaud, Association Ecole Wu<\/em><\/span><\/p>\n","protected":false},"excerpt":{"rendered":"<p>Les cours seront anim\u00e9s par des associations nantaises et se tiendront sur un espace ouvert au coeur du salon. Ils pourront accueillir environ 70 personnes. Adapt\u00e9s \u00e0 chacun selon son niveau, ils s\u2019adresseront aux d\u00e9butants comme aux pratiquants confirm\u00e9s. Des tapis de yoga seront mis \u00e0 disposition. Pr\u00e9voir une tenue confortable Espace de l\u2019\u00c9l\u00e9phant Cours&hellip; <\/p>\n","protected":false},"author":1,"featured_media":0,"parent":0,"menu_order":0,"comment_status":"closed","ping_status":"closed","template":"","meta":{"_monsterinsights_skip_tracking":false,"_monsterinsights_sitenote_active":false,"_monsterinsights_sitenote_note":"","_monsterinsights_sitenote_category":0,"footnotes":""},"class_list":["post-9245","page","type-page","status-publish","hentry"],"yoast_head":"<!-- This site is optimized with the Yoast SEO plugin v27.3 - https:\/\/yoast.com\/product\/yoast-seo-wordpress\/ -->\n<title>Bougez Zen 2019 - Salon ZEN &amp; BIO Nantes<\/title>\n<meta name=\"robots\" content=\"index, follow, max-snippet:-1, max-image-preview:large, max-video-preview:-1\" \/>\n<link rel=\"canonical\" href=\"http:\/\/www.salon-zenetbio.com\/nantes\/bougez-zen-2019\/\" \/>\n<meta property=\"og:locale\" content=\"fr_FR\" \/>\n<meta property=\"og:type\" content=\"article\" \/>\n<meta property=\"og:title\" content=\"Bougez Zen 2019 - Salon ZEN &amp; BIO Nantes\" \/>\n<meta property=\"og:description\" content=\"Les cours seront anim\u00e9s par des associations nantaises et se tiendront sur un espace ouvert au coeur du salon. Ils pourront accueillir environ 70 personnes. Adapt\u00e9s \u00e0 chacun selon son niveau, ils s\u2019adresseront aux d\u00e9butants comme aux pratiquants confirm\u00e9s. Des tapis de yoga seront mis \u00e0 disposition. Pr\u00e9voir une tenue confortable Espace de l\u2019\u00c9l\u00e9phant Cours&hellip;\" \/>\n<meta property=\"og:url\" content=\"http:\/\/www.salon-zenetbio.com\/nantes\/bougez-zen-2019\/\" \/>\n<meta property=\"og:site_name\" content=\"Salon ZEN &amp; BIO Nantes\" \/>\n<meta property=\"og:image\" content=\"http:\/\/www.salon-zenetbio.com\/nantes\/wp-content\/uploads\/sites\/7\/2017\/06\/Elephant-yoga-1.jpg\" \/>\n<meta name=\"twitter:card\" content=\"summary_large_image\" \/>\n<meta name=\"twitter:label1\" content=\"Dur\u00e9e de lecture estim\u00e9e\" \/>\n\t<meta name=\"twitter:data1\" content=\"1 minute\" \/>\n<script type=\"application\/ld+json\" class=\"yoast-schema-graph\">{\"@context\":\"https:\\\/\\\/schema.org\",\"@graph\":[{\"@type\":\"WebPage\",\"@id\":\"http:\\\/\\\/www.salon-zenetbio.com\\\/nantes\\\/bougez-zen-2019\\\/\",\"url\":\"http:\\\/\\\/www.salon-zenetbio.com\\\/nantes\\\/bougez-zen-2019\\\/\",\"name\":\"Bougez Zen 2019 - Salon ZEN &amp; BIO Nantes\",\"isPartOf\":{\"@id\":\"http:\\\/\\\/www.salon-zenetbio.com\\\/nantes\\\/#website\"},\"primaryImageOfPage\":{\"@id\":\"http:\\\/\\\/www.salon-zenetbio.com\\\/nantes\\\/bougez-zen-2019\\\/#primaryimage\"},\"image\":{\"@id\":\"http:\\\/\\\/www.salon-zenetbio.com\\\/nantes\\\/bougez-zen-2019\\\/#primaryimage\"},\"thumbnailUrl\":\"http:\\\/\\\/www.salon-zenetbio.com\\\/nantes\\\/wp-content\\\/uploads\\\/sites\\\/7\\\/2017\\\/06\\\/Elephant-yoga-1.jpg\",\"datePublished\":\"2020-03-19T09:53:38+00:00\",\"breadcrumb\":{\"@id\":\"http:\\\/\\\/www.salon-zenetbio.com\\\/nantes\\\/bougez-zen-2019\\\/#breadcrumb\"},\"inLanguage\":\"fr-FR\",\"potentialAction\":[{\"@type\":\"ReadAction\",\"target\":[\"http:\\\/\\\/www.salon-zenetbio.com\\\/nantes\\\/bougez-zen-2019\\\/\"]}]},{\"@type\":\"ImageObject\",\"inLanguage\":\"fr-FR\",\"@id\":\"http:\\\/\\\/www.salon-zenetbio.com\\\/nantes\\\/bougez-zen-2019\\\/#primaryimage\",\"url\":\"http:\\\/\\\/www.salon-zenetbio.com\\\/nantes\\\/wp-content\\\/uploads\\\/sites\\\/7\\\/2017\\\/06\\\/Elephant-yoga-1.jpg\",\"contentUrl\":\"http:\\\/\\\/www.salon-zenetbio.com\\\/nantes\\\/wp-content\\\/uploads\\\/sites\\\/7\\\/2017\\\/06\\\/Elephant-yoga-1.jpg\",\"width\":814,\"height\":1173},{\"@type\":\"BreadcrumbList\",\"@id\":\"http:\\\/\\\/www.salon-zenetbio.com\\\/nantes\\\/bougez-zen-2019\\\/#breadcrumb\",\"itemListElement\":[{\"@type\":\"ListItem\",\"position\":1,\"name\":\"Accueil\",\"item\":\"http:\\\/\\\/www.salon-zenetbio.com\\\/nantes\\\/\"},{\"@type\":\"ListItem\",\"position\":2,\"name\":\"Bougez Zen 2019\"}]},{\"@type\":\"WebSite\",\"@id\":\"http:\\\/\\\/www.salon-zenetbio.com\\\/nantes\\\/#website\",\"url\":\"http:\\\/\\\/www.salon-zenetbio.com\\\/nantes\\\/\",\"name\":\"Salon ZEN &amp; BIO Nantes\",\"description\":\"salon ZEN &amp; BIO Nantes : votre salon bio, bien-\u00eatre et habitat sain\",\"publisher\":{\"@id\":\"http:\\\/\\\/www.salon-zenetbio.com\\\/nantes\\\/#organization\"},\"potentialAction\":[{\"@type\":\"SearchAction\",\"target\":{\"@type\":\"EntryPoint\",\"urlTemplate\":\"http:\\\/\\\/www.salon-zenetbio.com\\\/nantes\\\/?s={search_term_string}\"},\"query-input\":{\"@type\":\"PropertyValueSpecification\",\"valueRequired\":true,\"valueName\":\"search_term_string\"}}],\"inLanguage\":\"fr-FR\"},{\"@type\":\"Organization\",\"@id\":\"http:\\\/\\\/www.salon-zenetbio.com\\\/nantes\\\/#organization\",\"name\":\"Salon ZEN &amp; BIO Nantes\",\"url\":\"http:\\\/\\\/www.salon-zenetbio.com\\\/nantes\\\/\",\"logo\":{\"@type\":\"ImageObject\",\"inLanguage\":\"fr-FR\",\"@id\":\"http:\\\/\\\/www.salon-zenetbio.com\\\/nantes\\\/#\\\/schema\\\/logo\\\/image\\\/\",\"url\":\"http:\\\/\\\/www.salon-zenetbio.com\\\/nantes\\\/wp-content\\\/uploads\\\/sites\\\/7\\\/2026\\\/03\\\/cropped-Logo-ZEN-et-BIO-nantes-2026.png\",\"contentUrl\":\"http:\\\/\\\/www.salon-zenetbio.com\\\/nantes\\\/wp-content\\\/uploads\\\/sites\\\/7\\\/2026\\\/03\\\/cropped-Logo-ZEN-et-BIO-nantes-2026.png\",\"width\":921,\"height\":255,\"caption\":\"Salon ZEN &amp; BIO Nantes\"},\"image\":{\"@id\":\"http:\\\/\\\/www.salon-zenetbio.com\\\/nantes\\\/#\\\/schema\\\/logo\\\/image\\\/\"}}]}<\/script>\n<!-- \/ Yoast SEO plugin. -->","yoast_head_json":{"title":"Bougez Zen 2019 - Salon ZEN &amp; BIO Nantes","robots":{"index":"index","follow":"follow","max-snippet":"max-snippet:-1","max-image-preview":"max-image-preview:large","max-video-preview":"max-video-preview:-1"},"canonical":"http:\/\/www.salon-zenetbio.com\/nantes\/bougez-zen-2019\/","og_locale":"fr_FR","og_type":"article","og_title":"Bougez Zen 2019 - Salon ZEN &amp; BIO Nantes","og_description":"Les cours seront anim\u00e9s par des associations nantaises et se tiendront sur un espace ouvert au coeur du salon. Ils pourront accueillir environ 70 personnes. Adapt\u00e9s \u00e0 chacun selon son niveau, ils s\u2019adresseront aux d\u00e9butants comme aux pratiquants confirm\u00e9s. Des tapis de yoga seront mis \u00e0 disposition. Pr\u00e9voir une tenue confortable Espace de l\u2019\u00c9l\u00e9phant Cours&hellip;","og_url":"http:\/\/www.salon-zenetbio.com\/nantes\/bougez-zen-2019\/","og_site_name":"Salon ZEN &amp; BIO Nantes","og_image":[{"url":"http:\/\/www.salon-zenetbio.com\/nantes\/wp-content\/uploads\/sites\/7\/2017\/06\/Elephant-yoga-1.jpg","type":"","width":"","height":""}],"twitter_card":"summary_large_image","twitter_misc":{"Dur\u00e9e de lecture estim\u00e9e":"1 minute"},"schema":{"@context":"https:\/\/schema.org","@graph":[{"@type":"WebPage","@id":"http:\/\/www.salon-zenetbio.com\/nantes\/bougez-zen-2019\/","url":"http:\/\/www.salon-zenetbio.com\/nantes\/bougez-zen-2019\/","name":"Bougez Zen 2019 - Salon ZEN &amp; BIO Nantes","isPartOf":{"@id":"http:\/\/www.salon-zenetbio.com\/nantes\/#website"},"primaryImageOfPage":{"@id":"http:\/\/www.salon-zenetbio.com\/nantes\/bougez-zen-2019\/#primaryimage"},"image":{"@id":"http:\/\/www.salon-zenetbio.com\/nantes\/bougez-zen-2019\/#primaryimage"},"thumbnailUrl":"http:\/\/www.salon-zenetbio.com\/nantes\/wp-content\/uploads\/sites\/7\/2017\/06\/Elephant-yoga-1.jpg","datePublished":"2020-03-19T09:53:38+00:00","breadcrumb":{"@id":"http:\/\/www.salon-zenetbio.com\/nantes\/bougez-zen-2019\/#breadcrumb"},"inLanguage":"fr-FR","potentialAction":[{"@type":"ReadAction","target":["http:\/\/www.salon-zenetbio.com\/nantes\/bougez-zen-2019\/"]}]},{"@type":"ImageObject","inLanguage":"fr-FR","@id":"http:\/\/www.salon-zenetbio.com\/nantes\/bougez-zen-2019\/#primaryimage","url":"http:\/\/www.salon-zenetbio.com\/nantes\/wp-content\/uploads\/sites\/7\/2017\/06\/Elephant-yoga-1.jpg","contentUrl":"http:\/\/www.salon-zenetbio.com\/nantes\/wp-content\/uploads\/sites\/7\/2017\/06\/Elephant-yoga-1.jpg","width":814,"height":1173},{"@type":"BreadcrumbList","@id":"http:\/\/www.salon-zenetbio.com\/nantes\/bougez-zen-2019\/#breadcrumb","itemListElement":[{"@type":"ListItem","position":1,"name":"Accueil","item":"http:\/\/www.salon-zenetbio.com\/nantes\/"},{"@type":"ListItem","position":2,"name":"Bougez Zen 2019"}]},{"@type":"WebSite","@id":"http:\/\/www.salon-zenetbio.com\/nantes\/#website","url":"http:\/\/www.salon-zenetbio.com\/nantes\/","name":"Salon ZEN &amp; BIO Nantes","description":"salon ZEN &amp; BIO Nantes : votre salon bio, bien-\u00eatre et habitat sain","publisher":{"@id":"http:\/\/www.salon-zenetbio.com\/nantes\/#organization"},"potentialAction":[{"@type":"SearchAction","target":{"@type":"EntryPoint","urlTemplate":"http:\/\/www.salon-zenetbio.com\/nantes\/?s={search_term_string}"},"query-input":{"@type":"PropertyValueSpecification","valueRequired":true,"valueName":"search_term_string"}}],"inLanguage":"fr-FR"},{"@type":"Organization","@id":"http:\/\/www.salon-zenetbio.com\/nantes\/#organization","name":"Salon ZEN &amp; BIO Nantes","url":"http:\/\/www.salon-zenetbio.com\/nantes\/","logo":{"@type":"ImageObject","inLanguage":"fr-FR","@id":"http:\/\/www.salon-zenetbio.com\/nantes\/#\/schema\/logo\/image\/","url":"http:\/\/www.salon-zenetbio.com\/nantes\/wp-content\/uploads\/sites\/7\/2026\/03\/cropped-Logo-ZEN-et-BIO-nantes-2026.png","contentUrl":"http:\/\/www.salon-zenetbio.com\/nantes\/wp-content\/uploads\/sites\/7\/2026\/03\/cropped-Logo-ZEN-et-BIO-nantes-2026.png","width":921,"height":255,"caption":"Salon ZEN &amp; BIO Nantes"},"image":{"@id":"http:\/\/www.salon-zenetbio.com\/nantes\/#\/schema\/logo\/image\/"}}]}},"_links":{"self":[{"href":"http:\/\/www.salon-zenetbio.com\/nantes\/wp-json\/wp\/v2\/pages\/9245","targetHints":{"allow":["GET"]}}],"collection":[{"href":"http:\/\/www.salon-zenetbio.com\/nantes\/wp-json\/wp\/v2\/pages"}],"about":[{"href":"http:\/\/www.salon-zenetbio.com\/nantes\/wp-json\/wp\/v2\/types\/page"}],"author":[{"embeddable":true,"href":"http:\/\/www.salon-zenetbio.com\/nantes\/wp-json\/wp\/v2\/users\/1"}],"replies":[{"embeddable":true,"href":"http:\/\/www.salon-zenetbio.com\/nantes\/wp-json\/wp\/v2\/comments?post=9245"}],"version-history":[{"count":1,"href":"http:\/\/www.salon-zenetbio.com\/nantes\/wp-json\/wp\/v2\/pages\/9245\/revisions"}],"predecessor-version":[{"id":9246,"href":"http:\/\/www.salon-zenetbio.com\/nantes\/wp-json\/wp\/v2\/pages\/9245\/revisions\/9246"}],"wp:attachment":[{"href":"http:\/\/www.salon-zenetbio.com\/nantes\/wp-json\/wp\/v2\/media?parent=9245"}],"curies":[{"name":"wp","href":"https:\/\/api.w.org\/{rel}","templated":true}]}}