{"id":10794,"date":"2024-11-12T11:20:12","date_gmt":"2024-11-12T10:20:12","guid":{"rendered":"https:\/\/www.salon-zenetbio.com\/angers\/?page_id=10794"},"modified":"2024-11-12T11:20:12","modified_gmt":"2024-11-12T10:20:12","slug":"conferences-2024","status":"publish","type":"page","link":"https:\/\/www.salon-zenetbio.com\/angers\/conferences-2024\/","title":{"rendered":"Conf\u00e9rences 2024"},"content":{"rendered":"<p>Des conf\u00e9rences sont organis\u00e9es pour permettre au public de d\u00e9couvrir et mieux comprendre les m\u00e9thodes et les produits pr\u00e9sent\u00e9s sur le salon.<\/p>\n<p>Les conf\u00e9rences se tiennent dans les salles suivantes :<br \/>\n<strong><span style=\"color: #58b44e;\">Salle GRANDS DUCS<\/span><\/strong><br \/>\n<span style=\"color: #2f6eba;\"><strong><span class=\"Apple-converted-space\"><span class=\"s4\">Salle SAINT AUBIN<br \/>\n<span style=\"color: #f38331;\">Salle MAINE<\/span><br \/>\n<\/span><\/span><\/strong><\/span><\/p>\n<h2>Vendredi 8 mars<\/h2>\n<p><span style=\"color: #5fb755;\"><strong>11:30<\/strong><\/span> Intelligence \u00e9motionnelle : comprendre ses \u00e9motions et am\u00e9liorer sa relation aux autres <em><strong>&#8211; Laurence Roux-Fouillet<\/strong><\/em><br \/>\n<span style=\"color: #5fb755;\"><strong>13:00<\/strong><\/span> Bienfaits, utilisation des min\u00e9raux <em><strong>&#8211; Jean-Claude Kennedec<\/strong><\/em><br \/>\n<span style=\"color: #2f6eba;\"><strong>13:00<\/strong><\/span> Les biens-faits de la sophrologie cayc\u00e9dienne<em><strong> &#8211; Fr\u00e9d\u00e9ric Marchand<\/strong><\/em><br \/>\n<span style=\"color: #f38331;\"><strong>13:00<\/strong><\/span> Expertise Vitamine C Liposomale \/ fatigue, immunit\u00e9, collag\u00e8ne, stress oxydatif, soutien des fonctions psychologiques \u2026 <em><strong>&#8211; Vincent Delannoy<\/strong><\/em><br \/>\n<span style=\"color: #5fb755;\"><strong>14:00<\/strong><\/span> 5 jours pour aller mieux <em><strong>&#8211; Pascal Bertrand et Dominique Bourdin\u00a0<\/strong><\/em><br \/>\n<span style=\"color: #2f6eba;\"><strong>14:00<\/strong><\/span> Les m\u00e9taux lourds : origines, incidences, les mesurer, les solutions <em><strong>&#8211; Armand Bensemhoun<\/strong><\/em><br \/>\n<span style=\"color: #f38331;\"><strong>14:00<\/strong><\/span> Les plantes sauvages au secours de nos articulations et de notre sant\u00e9. Les bons conseils du P\u00e8re Jean <em><strong>&#8211; Jean-P\u00f4l Clesse<\/strong><\/em><br \/>\n<span style=\"color: #5fb755;\"><strong>15:00<\/strong><\/span> Le lundi, c\u2019est HAPPY ! <em><strong>&#8211; Benoit Pineau et Lucie Renaudeau<\/strong><\/em><br \/>\n<span style=\"color: #2f6eba;\"><strong>15:00<\/strong><\/span> Incroyable pouvoir de l&rsquo;acupuncture ! Quelle acupuncture pour am\u00e9liorer la sant\u00e9 au quotidien ?<em><strong> &#8211; Teraforce &#8211; Chang\u00a0<\/strong><\/em><br \/>\n<span style=\"color: #f38331;\"><strong>15:00<\/strong><\/span> Plasma marin, eau de mer \/ S\u00e8ve de bouleau \/ Argile : 3 solutions naturelles fondamentales <em><strong>&#8211; Gr\u00e9goire Cadeau<\/strong><\/em><br \/>\n<span style=\"color: #2f6eba;\"><strong>16:00<\/strong><\/span> G\u00e9obiologie : la sant\u00e9 par l&rsquo;habitat <em><strong>&#8211; Roland Fernandez<\/strong><\/em><br \/>\n<span style=\"color: #f38331;\"><strong>16:00<\/strong><\/span> Orgonites, protection des ondes \u00e9lectromagn\u00e9tiques et g\u00e9obiologie<em> <strong>&#8211; Thierry Herman<\/strong><\/em><br \/>\n<span style=\"color: #5fb755;\"><strong>16:30<\/strong><\/span> Comment agir contre les tensions musculaires de la t\u00eate, de la nuque et du dos<em><strong> &#8211; Alfred Pfennig<\/strong><\/em><br \/>\n<span style=\"color: #2f6eba;\"><strong>17:00<\/strong><\/span> Soulagez votre corps en reconnectant vos cellules gr\u00e2ce \u00e0 la physique quantique ? <em><strong>&#8211; Jean-Pierre Chamodot\u00a0<\/strong><\/em><br \/>\n<span style=\"color: #f38331;\"><strong>17:00<\/strong><\/span> M\u00e9decine Chinoise, approche et solutions pr\u00e9ventive ou curative ?<em> <strong>&#8211; Jean-Marc Setier<\/strong><\/em><br \/>\n<span style=\"color: #5fb755;\"><strong>17:30<\/strong><\/span> Burn out : retrouver s\u00e9r\u00e9nit\u00e9 et s\u00e9curit\u00e9 <em><strong>&#8211; Sophie touyon<br \/>\n<\/strong><\/em><strong><span style=\"color: #2f6eba;\">18:00<\/span><\/strong> Les principes de base de la th\u00e9rapie quantique et ses affiliations <em><strong>&#8211; Alban Sauques<br \/>\n<\/strong><\/em><\/p>\n<h2>Samedi 9 mars<\/h2>\n<p><span style=\"color: #5fb755;\"><strong>10:30<\/strong><\/span> Sophrologie cayc\u00e9dienne et gestion du stress<em><strong> &#8211; Fr\u00e9d\u00e9ric Marchand<\/strong><\/em><br \/>\n<span style=\"color: #2f6eba;\"><strong>11:00<\/strong><\/span> Le Quantique : m\u00e9thode QET, les Maux par les Mots<em><strong> &#8211; Maryvonne Pomm\u00e9<\/strong><\/em><br \/>\n<span style=\"color: #f38331;\"><strong>11:00<\/strong><\/span> Comment accompagner Hommes et Femmes \u00e0 traverser leurs crises existentielles ? <strong>&#8211;<em> Marie-Rose et Pascal Gontier\u00a0<\/em><\/strong><br \/>\n<span style=\"color: #5fb755;\"><strong>11:30<\/strong><\/span> Un outil pratique et objectif pour faire des choix et prendre les meilleures d\u00e9cisions, pour vous accompagner au quotidien et vous guider dans l\u2019accomplissement de vos projets <em><strong>&#8211; Sylvia Cordonnier<\/strong><\/em><br \/>\n<span style=\"color: #2f6eba;\"><strong>12:00<\/strong><\/span> Le cheval dans la th\u00e9rapie, merci miroir <em><strong>&#8211; Ashley Hennekam<\/strong><\/em><br \/>\n<span style=\"color: #f38331;\"><strong>12:00<\/strong><\/span> Les plantes sauvages au secours de nos articulations et de notre sant\u00e9. Les bons conseils du P\u00e8re Jean<em> <strong>&#8211; Jean-P\u00f4l Clesse<\/strong><\/em><br \/>\n<span style=\"color: #5fb755;\"><strong>13:00<\/strong><\/span> Bienfaits, utilisation des min\u00e9raux <em><strong>&#8211; Jean-Claude Kennedec<\/strong><\/em><br \/>\n<span style=\"color: #2f6eba;\"><strong>13:00<\/strong><\/span> Orgonites, protection des ondes \u00e9lectromagn\u00e9tiques et g\u00e9obiologie<em><strong> &#8211; Thierry Herman<\/strong><\/em><br \/>\n<span style=\"color: #f38331;\"><strong>13:00<\/strong><\/span> G\u00e9obiologie : la sant\u00e9 par l&rsquo;habitat<em><strong> &#8211; Roland Fernandez<\/strong><\/em><br \/>\n<span style=\"color: #5fb755;\"><strong>14:00<\/strong><\/span> La num\u00e9rologie du rayonnement de l&rsquo;\u00eatre<em><strong> &#8211; Sandrine Laurier<\/strong><\/em><br \/>\n<span style=\"color: #2f6eba;\"><strong>14:00<\/strong><\/span> Les m\u00e9taux lourds : origines, incidences, les mesurer, les solutions <em><strong>&#8211; Armand Bensemhoun<\/strong><\/em><br \/>\n<span style=\"color: #f38331;\"><strong>14:00<\/strong><\/span> Mes \u00e9motions ma responsabilit\u00e9 ?<em> <strong>&#8211; Julie Papi<\/strong><\/em><br \/>\n<span style=\"color: #5fb755;\"><strong>15:00<\/strong><\/span> Vos 4 dimensions \u00e9nerg\u00e9tiques et leur implication dans votre vie quotidienne<em><strong> &#8211; Mary Laure Teyssedre<\/strong><\/em><br \/>\n<span style=\"color: #2f6eba;\"><strong>15:00<\/strong><\/span> S&rsquo;aligner avec sa mission de vie par la Num\u00e9rologie Cr\u00e9ative<sup>\u00ae<\/sup> <em><strong>&#8211; Laurence Thievin<\/strong><\/em><br \/>\n<span style=\"color: #f38331;\"><strong>15:00<\/strong><\/span> La pollution \u00e9lectromagn\u00e9tique, comprendre et agir <em><strong>&#8211; Alain Richard<\/strong><\/em><br \/>\n<span style=\"color: #2f6eba;\"><strong>16:00<\/strong><\/span> Plasma marin, eau de mer \/ S\u00e8ve de bouleau \/ Argile : 3 solutions naturelles fondamentales<em> <strong>&#8211; Gr\u00e9goire Cadeau<\/strong><\/em><br \/>\n<span style=\"color: #f38331;\"><strong>16:00<\/strong><\/span> Ouf, une eau vivante !<em><strong> &#8211; Olivier Neveu<\/strong><\/em><br \/>\n<span style=\"color: #5fb755;\"><strong>16:30<\/strong><\/span> Comment agir contre les tensions musculaires de la t\u00eate, de la nuque et du dos<em> <strong>&#8211; Alfred Pfennig<\/strong><\/em><br \/>\n<span style=\"color: #2f6eba;\"><strong>17:00<\/strong><\/span> Voyage vers l&rsquo;enfant int\u00e9rieur<em><strong> &#8211; Patrice Ronez<\/strong><\/em><br \/>\n<span style=\"color: #f38331;\"><strong>17:00<\/strong><\/span> Les probl\u00e8mes gyn\u00e9cologiques et la m\u00e9decine Chinoise <em><strong>&#8211; Jean-Marc Setier<\/strong><\/em><br \/>\n<span style=\"color: #5fb755;\"><strong>17:30<\/strong><\/span> VIE, soin dans l&rsquo;eau chaude \u00e0 l&rsquo;origine de soi <strong>&#8211;<em> Eglantine Soret-Goussiez<\/em><\/strong><br \/>\n<span style=\"color: #2f6eba;\"><strong>18:00<\/strong><\/span> La g\u00e9om\u00e9trie sacr\u00e9e au service de l&rsquo;\u00e9veil <em><strong>&#8211; J\u00e9r\u00f4me Boujon<\/strong><\/em><br \/>\n<span style=\"color: #f38331;\"><strong>18:00<\/strong><\/span> Expertise Vitamine C Liposomale \/ fatigue, immunit\u00e9, collag\u00e8ne, stress oxydatif, soutien des fonctions psychologiques \u2026<em> <strong>&#8211; Vincent Delannoy<\/strong><\/em><\/p>\n<h2>Dimanche 10 mars<\/h2>\n<p><span style=\"color: #5fb755;\"><strong>10:30<\/strong><\/span> R\u00e9duire le sucre au quotidien<em> <strong>&#8211; Lucie Costil<\/strong><\/em><br \/>\n<span style=\"color: #2f6eba;\"><strong>11:00<\/strong><\/span> L&rsquo;intelligence \u00e9motionnelle c&rsquo;est quoi ? <em><strong>&#8211; Julie Papi<\/strong><\/em><br \/>\n<span style=\"color: #f38331;\"><strong>11:00<\/strong><\/span> Comment agir contre les tensions musculaires de la t\u00eate, de la nuque et du dos<em><strong> &#8211; Alfred Pfennig<\/strong><\/em><br \/>\n<span style=\"color: #5fb755;\"><strong>11:30<\/strong><\/span> Sophrologie &amp; m\u00e9ditation : votre bo\u00eete \u00e0 outils Mieux-\u00catre<em><strong> &#8211; Caroline Mangiaracina<\/strong><\/em><br \/>\n<span style=\"color: #2f6eba;\"><strong>12:00<\/strong><\/span> Bienfaits, utilisation des min\u00e9raux <em><strong>&#8211; Jean-Claude Kennedec<\/strong><\/em><br \/>\n<span style=\"color: #f38331;\"><strong>12:00<\/strong><\/span> Expertise Vitamine C Liposomale \/ fatigue, immunit\u00e9, collag\u00e8ne, stress oxydatif, soutien des fonctions psychologiques \u2026 <em><strong>&#8211; Vincent Delannoy<\/strong><\/em><br \/>\n<span style=\"color: #5fb755;\"><strong>13:00<\/strong><\/span> La lecture biologique<em><strong> &#8211; Nicolas Panouill\u00e8res<\/strong><\/em><br \/>\n<span style=\"color: #f38331;\"><strong>13:00<\/strong><\/span> Le chamanisme, une approche au service du vivant et de l&rsquo;humain<em><strong> &#8211; Catherine Vall\u00e9e Platel<\/strong><\/em><br \/>\n<span style=\"color: #2f6eba;\"><strong>13:00<\/strong><\/span> G\u00e9obiologie : lieux, histoire et m\u00e9moires <em><strong>&#8211; Fran\u00e7ois Annequin<\/strong><\/em><br \/>\n<span style=\"color: #5fb755;\"><strong>14:00<\/strong><\/span> Les m\u00e9taux lourds : origines, incidences, les mesurer, les solutions<em> <strong>&#8211; Armand Bensemhoun<\/strong><\/em><br \/>\n<span style=\"color: #2f6eba;\"><strong>14:00<\/strong><\/span> Comment purifier et dynamiser les Chakras avec le Yoga du Souffle? <em><strong>&#8211; Marie-Rose et Pascal Gontier\u00a0<\/strong><\/em><br \/>\n<span style=\"color: #f38331;\"><strong>14:00<\/strong><\/span> Les plantes sauvages au secours de nos articulations et de notre sant\u00e9. Les bons conseils du P\u00e8re Jean<em> <strong>&#8211; Jean-P\u00f4l Clesse<\/strong><\/em><br \/>\n<span style=\"color: #5fb755;\"><strong>15:00<\/strong><\/span> L\u2019autohypnose SAJECE de 7 \u00e0 77 ans <em><strong>&#8211; Camille Griselin<\/strong><\/em><br \/>\n<span style=\"color: #2f6eba;\"><strong>15:00<\/strong><\/span> G\u00e9obiologie : la sant\u00e9 par l&rsquo;habitat <em><strong>&#8211; Roland Fernandez<\/strong><\/em><br \/>\n<span style=\"color: #f38331;\"><strong>15:00<\/strong><\/span> Orgonites, protection des ondes \u00e9lectromagn\u00e9tiques et g\u00e9obiologie<em> <strong>&#8211; Thierry Herman<\/strong><\/em><br \/>\n<span style=\"color: #2f6eba;\"><strong>16:00<\/strong><\/span> Plasma marin, eau de mer \/ S\u00e8ve de bouleau \/ Argile : 3 solutions naturelles fondamentales<strong> &#8211;<em> Gr\u00e9goire Cadeau<\/em><\/strong><br \/>\n<span style=\"color: #f38331;\"><strong>16:00<\/strong><\/span> Stress, peur, tensions, fatigue, douleurs ? Nouvelles sciences, nouveaux espoirs ? <em><strong>&#8211; Jean-Pierre Chamodot<\/strong><\/em><br \/>\n<span style=\"color: #5fb755;\"><strong>16:30<\/strong><\/span> Ouf, une eau vivante ! <em><strong>&#8211; Olivier Neveu<\/strong><\/em><br \/>\n<span style=\"color: #2f6eba;\"><strong>17:00<\/strong><\/span> Voyage vers l&rsquo;enfant int\u00e9rieur<strong> &#8211;<em> Patrice Ronez<\/em><\/strong><br \/>\n<span style=\"color: #f38331;\"><strong>17:00<\/strong><\/span> Le sommeil et les solutions propos\u00e9es par la m\u00e9decine Chinoise<em><strong> &#8211; Jean-Marc Setier<\/strong><\/em><br \/>\n<span style=\"color: #5fb755;\"><strong>17:30<\/strong><\/span> R\u00e9v\u00e9ler les \u00e9motions derri\u00e8re les maux\/mots du corps<em> <strong>&#8211; Eglantine Soret-Goussiez<\/strong><\/em><\/p>\n","protected":false},"excerpt":{"rendered":"<p>Des conf\u00e9rences sont organis\u00e9es pour permettre au public de d\u00e9couvrir et mieux comprendre les m\u00e9thodes et les produits pr\u00e9sent\u00e9s sur le salon. Les conf\u00e9rences se tiennent dans les salles suivantes : Salle GRANDS DUCS Salle SAINT AUBIN Salle MAINE Vendredi 8 mars 11:30 Intelligence \u00e9motionnelle : comprendre ses \u00e9motions et am\u00e9liorer sa relation aux autres&hellip; <\/p>\n","protected":false},"author":6,"featured_media":0,"parent":0,"menu_order":0,"comment_status":"closed","ping_status":"closed","template":"","meta":{"_monsterinsights_skip_tracking":false,"_monsterinsights_sitenote_active":false,"_monsterinsights_sitenote_note":"","_monsterinsights_sitenote_category":0,"footnotes":""},"class_list":["post-10794","page","type-page","status-publish","hentry"],"yoast_head":"<!-- This site is optimized with the Yoast SEO plugin v27.3 - https:\/\/yoast.com\/product\/yoast-seo-wordpress\/ -->\n<title>Conf\u00e9rences 2024 - Z&amp;B Angers<\/title>\n<meta name=\"robots\" content=\"index, follow, max-snippet:-1, max-image-preview:large, max-video-preview:-1\" \/>\n<link rel=\"canonical\" href=\"https:\/\/www.salon-zenetbio.com\/angers\/conferences-2024\/\" \/>\n<meta property=\"og:locale\" content=\"fr_FR\" \/>\n<meta property=\"og:type\" content=\"article\" \/>\n<meta property=\"og:title\" content=\"Conf\u00e9rences 2024 - Z&amp;B Angers\" \/>\n<meta property=\"og:description\" content=\"Des conf\u00e9rences sont organis\u00e9es pour permettre au public de d\u00e9couvrir et mieux comprendre les m\u00e9thodes et les produits pr\u00e9sent\u00e9s sur le salon. Les conf\u00e9rences se tiennent dans les salles suivantes : Salle GRANDS DUCS Salle SAINT AUBIN Salle MAINE Vendredi 8 mars 11:30 Intelligence \u00e9motionnelle : comprendre ses \u00e9motions et am\u00e9liorer sa relation aux autres&hellip;\" \/>\n<meta property=\"og:url\" content=\"https:\/\/www.salon-zenetbio.com\/angers\/conferences-2024\/\" \/>\n<meta property=\"og:site_name\" content=\"Z&amp;B Angers\" \/>\n<meta name=\"twitter:card\" content=\"summary_large_image\" \/>\n<meta name=\"twitter:label1\" content=\"Dur\u00e9e de lecture estim\u00e9e\" \/>\n\t<meta name=\"twitter:data1\" content=\"1 minute\" \/>\n<script type=\"application\/ld+json\" class=\"yoast-schema-graph\">{\"@context\":\"https:\\\/\\\/schema.org\",\"@graph\":[{\"@type\":\"WebPage\",\"@id\":\"https:\\\/\\\/www.salon-zenetbio.com\\\/angers\\\/conferences-2024\\\/\",\"url\":\"https:\\\/\\\/www.salon-zenetbio.com\\\/angers\\\/conferences-2024\\\/\",\"name\":\"Conf\u00e9rences 2024 - Z&amp;B Angers\",\"isPartOf\":{\"@id\":\"https:\\\/\\\/www.salon-zenetbio.com\\\/angers\\\/#website\"},\"datePublished\":\"2024-11-12T10:20:12+00:00\",\"breadcrumb\":{\"@id\":\"https:\\\/\\\/www.salon-zenetbio.com\\\/angers\\\/conferences-2024\\\/#breadcrumb\"},\"inLanguage\":\"fr-FR\",\"potentialAction\":[{\"@type\":\"ReadAction\",\"target\":[\"https:\\\/\\\/www.salon-zenetbio.com\\\/angers\\\/conferences-2024\\\/\"]}]},{\"@type\":\"BreadcrumbList\",\"@id\":\"https:\\\/\\\/www.salon-zenetbio.com\\\/angers\\\/conferences-2024\\\/#breadcrumb\",\"itemListElement\":[{\"@type\":\"ListItem\",\"position\":1,\"name\":\"Accueil\",\"item\":\"https:\\\/\\\/www.salon-zenetbio.com\\\/angers\\\/\"},{\"@type\":\"ListItem\",\"position\":2,\"name\":\"Conf\u00e9rences 2024\"}]},{\"@type\":\"WebSite\",\"@id\":\"https:\\\/\\\/www.salon-zenetbio.com\\\/angers\\\/#website\",\"url\":\"https:\\\/\\\/www.salon-zenetbio.com\\\/angers\\\/\",\"name\":\"Z&amp;B Angers\",\"description\":\"Zen&amp;Bio Angers : votre salon \u00e9colo, bio, bien-\u00eatre et habitat sain\",\"publisher\":{\"@id\":\"https:\\\/\\\/www.salon-zenetbio.com\\\/angers\\\/#organization\"},\"potentialAction\":[{\"@type\":\"SearchAction\",\"target\":{\"@type\":\"EntryPoint\",\"urlTemplate\":\"https:\\\/\\\/www.salon-zenetbio.com\\\/angers\\\/?s={search_term_string}\"},\"query-input\":{\"@type\":\"PropertyValueSpecification\",\"valueRequired\":true,\"valueName\":\"search_term_string\"}}],\"inLanguage\":\"fr-FR\"},{\"@type\":\"Organization\",\"@id\":\"https:\\\/\\\/www.salon-zenetbio.com\\\/angers\\\/#organization\",\"name\":\"Z&amp;B Angers\",\"url\":\"https:\\\/\\\/www.salon-zenetbio.com\\\/angers\\\/\",\"logo\":{\"@type\":\"ImageObject\",\"inLanguage\":\"fr-FR\",\"@id\":\"https:\\\/\\\/www.salon-zenetbio.com\\\/angers\\\/#\\\/schema\\\/logo\\\/image\\\/\",\"url\":\"https:\\\/\\\/www.salon-zenetbio.com\\\/angers\\\/wp-content\\\/uploads\\\/sites\\\/8\\\/2025\\\/11\\\/cropped-Logo-ZEN-et-BIO-angers-2026.png\",\"contentUrl\":\"https:\\\/\\\/www.salon-zenetbio.com\\\/angers\\\/wp-content\\\/uploads\\\/sites\\\/8\\\/2025\\\/11\\\/cropped-Logo-ZEN-et-BIO-angers-2026.png\",\"width\":921,\"height\":255,\"caption\":\"Z&amp;B Angers\"},\"image\":{\"@id\":\"https:\\\/\\\/www.salon-zenetbio.com\\\/angers\\\/#\\\/schema\\\/logo\\\/image\\\/\"}}]}<\/script>\n<!-- \/ Yoast SEO plugin. -->","yoast_head_json":{"title":"Conf\u00e9rences 2024 - Z&amp;B Angers","robots":{"index":"index","follow":"follow","max-snippet":"max-snippet:-1","max-image-preview":"max-image-preview:large","max-video-preview":"max-video-preview:-1"},"canonical":"https:\/\/www.salon-zenetbio.com\/angers\/conferences-2024\/","og_locale":"fr_FR","og_type":"article","og_title":"Conf\u00e9rences 2024 - Z&amp;B Angers","og_description":"Des conf\u00e9rences sont organis\u00e9es pour permettre au public de d\u00e9couvrir et mieux comprendre les m\u00e9thodes et les produits pr\u00e9sent\u00e9s sur le salon. Les conf\u00e9rences se tiennent dans les salles suivantes : Salle GRANDS DUCS Salle SAINT AUBIN Salle MAINE Vendredi 8 mars 11:30 Intelligence \u00e9motionnelle : comprendre ses \u00e9motions et am\u00e9liorer sa relation aux autres&hellip;","og_url":"https:\/\/www.salon-zenetbio.com\/angers\/conferences-2024\/","og_site_name":"Z&amp;B Angers","twitter_card":"summary_large_image","twitter_misc":{"Dur\u00e9e de lecture estim\u00e9e":"1 minute"},"schema":{"@context":"https:\/\/schema.org","@graph":[{"@type":"WebPage","@id":"https:\/\/www.salon-zenetbio.com\/angers\/conferences-2024\/","url":"https:\/\/www.salon-zenetbio.com\/angers\/conferences-2024\/","name":"Conf\u00e9rences 2024 - Z&amp;B Angers","isPartOf":{"@id":"https:\/\/www.salon-zenetbio.com\/angers\/#website"},"datePublished":"2024-11-12T10:20:12+00:00","breadcrumb":{"@id":"https:\/\/www.salon-zenetbio.com\/angers\/conferences-2024\/#breadcrumb"},"inLanguage":"fr-FR","potentialAction":[{"@type":"ReadAction","target":["https:\/\/www.salon-zenetbio.com\/angers\/conferences-2024\/"]}]},{"@type":"BreadcrumbList","@id":"https:\/\/www.salon-zenetbio.com\/angers\/conferences-2024\/#breadcrumb","itemListElement":[{"@type":"ListItem","position":1,"name":"Accueil","item":"https:\/\/www.salon-zenetbio.com\/angers\/"},{"@type":"ListItem","position":2,"name":"Conf\u00e9rences 2024"}]},{"@type":"WebSite","@id":"https:\/\/www.salon-zenetbio.com\/angers\/#website","url":"https:\/\/www.salon-zenetbio.com\/angers\/","name":"Z&amp;B Angers","description":"Zen&amp;Bio Angers : votre salon \u00e9colo, bio, bien-\u00eatre et habitat sain","publisher":{"@id":"https:\/\/www.salon-zenetbio.com\/angers\/#organization"},"potentialAction":[{"@type":"SearchAction","target":{"@type":"EntryPoint","urlTemplate":"https:\/\/www.salon-zenetbio.com\/angers\/?s={search_term_string}"},"query-input":{"@type":"PropertyValueSpecification","valueRequired":true,"valueName":"search_term_string"}}],"inLanguage":"fr-FR"},{"@type":"Organization","@id":"https:\/\/www.salon-zenetbio.com\/angers\/#organization","name":"Z&amp;B Angers","url":"https:\/\/www.salon-zenetbio.com\/angers\/","logo":{"@type":"ImageObject","inLanguage":"fr-FR","@id":"https:\/\/www.salon-zenetbio.com\/angers\/#\/schema\/logo\/image\/","url":"https:\/\/www.salon-zenetbio.com\/angers\/wp-content\/uploads\/sites\/8\/2025\/11\/cropped-Logo-ZEN-et-BIO-angers-2026.png","contentUrl":"https:\/\/www.salon-zenetbio.com\/angers\/wp-content\/uploads\/sites\/8\/2025\/11\/cropped-Logo-ZEN-et-BIO-angers-2026.png","width":921,"height":255,"caption":"Z&amp;B Angers"},"image":{"@id":"https:\/\/www.salon-zenetbio.com\/angers\/#\/schema\/logo\/image\/"}}]}},"_links":{"self":[{"href":"https:\/\/www.salon-zenetbio.com\/angers\/wp-json\/wp\/v2\/pages\/10794","targetHints":{"allow":["GET"]}}],"collection":[{"href":"https:\/\/www.salon-zenetbio.com\/angers\/wp-json\/wp\/v2\/pages"}],"about":[{"href":"https:\/\/www.salon-zenetbio.com\/angers\/wp-json\/wp\/v2\/types\/page"}],"author":[{"embeddable":true,"href":"https:\/\/www.salon-zenetbio.com\/angers\/wp-json\/wp\/v2\/users\/6"}],"replies":[{"embeddable":true,"href":"https:\/\/www.salon-zenetbio.com\/angers\/wp-json\/wp\/v2\/comments?post=10794"}],"version-history":[{"count":0,"href":"https:\/\/www.salon-zenetbio.com\/angers\/wp-json\/wp\/v2\/pages\/10794\/revisions"}],"wp:attachment":[{"href":"https:\/\/www.salon-zenetbio.com\/angers\/wp-json\/wp\/v2\/media?parent=10794"}],"curies":[{"name":"wp","href":"https:\/\/api.w.org\/{rel}","templated":true}]}}