{"id":12049,"date":"2025-11-28T15:38:31","date_gmt":"2025-11-28T14:38:31","guid":{"rendered":"https:\/\/www.salon-zenetbio.com\/angers\/?page_id=12049"},"modified":"2025-11-28T15:38:31","modified_gmt":"2025-11-28T14:38:31","slug":"conferences-2025","status":"publish","type":"page","link":"https:\/\/www.salon-zenetbio.com\/angers\/conferences-2025\/","title":{"rendered":"Conf\u00e9rences 2025"},"content":{"rendered":"<p style=\"text-align: justify;\">Des conf\u00e9rences sont organis\u00e9es pour permettre au public de d\u00e9couvrir et mieux comprendre les m\u00e9thodes et les produits pr\u00e9sent\u00e9s sur le salon.<\/p>\n<p><span style=\"color: #d783ff;\"><strong><span style=\"color: #3e8d27;\">Salle NATURE<\/span><br \/>\nSalle HARMONIE<\/strong><\/span><br \/>\n<span style=\"color: #ff9300;\"><strong>Salle VITALIT\u00c9<\/strong><\/span><\/p>\n<h2>Vendredi 28 mars<\/h2>\n<p><span style=\"color: #d783ff;\"><strong>11:00 <\/strong><\/span>D\u00e9toxifier et min\u00e9raliser son organisme gr\u00e2ce au jus de l\u00e9gumes<em><strong> &#8211; <\/strong><strong>Astrid Bonneman<\/strong><\/em><span style=\"color: #ff9301;\"><strong><br \/>\n11:00 <\/strong><\/span>Un secret de long\u00e9vit\u00e9 venu du Japon <strong><em>&#8211; Miralda Medina<\/em><\/strong><span style=\"color: #3e8d27;\"><strong><br \/>\n11:30<\/strong><\/span> Les \u00e9pices, ces fabuleuses plantes m\u00e9dicinales <em><strong>&#8211; Genevi\u00e8ve Martin Callede<\/strong><\/em><br \/>\n<span style=\"color: #d783ff;\"><strong>12:00<\/strong><\/span> Comment agir contre les tensions musculaires de la t\u00eate, de la nuque et du dos ? <em><strong>&#8211; Alfred Pfenning<br \/>\n<\/strong><\/em><span style=\"color: #f89303;\"><strong>12:00<\/strong><\/span> Comment se lib\u00e9rer des sch\u00e9mas r\u00e9p\u00e9titifs et transg\u00e9n\u00e9rationnels ? <em><strong>&#8211; Marie-Rose et Pascal Gontier<\/strong><\/em><br \/>\n<span style=\"color: #3e8d27;\"><strong>13:00<\/strong><\/span> Les m\u00e9taux lourds : origines, incidences, mesures et solutions<em> <strong>&#8211; Armand Quantum<\/strong><\/em><br \/>\n<span style=\"color: #d783ff;\"><strong>13:00<\/strong><\/span> Bienfaits des min\u00e9raux, gemmologie <em><strong>&#8211; Jean-Claude Kennedec<\/strong><\/em><br \/>\n<span style=\"color: #f89303;\"><strong>13:00<\/strong><\/span> L\u2019eau et ses pollutions : la solution naturelle de filtration dynamisation Amilo <em><strong>&#8211; Jo\u00eblle Fernandez<\/strong><\/em><br \/>\n<span style=\"color: #3e8d27;\"><strong>14:00<\/strong><\/span> Retrouver son enfant int\u00e9rieur, la R\u00e9silience : gu\u00e9rir le pass\u00e9 pour vivre pleinement l\u2019instant pr\u00e9sent<em> <strong>&#8211; H\u00e9l\u00e8ne Girardin<\/strong><\/em><br \/>\n<span style=\"color: #d783ff;\"><strong>14:00<\/strong><\/span> Les plantes sauvages au secours de nos douleurs et de notre sant\u00e9 <em><strong>&#8211; Jean-P\u00f4l Clesse<\/strong><\/em><br \/>\n<span style=\"color: #f89303;\"><strong>14:00<\/strong><\/span> La num\u00e9rologie de la Chrysalide : d\u00e9couvrez votre potentiel cach\u00e9<em><strong> &#8211; M\u00e9lina Barbaud et \u00c9ric Plu<\/strong><\/em><br \/>\n<span style=\"color: #3e8d27;\"><strong>15:00<\/strong><\/span> Adapter son jardin nourricier au changement climatique<em><strong> &#8211; Fr\u00e9d\u00e9ric Fortin<\/strong><\/em><br \/>\n<span style=\"color: #d783ff;\"><strong>15:00<\/strong><\/span> Nettoyer, harmoniser son habitat pour transformer l&rsquo;\u00e9nergie de son lieu de vie <em><strong>&#8211; Fr\u00e9d\u00e9rique Delhomais<\/strong><\/em><br \/>\n<span style=\"color: #f89303;\"><strong>15:00<\/strong><\/span> La nature, notre v\u00e9ritable ADN : argile, s\u00e8ve de bouleau, eau de mer, plasma marin<em> <strong>&#8211; Gr\u00e9goire Cadeau<\/strong><\/em><br \/>\n<span style=\"color: #d783ff;\"><strong>16:00<\/strong><\/span> Comment se lib\u00e9rer de sa charge \u00e9motionnelle avec l\u2019hypnose ma\u00efeutique ? <em><strong>&#8211; Ga\u00eblle Denaeyer<\/strong><\/em><br \/>\n<span style=\"color: #f89303;\"><strong>16:00<\/strong><\/span> Transformez votre vie : gu\u00e9rissez vos traumas et lib\u00e9rez votre plein potentiel gr\u00e2ce aux accords tolt\u00e8ques <em><strong>&#8211; H\u00e9l\u00e8ne Girardin<\/strong><\/em><br \/>\n<span style=\"color: #3e8d27;\"><strong>16:30<\/strong><\/span> Les principes de base de la th\u00e9rapie quantique et les applications<em> <strong>&#8211; Alban Sauques<\/strong><\/em><br \/>\n<span style=\"color: #d783ff;\"><strong>17:00<\/strong><\/span> Des cl\u00e9s pour votre sant\u00e9 : la g\u00e9obiologie pour un habitat sain <em><strong>&#8211; Roland Fernandez<br \/>\n<\/strong><\/em><span style=\"color: #f89303;\"><strong>17:00 <\/strong><\/span>La pens\u00e9e positive et la loi d\u2019attraction par les \u00e9nergies des lettres berb\u00e8res<em><strong> &#8211; Ben Azri<\/strong><\/em><br \/>\n<span style=\"color: #3e8d27;\"><strong>17:30<\/strong><\/span> Incroyable pouvoir de l&rsquo;acupuncture ! Quelle acupuncture pour am\u00e9liorer la sant\u00e9 au quotidien ? <em><strong>&#8211; Hwang Chang<\/strong><\/em><\/p>\n<h2>Samedi 29 mars<\/h2>\n<p><span style=\"color: #d783ff;\"><strong> 11:00<\/strong><\/span> Honorer son IVG et se lib\u00e9rer <em><strong>&#8211; Sarah Guionie<\/strong><\/em><br \/>\n<span style=\"color: #f89303;\"><strong>11:00<\/strong><\/span> Nettoyer, harmoniser son habitat pour transformer l&rsquo;\u00e9nergie de son lieu de vie<em><strong> &#8211; Fr\u00e9d\u00e9rique Delhomais<\/strong><\/em><br \/>\n<span style=\"color: #3e8d27;\"><strong>11:30<\/strong><\/span> La sophrologie avec les enfants et les adolescents : une aide pr\u00e9cieuse au quotidien<em><strong> &#8211; Laurence Le Henry<\/strong><\/em><br \/>\n<span style=\"color: #d783ff;\"><strong>12:00<\/strong><\/span> Le stress, ce n\u2019est pas que dans la t\u00eate<em><strong> &#8211; Marine Montr\u00e9sor<\/strong><\/em><br \/>\n<span style=\"color: #f89303;\"><strong>12:00<\/strong><\/span> D\u00e9couverte des super-aliments <em><strong>&#8211; C\u00e9line Fauvel<\/strong><\/em><br \/>\n<span style=\"color: #3e8d27;\"><strong>13:00<\/strong><\/span> Bienfaits des min\u00e9raux, gemmologie <em><strong>&#8211; Jean-Claude Kennedec<\/strong><\/em><br \/>\n<span style=\"color: #d783ff;\"><strong>13:00<\/strong><\/span> Les plantes sauvages au secours de nos douleurs et de notre sant\u00e9 <em><strong>&#8211; Jean-P\u00f4l Clesse<\/strong><\/em><br \/>\n<span style=\"color: #f89303;\"><strong>13:00<\/strong><\/span> Les m\u00e9taux lourds : origines, incidences, mesures et solutions <em><strong>&#8211; Armand Quantum<\/strong><\/em><br \/>\n<span style=\"color: #3e8d27;\"><strong>14:00<\/strong><\/span> Retrouver son enfant int\u00e9rieur, la R\u00e9silience : gu\u00e9rir le pass\u00e9 pour vivre pleinement l\u2019instant pr\u00e9sent<em> <strong>&#8211; H\u00e9l\u00e8ne Girardin<\/strong><\/em><br \/>\n<span style=\"color: #d783ff;\"><strong>14:00<\/strong><\/span> La num\u00e9rologie de la Chrysalide : d\u00e9couvrez votre potentiel cach\u00e9 <em><strong>&#8211; M\u00e9lina Barbaud et \u00c9ric Plu<\/strong><\/em><br \/>\n<span style=\"color: #f89303;\"><strong>14:00<\/strong><\/span> Cellules souches porteuses d\u2019immortalit\u00e9 <em><strong>&#8211; Jacques Prunier<\/strong><\/em><br \/>\n<span style=\"color: #3e8d27;\"><strong>15:00<\/strong><\/span> Et si la sant\u00e9 des hommes \u00e9tait d\u00e9pendante de la sant\u00e9 des sols qu\u2019ils cultivent, des animaux dont ils se nourrissent ?<em> <strong>&#8211; Pierre Weil<\/strong><\/em><br \/>\n<span style=\"color: #d783ff;\"><strong>15:00<\/strong><\/span> Des cl\u00e9s pour votre sant\u00e9 : la g\u00e9obiologie pour un habitat sain <em><strong>&#8211; Roland Fernandez<\/strong><\/em><br \/>\n<span style=\"color: #f89303;\"><strong>15:00<\/strong><\/span> La nature, notre v\u00e9ritable ADN : argile, s\u00e8ve de bouleau, eau de mer, plasma marin <em><strong>&#8211; Gr\u00e9goire Cadeau<\/strong><\/em><br \/>\n<span style=\"color: #d783ff;\"><strong>16:00<\/strong><\/span> Comment agir contre les tensions musculaires de la t\u00eate, de la nuque et du dos ? <em><strong>&#8211; Alfred Pfenning<\/strong><\/em><br \/>\n<span style=\"color: #f89303;\"><strong>16:00<\/strong><\/span> L\u2019eau et ses pollutions : la solution naturelle de filtration dynamisation Amilo<em><strong> &#8211; Jo\u00eblle Fernandez<\/strong><\/em><br \/>\n<span style=\"color: #3e8d27;\"><strong>16:30<\/strong><\/span> Soulager les sympt\u00f4mes par la lecture biologique<em> <strong>&#8211; Nicolas Panouill\u00e8res<\/strong><\/em><br \/>\n<span style=\"color: #d783ff;\"><strong>17:00<\/strong><\/span> Levons les tabous en sant\u00e9 mentale <em><strong>&#8211; H\u00e9l\u00e9ne Clavreul<\/strong><\/em><br \/>\n<span style=\"color: #f89303;\"><strong>17:00<\/strong><\/span> Pourquoi filtrer son eau de boisson en 2025 ? Comprendre la filtration et solution simple accessible \u00e0 tous <em><strong>&#8211; Guillaume Danguiral<\/strong><\/em><br \/>\n<span style=\"color: #3e8d27;\"><strong>17:30<\/strong><\/span> Transformez votre vie : gu\u00e9rissez vos traumas et lib\u00e9rez votre plein potentiel gr\u00e2ce aux accords tolt\u00e8ques <em><strong>&#8211; H\u00e9l\u00e8ne Girardin<\/strong><\/em><br \/>\n<span style=\"color: #d783ff;\"><strong>18:00<\/strong><\/span> Comment se lib\u00e9rer de sa charge \u00e9motionnelle avec l\u2019hypnose ma\u00efeutique ?<em> <strong>&#8211; Ga\u00eblle Denaeyer<\/strong><\/em><br \/>\n<span style=\"color: #f89303;\"><strong>18:00<\/strong><\/span> Les bienfaits de la sophrologie<em> <strong>&#8211; Fr\u00e9d\u00e9ric Marchand<\/strong><\/em><\/p>\n<h2>Dimanche 30 mars<\/h2>\n<p><span style=\"color: #d783ff;\"><strong> 11:00<\/strong><\/span> Les principes de base de la th\u00e9rapie quantique et les applications <em><strong>&#8211; Alban Sauques<\/strong><\/em><br \/>\n<span style=\"color: #f89303;\"><strong>11:00<\/strong><\/span> Orge germ\u00e9e : sant\u00e9, beaut\u00e9 et vitalit\u00e9<em> <strong>&#8211; Fran\u00e7oise de Coatgoureden<\/strong><\/em><br \/>\n<span style=\"color: #3e8d27;\"><strong>11:30<\/strong><\/span> Qui ? Quand ? Pourquoi consulter un ost\u00e9opathe ? <em><strong>&#8211; Edouard Berthelot<\/strong><\/em><br \/>\n<span style=\"color: #d783ff;\"><strong>12:00<\/strong><\/span> Comment agir contre les tensions musculaires de la t\u00eate, de la nuque et du dos ? <em><strong>&#8211; Alfred Pfenning<\/strong><\/em><br \/>\n<span style=\"color: #f89303;\"><strong>12:00<\/strong><\/span> Pourquoi filtrer son eau de boisson en 2025 ? Comprendre la filtration et solution simple accessible \u00e0 tous <em><strong>&#8211; Guillaume Danguiral<\/strong><\/em><br \/>\n<span style=\"color: #3e8d27;\"><strong>13:00<\/strong><\/span> Les m\u00e9taux lourds : origines, incidences, mesures et solutions<em><strong> &#8211; Armand Quantum<\/strong><\/em><br \/>\n<span style=\"color: #d783ff;\"><strong>13:00<\/strong><\/span> La nature, notre v\u00e9ritable ADN : argile, s\u00e8ve de bouleau, eau de mer, plasma marin <em><strong>&#8211; Gr\u00e9goire Cadeau<\/strong><\/em><br \/>\n<span style=\"color: #f89303;\"><strong>13:00<\/strong><\/span> Retrouver son enfant int\u00e9rieur, la R\u00e9silience : gu\u00e9rir le pass\u00e9 pour vivre pleinement l\u2019instant pr\u00e9sent <em><strong>&#8211; H\u00e9l\u00e8ne Girardin<\/strong><\/em><br \/>\n<span style=\"color: #3e8d27;\"><strong>14:00<\/strong><\/span> L\u2019eau et ses pollutions : la solution naturelle de filtration dynamisation Amilo<em><strong> &#8211; Jo\u00eblle Fernandez<\/strong><\/em><br \/>\n<span style=\"color: #d783ff;\"><strong>14:00<\/strong><\/span> Le burn-out, une porte vers un changement de vie <em><strong>&#8211; Julie Varin<\/strong><\/em><br \/>\n<span style=\"color: #f89303;\"><strong>14:00<\/strong><\/span> La num\u00e9rologie de la Chrysalide : d\u00e9couvrez votre potentiel cach\u00e9 <em><strong>&#8211; M\u00e9lina Barbaud et \u00c9ric Plu<\/strong><\/em><br \/>\n<span style=\"color: #3e8d27;\"><strong>15:00<\/strong><\/span> La meilleure fa\u00e7on de respirer <em><strong>&#8211; Jean-Marie Defossez<\/strong><\/em><br \/>\n<span style=\"color: #d783ff;\"><strong>15:00<\/strong><\/span> D\u00e9couverte des super-aliments <em><strong>&#8211; C\u00e9line Fauvel<\/strong><\/em><br \/>\n<span style=\"color: #f89303;\"><strong>15:00<\/strong><\/span> Les plantes sauvages au secours de nos douleurs et de notre sant\u00e9<em><strong> &#8211; Jean-P\u00f4l Clesse<\/strong><\/em><br \/>\n<span style=\"color: #d783ff;\"><strong>16:00<\/strong><\/span> Transformez votre vie : gu\u00e9rissez vos traumas et lib\u00e9rez votre plein potentiel gr\u00e2ce aux accords tolt\u00e8ques <em><strong>&#8211; H\u00e9l\u00e8ne Girardin<\/strong><\/em><br \/>\n<span style=\"color: #f89303;\"><strong>16:00<\/strong><\/span> Des cl\u00e9s pour votre sant\u00e9 : la g\u00e9obiologie pour un habitat sain <em><strong>&#8211; Roland Fernandez<br \/>\n<\/strong><\/em><strong><span style=\"color: #3e8d27;\">16:30<\/span><\/strong> La m\u00e9thode Bol d&rsquo;Air Jacquier : une source naturelle d&rsquo;\u00e9nergie et de vitalit\u00e9 <em><strong>&#8211; Sophie-Caroline Chancel<\/strong><\/em><br \/>\n<span style=\"color: #d783ff;\"><strong>17:00<\/strong><\/span> Prendre conscience de l&rsquo;incarnation de son \u00e2me et de son chemin de vie <em><strong>&#8211; Corinne Soares<\/strong><\/em><\/p>\n<p>&nbsp;<\/p>\n<hr \/>\n<p><a href=\"https:\/\/www.salon-zenetbio.com\/angers\/conferences-2024\/\" target=\"_blank\" rel=\"noopener\"><em>Consultez le programme de l&rsquo;\u00e9dition 2024<\/em><\/a><br \/>\n<a href=\"https:\/\/www.salon-zenetbio.com\/angers\/conferences-2023\/\" target=\"_blank\" rel=\"noopener\"><em>Consultez le programme de l&rsquo;\u00e9dition 2023<\/em><\/a><br \/>\n<a href=\"https:\/\/www.salon-zenetbio.com\/angers\/conferences-2022\/\" target=\"_blank\" rel=\"noopener\"><em>Consultez le programme de l&rsquo;\u00e9dition 2022<\/em><\/a><br \/>\n<a href=\"http:\/\/www.salon-zenetbio.com\/angers\/conferences-2020\/\" target=\"_blank\" rel=\"noopener\"><em>Consultez le programme de l&rsquo;\u00e9dition 2020<\/em><\/a><br \/>\n<a href=\"http:\/\/www.salon-zenetbio.com\/angers\/conferences-2019\/\" target=\"_blank\" rel=\"noopener noreferrer\"><em>Consultez le programme de l&rsquo;\u00e9dition 2019<\/em><\/a><\/p>\n","protected":false},"excerpt":{"rendered":"<p>Des conf\u00e9rences sont organis\u00e9es pour permettre au public de d\u00e9couvrir et mieux comprendre les m\u00e9thodes et les produits pr\u00e9sent\u00e9s sur le salon. Salle NATURE Salle HARMONIE Salle VITALIT\u00c9 Vendredi 28 mars 11:00 D\u00e9toxifier et min\u00e9raliser son organisme gr\u00e2ce au jus de l\u00e9gumes &#8211; Astrid Bonneman 11:00 Un secret de long\u00e9vit\u00e9 venu du Japon &#8211; Miralda&hellip; <\/p>\n","protected":false},"author":6,"featured_media":0,"parent":0,"menu_order":0,"comment_status":"closed","ping_status":"closed","template":"","meta":{"_monsterinsights_skip_tracking":false,"_monsterinsights_sitenote_active":false,"_monsterinsights_sitenote_note":"","_monsterinsights_sitenote_category":0,"footnotes":""},"class_list":["post-12049","page","type-page","status-publish","hentry"],"yoast_head":"<!-- This site is optimized with the Yoast SEO plugin v27.3 - https:\/\/yoast.com\/product\/yoast-seo-wordpress\/ -->\n<title>Conf\u00e9rences 2025 - Z&amp;B Angers<\/title>\n<meta name=\"robots\" content=\"index, follow, max-snippet:-1, max-image-preview:large, max-video-preview:-1\" \/>\n<link rel=\"canonical\" href=\"https:\/\/www.salon-zenetbio.com\/angers\/conferences-2025\/\" \/>\n<meta property=\"og:locale\" content=\"fr_FR\" \/>\n<meta property=\"og:type\" content=\"article\" \/>\n<meta property=\"og:title\" content=\"Conf\u00e9rences 2025 - Z&amp;B Angers\" \/>\n<meta property=\"og:description\" content=\"Des conf\u00e9rences sont organis\u00e9es pour permettre au public de d\u00e9couvrir et mieux comprendre les m\u00e9thodes et les produits pr\u00e9sent\u00e9s sur le salon. Salle NATURE Salle HARMONIE Salle VITALIT\u00c9 Vendredi 28 mars 11:00 D\u00e9toxifier et min\u00e9raliser son organisme gr\u00e2ce au jus de l\u00e9gumes &#8211; Astrid Bonneman 11:00 Un secret de long\u00e9vit\u00e9 venu du Japon &#8211; Miralda&hellip;\" \/>\n<meta property=\"og:url\" content=\"https:\/\/www.salon-zenetbio.com\/angers\/conferences-2025\/\" \/>\n<meta property=\"og:site_name\" content=\"Z&amp;B Angers\" \/>\n<meta name=\"twitter:card\" content=\"summary_large_image\" \/>\n<meta name=\"twitter:label1\" content=\"Dur\u00e9e de lecture estim\u00e9e\" \/>\n\t<meta name=\"twitter:data1\" content=\"5 minutes\" \/>\n<script type=\"application\/ld+json\" class=\"yoast-schema-graph\">{\"@context\":\"https:\\\/\\\/schema.org\",\"@graph\":[{\"@type\":\"WebPage\",\"@id\":\"https:\\\/\\\/www.salon-zenetbio.com\\\/angers\\\/conferences-2025\\\/\",\"url\":\"https:\\\/\\\/www.salon-zenetbio.com\\\/angers\\\/conferences-2025\\\/\",\"name\":\"Conf\u00e9rences 2025 - Z&amp;B Angers\",\"isPartOf\":{\"@id\":\"https:\\\/\\\/www.salon-zenetbio.com\\\/angers\\\/#website\"},\"datePublished\":\"2025-11-28T14:38:31+00:00\",\"breadcrumb\":{\"@id\":\"https:\\\/\\\/www.salon-zenetbio.com\\\/angers\\\/conferences-2025\\\/#breadcrumb\"},\"inLanguage\":\"fr-FR\",\"potentialAction\":[{\"@type\":\"ReadAction\",\"target\":[\"https:\\\/\\\/www.salon-zenetbio.com\\\/angers\\\/conferences-2025\\\/\"]}]},{\"@type\":\"BreadcrumbList\",\"@id\":\"https:\\\/\\\/www.salon-zenetbio.com\\\/angers\\\/conferences-2025\\\/#breadcrumb\",\"itemListElement\":[{\"@type\":\"ListItem\",\"position\":1,\"name\":\"Accueil\",\"item\":\"https:\\\/\\\/www.salon-zenetbio.com\\\/angers\\\/\"},{\"@type\":\"ListItem\",\"position\":2,\"name\":\"Conf\u00e9rences 2025\"}]},{\"@type\":\"WebSite\",\"@id\":\"https:\\\/\\\/www.salon-zenetbio.com\\\/angers\\\/#website\",\"url\":\"https:\\\/\\\/www.salon-zenetbio.com\\\/angers\\\/\",\"name\":\"Z&amp;B Angers\",\"description\":\"Zen&amp;Bio Angers : votre salon \u00e9colo, bio, bien-\u00eatre et habitat sain\",\"publisher\":{\"@id\":\"https:\\\/\\\/www.salon-zenetbio.com\\\/angers\\\/#organization\"},\"potentialAction\":[{\"@type\":\"SearchAction\",\"target\":{\"@type\":\"EntryPoint\",\"urlTemplate\":\"https:\\\/\\\/www.salon-zenetbio.com\\\/angers\\\/?s={search_term_string}\"},\"query-input\":{\"@type\":\"PropertyValueSpecification\",\"valueRequired\":true,\"valueName\":\"search_term_string\"}}],\"inLanguage\":\"fr-FR\"},{\"@type\":\"Organization\",\"@id\":\"https:\\\/\\\/www.salon-zenetbio.com\\\/angers\\\/#organization\",\"name\":\"Z&amp;B Angers\",\"url\":\"https:\\\/\\\/www.salon-zenetbio.com\\\/angers\\\/\",\"logo\":{\"@type\":\"ImageObject\",\"inLanguage\":\"fr-FR\",\"@id\":\"https:\\\/\\\/www.salon-zenetbio.com\\\/angers\\\/#\\\/schema\\\/logo\\\/image\\\/\",\"url\":\"https:\\\/\\\/www.salon-zenetbio.com\\\/angers\\\/wp-content\\\/uploads\\\/sites\\\/8\\\/2025\\\/11\\\/cropped-Logo-ZEN-et-BIO-angers-2026.png\",\"contentUrl\":\"https:\\\/\\\/www.salon-zenetbio.com\\\/angers\\\/wp-content\\\/uploads\\\/sites\\\/8\\\/2025\\\/11\\\/cropped-Logo-ZEN-et-BIO-angers-2026.png\",\"width\":921,\"height\":255,\"caption\":\"Z&amp;B Angers\"},\"image\":{\"@id\":\"https:\\\/\\\/www.salon-zenetbio.com\\\/angers\\\/#\\\/schema\\\/logo\\\/image\\\/\"}}]}<\/script>\n<!-- \/ Yoast SEO plugin. -->","yoast_head_json":{"title":"Conf\u00e9rences 2025 - Z&amp;B Angers","robots":{"index":"index","follow":"follow","max-snippet":"max-snippet:-1","max-image-preview":"max-image-preview:large","max-video-preview":"max-video-preview:-1"},"canonical":"https:\/\/www.salon-zenetbio.com\/angers\/conferences-2025\/","og_locale":"fr_FR","og_type":"article","og_title":"Conf\u00e9rences 2025 - Z&amp;B Angers","og_description":"Des conf\u00e9rences sont organis\u00e9es pour permettre au public de d\u00e9couvrir et mieux comprendre les m\u00e9thodes et les produits pr\u00e9sent\u00e9s sur le salon. Salle NATURE Salle HARMONIE Salle VITALIT\u00c9 Vendredi 28 mars 11:00 D\u00e9toxifier et min\u00e9raliser son organisme gr\u00e2ce au jus de l\u00e9gumes &#8211; Astrid Bonneman 11:00 Un secret de long\u00e9vit\u00e9 venu du Japon &#8211; Miralda&hellip;","og_url":"https:\/\/www.salon-zenetbio.com\/angers\/conferences-2025\/","og_site_name":"Z&amp;B Angers","twitter_card":"summary_large_image","twitter_misc":{"Dur\u00e9e de lecture estim\u00e9e":"5 minutes"},"schema":{"@context":"https:\/\/schema.org","@graph":[{"@type":"WebPage","@id":"https:\/\/www.salon-zenetbio.com\/angers\/conferences-2025\/","url":"https:\/\/www.salon-zenetbio.com\/angers\/conferences-2025\/","name":"Conf\u00e9rences 2025 - Z&amp;B Angers","isPartOf":{"@id":"https:\/\/www.salon-zenetbio.com\/angers\/#website"},"datePublished":"2025-11-28T14:38:31+00:00","breadcrumb":{"@id":"https:\/\/www.salon-zenetbio.com\/angers\/conferences-2025\/#breadcrumb"},"inLanguage":"fr-FR","potentialAction":[{"@type":"ReadAction","target":["https:\/\/www.salon-zenetbio.com\/angers\/conferences-2025\/"]}]},{"@type":"BreadcrumbList","@id":"https:\/\/www.salon-zenetbio.com\/angers\/conferences-2025\/#breadcrumb","itemListElement":[{"@type":"ListItem","position":1,"name":"Accueil","item":"https:\/\/www.salon-zenetbio.com\/angers\/"},{"@type":"ListItem","position":2,"name":"Conf\u00e9rences 2025"}]},{"@type":"WebSite","@id":"https:\/\/www.salon-zenetbio.com\/angers\/#website","url":"https:\/\/www.salon-zenetbio.com\/angers\/","name":"Z&amp;B Angers","description":"Zen&amp;Bio Angers : votre salon \u00e9colo, bio, bien-\u00eatre et habitat sain","publisher":{"@id":"https:\/\/www.salon-zenetbio.com\/angers\/#organization"},"potentialAction":[{"@type":"SearchAction","target":{"@type":"EntryPoint","urlTemplate":"https:\/\/www.salon-zenetbio.com\/angers\/?s={search_term_string}"},"query-input":{"@type":"PropertyValueSpecification","valueRequired":true,"valueName":"search_term_string"}}],"inLanguage":"fr-FR"},{"@type":"Organization","@id":"https:\/\/www.salon-zenetbio.com\/angers\/#organization","name":"Z&amp;B Angers","url":"https:\/\/www.salon-zenetbio.com\/angers\/","logo":{"@type":"ImageObject","inLanguage":"fr-FR","@id":"https:\/\/www.salon-zenetbio.com\/angers\/#\/schema\/logo\/image\/","url":"https:\/\/www.salon-zenetbio.com\/angers\/wp-content\/uploads\/sites\/8\/2025\/11\/cropped-Logo-ZEN-et-BIO-angers-2026.png","contentUrl":"https:\/\/www.salon-zenetbio.com\/angers\/wp-content\/uploads\/sites\/8\/2025\/11\/cropped-Logo-ZEN-et-BIO-angers-2026.png","width":921,"height":255,"caption":"Z&amp;B Angers"},"image":{"@id":"https:\/\/www.salon-zenetbio.com\/angers\/#\/schema\/logo\/image\/"}}]}},"_links":{"self":[{"href":"https:\/\/www.salon-zenetbio.com\/angers\/wp-json\/wp\/v2\/pages\/12049","targetHints":{"allow":["GET"]}}],"collection":[{"href":"https:\/\/www.salon-zenetbio.com\/angers\/wp-json\/wp\/v2\/pages"}],"about":[{"href":"https:\/\/www.salon-zenetbio.com\/angers\/wp-json\/wp\/v2\/types\/page"}],"author":[{"embeddable":true,"href":"https:\/\/www.salon-zenetbio.com\/angers\/wp-json\/wp\/v2\/users\/6"}],"replies":[{"embeddable":true,"href":"https:\/\/www.salon-zenetbio.com\/angers\/wp-json\/wp\/v2\/comments?post=12049"}],"version-history":[{"count":1,"href":"https:\/\/www.salon-zenetbio.com\/angers\/wp-json\/wp\/v2\/pages\/12049\/revisions"}],"predecessor-version":[{"id":12050,"href":"https:\/\/www.salon-zenetbio.com\/angers\/wp-json\/wp\/v2\/pages\/12049\/revisions\/12050"}],"wp:attachment":[{"href":"https:\/\/www.salon-zenetbio.com\/angers\/wp-json\/wp\/v2\/media?parent=12049"}],"curies":[{"name":"wp","href":"https:\/\/api.w.org\/{rel}","templated":true}]}}