{"id":12052,"date":"2025-11-28T15:42:19","date_gmt":"2025-11-28T14:42:19","guid":{"rendered":"https:\/\/www.salon-zenetbio.com\/angers\/?page_id=12052"},"modified":"2025-11-28T15:42:19","modified_gmt":"2025-11-28T14:42:19","slug":"ateliers-bien-etre-2025","status":"publish","type":"page","link":"https:\/\/www.salon-zenetbio.com\/angers\/ateliers-bien-etre-2025\/","title":{"rendered":"Ateliers bien-\u00eatre 2025"},"content":{"rendered":"<p>Tous les jours, exp\u00e9rimentez la m\u00e9ditation, le yoga, la danse cr\u00e9ative, la sophrologie, l\u2019hypnose, etc. Une occasion de tester ces techniques et de dialoguer avec des praticiens de bien-\u00eatre.<\/p>\n<p><span style=\"color: #3f8f92;\"><strong>ESPACE \u00c9VEIL<\/strong><\/span><\/p>\n<h2>Vendredi 28 mars<\/h2>\n<p><span style=\"color: #3f8f92;\"><strong>11:00 <\/strong><\/span>Mouvement de b\u00e2tons Qian Kun <strong><em>&#8211; M\u00e9lanie Bouvret<br \/>\n<\/em><span style=\"color: #3f8f92;\">12:00 <\/span><\/strong>Bienfaits du curcuma et du gingembre au quotidien <strong><em>&#8211; Yasmine Maylin<br \/>\n<\/em><span style=\"color: #3f8f92;\">14:00 <\/span><\/strong>Apprendre \u00e0 lib\u00e9rer les tensions du quotidien avec l\u2019auto-r\u00e9flexologie palmaire et la sophrologie <strong><em>&#8211; Caroline Dierickx \u00a0et Camille de Lambilly<br \/>\n<\/em><\/strong><span style=\"color: #3f8f92;\"><strong>15:00 <\/strong><\/span>Adoptez les secrets d\u2019hydratation du Japon et transformez votre sant\u00e9 au quotidien ! <strong><em>&#8211; Miralda Medina<\/em><\/strong><span style=\"color: #3f8f92;\"><strong><br \/>\n16:00<\/strong><\/span> Activez la magie de votre habitat ! <em><strong>&#8211; V\u00e9ronique Robaglia<\/strong><\/em><br \/>\n<span style=\"color: #3f8f92;\"><strong>18:00<\/strong><\/span> Honorer son IVG en toute sororit\u00e9 <em><strong>&#8211; Sarah Guionie<\/strong><\/em><\/p>\n<h2>Samedi 29 mars<\/h2>\n<p><span style=\"color: #3f8f92;\"><strong> 11:00<\/strong><\/span> La roue de la vie : un outil pour s&rsquo;autocoacher <em><strong>&#8211; Julie Varin<\/strong><\/em><br \/>\n<span style=\"color: #3f8f92;\"><strong>12:00<\/strong><\/span> Pratique de l&rsquo;\u00e9coute intuitive via le r\u00e8gne min\u00e9ral et sa g\u00e9om\u00e9trie sacr\u00e9e, vivante ! <em><strong>&#8211; K-rol Mondon<\/strong><\/em><br \/>\n<span style=\"color: #3f8f92;\"><strong>13:00<\/strong><\/span> Rep\u00e9rer les relations toxiques <em><strong>&#8211; Dorine Nkodia<\/strong><\/em><br \/>\n<span style=\"color: #3f8f92;\"><strong>14:00<\/strong><\/span> M\u00e9thode QET<sup>\u00ae<\/sup> : la correction des maux par les mots <em><strong>&#8211; Maryvonne Pomm\u00e9<\/strong><\/em><br \/>\n<span style=\"color: #3f8f92;\"><strong>15:00<\/strong><\/span> Pratique des points d\u2019acupuncture sur soi-m\u00eame pour le bien-\u00eatre au fonctionnement optimal de l&rsquo;\u00e9quilibre du corps quotidien <em><strong>&#8211; Hwang Chang<\/strong><\/em><br \/>\n<span style=\"color: #3f8f92;\"><strong>16:00<\/strong><\/span> Vini Yoga sur tapis pour tous.tes <em><strong>&#8211; Laetitia Gaudichet<\/strong><\/em><br \/>\n<span style=\"color: #3f8f92;\"><strong>17:00<\/strong><\/span> Activez la magie de votre habitat ! <em><strong>&#8211; V\u00e9ronique Robaglia<br \/>\n<\/strong><\/em><strong><span style=\"color: #3f8f92;\">18:00<\/span><\/strong> Revenir \u00e0 soi apr\u00e8s une journ\u00e9e de salon <em><strong>&#8211; M\u00e9lanie Bouvret<br \/>\n<\/strong><\/em><\/p>\n<h2>Dimanche 30 mars<\/h2>\n<p><span style=\"color: #3f8f92;\"><strong> 11:00<\/strong><\/span> Vini Yoga sur chaise pour tous.tes <em><strong>&#8211; Laetitia Gaudichet<\/strong><\/em><br \/>\n<span style=\"color: #3f8f92;\"><strong>12:00<\/strong><\/span> M\u00e9thode QET<sup>\u00ae<\/sup> : sortir du burn-out <em><strong>&#8211; Maryvonne Pomm\u00e9<\/strong><\/em><br \/>\n<span style=\"color: #3f8f92;\"><strong>13:00<\/strong><\/span> En chemin vers la pratique de la lecture d&rsquo;\u00e2me <em><strong>&#8211; John Shemwell<\/strong><\/em><br \/>\n<span style=\"color: #3f8f92;\"><strong>14:00<\/strong><\/span> Les bases de la confiance en soi <em><strong>&#8211; Dorine Nkodia<\/strong><\/em><br \/>\n<span style=\"color: #3f8f92;\"><strong>15:00<\/strong><\/span> Activez la magie de votre habitat ! <em><strong>&#8211; V\u00e9ronique Robaglia<\/strong><\/em><br \/>\n<span style=\"color: #3f8f92;\"><strong>16:00<\/strong><\/span> D\u00e9couvrir son aura <em><strong>&#8211; Corinne Soares<br \/>\n<\/strong><\/em><strong><span style=\"color: #3f8f92;\">17:00<\/span><\/strong> Revenir \u00e0 soi apr\u00e8s une journ\u00e9e de salon <em><strong>&#8211; M\u00e9lanie Bouvret<br \/>\n<\/strong><\/em><\/p>\n<hr \/>\n<p><a href=\"https:\/\/www.salon-zenetbio.com\/angers\/ateliers-bien-etre-2024\/\" target=\"_blank\" rel=\"noopener\"><em>Consultez le programme de l&rsquo;\u00e9dition 2024<\/em><\/a><br \/>\n<a href=\"https:\/\/www.salon-zenetbio.com\/angers\/ateliers-bien-etre-2023\/\" target=\"_blank\" rel=\"noopener\"><em>Consultez le programme de l&rsquo;\u00e9dition 2023<\/em><\/a><br \/>\n<a href=\"https:\/\/www.salon-zenetbio.com\/angers\/ateliers-bien-etre-2022\/\" target=\"_blank\" rel=\"noopener\"><em>Consultez le programme de l&rsquo;\u00e9dition 2022<\/em><\/a><br \/>\n<a href=\"http:\/\/www.salon-zenetbio.com\/angers\/ateliers-bien-etre-2020\/\" target=\"_blank\" rel=\"noopener\"><em>Consultez le programme de l&rsquo;\u00e9dition 2020<br \/>\n<\/em><\/a><a href=\"http:\/\/www.salon-zenetbio.com\/angers\/ateliers-bien-etre-2019\/\" target=\"_blank\" rel=\"noopener noreferrer\"><em>Consultez le programme de l\u2019\u00e9dition 2019<\/em><\/a><\/p>\n<p>&nbsp;<\/p>\n","protected":false},"excerpt":{"rendered":"<p>Tous les jours, exp\u00e9rimentez la m\u00e9ditation, le yoga, la danse cr\u00e9ative, la sophrologie, l\u2019hypnose, etc. Une occasion de tester ces techniques et de dialoguer avec des praticiens de bien-\u00eatre. ESPACE \u00c9VEIL Vendredi 28 mars 11:00 Mouvement de b\u00e2tons Qian Kun &#8211; M\u00e9lanie Bouvret 12:00 Bienfaits du curcuma et du gingembre au quotidien &#8211; Yasmine Maylin&hellip; <\/p>\n","protected":false},"author":6,"featured_media":0,"parent":0,"menu_order":0,"comment_status":"closed","ping_status":"closed","template":"","meta":{"_monsterinsights_skip_tracking":false,"_monsterinsights_sitenote_active":false,"_monsterinsights_sitenote_note":"","_monsterinsights_sitenote_category":0,"footnotes":""},"class_list":["post-12052","page","type-page","status-publish","hentry"],"yoast_head":"<!-- This site is optimized with the Yoast SEO plugin v27.3 - https:\/\/yoast.com\/product\/yoast-seo-wordpress\/ -->\n<title>Ateliers bien-\u00eatre 2025 - Z&amp;B Angers<\/title>\n<meta name=\"robots\" content=\"index, follow, max-snippet:-1, max-image-preview:large, max-video-preview:-1\" \/>\n<link rel=\"canonical\" href=\"https:\/\/www.salon-zenetbio.com\/angers\/ateliers-bien-etre-2025\/\" \/>\n<meta property=\"og:locale\" content=\"fr_FR\" \/>\n<meta property=\"og:type\" content=\"article\" \/>\n<meta property=\"og:title\" content=\"Ateliers bien-\u00eatre 2025 - Z&amp;B Angers\" \/>\n<meta property=\"og:description\" content=\"Tous les jours, exp\u00e9rimentez la m\u00e9ditation, le yoga, la danse cr\u00e9ative, la sophrologie, l\u2019hypnose, etc. Une occasion de tester ces techniques et de dialoguer avec des praticiens de bien-\u00eatre. ESPACE \u00c9VEIL Vendredi 28 mars 11:00 Mouvement de b\u00e2tons Qian Kun &#8211; M\u00e9lanie Bouvret 12:00 Bienfaits du curcuma et du gingembre au quotidien &#8211; Yasmine Maylin&hellip;\" \/>\n<meta property=\"og:url\" content=\"https:\/\/www.salon-zenetbio.com\/angers\/ateliers-bien-etre-2025\/\" \/>\n<meta property=\"og:site_name\" content=\"Z&amp;B Angers\" \/>\n<meta name=\"twitter:card\" content=\"summary_large_image\" \/>\n<meta name=\"twitter:label1\" content=\"Dur\u00e9e de lecture estim\u00e9e\" \/>\n\t<meta name=\"twitter:data1\" content=\"2 minutes\" \/>\n<script type=\"application\/ld+json\" class=\"yoast-schema-graph\">{\"@context\":\"https:\\\/\\\/schema.org\",\"@graph\":[{\"@type\":\"WebPage\",\"@id\":\"https:\\\/\\\/www.salon-zenetbio.com\\\/angers\\\/ateliers-bien-etre-2025\\\/\",\"url\":\"https:\\\/\\\/www.salon-zenetbio.com\\\/angers\\\/ateliers-bien-etre-2025\\\/\",\"name\":\"Ateliers bien-\u00eatre 2025 - Z&amp;B Angers\",\"isPartOf\":{\"@id\":\"https:\\\/\\\/www.salon-zenetbio.com\\\/angers\\\/#website\"},\"datePublished\":\"2025-11-28T14:42:19+00:00\",\"breadcrumb\":{\"@id\":\"https:\\\/\\\/www.salon-zenetbio.com\\\/angers\\\/ateliers-bien-etre-2025\\\/#breadcrumb\"},\"inLanguage\":\"fr-FR\",\"potentialAction\":[{\"@type\":\"ReadAction\",\"target\":[\"https:\\\/\\\/www.salon-zenetbio.com\\\/angers\\\/ateliers-bien-etre-2025\\\/\"]}]},{\"@type\":\"BreadcrumbList\",\"@id\":\"https:\\\/\\\/www.salon-zenetbio.com\\\/angers\\\/ateliers-bien-etre-2025\\\/#breadcrumb\",\"itemListElement\":[{\"@type\":\"ListItem\",\"position\":1,\"name\":\"Accueil\",\"item\":\"https:\\\/\\\/www.salon-zenetbio.com\\\/angers\\\/\"},{\"@type\":\"ListItem\",\"position\":2,\"name\":\"Ateliers bien-\u00eatre 2025\"}]},{\"@type\":\"WebSite\",\"@id\":\"https:\\\/\\\/www.salon-zenetbio.com\\\/angers\\\/#website\",\"url\":\"https:\\\/\\\/www.salon-zenetbio.com\\\/angers\\\/\",\"name\":\"Z&amp;B Angers\",\"description\":\"Zen&amp;Bio Angers : votre salon \u00e9colo, bio, bien-\u00eatre et habitat sain\",\"publisher\":{\"@id\":\"https:\\\/\\\/www.salon-zenetbio.com\\\/angers\\\/#organization\"},\"potentialAction\":[{\"@type\":\"SearchAction\",\"target\":{\"@type\":\"EntryPoint\",\"urlTemplate\":\"https:\\\/\\\/www.salon-zenetbio.com\\\/angers\\\/?s={search_term_string}\"},\"query-input\":{\"@type\":\"PropertyValueSpecification\",\"valueRequired\":true,\"valueName\":\"search_term_string\"}}],\"inLanguage\":\"fr-FR\"},{\"@type\":\"Organization\",\"@id\":\"https:\\\/\\\/www.salon-zenetbio.com\\\/angers\\\/#organization\",\"name\":\"Z&amp;B Angers\",\"url\":\"https:\\\/\\\/www.salon-zenetbio.com\\\/angers\\\/\",\"logo\":{\"@type\":\"ImageObject\",\"inLanguage\":\"fr-FR\",\"@id\":\"https:\\\/\\\/www.salon-zenetbio.com\\\/angers\\\/#\\\/schema\\\/logo\\\/image\\\/\",\"url\":\"https:\\\/\\\/www.salon-zenetbio.com\\\/angers\\\/wp-content\\\/uploads\\\/sites\\\/8\\\/2025\\\/11\\\/cropped-Logo-ZEN-et-BIO-angers-2026.png\",\"contentUrl\":\"https:\\\/\\\/www.salon-zenetbio.com\\\/angers\\\/wp-content\\\/uploads\\\/sites\\\/8\\\/2025\\\/11\\\/cropped-Logo-ZEN-et-BIO-angers-2026.png\",\"width\":921,\"height\":255,\"caption\":\"Z&amp;B Angers\"},\"image\":{\"@id\":\"https:\\\/\\\/www.salon-zenetbio.com\\\/angers\\\/#\\\/schema\\\/logo\\\/image\\\/\"}}]}<\/script>\n<!-- \/ Yoast SEO plugin. -->","yoast_head_json":{"title":"Ateliers bien-\u00eatre 2025 - Z&amp;B Angers","robots":{"index":"index","follow":"follow","max-snippet":"max-snippet:-1","max-image-preview":"max-image-preview:large","max-video-preview":"max-video-preview:-1"},"canonical":"https:\/\/www.salon-zenetbio.com\/angers\/ateliers-bien-etre-2025\/","og_locale":"fr_FR","og_type":"article","og_title":"Ateliers bien-\u00eatre 2025 - Z&amp;B Angers","og_description":"Tous les jours, exp\u00e9rimentez la m\u00e9ditation, le yoga, la danse cr\u00e9ative, la sophrologie, l\u2019hypnose, etc. Une occasion de tester ces techniques et de dialoguer avec des praticiens de bien-\u00eatre. ESPACE \u00c9VEIL Vendredi 28 mars 11:00 Mouvement de b\u00e2tons Qian Kun &#8211; M\u00e9lanie Bouvret 12:00 Bienfaits du curcuma et du gingembre au quotidien &#8211; Yasmine Maylin&hellip;","og_url":"https:\/\/www.salon-zenetbio.com\/angers\/ateliers-bien-etre-2025\/","og_site_name":"Z&amp;B Angers","twitter_card":"summary_large_image","twitter_misc":{"Dur\u00e9e de lecture estim\u00e9e":"2 minutes"},"schema":{"@context":"https:\/\/schema.org","@graph":[{"@type":"WebPage","@id":"https:\/\/www.salon-zenetbio.com\/angers\/ateliers-bien-etre-2025\/","url":"https:\/\/www.salon-zenetbio.com\/angers\/ateliers-bien-etre-2025\/","name":"Ateliers bien-\u00eatre 2025 - Z&amp;B Angers","isPartOf":{"@id":"https:\/\/www.salon-zenetbio.com\/angers\/#website"},"datePublished":"2025-11-28T14:42:19+00:00","breadcrumb":{"@id":"https:\/\/www.salon-zenetbio.com\/angers\/ateliers-bien-etre-2025\/#breadcrumb"},"inLanguage":"fr-FR","potentialAction":[{"@type":"ReadAction","target":["https:\/\/www.salon-zenetbio.com\/angers\/ateliers-bien-etre-2025\/"]}]},{"@type":"BreadcrumbList","@id":"https:\/\/www.salon-zenetbio.com\/angers\/ateliers-bien-etre-2025\/#breadcrumb","itemListElement":[{"@type":"ListItem","position":1,"name":"Accueil","item":"https:\/\/www.salon-zenetbio.com\/angers\/"},{"@type":"ListItem","position":2,"name":"Ateliers bien-\u00eatre 2025"}]},{"@type":"WebSite","@id":"https:\/\/www.salon-zenetbio.com\/angers\/#website","url":"https:\/\/www.salon-zenetbio.com\/angers\/","name":"Z&amp;B Angers","description":"Zen&amp;Bio Angers : votre salon \u00e9colo, bio, bien-\u00eatre et habitat sain","publisher":{"@id":"https:\/\/www.salon-zenetbio.com\/angers\/#organization"},"potentialAction":[{"@type":"SearchAction","target":{"@type":"EntryPoint","urlTemplate":"https:\/\/www.salon-zenetbio.com\/angers\/?s={search_term_string}"},"query-input":{"@type":"PropertyValueSpecification","valueRequired":true,"valueName":"search_term_string"}}],"inLanguage":"fr-FR"},{"@type":"Organization","@id":"https:\/\/www.salon-zenetbio.com\/angers\/#organization","name":"Z&amp;B Angers","url":"https:\/\/www.salon-zenetbio.com\/angers\/","logo":{"@type":"ImageObject","inLanguage":"fr-FR","@id":"https:\/\/www.salon-zenetbio.com\/angers\/#\/schema\/logo\/image\/","url":"https:\/\/www.salon-zenetbio.com\/angers\/wp-content\/uploads\/sites\/8\/2025\/11\/cropped-Logo-ZEN-et-BIO-angers-2026.png","contentUrl":"https:\/\/www.salon-zenetbio.com\/angers\/wp-content\/uploads\/sites\/8\/2025\/11\/cropped-Logo-ZEN-et-BIO-angers-2026.png","width":921,"height":255,"caption":"Z&amp;B Angers"},"image":{"@id":"https:\/\/www.salon-zenetbio.com\/angers\/#\/schema\/logo\/image\/"}}]}},"_links":{"self":[{"href":"https:\/\/www.salon-zenetbio.com\/angers\/wp-json\/wp\/v2\/pages\/12052","targetHints":{"allow":["GET"]}}],"collection":[{"href":"https:\/\/www.salon-zenetbio.com\/angers\/wp-json\/wp\/v2\/pages"}],"about":[{"href":"https:\/\/www.salon-zenetbio.com\/angers\/wp-json\/wp\/v2\/types\/page"}],"author":[{"embeddable":true,"href":"https:\/\/www.salon-zenetbio.com\/angers\/wp-json\/wp\/v2\/users\/6"}],"replies":[{"embeddable":true,"href":"https:\/\/www.salon-zenetbio.com\/angers\/wp-json\/wp\/v2\/comments?post=12052"}],"version-history":[{"count":1,"href":"https:\/\/www.salon-zenetbio.com\/angers\/wp-json\/wp\/v2\/pages\/12052\/revisions"}],"predecessor-version":[{"id":12053,"href":"https:\/\/www.salon-zenetbio.com\/angers\/wp-json\/wp\/v2\/pages\/12052\/revisions\/12053"}],"wp:attachment":[{"href":"https:\/\/www.salon-zenetbio.com\/angers\/wp-json\/wp\/v2\/media?parent=12052"}],"curies":[{"name":"wp","href":"https:\/\/api.w.org\/{rel}","templated":true}]}}