{"id":12058,"date":"2025-11-28T15:48:48","date_gmt":"2025-11-28T14:48:48","guid":{"rendered":"https:\/\/www.salon-zenetbio.com\/angers\/?page_id=12058"},"modified":"2025-11-28T15:48:48","modified_gmt":"2025-11-28T14:48:48","slug":"espace-danimations-2025","status":"publish","type":"page","link":"https:\/\/www.salon-zenetbio.com\/angers\/espace-danimations-2025\/","title":{"rendered":"Espace d\u2019animations 2025"},"content":{"rendered":"<p style=\"text-align: justify;\">Le salon Zen &amp; Bio Angers met en place des animations sp\u00e9ciales pour \u00e9veiller l\u2019int\u00e9r\u00eat et pour une exp\u00e9rience visiteurs riche et in\u00e9dite.<\/p>\n<table style=\"border-collapse: collapse; width: 100%;\">\n<tbody>\n<tr>\n<td style=\"width: 71.2122%;\"><span style=\"color: #ffffff;\">a<a id=\"enfants\"><\/a><\/span><\/p>\n<h2><img decoding=\"async\" class=\"alignnone wp-image-11541 \" src=\"https:\/\/www.respirelavie.fr\/rennes\/wp-content\/uploads\/sites\/5\/2025\/01\/Capture_decran_2025-01-24_a_14.20.31-5-e1737728559157.png\" alt=\"\" width=\"32\" height=\"31\" \/> Le coin des enfants<\/h2>\n<p><span style=\"text-decoration: underline;\">Espace LudoBio\u00a0:<\/span><br \/>\nAnimations cr\u00e9atives et bricolages nature \u00e0 base de mat\u00e9riaux de r\u00e9cup\u00e9ration. Tous les jours, \u00e0 partir de 3 ans.<br \/>\n<em>Organis\u00e9 par La T\u00eate et Les Mains<\/em><\/p>\n<p><span style=\"text-decoration: underline;\">Espace b\u00e9b\u00e9s\u00a0:<\/span><br \/>\nPour une pause biberon, allaitement, change et c\u00e2lins.<\/td>\n<td style=\"width: 28.7878%;\"><span style=\"font-size: 10pt;\"><a href=\"#enfants\">Le coin des enfants<\/a><\/span><br \/>\n<span style=\"font-size: 10pt;\"><a href=\"#escapades\">Escapades bio gourmandes<\/a><\/span><br \/>\n<span style=\"font-size: 10pt;\"><a href=\"#energisante\">La pause \u00e9nergisante<\/a><\/span><br \/>\n<span style=\"font-size: 10pt;\"><a href=\"#nouveaux\">Le village les P&rsquo;tits Nouveaux<\/a><\/span><br \/>\n<span style=\"font-size: 10pt;\"><a href=\"#habitat\">Le village \u00e9co-habitat<\/a><\/span><\/td>\n<\/tr>\n<\/tbody>\n<\/table>\n<p><span style=\"color: #ffffff;\">a<a id=\"escapades\"><\/a><\/span><\/p>\n<h2 style=\"text-align: left;\"><img decoding=\"async\" class=\"alignnone wp-image-11544\" src=\"https:\/\/www.respirelavie.fr\/rennes\/wp-content\/uploads\/sites\/5\/2025\/01\/Capture_decran_2025-01-24_a_14.20.31-8-e1737728786287.png\" alt=\"\" width=\"34\" height=\"31\" \/> Escapades bio gourmandes<\/h2>\n<p style=\"text-align: right;\">Vendredi \u00e0 12h30, samedi et dimanche \u00e0 11h \u2013 Espace Cr\u00e9atif<\/p>\n<p style=\"text-align: left;\">Venez \u00e9veiller vos papilles en d\u00e9gustant une s\u00e9lection de produits d\u2019exception, soigneusement s\u00e9lectionn\u00e9s parmi la large proposition du salon. Une occasion unique de savourer des cr\u00e9ations authentiques, d\u2019\u00e9changer directement avec les producteurs et artisans et de plonger au c\u0153ur de leur savoir-faire.<\/p>\n<p><span style=\"color: #ffffff;\">a<a id=\"energisante\"><\/a><\/span><\/p>\n<h2 style=\"text-align: left;\"><img decoding=\"async\" class=\"alignnone wp-image-11540\" src=\"https:\/\/www.respirelavie.fr\/rennes\/wp-content\/uploads\/sites\/5\/2025\/01\/Capture_decran_2025-01-24_a_14.20.31-4-e1737728881243.png\" alt=\"\" width=\"28\" height=\"31\" \/> La pause \u00e9nergisante<\/h2>\n<p style=\"text-align: left;\">Formez-vous aux bienfaits de la coh\u00e9rence cardiaque et apprenez \u00e0 mieux respirer.<\/p>\n<p><span style=\"color: #ffffff;\">a<a id=\"nouveaux\"><\/a><\/span><\/p>\n<h2 style=\"text-align: left;\"><img loading=\"lazy\" decoding=\"async\" class=\"alignnone wp-image-11545\" src=\"https:\/\/www.respirelavie.fr\/rennes\/wp-content\/uploads\/sites\/5\/2025\/01\/Capture_decran_2025-01-24_a_14.20.31-e1737728923521.png\" alt=\"\" width=\"34\" height=\"31\" \/> Le village Les P\u2019tits Nouveaux<\/h2>\n<p style=\"text-align: left;\">Situ\u00e9 en plein c\u0153ur du salon, vous y trouverez des nouveaux produits cr\u00e9\u00e9s par de jeunes marques, toutes plus engag\u00e9es les unes que les autres\u00a0!<\/p>\n<p><span style=\"color: #ffffff;\">a<a id=\"habitat\"><\/a><\/span><\/p>\n<h2 style=\"text-align: left;\"><img loading=\"lazy\" decoding=\"async\" class=\"alignnone wp-image-11538\" src=\"https:\/\/www.respirelavie.fr\/rennes\/wp-content\/uploads\/sites\/5\/2025\/01\/Capture_decran_2025-01-24_a_14.20.31-2-e1737728973141.png\" alt=\"\" width=\"31\" height=\"31\" \/> Le village \u00e9co-habitat<\/h2>\n<p style=\"text-align: left;\">Un large espace d\u00e9di\u00e9 aux solutions pour des maisons plus saines et \u00e9cologiques\u00a0: isolation naturelle, peintures non toxiques, panneaux solaires\u2026 Un rendez-vous essentiel pour imaginer et construire l\u2019avenir !<\/p>\n<p>&nbsp;<\/p>\n<hr \/>\n<p><a href=\"https:\/\/www.salon-zenetbio.com\/angers\/espace-danimations-en-continu-2024\/\" target=\"_blank\" rel=\"noopener\"><em>Consultez le programme de l&rsquo;\u00e9dition 2024<\/em><\/a><br \/>\n<a href=\"https:\/\/www.salon-zenetbio.com\/angers\/espace-danimations-en-continu-2023\/\" target=\"_blank\" rel=\"noopener\"><em>Consultez le programme de l&rsquo;\u00e9dition 2023<\/em><\/a><br \/>\n<a href=\"https:\/\/www.salon-zenetbio.com\/angers\/animation-speciales-2022\/\" target=\"_blank\" rel=\"noopener\"><em>Consultez le programme de l&rsquo;\u00e9dition 2022<\/em><\/a><br \/>\n<a href=\"http:\/\/www.salon-zenetbio.com\/angers\/animations-speciales-2020\/\" target=\"_blank\" rel=\"noopener\"><em>Consultez le programme de l&rsquo;\u00e9dition 2020<\/em><\/a><br \/>\n<em><a href=\"http:\/\/www.salon-zenetbio.com\/angers\/animations-2019\/\" target=\"_blank\" rel=\"noopener noreferrer\">Consultez les animations de l\u2019\u00e9dition 2019<\/a><\/em><\/p>\n<p>&nbsp;<\/p>\n","protected":false},"excerpt":{"rendered":"<p>Le salon Zen &amp; Bio Angers met en place des animations sp\u00e9ciales pour \u00e9veiller l\u2019int\u00e9r\u00eat et pour une exp\u00e9rience visiteurs riche et in\u00e9dite. a Le coin des enfants Espace LudoBio\u00a0: Animations cr\u00e9atives et bricolages nature \u00e0 base de mat\u00e9riaux de r\u00e9cup\u00e9ration. Tous les jours, \u00e0 partir de 3 ans. Organis\u00e9 par La T\u00eate et Les&hellip; <\/p>\n","protected":false},"author":6,"featured_media":0,"parent":0,"menu_order":0,"comment_status":"closed","ping_status":"closed","template":"","meta":{"_monsterinsights_skip_tracking":false,"_monsterinsights_sitenote_active":false,"_monsterinsights_sitenote_note":"","_monsterinsights_sitenote_category":0,"footnotes":""},"class_list":["post-12058","page","type-page","status-publish","hentry"],"yoast_head":"<!-- This site is optimized with the Yoast SEO plugin v27.3 - https:\/\/yoast.com\/product\/yoast-seo-wordpress\/ -->\n<title>Espace d\u2019animations 2025 - Z&amp;B Angers<\/title>\n<meta name=\"robots\" content=\"index, follow, max-snippet:-1, max-image-preview:large, max-video-preview:-1\" \/>\n<link rel=\"canonical\" href=\"https:\/\/www.salon-zenetbio.com\/angers\/espace-danimations-2025\/\" \/>\n<meta property=\"og:locale\" content=\"fr_FR\" \/>\n<meta property=\"og:type\" content=\"article\" \/>\n<meta property=\"og:title\" content=\"Espace d\u2019animations 2025 - Z&amp;B Angers\" \/>\n<meta property=\"og:description\" content=\"Le salon Zen &amp; Bio Angers met en place des animations sp\u00e9ciales pour \u00e9veiller l\u2019int\u00e9r\u00eat et pour une exp\u00e9rience visiteurs riche et in\u00e9dite. a Le coin des enfants Espace LudoBio\u00a0: Animations cr\u00e9atives et bricolages nature \u00e0 base de mat\u00e9riaux de r\u00e9cup\u00e9ration. Tous les jours, \u00e0 partir de 3 ans. Organis\u00e9 par La T\u00eate et Les&hellip;\" \/>\n<meta property=\"og:url\" content=\"https:\/\/www.salon-zenetbio.com\/angers\/espace-danimations-2025\/\" \/>\n<meta property=\"og:site_name\" content=\"Z&amp;B Angers\" \/>\n<meta property=\"og:image\" content=\"http:\/\/www.respirelavie.fr\/rennes\/wp-content\/uploads\/sites\/5\/2025\/01\/Capture_decran_2025-01-24_a_14.20.31-5-e1737728559157.png\" \/>\n<meta name=\"twitter:card\" content=\"summary_large_image\" \/>\n<meta name=\"twitter:label1\" content=\"Dur\u00e9e de lecture estim\u00e9e\" \/>\n\t<meta name=\"twitter:data1\" content=\"3 minutes\" \/>\n<script type=\"application\/ld+json\" class=\"yoast-schema-graph\">{\"@context\":\"https:\\\/\\\/schema.org\",\"@graph\":[{\"@type\":\"WebPage\",\"@id\":\"https:\\\/\\\/www.salon-zenetbio.com\\\/angers\\\/espace-danimations-2025\\\/\",\"url\":\"https:\\\/\\\/www.salon-zenetbio.com\\\/angers\\\/espace-danimations-2025\\\/\",\"name\":\"Espace d\u2019animations 2025 - Z&amp;B Angers\",\"isPartOf\":{\"@id\":\"https:\\\/\\\/www.salon-zenetbio.com\\\/angers\\\/#website\"},\"primaryImageOfPage\":{\"@id\":\"https:\\\/\\\/www.salon-zenetbio.com\\\/angers\\\/espace-danimations-2025\\\/#primaryimage\"},\"image\":{\"@id\":\"https:\\\/\\\/www.salon-zenetbio.com\\\/angers\\\/espace-danimations-2025\\\/#primaryimage\"},\"thumbnailUrl\":\"http:\\\/\\\/www.respirelavie.fr\\\/rennes\\\/wp-content\\\/uploads\\\/sites\\\/5\\\/2025\\\/01\\\/Capture_decran_2025-01-24_a_14.20.31-5-e1737728559157.png\",\"datePublished\":\"2025-11-28T14:48:48+00:00\",\"breadcrumb\":{\"@id\":\"https:\\\/\\\/www.salon-zenetbio.com\\\/angers\\\/espace-danimations-2025\\\/#breadcrumb\"},\"inLanguage\":\"fr-FR\",\"potentialAction\":[{\"@type\":\"ReadAction\",\"target\":[\"https:\\\/\\\/www.salon-zenetbio.com\\\/angers\\\/espace-danimations-2025\\\/\"]}]},{\"@type\":\"ImageObject\",\"inLanguage\":\"fr-FR\",\"@id\":\"https:\\\/\\\/www.salon-zenetbio.com\\\/angers\\\/espace-danimations-2025\\\/#primaryimage\",\"url\":\"http:\\\/\\\/www.respirelavie.fr\\\/rennes\\\/wp-content\\\/uploads\\\/sites\\\/5\\\/2025\\\/01\\\/Capture_decran_2025-01-24_a_14.20.31-5-e1737728559157.png\",\"contentUrl\":\"http:\\\/\\\/www.respirelavie.fr\\\/rennes\\\/wp-content\\\/uploads\\\/sites\\\/5\\\/2025\\\/01\\\/Capture_decran_2025-01-24_a_14.20.31-5-e1737728559157.png\"},{\"@type\":\"BreadcrumbList\",\"@id\":\"https:\\\/\\\/www.salon-zenetbio.com\\\/angers\\\/espace-danimations-2025\\\/#breadcrumb\",\"itemListElement\":[{\"@type\":\"ListItem\",\"position\":1,\"name\":\"Accueil\",\"item\":\"https:\\\/\\\/www.salon-zenetbio.com\\\/angers\\\/\"},{\"@type\":\"ListItem\",\"position\":2,\"name\":\"Espace d\u2019animations 2025\"}]},{\"@type\":\"WebSite\",\"@id\":\"https:\\\/\\\/www.salon-zenetbio.com\\\/angers\\\/#website\",\"url\":\"https:\\\/\\\/www.salon-zenetbio.com\\\/angers\\\/\",\"name\":\"Z&amp;B Angers\",\"description\":\"Zen&amp;Bio Angers : votre salon \u00e9colo, bio, bien-\u00eatre et habitat sain\",\"publisher\":{\"@id\":\"https:\\\/\\\/www.salon-zenetbio.com\\\/angers\\\/#organization\"},\"potentialAction\":[{\"@type\":\"SearchAction\",\"target\":{\"@type\":\"EntryPoint\",\"urlTemplate\":\"https:\\\/\\\/www.salon-zenetbio.com\\\/angers\\\/?s={search_term_string}\"},\"query-input\":{\"@type\":\"PropertyValueSpecification\",\"valueRequired\":true,\"valueName\":\"search_term_string\"}}],\"inLanguage\":\"fr-FR\"},{\"@type\":\"Organization\",\"@id\":\"https:\\\/\\\/www.salon-zenetbio.com\\\/angers\\\/#organization\",\"name\":\"Z&amp;B Angers\",\"url\":\"https:\\\/\\\/www.salon-zenetbio.com\\\/angers\\\/\",\"logo\":{\"@type\":\"ImageObject\",\"inLanguage\":\"fr-FR\",\"@id\":\"https:\\\/\\\/www.salon-zenetbio.com\\\/angers\\\/#\\\/schema\\\/logo\\\/image\\\/\",\"url\":\"https:\\\/\\\/www.salon-zenetbio.com\\\/angers\\\/wp-content\\\/uploads\\\/sites\\\/8\\\/2025\\\/11\\\/cropped-Logo-ZEN-et-BIO-angers-2026.png\",\"contentUrl\":\"https:\\\/\\\/www.salon-zenetbio.com\\\/angers\\\/wp-content\\\/uploads\\\/sites\\\/8\\\/2025\\\/11\\\/cropped-Logo-ZEN-et-BIO-angers-2026.png\",\"width\":921,\"height\":255,\"caption\":\"Z&amp;B Angers\"},\"image\":{\"@id\":\"https:\\\/\\\/www.salon-zenetbio.com\\\/angers\\\/#\\\/schema\\\/logo\\\/image\\\/\"}}]}<\/script>\n<!-- \/ Yoast SEO plugin. -->","yoast_head_json":{"title":"Espace d\u2019animations 2025 - Z&amp;B Angers","robots":{"index":"index","follow":"follow","max-snippet":"max-snippet:-1","max-image-preview":"max-image-preview:large","max-video-preview":"max-video-preview:-1"},"canonical":"https:\/\/www.salon-zenetbio.com\/angers\/espace-danimations-2025\/","og_locale":"fr_FR","og_type":"article","og_title":"Espace d\u2019animations 2025 - Z&amp;B Angers","og_description":"Le salon Zen &amp; Bio Angers met en place des animations sp\u00e9ciales pour \u00e9veiller l\u2019int\u00e9r\u00eat et pour une exp\u00e9rience visiteurs riche et in\u00e9dite. a Le coin des enfants Espace LudoBio\u00a0: Animations cr\u00e9atives et bricolages nature \u00e0 base de mat\u00e9riaux de r\u00e9cup\u00e9ration. Tous les jours, \u00e0 partir de 3 ans. Organis\u00e9 par La T\u00eate et Les&hellip;","og_url":"https:\/\/www.salon-zenetbio.com\/angers\/espace-danimations-2025\/","og_site_name":"Z&amp;B Angers","og_image":[{"url":"http:\/\/www.respirelavie.fr\/rennes\/wp-content\/uploads\/sites\/5\/2025\/01\/Capture_decran_2025-01-24_a_14.20.31-5-e1737728559157.png","type":"","width":"","height":""}],"twitter_card":"summary_large_image","twitter_misc":{"Dur\u00e9e de lecture estim\u00e9e":"3 minutes"},"schema":{"@context":"https:\/\/schema.org","@graph":[{"@type":"WebPage","@id":"https:\/\/www.salon-zenetbio.com\/angers\/espace-danimations-2025\/","url":"https:\/\/www.salon-zenetbio.com\/angers\/espace-danimations-2025\/","name":"Espace d\u2019animations 2025 - Z&amp;B Angers","isPartOf":{"@id":"https:\/\/www.salon-zenetbio.com\/angers\/#website"},"primaryImageOfPage":{"@id":"https:\/\/www.salon-zenetbio.com\/angers\/espace-danimations-2025\/#primaryimage"},"image":{"@id":"https:\/\/www.salon-zenetbio.com\/angers\/espace-danimations-2025\/#primaryimage"},"thumbnailUrl":"http:\/\/www.respirelavie.fr\/rennes\/wp-content\/uploads\/sites\/5\/2025\/01\/Capture_decran_2025-01-24_a_14.20.31-5-e1737728559157.png","datePublished":"2025-11-28T14:48:48+00:00","breadcrumb":{"@id":"https:\/\/www.salon-zenetbio.com\/angers\/espace-danimations-2025\/#breadcrumb"},"inLanguage":"fr-FR","potentialAction":[{"@type":"ReadAction","target":["https:\/\/www.salon-zenetbio.com\/angers\/espace-danimations-2025\/"]}]},{"@type":"ImageObject","inLanguage":"fr-FR","@id":"https:\/\/www.salon-zenetbio.com\/angers\/espace-danimations-2025\/#primaryimage","url":"http:\/\/www.respirelavie.fr\/rennes\/wp-content\/uploads\/sites\/5\/2025\/01\/Capture_decran_2025-01-24_a_14.20.31-5-e1737728559157.png","contentUrl":"http:\/\/www.respirelavie.fr\/rennes\/wp-content\/uploads\/sites\/5\/2025\/01\/Capture_decran_2025-01-24_a_14.20.31-5-e1737728559157.png"},{"@type":"BreadcrumbList","@id":"https:\/\/www.salon-zenetbio.com\/angers\/espace-danimations-2025\/#breadcrumb","itemListElement":[{"@type":"ListItem","position":1,"name":"Accueil","item":"https:\/\/www.salon-zenetbio.com\/angers\/"},{"@type":"ListItem","position":2,"name":"Espace d\u2019animations 2025"}]},{"@type":"WebSite","@id":"https:\/\/www.salon-zenetbio.com\/angers\/#website","url":"https:\/\/www.salon-zenetbio.com\/angers\/","name":"Z&amp;B Angers","description":"Zen&amp;Bio Angers : votre salon \u00e9colo, bio, bien-\u00eatre et habitat sain","publisher":{"@id":"https:\/\/www.salon-zenetbio.com\/angers\/#organization"},"potentialAction":[{"@type":"SearchAction","target":{"@type":"EntryPoint","urlTemplate":"https:\/\/www.salon-zenetbio.com\/angers\/?s={search_term_string}"},"query-input":{"@type":"PropertyValueSpecification","valueRequired":true,"valueName":"search_term_string"}}],"inLanguage":"fr-FR"},{"@type":"Organization","@id":"https:\/\/www.salon-zenetbio.com\/angers\/#organization","name":"Z&amp;B Angers","url":"https:\/\/www.salon-zenetbio.com\/angers\/","logo":{"@type":"ImageObject","inLanguage":"fr-FR","@id":"https:\/\/www.salon-zenetbio.com\/angers\/#\/schema\/logo\/image\/","url":"https:\/\/www.salon-zenetbio.com\/angers\/wp-content\/uploads\/sites\/8\/2025\/11\/cropped-Logo-ZEN-et-BIO-angers-2026.png","contentUrl":"https:\/\/www.salon-zenetbio.com\/angers\/wp-content\/uploads\/sites\/8\/2025\/11\/cropped-Logo-ZEN-et-BIO-angers-2026.png","width":921,"height":255,"caption":"Z&amp;B Angers"},"image":{"@id":"https:\/\/www.salon-zenetbio.com\/angers\/#\/schema\/logo\/image\/"}}]}},"_links":{"self":[{"href":"https:\/\/www.salon-zenetbio.com\/angers\/wp-json\/wp\/v2\/pages\/12058","targetHints":{"allow":["GET"]}}],"collection":[{"href":"https:\/\/www.salon-zenetbio.com\/angers\/wp-json\/wp\/v2\/pages"}],"about":[{"href":"https:\/\/www.salon-zenetbio.com\/angers\/wp-json\/wp\/v2\/types\/page"}],"author":[{"embeddable":true,"href":"https:\/\/www.salon-zenetbio.com\/angers\/wp-json\/wp\/v2\/users\/6"}],"replies":[{"embeddable":true,"href":"https:\/\/www.salon-zenetbio.com\/angers\/wp-json\/wp\/v2\/comments?post=12058"}],"version-history":[{"count":1,"href":"https:\/\/www.salon-zenetbio.com\/angers\/wp-json\/wp\/v2\/pages\/12058\/revisions"}],"predecessor-version":[{"id":12059,"href":"https:\/\/www.salon-zenetbio.com\/angers\/wp-json\/wp\/v2\/pages\/12058\/revisions\/12059"}],"wp:attachment":[{"href":"https:\/\/www.salon-zenetbio.com\/angers\/wp-json\/wp\/v2\/media?parent=12058"}],"curies":[{"name":"wp","href":"https:\/\/api.w.org\/{rel}","templated":true}]}}