{"id":12070,"date":"2025-11-28T16:09:21","date_gmt":"2025-11-28T15:09:21","guid":{"rendered":"https:\/\/www.salon-zenetbio.com\/angers\/?page_id=12070"},"modified":"2025-11-28T16:15:14","modified_gmt":"2025-11-28T15:15:14","slug":"se-loger","status":"publish","type":"page","link":"https:\/\/www.salon-zenetbio.com\/angers\/informations-pratiques\/se-loger\/","title":{"rendered":"Se loger"},"content":{"rendered":"<h2>R\u00e9servez votre h\u00e9bergement pour Zen&amp;Bio Angers !<\/h2>\n<p><a href=\"https:\/\/platform.revolugo.com\/hotels?wid=zen-and-bio-angers-2026\" target=\"_blank\" rel=\"noopener\"><strong>Revolugo<\/strong><\/a> est l\u2019agence partenaire officielle pour le salon Zen&amp;Bio Angers.<\/p>\n<p>Votre r\u00e9servation d\u2019h\u00f4tel, vos donn\u00e9es et informations personnelles sont prot\u00e9g\u00e9es et s\u00e9curis\u00e9es.<\/p>\n<p>Afin de b\u00e9n\u00e9ficier de tarifs exclusifs, nous vous recommandons de r\u00e9server votre s\u00e9jour le plus t\u00f4t possible.<\/p>\n<p>Retrouvez ci-dessous une liste d\u2019h\u00f4tels proposant leurs meilleurs tarifs afin de vous accueillir.<\/p>\n<p>Pour tout renseignement ou assistance pour les\u00a0<strong>groupes<\/strong>,\u00a0n\u2019h\u00e9sitez pas \u00e0 contacter le +33 1 80 06 62 88 ou envoyer un mail \u00e0\u00a0<a href=\"mailto:reservations@revolugo.com\">reservations@revolugo.com<\/a><\/p>\n<p><script id=\"revolugo-widget\" src=\"https:\/\/widget.revolugo.com\/embed\" data-wid=\"zen-and-bio-angers-2026\"><\/script><\/p>\n","protected":false},"excerpt":{"rendered":"<p>R\u00e9servez votre h\u00e9bergement pour Zen&amp;Bio Angers ! Revolugo est l\u2019agence partenaire officielle pour le salon Zen&amp;Bio Angers. Votre r\u00e9servation d\u2019h\u00f4tel, vos donn\u00e9es et informations personnelles sont prot\u00e9g\u00e9es et s\u00e9curis\u00e9es. Afin de b\u00e9n\u00e9ficier de tarifs exclusifs, nous vous recommandons de r\u00e9server votre s\u00e9jour le plus t\u00f4t possible. Retrouvez ci-dessous une liste d\u2019h\u00f4tels proposant leurs meilleurs tarifs&hellip; <\/p>\n","protected":false},"author":8,"featured_media":0,"parent":3598,"menu_order":4,"comment_status":"closed","ping_status":"closed","template":"","meta":{"_monsterinsights_skip_tracking":false,"_monsterinsights_sitenote_active":false,"_monsterinsights_sitenote_note":"","_monsterinsights_sitenote_category":0,"footnotes":""},"class_list":["post-12070","page","type-page","status-publish","hentry"],"yoast_head":"<!-- This site is optimized with the Yoast SEO plugin v27.3 - https:\/\/yoast.com\/product\/yoast-seo-wordpress\/ -->\n<title>Se loger - Z&amp;B Angers<\/title>\n<meta name=\"robots\" content=\"index, follow, max-snippet:-1, max-image-preview:large, max-video-preview:-1\" \/>\n<link rel=\"canonical\" href=\"http:\/\/www.salon-zenetbio.com\/angers\/informations-pratiques\/se-loger\/\" \/>\n<meta property=\"og:locale\" content=\"fr_FR\" \/>\n<meta property=\"og:type\" content=\"article\" \/>\n<meta property=\"og:title\" content=\"Se loger - Z&amp;B Angers\" \/>\n<meta property=\"og:description\" content=\"R\u00e9servez votre h\u00e9bergement pour Zen&amp;Bio Angers ! Revolugo est l\u2019agence partenaire officielle pour le salon Zen&amp;Bio Angers. Votre r\u00e9servation d\u2019h\u00f4tel, vos donn\u00e9es et informations personnelles sont prot\u00e9g\u00e9es et s\u00e9curis\u00e9es. Afin de b\u00e9n\u00e9ficier de tarifs exclusifs, nous vous recommandons de r\u00e9server votre s\u00e9jour le plus t\u00f4t possible. Retrouvez ci-dessous une liste d\u2019h\u00f4tels proposant leurs meilleurs tarifs&hellip;\" \/>\n<meta property=\"og:url\" content=\"http:\/\/www.salon-zenetbio.com\/angers\/informations-pratiques\/se-loger\/\" \/>\n<meta property=\"og:site_name\" content=\"Z&amp;B Angers\" \/>\n<meta property=\"article:modified_time\" content=\"2025-11-28T15:15:14+00:00\" \/>\n<meta name=\"twitter:card\" content=\"summary_large_image\" \/>\n<meta name=\"twitter:label1\" content=\"Dur\u00e9e de lecture estim\u00e9e\" \/>\n\t<meta name=\"twitter:data1\" content=\"1 minute\" \/>\n<script type=\"application\/ld+json\" class=\"yoast-schema-graph\">{\"@context\":\"https:\\\/\\\/schema.org\",\"@graph\":[{\"@type\":\"WebPage\",\"@id\":\"http:\\\/\\\/www.salon-zenetbio.com\\\/angers\\\/informations-pratiques\\\/se-loger\\\/\",\"url\":\"http:\\\/\\\/www.salon-zenetbio.com\\\/angers\\\/informations-pratiques\\\/se-loger\\\/\",\"name\":\"Se loger - Z&amp;B Angers\",\"isPartOf\":{\"@id\":\"https:\\\/\\\/www.salon-zenetbio.com\\\/angers\\\/#website\"},\"datePublished\":\"2025-11-28T15:09:21+00:00\",\"dateModified\":\"2025-11-28T15:15:14+00:00\",\"breadcrumb\":{\"@id\":\"http:\\\/\\\/www.salon-zenetbio.com\\\/angers\\\/informations-pratiques\\\/se-loger\\\/#breadcrumb\"},\"inLanguage\":\"fr-FR\",\"potentialAction\":[{\"@type\":\"ReadAction\",\"target\":[\"http:\\\/\\\/www.salon-zenetbio.com\\\/angers\\\/informations-pratiques\\\/se-loger\\\/\"]}]},{\"@type\":\"BreadcrumbList\",\"@id\":\"http:\\\/\\\/www.salon-zenetbio.com\\\/angers\\\/informations-pratiques\\\/se-loger\\\/#breadcrumb\",\"itemListElement\":[{\"@type\":\"ListItem\",\"position\":1,\"name\":\"Accueil\",\"item\":\"https:\\\/\\\/www.salon-zenetbio.com\\\/angers\\\/\"},{\"@type\":\"ListItem\",\"position\":2,\"name\":\"Informations pratiques\",\"item\":\"https:\\\/\\\/www.salon-zenetbio.com\\\/angers\\\/informations-pratiques\\\/\"},{\"@type\":\"ListItem\",\"position\":3,\"name\":\"Se loger\"}]},{\"@type\":\"WebSite\",\"@id\":\"https:\\\/\\\/www.salon-zenetbio.com\\\/angers\\\/#website\",\"url\":\"https:\\\/\\\/www.salon-zenetbio.com\\\/angers\\\/\",\"name\":\"Z&amp;B Angers\",\"description\":\"Zen&amp;Bio Angers : votre salon \u00e9colo, bio, bien-\u00eatre et habitat sain\",\"publisher\":{\"@id\":\"https:\\\/\\\/www.salon-zenetbio.com\\\/angers\\\/#organization\"},\"potentialAction\":[{\"@type\":\"SearchAction\",\"target\":{\"@type\":\"EntryPoint\",\"urlTemplate\":\"https:\\\/\\\/www.salon-zenetbio.com\\\/angers\\\/?s={search_term_string}\"},\"query-input\":{\"@type\":\"PropertyValueSpecification\",\"valueRequired\":true,\"valueName\":\"search_term_string\"}}],\"inLanguage\":\"fr-FR\"},{\"@type\":\"Organization\",\"@id\":\"https:\\\/\\\/www.salon-zenetbio.com\\\/angers\\\/#organization\",\"name\":\"Z&amp;B Angers\",\"url\":\"https:\\\/\\\/www.salon-zenetbio.com\\\/angers\\\/\",\"logo\":{\"@type\":\"ImageObject\",\"inLanguage\":\"fr-FR\",\"@id\":\"https:\\\/\\\/www.salon-zenetbio.com\\\/angers\\\/#\\\/schema\\\/logo\\\/image\\\/\",\"url\":\"https:\\\/\\\/www.salon-zenetbio.com\\\/angers\\\/wp-content\\\/uploads\\\/sites\\\/8\\\/2025\\\/11\\\/cropped-Logo-ZEN-et-BIO-angers-2026.png\",\"contentUrl\":\"https:\\\/\\\/www.salon-zenetbio.com\\\/angers\\\/wp-content\\\/uploads\\\/sites\\\/8\\\/2025\\\/11\\\/cropped-Logo-ZEN-et-BIO-angers-2026.png\",\"width\":921,\"height\":255,\"caption\":\"Z&amp;B Angers\"},\"image\":{\"@id\":\"https:\\\/\\\/www.salon-zenetbio.com\\\/angers\\\/#\\\/schema\\\/logo\\\/image\\\/\"}}]}<\/script>\n<!-- \/ Yoast SEO plugin. -->","yoast_head_json":{"title":"Se loger - Z&amp;B Angers","robots":{"index":"index","follow":"follow","max-snippet":"max-snippet:-1","max-image-preview":"max-image-preview:large","max-video-preview":"max-video-preview:-1"},"canonical":"http:\/\/www.salon-zenetbio.com\/angers\/informations-pratiques\/se-loger\/","og_locale":"fr_FR","og_type":"article","og_title":"Se loger - Z&amp;B Angers","og_description":"R\u00e9servez votre h\u00e9bergement pour Zen&amp;Bio Angers ! Revolugo est l\u2019agence partenaire officielle pour le salon Zen&amp;Bio Angers. Votre r\u00e9servation d\u2019h\u00f4tel, vos donn\u00e9es et informations personnelles sont prot\u00e9g\u00e9es et s\u00e9curis\u00e9es. Afin de b\u00e9n\u00e9ficier de tarifs exclusifs, nous vous recommandons de r\u00e9server votre s\u00e9jour le plus t\u00f4t possible. Retrouvez ci-dessous une liste d\u2019h\u00f4tels proposant leurs meilleurs tarifs&hellip;","og_url":"http:\/\/www.salon-zenetbio.com\/angers\/informations-pratiques\/se-loger\/","og_site_name":"Z&amp;B Angers","article_modified_time":"2025-11-28T15:15:14+00:00","twitter_card":"summary_large_image","twitter_misc":{"Dur\u00e9e de lecture estim\u00e9e":"1 minute"},"schema":{"@context":"https:\/\/schema.org","@graph":[{"@type":"WebPage","@id":"http:\/\/www.salon-zenetbio.com\/angers\/informations-pratiques\/se-loger\/","url":"http:\/\/www.salon-zenetbio.com\/angers\/informations-pratiques\/se-loger\/","name":"Se loger - Z&amp;B Angers","isPartOf":{"@id":"https:\/\/www.salon-zenetbio.com\/angers\/#website"},"datePublished":"2025-11-28T15:09:21+00:00","dateModified":"2025-11-28T15:15:14+00:00","breadcrumb":{"@id":"http:\/\/www.salon-zenetbio.com\/angers\/informations-pratiques\/se-loger\/#breadcrumb"},"inLanguage":"fr-FR","potentialAction":[{"@type":"ReadAction","target":["http:\/\/www.salon-zenetbio.com\/angers\/informations-pratiques\/se-loger\/"]}]},{"@type":"BreadcrumbList","@id":"http:\/\/www.salon-zenetbio.com\/angers\/informations-pratiques\/se-loger\/#breadcrumb","itemListElement":[{"@type":"ListItem","position":1,"name":"Accueil","item":"https:\/\/www.salon-zenetbio.com\/angers\/"},{"@type":"ListItem","position":2,"name":"Informations pratiques","item":"https:\/\/www.salon-zenetbio.com\/angers\/informations-pratiques\/"},{"@type":"ListItem","position":3,"name":"Se loger"}]},{"@type":"WebSite","@id":"https:\/\/www.salon-zenetbio.com\/angers\/#website","url":"https:\/\/www.salon-zenetbio.com\/angers\/","name":"Z&amp;B Angers","description":"Zen&amp;Bio Angers : votre salon \u00e9colo, bio, bien-\u00eatre et habitat sain","publisher":{"@id":"https:\/\/www.salon-zenetbio.com\/angers\/#organization"},"potentialAction":[{"@type":"SearchAction","target":{"@type":"EntryPoint","urlTemplate":"https:\/\/www.salon-zenetbio.com\/angers\/?s={search_term_string}"},"query-input":{"@type":"PropertyValueSpecification","valueRequired":true,"valueName":"search_term_string"}}],"inLanguage":"fr-FR"},{"@type":"Organization","@id":"https:\/\/www.salon-zenetbio.com\/angers\/#organization","name":"Z&amp;B Angers","url":"https:\/\/www.salon-zenetbio.com\/angers\/","logo":{"@type":"ImageObject","inLanguage":"fr-FR","@id":"https:\/\/www.salon-zenetbio.com\/angers\/#\/schema\/logo\/image\/","url":"https:\/\/www.salon-zenetbio.com\/angers\/wp-content\/uploads\/sites\/8\/2025\/11\/cropped-Logo-ZEN-et-BIO-angers-2026.png","contentUrl":"https:\/\/www.salon-zenetbio.com\/angers\/wp-content\/uploads\/sites\/8\/2025\/11\/cropped-Logo-ZEN-et-BIO-angers-2026.png","width":921,"height":255,"caption":"Z&amp;B Angers"},"image":{"@id":"https:\/\/www.salon-zenetbio.com\/angers\/#\/schema\/logo\/image\/"}}]}},"_links":{"self":[{"href":"https:\/\/www.salon-zenetbio.com\/angers\/wp-json\/wp\/v2\/pages\/12070","targetHints":{"allow":["GET"]}}],"collection":[{"href":"https:\/\/www.salon-zenetbio.com\/angers\/wp-json\/wp\/v2\/pages"}],"about":[{"href":"https:\/\/www.salon-zenetbio.com\/angers\/wp-json\/wp\/v2\/types\/page"}],"author":[{"embeddable":true,"href":"https:\/\/www.salon-zenetbio.com\/angers\/wp-json\/wp\/v2\/users\/8"}],"replies":[{"embeddable":true,"href":"https:\/\/www.salon-zenetbio.com\/angers\/wp-json\/wp\/v2\/comments?post=12070"}],"version-history":[{"count":2,"href":"https:\/\/www.salon-zenetbio.com\/angers\/wp-json\/wp\/v2\/pages\/12070\/revisions"}],"predecessor-version":[{"id":12072,"href":"https:\/\/www.salon-zenetbio.com\/angers\/wp-json\/wp\/v2\/pages\/12070\/revisions\/12072"}],"up":[{"embeddable":true,"href":"https:\/\/www.salon-zenetbio.com\/angers\/wp-json\/wp\/v2\/pages\/3598"}],"wp:attachment":[{"href":"https:\/\/www.salon-zenetbio.com\/angers\/wp-json\/wp\/v2\/media?parent=12070"}],"curies":[{"name":"wp","href":"https:\/\/api.w.org\/{rel}","templated":true}]}}