{"id":13099,"date":"2026-04-21T10:48:23","date_gmt":"2026-04-21T08:48:23","guid":{"rendered":"https:\/\/www.salon-zenetbio.com\/angers\/?page_id=13099"},"modified":"2026-04-21T10:48:23","modified_gmt":"2026-04-21T08:48:23","slug":"thierry-souccar-editions","status":"publish","type":"page","link":"https:\/\/www.salon-zenetbio.com\/angers\/thierry-souccar-editions\/","title":{"rendered":"Thierry Souccar \u00c9ditions"},"content":{"rendered":"<p><img decoding=\"async\" class=\"\" src=\"https:\/\/thierrysouccar.com\/cdn\/shop\/files\/logo_Souccar.png?v=1728036698&amp;width=1515\" alt=\"Livres Sant\u00e9, Nutrition, Bien-\u00eatre | Thierry Souccar \u00c9ditions\" width=\"337\" height=\"106\" \/><\/p>\n<p>Souccar \u00c9ditions est une maison d\u2019\u00e9dition ind\u00e9pendante d\u00e9di\u00e9e \u00e0 la sant\u00e9 naturelle, \u00e0 la nutrition et au bien-\u00eatre.<\/p>\n<p>Fond\u00e9e par Thierry Souccar, elle a pour mission de diffuser des informations fiables et accessibles, bas\u00e9es sur des donn\u00e9es scientifiques, afin d\u2019aider le grand public \u00e0 faire des choix \u00e9clair\u00e9s pour sa sant\u00e9. Son catalogue comprend des livres, enqu\u00eates, guides pratiques et contenus en ligne abordant des th\u00e9matiques comme l\u2019alimentation, la pr\u00e9vention des maladies ou encore les m\u00e9decines alternatives.<\/p>\n<p>\u00c0 travers son site internet, la maison d\u2019\u00e9dition propose \u00e9galement des articles, des conseils et des ressources r\u00e9guli\u00e8rement mis \u00e0 jour, ce qui en fait une r\u00e9f\u00e9rence reconnue pour les lecteurs int\u00e9ress\u00e9s par une approche globale et inform\u00e9e du mieux-\u00eatre.<\/p>\n<p><img decoding=\"async\" class=\"\" src=\"https:\/\/thierrysouccar.com\/cdn\/shop\/collections\/souccar-thierry-portrait.jpg?v=1741339669&amp;width=2048\" alt=\"Thierry Souccar | Thierry Souccar \u00c9ditions\" width=\"191\" height=\"255\" \/><\/p>\n<p>Visiter le\u00a0<a href=\"https:\/\/thierrysouccar.com\/?srsltid=AfmBOopMQAssUv7cvnbSjWd8m9-f22jsHxgpwFJlIKur-Y166eWKnM4J\" target=\"_blank\" rel=\"noopener\">site internet<\/a><\/p>\n","protected":false},"excerpt":{"rendered":"<p>Souccar \u00c9ditions est une maison d\u2019\u00e9dition ind\u00e9pendante d\u00e9di\u00e9e \u00e0 la sant\u00e9 naturelle, \u00e0 la nutrition et au bien-\u00eatre. Fond\u00e9e par Thierry Souccar, elle a pour mission de diffuser des informations fiables et accessibles, bas\u00e9es sur des donn\u00e9es scientifiques, afin d\u2019aider le grand public \u00e0 faire des choix \u00e9clair\u00e9s pour sa sant\u00e9. Son catalogue comprend des&hellip; <\/p>\n","protected":false},"author":6,"featured_media":0,"parent":0,"menu_order":0,"comment_status":"closed","ping_status":"closed","template":"","meta":{"_monsterinsights_skip_tracking":false,"_monsterinsights_sitenote_active":false,"_monsterinsights_sitenote_note":"","_monsterinsights_sitenote_category":0,"footnotes":""},"class_list":["post-13099","page","type-page","status-publish","hentry"],"yoast_head":"<!-- This site is optimized with the Yoast SEO plugin v27.3 - https:\/\/yoast.com\/product\/yoast-seo-wordpress\/ -->\n<title>Thierry Souccar \u00c9ditions - Z&amp;B Angers<\/title>\n<meta name=\"robots\" content=\"index, follow, max-snippet:-1, max-image-preview:large, max-video-preview:-1\" \/>\n<link rel=\"canonical\" href=\"https:\/\/www.salon-zenetbio.com\/angers\/thierry-souccar-editions\/\" \/>\n<meta property=\"og:locale\" content=\"fr_FR\" \/>\n<meta property=\"og:type\" content=\"article\" \/>\n<meta property=\"og:title\" content=\"Thierry Souccar \u00c9ditions - Z&amp;B Angers\" \/>\n<meta property=\"og:description\" content=\"Souccar \u00c9ditions est une maison d\u2019\u00e9dition ind\u00e9pendante d\u00e9di\u00e9e \u00e0 la sant\u00e9 naturelle, \u00e0 la nutrition et au bien-\u00eatre. Fond\u00e9e par Thierry Souccar, elle a pour mission de diffuser des informations fiables et accessibles, bas\u00e9es sur des donn\u00e9es scientifiques, afin d\u2019aider le grand public \u00e0 faire des choix \u00e9clair\u00e9s pour sa sant\u00e9. Son catalogue comprend des&hellip;\" \/>\n<meta property=\"og:url\" content=\"https:\/\/www.salon-zenetbio.com\/angers\/thierry-souccar-editions\/\" \/>\n<meta property=\"og:site_name\" content=\"Z&amp;B Angers\" \/>\n<meta property=\"og:image\" content=\"https:\/\/thierrysouccar.com\/cdn\/shop\/files\/logo_Souccar.png?v=1728036698&amp;width=1515\" \/>\n<meta name=\"twitter:card\" content=\"summary_large_image\" \/>\n<meta name=\"twitter:label1\" content=\"Dur\u00e9e de lecture estim\u00e9e\" \/>\n\t<meta name=\"twitter:data1\" content=\"2 minutes\" \/>\n<script type=\"application\/ld+json\" class=\"yoast-schema-graph\">{\"@context\":\"https:\\\/\\\/schema.org\",\"@graph\":[{\"@type\":\"WebPage\",\"@id\":\"https:\\\/\\\/www.salon-zenetbio.com\\\/angers\\\/thierry-souccar-editions\\\/\",\"url\":\"https:\\\/\\\/www.salon-zenetbio.com\\\/angers\\\/thierry-souccar-editions\\\/\",\"name\":\"Thierry Souccar \u00c9ditions - Z&amp;B Angers\",\"isPartOf\":{\"@id\":\"http:\\\/\\\/www.salon-zenetbio.com\\\/angers\\\/#website\"},\"primaryImageOfPage\":{\"@id\":\"https:\\\/\\\/www.salon-zenetbio.com\\\/angers\\\/thierry-souccar-editions\\\/#primaryimage\"},\"image\":{\"@id\":\"https:\\\/\\\/www.salon-zenetbio.com\\\/angers\\\/thierry-souccar-editions\\\/#primaryimage\"},\"thumbnailUrl\":\"https:\\\/\\\/thierrysouccar.com\\\/cdn\\\/shop\\\/files\\\/logo_Souccar.png?v=1728036698&amp;width=1515\",\"datePublished\":\"2026-04-21T08:48:23+00:00\",\"breadcrumb\":{\"@id\":\"https:\\\/\\\/www.salon-zenetbio.com\\\/angers\\\/thierry-souccar-editions\\\/#breadcrumb\"},\"inLanguage\":\"fr-FR\",\"potentialAction\":[{\"@type\":\"ReadAction\",\"target\":[\"https:\\\/\\\/www.salon-zenetbio.com\\\/angers\\\/thierry-souccar-editions\\\/\"]}]},{\"@type\":\"ImageObject\",\"inLanguage\":\"fr-FR\",\"@id\":\"https:\\\/\\\/www.salon-zenetbio.com\\\/angers\\\/thierry-souccar-editions\\\/#primaryimage\",\"url\":\"https:\\\/\\\/thierrysouccar.com\\\/cdn\\\/shop\\\/files\\\/logo_Souccar.png?v=1728036698&amp;width=1515\",\"contentUrl\":\"https:\\\/\\\/thierrysouccar.com\\\/cdn\\\/shop\\\/files\\\/logo_Souccar.png?v=1728036698&amp;width=1515\"},{\"@type\":\"BreadcrumbList\",\"@id\":\"https:\\\/\\\/www.salon-zenetbio.com\\\/angers\\\/thierry-souccar-editions\\\/#breadcrumb\",\"itemListElement\":[{\"@type\":\"ListItem\",\"position\":1,\"name\":\"Accueil\",\"item\":\"http:\\\/\\\/www.salon-zenetbio.com\\\/angers\\\/\"},{\"@type\":\"ListItem\",\"position\":2,\"name\":\"Thierry Souccar \u00c9ditions\"}]},{\"@type\":\"WebSite\",\"@id\":\"http:\\\/\\\/www.salon-zenetbio.com\\\/angers\\\/#website\",\"url\":\"http:\\\/\\\/www.salon-zenetbio.com\\\/angers\\\/\",\"name\":\"Z&amp;B Angers\",\"description\":\"Zen&amp;Bio Angers : votre salon \u00e9colo, bio, bien-\u00eatre et habitat sain\",\"publisher\":{\"@id\":\"http:\\\/\\\/www.salon-zenetbio.com\\\/angers\\\/#organization\"},\"potentialAction\":[{\"@type\":\"SearchAction\",\"target\":{\"@type\":\"EntryPoint\",\"urlTemplate\":\"http:\\\/\\\/www.salon-zenetbio.com\\\/angers\\\/?s={search_term_string}\"},\"query-input\":{\"@type\":\"PropertyValueSpecification\",\"valueRequired\":true,\"valueName\":\"search_term_string\"}}],\"inLanguage\":\"fr-FR\"},{\"@type\":\"Organization\",\"@id\":\"http:\\\/\\\/www.salon-zenetbio.com\\\/angers\\\/#organization\",\"name\":\"Z&amp;B Angers\",\"url\":\"http:\\\/\\\/www.salon-zenetbio.com\\\/angers\\\/\",\"logo\":{\"@type\":\"ImageObject\",\"inLanguage\":\"fr-FR\",\"@id\":\"http:\\\/\\\/www.salon-zenetbio.com\\\/angers\\\/#\\\/schema\\\/logo\\\/image\\\/\",\"url\":\"https:\\\/\\\/www.salon-zenetbio.com\\\/angers\\\/wp-content\\\/uploads\\\/sites\\\/8\\\/2025\\\/11\\\/cropped-Logo-ZEN-et-BIO-angers-2026.png\",\"contentUrl\":\"https:\\\/\\\/www.salon-zenetbio.com\\\/angers\\\/wp-content\\\/uploads\\\/sites\\\/8\\\/2025\\\/11\\\/cropped-Logo-ZEN-et-BIO-angers-2026.png\",\"width\":921,\"height\":255,\"caption\":\"Z&amp;B Angers\"},\"image\":{\"@id\":\"http:\\\/\\\/www.salon-zenetbio.com\\\/angers\\\/#\\\/schema\\\/logo\\\/image\\\/\"}}]}<\/script>\n<!-- \/ Yoast SEO plugin. -->","yoast_head_json":{"title":"Thierry Souccar \u00c9ditions - Z&amp;B Angers","robots":{"index":"index","follow":"follow","max-snippet":"max-snippet:-1","max-image-preview":"max-image-preview:large","max-video-preview":"max-video-preview:-1"},"canonical":"https:\/\/www.salon-zenetbio.com\/angers\/thierry-souccar-editions\/","og_locale":"fr_FR","og_type":"article","og_title":"Thierry Souccar \u00c9ditions - Z&amp;B Angers","og_description":"Souccar \u00c9ditions est une maison d\u2019\u00e9dition ind\u00e9pendante d\u00e9di\u00e9e \u00e0 la sant\u00e9 naturelle, \u00e0 la nutrition et au bien-\u00eatre. Fond\u00e9e par Thierry Souccar, elle a pour mission de diffuser des informations fiables et accessibles, bas\u00e9es sur des donn\u00e9es scientifiques, afin d\u2019aider le grand public \u00e0 faire des choix \u00e9clair\u00e9s pour sa sant\u00e9. Son catalogue comprend des&hellip;","og_url":"https:\/\/www.salon-zenetbio.com\/angers\/thierry-souccar-editions\/","og_site_name":"Z&amp;B Angers","og_image":[{"url":"https:\/\/thierrysouccar.com\/cdn\/shop\/files\/logo_Souccar.png?v=1728036698&amp;width=1515","type":"","width":"","height":""}],"twitter_card":"summary_large_image","twitter_misc":{"Dur\u00e9e de lecture estim\u00e9e":"2 minutes"},"schema":{"@context":"https:\/\/schema.org","@graph":[{"@type":"WebPage","@id":"https:\/\/www.salon-zenetbio.com\/angers\/thierry-souccar-editions\/","url":"https:\/\/www.salon-zenetbio.com\/angers\/thierry-souccar-editions\/","name":"Thierry Souccar \u00c9ditions - Z&amp;B Angers","isPartOf":{"@id":"http:\/\/www.salon-zenetbio.com\/angers\/#website"},"primaryImageOfPage":{"@id":"https:\/\/www.salon-zenetbio.com\/angers\/thierry-souccar-editions\/#primaryimage"},"image":{"@id":"https:\/\/www.salon-zenetbio.com\/angers\/thierry-souccar-editions\/#primaryimage"},"thumbnailUrl":"https:\/\/thierrysouccar.com\/cdn\/shop\/files\/logo_Souccar.png?v=1728036698&amp;width=1515","datePublished":"2026-04-21T08:48:23+00:00","breadcrumb":{"@id":"https:\/\/www.salon-zenetbio.com\/angers\/thierry-souccar-editions\/#breadcrumb"},"inLanguage":"fr-FR","potentialAction":[{"@type":"ReadAction","target":["https:\/\/www.salon-zenetbio.com\/angers\/thierry-souccar-editions\/"]}]},{"@type":"ImageObject","inLanguage":"fr-FR","@id":"https:\/\/www.salon-zenetbio.com\/angers\/thierry-souccar-editions\/#primaryimage","url":"https:\/\/thierrysouccar.com\/cdn\/shop\/files\/logo_Souccar.png?v=1728036698&amp;width=1515","contentUrl":"https:\/\/thierrysouccar.com\/cdn\/shop\/files\/logo_Souccar.png?v=1728036698&amp;width=1515"},{"@type":"BreadcrumbList","@id":"https:\/\/www.salon-zenetbio.com\/angers\/thierry-souccar-editions\/#breadcrumb","itemListElement":[{"@type":"ListItem","position":1,"name":"Accueil","item":"http:\/\/www.salon-zenetbio.com\/angers\/"},{"@type":"ListItem","position":2,"name":"Thierry Souccar \u00c9ditions"}]},{"@type":"WebSite","@id":"http:\/\/www.salon-zenetbio.com\/angers\/#website","url":"http:\/\/www.salon-zenetbio.com\/angers\/","name":"Z&amp;B Angers","description":"Zen&amp;Bio Angers : votre salon \u00e9colo, bio, bien-\u00eatre et habitat sain","publisher":{"@id":"http:\/\/www.salon-zenetbio.com\/angers\/#organization"},"potentialAction":[{"@type":"SearchAction","target":{"@type":"EntryPoint","urlTemplate":"http:\/\/www.salon-zenetbio.com\/angers\/?s={search_term_string}"},"query-input":{"@type":"PropertyValueSpecification","valueRequired":true,"valueName":"search_term_string"}}],"inLanguage":"fr-FR"},{"@type":"Organization","@id":"http:\/\/www.salon-zenetbio.com\/angers\/#organization","name":"Z&amp;B Angers","url":"http:\/\/www.salon-zenetbio.com\/angers\/","logo":{"@type":"ImageObject","inLanguage":"fr-FR","@id":"http:\/\/www.salon-zenetbio.com\/angers\/#\/schema\/logo\/image\/","url":"https:\/\/www.salon-zenetbio.com\/angers\/wp-content\/uploads\/sites\/8\/2025\/11\/cropped-Logo-ZEN-et-BIO-angers-2026.png","contentUrl":"https:\/\/www.salon-zenetbio.com\/angers\/wp-content\/uploads\/sites\/8\/2025\/11\/cropped-Logo-ZEN-et-BIO-angers-2026.png","width":921,"height":255,"caption":"Z&amp;B Angers"},"image":{"@id":"http:\/\/www.salon-zenetbio.com\/angers\/#\/schema\/logo\/image\/"}}]}},"_links":{"self":[{"href":"https:\/\/www.salon-zenetbio.com\/angers\/wp-json\/wp\/v2\/pages\/13099","targetHints":{"allow":["GET"]}}],"collection":[{"href":"https:\/\/www.salon-zenetbio.com\/angers\/wp-json\/wp\/v2\/pages"}],"about":[{"href":"https:\/\/www.salon-zenetbio.com\/angers\/wp-json\/wp\/v2\/types\/page"}],"author":[{"embeddable":true,"href":"https:\/\/www.salon-zenetbio.com\/angers\/wp-json\/wp\/v2\/users\/6"}],"replies":[{"embeddable":true,"href":"https:\/\/www.salon-zenetbio.com\/angers\/wp-json\/wp\/v2\/comments?post=13099"}],"version-history":[{"count":1,"href":"https:\/\/www.salon-zenetbio.com\/angers\/wp-json\/wp\/v2\/pages\/13099\/revisions"}],"predecessor-version":[{"id":13100,"href":"https:\/\/www.salon-zenetbio.com\/angers\/wp-json\/wp\/v2\/pages\/13099\/revisions\/13100"}],"wp:attachment":[{"href":"https:\/\/www.salon-zenetbio.com\/angers\/wp-json\/wp\/v2\/media?parent=13099"}],"curies":[{"name":"wp","href":"https:\/\/api.w.org\/{rel}","templated":true}]}}