{"id":2458,"date":"2017-01-24T14:19:20","date_gmt":"2017-01-24T13:19:20","guid":{"rendered":"http:\/\/localhost:8888\/zen\/?page_id=2458"},"modified":"2026-03-11T10:59:48","modified_gmt":"2026-03-11T09:59:48","slug":"presse","status":"publish","type":"page","link":"https:\/\/www.salon-zenetbio.com\/angers\/presse\/presse\/","title":{"rendered":"Espace communication\/presse"},"content":{"rendered":"<h1>Bienvenue dans l&rsquo;espace presse du salon Zen &amp; Bio Angers<\/h1>\n<p>Ici vous pouvez t\u00e9l\u00e9charger les documents presse, logos et visuels en haute d\u00e9finition pour vos usages d\u2019impression et de communication.<\/p>\n<p><a href=\"https:\/\/www.salon-zenetbio.com\/le-reseau\/comment-inserer-le-visuel-et-le-lien-sur-vos-supports\/\" target=\"_blank\" rel=\"noopener\">Cliquez ici<\/a> pour savoir comment ajouter le visuel et le lien de l\u2019entr\u00e9e gratuite du salon \u00e0 vos supports.<\/p>\n<hr \/>\n<h2><strong>Documents presse<\/strong><\/h2>\n<ul>\n<li>CP R\u00e9seau Zen&amp;Bio : <a href=\"https:\/\/www.salon-zenetbio.com\/angers\/wp-content\/uploads\/sites\/8\/2026\/03\/Zenbio-reseau-2026-E4.pdf\" target=\"_blank\" rel=\"noopener\">Les salons du R\u00e9seau Zen&amp;Bio reviennent partout en France en 2026<\/a><\/li>\n<li>CP1 Angers : 3<a href=\"https:\/\/www.salon-zenetbio.com\/angers\/wp-content\/uploads\/sites\/8\/2026\/03\/ZenBio-Angers-fev26-CP1-E3.pdf\" target=\"_blank\" rel=\"noopener\"> jours pour se r\u00e9\u00e9quilibrer&#8230; et mieux consommer<\/a><\/li>\n<li>CP2 Angers : <a href=\"https:\/\/www.salon-zenetbio.com\/angers\/wp-content\/uploads\/sites\/8\/2026\/03\/ZenBio-Angers-fev26-CP2-E3.pdf\" target=\"_blank\" rel=\"noopener\">3 jours pour se reconnecter \u00e0 l\u2019essentiel, retrouver son \u00e9quilibre et d\u00e9couvrir le meilleur du bio et du bien-\u00eatre<\/a><\/li>\n<\/ul>\n<p><em style=\"color: #999999;\"><a style=\"color: #999999;\" href=\"https:\/\/www.salon-zenetbio.com\/angers\/archives-presse-zen-bio-angers\/\" target=\"_blank\" rel=\"noopener noreferrer\">Consultez les archives presse du salon<\/a><\/em><\/p>\n<hr \/>\n<h2><strong>Les outils de communication<\/strong><\/h2>\n<h3><strong>Le logo du salon<\/strong><\/h3>\n<p style=\"text-align: left;\">\u00a0 \u00a0 \u00a0 \u00a0 \u00a0 \u00a0 \u00a0 \u00a0 \u00a0<a href=\"https:\/\/www.salon-zenetbio.com\/angers\/wp-content\/uploads\/sites\/8\/2025\/01\/logo-zenetbio-copie.png\" target=\"_blank\" rel=\"noopener\">Le logo<\/a><br \/>\n<img decoding=\"async\" class=\"alignnone wp-image-11166 \" src=\"https:\/\/www.salon-zenetbio.com\/angers\/wp-content\/uploads\/sites\/8\/2025\/01\/logo-zenetbio-copie-e1738070722748.png\" alt=\"\" width=\"238\" height=\"75\" srcset=\"https:\/\/www.salon-zenetbio.com\/angers\/wp-content\/uploads\/sites\/8\/2025\/01\/logo-zenetbio-copie-e1738070722748.png 653w, https:\/\/www.salon-zenetbio.com\/angers\/wp-content\/uploads\/sites\/8\/2025\/01\/logo-zenetbio-copie-e1738070722748-300x95.png 300w, https:\/\/www.salon-zenetbio.com\/angers\/wp-content\/uploads\/sites\/8\/2025\/01\/logo-zenetbio-copie-e1738070722748-150x47.png 150w, https:\/\/www.salon-zenetbio.com\/angers\/wp-content\/uploads\/sites\/8\/2025\/01\/logo-zenetbio-copie-e1738070722748-500x158.png 500w\" sizes=\"(max-width: 238px) 100vw, 238px\" \/><\/p>\n<h3><strong>Les affichages du salon<\/strong><\/h3>\n<p><a href=\"https:\/\/www.salon-zenetbio.com\/angers\/wp-content\/uploads\/sites\/8\/2025\/12\/HD-ZEB-ANGERS26-AFF-A3-scaled.png\" target=\"_blank\" rel=\"noopener\">Affiche A3<\/a><\/p>\n<p><img fetchpriority=\"high\" decoding=\"async\" class=\"alignnone size-medium wp-image-12116\" src=\"https:\/\/www.salon-zenetbio.com\/angers\/wp-content\/uploads\/sites\/8\/2025\/12\/HD-ZEB-ANGERS26-AFF-A3-216x300.png\" alt=\"\" width=\"216\" height=\"300\" srcset=\"https:\/\/www.salon-zenetbio.com\/angers\/wp-content\/uploads\/sites\/8\/2025\/12\/HD-ZEB-ANGERS26-AFF-A3-216x300.png 216w, https:\/\/www.salon-zenetbio.com\/angers\/wp-content\/uploads\/sites\/8\/2025\/12\/HD-ZEB-ANGERS26-AFF-A3-738x1024.png 738w, https:\/\/www.salon-zenetbio.com\/angers\/wp-content\/uploads\/sites\/8\/2025\/12\/HD-ZEB-ANGERS26-AFF-A3-768x1066.png 768w, https:\/\/www.salon-zenetbio.com\/angers\/wp-content\/uploads\/sites\/8\/2025\/12\/HD-ZEB-ANGERS26-AFF-A3-1107x1536.png 1107w, https:\/\/www.salon-zenetbio.com\/angers\/wp-content\/uploads\/sites\/8\/2025\/12\/HD-ZEB-ANGERS26-AFF-A3-1476x2048.png 1476w, https:\/\/www.salon-zenetbio.com\/angers\/wp-content\/uploads\/sites\/8\/2025\/12\/HD-ZEB-ANGERS26-AFF-A3-150x208.png 150w, https:\/\/www.salon-zenetbio.com\/angers\/wp-content\/uploads\/sites\/8\/2025\/12\/HD-ZEB-ANGERS26-AFF-A3-360x500.png 360w, https:\/\/www.salon-zenetbio.com\/angers\/wp-content\/uploads\/sites\/8\/2025\/12\/HD-ZEB-ANGERS26-AFF-A3-scaled.png 1845w\" sizes=\"(max-width: 216px) 100vw, 216px\" \/><\/p>\n<p>&nbsp;<\/p>\n<h3><strong>Les banni\u00e8res du salon<\/strong><\/h3>\n<table style=\"border-collapse: collapse; width: 100%; height: 918px;\">\n<tbody>\n<tr style=\"height: 28px;\">\n<td style=\"width: 50%; height: 28px; text-align: center;\"><a href=\"https:\/\/www.salon-zenetbio.com\/angers\/wp-content\/uploads\/sites\/8\/2025\/12\/JPG-ANGERS26-BAN-580x250-mobile.jpg\" target=\"_blank\" rel=\"noopener\">Banni\u00e8re emailing<\/a><\/td>\n<td style=\"width: 50%; height: 28px; text-align: center;\"><a href=\"https:\/\/www.salon-zenetbio.com\/angers\/wp-content\/uploads\/sites\/8\/2025\/12\/JPG-ANGERS26-BAN-580x250-1.jpg\" target=\"_blank\" rel=\"noopener\">Banni\u00e8re emailing<\/a><\/td>\n<\/tr>\n<tr style=\"height: 148px;\">\n<td style=\"width: 50%; height: 148px; text-align: center;\"><img decoding=\"async\" class=\"alignnone size-medium wp-image-12117\" src=\"https:\/\/www.salon-zenetbio.com\/angers\/wp-content\/uploads\/sites\/8\/2025\/12\/JPG-ANGERS26-BAN-580x250-mobile-300x129.jpg\" alt=\"\" width=\"300\" height=\"129\" srcset=\"https:\/\/www.salon-zenetbio.com\/angers\/wp-content\/uploads\/sites\/8\/2025\/12\/JPG-ANGERS26-BAN-580x250-mobile-300x129.jpg 300w, https:\/\/www.salon-zenetbio.com\/angers\/wp-content\/uploads\/sites\/8\/2025\/12\/JPG-ANGERS26-BAN-580x250-mobile-150x65.jpg 150w, https:\/\/www.salon-zenetbio.com\/angers\/wp-content\/uploads\/sites\/8\/2025\/12\/JPG-ANGERS26-BAN-580x250-mobile-500x216.jpg 500w, https:\/\/www.salon-zenetbio.com\/angers\/wp-content\/uploads\/sites\/8\/2025\/12\/JPG-ANGERS26-BAN-580x250-mobile.jpg 580w\" sizes=\"(max-width: 300px) 100vw, 300px\" \/><\/td>\n<td style=\"width: 50%; height: 148px; text-align: center;\"><img loading=\"lazy\" decoding=\"async\" class=\"alignnone size-medium wp-image-12118\" src=\"https:\/\/www.salon-zenetbio.com\/angers\/wp-content\/uploads\/sites\/8\/2025\/12\/JPG-ANGERS26-BAN-580x250-1-300x129.jpg\" alt=\"\" width=\"300\" height=\"129\" srcset=\"https:\/\/www.salon-zenetbio.com\/angers\/wp-content\/uploads\/sites\/8\/2025\/12\/JPG-ANGERS26-BAN-580x250-1-300x129.jpg 300w, https:\/\/www.salon-zenetbio.com\/angers\/wp-content\/uploads\/sites\/8\/2025\/12\/JPG-ANGERS26-BAN-580x250-1-150x65.jpg 150w, https:\/\/www.salon-zenetbio.com\/angers\/wp-content\/uploads\/sites\/8\/2025\/12\/JPG-ANGERS26-BAN-580x250-1-500x216.jpg 500w, https:\/\/www.salon-zenetbio.com\/angers\/wp-content\/uploads\/sites\/8\/2025\/12\/JPG-ANGERS26-BAN-580x250-1.jpg 580w\" sizes=\"(max-width: 300px) 100vw, 300px\" \/><\/td>\n<\/tr>\n<tr style=\"height: 28px;\">\n<td style=\"width: 50%; text-align: center; height: 28px;\"><\/td>\n<td style=\"width: 50%; text-align: center; height: 28px;\"><\/td>\n<\/tr>\n<tr style=\"height: 28px;\">\n<td style=\"width: 50%; height: 28px; text-align: center;\"><a href=\"https:\/\/www.salon-zenetbio.com\/angers\/wp-content\/uploads\/sites\/8\/2025\/12\/JPG-ANGERS26-BAN-580x300-1.jpg\" target=\"_blank\" rel=\"noopener\">Banni\u00e8re emailing<\/a><\/td>\n<td style=\"width: 50%; height: 28px; text-align: center;\"><a href=\"https:\/\/www.salon-zenetbio.com\/angers\/wp-content\/uploads\/sites\/8\/2025\/12\/JPG-ANGERS26-BAN-580x750-1.jpg\" target=\"_blank\" rel=\"noopener\">Banni\u00e8re emailing<\/a><\/td>\n<\/tr>\n<tr style=\"height: 300px;\">\n<td style=\"width: 50%; text-align: center; height: 300px;\"><img loading=\"lazy\" decoding=\"async\" class=\"alignnone size-medium wp-image-12119\" src=\"https:\/\/www.salon-zenetbio.com\/angers\/wp-content\/uploads\/sites\/8\/2025\/12\/JPG-ANGERS26-BAN-580x300-1-300x155.jpg\" alt=\"\" width=\"300\" height=\"155\" srcset=\"https:\/\/www.salon-zenetbio.com\/angers\/wp-content\/uploads\/sites\/8\/2025\/12\/JPG-ANGERS26-BAN-580x300-1-300x155.jpg 300w, https:\/\/www.salon-zenetbio.com\/angers\/wp-content\/uploads\/sites\/8\/2025\/12\/JPG-ANGERS26-BAN-580x300-1-150x78.jpg 150w, https:\/\/www.salon-zenetbio.com\/angers\/wp-content\/uploads\/sites\/8\/2025\/12\/JPG-ANGERS26-BAN-580x300-1-500x259.jpg 500w, https:\/\/www.salon-zenetbio.com\/angers\/wp-content\/uploads\/sites\/8\/2025\/12\/JPG-ANGERS26-BAN-580x300-1.jpg 580w\" sizes=\"(max-width: 300px) 100vw, 300px\" \/><\/td>\n<td style=\"width: 50%; text-align: center; height: 300px;\"><img loading=\"lazy\" decoding=\"async\" class=\"alignnone size-medium wp-image-12120\" src=\"https:\/\/www.salon-zenetbio.com\/angers\/wp-content\/uploads\/sites\/8\/2025\/12\/JPG-ANGERS26-BAN-580x750-1-232x300.jpg\" alt=\"\" width=\"232\" height=\"300\" srcset=\"https:\/\/www.salon-zenetbio.com\/angers\/wp-content\/uploads\/sites\/8\/2025\/12\/JPG-ANGERS26-BAN-580x750-1-232x300.jpg 232w, https:\/\/www.salon-zenetbio.com\/angers\/wp-content\/uploads\/sites\/8\/2025\/12\/JPG-ANGERS26-BAN-580x750-1-150x194.jpg 150w, https:\/\/www.salon-zenetbio.com\/angers\/wp-content\/uploads\/sites\/8\/2025\/12\/JPG-ANGERS26-BAN-580x750-1-387x500.jpg 387w, https:\/\/www.salon-zenetbio.com\/angers\/wp-content\/uploads\/sites\/8\/2025\/12\/JPG-ANGERS26-BAN-580x750-1.jpg 580w\" sizes=\"(max-width: 232px) 100vw, 232px\" \/><\/td>\n<\/tr>\n<tr style=\"height: 28px;\">\n<td style=\"width: 50%; text-align: center; height: 28px;\"><\/td>\n<td style=\"width: 50%; text-align: center; height: 28px;\"><\/td>\n<\/tr>\n<tr style=\"height: 28px;\">\n<td style=\"width: 50%; text-align: center; height: 28px;\"><a href=\"https:\/\/www.salon-zenetbio.com\/angers\/wp-content\/uploads\/sites\/8\/2025\/12\/JPG-ANGERS-25-BAN-820x312-1.jpg\" target=\"_blank\" rel=\"noopener\">Banni\u00e8re r\u00e9seaux sociaux<\/a><\/td>\n<td style=\"width: 50%; text-align: center; height: 28px;\"><\/td>\n<\/tr>\n<tr style=\"height: 114px;\">\n<td style=\"width: 50%; text-align: center; height: 114px;\"><img loading=\"lazy\" decoding=\"async\" class=\"alignnone size-medium wp-image-12121\" src=\"https:\/\/www.salon-zenetbio.com\/angers\/wp-content\/uploads\/sites\/8\/2025\/12\/JPG-ANGERS-25-BAN-820x312-1-300x114.jpg\" alt=\"\" width=\"300\" height=\"114\" srcset=\"https:\/\/www.salon-zenetbio.com\/angers\/wp-content\/uploads\/sites\/8\/2025\/12\/JPG-ANGERS-25-BAN-820x312-1-300x114.jpg 300w, https:\/\/www.salon-zenetbio.com\/angers\/wp-content\/uploads\/sites\/8\/2025\/12\/JPG-ANGERS-25-BAN-820x312-1-768x292.jpg 768w, https:\/\/www.salon-zenetbio.com\/angers\/wp-content\/uploads\/sites\/8\/2025\/12\/JPG-ANGERS-25-BAN-820x312-1-150x57.jpg 150w, https:\/\/www.salon-zenetbio.com\/angers\/wp-content\/uploads\/sites\/8\/2025\/12\/JPG-ANGERS-25-BAN-820x312-1-500x190.jpg 500w, https:\/\/www.salon-zenetbio.com\/angers\/wp-content\/uploads\/sites\/8\/2025\/12\/JPG-ANGERS-25-BAN-820x312-1.jpg 820w\" sizes=\"(max-width: 300px) 100vw, 300px\" \/><\/td>\n<td style=\"width: 50%; text-align: center; height: 114px;\"><\/td>\n<\/tr>\n<tr style=\"height: 28px;\">\n<td style=\"width: 50%; text-align: center; height: 28px;\"><\/td>\n<td style=\"width: 50%; text-align: center; height: 28px;\"><\/td>\n<\/tr>\n<tr>\n<td style=\"width: 50%; text-align: center;\"><a href=\"https:\/\/www.salon-zenetbio.com\/angers\/wp-content\/uploads\/sites\/8\/2025\/12\/JPG-ANGERS-26-BAN-300x250-1.jpg\" target=\"_blank\" rel=\"noopener\">Banni\u00e8re site internet<\/a><\/td>\n<td style=\"width: 50%; text-align: center;\"><a href=\"https:\/\/www.salon-zenetbio.com\/angers\/wp-content\/uploads\/sites\/8\/2025\/12\/JPG-ANGERS26-BAN-72890-CTA.jpg\" target=\"_blank\" rel=\"noopener\">Banni\u00e8re site internet<\/a><\/td>\n<\/tr>\n<tr>\n<td style=\"width: 50%; text-align: center;\"><img loading=\"lazy\" decoding=\"async\" class=\"alignnone size-full wp-image-12122\" src=\"https:\/\/www.salon-zenetbio.com\/angers\/wp-content\/uploads\/sites\/8\/2025\/12\/JPG-ANGERS-26-BAN-300x250-1.jpg\" alt=\"\" width=\"300\" height=\"250\" srcset=\"https:\/\/www.salon-zenetbio.com\/angers\/wp-content\/uploads\/sites\/8\/2025\/12\/JPG-ANGERS-26-BAN-300x250-1.jpg 300w, https:\/\/www.salon-zenetbio.com\/angers\/wp-content\/uploads\/sites\/8\/2025\/12\/JPG-ANGERS-26-BAN-300x250-1-150x125.jpg 150w\" sizes=\"(max-width: 300px) 100vw, 300px\" \/><\/td>\n<td style=\"width: 50%; text-align: center;\"><img loading=\"lazy\" decoding=\"async\" class=\"alignnone size-medium wp-image-12123\" src=\"https:\/\/www.salon-zenetbio.com\/angers\/wp-content\/uploads\/sites\/8\/2025\/12\/JPG-ANGERS26-BAN-72890-CTA-300x37.jpg\" alt=\"\" width=\"300\" height=\"37\" srcset=\"https:\/\/www.salon-zenetbio.com\/angers\/wp-content\/uploads\/sites\/8\/2025\/12\/JPG-ANGERS26-BAN-72890-CTA-300x37.jpg 300w, https:\/\/www.salon-zenetbio.com\/angers\/wp-content\/uploads\/sites\/8\/2025\/12\/JPG-ANGERS26-BAN-72890-CTA-150x19.jpg 150w, https:\/\/www.salon-zenetbio.com\/angers\/wp-content\/uploads\/sites\/8\/2025\/12\/JPG-ANGERS26-BAN-72890-CTA-500x62.jpg 500w, https:\/\/www.salon-zenetbio.com\/angers\/wp-content\/uploads\/sites\/8\/2025\/12\/JPG-ANGERS26-BAN-72890-CTA.jpg 728w\" sizes=\"(max-width: 300px) 100vw, 300px\" \/><\/td>\n<\/tr>\n<tr style=\"height: 28px;\">\n<td style=\"width: 50%; height: 28px; text-align: center;\"><a href=\"https:\/\/www.salon-zenetbio.com\/angers\/wp-content\/uploads\/sites\/8\/2025\/12\/JPG-ANGERS26-BAN-300x600-CTA.jpg\" target=\"_blank\" rel=\"noopener\">Banni\u00e8re site internet<\/a><\/td>\n<td style=\"width: 50%; height: 28px; text-align: center;\"><\/td>\n<\/tr>\n<tr style=\"height: 46px;\">\n<td style=\"width: 50%; height: 10px; text-align: center;\"><img loading=\"lazy\" decoding=\"async\" class=\"alignnone size-medium wp-image-12124\" src=\"https:\/\/www.salon-zenetbio.com\/angers\/wp-content\/uploads\/sites\/8\/2025\/12\/JPG-ANGERS26-BAN-300x600-CTA-150x300.jpg\" alt=\"\" width=\"150\" height=\"300\" srcset=\"https:\/\/www.salon-zenetbio.com\/angers\/wp-content\/uploads\/sites\/8\/2025\/12\/JPG-ANGERS26-BAN-300x600-CTA-150x300.jpg 150w, https:\/\/www.salon-zenetbio.com\/angers\/wp-content\/uploads\/sites\/8\/2025\/12\/JPG-ANGERS26-BAN-300x600-CTA-250x500.jpg 250w, https:\/\/www.salon-zenetbio.com\/angers\/wp-content\/uploads\/sites\/8\/2025\/12\/JPG-ANGERS26-BAN-300x600-CTA.jpg 300w\" sizes=\"(max-width: 150px) 100vw, 150px\" \/><\/td>\n<td style=\"width: 50%; height: 10px; text-align: center;\"><\/td>\n<\/tr>\n<tr>\n<td style=\"width: 50%; text-align: center;\"><\/td>\n<td style=\"width: 50%; text-align: center;\"><\/td>\n<\/tr>\n<tr>\n<td style=\"width: 50%; text-align: center;\"><\/td>\n<td style=\"width: 50%; text-align: center;\"><\/td>\n<\/tr>\n<\/tbody>\n<\/table>\n<h3><strong>Les r\u00e9seaux sociaux<\/strong><\/h3>\n<p>Retrouvez-nous sur <a href=\"https:\/\/www.facebook.com\/zenetbio\/\" target=\"_blank\" rel=\"noopener\">Facebook<\/a>, <a href=\"https:\/\/www.instagram.com\/reseauzenetbio\/\" target=\"_blank\" rel=\"noopener\">Instagram<\/a> et <a href=\"https:\/\/www.linkedin.com\/showcase\/r%C3%A9seau-zen-bio\/?viewAsMember=true\" target=\"_blank\" rel=\"noopener\">LinkedIn<\/a> !<br \/>\n#ZenEtBio<br \/>\n#ZenEtBioAngers<br \/>\n@zenetbio<br \/>\n@reseauzenetbio<br \/>\n@R\u00e9seau des salons Zen &amp; Bio<\/p>\n<hr \/>\n<h2 style=\"text-align: left;\">CONTACT PRESSE<\/h2>\n<p><strong>H\u00e9lo\u00efse SALGUES<\/strong><br \/>\n01 77 37 63 55<br \/>\nhsalgues@spas-expo.com<\/p>\n","protected":false},"excerpt":{"rendered":"<p>Bienvenue dans l&rsquo;espace presse du salon Zen &amp; Bio Angers Ici vous pouvez t\u00e9l\u00e9charger les documents presse, logos et visuels en haute d\u00e9finition pour vos usages d\u2019impression et de communication. Cliquez ici pour savoir comment ajouter le visuel et le lien de l\u2019entr\u00e9e gratuite du salon \u00e0 vos supports. Documents presse CP R\u00e9seau Zen&amp;Bio :&hellip; <\/p>\n","protected":false},"author":1,"featured_media":0,"parent":2091,"menu_order":0,"comment_status":"closed","ping_status":"closed","template":"","meta":{"_monsterinsights_skip_tracking":false,"_monsterinsights_sitenote_active":false,"_monsterinsights_sitenote_note":"","_monsterinsights_sitenote_category":0,"footnotes":""},"class_list":["post-2458","page","type-page","status-publish","hentry"],"yoast_head":"<!-- This site is optimized with the Yoast SEO plugin v27.5 - https:\/\/yoast.com\/product\/yoast-seo-wordpress\/ -->\n<title>Espace communication\/presse - Z&amp;B Angers<\/title>\n<meta name=\"robots\" content=\"index, follow, max-snippet:-1, max-image-preview:large, max-video-preview:-1\" \/>\n<link rel=\"canonical\" href=\"https:\/\/www.salon-zenetbio.com\/angers\/presse\/presse\/\" \/>\n<meta property=\"og:locale\" content=\"fr_FR\" \/>\n<meta property=\"og:type\" content=\"article\" \/>\n<meta property=\"og:title\" content=\"Espace communication\/presse - Z&amp;B Angers\" \/>\n<meta property=\"og:description\" content=\"Bienvenue dans l&rsquo;espace presse du salon Zen &amp; Bio Angers Ici vous pouvez t\u00e9l\u00e9charger les documents presse, logos et visuels en haute d\u00e9finition pour vos usages d\u2019impression et de communication. Cliquez ici pour savoir comment ajouter le visuel et le lien de l\u2019entr\u00e9e gratuite du salon \u00e0 vos supports. Documents presse CP R\u00e9seau Zen&amp;Bio :&hellip;\" \/>\n<meta property=\"og:url\" content=\"https:\/\/www.salon-zenetbio.com\/angers\/presse\/presse\/\" \/>\n<meta property=\"og:site_name\" content=\"Z&amp;B Angers\" \/>\n<meta property=\"article:modified_time\" content=\"2026-03-11T09:59:48+00:00\" \/>\n<meta property=\"og:image\" content=\"https:\/\/www.salon-zenetbio.com\/angers\/wp-content\/uploads\/sites\/8\/2025\/01\/logo-zenetbio-copie-e1738070722748.png\" \/>\n<meta name=\"twitter:card\" content=\"summary_large_image\" \/>\n<meta name=\"twitter:label1\" content=\"Dur\u00e9e de lecture estim\u00e9e\" \/>\n\t<meta name=\"twitter:data1\" content=\"3 minutes\" \/>\n<script type=\"application\/ld+json\" class=\"yoast-schema-graph\">{\"@context\":\"https:\\\/\\\/schema.org\",\"@graph\":[{\"@type\":\"WebPage\",\"@id\":\"https:\\\/\\\/www.salon-zenetbio.com\\\/angers\\\/presse\\\/presse\\\/\",\"url\":\"https:\\\/\\\/www.salon-zenetbio.com\\\/angers\\\/presse\\\/presse\\\/\",\"name\":\"Espace communication\\\/presse - Z&amp;B Angers\",\"isPartOf\":{\"@id\":\"https:\\\/\\\/www.salon-zenetbio.com\\\/angers\\\/#website\"},\"primaryImageOfPage\":{\"@id\":\"https:\\\/\\\/www.salon-zenetbio.com\\\/angers\\\/presse\\\/presse\\\/#primaryimage\"},\"image\":{\"@id\":\"https:\\\/\\\/www.salon-zenetbio.com\\\/angers\\\/presse\\\/presse\\\/#primaryimage\"},\"thumbnailUrl\":\"https:\\\/\\\/www.salon-zenetbio.com\\\/angers\\\/wp-content\\\/uploads\\\/sites\\\/8\\\/2025\\\/01\\\/logo-zenetbio-copie-e1738070722748.png\",\"datePublished\":\"2017-01-24T13:19:20+00:00\",\"dateModified\":\"2026-03-11T09:59:48+00:00\",\"breadcrumb\":{\"@id\":\"https:\\\/\\\/www.salon-zenetbio.com\\\/angers\\\/presse\\\/presse\\\/#breadcrumb\"},\"inLanguage\":\"fr-FR\",\"potentialAction\":[{\"@type\":\"ReadAction\",\"target\":[\"https:\\\/\\\/www.salon-zenetbio.com\\\/angers\\\/presse\\\/presse\\\/\"]}]},{\"@type\":\"ImageObject\",\"inLanguage\":\"fr-FR\",\"@id\":\"https:\\\/\\\/www.salon-zenetbio.com\\\/angers\\\/presse\\\/presse\\\/#primaryimage\",\"url\":\"https:\\\/\\\/www.salon-zenetbio.com\\\/angers\\\/wp-content\\\/uploads\\\/sites\\\/8\\\/2025\\\/01\\\/logo-zenetbio-copie-e1738070722748.png\",\"contentUrl\":\"https:\\\/\\\/www.salon-zenetbio.com\\\/angers\\\/wp-content\\\/uploads\\\/sites\\\/8\\\/2025\\\/01\\\/logo-zenetbio-copie-e1738070722748.png\",\"width\":653,\"height\":206},{\"@type\":\"BreadcrumbList\",\"@id\":\"https:\\\/\\\/www.salon-zenetbio.com\\\/angers\\\/presse\\\/presse\\\/#breadcrumb\",\"itemListElement\":[{\"@type\":\"ListItem\",\"position\":1,\"name\":\"Accueil\",\"item\":\"https:\\\/\\\/www.salon-zenetbio.com\\\/angers\\\/\"},{\"@type\":\"ListItem\",\"position\":2,\"name\":\"Communication\\\/presse et partenaires\",\"item\":\"https:\\\/\\\/www.salon-zenetbio.com\\\/angers\\\/presse\\\/\"},{\"@type\":\"ListItem\",\"position\":3,\"name\":\"Espace communication\\\/presse\"}]},{\"@type\":\"WebSite\",\"@id\":\"https:\\\/\\\/www.salon-zenetbio.com\\\/angers\\\/#website\",\"url\":\"https:\\\/\\\/www.salon-zenetbio.com\\\/angers\\\/\",\"name\":\"Z&amp;B Angers\",\"description\":\"Zen&amp;Bio Angers : votre salon \u00e9colo, bio, bien-\u00eatre et habitat sain\",\"publisher\":{\"@id\":\"https:\\\/\\\/www.salon-zenetbio.com\\\/angers\\\/#organization\"},\"potentialAction\":[{\"@type\":\"SearchAction\",\"target\":{\"@type\":\"EntryPoint\",\"urlTemplate\":\"https:\\\/\\\/www.salon-zenetbio.com\\\/angers\\\/?s={search_term_string}\"},\"query-input\":{\"@type\":\"PropertyValueSpecification\",\"valueRequired\":true,\"valueName\":\"search_term_string\"}}],\"inLanguage\":\"fr-FR\"},{\"@type\":\"Organization\",\"@id\":\"https:\\\/\\\/www.salon-zenetbio.com\\\/angers\\\/#organization\",\"name\":\"Z&amp;B Angers\",\"url\":\"https:\\\/\\\/www.salon-zenetbio.com\\\/angers\\\/\",\"logo\":{\"@type\":\"ImageObject\",\"inLanguage\":\"fr-FR\",\"@id\":\"https:\\\/\\\/www.salon-zenetbio.com\\\/angers\\\/#\\\/schema\\\/logo\\\/image\\\/\",\"url\":\"https:\\\/\\\/www.salon-zenetbio.com\\\/angers\\\/wp-content\\\/uploads\\\/sites\\\/8\\\/2025\\\/11\\\/cropped-Logo-ZEN-et-BIO-angers-2026.png\",\"contentUrl\":\"https:\\\/\\\/www.salon-zenetbio.com\\\/angers\\\/wp-content\\\/uploads\\\/sites\\\/8\\\/2025\\\/11\\\/cropped-Logo-ZEN-et-BIO-angers-2026.png\",\"width\":921,\"height\":255,\"caption\":\"Z&amp;B Angers\"},\"image\":{\"@id\":\"https:\\\/\\\/www.salon-zenetbio.com\\\/angers\\\/#\\\/schema\\\/logo\\\/image\\\/\"}}]}<\/script>\n<!-- \/ Yoast SEO plugin. -->","yoast_head_json":{"title":"Espace communication\/presse - Z&amp;B Angers","robots":{"index":"index","follow":"follow","max-snippet":"max-snippet:-1","max-image-preview":"max-image-preview:large","max-video-preview":"max-video-preview:-1"},"canonical":"https:\/\/www.salon-zenetbio.com\/angers\/presse\/presse\/","og_locale":"fr_FR","og_type":"article","og_title":"Espace communication\/presse - Z&amp;B Angers","og_description":"Bienvenue dans l&rsquo;espace presse du salon Zen &amp; Bio Angers Ici vous pouvez t\u00e9l\u00e9charger les documents presse, logos et visuels en haute d\u00e9finition pour vos usages d\u2019impression et de communication. Cliquez ici pour savoir comment ajouter le visuel et le lien de l\u2019entr\u00e9e gratuite du salon \u00e0 vos supports. Documents presse CP R\u00e9seau Zen&amp;Bio :&hellip;","og_url":"https:\/\/www.salon-zenetbio.com\/angers\/presse\/presse\/","og_site_name":"Z&amp;B Angers","article_modified_time":"2026-03-11T09:59:48+00:00","og_image":[{"url":"https:\/\/www.salon-zenetbio.com\/angers\/wp-content\/uploads\/sites\/8\/2025\/01\/logo-zenetbio-copie-e1738070722748.png","type":"","width":"","height":""}],"twitter_card":"summary_large_image","twitter_misc":{"Dur\u00e9e de lecture estim\u00e9e":"3 minutes"},"schema":{"@context":"https:\/\/schema.org","@graph":[{"@type":"WebPage","@id":"https:\/\/www.salon-zenetbio.com\/angers\/presse\/presse\/","url":"https:\/\/www.salon-zenetbio.com\/angers\/presse\/presse\/","name":"Espace communication\/presse - Z&amp;B Angers","isPartOf":{"@id":"https:\/\/www.salon-zenetbio.com\/angers\/#website"},"primaryImageOfPage":{"@id":"https:\/\/www.salon-zenetbio.com\/angers\/presse\/presse\/#primaryimage"},"image":{"@id":"https:\/\/www.salon-zenetbio.com\/angers\/presse\/presse\/#primaryimage"},"thumbnailUrl":"https:\/\/www.salon-zenetbio.com\/angers\/wp-content\/uploads\/sites\/8\/2025\/01\/logo-zenetbio-copie-e1738070722748.png","datePublished":"2017-01-24T13:19:20+00:00","dateModified":"2026-03-11T09:59:48+00:00","breadcrumb":{"@id":"https:\/\/www.salon-zenetbio.com\/angers\/presse\/presse\/#breadcrumb"},"inLanguage":"fr-FR","potentialAction":[{"@type":"ReadAction","target":["https:\/\/www.salon-zenetbio.com\/angers\/presse\/presse\/"]}]},{"@type":"ImageObject","inLanguage":"fr-FR","@id":"https:\/\/www.salon-zenetbio.com\/angers\/presse\/presse\/#primaryimage","url":"https:\/\/www.salon-zenetbio.com\/angers\/wp-content\/uploads\/sites\/8\/2025\/01\/logo-zenetbio-copie-e1738070722748.png","contentUrl":"https:\/\/www.salon-zenetbio.com\/angers\/wp-content\/uploads\/sites\/8\/2025\/01\/logo-zenetbio-copie-e1738070722748.png","width":653,"height":206},{"@type":"BreadcrumbList","@id":"https:\/\/www.salon-zenetbio.com\/angers\/presse\/presse\/#breadcrumb","itemListElement":[{"@type":"ListItem","position":1,"name":"Accueil","item":"https:\/\/www.salon-zenetbio.com\/angers\/"},{"@type":"ListItem","position":2,"name":"Communication\/presse et partenaires","item":"https:\/\/www.salon-zenetbio.com\/angers\/presse\/"},{"@type":"ListItem","position":3,"name":"Espace communication\/presse"}]},{"@type":"WebSite","@id":"https:\/\/www.salon-zenetbio.com\/angers\/#website","url":"https:\/\/www.salon-zenetbio.com\/angers\/","name":"Z&amp;B Angers","description":"Zen&amp;Bio Angers : votre salon \u00e9colo, bio, bien-\u00eatre et habitat sain","publisher":{"@id":"https:\/\/www.salon-zenetbio.com\/angers\/#organization"},"potentialAction":[{"@type":"SearchAction","target":{"@type":"EntryPoint","urlTemplate":"https:\/\/www.salon-zenetbio.com\/angers\/?s={search_term_string}"},"query-input":{"@type":"PropertyValueSpecification","valueRequired":true,"valueName":"search_term_string"}}],"inLanguage":"fr-FR"},{"@type":"Organization","@id":"https:\/\/www.salon-zenetbio.com\/angers\/#organization","name":"Z&amp;B Angers","url":"https:\/\/www.salon-zenetbio.com\/angers\/","logo":{"@type":"ImageObject","inLanguage":"fr-FR","@id":"https:\/\/www.salon-zenetbio.com\/angers\/#\/schema\/logo\/image\/","url":"https:\/\/www.salon-zenetbio.com\/angers\/wp-content\/uploads\/sites\/8\/2025\/11\/cropped-Logo-ZEN-et-BIO-angers-2026.png","contentUrl":"https:\/\/www.salon-zenetbio.com\/angers\/wp-content\/uploads\/sites\/8\/2025\/11\/cropped-Logo-ZEN-et-BIO-angers-2026.png","width":921,"height":255,"caption":"Z&amp;B Angers"},"image":{"@id":"https:\/\/www.salon-zenetbio.com\/angers\/#\/schema\/logo\/image\/"}}]}},"_links":{"self":[{"href":"https:\/\/www.salon-zenetbio.com\/angers\/wp-json\/wp\/v2\/pages\/2458","targetHints":{"allow":["GET"]}}],"collection":[{"href":"https:\/\/www.salon-zenetbio.com\/angers\/wp-json\/wp\/v2\/pages"}],"about":[{"href":"https:\/\/www.salon-zenetbio.com\/angers\/wp-json\/wp\/v2\/types\/page"}],"author":[{"embeddable":true,"href":"https:\/\/www.salon-zenetbio.com\/angers\/wp-json\/wp\/v2\/users\/1"}],"replies":[{"embeddable":true,"href":"https:\/\/www.salon-zenetbio.com\/angers\/wp-json\/wp\/v2\/comments?post=2458"}],"version-history":[{"count":7,"href":"https:\/\/www.salon-zenetbio.com\/angers\/wp-json\/wp\/v2\/pages\/2458\/revisions"}],"predecessor-version":[{"id":12941,"href":"https:\/\/www.salon-zenetbio.com\/angers\/wp-json\/wp\/v2\/pages\/2458\/revisions\/12941"}],"up":[{"embeddable":true,"href":"https:\/\/www.salon-zenetbio.com\/angers\/wp-json\/wp\/v2\/pages\/2091"}],"wp:attachment":[{"href":"https:\/\/www.salon-zenetbio.com\/angers\/wp-json\/wp\/v2\/media?parent=2458"}],"curies":[{"name":"wp","href":"https:\/\/api.w.org\/{rel}","templated":true}]}}