{"id":3483,"date":"2017-02-23T16:25:12","date_gmt":"2017-02-23T15:25:12","guid":{"rendered":"http:\/\/localhost:8888\/zen-et-bio\/?page_id=3483"},"modified":"2026-03-23T10:30:15","modified_gmt":"2026-03-23T09:30:15","slug":"zen-bio-angers","status":"publish","type":"page","link":"https:\/\/www.salon-zenetbio.com\/angers\/zen-bio-angers\/","title":{"rendered":"T\u00e9l\u00e9chargez votre entr\u00e9e gratuite"},"content":{"rendered":"<h3 class=\"elementor-heading-title elementor-size-default\">Le salon a ferm\u00e9 ses portes. Rendez-vous en 2027 !<\/h3>\n<p>Pour acc\u00e9der au salon plus rapidement et t\u00e9l\u00e9charger votre entr\u00e9e gratuite, compl\u00e9tez le formulaire ci-dessous. Vous pourrez ensuite pr\u00e9senter votre entr\u00e9e imprim\u00e9e ou sur votre t\u00e9l\u00e9phone.<\/p>\n<p><iframe id=\"mobicheckin-form\" style=\"border: 0; width: 100%; max-width: 900px; display: block; margin-left: auto; margin-right: auto;\" src=\"https:\/\/website-93696.eventmaker.io\/registration\/6936dba3937b9ba0f4c2af66\"><\/iframe><br \/>\n<script>\n\t(function(d,t,u,a,m){a=d.createElement(t),m=d.getElementsByTagName(t)[0];a.src=u;m.parentNode.insertBefore(a,m)})(document,'script','https:\/\/applidget.github.io\/vx-assets\/shared\/js\/iframe-resizer\/iframeResizerComplete.js');\n\twindow.addEventListener('load', function(){iFrameResize({checkOrigin:false});});\n<\/script><br \/>\n<script>\n\twindow.eventmakerCustomFields = []; \/\/ here you can set custom_fields that are not already tracked by the script\n\twindow.eventmakerTracking = { iframeHost: \"https:\/\/website-93696.eventmaker.io\" };\n\tscript=document.createElement(\"script\"), script.type=\"text\/javascript\", script.async=!0, script.onload=function(){ window.eventmakerTracking.injectURLParamsInIframes()}, script.src=\"https:\/\/applidget.github.io\/vx-assets\/shared\/js\/url-params-tracking\/1.0.1\/url-params-tracking.js\", document.getElementsByTagName(\"head\")[0].appendChild(script);\n<\/script><\/p>\n","protected":false},"excerpt":{"rendered":"<p>Le salon a ferm\u00e9 ses portes. Rendez-vous en 2027 ! Pour acc\u00e9der au salon plus rapidement et t\u00e9l\u00e9charger votre entr\u00e9e gratuite, compl\u00e9tez le formulaire ci-dessous. Vous pourrez ensuite pr\u00e9senter votre entr\u00e9e imprim\u00e9e ou sur votre t\u00e9l\u00e9phone.<\/p>\n","protected":false},"author":1,"featured_media":3512,"parent":0,"menu_order":0,"comment_status":"closed","ping_status":"closed","template":"","meta":{"_angie_page":false,"_monsterinsights_skip_tracking":false,"_monsterinsights_sitenote_active":false,"_monsterinsights_sitenote_note":"","_monsterinsights_sitenote_category":0,"footnotes":""},"class_list":["post-3483","page","type-page","status-publish","has-post-thumbnail","hentry"],"yoast_head":"<!-- This site is optimized with the Yoast SEO plugin v27.3 - https:\/\/yoast.com\/product\/yoast-seo-wordpress\/ -->\n<title>T\u00e9l\u00e9chargez votre entr\u00e9e gratuite - Z&amp;B Angers<\/title>\n<meta name=\"robots\" content=\"index, follow, max-snippet:-1, max-image-preview:large, max-video-preview:-1\" \/>\n<link rel=\"canonical\" href=\"https:\/\/www.salon-zenetbio.com\/angers\/zen-bio-angers\/\" \/>\n<meta property=\"og:locale\" content=\"fr_FR\" \/>\n<meta property=\"og:type\" content=\"article\" \/>\n<meta property=\"og:title\" content=\"T\u00e9l\u00e9chargez votre entr\u00e9e gratuite - Z&amp;B Angers\" \/>\n<meta property=\"og:description\" content=\"Le salon a ferm\u00e9 ses portes. Rendez-vous en 2027 ! Pour acc\u00e9der au salon plus rapidement et t\u00e9l\u00e9charger votre entr\u00e9e gratuite, compl\u00e9tez le formulaire ci-dessous. Vous pourrez ensuite pr\u00e9senter votre entr\u00e9e imprim\u00e9e ou sur votre t\u00e9l\u00e9phone.\" \/>\n<meta property=\"og:url\" content=\"https:\/\/www.salon-zenetbio.com\/angers\/zen-bio-angers\/\" \/>\n<meta property=\"og:site_name\" content=\"Z&amp;B Angers\" \/>\n<meta property=\"article:modified_time\" content=\"2026-03-23T09:30:15+00:00\" \/>\n<meta property=\"og:image\" content=\"https:\/\/www.salon-zenetbio.com\/angers\/wp-content\/uploads\/sites\/8\/2017\/02\/entree-gratuite.jpg\" \/>\n\t<meta property=\"og:image:width\" content=\"865\" \/>\n\t<meta property=\"og:image:height\" content=\"744\" \/>\n\t<meta property=\"og:image:type\" content=\"image\/jpeg\" \/>\n<meta name=\"twitter:card\" content=\"summary_large_image\" \/>\n<meta name=\"twitter:label1\" content=\"Dur\u00e9e de lecture estim\u00e9e\" \/>\n\t<meta name=\"twitter:data1\" content=\"1 minute\" \/>\n<script type=\"application\/ld+json\" class=\"yoast-schema-graph\">{\"@context\":\"https:\\\/\\\/schema.org\",\"@graph\":[{\"@type\":\"WebPage\",\"@id\":\"https:\\\/\\\/www.salon-zenetbio.com\\\/angers\\\/zen-bio-angers\\\/\",\"url\":\"https:\\\/\\\/www.salon-zenetbio.com\\\/angers\\\/zen-bio-angers\\\/\",\"name\":\"T\u00e9l\u00e9chargez votre entr\u00e9e gratuite - Z&amp;B Angers\",\"isPartOf\":{\"@id\":\"https:\\\/\\\/www.salon-zenetbio.com\\\/angers\\\/#website\"},\"primaryImageOfPage\":{\"@id\":\"https:\\\/\\\/www.salon-zenetbio.com\\\/angers\\\/zen-bio-angers\\\/#primaryimage\"},\"image\":{\"@id\":\"https:\\\/\\\/www.salon-zenetbio.com\\\/angers\\\/zen-bio-angers\\\/#primaryimage\"},\"thumbnailUrl\":\"https:\\\/\\\/www.salon-zenetbio.com\\\/angers\\\/wp-content\\\/uploads\\\/sites\\\/8\\\/2017\\\/02\\\/entree-gratuite.jpg\",\"datePublished\":\"2017-02-23T15:25:12+00:00\",\"dateModified\":\"2026-03-23T09:30:15+00:00\",\"breadcrumb\":{\"@id\":\"https:\\\/\\\/www.salon-zenetbio.com\\\/angers\\\/zen-bio-angers\\\/#breadcrumb\"},\"inLanguage\":\"fr-FR\",\"potentialAction\":[{\"@type\":\"ReadAction\",\"target\":[\"https:\\\/\\\/www.salon-zenetbio.com\\\/angers\\\/zen-bio-angers\\\/\"]}]},{\"@type\":\"ImageObject\",\"inLanguage\":\"fr-FR\",\"@id\":\"https:\\\/\\\/www.salon-zenetbio.com\\\/angers\\\/zen-bio-angers\\\/#primaryimage\",\"url\":\"https:\\\/\\\/www.salon-zenetbio.com\\\/angers\\\/wp-content\\\/uploads\\\/sites\\\/8\\\/2017\\\/02\\\/entree-gratuite.jpg\",\"contentUrl\":\"https:\\\/\\\/www.salon-zenetbio.com\\\/angers\\\/wp-content\\\/uploads\\\/sites\\\/8\\\/2017\\\/02\\\/entree-gratuite.jpg\",\"width\":865,\"height\":744},{\"@type\":\"BreadcrumbList\",\"@id\":\"https:\\\/\\\/www.salon-zenetbio.com\\\/angers\\\/zen-bio-angers\\\/#breadcrumb\",\"itemListElement\":[{\"@type\":\"ListItem\",\"position\":1,\"name\":\"Accueil\",\"item\":\"http:\\\/\\\/www.salon-zenetbio.com\\\/angers\\\/\"},{\"@type\":\"ListItem\",\"position\":2,\"name\":\"T\u00e9l\u00e9chargez votre entr\u00e9e gratuite\"}]},{\"@type\":\"WebSite\",\"@id\":\"https:\\\/\\\/www.salon-zenetbio.com\\\/angers\\\/#website\",\"url\":\"https:\\\/\\\/www.salon-zenetbio.com\\\/angers\\\/\",\"name\":\"Z&amp;B Angers\",\"description\":\"Zen&amp;Bio Angers : votre salon \u00e9colo, bio, bien-\u00eatre et habitat sain\",\"publisher\":{\"@id\":\"https:\\\/\\\/www.salon-zenetbio.com\\\/angers\\\/#organization\"},\"potentialAction\":[{\"@type\":\"SearchAction\",\"target\":{\"@type\":\"EntryPoint\",\"urlTemplate\":\"https:\\\/\\\/www.salon-zenetbio.com\\\/angers\\\/?s={search_term_string}\"},\"query-input\":{\"@type\":\"PropertyValueSpecification\",\"valueRequired\":true,\"valueName\":\"search_term_string\"}}],\"inLanguage\":\"fr-FR\"},{\"@type\":\"Organization\",\"@id\":\"https:\\\/\\\/www.salon-zenetbio.com\\\/angers\\\/#organization\",\"name\":\"Z&amp;B Angers\",\"url\":\"https:\\\/\\\/www.salon-zenetbio.com\\\/angers\\\/\",\"logo\":{\"@type\":\"ImageObject\",\"inLanguage\":\"fr-FR\",\"@id\":\"https:\\\/\\\/www.salon-zenetbio.com\\\/angers\\\/#\\\/schema\\\/logo\\\/image\\\/\",\"url\":\"https:\\\/\\\/www.salon-zenetbio.com\\\/angers\\\/wp-content\\\/uploads\\\/sites\\\/8\\\/2025\\\/11\\\/cropped-Logo-ZEN-et-BIO-angers-2026.png\",\"contentUrl\":\"https:\\\/\\\/www.salon-zenetbio.com\\\/angers\\\/wp-content\\\/uploads\\\/sites\\\/8\\\/2025\\\/11\\\/cropped-Logo-ZEN-et-BIO-angers-2026.png\",\"width\":921,\"height\":255,\"caption\":\"Z&amp;B Angers\"},\"image\":{\"@id\":\"https:\\\/\\\/www.salon-zenetbio.com\\\/angers\\\/#\\\/schema\\\/logo\\\/image\\\/\"}}]}<\/script>\n<!-- \/ Yoast SEO plugin. -->","yoast_head_json":{"title":"T\u00e9l\u00e9chargez votre entr\u00e9e gratuite - Z&amp;B Angers","robots":{"index":"index","follow":"follow","max-snippet":"max-snippet:-1","max-image-preview":"max-image-preview:large","max-video-preview":"max-video-preview:-1"},"canonical":"https:\/\/www.salon-zenetbio.com\/angers\/zen-bio-angers\/","og_locale":"fr_FR","og_type":"article","og_title":"T\u00e9l\u00e9chargez votre entr\u00e9e gratuite - Z&amp;B Angers","og_description":"Le salon a ferm\u00e9 ses portes. Rendez-vous en 2027 ! Pour acc\u00e9der au salon plus rapidement et t\u00e9l\u00e9charger votre entr\u00e9e gratuite, compl\u00e9tez le formulaire ci-dessous. Vous pourrez ensuite pr\u00e9senter votre entr\u00e9e imprim\u00e9e ou sur votre t\u00e9l\u00e9phone.","og_url":"https:\/\/www.salon-zenetbio.com\/angers\/zen-bio-angers\/","og_site_name":"Z&amp;B Angers","article_modified_time":"2026-03-23T09:30:15+00:00","og_image":[{"width":865,"height":744,"url":"https:\/\/www.salon-zenetbio.com\/angers\/wp-content\/uploads\/sites\/8\/2017\/02\/entree-gratuite.jpg","type":"image\/jpeg"}],"twitter_card":"summary_large_image","twitter_misc":{"Dur\u00e9e de lecture estim\u00e9e":"1 minute"},"schema":{"@context":"https:\/\/schema.org","@graph":[{"@type":"WebPage","@id":"https:\/\/www.salon-zenetbio.com\/angers\/zen-bio-angers\/","url":"https:\/\/www.salon-zenetbio.com\/angers\/zen-bio-angers\/","name":"T\u00e9l\u00e9chargez votre entr\u00e9e gratuite - Z&amp;B Angers","isPartOf":{"@id":"https:\/\/www.salon-zenetbio.com\/angers\/#website"},"primaryImageOfPage":{"@id":"https:\/\/www.salon-zenetbio.com\/angers\/zen-bio-angers\/#primaryimage"},"image":{"@id":"https:\/\/www.salon-zenetbio.com\/angers\/zen-bio-angers\/#primaryimage"},"thumbnailUrl":"https:\/\/www.salon-zenetbio.com\/angers\/wp-content\/uploads\/sites\/8\/2017\/02\/entree-gratuite.jpg","datePublished":"2017-02-23T15:25:12+00:00","dateModified":"2026-03-23T09:30:15+00:00","breadcrumb":{"@id":"https:\/\/www.salon-zenetbio.com\/angers\/zen-bio-angers\/#breadcrumb"},"inLanguage":"fr-FR","potentialAction":[{"@type":"ReadAction","target":["https:\/\/www.salon-zenetbio.com\/angers\/zen-bio-angers\/"]}]},{"@type":"ImageObject","inLanguage":"fr-FR","@id":"https:\/\/www.salon-zenetbio.com\/angers\/zen-bio-angers\/#primaryimage","url":"https:\/\/www.salon-zenetbio.com\/angers\/wp-content\/uploads\/sites\/8\/2017\/02\/entree-gratuite.jpg","contentUrl":"https:\/\/www.salon-zenetbio.com\/angers\/wp-content\/uploads\/sites\/8\/2017\/02\/entree-gratuite.jpg","width":865,"height":744},{"@type":"BreadcrumbList","@id":"https:\/\/www.salon-zenetbio.com\/angers\/zen-bio-angers\/#breadcrumb","itemListElement":[{"@type":"ListItem","position":1,"name":"Accueil","item":"http:\/\/www.salon-zenetbio.com\/angers\/"},{"@type":"ListItem","position":2,"name":"T\u00e9l\u00e9chargez votre entr\u00e9e gratuite"}]},{"@type":"WebSite","@id":"https:\/\/www.salon-zenetbio.com\/angers\/#website","url":"https:\/\/www.salon-zenetbio.com\/angers\/","name":"Z&amp;B Angers","description":"Zen&amp;Bio Angers : votre salon \u00e9colo, bio, bien-\u00eatre et habitat sain","publisher":{"@id":"https:\/\/www.salon-zenetbio.com\/angers\/#organization"},"potentialAction":[{"@type":"SearchAction","target":{"@type":"EntryPoint","urlTemplate":"https:\/\/www.salon-zenetbio.com\/angers\/?s={search_term_string}"},"query-input":{"@type":"PropertyValueSpecification","valueRequired":true,"valueName":"search_term_string"}}],"inLanguage":"fr-FR"},{"@type":"Organization","@id":"https:\/\/www.salon-zenetbio.com\/angers\/#organization","name":"Z&amp;B Angers","url":"https:\/\/www.salon-zenetbio.com\/angers\/","logo":{"@type":"ImageObject","inLanguage":"fr-FR","@id":"https:\/\/www.salon-zenetbio.com\/angers\/#\/schema\/logo\/image\/","url":"https:\/\/www.salon-zenetbio.com\/angers\/wp-content\/uploads\/sites\/8\/2025\/11\/cropped-Logo-ZEN-et-BIO-angers-2026.png","contentUrl":"https:\/\/www.salon-zenetbio.com\/angers\/wp-content\/uploads\/sites\/8\/2025\/11\/cropped-Logo-ZEN-et-BIO-angers-2026.png","width":921,"height":255,"caption":"Z&amp;B Angers"},"image":{"@id":"https:\/\/www.salon-zenetbio.com\/angers\/#\/schema\/logo\/image\/"}}]}},"_links":{"self":[{"href":"https:\/\/www.salon-zenetbio.com\/angers\/wp-json\/wp\/v2\/pages\/3483","targetHints":{"allow":["GET"]}}],"collection":[{"href":"https:\/\/www.salon-zenetbio.com\/angers\/wp-json\/wp\/v2\/pages"}],"about":[{"href":"https:\/\/www.salon-zenetbio.com\/angers\/wp-json\/wp\/v2\/types\/page"}],"author":[{"embeddable":true,"href":"https:\/\/www.salon-zenetbio.com\/angers\/wp-json\/wp\/v2\/users\/1"}],"replies":[{"embeddable":true,"href":"https:\/\/www.salon-zenetbio.com\/angers\/wp-json\/wp\/v2\/comments?post=3483"}],"version-history":[{"count":6,"href":"https:\/\/www.salon-zenetbio.com\/angers\/wp-json\/wp\/v2\/pages\/3483\/revisions"}],"predecessor-version":[{"id":13062,"href":"https:\/\/www.salon-zenetbio.com\/angers\/wp-json\/wp\/v2\/pages\/3483\/revisions\/13062"}],"wp:featuredmedia":[{"embeddable":true,"href":"https:\/\/www.salon-zenetbio.com\/angers\/wp-json\/wp\/v2\/media\/3512"}],"wp:attachment":[{"href":"https:\/\/www.salon-zenetbio.com\/angers\/wp-json\/wp\/v2\/media?parent=3483"}],"curies":[{"name":"wp","href":"https:\/\/api.w.org\/{rel}","templated":true}]}}