{"id":3904,"date":"2017-06-12T17:08:37","date_gmt":"2017-06-12T15:08:37","guid":{"rendered":"http:\/\/www.salon-zenetbio.com\/angers\/?page_id=3904"},"modified":"2025-11-28T15:57:24","modified_gmt":"2025-11-28T14:57:24","slug":"archives-presse-zen-bio-angers","status":"publish","type":"page","link":"https:\/\/www.salon-zenetbio.com\/angers\/presse\/presse\/archives-presse-zen-bio-angers\/","title":{"rendered":"Archives presse Zen &#038; Bio Angers"},"content":{"rendered":"<h2>Consultez les archives presse du salon Zen &amp; Bio Angers<\/h2>\n<p><strong>2015<\/strong><br \/>\n<a href=\"http:\/\/www.salon-zenetbio.com\/angers\/wp-content\/uploads\/sites\/8\/2017\/06\/DP-RLVA15.pdf\">Dossier de presse 2015<\/a><\/p>\n<p><strong>2017<\/strong><br \/>\n<a href=\"http:\/\/www.salon-zenetbio.com\/angers\/wp-content\/uploads\/sites\/8\/2017\/03\/CP-Save-The-DATE-ANGERS.pdf\">CP Save The Date 2017<\/a><br \/>\n<a href=\"http:\/\/www.salon-zenetbio.com\/angers\/wp-content\/uploads\/sites\/8\/2017\/03\/Dossier-de-Presse-salon-Zen-Bio-ANGERS-2017.pdf\">Dossier de Presse 2017<\/a><\/p>\n<p><strong>2019<\/strong><br \/>\n<a href=\"https:\/\/www.salon-zenetbio.com\/angers\/wp-content\/uploads\/sites\/8\/2019\/01\/CP-ZenBio-Angers-2019.pdf\" target=\"_blank\" rel=\"noopener noreferrer\">Communiqu\u00e9 Save The Date &#8211; Z&amp;B Angers 2019<\/a><br \/>\n<a href=\"https:\/\/www.salon-zenetbio.com\/angers\/wp-content\/uploads\/sites\/8\/2019\/02\/DP-Angers-2019-web.pdf\" target=\"_blank\" rel=\"noopener noreferrer\">Dossier de Presse &#8211; Z&amp;B Angers 2019<\/a><br \/>\n<a href=\"https:\/\/www.salon-zenetbio.com\/angers\/wp-content\/uploads\/sites\/8\/2019\/02\/CP-Angers-J-3.pdf\" target=\"_blank\" rel=\"noopener noreferrer\">Communiqu\u00e9 de Presse J-3 &#8211; Z&amp;B Angers 2019<\/a><\/p>\n<p><strong>2020<\/strong><br \/>\n<a href=\"https:\/\/www.salon-zenetbio.com\/angers\/wp-content\/uploads\/sites\/8\/2020\/01\/Save-the-date-Angers-2020.pdf\" target=\"_blank\" rel=\"noopener noreferrer\">Communiqu\u00e9 Save The Date &#8211; Z&amp;B Angers<\/a><br \/>\n<a href=\"https:\/\/www.salon-zenetbio.com\/angers\/wp-content\/uploads\/sites\/8\/2020\/02\/DPAngers2020_compressed.pdf\" target=\"_blank\" rel=\"noopener noreferrer\">Dossier de presse &#8211; Z&amp;B Angers<\/a><\/p>\n<p><strong>2022<br \/>\n<\/strong><a href=\"https:\/\/www.salon-zenetbio.com\/angers\/wp-content\/uploads\/sites\/8\/2022\/04\/CP-J-2.pdf\" target=\"_blank\" rel=\"noopener\">CP &#8211; J -2 avant l&rsquo;ouverture du salon !<\/a><br \/>\n<a href=\"https:\/\/www.salon-zenetbio.com\/angers\/wp-content\/uploads\/sites\/8\/2022\/04\/News-Angers-exposants.pdf\" target=\"_blank\" rel=\"noopener\">CP 4 &#8211; Alimentation, beaut\u00e9, d\u00e9veloppement personnel&#8230; D\u00e9couvrez les exposants locaux du salon Zen &amp; Bio Angers<\/a><br \/>\n<a href=\"https:\/\/www.salon-zenetbio.com\/angers\/wp-content\/uploads\/sites\/8\/2022\/04\/Newsletter-Zen-Bio-Angers-2022-le-riche-programme-a\u0300-de\u0301couvrir.pdf\" target=\"_blank\" rel=\"noopener\">CP 3 &#8211; Le riche programme du salon Zen &amp; Bio Angers \u00e0 d\u00e9couvrir !<\/a><br \/>\n<a href=\"https:\/\/www.salon-zenetbio.com\/angers\/wp-content\/uploads\/sites\/8\/2022\/04\/News-Angers-Cosme\u0301tiques-bio-1.pdf\" target=\"_blank\" rel=\"noopener\">CP 2 &#8211; La cosm\u00e9tique bio, la tendance grandissante aupr\u00e8s des Fran\u00e7ais<\/a><br \/>\n<a href=\"https:\/\/www.salon-zenetbio.com\/angers\/wp-content\/uploads\/sites\/8\/2022\/01\/Save-the-date-Angers-2022.pdf\" target=\"_blank\" rel=\"noopener\">CP 1 &#8211; Save the date Angers 2022<\/a><\/p>\n<p><strong>2023<\/strong><br \/>\n<a href=\"https:\/\/www.salon-zenetbio.com\/angers\/wp-content\/uploads\/sites\/8\/2023\/01\/CP-STD-ZB-Angers.pdf\" target=\"_blank\" rel=\"noopener\"><strong>Save the Date<\/strong>\u00a0\u2013 Respirer, s\u2019\u00e9vader, apprendre, \u00e9changer\u2026 3 jours pour d\u00e9couvrir et de red\u00e9couvrir<\/a><\/p>\n<p><strong>2025<\/strong><\/p>\n<p><strong>CP1 &#8211;<\/strong> <a href=\"https:\/\/www.salon-zenetbio.com\/angers\/wp-content\/uploads\/sites\/8\/2025\/03\/ZB-Angers-CP1-1.pdf\" target=\"_blank\" rel=\"noopener\">Le rendez-vous incontournable du Grand Ouest en mati\u00e8re d\u2019\u00e9cologie, de bio, de bien-\u00eatre et d\u2019habitat sain.<\/a><\/p>\n","protected":false},"excerpt":{"rendered":"<p>Consultez les archives presse du salon Zen &amp; Bio Angers 2015 Dossier de presse 2015 2017 CP Save The Date 2017 Dossier de Presse 2017 2019 Communiqu\u00e9 Save The Date &#8211; Z&amp;B Angers 2019 Dossier de Presse &#8211; Z&amp;B Angers 2019 Communiqu\u00e9 de Presse J-3 &#8211; Z&amp;B Angers 2019 2020 Communiqu\u00e9 Save The Date &#8211;&hellip; <\/p>\n","protected":false},"author":1,"featured_media":0,"parent":2458,"menu_order":0,"comment_status":"closed","ping_status":"closed","template":"","meta":{"_monsterinsights_skip_tracking":false,"_monsterinsights_sitenote_active":false,"_monsterinsights_sitenote_note":"","_monsterinsights_sitenote_category":0,"footnotes":""},"class_list":["post-3904","page","type-page","status-publish","hentry"],"yoast_head":"<!-- This site is optimized with the Yoast SEO plugin v27.5 - https:\/\/yoast.com\/product\/yoast-seo-wordpress\/ -->\n<title>Archives presse Zen &amp; Bio Angers - Z&amp;B Angers<\/title>\n<meta name=\"robots\" content=\"index, follow, max-snippet:-1, max-image-preview:large, max-video-preview:-1\" \/>\n<link rel=\"canonical\" href=\"https:\/\/www.salon-zenetbio.com\/angers\/presse\/presse\/archives-presse-zen-bio-angers\/\" \/>\n<meta property=\"og:locale\" content=\"fr_FR\" \/>\n<meta property=\"og:type\" content=\"article\" \/>\n<meta property=\"og:title\" content=\"Archives presse Zen &amp; Bio Angers - Z&amp;B Angers\" \/>\n<meta property=\"og:description\" content=\"Consultez les archives presse du salon Zen &amp; Bio Angers 2015 Dossier de presse 2015 2017 CP Save The Date 2017 Dossier de Presse 2017 2019 Communiqu\u00e9 Save The Date &#8211; Z&amp;B Angers 2019 Dossier de Presse &#8211; Z&amp;B Angers 2019 Communiqu\u00e9 de Presse J-3 &#8211; Z&amp;B Angers 2019 2020 Communiqu\u00e9 Save The Date &#8211;&hellip;\" \/>\n<meta property=\"og:url\" content=\"https:\/\/www.salon-zenetbio.com\/angers\/presse\/presse\/archives-presse-zen-bio-angers\/\" \/>\n<meta property=\"og:site_name\" content=\"Z&amp;B Angers\" \/>\n<meta property=\"article:modified_time\" content=\"2025-11-28T14:57:24+00:00\" \/>\n<meta name=\"twitter:card\" content=\"summary_large_image\" \/>\n<meta name=\"twitter:label1\" content=\"Dur\u00e9e de lecture estim\u00e9e\" \/>\n\t<meta name=\"twitter:data1\" content=\"1 minute\" \/>\n<script type=\"application\/ld+json\" class=\"yoast-schema-graph\">{\"@context\":\"https:\\\/\\\/schema.org\",\"@graph\":[{\"@type\":\"WebPage\",\"@id\":\"https:\\\/\\\/www.salon-zenetbio.com\\\/angers\\\/presse\\\/presse\\\/archives-presse-zen-bio-angers\\\/\",\"url\":\"https:\\\/\\\/www.salon-zenetbio.com\\\/angers\\\/presse\\\/presse\\\/archives-presse-zen-bio-angers\\\/\",\"name\":\"Archives presse Zen & Bio Angers - Z&amp;B Angers\",\"isPartOf\":{\"@id\":\"https:\\\/\\\/www.salon-zenetbio.com\\\/angers\\\/#website\"},\"datePublished\":\"2017-06-12T15:08:37+00:00\",\"dateModified\":\"2025-11-28T14:57:24+00:00\",\"breadcrumb\":{\"@id\":\"https:\\\/\\\/www.salon-zenetbio.com\\\/angers\\\/presse\\\/presse\\\/archives-presse-zen-bio-angers\\\/#breadcrumb\"},\"inLanguage\":\"fr-FR\",\"potentialAction\":[{\"@type\":\"ReadAction\",\"target\":[\"https:\\\/\\\/www.salon-zenetbio.com\\\/angers\\\/presse\\\/presse\\\/archives-presse-zen-bio-angers\\\/\"]}]},{\"@type\":\"BreadcrumbList\",\"@id\":\"https:\\\/\\\/www.salon-zenetbio.com\\\/angers\\\/presse\\\/presse\\\/archives-presse-zen-bio-angers\\\/#breadcrumb\",\"itemListElement\":[{\"@type\":\"ListItem\",\"position\":1,\"name\":\"Accueil\",\"item\":\"https:\\\/\\\/www.salon-zenetbio.com\\\/angers\\\/\"},{\"@type\":\"ListItem\",\"position\":2,\"name\":\"Communication\\\/presse et partenaires\",\"item\":\"https:\\\/\\\/www.salon-zenetbio.com\\\/angers\\\/presse\\\/\"},{\"@type\":\"ListItem\",\"position\":3,\"name\":\"Espace communication\\\/presse\",\"item\":\"https:\\\/\\\/www.salon-zenetbio.com\\\/angers\\\/presse\\\/presse\\\/\"},{\"@type\":\"ListItem\",\"position\":4,\"name\":\"Archives presse Zen &#038; Bio Angers\"}]},{\"@type\":\"WebSite\",\"@id\":\"https:\\\/\\\/www.salon-zenetbio.com\\\/angers\\\/#website\",\"url\":\"https:\\\/\\\/www.salon-zenetbio.com\\\/angers\\\/\",\"name\":\"Z&amp;B Angers\",\"description\":\"Zen&amp;Bio Angers : votre salon \u00e9colo, bio, bien-\u00eatre et habitat sain\",\"publisher\":{\"@id\":\"https:\\\/\\\/www.salon-zenetbio.com\\\/angers\\\/#organization\"},\"potentialAction\":[{\"@type\":\"SearchAction\",\"target\":{\"@type\":\"EntryPoint\",\"urlTemplate\":\"https:\\\/\\\/www.salon-zenetbio.com\\\/angers\\\/?s={search_term_string}\"},\"query-input\":{\"@type\":\"PropertyValueSpecification\",\"valueRequired\":true,\"valueName\":\"search_term_string\"}}],\"inLanguage\":\"fr-FR\"},{\"@type\":\"Organization\",\"@id\":\"https:\\\/\\\/www.salon-zenetbio.com\\\/angers\\\/#organization\",\"name\":\"Z&amp;B Angers\",\"url\":\"https:\\\/\\\/www.salon-zenetbio.com\\\/angers\\\/\",\"logo\":{\"@type\":\"ImageObject\",\"inLanguage\":\"fr-FR\",\"@id\":\"https:\\\/\\\/www.salon-zenetbio.com\\\/angers\\\/#\\\/schema\\\/logo\\\/image\\\/\",\"url\":\"https:\\\/\\\/www.salon-zenetbio.com\\\/angers\\\/wp-content\\\/uploads\\\/sites\\\/8\\\/2025\\\/11\\\/cropped-Logo-ZEN-et-BIO-angers-2026.png\",\"contentUrl\":\"https:\\\/\\\/www.salon-zenetbio.com\\\/angers\\\/wp-content\\\/uploads\\\/sites\\\/8\\\/2025\\\/11\\\/cropped-Logo-ZEN-et-BIO-angers-2026.png\",\"width\":921,\"height\":255,\"caption\":\"Z&amp;B Angers\"},\"image\":{\"@id\":\"https:\\\/\\\/www.salon-zenetbio.com\\\/angers\\\/#\\\/schema\\\/logo\\\/image\\\/\"}}]}<\/script>\n<!-- \/ Yoast SEO plugin. -->","yoast_head_json":{"title":"Archives presse Zen & Bio Angers - Z&amp;B Angers","robots":{"index":"index","follow":"follow","max-snippet":"max-snippet:-1","max-image-preview":"max-image-preview:large","max-video-preview":"max-video-preview:-1"},"canonical":"https:\/\/www.salon-zenetbio.com\/angers\/presse\/presse\/archives-presse-zen-bio-angers\/","og_locale":"fr_FR","og_type":"article","og_title":"Archives presse Zen & Bio Angers - Z&amp;B Angers","og_description":"Consultez les archives presse du salon Zen &amp; Bio Angers 2015 Dossier de presse 2015 2017 CP Save The Date 2017 Dossier de Presse 2017 2019 Communiqu\u00e9 Save The Date &#8211; Z&amp;B Angers 2019 Dossier de Presse &#8211; Z&amp;B Angers 2019 Communiqu\u00e9 de Presse J-3 &#8211; Z&amp;B Angers 2019 2020 Communiqu\u00e9 Save The Date &#8211;&hellip;","og_url":"https:\/\/www.salon-zenetbio.com\/angers\/presse\/presse\/archives-presse-zen-bio-angers\/","og_site_name":"Z&amp;B Angers","article_modified_time":"2025-11-28T14:57:24+00:00","twitter_card":"summary_large_image","twitter_misc":{"Dur\u00e9e de lecture estim\u00e9e":"1 minute"},"schema":{"@context":"https:\/\/schema.org","@graph":[{"@type":"WebPage","@id":"https:\/\/www.salon-zenetbio.com\/angers\/presse\/presse\/archives-presse-zen-bio-angers\/","url":"https:\/\/www.salon-zenetbio.com\/angers\/presse\/presse\/archives-presse-zen-bio-angers\/","name":"Archives presse Zen & Bio Angers - Z&amp;B Angers","isPartOf":{"@id":"https:\/\/www.salon-zenetbio.com\/angers\/#website"},"datePublished":"2017-06-12T15:08:37+00:00","dateModified":"2025-11-28T14:57:24+00:00","breadcrumb":{"@id":"https:\/\/www.salon-zenetbio.com\/angers\/presse\/presse\/archives-presse-zen-bio-angers\/#breadcrumb"},"inLanguage":"fr-FR","potentialAction":[{"@type":"ReadAction","target":["https:\/\/www.salon-zenetbio.com\/angers\/presse\/presse\/archives-presse-zen-bio-angers\/"]}]},{"@type":"BreadcrumbList","@id":"https:\/\/www.salon-zenetbio.com\/angers\/presse\/presse\/archives-presse-zen-bio-angers\/#breadcrumb","itemListElement":[{"@type":"ListItem","position":1,"name":"Accueil","item":"https:\/\/www.salon-zenetbio.com\/angers\/"},{"@type":"ListItem","position":2,"name":"Communication\/presse et partenaires","item":"https:\/\/www.salon-zenetbio.com\/angers\/presse\/"},{"@type":"ListItem","position":3,"name":"Espace communication\/presse","item":"https:\/\/www.salon-zenetbio.com\/angers\/presse\/presse\/"},{"@type":"ListItem","position":4,"name":"Archives presse Zen &#038; Bio Angers"}]},{"@type":"WebSite","@id":"https:\/\/www.salon-zenetbio.com\/angers\/#website","url":"https:\/\/www.salon-zenetbio.com\/angers\/","name":"Z&amp;B Angers","description":"Zen&amp;Bio Angers : votre salon \u00e9colo, bio, bien-\u00eatre et habitat sain","publisher":{"@id":"https:\/\/www.salon-zenetbio.com\/angers\/#organization"},"potentialAction":[{"@type":"SearchAction","target":{"@type":"EntryPoint","urlTemplate":"https:\/\/www.salon-zenetbio.com\/angers\/?s={search_term_string}"},"query-input":{"@type":"PropertyValueSpecification","valueRequired":true,"valueName":"search_term_string"}}],"inLanguage":"fr-FR"},{"@type":"Organization","@id":"https:\/\/www.salon-zenetbio.com\/angers\/#organization","name":"Z&amp;B Angers","url":"https:\/\/www.salon-zenetbio.com\/angers\/","logo":{"@type":"ImageObject","inLanguage":"fr-FR","@id":"https:\/\/www.salon-zenetbio.com\/angers\/#\/schema\/logo\/image\/","url":"https:\/\/www.salon-zenetbio.com\/angers\/wp-content\/uploads\/sites\/8\/2025\/11\/cropped-Logo-ZEN-et-BIO-angers-2026.png","contentUrl":"https:\/\/www.salon-zenetbio.com\/angers\/wp-content\/uploads\/sites\/8\/2025\/11\/cropped-Logo-ZEN-et-BIO-angers-2026.png","width":921,"height":255,"caption":"Z&amp;B Angers"},"image":{"@id":"https:\/\/www.salon-zenetbio.com\/angers\/#\/schema\/logo\/image\/"}}]}},"_links":{"self":[{"href":"https:\/\/www.salon-zenetbio.com\/angers\/wp-json\/wp\/v2\/pages\/3904","targetHints":{"allow":["GET"]}}],"collection":[{"href":"https:\/\/www.salon-zenetbio.com\/angers\/wp-json\/wp\/v2\/pages"}],"about":[{"href":"https:\/\/www.salon-zenetbio.com\/angers\/wp-json\/wp\/v2\/types\/page"}],"author":[{"embeddable":true,"href":"https:\/\/www.salon-zenetbio.com\/angers\/wp-json\/wp\/v2\/users\/1"}],"replies":[{"embeddable":true,"href":"https:\/\/www.salon-zenetbio.com\/angers\/wp-json\/wp\/v2\/comments?post=3904"}],"version-history":[{"count":2,"href":"https:\/\/www.salon-zenetbio.com\/angers\/wp-json\/wp\/v2\/pages\/3904\/revisions"}],"predecessor-version":[{"id":12062,"href":"https:\/\/www.salon-zenetbio.com\/angers\/wp-json\/wp\/v2\/pages\/3904\/revisions\/12062"}],"up":[{"embeddable":true,"href":"https:\/\/www.salon-zenetbio.com\/angers\/wp-json\/wp\/v2\/pages\/2458"}],"wp:attachment":[{"href":"https:\/\/www.salon-zenetbio.com\/angers\/wp-json\/wp\/v2\/media?parent=3904"}],"curies":[{"name":"wp","href":"https:\/\/api.w.org\/{rel}","templated":true}]}}