{"id":5249,"date":"2017-12-18T15:29:05","date_gmt":"2017-12-18T14:29:05","guid":{"rendered":"http:\/\/www.salon-zenetbio.com\/angers\/?page_id=5249"},"modified":"2025-03-07T14:54:23","modified_gmt":"2025-03-07T13:54:23","slug":"animations-creatives-angers","status":"publish","type":"page","link":"https:\/\/www.salon-zenetbio.com\/angers\/le-programme\/animations-creatives-angers\/","title":{"rendered":"Animations cr\u00e9atives"},"content":{"rendered":"<p>Venez profiter des animations cr\u00e9atives avec des d\u00e9monstrations ou de la mise en pratique : cuisine saine, z\u00e9ro d\u00e9chet, cosm\u00e9tiques naturelles, produits d\u2019entretien \u00e9cologiques, trucs et astuces \u00e9colo, ateliers recyclage, jardinage au naturel\u2026<\/p>\n<p><span style=\"color: #eb4691;\"><strong>ESPACE CR\u00c9ATIF<\/strong><\/span><\/p>\n<h2>Vendredi 28 mars<\/h2>\n<p><span style=\"color: #eb4691;\"><strong> 11:00<\/strong><\/span> Bicarbonate, percarbonate, acide citrique : adieu les produits chimiques ! <em><strong>&#8211; Martine Esnault<\/strong><\/em><br \/>\n<span style=\"color: #eb4691;\"><strong>12:30<\/strong><\/span> Escapades bio gourmandes : d\u00e9gustation des produits du salon<br \/>\n<span style=\"color: #eb4691;\"><strong>14:00<\/strong><\/span> Vertus et usages de l\u2019aloe vera, de l&rsquo;aloe arborescens et du safran pour votre bien-\u00eatre<em> <strong>&#8211; Anne Roche<\/strong><\/em><\/p>\n<h2>Samedi 29 mars<\/h2>\n<p><span style=\"color: #eb4691;\"><strong>11:00 <\/strong><\/span>Shots booster &#8211; bienfaits et detox et Energy balls booster<em><strong> &#8211; Astrid Bonneman<\/strong><\/em><span style=\"color: #eb4691;\"><strong><br \/>\n12:30<\/strong><\/span> Escapades bio gourmandes : d\u00e9gustation des produits du salon<br \/>\n<span style=\"color: #eb4691;\"><strong>14:00<\/strong><\/span> Bicarbonate, percarbonate, acide citrique : adieu les produits chimiques !<em><strong> &#8211; Martine Esnault<\/strong><\/em><br \/>\n<span style=\"color: #eb4691;\"><strong>15:30<\/strong><\/span> Vertus et usages de l\u2019aloe vera, de l&rsquo;aloe arborescens et du safran pour votre bien-\u00eatre <em><strong>&#8211; Anne Roche<\/strong><\/em><\/p>\n<h2>Dimanche 30 mars<\/h2>\n<p><span style=\"color: #eb4691;\"><strong> 11:00<\/strong><\/span> Vertus et usages de l\u2019aloe vera, de l&rsquo;aloe arborescens et du safran pour votre bien-\u00eatre <em><strong>&#8211; Anne Roche<\/strong><\/em><br \/>\n<span style=\"color: #eb4691;\"><strong>12:30<\/strong><\/span> Escapades bio gourmandes : d\u00e9gustation des produits du salon<br \/>\n<span style=\"color: #eb4691;\"><strong>14:00<\/strong><\/span> Des jus de l\u00e9gumes en toute simplicit\u00e9 et recyclage de la pulpe <em><strong>&#8211; Astrid Bonneman<\/strong><\/em><br \/>\n<span style=\"color: #eb4691;\"><strong>15:30<\/strong><\/span> Bicarbonate, percarbonate, acide citrique : adieu les produits chimiques ! <em><strong>&#8211; Martine Esnault<\/strong><\/em><\/p>\n<p>&nbsp;<\/p>\n<p>&nbsp;<\/p>\n<hr \/>\n<p><a href=\"https:\/\/www.salon-zenetbio.com\/angers\/animations-creatives-2024\/\" target=\"_blank\" rel=\"noopener\"><em>Consultez le programme de l&rsquo;\u00e9dition 2024<\/em><\/a><br \/>\n<a href=\"https:\/\/www.salon-zenetbio.com\/angers\/animations-creatives-2023\/\" target=\"_blank\" rel=\"noopener\"><em>Consultez le programme de l&rsquo;\u00e9dition 2023<\/em><\/a><br \/>\n<a href=\"https:\/\/www.salon-zenetbio.com\/angers\/animations-creatives-2022\/\" target=\"_blank\" rel=\"noopener\"><em>Consultez le programme de l&rsquo;\u00e9dition 2022<\/em><\/a><br \/>\n<a href=\"http:\/\/www.salon-zenetbio.com\/angers\/animations-creatives-2020\/\" target=\"_blank\" rel=\"noopener\"><em>Consultez le programme de l&rsquo;\u00e9dition 2020<br \/>\n<\/em><\/a><a href=\"http:\/\/www.salon-zenetbio.com\/angers\/animations-creatives-2019\/\" target=\"_blank\" rel=\"noopener noreferrer\"><em>Consultez le programme de l\u2019\u00e9dition 2019<\/em><\/a><\/p>\n<p>&nbsp;<\/p>\n","protected":false},"excerpt":{"rendered":"<p>Venez profiter des animations cr\u00e9atives avec des d\u00e9monstrations ou de la mise en pratique : cuisine saine, z\u00e9ro d\u00e9chet, cosm\u00e9tiques naturelles, produits d\u2019entretien \u00e9cologiques, trucs et astuces \u00e9colo, ateliers recyclage, jardinage au naturel\u2026 ESPACE CR\u00c9ATIF Vendredi 28 mars 11:00 Bicarbonate, percarbonate, acide citrique : adieu les produits chimiques ! &#8211; Martine Esnault 12:30 Escapades bio&hellip; <\/p>\n","protected":false},"author":1,"featured_media":0,"parent":3591,"menu_order":4,"comment_status":"closed","ping_status":"closed","template":"","meta":{"_monsterinsights_skip_tracking":false,"_monsterinsights_sitenote_active":false,"_monsterinsights_sitenote_note":"","_monsterinsights_sitenote_category":0,"footnotes":""},"class_list":["post-5249","page","type-page","status-publish","hentry"],"yoast_head":"<!-- This site is optimized with the Yoast SEO plugin v27.3 - https:\/\/yoast.com\/product\/yoast-seo-wordpress\/ -->\n<title>Animations cr\u00e9atives - Z&amp;B Angers<\/title>\n<meta name=\"robots\" content=\"index, follow, max-snippet:-1, max-image-preview:large, max-video-preview:-1\" \/>\n<link rel=\"canonical\" href=\"https:\/\/www.salon-zenetbio.com\/angers\/le-programme\/animations-creatives-angers\/\" \/>\n<meta property=\"og:locale\" content=\"fr_FR\" \/>\n<meta property=\"og:type\" content=\"article\" \/>\n<meta property=\"og:title\" content=\"Animations cr\u00e9atives - Z&amp;B Angers\" \/>\n<meta property=\"og:description\" content=\"Venez profiter des animations cr\u00e9atives avec des d\u00e9monstrations ou de la mise en pratique : cuisine saine, z\u00e9ro d\u00e9chet, cosm\u00e9tiques naturelles, produits d\u2019entretien \u00e9cologiques, trucs et astuces \u00e9colo, ateliers recyclage, jardinage au naturel\u2026 ESPACE CR\u00c9ATIF Vendredi 28 mars 11:00 Bicarbonate, percarbonate, acide citrique : adieu les produits chimiques ! &#8211; Martine Esnault 12:30 Escapades bio&hellip;\" \/>\n<meta property=\"og:url\" content=\"https:\/\/www.salon-zenetbio.com\/angers\/le-programme\/animations-creatives-angers\/\" \/>\n<meta property=\"og:site_name\" content=\"Z&amp;B Angers\" \/>\n<meta property=\"article:modified_time\" content=\"2025-03-07T13:54:23+00:00\" \/>\n<meta name=\"twitter:card\" content=\"summary_large_image\" \/>\n<meta name=\"twitter:label1\" content=\"Dur\u00e9e de lecture estim\u00e9e\" \/>\n\t<meta name=\"twitter:data1\" content=\"2 minutes\" \/>\n<script type=\"application\/ld+json\" class=\"yoast-schema-graph\">{\"@context\":\"https:\\\/\\\/schema.org\",\"@graph\":[{\"@type\":\"WebPage\",\"@id\":\"https:\\\/\\\/www.salon-zenetbio.com\\\/angers\\\/le-programme\\\/animations-creatives-angers\\\/\",\"url\":\"https:\\\/\\\/www.salon-zenetbio.com\\\/angers\\\/le-programme\\\/animations-creatives-angers\\\/\",\"name\":\"Animations cr\u00e9atives - Z&amp;B Angers\",\"isPartOf\":{\"@id\":\"https:\\\/\\\/www.salon-zenetbio.com\\\/angers\\\/#website\"},\"datePublished\":\"2017-12-18T14:29:05+00:00\",\"dateModified\":\"2025-03-07T13:54:23+00:00\",\"breadcrumb\":{\"@id\":\"https:\\\/\\\/www.salon-zenetbio.com\\\/angers\\\/le-programme\\\/animations-creatives-angers\\\/#breadcrumb\"},\"inLanguage\":\"fr-FR\",\"potentialAction\":[{\"@type\":\"ReadAction\",\"target\":[\"https:\\\/\\\/www.salon-zenetbio.com\\\/angers\\\/le-programme\\\/animations-creatives-angers\\\/\"]}]},{\"@type\":\"BreadcrumbList\",\"@id\":\"https:\\\/\\\/www.salon-zenetbio.com\\\/angers\\\/le-programme\\\/animations-creatives-angers\\\/#breadcrumb\",\"itemListElement\":[{\"@type\":\"ListItem\",\"position\":1,\"name\":\"Accueil\",\"item\":\"https:\\\/\\\/www.salon-zenetbio.com\\\/angers\\\/\"},{\"@type\":\"ListItem\",\"position\":2,\"name\":\"Programme du salon\",\"item\":\"https:\\\/\\\/www.salon-zenetbio.com\\\/angers\\\/le-programme\\\/\"},{\"@type\":\"ListItem\",\"position\":3,\"name\":\"Animations cr\u00e9atives\"}]},{\"@type\":\"WebSite\",\"@id\":\"https:\\\/\\\/www.salon-zenetbio.com\\\/angers\\\/#website\",\"url\":\"https:\\\/\\\/www.salon-zenetbio.com\\\/angers\\\/\",\"name\":\"Z&amp;B Angers\",\"description\":\"Zen&amp;Bio Angers : votre salon \u00e9colo, bio, bien-\u00eatre et habitat sain\",\"publisher\":{\"@id\":\"https:\\\/\\\/www.salon-zenetbio.com\\\/angers\\\/#organization\"},\"potentialAction\":[{\"@type\":\"SearchAction\",\"target\":{\"@type\":\"EntryPoint\",\"urlTemplate\":\"https:\\\/\\\/www.salon-zenetbio.com\\\/angers\\\/?s={search_term_string}\"},\"query-input\":{\"@type\":\"PropertyValueSpecification\",\"valueRequired\":true,\"valueName\":\"search_term_string\"}}],\"inLanguage\":\"fr-FR\"},{\"@type\":\"Organization\",\"@id\":\"https:\\\/\\\/www.salon-zenetbio.com\\\/angers\\\/#organization\",\"name\":\"Z&amp;B Angers\",\"url\":\"https:\\\/\\\/www.salon-zenetbio.com\\\/angers\\\/\",\"logo\":{\"@type\":\"ImageObject\",\"inLanguage\":\"fr-FR\",\"@id\":\"https:\\\/\\\/www.salon-zenetbio.com\\\/angers\\\/#\\\/schema\\\/logo\\\/image\\\/\",\"url\":\"https:\\\/\\\/www.salon-zenetbio.com\\\/angers\\\/wp-content\\\/uploads\\\/sites\\\/8\\\/2025\\\/11\\\/cropped-Logo-ZEN-et-BIO-angers-2026.png\",\"contentUrl\":\"https:\\\/\\\/www.salon-zenetbio.com\\\/angers\\\/wp-content\\\/uploads\\\/sites\\\/8\\\/2025\\\/11\\\/cropped-Logo-ZEN-et-BIO-angers-2026.png\",\"width\":921,\"height\":255,\"caption\":\"Z&amp;B Angers\"},\"image\":{\"@id\":\"https:\\\/\\\/www.salon-zenetbio.com\\\/angers\\\/#\\\/schema\\\/logo\\\/image\\\/\"}}]}<\/script>\n<!-- \/ Yoast SEO plugin. -->","yoast_head_json":{"title":"Animations cr\u00e9atives - Z&amp;B Angers","robots":{"index":"index","follow":"follow","max-snippet":"max-snippet:-1","max-image-preview":"max-image-preview:large","max-video-preview":"max-video-preview:-1"},"canonical":"https:\/\/www.salon-zenetbio.com\/angers\/le-programme\/animations-creatives-angers\/","og_locale":"fr_FR","og_type":"article","og_title":"Animations cr\u00e9atives - Z&amp;B Angers","og_description":"Venez profiter des animations cr\u00e9atives avec des d\u00e9monstrations ou de la mise en pratique : cuisine saine, z\u00e9ro d\u00e9chet, cosm\u00e9tiques naturelles, produits d\u2019entretien \u00e9cologiques, trucs et astuces \u00e9colo, ateliers recyclage, jardinage au naturel\u2026 ESPACE CR\u00c9ATIF Vendredi 28 mars 11:00 Bicarbonate, percarbonate, acide citrique : adieu les produits chimiques ! &#8211; Martine Esnault 12:30 Escapades bio&hellip;","og_url":"https:\/\/www.salon-zenetbio.com\/angers\/le-programme\/animations-creatives-angers\/","og_site_name":"Z&amp;B Angers","article_modified_time":"2025-03-07T13:54:23+00:00","twitter_card":"summary_large_image","twitter_misc":{"Dur\u00e9e de lecture estim\u00e9e":"2 minutes"},"schema":{"@context":"https:\/\/schema.org","@graph":[{"@type":"WebPage","@id":"https:\/\/www.salon-zenetbio.com\/angers\/le-programme\/animations-creatives-angers\/","url":"https:\/\/www.salon-zenetbio.com\/angers\/le-programme\/animations-creatives-angers\/","name":"Animations cr\u00e9atives - Z&amp;B Angers","isPartOf":{"@id":"https:\/\/www.salon-zenetbio.com\/angers\/#website"},"datePublished":"2017-12-18T14:29:05+00:00","dateModified":"2025-03-07T13:54:23+00:00","breadcrumb":{"@id":"https:\/\/www.salon-zenetbio.com\/angers\/le-programme\/animations-creatives-angers\/#breadcrumb"},"inLanguage":"fr-FR","potentialAction":[{"@type":"ReadAction","target":["https:\/\/www.salon-zenetbio.com\/angers\/le-programme\/animations-creatives-angers\/"]}]},{"@type":"BreadcrumbList","@id":"https:\/\/www.salon-zenetbio.com\/angers\/le-programme\/animations-creatives-angers\/#breadcrumb","itemListElement":[{"@type":"ListItem","position":1,"name":"Accueil","item":"https:\/\/www.salon-zenetbio.com\/angers\/"},{"@type":"ListItem","position":2,"name":"Programme du salon","item":"https:\/\/www.salon-zenetbio.com\/angers\/le-programme\/"},{"@type":"ListItem","position":3,"name":"Animations cr\u00e9atives"}]},{"@type":"WebSite","@id":"https:\/\/www.salon-zenetbio.com\/angers\/#website","url":"https:\/\/www.salon-zenetbio.com\/angers\/","name":"Z&amp;B Angers","description":"Zen&amp;Bio Angers : votre salon \u00e9colo, bio, bien-\u00eatre et habitat sain","publisher":{"@id":"https:\/\/www.salon-zenetbio.com\/angers\/#organization"},"potentialAction":[{"@type":"SearchAction","target":{"@type":"EntryPoint","urlTemplate":"https:\/\/www.salon-zenetbio.com\/angers\/?s={search_term_string}"},"query-input":{"@type":"PropertyValueSpecification","valueRequired":true,"valueName":"search_term_string"}}],"inLanguage":"fr-FR"},{"@type":"Organization","@id":"https:\/\/www.salon-zenetbio.com\/angers\/#organization","name":"Z&amp;B Angers","url":"https:\/\/www.salon-zenetbio.com\/angers\/","logo":{"@type":"ImageObject","inLanguage":"fr-FR","@id":"https:\/\/www.salon-zenetbio.com\/angers\/#\/schema\/logo\/image\/","url":"https:\/\/www.salon-zenetbio.com\/angers\/wp-content\/uploads\/sites\/8\/2025\/11\/cropped-Logo-ZEN-et-BIO-angers-2026.png","contentUrl":"https:\/\/www.salon-zenetbio.com\/angers\/wp-content\/uploads\/sites\/8\/2025\/11\/cropped-Logo-ZEN-et-BIO-angers-2026.png","width":921,"height":255,"caption":"Z&amp;B Angers"},"image":{"@id":"https:\/\/www.salon-zenetbio.com\/angers\/#\/schema\/logo\/image\/"}}]}},"_links":{"self":[{"href":"https:\/\/www.salon-zenetbio.com\/angers\/wp-json\/wp\/v2\/pages\/5249","targetHints":{"allow":["GET"]}}],"collection":[{"href":"https:\/\/www.salon-zenetbio.com\/angers\/wp-json\/wp\/v2\/pages"}],"about":[{"href":"https:\/\/www.salon-zenetbio.com\/angers\/wp-json\/wp\/v2\/types\/page"}],"author":[{"embeddable":true,"href":"https:\/\/www.salon-zenetbio.com\/angers\/wp-json\/wp\/v2\/users\/1"}],"replies":[{"embeddable":true,"href":"https:\/\/www.salon-zenetbio.com\/angers\/wp-json\/wp\/v2\/comments?post=5249"}],"version-history":[{"count":2,"href":"https:\/\/www.salon-zenetbio.com\/angers\/wp-json\/wp\/v2\/pages\/5249\/revisions"}],"predecessor-version":[{"id":11528,"href":"https:\/\/www.salon-zenetbio.com\/angers\/wp-json\/wp\/v2\/pages\/5249\/revisions\/11528"}],"up":[{"embeddable":true,"href":"https:\/\/www.salon-zenetbio.com\/angers\/wp-json\/wp\/v2\/pages\/3591"}],"wp:attachment":[{"href":"https:\/\/www.salon-zenetbio.com\/angers\/wp-json\/wp\/v2\/media?parent=5249"}],"curies":[{"name":"wp","href":"https:\/\/api.w.org\/{rel}","templated":true}]}}