{"id":5477,"date":"2018-01-24T15:28:19","date_gmt":"2018-01-24T14:28:19","guid":{"rendered":"http:\/\/www.salon-zenetbio.com\/angers\/?page_id=5477"},"modified":"2025-11-28T15:21:43","modified_gmt":"2025-11-28T14:21:43","slug":"angers-presentation-salon","status":"publish","type":"page","link":"https:\/\/www.salon-zenetbio.com\/angers\/les-salons-zen-bio\/angers-presentation-salon\/","title":{"rendered":"Pr\u00e9sentation du salon"},"content":{"rendered":"<p><strong>La 21<sup>\u00e8me<\/sup> \u00e9dition<\/strong>\u00a0<strong>de Zen &amp; Bio Angers se tiendra au Parc des Expositions.<\/strong><\/p>\n<p><strong>Chaque visiteur y trouvera de pr\u00e9cieux conseils pour lui permettre de se sentir bien dans son esprit, dans son corps et dans son environnement.<\/strong><\/p>\n<p>Chaque ann\u00e9e le salon vous propose de rencontrer des professionnels de la bio, du bien-\u00eatre, mais \u00e9galement d\u2019en savoir plus sur l\u2019environnement, l\u2019habitat sain, le commerce \u00e9quitable, le tourisme vert et solidaire, ou encore de d\u00e9couvrir et rencontrer des producteurs bio locaux !<\/p>\n<p><strong>Pr\u00e8s de 140 exposants<\/strong> sont attendus lors de cette nouvelle \u00e9dition. Ils prodigueront leurs conseils pour un mode de vie plus sain, plus bio, et plus zen ! Proximit\u00e9 est le ma\u00eetre-mot de ce salon o\u00f9 vous pourrez \u00e9changer avec ceux qui \u0153uvrent pour le respect de l\u2019humain comme de l\u2019environnement.<\/p>\n<p>Il se passe toujours quelque chose sur les salons du R\u00e9seau Zen &amp; Bio !<\/p>\n<p>Le salon Zen &amp; Bio \u00e0 Angers propose un programme d\u2019animations complet et interactif, pour pousser la r\u00e9flexion plus loin. Assister \u00e0 des conf\u00e9rences anim\u00e9es par des experts de la bio et du bien-\u00eatre, d\u00e9couvrir de nouvelles pratiques en participant aux ateliers, ou encore mettre la main \u00e0 la p\u00e2te pour faire soi-m\u00eame\u2026<\/p>\n<ul>\n<li><strong>Des conf\u00e9rences<\/strong>\u00a0propos\u00e9es gratuitement sur des th\u00e8mes vari\u00e9s comme l\u2019alimentation, la lib\u00e9ration \u00e9motionnelle, le d\u00e9veloppement durable<\/li>\n<li><strong>Des ateliers bien-\u00eatre<\/strong>\u00a0et de pratiques corporelles\u00a0pour s\u2019initier (m\u00e9ditation, sophrologie, massage, hypnose, yoga, ta\u00ef chi, qi gong\u2026)<\/li>\n<li><strong>Des animations cr\u00e9atives<\/strong>\u00a0avec des d\u00e9monstration ou de la mise en pratique : cuisine saine, z\u00e9ro d\u00e9chet, cosm\u00e9tique naturelles, produits d\u2019entretien \u00e9cologiques, trucs et astuces \u00e9colo, ateliers recyclage, jardinage au naturel\u2026<\/li>\n<\/ul>\n<p>De quoi vous faire penser bio et vivre zen au quotidien\u00a0!<br \/>\nNous vous attendons nombreux\u00a0!<\/p>\n<p><strong><em>L\u2019\u00e9quipe du salon Zen &amp; Bio Angers<\/em><\/strong><\/p>\n","protected":false},"excerpt":{"rendered":"<p>La 21\u00e8me \u00e9dition\u00a0de Zen &amp; Bio Angers se tiendra au Parc des Expositions. Chaque visiteur y trouvera de pr\u00e9cieux conseils pour lui permettre de se sentir bien dans son esprit, dans son corps et dans son environnement. Chaque ann\u00e9e le salon vous propose de rencontrer des professionnels de la bio, du bien-\u00eatre, mais \u00e9galement d\u2019en&hellip; <\/p>\n","protected":false},"author":1,"featured_media":3503,"parent":2081,"menu_order":1,"comment_status":"closed","ping_status":"closed","template":"","meta":{"_monsterinsights_skip_tracking":false,"_monsterinsights_sitenote_active":false,"_monsterinsights_sitenote_note":"","_monsterinsights_sitenote_category":0,"footnotes":""},"class_list":["post-5477","page","type-page","status-publish","has-post-thumbnail","hentry"],"yoast_head":"<!-- This site is optimized with the Yoast SEO plugin v27.3 - https:\/\/yoast.com\/product\/yoast-seo-wordpress\/ -->\n<title>Pr\u00e9sentation du salon - Z&amp;B Angers<\/title>\n<meta name=\"robots\" content=\"index, follow, max-snippet:-1, max-image-preview:large, max-video-preview:-1\" \/>\n<link rel=\"canonical\" href=\"https:\/\/www.salon-zenetbio.com\/angers\/les-salons-zen-bio\/angers-presentation-salon\/\" \/>\n<meta property=\"og:locale\" content=\"fr_FR\" \/>\n<meta property=\"og:type\" content=\"article\" \/>\n<meta property=\"og:title\" content=\"Pr\u00e9sentation du salon - Z&amp;B Angers\" \/>\n<meta property=\"og:description\" content=\"La 21\u00e8me \u00e9dition\u00a0de Zen &amp; Bio Angers se tiendra au Parc des Expositions. Chaque visiteur y trouvera de pr\u00e9cieux conseils pour lui permettre de se sentir bien dans son esprit, dans son corps et dans son environnement. Chaque ann\u00e9e le salon vous propose de rencontrer des professionnels de la bio, du bien-\u00eatre, mais \u00e9galement d\u2019en&hellip;\" \/>\n<meta property=\"og:url\" content=\"https:\/\/www.salon-zenetbio.com\/angers\/les-salons-zen-bio\/angers-presentation-salon\/\" \/>\n<meta property=\"og:site_name\" content=\"Z&amp;B Angers\" \/>\n<meta property=\"article:modified_time\" content=\"2025-11-28T14:21:43+00:00\" \/>\n<meta property=\"og:image\" content=\"https:\/\/www.salon-zenetbio.com\/angers\/wp-content\/uploads\/sites\/8\/2017\/02\/salon-zen-et-bio-nantes.jpg\" \/>\n\t<meta property=\"og:image:width\" content=\"800\" \/>\n\t<meta property=\"og:image:height\" content=\"533\" \/>\n\t<meta property=\"og:image:type\" content=\"image\/jpeg\" \/>\n<meta name=\"twitter:card\" content=\"summary_large_image\" \/>\n<meta name=\"twitter:label1\" content=\"Dur\u00e9e de lecture estim\u00e9e\" \/>\n\t<meta name=\"twitter:data1\" content=\"2 minutes\" \/>\n<script type=\"application\/ld+json\" class=\"yoast-schema-graph\">{\"@context\":\"https:\\\/\\\/schema.org\",\"@graph\":[{\"@type\":\"WebPage\",\"@id\":\"https:\\\/\\\/www.salon-zenetbio.com\\\/angers\\\/les-salons-zen-bio\\\/angers-presentation-salon\\\/\",\"url\":\"https:\\\/\\\/www.salon-zenetbio.com\\\/angers\\\/les-salons-zen-bio\\\/angers-presentation-salon\\\/\",\"name\":\"Pr\u00e9sentation du salon - Z&amp;B Angers\",\"isPartOf\":{\"@id\":\"https:\\\/\\\/www.salon-zenetbio.com\\\/angers\\\/#website\"},\"primaryImageOfPage\":{\"@id\":\"https:\\\/\\\/www.salon-zenetbio.com\\\/angers\\\/les-salons-zen-bio\\\/angers-presentation-salon\\\/#primaryimage\"},\"image\":{\"@id\":\"https:\\\/\\\/www.salon-zenetbio.com\\\/angers\\\/les-salons-zen-bio\\\/angers-presentation-salon\\\/#primaryimage\"},\"thumbnailUrl\":\"https:\\\/\\\/www.salon-zenetbio.com\\\/angers\\\/wp-content\\\/uploads\\\/sites\\\/8\\\/2017\\\/02\\\/salon-zen-et-bio-nantes.jpg\",\"datePublished\":\"2018-01-24T14:28:19+00:00\",\"dateModified\":\"2025-11-28T14:21:43+00:00\",\"breadcrumb\":{\"@id\":\"https:\\\/\\\/www.salon-zenetbio.com\\\/angers\\\/les-salons-zen-bio\\\/angers-presentation-salon\\\/#breadcrumb\"},\"inLanguage\":\"fr-FR\",\"potentialAction\":[{\"@type\":\"ReadAction\",\"target\":[\"https:\\\/\\\/www.salon-zenetbio.com\\\/angers\\\/les-salons-zen-bio\\\/angers-presentation-salon\\\/\"]}]},{\"@type\":\"ImageObject\",\"inLanguage\":\"fr-FR\",\"@id\":\"https:\\\/\\\/www.salon-zenetbio.com\\\/angers\\\/les-salons-zen-bio\\\/angers-presentation-salon\\\/#primaryimage\",\"url\":\"https:\\\/\\\/www.salon-zenetbio.com\\\/angers\\\/wp-content\\\/uploads\\\/sites\\\/8\\\/2017\\\/02\\\/salon-zen-et-bio-nantes.jpg\",\"contentUrl\":\"https:\\\/\\\/www.salon-zenetbio.com\\\/angers\\\/wp-content\\\/uploads\\\/sites\\\/8\\\/2017\\\/02\\\/salon-zen-et-bio-nantes.jpg\",\"width\":800,\"height\":533},{\"@type\":\"BreadcrumbList\",\"@id\":\"https:\\\/\\\/www.salon-zenetbio.com\\\/angers\\\/les-salons-zen-bio\\\/angers-presentation-salon\\\/#breadcrumb\",\"itemListElement\":[{\"@type\":\"ListItem\",\"position\":1,\"name\":\"Accueil\",\"item\":\"https:\\\/\\\/www.salon-zenetbio.com\\\/angers\\\/\"},{\"@type\":\"ListItem\",\"position\":2,\"name\":\"Visiter le salon Zen &#038; Bio \u00e0 Angers\",\"item\":\"https:\\\/\\\/www.salon-zenetbio.com\\\/angers\\\/les-salons-zen-bio\\\/\"},{\"@type\":\"ListItem\",\"position\":3,\"name\":\"Pr\u00e9sentation du salon\"}]},{\"@type\":\"WebSite\",\"@id\":\"https:\\\/\\\/www.salon-zenetbio.com\\\/angers\\\/#website\",\"url\":\"https:\\\/\\\/www.salon-zenetbio.com\\\/angers\\\/\",\"name\":\"Z&amp;B Angers\",\"description\":\"Zen&amp;Bio Angers : votre salon \u00e9colo, bio, bien-\u00eatre et habitat sain\",\"publisher\":{\"@id\":\"https:\\\/\\\/www.salon-zenetbio.com\\\/angers\\\/#organization\"},\"potentialAction\":[{\"@type\":\"SearchAction\",\"target\":{\"@type\":\"EntryPoint\",\"urlTemplate\":\"https:\\\/\\\/www.salon-zenetbio.com\\\/angers\\\/?s={search_term_string}\"},\"query-input\":{\"@type\":\"PropertyValueSpecification\",\"valueRequired\":true,\"valueName\":\"search_term_string\"}}],\"inLanguage\":\"fr-FR\"},{\"@type\":\"Organization\",\"@id\":\"https:\\\/\\\/www.salon-zenetbio.com\\\/angers\\\/#organization\",\"name\":\"Z&amp;B Angers\",\"url\":\"https:\\\/\\\/www.salon-zenetbio.com\\\/angers\\\/\",\"logo\":{\"@type\":\"ImageObject\",\"inLanguage\":\"fr-FR\",\"@id\":\"https:\\\/\\\/www.salon-zenetbio.com\\\/angers\\\/#\\\/schema\\\/logo\\\/image\\\/\",\"url\":\"https:\\\/\\\/www.salon-zenetbio.com\\\/angers\\\/wp-content\\\/uploads\\\/sites\\\/8\\\/2025\\\/11\\\/cropped-Logo-ZEN-et-BIO-angers-2026.png\",\"contentUrl\":\"https:\\\/\\\/www.salon-zenetbio.com\\\/angers\\\/wp-content\\\/uploads\\\/sites\\\/8\\\/2025\\\/11\\\/cropped-Logo-ZEN-et-BIO-angers-2026.png\",\"width\":921,\"height\":255,\"caption\":\"Z&amp;B Angers\"},\"image\":{\"@id\":\"https:\\\/\\\/www.salon-zenetbio.com\\\/angers\\\/#\\\/schema\\\/logo\\\/image\\\/\"}}]}<\/script>\n<!-- \/ Yoast SEO plugin. -->","yoast_head_json":{"title":"Pr\u00e9sentation du salon - Z&amp;B Angers","robots":{"index":"index","follow":"follow","max-snippet":"max-snippet:-1","max-image-preview":"max-image-preview:large","max-video-preview":"max-video-preview:-1"},"canonical":"https:\/\/www.salon-zenetbio.com\/angers\/les-salons-zen-bio\/angers-presentation-salon\/","og_locale":"fr_FR","og_type":"article","og_title":"Pr\u00e9sentation du salon - Z&amp;B Angers","og_description":"La 21\u00e8me \u00e9dition\u00a0de Zen &amp; Bio Angers se tiendra au Parc des Expositions. Chaque visiteur y trouvera de pr\u00e9cieux conseils pour lui permettre de se sentir bien dans son esprit, dans son corps et dans son environnement. Chaque ann\u00e9e le salon vous propose de rencontrer des professionnels de la bio, du bien-\u00eatre, mais \u00e9galement d\u2019en&hellip;","og_url":"https:\/\/www.salon-zenetbio.com\/angers\/les-salons-zen-bio\/angers-presentation-salon\/","og_site_name":"Z&amp;B Angers","article_modified_time":"2025-11-28T14:21:43+00:00","og_image":[{"width":800,"height":533,"url":"https:\/\/www.salon-zenetbio.com\/angers\/wp-content\/uploads\/sites\/8\/2017\/02\/salon-zen-et-bio-nantes.jpg","type":"image\/jpeg"}],"twitter_card":"summary_large_image","twitter_misc":{"Dur\u00e9e de lecture estim\u00e9e":"2 minutes"},"schema":{"@context":"https:\/\/schema.org","@graph":[{"@type":"WebPage","@id":"https:\/\/www.salon-zenetbio.com\/angers\/les-salons-zen-bio\/angers-presentation-salon\/","url":"https:\/\/www.salon-zenetbio.com\/angers\/les-salons-zen-bio\/angers-presentation-salon\/","name":"Pr\u00e9sentation du salon - Z&amp;B Angers","isPartOf":{"@id":"https:\/\/www.salon-zenetbio.com\/angers\/#website"},"primaryImageOfPage":{"@id":"https:\/\/www.salon-zenetbio.com\/angers\/les-salons-zen-bio\/angers-presentation-salon\/#primaryimage"},"image":{"@id":"https:\/\/www.salon-zenetbio.com\/angers\/les-salons-zen-bio\/angers-presentation-salon\/#primaryimage"},"thumbnailUrl":"https:\/\/www.salon-zenetbio.com\/angers\/wp-content\/uploads\/sites\/8\/2017\/02\/salon-zen-et-bio-nantes.jpg","datePublished":"2018-01-24T14:28:19+00:00","dateModified":"2025-11-28T14:21:43+00:00","breadcrumb":{"@id":"https:\/\/www.salon-zenetbio.com\/angers\/les-salons-zen-bio\/angers-presentation-salon\/#breadcrumb"},"inLanguage":"fr-FR","potentialAction":[{"@type":"ReadAction","target":["https:\/\/www.salon-zenetbio.com\/angers\/les-salons-zen-bio\/angers-presentation-salon\/"]}]},{"@type":"ImageObject","inLanguage":"fr-FR","@id":"https:\/\/www.salon-zenetbio.com\/angers\/les-salons-zen-bio\/angers-presentation-salon\/#primaryimage","url":"https:\/\/www.salon-zenetbio.com\/angers\/wp-content\/uploads\/sites\/8\/2017\/02\/salon-zen-et-bio-nantes.jpg","contentUrl":"https:\/\/www.salon-zenetbio.com\/angers\/wp-content\/uploads\/sites\/8\/2017\/02\/salon-zen-et-bio-nantes.jpg","width":800,"height":533},{"@type":"BreadcrumbList","@id":"https:\/\/www.salon-zenetbio.com\/angers\/les-salons-zen-bio\/angers-presentation-salon\/#breadcrumb","itemListElement":[{"@type":"ListItem","position":1,"name":"Accueil","item":"https:\/\/www.salon-zenetbio.com\/angers\/"},{"@type":"ListItem","position":2,"name":"Visiter le salon Zen &#038; Bio \u00e0 Angers","item":"https:\/\/www.salon-zenetbio.com\/angers\/les-salons-zen-bio\/"},{"@type":"ListItem","position":3,"name":"Pr\u00e9sentation du salon"}]},{"@type":"WebSite","@id":"https:\/\/www.salon-zenetbio.com\/angers\/#website","url":"https:\/\/www.salon-zenetbio.com\/angers\/","name":"Z&amp;B Angers","description":"Zen&amp;Bio Angers : votre salon \u00e9colo, bio, bien-\u00eatre et habitat sain","publisher":{"@id":"https:\/\/www.salon-zenetbio.com\/angers\/#organization"},"potentialAction":[{"@type":"SearchAction","target":{"@type":"EntryPoint","urlTemplate":"https:\/\/www.salon-zenetbio.com\/angers\/?s={search_term_string}"},"query-input":{"@type":"PropertyValueSpecification","valueRequired":true,"valueName":"search_term_string"}}],"inLanguage":"fr-FR"},{"@type":"Organization","@id":"https:\/\/www.salon-zenetbio.com\/angers\/#organization","name":"Z&amp;B Angers","url":"https:\/\/www.salon-zenetbio.com\/angers\/","logo":{"@type":"ImageObject","inLanguage":"fr-FR","@id":"https:\/\/www.salon-zenetbio.com\/angers\/#\/schema\/logo\/image\/","url":"https:\/\/www.salon-zenetbio.com\/angers\/wp-content\/uploads\/sites\/8\/2025\/11\/cropped-Logo-ZEN-et-BIO-angers-2026.png","contentUrl":"https:\/\/www.salon-zenetbio.com\/angers\/wp-content\/uploads\/sites\/8\/2025\/11\/cropped-Logo-ZEN-et-BIO-angers-2026.png","width":921,"height":255,"caption":"Z&amp;B Angers"},"image":{"@id":"https:\/\/www.salon-zenetbio.com\/angers\/#\/schema\/logo\/image\/"}}]}},"_links":{"self":[{"href":"https:\/\/www.salon-zenetbio.com\/angers\/wp-json\/wp\/v2\/pages\/5477","targetHints":{"allow":["GET"]}}],"collection":[{"href":"https:\/\/www.salon-zenetbio.com\/angers\/wp-json\/wp\/v2\/pages"}],"about":[{"href":"https:\/\/www.salon-zenetbio.com\/angers\/wp-json\/wp\/v2\/types\/page"}],"author":[{"embeddable":true,"href":"https:\/\/www.salon-zenetbio.com\/angers\/wp-json\/wp\/v2\/users\/1"}],"replies":[{"embeddable":true,"href":"https:\/\/www.salon-zenetbio.com\/angers\/wp-json\/wp\/v2\/comments?post=5477"}],"version-history":[{"count":1,"href":"https:\/\/www.salon-zenetbio.com\/angers\/wp-json\/wp\/v2\/pages\/5477\/revisions"}],"predecessor-version":[{"id":12035,"href":"https:\/\/www.salon-zenetbio.com\/angers\/wp-json\/wp\/v2\/pages\/5477\/revisions\/12035"}],"up":[{"embeddable":true,"href":"https:\/\/www.salon-zenetbio.com\/angers\/wp-json\/wp\/v2\/pages\/2081"}],"wp:featuredmedia":[{"embeddable":true,"href":"https:\/\/www.salon-zenetbio.com\/angers\/wp-json\/wp\/v2\/media\/3503"}],"wp:attachment":[{"href":"https:\/\/www.salon-zenetbio.com\/angers\/wp-json\/wp\/v2\/media?parent=5477"}],"curies":[{"name":"wp","href":"https:\/\/api.w.org\/{rel}","templated":true}]}}