{"id":6377,"date":"2019-01-30T16:42:31","date_gmt":"2019-01-30T15:42:31","guid":{"rendered":"http:\/\/www.salon-zenetbio.com\/angers\/?page_id=6377"},"modified":"2026-02-20T15:28:27","modified_gmt":"2026-02-20T14:28:27","slug":"espace-jeux","status":"publish","type":"page","link":"https:\/\/www.salon-zenetbio.com\/angers\/le-programme\/espace-jeux\/","title":{"rendered":"Espace d&rsquo;animations"},"content":{"rendered":"<p style=\"text-align: justify;\">Le salon Zen &amp; Bio Angers met en place des animations sp\u00e9ciales pour \u00e9veiller l\u2019int\u00e9r\u00eat et pour une exp\u00e9rience visiteurs riche et in\u00e9dite.<\/p>\n<p><span style=\"font-size: 10pt;\"><a href=\"#energisante\">La pause \u00e9nergisante <\/a>&#8211; <\/span><span style=\"font-size: 10pt;\"><a href=\"#nouveaux\">Le village les P&rsquo;tits Nouveaux<\/a> &#8211; <a href=\"#locaux\">Le village des producteurs locaux<\/a> &#8211; <a href=\"#pause\">La pause bio et gourmande<\/a><\/span><\/p>\n<p><span style=\"color: #ffffff;\">a<\/span><\/p>\n<h2 style=\"text-align: left;\"><img decoding=\"async\" class=\"alignnone wp-image-11540\" src=\"https:\/\/www.respirelavie.fr\/rennes\/wp-content\/uploads\/sites\/5\/2025\/01\/Capture_decran_2025-01-24_a_14.20.31-4-e1737728881243.png\" alt=\"\" width=\"28\" height=\"31\" \/> La pause \u00e9nergisante<\/h2>\n<p style=\"text-align: left;\">Formez-vous aux bienfaits de la coh\u00e9rence cardiaque et apprenez \u00e0 mieux respirer.<\/p>\n<p><span style=\"color: #ffffff;\">a<a id=\"nouveaux\"><\/a><\/span><\/p>\n<h2 style=\"text-align: left;\"><img decoding=\"async\" class=\"alignnone wp-image-11545\" src=\"https:\/\/www.respirelavie.fr\/rennes\/wp-content\/uploads\/sites\/5\/2025\/01\/Capture_decran_2025-01-24_a_14.20.31-e1737728923521.png\" alt=\"\" width=\"34\" height=\"31\" \/> Le village Les P\u2019tits Nouveaux<\/h2>\n<p>Un village, situ\u00e9 en plein c\u0153ur du salon qui propose de nouveaux produits innovants et modernes, cr\u00e9\u00e9s par de jeunes marques, toutes plus engag\u00e9es les unes que les autres : ces nouvelles solutions r\u00e9inventent le quotidien en alliant le bon, le bien et le bio !<\/p>\n<p><span style=\"color: #ffffff;\">a<a id=\"locaux\"><\/a><\/span><\/p>\n<h2 style=\"text-align: left;\"><img decoding=\"async\" class=\"alignnone wp-image-12969\" src=\"https:\/\/www.respirelavie.fr\/rennes\/wp-content\/uploads\/sites\/5\/2026\/01\/Capture-decran-2026-01-06-a-11.00.10.png\" alt=\"\" width=\"31\" height=\"31\" \/> Le village des producteurs locaux<\/h2>\n<p style=\"text-align: left;\">Un march\u00e9 bio des producteurs locaux !<br \/>\nRetrouvez les producteurs de votre r\u00e9gion qui valorisent et proposent des produits locaux. Saveurs et d\u00e9couvertes garanties\u00a0!<\/p>\n<p><span style=\"color: #ffffff;\">a<a id=\"pause\"><\/a><\/span><\/p>\n<h2 style=\"text-align: left;\"><img loading=\"lazy\" decoding=\"async\" class=\"alignnone wp-image-12970\" src=\"https:\/\/www.respirelavie.fr\/rennes\/wp-content\/uploads\/sites\/5\/2026\/01\/picto-espace-bio-e1767694113969.png\" alt=\"\" width=\"31\" height=\"26\" \/> La pause bio et gourmande<\/h2>\n<p>Des saveurs, du bouquet, des d\u00e9couvertes&#8230; il y en a pour tous les go\u00fbts ! Retrouvez les menus et gourmandises bio, concoct\u00e9s avec amour par nos restaurateurs engag\u00e9s : pakora, gaufres, cr\u00eapes&#8230;<\/p>\n<p>&nbsp;<\/p>\n<hr \/>\n<p><a href=\"https:\/\/www.salon-zenetbio.com\/angers\/espace-danimations-en-continu-2024\/\" target=\"_blank\" rel=\"noopener\"><em>Consultez le programme de l&rsquo;\u00e9dition 2024<\/em><\/a><br \/>\n<a href=\"https:\/\/www.salon-zenetbio.com\/angers\/espace-danimations-en-continu-2023\/\" target=\"_blank\" rel=\"noopener\"><em>Consultez le programme de l&rsquo;\u00e9dition 2023<\/em><\/a><br \/>\n<a href=\"https:\/\/www.salon-zenetbio.com\/angers\/animation-speciales-2022\/\" target=\"_blank\" rel=\"noopener\"><em>Consultez le programme de l&rsquo;\u00e9dition 2022<\/em><\/a><br \/>\n<a href=\"http:\/\/www.salon-zenetbio.com\/angers\/animations-speciales-2020\/\" target=\"_blank\" rel=\"noopener\"><em>Consultez le programme de l&rsquo;\u00e9dition 2020<\/em><\/a><br \/>\n<em><a href=\"http:\/\/www.salon-zenetbio.com\/angers\/animations-2019\/\" target=\"_blank\" rel=\"noopener noreferrer\">Consultez les animations de l\u2019\u00e9dition 2019<\/a><\/em><\/p>\n<p>&nbsp;<\/p>\n","protected":false},"excerpt":{"rendered":"<p>Le salon Zen &amp; Bio Angers met en place des animations sp\u00e9ciales pour \u00e9veiller l\u2019int\u00e9r\u00eat et pour une exp\u00e9rience visiteurs riche et in\u00e9dite. La pause \u00e9nergisante &#8211; Le village les P&rsquo;tits Nouveaux &#8211; Le village des producteurs locaux &#8211; La pause bio et gourmande a La pause \u00e9nergisante Formez-vous aux bienfaits de la coh\u00e9rence cardiaque&hellip; <\/p>\n","protected":false},"author":1,"featured_media":0,"parent":3591,"menu_order":7,"comment_status":"closed","ping_status":"closed","template":"","meta":{"_monsterinsights_skip_tracking":false,"_monsterinsights_sitenote_active":false,"_monsterinsights_sitenote_note":"","_monsterinsights_sitenote_category":0,"footnotes":""},"class_list":["post-6377","page","type-page","status-publish","hentry"],"yoast_head":"<!-- This site is optimized with the Yoast SEO plugin v27.3 - https:\/\/yoast.com\/product\/yoast-seo-wordpress\/ -->\n<title>Espace d&#039;animations - Z&amp;B Angers<\/title>\n<meta name=\"robots\" content=\"index, follow, max-snippet:-1, max-image-preview:large, max-video-preview:-1\" \/>\n<link rel=\"canonical\" href=\"https:\/\/www.salon-zenetbio.com\/angers\/le-programme\/espace-jeux\/\" \/>\n<meta property=\"og:locale\" content=\"fr_FR\" \/>\n<meta property=\"og:type\" content=\"article\" \/>\n<meta property=\"og:title\" content=\"Espace d&#039;animations - Z&amp;B Angers\" \/>\n<meta property=\"og:description\" content=\"Le salon Zen &amp; Bio Angers met en place des animations sp\u00e9ciales pour \u00e9veiller l\u2019int\u00e9r\u00eat et pour une exp\u00e9rience visiteurs riche et in\u00e9dite. La pause \u00e9nergisante &#8211; Le village les P&rsquo;tits Nouveaux &#8211; Le village des producteurs locaux &#8211; La pause bio et gourmande a La pause \u00e9nergisante Formez-vous aux bienfaits de la coh\u00e9rence cardiaque&hellip;\" \/>\n<meta property=\"og:url\" content=\"https:\/\/www.salon-zenetbio.com\/angers\/le-programme\/espace-jeux\/\" \/>\n<meta property=\"og:site_name\" content=\"Z&amp;B Angers\" \/>\n<meta property=\"article:modified_time\" content=\"2026-02-20T14:28:27+00:00\" \/>\n<meta property=\"og:image\" content=\"http:\/\/www.respirelavie.fr\/rennes\/wp-content\/uploads\/sites\/5\/2025\/01\/Capture_decran_2025-01-24_a_14.20.31-4-e1737728881243.png\" \/>\n<meta name=\"twitter:card\" content=\"summary_large_image\" \/>\n<meta name=\"twitter:label1\" content=\"Dur\u00e9e de lecture estim\u00e9e\" \/>\n\t<meta name=\"twitter:data1\" content=\"2 minutes\" \/>\n<script type=\"application\/ld+json\" class=\"yoast-schema-graph\">{\"@context\":\"https:\\\/\\\/schema.org\",\"@graph\":[{\"@type\":\"WebPage\",\"@id\":\"https:\\\/\\\/www.salon-zenetbio.com\\\/angers\\\/le-programme\\\/espace-jeux\\\/\",\"url\":\"https:\\\/\\\/www.salon-zenetbio.com\\\/angers\\\/le-programme\\\/espace-jeux\\\/\",\"name\":\"Espace d'animations - Z&amp;B Angers\",\"isPartOf\":{\"@id\":\"https:\\\/\\\/www.salon-zenetbio.com\\\/angers\\\/#website\"},\"primaryImageOfPage\":{\"@id\":\"https:\\\/\\\/www.salon-zenetbio.com\\\/angers\\\/le-programme\\\/espace-jeux\\\/#primaryimage\"},\"image\":{\"@id\":\"https:\\\/\\\/www.salon-zenetbio.com\\\/angers\\\/le-programme\\\/espace-jeux\\\/#primaryimage\"},\"thumbnailUrl\":\"http:\\\/\\\/www.respirelavie.fr\\\/rennes\\\/wp-content\\\/uploads\\\/sites\\\/5\\\/2025\\\/01\\\/Capture_decran_2025-01-24_a_14.20.31-4-e1737728881243.png\",\"datePublished\":\"2019-01-30T15:42:31+00:00\",\"dateModified\":\"2026-02-20T14:28:27+00:00\",\"breadcrumb\":{\"@id\":\"https:\\\/\\\/www.salon-zenetbio.com\\\/angers\\\/le-programme\\\/espace-jeux\\\/#breadcrumb\"},\"inLanguage\":\"fr-FR\",\"potentialAction\":[{\"@type\":\"ReadAction\",\"target\":[\"https:\\\/\\\/www.salon-zenetbio.com\\\/angers\\\/le-programme\\\/espace-jeux\\\/\"]}]},{\"@type\":\"ImageObject\",\"inLanguage\":\"fr-FR\",\"@id\":\"https:\\\/\\\/www.salon-zenetbio.com\\\/angers\\\/le-programme\\\/espace-jeux\\\/#primaryimage\",\"url\":\"http:\\\/\\\/www.respirelavie.fr\\\/rennes\\\/wp-content\\\/uploads\\\/sites\\\/5\\\/2025\\\/01\\\/Capture_decran_2025-01-24_a_14.20.31-4-e1737728881243.png\",\"contentUrl\":\"http:\\\/\\\/www.respirelavie.fr\\\/rennes\\\/wp-content\\\/uploads\\\/sites\\\/5\\\/2025\\\/01\\\/Capture_decran_2025-01-24_a_14.20.31-4-e1737728881243.png\"},{\"@type\":\"BreadcrumbList\",\"@id\":\"https:\\\/\\\/www.salon-zenetbio.com\\\/angers\\\/le-programme\\\/espace-jeux\\\/#breadcrumb\",\"itemListElement\":[{\"@type\":\"ListItem\",\"position\":1,\"name\":\"Accueil\",\"item\":\"https:\\\/\\\/www.salon-zenetbio.com\\\/angers\\\/\"},{\"@type\":\"ListItem\",\"position\":2,\"name\":\"Programme du salon\",\"item\":\"https:\\\/\\\/www.salon-zenetbio.com\\\/angers\\\/le-programme\\\/\"},{\"@type\":\"ListItem\",\"position\":3,\"name\":\"Espace d&rsquo;animations\"}]},{\"@type\":\"WebSite\",\"@id\":\"https:\\\/\\\/www.salon-zenetbio.com\\\/angers\\\/#website\",\"url\":\"https:\\\/\\\/www.salon-zenetbio.com\\\/angers\\\/\",\"name\":\"Z&amp;B Angers\",\"description\":\"Zen&amp;Bio Angers : votre salon \u00e9colo, bio, bien-\u00eatre et habitat sain\",\"publisher\":{\"@id\":\"https:\\\/\\\/www.salon-zenetbio.com\\\/angers\\\/#organization\"},\"potentialAction\":[{\"@type\":\"SearchAction\",\"target\":{\"@type\":\"EntryPoint\",\"urlTemplate\":\"https:\\\/\\\/www.salon-zenetbio.com\\\/angers\\\/?s={search_term_string}\"},\"query-input\":{\"@type\":\"PropertyValueSpecification\",\"valueRequired\":true,\"valueName\":\"search_term_string\"}}],\"inLanguage\":\"fr-FR\"},{\"@type\":\"Organization\",\"@id\":\"https:\\\/\\\/www.salon-zenetbio.com\\\/angers\\\/#organization\",\"name\":\"Z&amp;B Angers\",\"url\":\"https:\\\/\\\/www.salon-zenetbio.com\\\/angers\\\/\",\"logo\":{\"@type\":\"ImageObject\",\"inLanguage\":\"fr-FR\",\"@id\":\"https:\\\/\\\/www.salon-zenetbio.com\\\/angers\\\/#\\\/schema\\\/logo\\\/image\\\/\",\"url\":\"https:\\\/\\\/www.salon-zenetbio.com\\\/angers\\\/wp-content\\\/uploads\\\/sites\\\/8\\\/2025\\\/11\\\/cropped-Logo-ZEN-et-BIO-angers-2026.png\",\"contentUrl\":\"https:\\\/\\\/www.salon-zenetbio.com\\\/angers\\\/wp-content\\\/uploads\\\/sites\\\/8\\\/2025\\\/11\\\/cropped-Logo-ZEN-et-BIO-angers-2026.png\",\"width\":921,\"height\":255,\"caption\":\"Z&amp;B Angers\"},\"image\":{\"@id\":\"https:\\\/\\\/www.salon-zenetbio.com\\\/angers\\\/#\\\/schema\\\/logo\\\/image\\\/\"}}]}<\/script>\n<!-- \/ Yoast SEO plugin. -->","yoast_head_json":{"title":"Espace d'animations - Z&amp;B Angers","robots":{"index":"index","follow":"follow","max-snippet":"max-snippet:-1","max-image-preview":"max-image-preview:large","max-video-preview":"max-video-preview:-1"},"canonical":"https:\/\/www.salon-zenetbio.com\/angers\/le-programme\/espace-jeux\/","og_locale":"fr_FR","og_type":"article","og_title":"Espace d'animations - Z&amp;B Angers","og_description":"Le salon Zen &amp; Bio Angers met en place des animations sp\u00e9ciales pour \u00e9veiller l\u2019int\u00e9r\u00eat et pour une exp\u00e9rience visiteurs riche et in\u00e9dite. La pause \u00e9nergisante &#8211; Le village les P&rsquo;tits Nouveaux &#8211; Le village des producteurs locaux &#8211; La pause bio et gourmande a La pause \u00e9nergisante Formez-vous aux bienfaits de la coh\u00e9rence cardiaque&hellip;","og_url":"https:\/\/www.salon-zenetbio.com\/angers\/le-programme\/espace-jeux\/","og_site_name":"Z&amp;B Angers","article_modified_time":"2026-02-20T14:28:27+00:00","og_image":[{"url":"http:\/\/www.respirelavie.fr\/rennes\/wp-content\/uploads\/sites\/5\/2025\/01\/Capture_decran_2025-01-24_a_14.20.31-4-e1737728881243.png","type":"","width":"","height":""}],"twitter_card":"summary_large_image","twitter_misc":{"Dur\u00e9e de lecture estim\u00e9e":"2 minutes"},"schema":{"@context":"https:\/\/schema.org","@graph":[{"@type":"WebPage","@id":"https:\/\/www.salon-zenetbio.com\/angers\/le-programme\/espace-jeux\/","url":"https:\/\/www.salon-zenetbio.com\/angers\/le-programme\/espace-jeux\/","name":"Espace d'animations - Z&amp;B Angers","isPartOf":{"@id":"https:\/\/www.salon-zenetbio.com\/angers\/#website"},"primaryImageOfPage":{"@id":"https:\/\/www.salon-zenetbio.com\/angers\/le-programme\/espace-jeux\/#primaryimage"},"image":{"@id":"https:\/\/www.salon-zenetbio.com\/angers\/le-programme\/espace-jeux\/#primaryimage"},"thumbnailUrl":"http:\/\/www.respirelavie.fr\/rennes\/wp-content\/uploads\/sites\/5\/2025\/01\/Capture_decran_2025-01-24_a_14.20.31-4-e1737728881243.png","datePublished":"2019-01-30T15:42:31+00:00","dateModified":"2026-02-20T14:28:27+00:00","breadcrumb":{"@id":"https:\/\/www.salon-zenetbio.com\/angers\/le-programme\/espace-jeux\/#breadcrumb"},"inLanguage":"fr-FR","potentialAction":[{"@type":"ReadAction","target":["https:\/\/www.salon-zenetbio.com\/angers\/le-programme\/espace-jeux\/"]}]},{"@type":"ImageObject","inLanguage":"fr-FR","@id":"https:\/\/www.salon-zenetbio.com\/angers\/le-programme\/espace-jeux\/#primaryimage","url":"http:\/\/www.respirelavie.fr\/rennes\/wp-content\/uploads\/sites\/5\/2025\/01\/Capture_decran_2025-01-24_a_14.20.31-4-e1737728881243.png","contentUrl":"http:\/\/www.respirelavie.fr\/rennes\/wp-content\/uploads\/sites\/5\/2025\/01\/Capture_decran_2025-01-24_a_14.20.31-4-e1737728881243.png"},{"@type":"BreadcrumbList","@id":"https:\/\/www.salon-zenetbio.com\/angers\/le-programme\/espace-jeux\/#breadcrumb","itemListElement":[{"@type":"ListItem","position":1,"name":"Accueil","item":"https:\/\/www.salon-zenetbio.com\/angers\/"},{"@type":"ListItem","position":2,"name":"Programme du salon","item":"https:\/\/www.salon-zenetbio.com\/angers\/le-programme\/"},{"@type":"ListItem","position":3,"name":"Espace d&rsquo;animations"}]},{"@type":"WebSite","@id":"https:\/\/www.salon-zenetbio.com\/angers\/#website","url":"https:\/\/www.salon-zenetbio.com\/angers\/","name":"Z&amp;B Angers","description":"Zen&amp;Bio Angers : votre salon \u00e9colo, bio, bien-\u00eatre et habitat sain","publisher":{"@id":"https:\/\/www.salon-zenetbio.com\/angers\/#organization"},"potentialAction":[{"@type":"SearchAction","target":{"@type":"EntryPoint","urlTemplate":"https:\/\/www.salon-zenetbio.com\/angers\/?s={search_term_string}"},"query-input":{"@type":"PropertyValueSpecification","valueRequired":true,"valueName":"search_term_string"}}],"inLanguage":"fr-FR"},{"@type":"Organization","@id":"https:\/\/www.salon-zenetbio.com\/angers\/#organization","name":"Z&amp;B Angers","url":"https:\/\/www.salon-zenetbio.com\/angers\/","logo":{"@type":"ImageObject","inLanguage":"fr-FR","@id":"https:\/\/www.salon-zenetbio.com\/angers\/#\/schema\/logo\/image\/","url":"https:\/\/www.salon-zenetbio.com\/angers\/wp-content\/uploads\/sites\/8\/2025\/11\/cropped-Logo-ZEN-et-BIO-angers-2026.png","contentUrl":"https:\/\/www.salon-zenetbio.com\/angers\/wp-content\/uploads\/sites\/8\/2025\/11\/cropped-Logo-ZEN-et-BIO-angers-2026.png","width":921,"height":255,"caption":"Z&amp;B Angers"},"image":{"@id":"https:\/\/www.salon-zenetbio.com\/angers\/#\/schema\/logo\/image\/"}}]}},"_links":{"self":[{"href":"https:\/\/www.salon-zenetbio.com\/angers\/wp-json\/wp\/v2\/pages\/6377","targetHints":{"allow":["GET"]}}],"collection":[{"href":"https:\/\/www.salon-zenetbio.com\/angers\/wp-json\/wp\/v2\/pages"}],"about":[{"href":"https:\/\/www.salon-zenetbio.com\/angers\/wp-json\/wp\/v2\/types\/page"}],"author":[{"embeddable":true,"href":"https:\/\/www.salon-zenetbio.com\/angers\/wp-json\/wp\/v2\/users\/1"}],"replies":[{"embeddable":true,"href":"https:\/\/www.salon-zenetbio.com\/angers\/wp-json\/wp\/v2\/comments?post=6377"}],"version-history":[{"count":2,"href":"https:\/\/www.salon-zenetbio.com\/angers\/wp-json\/wp\/v2\/pages\/6377\/revisions"}],"predecessor-version":[{"id":12667,"href":"https:\/\/www.salon-zenetbio.com\/angers\/wp-json\/wp\/v2\/pages\/6377\/revisions\/12667"}],"up":[{"embeddable":true,"href":"https:\/\/www.salon-zenetbio.com\/angers\/wp-json\/wp\/v2\/pages\/3591"}],"wp:attachment":[{"href":"https:\/\/www.salon-zenetbio.com\/angers\/wp-json\/wp\/v2\/media?parent=6377"}],"curies":[{"name":"wp","href":"https:\/\/api.w.org\/{rel}","templated":true}]}}