{"id":7892,"date":"2020-10-30T11:55:24","date_gmt":"2020-10-30T10:55:24","guid":{"rendered":"http:\/\/www.salon-zenetbio.com\/angers\/?page_id=7892"},"modified":"2020-10-30T11:55:24","modified_gmt":"2020-10-30T10:55:24","slug":"espace-parentalite-2020","status":"publish","type":"page","link":"https:\/\/www.salon-zenetbio.com\/angers\/espace-parentalite-2020\/","title":{"rendered":"Espace parentalit\u00e9 2020"},"content":{"rendered":"<p style=\"text-align: justify;\"><strong>Sophie Bouvet et Olivier Foissac<\/strong>, consultants en parentalit\u00e9 et formateurs, vous proposent durant ces trois jours de partir \u00e0 la d\u00e9couverte de la <strong>Parentalit\u00e9 Cr\u00e9ative<\/strong>.<\/p>\n<p style=\"text-align: justify;\">La <strong>Parentalit\u00e9 Cr\u00e9ative<\/strong> permet aux parents de cheminer et trouver leurs propres solutions. Chaque situation familiale est vue comme un probl\u00e8me \u00e0 r\u00e9soudre, une sorte de casse-t\u00eate auquel chaque parent va apporter sa cr\u00e9ativit\u00e9 personnelle.<\/p>\n<p style=\"text-align: justify;\">Il y a mille solutions possibles, et il s\u2019agit bien plus de trouver l\u2019id\u00e9e adapt\u00e9e \u00e0 sa famille plut\u00f4t que d\u2019appliquer m\u00e9caniquement une m\u00e9thode.<\/p>\n<p style=\"text-align: justify;\">Sophie Bouvet et Olivier Foissac sont membres du <strong>R\u00e9seau Parentalit\u00e9 Cr\u00e9ative<\/strong> (80 consultants en France) cr\u00e9\u00e9 par Catherine Dumonteil Kremer, pionni\u00e8re du soutien \u00e0 la parentalit\u00e9 en France.<\/p>\n<p>Sophie Bouvet : <a href=\"mailto:commeensemant@gmail.com\">commeensemant@gmail.com<\/a> &#8211; <a href=\"http:\/\/www.commeensemant.com\/\">www.commeensemant.com<\/a><br \/>\nOlivier Foissac : <a href=\"mailto:foissac.olivier@neuf.fr\">foissac.olivier@neuf.fr<\/a><\/p>\n<p>Avec les interventions sur le stand de :<\/p>\n<p style=\"text-align: justify;\"><strong>Sylvie Poulain<br \/>\n<\/strong>Doula depuis 2012, sa vocation est d\u2019accompagner les femmes enceintes pendant la grossesse, l\u2019accouchement et la p\u00e9riode postnatale. Cet accompagnement sur les plans \u00e9motionnel, affectif, physique et pratique, est compl\u00e9mentaire de celui de la sage-femme ou du m\u00e9decin.<\/p>\n<p style=\"text-align: justify;\"><strong>La leche League<br \/>\n<\/strong>LLL a pour objectif d&rsquo;aider toutes les m\u00e8res qui le souhaitent \u00e0 mener \u00e0 bien leur projet d&rsquo;allaitement, quel qu&rsquo;il soit, gr\u00e2ce aux informations et au soutien qu&rsquo;elle offre par le biais de ses r\u00e9unions, de son soutien t\u00e9l\u00e9phonique et de ses publications. LLL s&rsquo;engage \u00e0 soutenir l&rsquo;allaitement maternel, et le maternage par l&rsquo;allaitement, composantes essentielles pour le d\u00e9veloppement du lien m\u00e8re-enfant.<\/p>\n<p style=\"text-align: justify;\"><strong>Christelle Guilleux<\/strong> \u201cConte \u00e0 grandir\u201d<br \/>\nSemer des graines d&rsquo;\u00e9veil, d&rsquo;amour et d&rsquo;\u00e9panouissement pour changer le monde, passe avant tout par l&rsquo;\u00e9ducation.<br \/>\nEnseigner aux enfants et aux plus grands, le langage du c\u0153ur ; c&rsquo;est tout le but de conte \u00e0 grandir.<em> <a href=\"http:\/\/www.conte-a-grandir.fr\/\">www.conte-a-grandir.fr<\/a><\/em><\/p>\n<p style=\"text-align: justify;\"><strong>Inscriptions aux ateliers sur place ou par mail<\/strong> (nombre de places limit\u00e9s) <a href=\"mailto:commeensemant@gmail.com\">commeensemant@gmail.com<\/a><br \/>\nLes ateliers \u201cParentalit\u00e9 cr\u00e9ative\u201d se d\u00e9roulent sans la pr\u00e9sence des enfants<\/p>\n<h2><\/h2>\n<h2><strong>VENDREDI 28 F\u00c9VRIER 2020<\/strong><\/h2>\n<p class=\"p1\"><strong><span class=\"s1\">11:00 <\/span><\/strong>Cultiver l\u2019empathie en famille &#8211; <span style=\"color: #999999;\"><em>Parentalit\u00e9 cr\u00e9ative<\/em><\/span><br \/>\n<strong><span class=\"s1\">14:00 <\/span><\/strong>Etre p\u00e8re aujourd\u2019hui &#8211; prendre sa place \/ construire le lien &#8211; <span style=\"color: #999999;\"><em>Parentalit\u00e9 cr\u00e9ative<\/em><\/span><br \/>\n<strong><span class=\"s1\">15:30 <\/span><\/strong>Poser des limites respectueuses \u00e0 son enfant &#8211; <span style=\"color: #999999;\"><em>Parentalit\u00e9 cr\u00e9ative<\/em><\/span><br \/>\n<strong><span class=\"s1\">18:00 <\/span><\/strong>M\u00e9ditation joyeuse parents\/enfants (Qi Gong et relaxation sonore) &#8211; <span style=\"color: #999999;\"><em>Conte \u00e0 grandir<\/em><\/span><\/p>\n<h2><strong>SAMEDI 29 F\u00c9VRIER 2020<\/strong><\/h2>\n<p class=\"p1\"><strong><span class=\"s1\">10:00 <\/span><\/strong><span class=\"s1\">Partages d&rsquo;exp\u00e9riences d&rsquo;allaitement &#8211; <span style=\"color: #999999;\"><em>La Leache League<\/em><\/span><\/span><br \/>\n<strong><span class=\"s1\">11:30 <\/span><\/strong>Cultiver l\u2019empathie en famille &#8211; <span style=\"color: #999999;\"><em>Parentalit\u00e9 cr\u00e9ative<\/em><\/span><br \/>\n<strong><span class=\"s1\">13:00 <\/span><\/strong>Groupe de parole : R\u00e9cits de naissance &#8211; <span style=\"color: #999999;\"><em><span class=\"s1\">La Leache League<\/span><\/em><\/span><br \/>\n<strong><span class=\"s1\">14:30 <\/span><\/strong>Etre p\u00e8re aujourd\u2019hui &#8211; La col\u00e8re \/ les \u00e9motions &#8211; <span style=\"color: #999999;\"><em>Parentalit\u00e9 cr\u00e9ative<\/em><\/span><br \/>\n<strong><span class=\"s1\">16:00 <\/span><\/strong>Accompagner les \u00e9motions des enfants &#8211; <span style=\"color: #999999;\"><em>Parentalit\u00e9 cr\u00e9ative<\/em><\/span><br \/>\n<strong><span class=\"s1\">18:00 <\/span><\/strong>M\u00e9ditation joyeuse parents\/enfants (Qi Gong et relaxation sonore) &#8211; <span style=\"color: #999999;\"><em>Conte \u00e0 grandir<\/em><\/span><\/p>\n<h2><strong>DIMANCHE 1ER MARS 2020<\/strong><\/h2>\n<p class=\"p1\"><strong><span class=\"s1\">10:00 <\/span><\/strong><span class=\"s1\">Partages d&rsquo;exp\u00e9riences d&rsquo;allaitement &#8211; <span style=\"color: #999999;\"><em>La Leache League<\/em><\/span><\/span><br \/>\n<strong><span class=\"s1\">11:30 <\/span><\/strong>Cultiver l\u2019empathie en famille &#8211; <span style=\"color: #999999;\"><em>Parentalit\u00e9 cr\u00e9ative<\/em><\/span><br \/>\n<strong><span class=\"s1\">13:00 <\/span><\/strong>Atelier \u201cj\u2019adore accoucher !\u201d &#8211; <span style=\"color: #999999;\"><em>Sylvie Poulain<\/em><\/span><br \/>\n<strong><span class=\"s1\">14:30 <\/span><\/strong>Etre p\u00e8re aujourd\u2019hui &#8211; La place dans le couple &#8211; <span style=\"color: #999999;\"><em>Parentalit\u00e9 cr\u00e9ative<\/em><\/span><br \/>\n<strong><span class=\"s1\">16:00 <\/span><\/strong>Accompagner les \u00e9motions des enfants &#8211; <span style=\"color: #999999;\"><em>Parentalit\u00e9 cr\u00e9ative<\/em><\/span><\/p>\n","protected":false},"excerpt":{"rendered":"<p>Sophie Bouvet et Olivier Foissac, consultants en parentalit\u00e9 et formateurs, vous proposent durant ces trois jours de partir \u00e0 la d\u00e9couverte de la Parentalit\u00e9 Cr\u00e9ative. La Parentalit\u00e9 Cr\u00e9ative permet aux parents de cheminer et trouver leurs propres solutions. Chaque situation familiale est vue comme un probl\u00e8me \u00e0 r\u00e9soudre, une sorte de casse-t\u00eate auquel chaque parent&hellip; <\/p>\n","protected":false},"author":5,"featured_media":0,"parent":0,"menu_order":0,"comment_status":"closed","ping_status":"closed","template":"","meta":{"_monsterinsights_skip_tracking":false,"_monsterinsights_sitenote_active":false,"_monsterinsights_sitenote_note":"","_monsterinsights_sitenote_category":0,"footnotes":""},"class_list":["post-7892","page","type-page","status-publish","hentry"],"yoast_head":"<!-- This site is optimized with the Yoast SEO plugin v27.3 - https:\/\/yoast.com\/product\/yoast-seo-wordpress\/ -->\n<title>Espace parentalit\u00e9 2020 - Z&amp;B Angers<\/title>\n<meta name=\"robots\" content=\"index, follow, max-snippet:-1, max-image-preview:large, max-video-preview:-1\" \/>\n<link rel=\"canonical\" href=\"https:\/\/www.salon-zenetbio.com\/angers\/espace-parentalite-2020\/\" \/>\n<meta property=\"og:locale\" content=\"fr_FR\" \/>\n<meta property=\"og:type\" content=\"article\" \/>\n<meta property=\"og:title\" content=\"Espace parentalit\u00e9 2020 - Z&amp;B Angers\" \/>\n<meta property=\"og:description\" content=\"Sophie Bouvet et Olivier Foissac, consultants en parentalit\u00e9 et formateurs, vous proposent durant ces trois jours de partir \u00e0 la d\u00e9couverte de la Parentalit\u00e9 Cr\u00e9ative. La Parentalit\u00e9 Cr\u00e9ative permet aux parents de cheminer et trouver leurs propres solutions. Chaque situation familiale est vue comme un probl\u00e8me \u00e0 r\u00e9soudre, une sorte de casse-t\u00eate auquel chaque parent&hellip;\" \/>\n<meta property=\"og:url\" content=\"https:\/\/www.salon-zenetbio.com\/angers\/espace-parentalite-2020\/\" \/>\n<meta property=\"og:site_name\" content=\"Z&amp;B Angers\" \/>\n<meta name=\"twitter:card\" content=\"summary_large_image\" \/>\n<meta name=\"twitter:label1\" content=\"Dur\u00e9e de lecture estim\u00e9e\" \/>\n\t<meta name=\"twitter:data1\" content=\"3 minutes\" \/>\n<script type=\"application\/ld+json\" class=\"yoast-schema-graph\">{\"@context\":\"https:\\\/\\\/schema.org\",\"@graph\":[{\"@type\":\"WebPage\",\"@id\":\"https:\\\/\\\/www.salon-zenetbio.com\\\/angers\\\/espace-parentalite-2020\\\/\",\"url\":\"https:\\\/\\\/www.salon-zenetbio.com\\\/angers\\\/espace-parentalite-2020\\\/\",\"name\":\"Espace parentalit\u00e9 2020 - Z&amp;B Angers\",\"isPartOf\":{\"@id\":\"https:\\\/\\\/www.salon-zenetbio.com\\\/angers\\\/#website\"},\"datePublished\":\"2020-10-30T10:55:24+00:00\",\"breadcrumb\":{\"@id\":\"https:\\\/\\\/www.salon-zenetbio.com\\\/angers\\\/espace-parentalite-2020\\\/#breadcrumb\"},\"inLanguage\":\"fr-FR\",\"potentialAction\":[{\"@type\":\"ReadAction\",\"target\":[\"https:\\\/\\\/www.salon-zenetbio.com\\\/angers\\\/espace-parentalite-2020\\\/\"]}]},{\"@type\":\"BreadcrumbList\",\"@id\":\"https:\\\/\\\/www.salon-zenetbio.com\\\/angers\\\/espace-parentalite-2020\\\/#breadcrumb\",\"itemListElement\":[{\"@type\":\"ListItem\",\"position\":1,\"name\":\"Accueil\",\"item\":\"https:\\\/\\\/www.salon-zenetbio.com\\\/angers\\\/\"},{\"@type\":\"ListItem\",\"position\":2,\"name\":\"Espace parentalit\u00e9 2020\"}]},{\"@type\":\"WebSite\",\"@id\":\"https:\\\/\\\/www.salon-zenetbio.com\\\/angers\\\/#website\",\"url\":\"https:\\\/\\\/www.salon-zenetbio.com\\\/angers\\\/\",\"name\":\"Z&amp;B Angers\",\"description\":\"Zen&amp;Bio Angers : votre salon \u00e9colo, bio, bien-\u00eatre et habitat sain\",\"publisher\":{\"@id\":\"https:\\\/\\\/www.salon-zenetbio.com\\\/angers\\\/#organization\"},\"potentialAction\":[{\"@type\":\"SearchAction\",\"target\":{\"@type\":\"EntryPoint\",\"urlTemplate\":\"https:\\\/\\\/www.salon-zenetbio.com\\\/angers\\\/?s={search_term_string}\"},\"query-input\":{\"@type\":\"PropertyValueSpecification\",\"valueRequired\":true,\"valueName\":\"search_term_string\"}}],\"inLanguage\":\"fr-FR\"},{\"@type\":\"Organization\",\"@id\":\"https:\\\/\\\/www.salon-zenetbio.com\\\/angers\\\/#organization\",\"name\":\"Z&amp;B Angers\",\"url\":\"https:\\\/\\\/www.salon-zenetbio.com\\\/angers\\\/\",\"logo\":{\"@type\":\"ImageObject\",\"inLanguage\":\"fr-FR\",\"@id\":\"https:\\\/\\\/www.salon-zenetbio.com\\\/angers\\\/#\\\/schema\\\/logo\\\/image\\\/\",\"url\":\"https:\\\/\\\/www.salon-zenetbio.com\\\/angers\\\/wp-content\\\/uploads\\\/sites\\\/8\\\/2025\\\/11\\\/cropped-Logo-ZEN-et-BIO-angers-2026.png\",\"contentUrl\":\"https:\\\/\\\/www.salon-zenetbio.com\\\/angers\\\/wp-content\\\/uploads\\\/sites\\\/8\\\/2025\\\/11\\\/cropped-Logo-ZEN-et-BIO-angers-2026.png\",\"width\":921,\"height\":255,\"caption\":\"Z&amp;B Angers\"},\"image\":{\"@id\":\"https:\\\/\\\/www.salon-zenetbio.com\\\/angers\\\/#\\\/schema\\\/logo\\\/image\\\/\"}}]}<\/script>\n<!-- \/ Yoast SEO plugin. -->","yoast_head_json":{"title":"Espace parentalit\u00e9 2020 - Z&amp;B Angers","robots":{"index":"index","follow":"follow","max-snippet":"max-snippet:-1","max-image-preview":"max-image-preview:large","max-video-preview":"max-video-preview:-1"},"canonical":"https:\/\/www.salon-zenetbio.com\/angers\/espace-parentalite-2020\/","og_locale":"fr_FR","og_type":"article","og_title":"Espace parentalit\u00e9 2020 - Z&amp;B Angers","og_description":"Sophie Bouvet et Olivier Foissac, consultants en parentalit\u00e9 et formateurs, vous proposent durant ces trois jours de partir \u00e0 la d\u00e9couverte de la Parentalit\u00e9 Cr\u00e9ative. La Parentalit\u00e9 Cr\u00e9ative permet aux parents de cheminer et trouver leurs propres solutions. Chaque situation familiale est vue comme un probl\u00e8me \u00e0 r\u00e9soudre, une sorte de casse-t\u00eate auquel chaque parent&hellip;","og_url":"https:\/\/www.salon-zenetbio.com\/angers\/espace-parentalite-2020\/","og_site_name":"Z&amp;B Angers","twitter_card":"summary_large_image","twitter_misc":{"Dur\u00e9e de lecture estim\u00e9e":"3 minutes"},"schema":{"@context":"https:\/\/schema.org","@graph":[{"@type":"WebPage","@id":"https:\/\/www.salon-zenetbio.com\/angers\/espace-parentalite-2020\/","url":"https:\/\/www.salon-zenetbio.com\/angers\/espace-parentalite-2020\/","name":"Espace parentalit\u00e9 2020 - Z&amp;B Angers","isPartOf":{"@id":"https:\/\/www.salon-zenetbio.com\/angers\/#website"},"datePublished":"2020-10-30T10:55:24+00:00","breadcrumb":{"@id":"https:\/\/www.salon-zenetbio.com\/angers\/espace-parentalite-2020\/#breadcrumb"},"inLanguage":"fr-FR","potentialAction":[{"@type":"ReadAction","target":["https:\/\/www.salon-zenetbio.com\/angers\/espace-parentalite-2020\/"]}]},{"@type":"BreadcrumbList","@id":"https:\/\/www.salon-zenetbio.com\/angers\/espace-parentalite-2020\/#breadcrumb","itemListElement":[{"@type":"ListItem","position":1,"name":"Accueil","item":"https:\/\/www.salon-zenetbio.com\/angers\/"},{"@type":"ListItem","position":2,"name":"Espace parentalit\u00e9 2020"}]},{"@type":"WebSite","@id":"https:\/\/www.salon-zenetbio.com\/angers\/#website","url":"https:\/\/www.salon-zenetbio.com\/angers\/","name":"Z&amp;B Angers","description":"Zen&amp;Bio Angers : votre salon \u00e9colo, bio, bien-\u00eatre et habitat sain","publisher":{"@id":"https:\/\/www.salon-zenetbio.com\/angers\/#organization"},"potentialAction":[{"@type":"SearchAction","target":{"@type":"EntryPoint","urlTemplate":"https:\/\/www.salon-zenetbio.com\/angers\/?s={search_term_string}"},"query-input":{"@type":"PropertyValueSpecification","valueRequired":true,"valueName":"search_term_string"}}],"inLanguage":"fr-FR"},{"@type":"Organization","@id":"https:\/\/www.salon-zenetbio.com\/angers\/#organization","name":"Z&amp;B Angers","url":"https:\/\/www.salon-zenetbio.com\/angers\/","logo":{"@type":"ImageObject","inLanguage":"fr-FR","@id":"https:\/\/www.salon-zenetbio.com\/angers\/#\/schema\/logo\/image\/","url":"https:\/\/www.salon-zenetbio.com\/angers\/wp-content\/uploads\/sites\/8\/2025\/11\/cropped-Logo-ZEN-et-BIO-angers-2026.png","contentUrl":"https:\/\/www.salon-zenetbio.com\/angers\/wp-content\/uploads\/sites\/8\/2025\/11\/cropped-Logo-ZEN-et-BIO-angers-2026.png","width":921,"height":255,"caption":"Z&amp;B Angers"},"image":{"@id":"https:\/\/www.salon-zenetbio.com\/angers\/#\/schema\/logo\/image\/"}}]}},"_links":{"self":[{"href":"https:\/\/www.salon-zenetbio.com\/angers\/wp-json\/wp\/v2\/pages\/7892","targetHints":{"allow":["GET"]}}],"collection":[{"href":"https:\/\/www.salon-zenetbio.com\/angers\/wp-json\/wp\/v2\/pages"}],"about":[{"href":"https:\/\/www.salon-zenetbio.com\/angers\/wp-json\/wp\/v2\/types\/page"}],"author":[{"embeddable":true,"href":"https:\/\/www.salon-zenetbio.com\/angers\/wp-json\/wp\/v2\/users\/5"}],"replies":[{"embeddable":true,"href":"https:\/\/www.salon-zenetbio.com\/angers\/wp-json\/wp\/v2\/comments?post=7892"}],"version-history":[{"count":0,"href":"https:\/\/www.salon-zenetbio.com\/angers\/wp-json\/wp\/v2\/pages\/7892\/revisions"}],"wp:attachment":[{"href":"https:\/\/www.salon-zenetbio.com\/angers\/wp-json\/wp\/v2\/media?parent=7892"}],"curies":[{"name":"wp","href":"https:\/\/api.w.org\/{rel}","templated":true}]}}