{"id":8869,"date":"2022-08-17T10:49:48","date_gmt":"2022-08-17T08:49:48","guid":{"rendered":"https:\/\/www.salon-zenetbio.com\/angers\/?page_id=8869"},"modified":"2022-08-17T10:49:48","modified_gmt":"2022-08-17T08:49:48","slug":"conferences-2022","status":"publish","type":"page","link":"https:\/\/www.salon-zenetbio.com\/angers\/conferences-2022\/","title":{"rendered":"Conf\u00e9rences 2022"},"content":{"rendered":"<p style=\"text-align: justify;\">Les conf\u00e9rences se tiennent dans les salles suivantes :<br \/>\n<span style=\"color: #55a932;\"><strong>Salle GRANDS DUCS<\/strong><\/span><br \/>\n<span style=\"color: #00a6e2;\"><strong>Salle SAINT AUBIN<\/strong><\/span><\/p>\n<p>&nbsp;<\/p>\n<h2><strong>VENDREDI 29 AVRIL 2022<\/strong><\/h2>\n<p><span style=\"color: #00a6e2;\"><strong>12:00 <\/strong><\/span>Les 6 phases d\u2019acc\u00e8s au l\u00e2cher prise. Vivre pleinement sa vie au Pr\u00e9sent <em>&#8211; H\u00e9l\u00e8ne Girardin<\/em><span style=\"color: #00a6e2;\"><strong><br \/>\n13:00 <\/strong><\/span>M\u00e9decine Chinoise : son bilan, ses outils th\u00e9rapeutiques et sa richesse de prise en charge <em>&#8211; Florian Sanciet<\/em><br \/>\n<span style=\"color: #55a932;\"><strong>13:30 <\/strong><\/span>Bienfait des min\u00e9raux<em> &#8211; Jean-Claude Kennedec<br \/>\n<\/em><span style=\"color: #00a6e2;\"><strong>14:00 <\/strong><\/span>La g\u00e9obiologie : la sant\u00e9 par l&rsquo;habitat <em>&#8211; Rolan Fernandez<\/em><br \/>\n<span style=\"color: #55a932;\"><strong>14:30 <\/strong><\/span>Equilibre acido-basique, la cl\u00e9 de votre sant\u00e9 <em>&#8211; Patricia Paisant<\/em><em><br \/>\n<\/em><span style=\"color: #00a6e2;\"><strong>15:00 <\/strong><\/span>Voyage au c\u0153ur de mon personnage int\u00e9rieur, l\u2019hypnose au c\u0153ur de la connaissance de soi <em>&#8211; H\u00e9l\u00e8ne Girardin<\/em><span style=\"color: #00a6e2;\"><strong><br \/>\n16:00 <\/strong><\/span>Retrouver et gu\u00e9rir son enfant int\u00e9rieur <em>&#8211; H\u00e9l\u00e8ne Girardin<br \/>\n<\/em><span style=\"color: #55a932;\"><strong>17:00 <\/strong><\/span>Confiance en soi et m\u00e9thode Nerti <em>&#8211; Sophie Barre<br \/>\n<\/em><span style=\"color: #00a6e2;\"><strong>17:00 <\/strong><\/span>Les plantes sauvages au secours de nos articulations et de notre sant\u00e9. Les bons conseils du P\u00e8re Jean <em>&#8211; Jpol Clesse<br \/>\n<\/em><span style=\"color: #55a932;\"><strong>18:00 <\/strong><\/span>\u00catre heureux et \u00e9panoui \u00e0 notre \u00e9poque <em>&#8211; Sarah Defossez<\/em><\/p>\n<h2><strong>SAMEDI 30 AVRIL 2022<\/strong><\/h2>\n<p><span style=\"color: #00a6e2;\"><strong><span style=\"color: #55a932;\">11:00<\/span> <\/strong><\/span>Microbiote et intestin au centre de la sant\u00e9 et des \u00e9motions <em>&#8211; Patricia Paisant<\/em><br \/>\n<span style=\"color: #55a932;\"><strong><span style=\"color: #00a6e2;\">11:00 <\/span> <\/strong><\/span>Pourquoi et comment je\u00fbner pour \u00eatre en meilleure sant\u00e9 <em>&#8211; Alexandre Tonnelier<br \/>\n<\/em><span style=\"color: #00a6e2;\"><strong>12:00 <\/strong><\/span>Bienfait des min\u00e9raux <em>&#8211; Jean-Claude Kennedec<\/em><br \/>\n<span style=\"color: #55a932;\"><strong>13:30 <\/strong><\/span>La m\u00e9thode Wim Hof : d\u00e9couvrez la puissance de la respiration et du froid pour diminuer le stress <em>&#8211; Alexandre Tonnelier<\/em><br \/>\n<span style=\"color: #00a6e2;\"><strong>14:00 <\/strong><\/span>D\u00e9velopper ses potentiels avec la num\u00e9rologie cr\u00e9ative <em>&#8211; Laurence Thi\u00e9vin<\/em><br \/>\n<span style=\"color: #55a932;\"><strong>14:30 <\/strong><\/span>Yoga et Ayurveda au quotidien<em> &#8211; Catherine Brau &amp; C\u00e9cile Legros<\/em><br \/>\n<span style=\"color: #00a6e2;\"><strong>15:00 <\/strong><\/span>Comment se lib\u00e9rer et donner du sens \u00e0 sa vie avec l&rsquo;Epikinergy <em>&#8211; Fabrice Thiere<br \/>\n<\/em><span style=\"color: #00a6e2;\"><strong>16:00 <\/strong><\/span>Nos \u00e9motions, les r\u00e9percussions sur notre sant\u00e9 \u00e0 court et long terme, et la prise en charge en m\u00e9decine chinoise<em> &#8211; Florian Sanciet<\/em><br \/>\n<span style=\"color: #55a932;\"><strong>17:00 <\/strong><\/span>Retrouver et gu\u00e9rir son enfant int\u00e9rieur<em> &#8211; H\u00e9l\u00e8ne Girardin<\/em><em><br \/>\n<\/em><span style=\"color: #00a6e2;\"><strong>18:00 <\/strong><\/span>La permaculture en action ! D\u00e9couvrez le Domaine de Danne, un terrain d\u2019apprentissage \u00e0 25 min d&rsquo;Angers avec tiers-lieux, habitats participatifs et jardins en permaculture. Nous pr\u00e9senterons le lieu, son projet de transition territorial sur 350 ha et son potentiel permacole au regard du label Permacopia sur l&rsquo;habitat \u00e9cologique et autonome <em>&#8211; Alexandre Bodin, Permacopia<br \/>\n<\/em><span style=\"color: #55a932;\"><strong>18:00 <\/strong><\/span>Voyage au c\u0153ur de mon personnage int\u00e9rieur, l\u2019hypnose au c\u0153ur de la connaissance de soi &#8211; <em>H\u00e9l\u00e8ne Girardin<br \/>\n<\/em><\/p>\n<h2><strong>DIMANCHE 1ER MAI 2022<\/strong><\/h2>\n<p><span style=\"color: #00a6e2;\"><strong><span style=\"color: #55a932;\">11:00 <\/span><\/strong><\/span>Les plantes sauvages au secours de nos articulations et de notre sant\u00e9. Les bons conseils du P\u00e8re Jean<em> &#8211; Jpol Clesse<\/em><span style=\"color: #00a6e2;\"><strong><br \/>\n11:00 <\/strong><\/span>Microbiote et intestin au centre de la sant\u00e9 et des \u00e9motions <em>&#8211; Patricia Paisant<\/em><br \/>\n<span style=\"color: #00a6e2;\"><strong>12:00<\/strong><\/span> Les 6 phases d\u2019acc\u00e8s au l\u00e2cher prise. Vivre pleinement sa vie au Pr\u00e9sent <em>&#8211; H\u00e9l\u00e8ne Girardin<br \/>\n<\/em><span style=\"color: #00a6e2;\"><strong>13:00 <\/strong><\/span>Bienfait des min\u00e9raux <em>&#8211; Jean-Claude Kennedec<\/em><br \/>\n<span style=\"color: #00a6e2;\"><strong><span style=\"color: #55a932;\">13:30 <\/span><\/strong><\/span>Voyage au c\u0153ur de mon personnage int\u00e9rieur, l\u2019hypnose au c\u0153ur de la connaissance de soi <em>&#8211; H\u00e9l\u00e8ne Girardin<\/em><span style=\"color: #00a6e2;\"><strong><br \/>\n14:00 <\/strong><\/span>Du job qui vous \u00e9puise au job qui vous fait vibrer <em>&#8211; Astrid Le Fur<\/em><br \/>\n<span style=\"color: #55a932;\"><strong>14:30<\/strong><\/span> Le corps positif ou commence le corps nous guide \u00e0 travers ses maux<em> &#8211; Eglantine Goussiez-Soret<\/em><br \/>\n<span style=\"color: #00a6e2;\"><strong>15:00 <\/strong><\/span>M\u00e9decine Chinoise : m\u00e9decine d\u00e9pass\u00e9e ou d&rsquo;actualit\u00e9 ?<em> &#8211; Florian Sanciet<\/em><br \/>\n<span style=\"color: #00a6e2;\"><strong>16:00 <\/strong><\/span>Comment l&rsquo;hypnose peut changer votre vie <em>&#8211; C\u00e9cile Legros<br \/>\n<\/em><span style=\"color: #00a6e2;\"><strong>17:00 <\/strong><\/span>La clef pour pr\u00e9server et restaurer sa sant\u00e9 : \u00e9quilibrer son microbiote, ses neurom\u00e9diateurs par l&rsquo;alimentation, les super-aliments&#8230; <em>&#8211; Julie Girardin<\/em><br \/>\n<span style=\"color: #55a932;\"><strong>17:00 <\/strong><\/span>Retrouver et gu\u00e9rir son enfant int\u00e9rieur <em>&#8211; H\u00e9l\u00e8ne Girardin<\/em><\/p>\n","protected":false},"excerpt":{"rendered":"<p>Les conf\u00e9rences se tiennent dans les salles suivantes : Salle GRANDS DUCS Salle SAINT AUBIN &nbsp; VENDREDI 29 AVRIL 2022 12:00 Les 6 phases d\u2019acc\u00e8s au l\u00e2cher prise. Vivre pleinement sa vie au Pr\u00e9sent &#8211; H\u00e9l\u00e8ne Girardin 13:00 M\u00e9decine Chinoise : son bilan, ses outils th\u00e9rapeutiques et sa richesse de prise en charge &#8211; Florian&hellip; <\/p>\n","protected":false},"author":8,"featured_media":0,"parent":0,"menu_order":0,"comment_status":"closed","ping_status":"closed","template":"","meta":{"_monsterinsights_skip_tracking":false,"_monsterinsights_sitenote_active":false,"_monsterinsights_sitenote_note":"","_monsterinsights_sitenote_category":0,"footnotes":""},"class_list":["post-8869","page","type-page","status-publish","hentry"],"yoast_head":"<!-- This site is optimized with the Yoast SEO plugin v27.3 - https:\/\/yoast.com\/product\/yoast-seo-wordpress\/ -->\n<title>Conf\u00e9rences 2022 - Z&amp;B Angers<\/title>\n<meta name=\"robots\" content=\"index, follow, max-snippet:-1, max-image-preview:large, max-video-preview:-1\" \/>\n<link rel=\"canonical\" href=\"https:\/\/www.salon-zenetbio.com\/angers\/conferences-2022\/\" \/>\n<meta property=\"og:locale\" content=\"fr_FR\" \/>\n<meta property=\"og:type\" content=\"article\" \/>\n<meta property=\"og:title\" content=\"Conf\u00e9rences 2022 - Z&amp;B Angers\" \/>\n<meta property=\"og:description\" content=\"Les conf\u00e9rences se tiennent dans les salles suivantes : Salle GRANDS DUCS Salle SAINT AUBIN &nbsp; VENDREDI 29 AVRIL 2022 12:00 Les 6 phases d\u2019acc\u00e8s au l\u00e2cher prise. Vivre pleinement sa vie au Pr\u00e9sent &#8211; H\u00e9l\u00e8ne Girardin 13:00 M\u00e9decine Chinoise : son bilan, ses outils th\u00e9rapeutiques et sa richesse de prise en charge &#8211; Florian&hellip;\" \/>\n<meta property=\"og:url\" content=\"https:\/\/www.salon-zenetbio.com\/angers\/conferences-2022\/\" \/>\n<meta property=\"og:site_name\" content=\"Z&amp;B Angers\" \/>\n<meta name=\"twitter:card\" content=\"summary_large_image\" \/>\n<meta name=\"twitter:label1\" content=\"Dur\u00e9e de lecture estim\u00e9e\" \/>\n\t<meta name=\"twitter:data1\" content=\"3 minutes\" \/>\n<script type=\"application\/ld+json\" class=\"yoast-schema-graph\">{\"@context\":\"https:\\\/\\\/schema.org\",\"@graph\":[{\"@type\":\"WebPage\",\"@id\":\"https:\\\/\\\/www.salon-zenetbio.com\\\/angers\\\/conferences-2022\\\/\",\"url\":\"https:\\\/\\\/www.salon-zenetbio.com\\\/angers\\\/conferences-2022\\\/\",\"name\":\"Conf\u00e9rences 2022 - Z&amp;B Angers\",\"isPartOf\":{\"@id\":\"https:\\\/\\\/www.salon-zenetbio.com\\\/angers\\\/#website\"},\"datePublished\":\"2022-08-17T08:49:48+00:00\",\"breadcrumb\":{\"@id\":\"https:\\\/\\\/www.salon-zenetbio.com\\\/angers\\\/conferences-2022\\\/#breadcrumb\"},\"inLanguage\":\"fr-FR\",\"potentialAction\":[{\"@type\":\"ReadAction\",\"target\":[\"https:\\\/\\\/www.salon-zenetbio.com\\\/angers\\\/conferences-2022\\\/\"]}]},{\"@type\":\"BreadcrumbList\",\"@id\":\"https:\\\/\\\/www.salon-zenetbio.com\\\/angers\\\/conferences-2022\\\/#breadcrumb\",\"itemListElement\":[{\"@type\":\"ListItem\",\"position\":1,\"name\":\"Accueil\",\"item\":\"https:\\\/\\\/www.salon-zenetbio.com\\\/angers\\\/\"},{\"@type\":\"ListItem\",\"position\":2,\"name\":\"Conf\u00e9rences 2022\"}]},{\"@type\":\"WebSite\",\"@id\":\"https:\\\/\\\/www.salon-zenetbio.com\\\/angers\\\/#website\",\"url\":\"https:\\\/\\\/www.salon-zenetbio.com\\\/angers\\\/\",\"name\":\"Z&amp;B Angers\",\"description\":\"Zen&amp;Bio Angers : votre salon \u00e9colo, bio, bien-\u00eatre et habitat sain\",\"publisher\":{\"@id\":\"https:\\\/\\\/www.salon-zenetbio.com\\\/angers\\\/#organization\"},\"potentialAction\":[{\"@type\":\"SearchAction\",\"target\":{\"@type\":\"EntryPoint\",\"urlTemplate\":\"https:\\\/\\\/www.salon-zenetbio.com\\\/angers\\\/?s={search_term_string}\"},\"query-input\":{\"@type\":\"PropertyValueSpecification\",\"valueRequired\":true,\"valueName\":\"search_term_string\"}}],\"inLanguage\":\"fr-FR\"},{\"@type\":\"Organization\",\"@id\":\"https:\\\/\\\/www.salon-zenetbio.com\\\/angers\\\/#organization\",\"name\":\"Z&amp;B Angers\",\"url\":\"https:\\\/\\\/www.salon-zenetbio.com\\\/angers\\\/\",\"logo\":{\"@type\":\"ImageObject\",\"inLanguage\":\"fr-FR\",\"@id\":\"https:\\\/\\\/www.salon-zenetbio.com\\\/angers\\\/#\\\/schema\\\/logo\\\/image\\\/\",\"url\":\"https:\\\/\\\/www.salon-zenetbio.com\\\/angers\\\/wp-content\\\/uploads\\\/sites\\\/8\\\/2025\\\/11\\\/cropped-Logo-ZEN-et-BIO-angers-2026.png\",\"contentUrl\":\"https:\\\/\\\/www.salon-zenetbio.com\\\/angers\\\/wp-content\\\/uploads\\\/sites\\\/8\\\/2025\\\/11\\\/cropped-Logo-ZEN-et-BIO-angers-2026.png\",\"width\":921,\"height\":255,\"caption\":\"Z&amp;B Angers\"},\"image\":{\"@id\":\"https:\\\/\\\/www.salon-zenetbio.com\\\/angers\\\/#\\\/schema\\\/logo\\\/image\\\/\"}}]}<\/script>\n<!-- \/ Yoast SEO plugin. -->","yoast_head_json":{"title":"Conf\u00e9rences 2022 - Z&amp;B Angers","robots":{"index":"index","follow":"follow","max-snippet":"max-snippet:-1","max-image-preview":"max-image-preview:large","max-video-preview":"max-video-preview:-1"},"canonical":"https:\/\/www.salon-zenetbio.com\/angers\/conferences-2022\/","og_locale":"fr_FR","og_type":"article","og_title":"Conf\u00e9rences 2022 - Z&amp;B Angers","og_description":"Les conf\u00e9rences se tiennent dans les salles suivantes : Salle GRANDS DUCS Salle SAINT AUBIN &nbsp; VENDREDI 29 AVRIL 2022 12:00 Les 6 phases d\u2019acc\u00e8s au l\u00e2cher prise. Vivre pleinement sa vie au Pr\u00e9sent &#8211; H\u00e9l\u00e8ne Girardin 13:00 M\u00e9decine Chinoise : son bilan, ses outils th\u00e9rapeutiques et sa richesse de prise en charge &#8211; Florian&hellip;","og_url":"https:\/\/www.salon-zenetbio.com\/angers\/conferences-2022\/","og_site_name":"Z&amp;B Angers","twitter_card":"summary_large_image","twitter_misc":{"Dur\u00e9e de lecture estim\u00e9e":"3 minutes"},"schema":{"@context":"https:\/\/schema.org","@graph":[{"@type":"WebPage","@id":"https:\/\/www.salon-zenetbio.com\/angers\/conferences-2022\/","url":"https:\/\/www.salon-zenetbio.com\/angers\/conferences-2022\/","name":"Conf\u00e9rences 2022 - Z&amp;B Angers","isPartOf":{"@id":"https:\/\/www.salon-zenetbio.com\/angers\/#website"},"datePublished":"2022-08-17T08:49:48+00:00","breadcrumb":{"@id":"https:\/\/www.salon-zenetbio.com\/angers\/conferences-2022\/#breadcrumb"},"inLanguage":"fr-FR","potentialAction":[{"@type":"ReadAction","target":["https:\/\/www.salon-zenetbio.com\/angers\/conferences-2022\/"]}]},{"@type":"BreadcrumbList","@id":"https:\/\/www.salon-zenetbio.com\/angers\/conferences-2022\/#breadcrumb","itemListElement":[{"@type":"ListItem","position":1,"name":"Accueil","item":"https:\/\/www.salon-zenetbio.com\/angers\/"},{"@type":"ListItem","position":2,"name":"Conf\u00e9rences 2022"}]},{"@type":"WebSite","@id":"https:\/\/www.salon-zenetbio.com\/angers\/#website","url":"https:\/\/www.salon-zenetbio.com\/angers\/","name":"Z&amp;B Angers","description":"Zen&amp;Bio Angers : votre salon \u00e9colo, bio, bien-\u00eatre et habitat sain","publisher":{"@id":"https:\/\/www.salon-zenetbio.com\/angers\/#organization"},"potentialAction":[{"@type":"SearchAction","target":{"@type":"EntryPoint","urlTemplate":"https:\/\/www.salon-zenetbio.com\/angers\/?s={search_term_string}"},"query-input":{"@type":"PropertyValueSpecification","valueRequired":true,"valueName":"search_term_string"}}],"inLanguage":"fr-FR"},{"@type":"Organization","@id":"https:\/\/www.salon-zenetbio.com\/angers\/#organization","name":"Z&amp;B Angers","url":"https:\/\/www.salon-zenetbio.com\/angers\/","logo":{"@type":"ImageObject","inLanguage":"fr-FR","@id":"https:\/\/www.salon-zenetbio.com\/angers\/#\/schema\/logo\/image\/","url":"https:\/\/www.salon-zenetbio.com\/angers\/wp-content\/uploads\/sites\/8\/2025\/11\/cropped-Logo-ZEN-et-BIO-angers-2026.png","contentUrl":"https:\/\/www.salon-zenetbio.com\/angers\/wp-content\/uploads\/sites\/8\/2025\/11\/cropped-Logo-ZEN-et-BIO-angers-2026.png","width":921,"height":255,"caption":"Z&amp;B Angers"},"image":{"@id":"https:\/\/www.salon-zenetbio.com\/angers\/#\/schema\/logo\/image\/"}}]}},"_links":{"self":[{"href":"https:\/\/www.salon-zenetbio.com\/angers\/wp-json\/wp\/v2\/pages\/8869","targetHints":{"allow":["GET"]}}],"collection":[{"href":"https:\/\/www.salon-zenetbio.com\/angers\/wp-json\/wp\/v2\/pages"}],"about":[{"href":"https:\/\/www.salon-zenetbio.com\/angers\/wp-json\/wp\/v2\/types\/page"}],"author":[{"embeddable":true,"href":"https:\/\/www.salon-zenetbio.com\/angers\/wp-json\/wp\/v2\/users\/8"}],"replies":[{"embeddable":true,"href":"https:\/\/www.salon-zenetbio.com\/angers\/wp-json\/wp\/v2\/comments?post=8869"}],"version-history":[{"count":0,"href":"https:\/\/www.salon-zenetbio.com\/angers\/wp-json\/wp\/v2\/pages\/8869\/revisions"}],"wp:attachment":[{"href":"https:\/\/www.salon-zenetbio.com\/angers\/wp-json\/wp\/v2\/media?parent=8869"}],"curies":[{"name":"wp","href":"https:\/\/api.w.org\/{rel}","templated":true}]}}