{"id":8888,"date":"2022-08-17T11:07:30","date_gmt":"2022-08-17T09:07:30","guid":{"rendered":"https:\/\/www.salon-zenetbio.com\/angers\/?page_id=8888"},"modified":"2022-08-17T11:07:30","modified_gmt":"2022-08-17T09:07:30","slug":"animation-speciales-2022","status":"publish","type":"page","link":"https:\/\/www.salon-zenetbio.com\/angers\/animation-speciales-2022\/","title":{"rendered":"Animation sp\u00e9ciales 2022"},"content":{"rendered":"<p>&nbsp;<\/p>\n<p><a id=\"bois\"><\/a><strong><a href=\"#bois\">ESPACE JEUX EN BOIS<\/a><\/strong><br \/>\n<strong><a href=\"#art\">ESPACE ART ET CR\u00c9ATION<\/a><\/strong><br \/>\n<a href=\"#ferme\"><strong>VISITE DE LA FERME D&rsquo;\u00c9LIZ\u00c9A<\/strong><\/a><br \/>\n<a href=\"#enfants\"><strong>LE COIN DES ENFANTS<\/strong><\/a><br \/>\n<a href=\"#detente\"><strong>ESPACE D\u00c9TENTE<\/strong><\/a><\/p>\n<h2><strong>ESPACE JEUX EN BOIS<\/strong><\/h2>\n<p><img fetchpriority=\"high\" decoding=\"async\" class=\"size-medium wp-image-8259 alignleft\" src=\"https:\/\/www.salon-zenetbio.com\/angers\/wp-content\/uploads\/sites\/8\/2022\/03\/jeux-en-bois-300x200.jpg\" alt=\"\" width=\"300\" height=\"200\" srcset=\"https:\/\/www.salon-zenetbio.com\/angers\/wp-content\/uploads\/sites\/8\/2022\/03\/jeux-en-bois-300x200.jpg 300w, https:\/\/www.salon-zenetbio.com\/angers\/wp-content\/uploads\/sites\/8\/2022\/03\/jeux-en-bois-1024x683.jpg 1024w, https:\/\/www.salon-zenetbio.com\/angers\/wp-content\/uploads\/sites\/8\/2022\/03\/jeux-en-bois-768x512.jpg 768w, https:\/\/www.salon-zenetbio.com\/angers\/wp-content\/uploads\/sites\/8\/2022\/03\/jeux-en-bois-1536x1024.jpg 1536w, https:\/\/www.salon-zenetbio.com\/angers\/wp-content\/uploads\/sites\/8\/2022\/03\/jeux-en-bois-150x100.jpg 150w, https:\/\/www.salon-zenetbio.com\/angers\/wp-content\/uploads\/sites\/8\/2022\/03\/jeux-en-bois-500x333.jpg 500w, https:\/\/www.salon-zenetbio.com\/angers\/wp-content\/uploads\/sites\/8\/2022\/03\/jeux-en-bois.jpg 1920w\" sizes=\"(max-width: 300px) 100vw, 300px\" \/><\/p>\n<p>Jeux en bois et casse-t\u00eate fabriqu\u00e9s de mani\u00e8re artisanale, pour un moment<a id=\"art\"><\/a> convivial et ludique en famille.<br \/>\n<em>Organis\u00e9 par\u00a0ACB Jeux<\/em><\/p>\n<h2><\/h2>\n<h2><\/h2>\n<h2><\/h2>\n<h2><\/h2>\n<p>&nbsp;<\/p>\n<p>&nbsp;<\/p>\n<h2><strong>ESPACE ART &amp; CR<b>\u00c9ATION<\/b><\/strong><\/h2>\n<p><img decoding=\"async\" class=\"size-medium wp-image-8251 alignleft\" src=\"https:\/\/www.salon-zenetbio.com\/angers\/wp-content\/uploads\/sites\/8\/2022\/03\/ella-jardim-A51hrcFHT-Y-unsplash-300x222.jpg\" alt=\"\" width=\"300\" height=\"222\" srcset=\"https:\/\/www.salon-zenetbio.com\/angers\/wp-content\/uploads\/sites\/8\/2022\/03\/ella-jardim-A51hrcFHT-Y-unsplash-300x222.jpg 300w, https:\/\/www.salon-zenetbio.com\/angers\/wp-content\/uploads\/sites\/8\/2022\/03\/ella-jardim-A51hrcFHT-Y-unsplash-1024x756.jpg 1024w, https:\/\/www.salon-zenetbio.com\/angers\/wp-content\/uploads\/sites\/8\/2022\/03\/ella-jardim-A51hrcFHT-Y-unsplash-768x567.jpg 768w, https:\/\/www.salon-zenetbio.com\/angers\/wp-content\/uploads\/sites\/8\/2022\/03\/ella-jardim-A51hrcFHT-Y-unsplash-1536x1134.jpg 1536w, https:\/\/www.salon-zenetbio.com\/angers\/wp-content\/uploads\/sites\/8\/2022\/03\/ella-jardim-A51hrcFHT-Y-unsplash-150x111.jpg 150w, https:\/\/www.salon-zenetbio.com\/angers\/wp-content\/uploads\/sites\/8\/2022\/03\/ella-jardim-A51hrcFHT-Y-unsplash-500x369.jpg 500w, https:\/\/www.salon-zenetbio.com\/angers\/wp-content\/uploads\/sites\/8\/2022\/03\/ella-jardim-A51hrcFHT-Y-unsplash.jpg 1920w\" sizes=\"(max-width: 300px) 100vw, 300px\" \/><\/p>\n<p>Une activit\u00e9 de cr\u00e9ativit\u00e9 libre, pour se reconnecter \u00e0 soi en pleine conscience le temps d\u2019une peinture. Pour se connecter \u00e0 sa joie de vivre, \u00e0 ses ressources et \u00e0 ses<a id=\"ferme\"><\/a> r\u00eaves afin de les incarner au quotidien avec toujours plus de bonheur.<br \/>\n<em>Organis\u00e9 par Emilie Petiteau<\/em><\/p>\n<p>&nbsp;<\/p>\n<h2><\/h2>\n<h2><\/h2>\n<h2><\/h2>\n<h2><\/h2>\n<h2><\/h2>\n<h2><\/h2>\n<h2><strong>VISITE DE LA FERME D&rsquo;ELIZ<\/strong><strong><b>\u00c9<\/b><\/strong><strong>A<br \/>\n<\/strong><\/h2>\n<p><img decoding=\"async\" class=\"wp-image-8347 alignleft\" src=\"https:\/\/www.salon-zenetbio.com\/angers\/wp-content\/uploads\/sites\/8\/2022\/03\/sam-carter-GHOiyov2TSQ-unsplash.jpg\" alt=\"\" width=\"312\" height=\"234\" srcset=\"https:\/\/www.salon-zenetbio.com\/angers\/wp-content\/uploads\/sites\/8\/2022\/03\/sam-carter-GHOiyov2TSQ-unsplash.jpg 1920w, https:\/\/www.salon-zenetbio.com\/angers\/wp-content\/uploads\/sites\/8\/2022\/03\/sam-carter-GHOiyov2TSQ-unsplash-300x225.jpg 300w, https:\/\/www.salon-zenetbio.com\/angers\/wp-content\/uploads\/sites\/8\/2022\/03\/sam-carter-GHOiyov2TSQ-unsplash-1024x769.jpg 1024w, https:\/\/www.salon-zenetbio.com\/angers\/wp-content\/uploads\/sites\/8\/2022\/03\/sam-carter-GHOiyov2TSQ-unsplash-768x576.jpg 768w, https:\/\/www.salon-zenetbio.com\/angers\/wp-content\/uploads\/sites\/8\/2022\/03\/sam-carter-GHOiyov2TSQ-unsplash-1536x1153.jpg 1536w, https:\/\/www.salon-zenetbio.com\/angers\/wp-content\/uploads\/sites\/8\/2022\/03\/sam-carter-GHOiyov2TSQ-unsplash-150x113.jpg 150w, https:\/\/www.salon-zenetbio.com\/angers\/wp-content\/uploads\/sites\/8\/2022\/03\/sam-carter-GHOiyov2TSQ-unsplash-500x375.jpg 500w\" sizes=\"(max-width: 312px) 100vw, 312px\" \/><\/p>\n<p>&nbsp;<\/p>\n<p>Ferme p\u00e9dagogique du Maine et Loire pour<a id=\"enfants\"><\/a> d\u00e9couvrir les animaux de la ferme et la m\u00e9ditation animale.<\/p>\n<h2><\/h2>\n<h2><\/h2>\n<h2><\/h2>\n<h2><\/h2>\n<h2><\/h2>\n<h2><\/h2>\n<h2><\/h2>\n<h2><\/h2>\n<h2><\/h2>\n<h2><\/h2>\n<h2><\/h2>\n<h2><strong>LE COIN DES ENFANTS\u00a0<\/strong><\/h2>\n<p><strong>Espace b\u00e9b\u00e9s\u00a0: <\/strong><\/p>\n<p>Espace am\u00e9nag\u00e9 et d\u00e9di\u00e9 aux b\u00e9b\u00e9s et \u00e0 leurs parents pour une pause biberon, allaitement, change et c\u00e2lins.<\/p>\n<p><strong><img loading=\"lazy\" decoding=\"async\" class=\"size-medium wp-image-8250 alignleft\" src=\"https:\/\/www.salon-zenetbio.com\/angers\/wp-content\/uploads\/sites\/8\/2022\/03\/sigmund-TJxotQTUr8o-unsplash-300x216.jpg\" alt=\"\" width=\"300\" height=\"216\" srcset=\"https:\/\/www.salon-zenetbio.com\/angers\/wp-content\/uploads\/sites\/8\/2022\/03\/sigmund-TJxotQTUr8o-unsplash-300x216.jpg 300w, https:\/\/www.salon-zenetbio.com\/angers\/wp-content\/uploads\/sites\/8\/2022\/03\/sigmund-TJxotQTUr8o-unsplash-1024x736.jpg 1024w, https:\/\/www.salon-zenetbio.com\/angers\/wp-content\/uploads\/sites\/8\/2022\/03\/sigmund-TJxotQTUr8o-unsplash-768x552.jpg 768w, https:\/\/www.salon-zenetbio.com\/angers\/wp-content\/uploads\/sites\/8\/2022\/03\/sigmund-TJxotQTUr8o-unsplash-1536x1104.jpg 1536w, https:\/\/www.salon-zenetbio.com\/angers\/wp-content\/uploads\/sites\/8\/2022\/03\/sigmund-TJxotQTUr8o-unsplash-150x108.jpg 150w, https:\/\/www.salon-zenetbio.com\/angers\/wp-content\/uploads\/sites\/8\/2022\/03\/sigmund-TJxotQTUr8o-unsplash-500x359.jpg 500w, https:\/\/www.salon-zenetbio.com\/angers\/wp-content\/uploads\/sites\/8\/2022\/03\/sigmund-TJxotQTUr8o-unsplash.jpg 1920w\" sizes=\"(max-width: 300px) 100vw, 300px\" \/><\/strong><\/p>\n<p><strong><br \/>\nEspace enfants\u00a0:<\/strong><\/p>\n<p>Animations cr\u00e9atives et bricolages nature \u00e0 base de mat\u00e9riaux de r\u00e9cup\u00e9ration. Tous<a id=\"detente\"><\/a> les jours, \u00e0 partir de 3 ans.<\/p>\n<p><em>Organis\u00e9 par La T\u00eate et Les Mains<\/em><\/p>\n<h2><\/h2>\n<h2><\/h2>\n<h2><\/h2>\n<h2><\/h2>\n<h2><\/h2>\n<h2><strong>ESPACE D<\/strong><strong><b>\u00c9<\/b><\/strong><strong>TENTE<\/strong><\/h2>\n<p><img loading=\"lazy\" decoding=\"async\" class=\"alignleft wp-image-8254 size-medium\" src=\"https:\/\/www.salon-zenetbio.com\/angers\/wp-content\/uploads\/sites\/8\/2022\/03\/Fotolia_85286073_Subscription_Monthly_M-300x200.jpg\" alt=\"\" width=\"300\" height=\"200\" srcset=\"https:\/\/www.salon-zenetbio.com\/angers\/wp-content\/uploads\/sites\/8\/2022\/03\/Fotolia_85286073_Subscription_Monthly_M-300x200.jpg 300w, https:\/\/www.salon-zenetbio.com\/angers\/wp-content\/uploads\/sites\/8\/2022\/03\/Fotolia_85286073_Subscription_Monthly_M-1024x682.jpg 1024w, https:\/\/www.salon-zenetbio.com\/angers\/wp-content\/uploads\/sites\/8\/2022\/03\/Fotolia_85286073_Subscription_Monthly_M-768x512.jpg 768w, https:\/\/www.salon-zenetbio.com\/angers\/wp-content\/uploads\/sites\/8\/2022\/03\/Fotolia_85286073_Subscription_Monthly_M-1536x1024.jpg 1536w, https:\/\/www.salon-zenetbio.com\/angers\/wp-content\/uploads\/sites\/8\/2022\/03\/Fotolia_85286073_Subscription_Monthly_M-150x100.jpg 150w, https:\/\/www.salon-zenetbio.com\/angers\/wp-content\/uploads\/sites\/8\/2022\/03\/Fotolia_85286073_Subscription_Monthly_M-500x333.jpg 500w, https:\/\/www.salon-zenetbio.com\/angers\/wp-content\/uploads\/sites\/8\/2022\/03\/Fotolia_85286073_Subscription_Monthly_M.jpg 1688w\" sizes=\"(max-width: 300px) 100vw, 300px\" \/><\/p>\n<p>Venez-vous relaxer chez <em>Bois et Forme<\/em>, un mobilier au plus proche de l\u2019arbre par ses courbes et ses mouvements.<\/p>\n<h2><\/h2>\n<p>&nbsp;<\/p>\n<p>&nbsp;<\/p>\n<p>&nbsp;<\/p>\n<p>&nbsp;<\/p>\n<p>&nbsp;<\/p>\n","protected":false},"excerpt":{"rendered":"<p>&nbsp; ESPACE JEUX EN BOIS ESPACE ART ET CR\u00c9ATION VISITE DE LA FERME D&rsquo;\u00c9LIZ\u00c9A LE COIN DES ENFANTS ESPACE D\u00c9TENTE ESPACE JEUX EN BOIS Jeux en bois et casse-t\u00eate fabriqu\u00e9s de mani\u00e8re artisanale, pour un moment convivial et ludique en famille. Organis\u00e9 par\u00a0ACB Jeux &nbsp; &nbsp; ESPACE ART &amp; CR\u00c9ATION Une activit\u00e9 de cr\u00e9ativit\u00e9 libre,&hellip; <\/p>\n","protected":false},"author":8,"featured_media":0,"parent":0,"menu_order":0,"comment_status":"closed","ping_status":"closed","template":"","meta":{"_monsterinsights_skip_tracking":false,"_monsterinsights_sitenote_active":false,"_monsterinsights_sitenote_note":"","_monsterinsights_sitenote_category":0,"footnotes":""},"class_list":["post-8888","page","type-page","status-publish","hentry"],"yoast_head":"<!-- This site is optimized with the Yoast SEO plugin v27.3 - https:\/\/yoast.com\/product\/yoast-seo-wordpress\/ -->\n<title>Animation sp\u00e9ciales 2022 - Z&amp;B Angers<\/title>\n<meta name=\"robots\" content=\"index, follow, max-snippet:-1, max-image-preview:large, max-video-preview:-1\" \/>\n<link rel=\"canonical\" href=\"https:\/\/www.salon-zenetbio.com\/angers\/animation-speciales-2022\/\" \/>\n<meta property=\"og:locale\" content=\"fr_FR\" \/>\n<meta property=\"og:type\" content=\"article\" \/>\n<meta property=\"og:title\" content=\"Animation sp\u00e9ciales 2022 - Z&amp;B Angers\" \/>\n<meta property=\"og:description\" content=\"&nbsp; ESPACE JEUX EN BOIS ESPACE ART ET CR\u00c9ATION VISITE DE LA FERME D&rsquo;\u00c9LIZ\u00c9A LE COIN DES ENFANTS ESPACE D\u00c9TENTE ESPACE JEUX EN BOIS Jeux en bois et casse-t\u00eate fabriqu\u00e9s de mani\u00e8re artisanale, pour un moment convivial et ludique en famille. Organis\u00e9 par\u00a0ACB Jeux &nbsp; &nbsp; ESPACE ART &amp; CR\u00c9ATION Une activit\u00e9 de cr\u00e9ativit\u00e9 libre,&hellip;\" \/>\n<meta property=\"og:url\" content=\"https:\/\/www.salon-zenetbio.com\/angers\/animation-speciales-2022\/\" \/>\n<meta property=\"og:site_name\" content=\"Z&amp;B Angers\" \/>\n<meta property=\"og:image\" content=\"https:\/\/www.salon-zenetbio.com\/angers\/wp-content\/uploads\/sites\/8\/2022\/03\/jeux-en-bois-300x200.jpg\" \/>\n<meta name=\"twitter:card\" content=\"summary_large_image\" \/>\n<meta name=\"twitter:label1\" content=\"Dur\u00e9e de lecture estim\u00e9e\" \/>\n\t<meta name=\"twitter:data1\" content=\"1 minute\" \/>\n<script type=\"application\/ld+json\" class=\"yoast-schema-graph\">{\"@context\":\"https:\\\/\\\/schema.org\",\"@graph\":[{\"@type\":\"WebPage\",\"@id\":\"https:\\\/\\\/www.salon-zenetbio.com\\\/angers\\\/animation-speciales-2022\\\/\",\"url\":\"https:\\\/\\\/www.salon-zenetbio.com\\\/angers\\\/animation-speciales-2022\\\/\",\"name\":\"Animation sp\u00e9ciales 2022 - Z&amp;B Angers\",\"isPartOf\":{\"@id\":\"https:\\\/\\\/www.salon-zenetbio.com\\\/angers\\\/#website\"},\"primaryImageOfPage\":{\"@id\":\"https:\\\/\\\/www.salon-zenetbio.com\\\/angers\\\/animation-speciales-2022\\\/#primaryimage\"},\"image\":{\"@id\":\"https:\\\/\\\/www.salon-zenetbio.com\\\/angers\\\/animation-speciales-2022\\\/#primaryimage\"},\"thumbnailUrl\":\"https:\\\/\\\/www.salon-zenetbio.com\\\/angers\\\/wp-content\\\/uploads\\\/sites\\\/8\\\/2022\\\/03\\\/jeux-en-bois-300x200.jpg\",\"datePublished\":\"2022-08-17T09:07:30+00:00\",\"breadcrumb\":{\"@id\":\"https:\\\/\\\/www.salon-zenetbio.com\\\/angers\\\/animation-speciales-2022\\\/#breadcrumb\"},\"inLanguage\":\"fr-FR\",\"potentialAction\":[{\"@type\":\"ReadAction\",\"target\":[\"https:\\\/\\\/www.salon-zenetbio.com\\\/angers\\\/animation-speciales-2022\\\/\"]}]},{\"@type\":\"ImageObject\",\"inLanguage\":\"fr-FR\",\"@id\":\"https:\\\/\\\/www.salon-zenetbio.com\\\/angers\\\/animation-speciales-2022\\\/#primaryimage\",\"url\":\"https:\\\/\\\/www.salon-zenetbio.com\\\/angers\\\/wp-content\\\/uploads\\\/sites\\\/8\\\/2022\\\/03\\\/jeux-en-bois.jpg\",\"contentUrl\":\"https:\\\/\\\/www.salon-zenetbio.com\\\/angers\\\/wp-content\\\/uploads\\\/sites\\\/8\\\/2022\\\/03\\\/jeux-en-bois.jpg\",\"width\":1920,\"height\":1280},{\"@type\":\"BreadcrumbList\",\"@id\":\"https:\\\/\\\/www.salon-zenetbio.com\\\/angers\\\/animation-speciales-2022\\\/#breadcrumb\",\"itemListElement\":[{\"@type\":\"ListItem\",\"position\":1,\"name\":\"Accueil\",\"item\":\"https:\\\/\\\/www.salon-zenetbio.com\\\/angers\\\/\"},{\"@type\":\"ListItem\",\"position\":2,\"name\":\"Animation sp\u00e9ciales 2022\"}]},{\"@type\":\"WebSite\",\"@id\":\"https:\\\/\\\/www.salon-zenetbio.com\\\/angers\\\/#website\",\"url\":\"https:\\\/\\\/www.salon-zenetbio.com\\\/angers\\\/\",\"name\":\"Z&amp;B Angers\",\"description\":\"Zen&amp;Bio Angers : votre salon \u00e9colo, bio, bien-\u00eatre et habitat sain\",\"publisher\":{\"@id\":\"https:\\\/\\\/www.salon-zenetbio.com\\\/angers\\\/#organization\"},\"potentialAction\":[{\"@type\":\"SearchAction\",\"target\":{\"@type\":\"EntryPoint\",\"urlTemplate\":\"https:\\\/\\\/www.salon-zenetbio.com\\\/angers\\\/?s={search_term_string}\"},\"query-input\":{\"@type\":\"PropertyValueSpecification\",\"valueRequired\":true,\"valueName\":\"search_term_string\"}}],\"inLanguage\":\"fr-FR\"},{\"@type\":\"Organization\",\"@id\":\"https:\\\/\\\/www.salon-zenetbio.com\\\/angers\\\/#organization\",\"name\":\"Z&amp;B Angers\",\"url\":\"https:\\\/\\\/www.salon-zenetbio.com\\\/angers\\\/\",\"logo\":{\"@type\":\"ImageObject\",\"inLanguage\":\"fr-FR\",\"@id\":\"https:\\\/\\\/www.salon-zenetbio.com\\\/angers\\\/#\\\/schema\\\/logo\\\/image\\\/\",\"url\":\"https:\\\/\\\/www.salon-zenetbio.com\\\/angers\\\/wp-content\\\/uploads\\\/sites\\\/8\\\/2025\\\/11\\\/cropped-Logo-ZEN-et-BIO-angers-2026.png\",\"contentUrl\":\"https:\\\/\\\/www.salon-zenetbio.com\\\/angers\\\/wp-content\\\/uploads\\\/sites\\\/8\\\/2025\\\/11\\\/cropped-Logo-ZEN-et-BIO-angers-2026.png\",\"width\":921,\"height\":255,\"caption\":\"Z&amp;B Angers\"},\"image\":{\"@id\":\"https:\\\/\\\/www.salon-zenetbio.com\\\/angers\\\/#\\\/schema\\\/logo\\\/image\\\/\"}}]}<\/script>\n<!-- \/ Yoast SEO plugin. -->","yoast_head_json":{"title":"Animation sp\u00e9ciales 2022 - Z&amp;B Angers","robots":{"index":"index","follow":"follow","max-snippet":"max-snippet:-1","max-image-preview":"max-image-preview:large","max-video-preview":"max-video-preview:-1"},"canonical":"https:\/\/www.salon-zenetbio.com\/angers\/animation-speciales-2022\/","og_locale":"fr_FR","og_type":"article","og_title":"Animation sp\u00e9ciales 2022 - Z&amp;B Angers","og_description":"&nbsp; ESPACE JEUX EN BOIS ESPACE ART ET CR\u00c9ATION VISITE DE LA FERME D&rsquo;\u00c9LIZ\u00c9A LE COIN DES ENFANTS ESPACE D\u00c9TENTE ESPACE JEUX EN BOIS Jeux en bois et casse-t\u00eate fabriqu\u00e9s de mani\u00e8re artisanale, pour un moment convivial et ludique en famille. Organis\u00e9 par\u00a0ACB Jeux &nbsp; &nbsp; ESPACE ART &amp; CR\u00c9ATION Une activit\u00e9 de cr\u00e9ativit\u00e9 libre,&hellip;","og_url":"https:\/\/www.salon-zenetbio.com\/angers\/animation-speciales-2022\/","og_site_name":"Z&amp;B Angers","og_image":[{"url":"https:\/\/www.salon-zenetbio.com\/angers\/wp-content\/uploads\/sites\/8\/2022\/03\/jeux-en-bois-300x200.jpg","type":"","width":"","height":""}],"twitter_card":"summary_large_image","twitter_misc":{"Dur\u00e9e de lecture estim\u00e9e":"1 minute"},"schema":{"@context":"https:\/\/schema.org","@graph":[{"@type":"WebPage","@id":"https:\/\/www.salon-zenetbio.com\/angers\/animation-speciales-2022\/","url":"https:\/\/www.salon-zenetbio.com\/angers\/animation-speciales-2022\/","name":"Animation sp\u00e9ciales 2022 - Z&amp;B Angers","isPartOf":{"@id":"https:\/\/www.salon-zenetbio.com\/angers\/#website"},"primaryImageOfPage":{"@id":"https:\/\/www.salon-zenetbio.com\/angers\/animation-speciales-2022\/#primaryimage"},"image":{"@id":"https:\/\/www.salon-zenetbio.com\/angers\/animation-speciales-2022\/#primaryimage"},"thumbnailUrl":"https:\/\/www.salon-zenetbio.com\/angers\/wp-content\/uploads\/sites\/8\/2022\/03\/jeux-en-bois-300x200.jpg","datePublished":"2022-08-17T09:07:30+00:00","breadcrumb":{"@id":"https:\/\/www.salon-zenetbio.com\/angers\/animation-speciales-2022\/#breadcrumb"},"inLanguage":"fr-FR","potentialAction":[{"@type":"ReadAction","target":["https:\/\/www.salon-zenetbio.com\/angers\/animation-speciales-2022\/"]}]},{"@type":"ImageObject","inLanguage":"fr-FR","@id":"https:\/\/www.salon-zenetbio.com\/angers\/animation-speciales-2022\/#primaryimage","url":"https:\/\/www.salon-zenetbio.com\/angers\/wp-content\/uploads\/sites\/8\/2022\/03\/jeux-en-bois.jpg","contentUrl":"https:\/\/www.salon-zenetbio.com\/angers\/wp-content\/uploads\/sites\/8\/2022\/03\/jeux-en-bois.jpg","width":1920,"height":1280},{"@type":"BreadcrumbList","@id":"https:\/\/www.salon-zenetbio.com\/angers\/animation-speciales-2022\/#breadcrumb","itemListElement":[{"@type":"ListItem","position":1,"name":"Accueil","item":"https:\/\/www.salon-zenetbio.com\/angers\/"},{"@type":"ListItem","position":2,"name":"Animation sp\u00e9ciales 2022"}]},{"@type":"WebSite","@id":"https:\/\/www.salon-zenetbio.com\/angers\/#website","url":"https:\/\/www.salon-zenetbio.com\/angers\/","name":"Z&amp;B Angers","description":"Zen&amp;Bio Angers : votre salon \u00e9colo, bio, bien-\u00eatre et habitat sain","publisher":{"@id":"https:\/\/www.salon-zenetbio.com\/angers\/#organization"},"potentialAction":[{"@type":"SearchAction","target":{"@type":"EntryPoint","urlTemplate":"https:\/\/www.salon-zenetbio.com\/angers\/?s={search_term_string}"},"query-input":{"@type":"PropertyValueSpecification","valueRequired":true,"valueName":"search_term_string"}}],"inLanguage":"fr-FR"},{"@type":"Organization","@id":"https:\/\/www.salon-zenetbio.com\/angers\/#organization","name":"Z&amp;B Angers","url":"https:\/\/www.salon-zenetbio.com\/angers\/","logo":{"@type":"ImageObject","inLanguage":"fr-FR","@id":"https:\/\/www.salon-zenetbio.com\/angers\/#\/schema\/logo\/image\/","url":"https:\/\/www.salon-zenetbio.com\/angers\/wp-content\/uploads\/sites\/8\/2025\/11\/cropped-Logo-ZEN-et-BIO-angers-2026.png","contentUrl":"https:\/\/www.salon-zenetbio.com\/angers\/wp-content\/uploads\/sites\/8\/2025\/11\/cropped-Logo-ZEN-et-BIO-angers-2026.png","width":921,"height":255,"caption":"Z&amp;B Angers"},"image":{"@id":"https:\/\/www.salon-zenetbio.com\/angers\/#\/schema\/logo\/image\/"}}]}},"_links":{"self":[{"href":"https:\/\/www.salon-zenetbio.com\/angers\/wp-json\/wp\/v2\/pages\/8888","targetHints":{"allow":["GET"]}}],"collection":[{"href":"https:\/\/www.salon-zenetbio.com\/angers\/wp-json\/wp\/v2\/pages"}],"about":[{"href":"https:\/\/www.salon-zenetbio.com\/angers\/wp-json\/wp\/v2\/types\/page"}],"author":[{"embeddable":true,"href":"https:\/\/www.salon-zenetbio.com\/angers\/wp-json\/wp\/v2\/users\/8"}],"replies":[{"embeddable":true,"href":"https:\/\/www.salon-zenetbio.com\/angers\/wp-json\/wp\/v2\/comments?post=8888"}],"version-history":[{"count":0,"href":"https:\/\/www.salon-zenetbio.com\/angers\/wp-json\/wp\/v2\/pages\/8888\/revisions"}],"wp:attachment":[{"href":"https:\/\/www.salon-zenetbio.com\/angers\/wp-json\/wp\/v2\/media?parent=8888"}],"curies":[{"name":"wp","href":"https:\/\/api.w.org\/{rel}","templated":true}]}}