{"id":9862,"date":"2024-01-04T15:36:56","date_gmt":"2024-01-04T14:36:56","guid":{"rendered":"https:\/\/www.salon-zenetbio.com\/angers\/?page_id=9862"},"modified":"2024-01-04T15:36:56","modified_gmt":"2024-01-04T14:36:56","slug":"conferences-2023","status":"publish","type":"page","link":"https:\/\/www.salon-zenetbio.com\/angers\/conferences-2023\/","title":{"rendered":"Conf\u00e9rences 2023"},"content":{"rendered":"<p style=\"text-align: justify;\">Des conf\u00e9rences sont organis\u00e9es pour permettre au public de d\u00e9couvrir et mieux comprendre les m\u00e9thodes et les produits pr\u00e9sent\u00e9s sur le salon.<\/p>\n<p>Les conf\u00e9rences se tiennent dans les salles suivantes :<br \/>\n<strong><span style=\"color: #58b44e;\">Salle GRANDS DUCS<\/span><\/strong><br \/>\n<span style=\"color: #2f6eba;\"><strong><span class=\"Apple-converted-space\"><span class=\"s4\">Salle SAINT AUBIN<br \/>\n<span style=\"color: #f38331;\">Salle MAINE<\/span><\/span><\/span><\/strong><\/span><\/p>\n<h2>VENDREDI 10 MARS 2023<\/h2>\n<p><span style=\"color: #5ab54f;\"><strong>10:30<\/strong><\/span> Le r\u00eave lucide, domestiquer son sommeil et entrer dans le monde fabuleux de vos nuits <em><strong>&#8211; Gilles Le Picard<br \/>\n<\/strong><\/em><strong><span style=\"color: #2f6eba;\">11:00<\/span><\/strong> Comment utiliser le beurre de karit\u00e9 gastronomique <em><strong>&#8211; Z\u00e9na Barry Sapin<br \/>\n<\/strong><\/em><strong><span style=\"color: #f38331;\">11:00 <\/span><\/strong>Les m\u00e9taux lourds : origines, incidences, les mesurer, les solutions <em><strong>&#8211; Armand Bensemhoun<\/strong><\/em><br \/>\n<span style=\"color: #5ab54f;\"><strong>11:30 <\/strong><\/span>Manger cru et vivant <em><strong>&#8211; Charlotte Blondel<br \/>\n<\/strong><\/em><strong><span style=\"color: #2f6eba;\">12:00<\/span><\/strong> Soigner et se soigner par l&rsquo;hypnose <strong>&#8211; Dany Dan Debeix<\/strong><br \/>\n<span style=\"color: #f38331;\"><strong>12:00\u00a0<\/strong><\/span>Min\u00e9raux : origines\/utilisations <em><strong>&#8211; Jean-Claude Kennedec<\/strong><\/em><br \/>\n<span style=\"color: #5ab54f;\"><strong>13:00<\/strong><\/span> Orgonites, protection des ondes \u00e9lectromagn\u00e9tiques et g\u00e9obiologie <em><strong>&#8211; Thierry Hermann<\/strong><\/em><br \/>\n<span style=\"color: #2f6eba;\"><strong>13:00<\/strong><\/span> Voyage au c\u0153ur de nos personnages int\u00e9rieurs : gu\u00e9rison et connaissance de soi avec l&rsquo;hypnose &#8211; <em><strong>H\u00e9l\u00e8ne Girardin<\/strong><\/em><br \/>\n<span style=\"color: #f38331;\"><strong>13:00<\/strong><\/span> R\u00e9duire son stress par la m\u00e9ditation de pleine conscience <em><strong>&#8211; Brice Esnault<\/strong><\/em><br \/>\n<span style=\"color: #5ab54f;\"><strong>14:00<\/strong><\/span> L&rsquo;hypnose comment s&rsquo;en servir ? <em><strong>&#8211; Fr\u00e9d\u00e9ric Eloy<\/strong><\/em><br \/>\n<span style=\"color: #2f6eba;\"><strong>14:00<\/strong><\/span> Les plantes sauvages au secours de nos articulations et de notre sant\u00e9. Les bons conseils du P\u00e8re Jean &#8211; <em><strong>Jean-p\u00f4l Clesse<\/strong><\/em><br \/>\n<span style=\"color: #f38331;\"><strong>14:00<\/strong><\/span> Le r\u00eave lucide, domestiquer son sommeil et entrer dans le monde fabuleux de vos nuits <em><strong>&#8211; Gilles Le Picard<\/strong><\/em><br \/>\n<span style=\"color: #5ab54f;\"><strong>15:00<\/strong><\/span> \u00catre en bonne sant\u00e9 gr\u00e2ce au nerf vague <em><strong>&#8211; Jean-Marie Desfossez<\/strong><\/em><br \/>\n<span style=\"color: #2f6eba;\"><strong>15:00<\/strong><\/span> Comment r\u00e9ussir ma reconversion de praticien th\u00e9rapeute ? <em><strong>&#8211; Anne Monharoul<\/strong><\/em><br \/>\n<span style=\"color: #f38331;\"><strong>15:00<\/strong><\/span> Mincir avec l&rsquo;hypnose et la psychologie du poids, la r\u00e9gulation des neurom\u00e9diateurs. Les 4 piliers de la minceur \u00e0 activer simultan\u00e9ment pour garantir le succ\u00e8s <em><strong>&#8211; Julie Girardin<\/strong><\/em><br \/>\n<span style=\"color: #2f6eba;\"><strong>16:00<\/strong><\/span> Retrouver et gu\u00e9rir son enfant int\u00e9rieur : la R\u00e9silience. Gu\u00e9rir le pass\u00e9 pour vivre pleinement le pr\u00e9sent &#8211; <em><strong>H\u00e9l\u00e8ne Girardin<\/strong><\/em><br \/>\n<span style=\"color: #f38331;\"><strong>16:00<\/strong><\/span> La g\u00e9obiologie : la sant\u00e9 par l&rsquo;habitat <em><strong>&#8211; Roland Fernandez<\/strong><\/em><br \/>\n<span style=\"color: #5ab54f;\"><strong>16:30<\/strong><\/span> Comment \u00eatre en paix, l&rsquo;esprit lib\u00e9r\u00e9 <em><strong>&#8211; Pascal V\u00e9tel\u00e9<br \/>\n<\/strong><\/em><span style=\"color: #2f6eba;\"><strong>17:00<\/strong><\/span> Sommeil et m\u00e9decine chinoise <em><strong>&#8211; Jeann-Marc S\u00e9tier<\/strong><\/em><br \/>\n<span style=\"color: #f38331;\"><strong>17:00<\/strong><\/span> \u00c9puisement, burn-out, et si la gu\u00e9rison venait du microbiote ? <em><strong>&#8211; Marie-Laure<\/strong><\/em><strong> Demaegdt<\/strong><br \/>\n<span style=\"color: #5ab54f;\"><strong>17:30<\/strong><\/span> Les solides de Platon, la g\u00e9om\u00e9trie sacr\u00e9e pour \u00eatre en forme <em><strong>&#8211; <b>Gilbert Lavalli\u00e8re<br \/>\n<\/b><\/strong><\/em><span style=\"color: #2f6eba;\"><strong>18:00<\/strong><\/span> Conf\u00e9rence interactive : et si une meilleure connaissance de votre cerveau \u00e9tait la cl\u00e9 de votre r\u00e9ussite et \u00e9panouissement pro et perso ! <em><strong>&#8211; S\u00e9verine Por\u00e9e Louvel<\/strong><\/em><\/p>\n<h2>SAMEDI 11 MARS 2023<\/h2>\n<p><span style=\"color: #5ab54f;\"><strong>10:30<\/strong><\/span> Le r\u00eave lucide, domestiquer son sommeil et entrer dans le monde fabuleux de vos nuits <em><strong>&#8211; Gilles Le Picard<br \/>\n<\/strong><\/em><span style=\"color: #2f6eba;\"><strong>11:00<\/strong><\/span> \u00c9motion et m\u00e9decine chinoise<em><strong> &#8211; Florian Sanciet<\/strong><\/em><br \/>\n<span style=\"color: #f38331;\"><strong>11:00<\/strong><\/span> Pourquoi les massages nous font-ils tant de bien, \u00e0 donner comme \u00e0 recevoir ? <em><strong>&#8211; Eglantine Soret-Goussiez<\/strong><\/em><br \/>\n<span style=\"color: #5ab54f;\"><strong>11:30<\/strong><\/span> Le burn-out <em><strong>&#8211; Astrid Le Fur<\/strong><\/em><br \/>\n<span style=\"color: #2f6eba;\"><strong>12:00<\/strong><\/span> Orgonites, protection des ondes \u00e9lectromagn\u00e9tiques et g\u00e9obiologie <em><strong>&#8211; Thierry Hermann<\/strong><\/em><br \/>\n<span style=\"color: #f38331;\"><strong>12:00<\/strong><\/span> Min\u00e9raux : origines\/utilisations <em><strong>&#8211; Jean-Claude Kennedec<\/strong><\/em><br \/>\n<span style=\"color: #5ab54f;\"><strong>13:00<\/strong><\/span> Les cl\u00e9s pour mieux g\u00e9rer son stress avec la fasciath\u00e9rapie <em><strong>&#8211; Claire Brugeron<\/strong><\/em><br \/>\n<span style=\"color: #2f6eba;\"><strong>13:00<\/strong><\/span> La num\u00e9rologie cr\u00e9ative : d\u00e9couvrir et optimiser vos potentiels <em><strong>&#8211; Laurence Thi\u00e9vin<\/strong><\/em><br \/>\n<span style=\"color: #f38331;\"><strong>13:00<\/strong><\/span> Les maux\/mots du corps nous parlent ! Comment les \u00e9couter vraiment &#8211; <em><strong>Eglantine Soret-Goussiez<\/strong><\/em><br \/>\n<span style=\"color: #5ab54f;\"><strong>14:00<\/strong><\/span> Retrouver et gu\u00e9rir son enfant int\u00e9rieur : la R\u00e9silience. Gu\u00e9rir le pass\u00e9 pour vivre pleinement le pr\u00e9sent<br \/>\n<em><strong>H\u00e9l\u00e8ne Girardin<\/strong><\/em><br \/>\n<span style=\"color: #2f6eba;\"><strong>14:00<\/strong><\/span> Les plantes sauvages au secours de nos articulations et de notre sant\u00e9. Les bons conseils du P\u00e8re Jean<br \/>\n<em><strong>Jean-p\u00f4l Clesse<\/strong><\/em><br \/>\n<span style=\"color: #f38331;\"><strong>14:00<\/strong><\/span> Le r\u00eave lucide, domestiquer son sommeil et entrer dans le monde fabuleux de vos nuits <em><strong>&#8211; Gilles Le Picard<\/strong><\/em><br \/>\n<span style=\"color: #5ab54f;\"><strong>15:00<\/strong><\/span> Du bon sens dans notre assiette <em><strong>&#8211; Anthony Berthou<\/strong><\/em><br \/>\n<span style=\"color: #2f6eba;\"><strong>15:00<\/strong><\/span> La g\u00e9obiologie : la sant\u00e9 par l&rsquo;habitat <em><strong>&#8211; Roland Fernandez\u00a0<\/strong><\/em><br \/>\n<span style=\"color: #f38331;\"><strong>15:00<\/strong><\/span> L&rsquo;hypnose \u00e9sot\u00e9rique et les vies pass\u00e9es <em><strong>&#8211; Fr\u00e9d\u00e9ric Eloy<\/strong><\/em><br \/>\n<span style=\"color: #2f6eba;\"><strong>16:00<\/strong><\/span> Cl\u00e9 de la sant\u00e9, r\u00e9\u00e9quilibrer ses deux cerveaux : microbiotes et neurom\u00e9diateurs par l&rsquo;alimentation, la psychologie et l&rsquo;\u00e9quilibrage hormonal <em><strong>&#8211; Julie Girardin<\/strong><\/em><br \/>\n<span style=\"color: #f38331;\"><strong>16:00<\/strong><\/span> Comment \u00eatre en paix, l&rsquo;esprit lib\u00e9r\u00e9 <em><strong>&#8211; Pascal V\u00e9tel\u00e9<\/strong><\/em><br \/>\n<span style=\"color: #5ab54f;\"><strong>16:30<\/strong><\/span> Voyage au c\u0153ur de nos personnages int\u00e9rieurs : gu\u00e9rison et connaissance de soi avec l&rsquo;hypnose<em><strong> &#8211; H\u00e9l\u00e8ne Girardin<\/strong><\/em><br \/>\n<span style=\"color: #2f6eba;\"><strong>17:00<\/strong><\/span> Ros\u00e9e c\u00e9leste, mois d&rsquo;or et second printemps : les p\u00e9riodes cl\u00e9s des femmes pour la m\u00e9decine traditionnelle chinoise <em><strong>&#8211; \u00c9glantine Soret-Goussiez<\/strong><\/em><br \/>\n<span style=\"color: #f38331;\"><strong>17:00<\/strong><\/span> Les m\u00e9taux lourds : origines, incidences, les mesurer, les solutions <em><strong>&#8211; Armand Bensemhoun<br \/>\n<\/strong><\/em><strong><span style=\"color: #5ab54f;\">17:30<\/span> <\/strong>5 cl\u00e9s pour sortir du burn out<em><strong> &#8211; Sophie Touyon<br \/>\n<\/strong><\/em><span style=\"color: #2f6eba;\"><strong>17:00<\/strong><\/span> L&rsquo;hypnose pour soi et pour les autres <em><strong>&#8211; Dany Dan Debeix<\/strong><strong><br \/>\n<\/strong><\/em><span style=\"color: #f38331;\"><strong>18:00<\/strong><\/span> Stress, peur, tensions, fatigue, douleurs ? Nouvelles sciences, nouveaux espoirs ? <em><strong>&#8211; Jean Pierre Chamodot<\/strong><\/em><\/p>\n<h2>DIMANCHE 12 MARS 2023<\/h2>\n<p><span style=\"color: #2f6eba;\"><span style=\"color: #65bb5d;\"><strong> 10:30 <\/strong><\/span><\/span>Cr\u00e9er un habitat harmonieux (Feng Shui et G\u00e9obiologie) <span style=\"color: #2f6eba;\"><strong><span style=\"color: #000000;\"><em>&#8211; Isabelle Rom\u00e9<\/em><\/span><br \/>\n11:00<\/strong><\/span> Les \u00e9crans : comment contrer leurs effets d\u00e9l\u00e9t\u00e8res avec la fasciath\u00e9rapie <em><strong>&#8211; Claire Brugeron<\/strong><\/em><br \/>\n<span style=\"color: #f38331;\"><strong>11:00<\/strong><\/span> Le r\u00eave lucide, domestiquer son sommeil et entrer dans le monde fabuleux de vos nuits <em><strong>&#8211; Gilles Le Picard<\/strong><\/em><br \/>\n<span style=\"color: #5ab54f;\"><strong>11:30<\/strong><\/span> Se r\u00e9inventer <em><strong>&#8211; Muriel Gay<\/strong><\/em><br \/>\n<span style=\"color: #2f6eba;\"><strong>12:00<\/strong><\/span> Retrouver et gu\u00e9rir son enfant int\u00e9rieur : la R\u00e9silience. Gu\u00e9rir le pass\u00e9 pour vivre pleinement le pr\u00e9sent<br \/>\n<em><strong>H\u00e9l\u00e8ne Girardin<\/strong><\/em><br \/>\n<span style=\"color: #f38331;\"><strong>12:00<\/strong><\/span> Am\u00e9liorer sa sant\u00e9 et se soigner par l&rsquo;hypnose <em><strong>&#8211; Dany Dan Debeix<\/strong><\/em><br \/>\n<span style=\"color: #5ab54f;\"><strong>13:00<\/strong><\/span> Le r\u00eave lucide, domestiquer son sommeil et entrer dans le monde fabuleux de vos nuits <em><strong>&#8211; Gilles Le Picard<\/strong><\/em><br \/>\n<span style=\"color: #2f6eba;\"><strong>13:00<\/strong><\/span> Min\u00e9raux : origines\/utilisations <em><strong>&#8211; Jean-Claude Kennedec<br \/>\n<\/strong><\/em><span style=\"color: #f38331;\"><strong>13:00<\/strong><\/span> Les liens en h\u00e9ritage constellations familliales : se lib\u00e9rer des traumas et des loyaut\u00e9s au clan pour \u00eatre pleinement soi <em><strong>&#8211; Carine Chapin<\/strong><\/em><br \/>\n<strong><span style=\"color: #5ab54f;\">14:00<\/span> <\/strong>Les soins \u00e9nerg\u00e9tiques JMV<em><strong>\u00a0&#8211; Charlyne Beyrath<\/strong><\/em><br \/>\n<span style=\"color: #2f6eba;\"><strong>14:00<\/strong><\/span> Les plantes sauvages au secours de nos articulations et de notre sant\u00e9. Les bons conseils du P\u00e8re Jean<br \/>\n<em><strong>Jean-p\u00f4l Clesse<\/strong><\/em><br \/>\n<span style=\"color: #f38331;\"><strong>14:00<\/strong><\/span> Mincir avec l&rsquo;hypnose et la psychologie du poids, la r\u00e9gulation des neurom\u00e9diateurs. Les 4 piliers de la minceur \u00e0 activer simultan\u00e9ment pour garantir le succ\u00e8s <em><strong>&#8211; Julie Girardin<\/strong><\/em><br \/>\n<span style=\"color: #5ab54f;\"><strong>15:00<\/strong><\/span> Alignement et ancrage : influence de ces deux concepts \u00e9nerg\u00e9tiques dans votre quotidien <em><strong>&#8211; Mary Laure Teyssedre<\/strong><\/em><br \/>\n<span style=\"color: #2f6eba;\"><strong>15:00<\/strong><\/span> Orgonites, protection des ondes \u00e9lectromagn\u00e9tiques et g\u00e9obiologie <em><strong>&#8211; Thierry Hermann<\/strong><\/em><br \/>\n<span style=\"color: #f38331;\"><strong>15:00<\/strong><\/span> Eau de quinton\/s\u00e8ve de bouleau\/argile : 3 solutions fondamentales pour notre organisme ! <em><strong>&#8211; Gr\u00e9goire Cadeau<\/strong><\/em><br \/>\n<span style=\"color: #2f6eba;\"><strong>16:00<\/strong><\/span> L&rsquo;art de s&rsquo;aimer <em><strong>&#8211; Patrice Ronez<\/strong><\/em><br \/>\n<span style=\"color: #f38331;\"><strong>16:00<\/strong><\/span> La g\u00e9obiologie : la sant\u00e9 par l&rsquo;habitat <em><strong>&#8211; Roland Fernandez<\/strong><\/em><br \/>\n<span style=\"color: #5ab54f;\"><strong>16:30<\/strong><\/span> Mincir avec l&rsquo;hypnose et la psychologie du poids, la r\u00e9gulation des neurom\u00e9diateurs. Les 4 piliers de la minceur \u00e0 activer simultan\u00e9ment pour garantir le succ\u00e8s <em><strong>&#8211; Julie Girardin<br \/>\n<\/strong><\/em><span style=\"color: #2f6eba;\"><strong>17:00 <\/strong><\/span>Bienvenue chez les QI <em><strong>&#8211; Florian Sanciet<\/strong><\/em><br \/>\n<span style=\"color: #f38331;\"><strong>17:00<\/strong><\/span> Voyage au c\u0153ur de nos personnages int\u00e9rieurs : gu\u00e9rison et connaissance de soi avec l&rsquo;hypnose <em><strong>&#8211; H\u00e9l\u00e8ne Girardin<\/strong><\/em><\/p>\n","protected":false},"excerpt":{"rendered":"<p>Des conf\u00e9rences sont organis\u00e9es pour permettre au public de d\u00e9couvrir et mieux comprendre les m\u00e9thodes et les produits pr\u00e9sent\u00e9s sur le salon. Les conf\u00e9rences se tiennent dans les salles suivantes : Salle GRANDS DUCS Salle SAINT AUBIN Salle MAINE VENDREDI 10 MARS 2023 10:30 Le r\u00eave lucide, domestiquer son sommeil et entrer dans le monde&hellip; <\/p>\n","protected":false},"author":8,"featured_media":0,"parent":0,"menu_order":0,"comment_status":"closed","ping_status":"closed","template":"","meta":{"_monsterinsights_skip_tracking":false,"_monsterinsights_sitenote_active":false,"_monsterinsights_sitenote_note":"","_monsterinsights_sitenote_category":0,"footnotes":""},"class_list":["post-9862","page","type-page","status-publish","hentry"],"yoast_head":"<!-- This site is optimized with the Yoast SEO plugin v27.3 - https:\/\/yoast.com\/product\/yoast-seo-wordpress\/ -->\n<title>Conf\u00e9rences 2023 - Z&amp;B Angers<\/title>\n<meta name=\"robots\" content=\"index, follow, max-snippet:-1, max-image-preview:large, max-video-preview:-1\" \/>\n<link rel=\"canonical\" href=\"https:\/\/www.salon-zenetbio.com\/angers\/conferences-2023\/\" \/>\n<meta property=\"og:locale\" content=\"fr_FR\" \/>\n<meta property=\"og:type\" content=\"article\" \/>\n<meta property=\"og:title\" content=\"Conf\u00e9rences 2023 - Z&amp;B Angers\" \/>\n<meta property=\"og:description\" content=\"Des conf\u00e9rences sont organis\u00e9es pour permettre au public de d\u00e9couvrir et mieux comprendre les m\u00e9thodes et les produits pr\u00e9sent\u00e9s sur le salon. Les conf\u00e9rences se tiennent dans les salles suivantes : Salle GRANDS DUCS Salle SAINT AUBIN Salle MAINE VENDREDI 10 MARS 2023 10:30 Le r\u00eave lucide, domestiquer son sommeil et entrer dans le monde&hellip;\" \/>\n<meta property=\"og:url\" content=\"https:\/\/www.salon-zenetbio.com\/angers\/conferences-2023\/\" \/>\n<meta property=\"og:site_name\" content=\"Z&amp;B Angers\" \/>\n<meta name=\"twitter:card\" content=\"summary_large_image\" \/>\n<meta name=\"twitter:label1\" content=\"Dur\u00e9e de lecture estim\u00e9e\" \/>\n\t<meta name=\"twitter:data1\" content=\"1 minute\" \/>\n<script type=\"application\/ld+json\" class=\"yoast-schema-graph\">{\"@context\":\"https:\\\/\\\/schema.org\",\"@graph\":[{\"@type\":\"WebPage\",\"@id\":\"https:\\\/\\\/www.salon-zenetbio.com\\\/angers\\\/conferences-2023\\\/\",\"url\":\"https:\\\/\\\/www.salon-zenetbio.com\\\/angers\\\/conferences-2023\\\/\",\"name\":\"Conf\u00e9rences 2023 - Z&amp;B Angers\",\"isPartOf\":{\"@id\":\"https:\\\/\\\/www.salon-zenetbio.com\\\/angers\\\/#website\"},\"datePublished\":\"2024-01-04T14:36:56+00:00\",\"breadcrumb\":{\"@id\":\"https:\\\/\\\/www.salon-zenetbio.com\\\/angers\\\/conferences-2023\\\/#breadcrumb\"},\"inLanguage\":\"fr-FR\",\"potentialAction\":[{\"@type\":\"ReadAction\",\"target\":[\"https:\\\/\\\/www.salon-zenetbio.com\\\/angers\\\/conferences-2023\\\/\"]}]},{\"@type\":\"BreadcrumbList\",\"@id\":\"https:\\\/\\\/www.salon-zenetbio.com\\\/angers\\\/conferences-2023\\\/#breadcrumb\",\"itemListElement\":[{\"@type\":\"ListItem\",\"position\":1,\"name\":\"Accueil\",\"item\":\"https:\\\/\\\/www.salon-zenetbio.com\\\/angers\\\/\"},{\"@type\":\"ListItem\",\"position\":2,\"name\":\"Conf\u00e9rences 2023\"}]},{\"@type\":\"WebSite\",\"@id\":\"https:\\\/\\\/www.salon-zenetbio.com\\\/angers\\\/#website\",\"url\":\"https:\\\/\\\/www.salon-zenetbio.com\\\/angers\\\/\",\"name\":\"Z&amp;B Angers\",\"description\":\"Zen&amp;Bio Angers : votre salon \u00e9colo, bio, bien-\u00eatre et habitat sain\",\"publisher\":{\"@id\":\"https:\\\/\\\/www.salon-zenetbio.com\\\/angers\\\/#organization\"},\"potentialAction\":[{\"@type\":\"SearchAction\",\"target\":{\"@type\":\"EntryPoint\",\"urlTemplate\":\"https:\\\/\\\/www.salon-zenetbio.com\\\/angers\\\/?s={search_term_string}\"},\"query-input\":{\"@type\":\"PropertyValueSpecification\",\"valueRequired\":true,\"valueName\":\"search_term_string\"}}],\"inLanguage\":\"fr-FR\"},{\"@type\":\"Organization\",\"@id\":\"https:\\\/\\\/www.salon-zenetbio.com\\\/angers\\\/#organization\",\"name\":\"Z&amp;B Angers\",\"url\":\"https:\\\/\\\/www.salon-zenetbio.com\\\/angers\\\/\",\"logo\":{\"@type\":\"ImageObject\",\"inLanguage\":\"fr-FR\",\"@id\":\"https:\\\/\\\/www.salon-zenetbio.com\\\/angers\\\/#\\\/schema\\\/logo\\\/image\\\/\",\"url\":\"https:\\\/\\\/www.salon-zenetbio.com\\\/angers\\\/wp-content\\\/uploads\\\/sites\\\/8\\\/2025\\\/11\\\/cropped-Logo-ZEN-et-BIO-angers-2026.png\",\"contentUrl\":\"https:\\\/\\\/www.salon-zenetbio.com\\\/angers\\\/wp-content\\\/uploads\\\/sites\\\/8\\\/2025\\\/11\\\/cropped-Logo-ZEN-et-BIO-angers-2026.png\",\"width\":921,\"height\":255,\"caption\":\"Z&amp;B Angers\"},\"image\":{\"@id\":\"https:\\\/\\\/www.salon-zenetbio.com\\\/angers\\\/#\\\/schema\\\/logo\\\/image\\\/\"}}]}<\/script>\n<!-- \/ Yoast SEO plugin. -->","yoast_head_json":{"title":"Conf\u00e9rences 2023 - Z&amp;B Angers","robots":{"index":"index","follow":"follow","max-snippet":"max-snippet:-1","max-image-preview":"max-image-preview:large","max-video-preview":"max-video-preview:-1"},"canonical":"https:\/\/www.salon-zenetbio.com\/angers\/conferences-2023\/","og_locale":"fr_FR","og_type":"article","og_title":"Conf\u00e9rences 2023 - Z&amp;B Angers","og_description":"Des conf\u00e9rences sont organis\u00e9es pour permettre au public de d\u00e9couvrir et mieux comprendre les m\u00e9thodes et les produits pr\u00e9sent\u00e9s sur le salon. Les conf\u00e9rences se tiennent dans les salles suivantes : Salle GRANDS DUCS Salle SAINT AUBIN Salle MAINE VENDREDI 10 MARS 2023 10:30 Le r\u00eave lucide, domestiquer son sommeil et entrer dans le monde&hellip;","og_url":"https:\/\/www.salon-zenetbio.com\/angers\/conferences-2023\/","og_site_name":"Z&amp;B Angers","twitter_card":"summary_large_image","twitter_misc":{"Dur\u00e9e de lecture estim\u00e9e":"1 minute"},"schema":{"@context":"https:\/\/schema.org","@graph":[{"@type":"WebPage","@id":"https:\/\/www.salon-zenetbio.com\/angers\/conferences-2023\/","url":"https:\/\/www.salon-zenetbio.com\/angers\/conferences-2023\/","name":"Conf\u00e9rences 2023 - Z&amp;B Angers","isPartOf":{"@id":"https:\/\/www.salon-zenetbio.com\/angers\/#website"},"datePublished":"2024-01-04T14:36:56+00:00","breadcrumb":{"@id":"https:\/\/www.salon-zenetbio.com\/angers\/conferences-2023\/#breadcrumb"},"inLanguage":"fr-FR","potentialAction":[{"@type":"ReadAction","target":["https:\/\/www.salon-zenetbio.com\/angers\/conferences-2023\/"]}]},{"@type":"BreadcrumbList","@id":"https:\/\/www.salon-zenetbio.com\/angers\/conferences-2023\/#breadcrumb","itemListElement":[{"@type":"ListItem","position":1,"name":"Accueil","item":"https:\/\/www.salon-zenetbio.com\/angers\/"},{"@type":"ListItem","position":2,"name":"Conf\u00e9rences 2023"}]},{"@type":"WebSite","@id":"https:\/\/www.salon-zenetbio.com\/angers\/#website","url":"https:\/\/www.salon-zenetbio.com\/angers\/","name":"Z&amp;B Angers","description":"Zen&amp;Bio Angers : votre salon \u00e9colo, bio, bien-\u00eatre et habitat sain","publisher":{"@id":"https:\/\/www.salon-zenetbio.com\/angers\/#organization"},"potentialAction":[{"@type":"SearchAction","target":{"@type":"EntryPoint","urlTemplate":"https:\/\/www.salon-zenetbio.com\/angers\/?s={search_term_string}"},"query-input":{"@type":"PropertyValueSpecification","valueRequired":true,"valueName":"search_term_string"}}],"inLanguage":"fr-FR"},{"@type":"Organization","@id":"https:\/\/www.salon-zenetbio.com\/angers\/#organization","name":"Z&amp;B Angers","url":"https:\/\/www.salon-zenetbio.com\/angers\/","logo":{"@type":"ImageObject","inLanguage":"fr-FR","@id":"https:\/\/www.salon-zenetbio.com\/angers\/#\/schema\/logo\/image\/","url":"https:\/\/www.salon-zenetbio.com\/angers\/wp-content\/uploads\/sites\/8\/2025\/11\/cropped-Logo-ZEN-et-BIO-angers-2026.png","contentUrl":"https:\/\/www.salon-zenetbio.com\/angers\/wp-content\/uploads\/sites\/8\/2025\/11\/cropped-Logo-ZEN-et-BIO-angers-2026.png","width":921,"height":255,"caption":"Z&amp;B Angers"},"image":{"@id":"https:\/\/www.salon-zenetbio.com\/angers\/#\/schema\/logo\/image\/"}}]}},"_links":{"self":[{"href":"https:\/\/www.salon-zenetbio.com\/angers\/wp-json\/wp\/v2\/pages\/9862","targetHints":{"allow":["GET"]}}],"collection":[{"href":"https:\/\/www.salon-zenetbio.com\/angers\/wp-json\/wp\/v2\/pages"}],"about":[{"href":"https:\/\/www.salon-zenetbio.com\/angers\/wp-json\/wp\/v2\/types\/page"}],"author":[{"embeddable":true,"href":"https:\/\/www.salon-zenetbio.com\/angers\/wp-json\/wp\/v2\/users\/8"}],"replies":[{"embeddable":true,"href":"https:\/\/www.salon-zenetbio.com\/angers\/wp-json\/wp\/v2\/comments?post=9862"}],"version-history":[{"count":0,"href":"https:\/\/www.salon-zenetbio.com\/angers\/wp-json\/wp\/v2\/pages\/9862\/revisions"}],"wp:attachment":[{"href":"https:\/\/www.salon-zenetbio.com\/angers\/wp-json\/wp\/v2\/media?parent=9862"}],"curies":[{"name":"wp","href":"https:\/\/api.w.org\/{rel}","templated":true}]}}