{"id":9871,"date":"2024-01-04T17:09:44","date_gmt":"2024-01-04T16:09:44","guid":{"rendered":"https:\/\/www.salon-zenetbio.com\/angers\/?page_id=9871"},"modified":"2024-01-04T17:09:44","modified_gmt":"2024-01-04T16:09:44","slug":"espace-danimations-en-continu-2023","status":"publish","type":"page","link":"https:\/\/www.salon-zenetbio.com\/angers\/espace-danimations-en-continu-2023\/","title":{"rendered":"Espace d&rsquo;animations en continu 2023"},"content":{"rendered":"<p>Le salon Zen &amp; Bio Angers met en place des animations sp\u00e9ciales pour \u00e9veiller l\u2019int\u00e9r\u00eat et pour une exp\u00e9rience visiteurs riche et in\u00e9dite.<\/p>\n<p><a href=\"#enfants\">Le coin des enfants<\/a><br \/>\n<a href=\"#vannerie\">Espace vannerie<\/a><br \/>\n<a href=\"#fabrique\">La Petite Fabrique<\/a><a id=\"enfants\"><\/a><\/p>\n<p>&nbsp;<\/p>\n<h2><strong>Le coin des enfants<\/strong><\/h2>\n<p><strong>Espace b\u00e9b\u00e9s\u00a0:<br \/>\n<\/strong>Espace am\u00e9nag\u00e9 et d\u00e9di\u00e9 aux b\u00e9b\u00e9s et \u00e0 leurs parents pour une pause biberon, allaitement, change et c\u00e2lins.<\/p>\n<p><strong>Espace enfants\u00a0:<br \/>\n<\/strong>Animations cr\u00e9atives et bricolages nature \u00e0 base de mat\u00e9riaux de r\u00e9cup\u00e9ration. Tous les jours, \u00e0 partir de 3 ans.<\/p>\n<p><em>Organis\u00e9 par La T\u00eate et Les Mains<a id=\"vannerie\"><\/a><\/em><\/p>\n<p>&nbsp;<\/p>\n<h2><strong>Espace Vannerie <\/strong><\/h2>\n<p>Ateliers enfants et adultes d\u2019initiation \u00e0 la vannerie d\u2019osier et de plantes (2h).<\/p>\n<p>Sensibilisation \u00e0 la nature et \u00e0 sa protection par le biais de l&rsquo;art, au travers d&rsquo;une approche simple et ludique des techniques de vannerie d&rsquo;osier et \u00e0 partir de plantes sauvages et de mati\u00e8re consid\u00e9r\u00e9e comme rebut.<\/p>\n<p><em>Organis\u00e9 par Art &amp; Nature<\/em><a id=\"fabrique\"><\/a><\/p>\n<p>&nbsp;<\/p>\n<h2><strong>La Petite Fabrique <\/strong><\/h2>\n<p><img decoding=\"async\" class=\"wp-image-9079 size-full alignleft\" src=\"https:\/\/www.salon-zenetbio.com\/angers\/wp-content\/uploads\/sites\/8\/2023\/01\/Sans-titre-e1674834038899.png\" alt=\"\" width=\"164\" height=\"160\" srcset=\"https:\/\/www.salon-zenetbio.com\/angers\/wp-content\/uploads\/sites\/8\/2023\/01\/Sans-titre-e1674834038899.png 164w, https:\/\/www.salon-zenetbio.com\/angers\/wp-content\/uploads\/sites\/8\/2023\/01\/Sans-titre-e1674834038899-150x146.png 150w, https:\/\/www.salon-zenetbio.com\/angers\/wp-content\/uploads\/sites\/8\/2023\/01\/Sans-titre-e1674834038899-45x45.png 45w\" sizes=\"(max-width: 164px) 100vw, 164px\" \/><\/p>\n<p>&nbsp;<\/p>\n<p>Apr\u00e8s 5 ans d&rsquo;exp\u00e9rience dans la d\u00e9coration et le b\u00e2timent en tant que conductrice de travaux tout corps d&rsquo;\u00e9tat en r\u00e9novation et construction, j&rsquo;ai cr\u00e9\u00e9 mon entreprise <strong><em>La <\/em><\/strong><strong><em>Petite Fabrique<\/em><\/strong> pour exercer ma passion : le relooking de meubles.<\/p>\n<p>&nbsp;<\/p>\n<p>Je suis C\u00e9cile et je relooke des meubles que je chine ou qui me sont confi\u00e9s dans mon atelier personnel \u00e0 Maz\u00e9-Milon depuis 1 an.<br \/>\nJe propose un conseil personnalis\u00e9 et sur-mesure pour que les meubles qui me sont confi\u00e9s retrouvent leur panache d&rsquo;antan sans en perdre leur \u00e2me ni leur histoire.<br \/>\nJe travaille avec une peinture fran\u00e7aise, \u00e9co-responsable et respectueuse del&rsquo;environnement qui me permet de travailler sur tout support confondu tout en respectant mes valeurs.<\/p>\n<p>Force de proposition, transformer un meuble n&rsquo;est pas un obstacle pour moi, ainsi une table en m\u00e9tal peut se transformer en table en bois avec un effet trompe l&rsquo;oeil uniquement en peinture !<br \/>\nToujours pr\u00eate \u00e0 relever de nouveau d\u00e9fi, n&rsquo;ayez pas peur de me confier vos projets les plus fous !<br \/>\nJ&rsquo;organise \u00e9galement des ateliers cr\u00e9atifs \u00e0 domicile ou en atelier, o\u00f9 je mets \u00e0 disposition mon mat\u00e9riel. Les participants repartent avec l&rsquo;acquisition de techniques et leur cr\u00e9ation.<\/p>\n<p>Mon entreprise est un doux m\u00e9lange entre relooking de meubles, d\u00e9coration, ateliers cr\u00e9atifs et conseil en peinture. Vous pouvez retrouver mes r\u00e9alisations sur mes r\u00e9seaux sociaux : <a href=\"http:\/\/www.facebook.com\/lapetitefabriquee\/\" target=\"_blank\" rel=\"noopener\">Facebook<\/a> et <a href=\"http:\/\/www.instagram.com\/lapetitefabrique_\/\" target=\"_blank\" rel=\"noopener\">Instagram<\/a><\/p>\n<p>Recycler, Restaurer, D\u00e9corer &#8211; Choisir le relooking de meubles c&rsquo;est \u00e9conomiser, contribuer aux d\u00e9marches \u00e9co-responsables et faire vivre l&rsquo;artisanat local.<\/p>\n","protected":false},"excerpt":{"rendered":"<p>Le salon Zen &amp; Bio Angers met en place des animations sp\u00e9ciales pour \u00e9veiller l\u2019int\u00e9r\u00eat et pour une exp\u00e9rience visiteurs riche et in\u00e9dite. Le coin des enfants Espace vannerie La Petite Fabrique &nbsp; Le coin des enfants Espace b\u00e9b\u00e9s\u00a0: Espace am\u00e9nag\u00e9 et d\u00e9di\u00e9 aux b\u00e9b\u00e9s et \u00e0 leurs parents pour une pause biberon, allaitement, change&hellip; <\/p>\n","protected":false},"author":8,"featured_media":0,"parent":0,"menu_order":0,"comment_status":"closed","ping_status":"closed","template":"","meta":{"_monsterinsights_skip_tracking":false,"_monsterinsights_sitenote_active":false,"_monsterinsights_sitenote_note":"","_monsterinsights_sitenote_category":0,"footnotes":""},"class_list":["post-9871","page","type-page","status-publish","hentry"],"yoast_head":"<!-- This site is optimized with the Yoast SEO plugin v27.3 - https:\/\/yoast.com\/product\/yoast-seo-wordpress\/ -->\n<title>Espace d&#039;animations en continu 2023 - Z&amp;B Angers<\/title>\n<meta name=\"robots\" content=\"index, follow, max-snippet:-1, max-image-preview:large, max-video-preview:-1\" \/>\n<link rel=\"canonical\" href=\"https:\/\/www.salon-zenetbio.com\/angers\/espace-danimations-en-continu-2023\/\" \/>\n<meta property=\"og:locale\" content=\"fr_FR\" \/>\n<meta property=\"og:type\" content=\"article\" \/>\n<meta property=\"og:title\" content=\"Espace d&#039;animations en continu 2023 - Z&amp;B Angers\" \/>\n<meta property=\"og:description\" content=\"Le salon Zen &amp; Bio Angers met en place des animations sp\u00e9ciales pour \u00e9veiller l\u2019int\u00e9r\u00eat et pour une exp\u00e9rience visiteurs riche et in\u00e9dite. Le coin des enfants Espace vannerie La Petite Fabrique &nbsp; Le coin des enfants Espace b\u00e9b\u00e9s\u00a0: Espace am\u00e9nag\u00e9 et d\u00e9di\u00e9 aux b\u00e9b\u00e9s et \u00e0 leurs parents pour une pause biberon, allaitement, change&hellip;\" \/>\n<meta property=\"og:url\" content=\"https:\/\/www.salon-zenetbio.com\/angers\/espace-danimations-en-continu-2023\/\" \/>\n<meta property=\"og:site_name\" content=\"Z&amp;B Angers\" \/>\n<meta property=\"og:image\" content=\"https:\/\/www.salon-zenetbio.com\/angers\/wp-content\/uploads\/sites\/8\/2023\/01\/Sans-titre-e1674834038899.png\" \/>\n<meta name=\"twitter:card\" content=\"summary_large_image\" \/>\n<meta name=\"twitter:label1\" content=\"Dur\u00e9e de lecture estim\u00e9e\" \/>\n\t<meta name=\"twitter:data1\" content=\"1 minute\" \/>\n<script type=\"application\/ld+json\" class=\"yoast-schema-graph\">{\"@context\":\"https:\\\/\\\/schema.org\",\"@graph\":[{\"@type\":\"WebPage\",\"@id\":\"https:\\\/\\\/www.salon-zenetbio.com\\\/angers\\\/espace-danimations-en-continu-2023\\\/\",\"url\":\"https:\\\/\\\/www.salon-zenetbio.com\\\/angers\\\/espace-danimations-en-continu-2023\\\/\",\"name\":\"Espace d'animations en continu 2023 - Z&amp;B Angers\",\"isPartOf\":{\"@id\":\"https:\\\/\\\/www.salon-zenetbio.com\\\/angers\\\/#website\"},\"primaryImageOfPage\":{\"@id\":\"https:\\\/\\\/www.salon-zenetbio.com\\\/angers\\\/espace-danimations-en-continu-2023\\\/#primaryimage\"},\"image\":{\"@id\":\"https:\\\/\\\/www.salon-zenetbio.com\\\/angers\\\/espace-danimations-en-continu-2023\\\/#primaryimage\"},\"thumbnailUrl\":\"https:\\\/\\\/www.salon-zenetbio.com\\\/angers\\\/wp-content\\\/uploads\\\/sites\\\/8\\\/2023\\\/01\\\/Sans-titre-e1674834038899.png\",\"datePublished\":\"2024-01-04T16:09:44+00:00\",\"breadcrumb\":{\"@id\":\"https:\\\/\\\/www.salon-zenetbio.com\\\/angers\\\/espace-danimations-en-continu-2023\\\/#breadcrumb\"},\"inLanguage\":\"fr-FR\",\"potentialAction\":[{\"@type\":\"ReadAction\",\"target\":[\"https:\\\/\\\/www.salon-zenetbio.com\\\/angers\\\/espace-danimations-en-continu-2023\\\/\"]}]},{\"@type\":\"ImageObject\",\"inLanguage\":\"fr-FR\",\"@id\":\"https:\\\/\\\/www.salon-zenetbio.com\\\/angers\\\/espace-danimations-en-continu-2023\\\/#primaryimage\",\"url\":\"https:\\\/\\\/www.salon-zenetbio.com\\\/angers\\\/wp-content\\\/uploads\\\/sites\\\/8\\\/2023\\\/01\\\/Sans-titre-e1674834038899.png\",\"contentUrl\":\"https:\\\/\\\/www.salon-zenetbio.com\\\/angers\\\/wp-content\\\/uploads\\\/sites\\\/8\\\/2023\\\/01\\\/Sans-titre-e1674834038899.png\",\"width\":164,\"height\":160},{\"@type\":\"BreadcrumbList\",\"@id\":\"https:\\\/\\\/www.salon-zenetbio.com\\\/angers\\\/espace-danimations-en-continu-2023\\\/#breadcrumb\",\"itemListElement\":[{\"@type\":\"ListItem\",\"position\":1,\"name\":\"Accueil\",\"item\":\"https:\\\/\\\/www.salon-zenetbio.com\\\/angers\\\/\"},{\"@type\":\"ListItem\",\"position\":2,\"name\":\"Espace d&rsquo;animations en continu 2023\"}]},{\"@type\":\"WebSite\",\"@id\":\"https:\\\/\\\/www.salon-zenetbio.com\\\/angers\\\/#website\",\"url\":\"https:\\\/\\\/www.salon-zenetbio.com\\\/angers\\\/\",\"name\":\"Z&amp;B Angers\",\"description\":\"Zen&amp;Bio Angers : votre salon \u00e9colo, bio, bien-\u00eatre et habitat sain\",\"publisher\":{\"@id\":\"https:\\\/\\\/www.salon-zenetbio.com\\\/angers\\\/#organization\"},\"potentialAction\":[{\"@type\":\"SearchAction\",\"target\":{\"@type\":\"EntryPoint\",\"urlTemplate\":\"https:\\\/\\\/www.salon-zenetbio.com\\\/angers\\\/?s={search_term_string}\"},\"query-input\":{\"@type\":\"PropertyValueSpecification\",\"valueRequired\":true,\"valueName\":\"search_term_string\"}}],\"inLanguage\":\"fr-FR\"},{\"@type\":\"Organization\",\"@id\":\"https:\\\/\\\/www.salon-zenetbio.com\\\/angers\\\/#organization\",\"name\":\"Z&amp;B Angers\",\"url\":\"https:\\\/\\\/www.salon-zenetbio.com\\\/angers\\\/\",\"logo\":{\"@type\":\"ImageObject\",\"inLanguage\":\"fr-FR\",\"@id\":\"https:\\\/\\\/www.salon-zenetbio.com\\\/angers\\\/#\\\/schema\\\/logo\\\/image\\\/\",\"url\":\"https:\\\/\\\/www.salon-zenetbio.com\\\/angers\\\/wp-content\\\/uploads\\\/sites\\\/8\\\/2025\\\/11\\\/cropped-Logo-ZEN-et-BIO-angers-2026.png\",\"contentUrl\":\"https:\\\/\\\/www.salon-zenetbio.com\\\/angers\\\/wp-content\\\/uploads\\\/sites\\\/8\\\/2025\\\/11\\\/cropped-Logo-ZEN-et-BIO-angers-2026.png\",\"width\":921,\"height\":255,\"caption\":\"Z&amp;B Angers\"},\"image\":{\"@id\":\"https:\\\/\\\/www.salon-zenetbio.com\\\/angers\\\/#\\\/schema\\\/logo\\\/image\\\/\"}}]}<\/script>\n<!-- \/ Yoast SEO plugin. -->","yoast_head_json":{"title":"Espace d'animations en continu 2023 - Z&amp;B Angers","robots":{"index":"index","follow":"follow","max-snippet":"max-snippet:-1","max-image-preview":"max-image-preview:large","max-video-preview":"max-video-preview:-1"},"canonical":"https:\/\/www.salon-zenetbio.com\/angers\/espace-danimations-en-continu-2023\/","og_locale":"fr_FR","og_type":"article","og_title":"Espace d'animations en continu 2023 - Z&amp;B Angers","og_description":"Le salon Zen &amp; Bio Angers met en place des animations sp\u00e9ciales pour \u00e9veiller l\u2019int\u00e9r\u00eat et pour une exp\u00e9rience visiteurs riche et in\u00e9dite. Le coin des enfants Espace vannerie La Petite Fabrique &nbsp; Le coin des enfants Espace b\u00e9b\u00e9s\u00a0: Espace am\u00e9nag\u00e9 et d\u00e9di\u00e9 aux b\u00e9b\u00e9s et \u00e0 leurs parents pour une pause biberon, allaitement, change&hellip;","og_url":"https:\/\/www.salon-zenetbio.com\/angers\/espace-danimations-en-continu-2023\/","og_site_name":"Z&amp;B Angers","og_image":[{"url":"https:\/\/www.salon-zenetbio.com\/angers\/wp-content\/uploads\/sites\/8\/2023\/01\/Sans-titre-e1674834038899.png","type":"","width":"","height":""}],"twitter_card":"summary_large_image","twitter_misc":{"Dur\u00e9e de lecture estim\u00e9e":"1 minute"},"schema":{"@context":"https:\/\/schema.org","@graph":[{"@type":"WebPage","@id":"https:\/\/www.salon-zenetbio.com\/angers\/espace-danimations-en-continu-2023\/","url":"https:\/\/www.salon-zenetbio.com\/angers\/espace-danimations-en-continu-2023\/","name":"Espace d'animations en continu 2023 - Z&amp;B Angers","isPartOf":{"@id":"https:\/\/www.salon-zenetbio.com\/angers\/#website"},"primaryImageOfPage":{"@id":"https:\/\/www.salon-zenetbio.com\/angers\/espace-danimations-en-continu-2023\/#primaryimage"},"image":{"@id":"https:\/\/www.salon-zenetbio.com\/angers\/espace-danimations-en-continu-2023\/#primaryimage"},"thumbnailUrl":"https:\/\/www.salon-zenetbio.com\/angers\/wp-content\/uploads\/sites\/8\/2023\/01\/Sans-titre-e1674834038899.png","datePublished":"2024-01-04T16:09:44+00:00","breadcrumb":{"@id":"https:\/\/www.salon-zenetbio.com\/angers\/espace-danimations-en-continu-2023\/#breadcrumb"},"inLanguage":"fr-FR","potentialAction":[{"@type":"ReadAction","target":["https:\/\/www.salon-zenetbio.com\/angers\/espace-danimations-en-continu-2023\/"]}]},{"@type":"ImageObject","inLanguage":"fr-FR","@id":"https:\/\/www.salon-zenetbio.com\/angers\/espace-danimations-en-continu-2023\/#primaryimage","url":"https:\/\/www.salon-zenetbio.com\/angers\/wp-content\/uploads\/sites\/8\/2023\/01\/Sans-titre-e1674834038899.png","contentUrl":"https:\/\/www.salon-zenetbio.com\/angers\/wp-content\/uploads\/sites\/8\/2023\/01\/Sans-titre-e1674834038899.png","width":164,"height":160},{"@type":"BreadcrumbList","@id":"https:\/\/www.salon-zenetbio.com\/angers\/espace-danimations-en-continu-2023\/#breadcrumb","itemListElement":[{"@type":"ListItem","position":1,"name":"Accueil","item":"https:\/\/www.salon-zenetbio.com\/angers\/"},{"@type":"ListItem","position":2,"name":"Espace d&rsquo;animations en continu 2023"}]},{"@type":"WebSite","@id":"https:\/\/www.salon-zenetbio.com\/angers\/#website","url":"https:\/\/www.salon-zenetbio.com\/angers\/","name":"Z&amp;B Angers","description":"Zen&amp;Bio Angers : votre salon \u00e9colo, bio, bien-\u00eatre et habitat sain","publisher":{"@id":"https:\/\/www.salon-zenetbio.com\/angers\/#organization"},"potentialAction":[{"@type":"SearchAction","target":{"@type":"EntryPoint","urlTemplate":"https:\/\/www.salon-zenetbio.com\/angers\/?s={search_term_string}"},"query-input":{"@type":"PropertyValueSpecification","valueRequired":true,"valueName":"search_term_string"}}],"inLanguage":"fr-FR"},{"@type":"Organization","@id":"https:\/\/www.salon-zenetbio.com\/angers\/#organization","name":"Z&amp;B Angers","url":"https:\/\/www.salon-zenetbio.com\/angers\/","logo":{"@type":"ImageObject","inLanguage":"fr-FR","@id":"https:\/\/www.salon-zenetbio.com\/angers\/#\/schema\/logo\/image\/","url":"https:\/\/www.salon-zenetbio.com\/angers\/wp-content\/uploads\/sites\/8\/2025\/11\/cropped-Logo-ZEN-et-BIO-angers-2026.png","contentUrl":"https:\/\/www.salon-zenetbio.com\/angers\/wp-content\/uploads\/sites\/8\/2025\/11\/cropped-Logo-ZEN-et-BIO-angers-2026.png","width":921,"height":255,"caption":"Z&amp;B Angers"},"image":{"@id":"https:\/\/www.salon-zenetbio.com\/angers\/#\/schema\/logo\/image\/"}}]}},"_links":{"self":[{"href":"https:\/\/www.salon-zenetbio.com\/angers\/wp-json\/wp\/v2\/pages\/9871","targetHints":{"allow":["GET"]}}],"collection":[{"href":"https:\/\/www.salon-zenetbio.com\/angers\/wp-json\/wp\/v2\/pages"}],"about":[{"href":"https:\/\/www.salon-zenetbio.com\/angers\/wp-json\/wp\/v2\/types\/page"}],"author":[{"embeddable":true,"href":"https:\/\/www.salon-zenetbio.com\/angers\/wp-json\/wp\/v2\/users\/8"}],"replies":[{"embeddable":true,"href":"https:\/\/www.salon-zenetbio.com\/angers\/wp-json\/wp\/v2\/comments?post=9871"}],"version-history":[{"count":0,"href":"https:\/\/www.salon-zenetbio.com\/angers\/wp-json\/wp\/v2\/pages\/9871\/revisions"}],"wp:attachment":[{"href":"https:\/\/www.salon-zenetbio.com\/angers\/wp-json\/wp\/v2\/media?parent=9871"}],"curies":[{"name":"wp","href":"https:\/\/api.w.org\/{rel}","templated":true}]}}