{"id":2087,"date":"2016-10-05T16:21:32","date_gmt":"2016-10-05T14:21:32","guid":{"rendered":"http:\/\/localhost:8888\/natexpo\/?page_id=2087"},"modified":"2025-07-07T12:52:35","modified_gmt":"2025-07-07T10:52:35","slug":"exposer","status":"publish","type":"page","link":"https:\/\/www.salon-zenetbio.com\/le-reseau\/exposer\/","title":{"rendered":"Exposer sur le salon"},"content":{"rendered":"<h3 style=\"text-align: justify;\"><strong>IL SE PASSE TOUJOURS QUELQUE CHOSE SUR <br \/>\nLES SALONS DU R\u00c9SEAU ZEN &amp; BIO<\/strong><\/h3>\n<p style=\"text-align: justify;\">Trois jours autour du bien-\u00eatre, de la bio et du d\u00e9veloppement durable rythm\u00e9s par :<\/p>\n<ul>\n<li>Des <strong>conf\u00e9rences<\/strong> pour pr\u00e9senter vos produits ou vos m\u00e9thodes,<\/li>\n<li>Des <strong>ateliers bien-\u00eatre<\/strong> et de pratiques corporelles pour pour initier le public : m\u00e9ditation, sophrologie, massage, hypnose, yoga, ta\u00ef chi, qi gong, etc.<\/li>\n<li>Des <strong>animations cr\u00e9atives <\/strong>avec des d\u00e9monstrations ou de la mise en pratique : z\u00e9ro d\u00e9chet, cosm\u00e9tiques naturelles, produits d&rsquo;entretien \u00e9cologique, trucs et astuces \u00e9colo, ateliers recyclage, jardinage au naturel&#8230;,<\/li>\n<li>Des <strong>workshop Bougez-Zen<\/strong> pour explorer en douceur des disciplines \u00e9nerg\u00e9tiques et relaxantes.<\/li>\n<\/ul>\n<p style=\"text-align: justify;\"><strong><a href=\"https:\/\/www.salon-zenetbio.com\/le-reseau\/exposer\/pourquoi-exposer\/\" target=\"_blank\" rel=\"noopener noreferrer\">Pourquoi exposer ?<\/a><\/strong><br \/>\nChaque salon du R\u00e9seau Zen &amp; Bio se d\u00e9roule sur 3 jours (du vendredi au dimanche) et accueille des visiteurs en recherche de bien-\u00eatre, de produits de qualit\u00e9 respectueux de l\u2019environnement. Les salons du R\u00e9seau Zen &amp; Bio sont des organis\u00e9s par des professionnels du bien-\u00eatre, du bio et du d\u00e9veloppement durable.<\/p>\n<p style=\"text-align: justify;\"><a href=\"https:\/\/www.salon-zenetbio.com\/le-reseau\/exposer\/demandez-votre-dossier\/\" target=\"_blank\" rel=\"noopener noreferrer\"><strong>Demandez votre dossier d&rsquo;inscription<\/strong><\/a><br \/>\nPour recevoir un dossier d&rsquo;inscription ainsi que les tarifs.<br \/>\nVous recevrez un dossier d\u2019inscription commun pour l&rsquo;ensemble des salons du R\u00e9seau Zen &amp; Bio :<\/p>\n<ul>\n<li>Artemisia Marseille<\/li>\n<li>NaturaBio Lille<\/li>\n<li>Respire La Vie Rennes<\/li>\n<li>Zen &amp; Bio Angers<\/li>\n<li>Zen &amp; Bio Lyon<\/li>\n<li>Zen &amp; Bio Nantes<\/li>\n<\/ul>\n<p><a href=\"https:\/\/www.salon-zenetbio.com\/exposer\/reserver-un-atelier\/\" target=\"_blank\" rel=\"noopener noreferrer\"><strong>R\u00e9server un atelier sur un salon<\/strong><\/a><br \/>\nPensez \u00e0 r\u00e9server un atelier pour pr\u00e9senter vos m\u00e9thodes de travail ou vos produits.<\/p>\n<p><a href=\"https:\/\/www.salon-zenetbio.com\/exposer\/communiquer-sur-le-salon\/\" target=\"_blank\" rel=\"noopener noreferrer\"><strong>Communiquez sur un salon<\/strong><\/a><br \/>\nPour pr\u00e9parer au mieux votre participation \u00e0 notre salon, nous vous proposons des solutions de communication sur mesure et personnalis\u00e9es pour vous permettre d&rsquo;\u00eatre visible AVANT, PENDANT ET APR\u00c8S l&rsquo;\u00e9v\u00e9nement.<\/p>\n<p><a href=\"https:\/\/www.salon-zenetbio.com\/exposer\/contacts-exposants\/\" target=\"_blank\" rel=\"noopener noreferrer\"><strong>Contacts exposants<\/strong><\/a><br \/>\nPour nous joindre par t\u00e9l\u00e9phone : +33 (1) 45 56 09 09<\/p>\n<p><a href=\"https:\/\/www.salon-zenetbio.com\/exposer\/le-reseau-zen-bio\/\" target=\"_blank\" rel=\"noopener noreferrer\"><strong>Le R\u00e9seau Zen &amp; Bio<\/strong><\/a><\/p>\n<hr \/>\n<h1 style=\"text-align: center;\"><strong style=\"font-size: 30px;\"><span class=\"_mh6 _wsc\" style=\"color: #000000;\"><span class=\"_3oh- _58nk\">Soyez vigilants !<\/span><\/span><\/strong><strong><span class=\"_mh6 _wsc\" style=\"color: #000000;\"><span class=\"_3oh- _58nk\"><img decoding=\"async\" class=\"size-thumbnail wp-image-31931 alignleft\" src=\"https:\/\/natexpo.com\/wp-content\/uploads\/2022\/11\/attention-150x150.png\" alt=\"\" width=\"150\" height=\"150\" \/><\/span><\/span><\/strong><\/h1>\n<p style=\"text-align: center;\"><span id=\"cch_f13ae4ebe2619c\" class=\"_mh6 _wsc\" style=\"color: #000000;\"><span class=\"_3oh- _58nk\">Plusieurs entreprises vous d\u00e9marchent actuellement afin de vous vendre des suppos\u00e9es bases visiteurs ou vous demandant de confirmer vos donn\u00e9es.<br \/>\n<strong>Ces emails et courriers frauduleux ne proviennent en aucun cas de nos services.<\/strong><\/span><\/span><\/p>\n<p style=\"text-align: center;\"><span style=\"color: #000000;\"><strong>Merci de ne pas donner suite \u00e0 ces communications et de bien vouloir nous en alerter.<\/strong><\/span><\/p>\n","protected":false},"excerpt":{"rendered":"<p>IL SE PASSE TOUJOURS QUELQUE CHOSE SUR LES SALONS DU R\u00c9SEAU ZEN &amp; BIO Trois jours autour du bien-\u00eatre, de la bio et du d\u00e9veloppement durable rythm\u00e9s par : Des conf\u00e9rences pour pr\u00e9senter vos produits ou vos m\u00e9thodes, Des ateliers bien-\u00eatre et de pratiques corporelles pour pour initier le public : m\u00e9ditation, sophrologie, massage, hypnose,&hellip; <\/p>\n","protected":false},"author":1,"featured_media":0,"parent":0,"menu_order":0,"comment_status":"closed","ping_status":"closed","template":"","meta":{"_monsterinsights_skip_tracking":false,"_monsterinsights_sitenote_active":false,"_monsterinsights_sitenote_note":"","_monsterinsights_sitenote_category":0,"jetpack_post_was_ever_published":false,"footnotes":""},"class_list":["post-2087","page","type-page","status-publish","hentry"],"yoast_head":"<!-- This site is optimized with the Yoast SEO plugin v27.3 - https:\/\/yoast.com\/product\/yoast-seo-wordpress\/ -->\n<title>Exposer sur le salon - Le r\u00e9seau ZEN&amp;BIO<\/title>\n<meta name=\"robots\" content=\"index, follow, max-snippet:-1, max-image-preview:large, max-video-preview:-1\" \/>\n<link rel=\"canonical\" href=\"https:\/\/www.salon-zenetbio.com\/le-reseau\/exposer\/\" \/>\n<meta property=\"og:locale\" content=\"fr_FR\" \/>\n<meta property=\"og:type\" content=\"article\" \/>\n<meta property=\"og:title\" content=\"Exposer sur le salon - Le r\u00e9seau ZEN&amp;BIO\" \/>\n<meta property=\"og:description\" content=\"IL SE PASSE TOUJOURS QUELQUE CHOSE SUR LES SALONS DU R\u00c9SEAU ZEN &amp; BIO Trois jours autour du bien-\u00eatre, de la bio et du d\u00e9veloppement durable rythm\u00e9s par : Des conf\u00e9rences pour pr\u00e9senter vos produits ou vos m\u00e9thodes, Des ateliers bien-\u00eatre et de pratiques corporelles pour pour initier le public : m\u00e9ditation, sophrologie, massage, hypnose,&hellip;\" \/>\n<meta property=\"og:url\" content=\"https:\/\/www.salon-zenetbio.com\/le-reseau\/exposer\/\" \/>\n<meta property=\"og:site_name\" content=\"Le r\u00e9seau ZEN&amp;BIO\" \/>\n<meta property=\"article:modified_time\" content=\"2025-07-07T10:52:35+00:00\" \/>\n<meta property=\"og:image\" content=\"https:\/\/natexpo.com\/wp-content\/uploads\/2022\/11\/attention-150x150.png\" \/>\n<meta name=\"twitter:card\" content=\"summary_large_image\" \/>\n<meta name=\"twitter:label1\" content=\"Dur\u00e9e de lecture estim\u00e9e\" \/>\n\t<meta name=\"twitter:data1\" content=\"2 minutes\" \/>\n<script type=\"application\/ld+json\" class=\"yoast-schema-graph\">{\"@context\":\"https:\\\/\\\/schema.org\",\"@graph\":[{\"@type\":\"WebPage\",\"@id\":\"https:\\\/\\\/www.salon-zenetbio.com\\\/le-reseau\\\/exposer\\\/\",\"url\":\"https:\\\/\\\/www.salon-zenetbio.com\\\/le-reseau\\\/exposer\\\/\",\"name\":\"Exposer sur le salon - Le r\u00e9seau ZEN&amp;BIO\",\"isPartOf\":{\"@id\":\"https:\\\/\\\/www.salon-zenetbio.com\\\/le-reseau\\\/#website\"},\"primaryImageOfPage\":{\"@id\":\"https:\\\/\\\/www.salon-zenetbio.com\\\/le-reseau\\\/exposer\\\/#primaryimage\"},\"image\":{\"@id\":\"https:\\\/\\\/www.salon-zenetbio.com\\\/le-reseau\\\/exposer\\\/#primaryimage\"},\"thumbnailUrl\":\"https:\\\/\\\/natexpo.com\\\/wp-content\\\/uploads\\\/2022\\\/11\\\/attention-150x150.png\",\"datePublished\":\"2016-10-05T14:21:32+00:00\",\"dateModified\":\"2025-07-07T10:52:35+00:00\",\"breadcrumb\":{\"@id\":\"https:\\\/\\\/www.salon-zenetbio.com\\\/le-reseau\\\/exposer\\\/#breadcrumb\"},\"inLanguage\":\"fr-FR\",\"potentialAction\":[{\"@type\":\"ReadAction\",\"target\":[\"https:\\\/\\\/www.salon-zenetbio.com\\\/le-reseau\\\/exposer\\\/\"]}]},{\"@type\":\"ImageObject\",\"inLanguage\":\"fr-FR\",\"@id\":\"https:\\\/\\\/www.salon-zenetbio.com\\\/le-reseau\\\/exposer\\\/#primaryimage\",\"url\":\"https:\\\/\\\/natexpo.com\\\/wp-content\\\/uploads\\\/2022\\\/11\\\/attention-150x150.png\",\"contentUrl\":\"https:\\\/\\\/natexpo.com\\\/wp-content\\\/uploads\\\/2022\\\/11\\\/attention-150x150.png\"},{\"@type\":\"BreadcrumbList\",\"@id\":\"https:\\\/\\\/www.salon-zenetbio.com\\\/le-reseau\\\/exposer\\\/#breadcrumb\",\"itemListElement\":[{\"@type\":\"ListItem\",\"position\":1,\"name\":\"Accueil\",\"item\":\"https:\\\/\\\/www.salon-zenetbio.com\\\/le-reseau\\\/\"},{\"@type\":\"ListItem\",\"position\":2,\"name\":\"Exposer sur le salon\"}]},{\"@type\":\"WebSite\",\"@id\":\"https:\\\/\\\/www.salon-zenetbio.com\\\/le-reseau\\\/#website\",\"url\":\"https:\\\/\\\/www.salon-zenetbio.com\\\/le-reseau\\\/\",\"name\":\"Le r\u00e9seau ZEN&amp;BIO\",\"description\":\"Profitez du savoir-faire des salons ZEN&amp;BIO\",\"publisher\":{\"@id\":\"https:\\\/\\\/www.salon-zenetbio.com\\\/le-reseau\\\/#organization\"},\"potentialAction\":[{\"@type\":\"SearchAction\",\"target\":{\"@type\":\"EntryPoint\",\"urlTemplate\":\"https:\\\/\\\/www.salon-zenetbio.com\\\/le-reseau\\\/?s={search_term_string}\"},\"query-input\":{\"@type\":\"PropertyValueSpecification\",\"valueRequired\":true,\"valueName\":\"search_term_string\"}}],\"inLanguage\":\"fr-FR\"},{\"@type\":\"Organization\",\"@id\":\"https:\\\/\\\/www.salon-zenetbio.com\\\/le-reseau\\\/#organization\",\"name\":\"Le r\u00e9seau ZEN&amp;BIO\",\"url\":\"https:\\\/\\\/www.salon-zenetbio.com\\\/le-reseau\\\/\",\"logo\":{\"@type\":\"ImageObject\",\"inLanguage\":\"fr-FR\",\"@id\":\"https:\\\/\\\/www.salon-zenetbio.com\\\/le-reseau\\\/#\\\/schema\\\/logo\\\/image\\\/\",\"url\":\"https:\\\/\\\/www.salon-zenetbio.com\\\/le-reseau\\\/wp-content\\\/uploads\\\/sites\\\/6\\\/2017\\\/05\\\/RESEAU-zen-et-bio-1.jpg\",\"contentUrl\":\"https:\\\/\\\/www.salon-zenetbio.com\\\/le-reseau\\\/wp-content\\\/uploads\\\/sites\\\/6\\\/2017\\\/05\\\/RESEAU-zen-et-bio-1.jpg\",\"width\":210,\"height\":150,\"caption\":\"Le r\u00e9seau ZEN&amp;BIO\"},\"image\":{\"@id\":\"https:\\\/\\\/www.salon-zenetbio.com\\\/le-reseau\\\/#\\\/schema\\\/logo\\\/image\\\/\"}}]}<\/script>\n<!-- \/ Yoast SEO plugin. -->","yoast_head_json":{"title":"Exposer sur le salon - Le r\u00e9seau ZEN&amp;BIO","robots":{"index":"index","follow":"follow","max-snippet":"max-snippet:-1","max-image-preview":"max-image-preview:large","max-video-preview":"max-video-preview:-1"},"canonical":"https:\/\/www.salon-zenetbio.com\/le-reseau\/exposer\/","og_locale":"fr_FR","og_type":"article","og_title":"Exposer sur le salon - Le r\u00e9seau ZEN&amp;BIO","og_description":"IL SE PASSE TOUJOURS QUELQUE CHOSE SUR LES SALONS DU R\u00c9SEAU ZEN &amp; BIO Trois jours autour du bien-\u00eatre, de la bio et du d\u00e9veloppement durable rythm\u00e9s par : Des conf\u00e9rences pour pr\u00e9senter vos produits ou vos m\u00e9thodes, Des ateliers bien-\u00eatre et de pratiques corporelles pour pour initier le public : m\u00e9ditation, sophrologie, massage, hypnose,&hellip;","og_url":"https:\/\/www.salon-zenetbio.com\/le-reseau\/exposer\/","og_site_name":"Le r\u00e9seau ZEN&amp;BIO","article_modified_time":"2025-07-07T10:52:35+00:00","og_image":[{"url":"https:\/\/natexpo.com\/wp-content\/uploads\/2022\/11\/attention-150x150.png","type":"","width":"","height":""}],"twitter_card":"summary_large_image","twitter_misc":{"Dur\u00e9e de lecture estim\u00e9e":"2 minutes"},"schema":{"@context":"https:\/\/schema.org","@graph":[{"@type":"WebPage","@id":"https:\/\/www.salon-zenetbio.com\/le-reseau\/exposer\/","url":"https:\/\/www.salon-zenetbio.com\/le-reseau\/exposer\/","name":"Exposer sur le salon - Le r\u00e9seau ZEN&amp;BIO","isPartOf":{"@id":"https:\/\/www.salon-zenetbio.com\/le-reseau\/#website"},"primaryImageOfPage":{"@id":"https:\/\/www.salon-zenetbio.com\/le-reseau\/exposer\/#primaryimage"},"image":{"@id":"https:\/\/www.salon-zenetbio.com\/le-reseau\/exposer\/#primaryimage"},"thumbnailUrl":"https:\/\/natexpo.com\/wp-content\/uploads\/2022\/11\/attention-150x150.png","datePublished":"2016-10-05T14:21:32+00:00","dateModified":"2025-07-07T10:52:35+00:00","breadcrumb":{"@id":"https:\/\/www.salon-zenetbio.com\/le-reseau\/exposer\/#breadcrumb"},"inLanguage":"fr-FR","potentialAction":[{"@type":"ReadAction","target":["https:\/\/www.salon-zenetbio.com\/le-reseau\/exposer\/"]}]},{"@type":"ImageObject","inLanguage":"fr-FR","@id":"https:\/\/www.salon-zenetbio.com\/le-reseau\/exposer\/#primaryimage","url":"https:\/\/natexpo.com\/wp-content\/uploads\/2022\/11\/attention-150x150.png","contentUrl":"https:\/\/natexpo.com\/wp-content\/uploads\/2022\/11\/attention-150x150.png"},{"@type":"BreadcrumbList","@id":"https:\/\/www.salon-zenetbio.com\/le-reseau\/exposer\/#breadcrumb","itemListElement":[{"@type":"ListItem","position":1,"name":"Accueil","item":"https:\/\/www.salon-zenetbio.com\/le-reseau\/"},{"@type":"ListItem","position":2,"name":"Exposer sur le salon"}]},{"@type":"WebSite","@id":"https:\/\/www.salon-zenetbio.com\/le-reseau\/#website","url":"https:\/\/www.salon-zenetbio.com\/le-reseau\/","name":"Le r\u00e9seau ZEN&amp;BIO","description":"Profitez du savoir-faire des salons ZEN&amp;BIO","publisher":{"@id":"https:\/\/www.salon-zenetbio.com\/le-reseau\/#organization"},"potentialAction":[{"@type":"SearchAction","target":{"@type":"EntryPoint","urlTemplate":"https:\/\/www.salon-zenetbio.com\/le-reseau\/?s={search_term_string}"},"query-input":{"@type":"PropertyValueSpecification","valueRequired":true,"valueName":"search_term_string"}}],"inLanguage":"fr-FR"},{"@type":"Organization","@id":"https:\/\/www.salon-zenetbio.com\/le-reseau\/#organization","name":"Le r\u00e9seau ZEN&amp;BIO","url":"https:\/\/www.salon-zenetbio.com\/le-reseau\/","logo":{"@type":"ImageObject","inLanguage":"fr-FR","@id":"https:\/\/www.salon-zenetbio.com\/le-reseau\/#\/schema\/logo\/image\/","url":"https:\/\/www.salon-zenetbio.com\/le-reseau\/wp-content\/uploads\/sites\/6\/2017\/05\/RESEAU-zen-et-bio-1.jpg","contentUrl":"https:\/\/www.salon-zenetbio.com\/le-reseau\/wp-content\/uploads\/sites\/6\/2017\/05\/RESEAU-zen-et-bio-1.jpg","width":210,"height":150,"caption":"Le r\u00e9seau ZEN&amp;BIO"},"image":{"@id":"https:\/\/www.salon-zenetbio.com\/le-reseau\/#\/schema\/logo\/image\/"}}]}},"jetpack_sharing_enabled":true,"jetpack_shortlink":"https:\/\/wp.me\/P9aNoA-xF","_links":{"self":[{"href":"https:\/\/www.salon-zenetbio.com\/le-reseau\/wp-json\/wp\/v2\/pages\/2087","targetHints":{"allow":["GET"]}}],"collection":[{"href":"https:\/\/www.salon-zenetbio.com\/le-reseau\/wp-json\/wp\/v2\/pages"}],"about":[{"href":"https:\/\/www.salon-zenetbio.com\/le-reseau\/wp-json\/wp\/v2\/types\/page"}],"author":[{"embeddable":true,"href":"https:\/\/www.salon-zenetbio.com\/le-reseau\/wp-json\/wp\/v2\/users\/1"}],"replies":[{"embeddable":true,"href":"https:\/\/www.salon-zenetbio.com\/le-reseau\/wp-json\/wp\/v2\/comments?post=2087"}],"version-history":[{"count":31,"href":"https:\/\/www.salon-zenetbio.com\/le-reseau\/wp-json\/wp\/v2\/pages\/2087\/revisions"}],"predecessor-version":[{"id":5579,"href":"https:\/\/www.salon-zenetbio.com\/le-reseau\/wp-json\/wp\/v2\/pages\/2087\/revisions\/5579"}],"wp:attachment":[{"href":"https:\/\/www.salon-zenetbio.com\/le-reseau\/wp-json\/wp\/v2\/media?parent=2087"}],"curies":[{"name":"wp","href":"https:\/\/api.w.org\/{rel}","templated":true}]}}