{"id":2392,"date":"2017-01-24T12:45:18","date_gmt":"2017-01-24T11:45:18","guid":{"rendered":"http:\/\/localhost:8888\/zen\/?page_id=2392"},"modified":"2026-02-17T16:26:33","modified_gmt":"2026-02-17T15:26:33","slug":"contact","status":"publish","type":"page","link":"https:\/\/www.salon-zenetbio.com\/le-reseau\/les-salons-zen-bio\/contact\/","title":{"rendered":"Contacts"},"content":{"rendered":"<h2>Une \u00e9quipe \u00e0 votre \u00e9coute pour r\u00e9pondre \u00e0 vos demandes<\/h2>\n<p class=\"p1\" style=\"text-align: justify;\">SPAS Organisation est le plus grand organisateur en France d\u2019\u00e9v\u00e9nements grand public et professionnels d\u00e9di\u00e9s au bio, \u00e0 la nature, au bien-\u00eatre et \u00e0 l\u2019art de vivre.<\/p>\n<p style=\"text-align: justify;\">Notre savoir-faire historique : se faire rencontrer fournisseurs et acheteurs du \u00ab Vivre Autrement \u00bb par l&rsquo;organisation d&rsquo;\u00e9v\u00e8nements de proximit\u00e9 gr\u00e2ce \u00e0 une strat\u00e9gie de lieu et une offre sp\u00e9cifique, depuis plus de 30 ans<\/p>\n<p style=\"text-align: justify;\">Pour nous joindre au t\u00e9l\u00e9phone, un seul num\u00e9ro : +33 (1) 45 56 09 09<\/p>\n<p>&nbsp;<\/p>\n<hr \/>\n<h2>CONTACT VISITEUR<\/h2>\n<p><a href=\"mailto:visiteur@salon-zenetbio.com\">visiteur@salon-zenetbio.com<\/a><\/p>\n<p>&nbsp;<\/p>\n<h2>CONTACTS EXPOSANTS \/ CONF\u00c9RENCES<\/h2>\n<p><strong>Chef de projets salons<\/strong><br \/>\nBenjamin COSTIOU<br \/>\n<em>01.77.37.63.38<\/em><br \/>\n<em><a href=\"mailto:bcostiou@spas-expo.com\" target=\"_blank\" rel=\"noopener\">bcostiou@spas-expo.com<\/a><\/em><\/p>\n<p><strong>Attach\u00e9 commercial<br \/>\n<\/strong><span class=\"tinyMceForeColor\">S\u00e9verin RIBEIRO<\/span><br \/>\n<em>01.77.37.63.44<\/em><br \/>\n<em><a href=\"mailto:sribeiro@spas-expo.com\" target=\"_blank\" rel=\"noopener\">sribeiro@spas-expo.com<\/a><\/em><\/p>\n<p><strong>Attach\u00e9 commercial<br \/>\n<\/strong><span class=\"tinyMceForeColor\">Antoine ROULIN<\/span><br \/>\n<em>01.77.37.66.04<\/em><br \/>\n<em><a href=\"mailto:aroulin@spas-expo.com\" target=\"_blank\" rel=\"noopener\">aroulin@spas-expo.com<\/a><\/em><\/p>\n<h2>CONTACT COMMUNICATION<\/h2>\n<p><strong>Responsable communication<\/strong><br \/>\nH\u00e9lo\u00efse SALGUES<br \/>\n01.77.37.63.55<br \/>\n<a href=\"mailto:hsalgues@spas-expo.com\">hsalgues@spas-expo.com<\/a><\/p>\n<p>&nbsp;<\/p>\n<hr \/>\n<h3><strong> R\u00e9seau Zen &amp; Bio<\/strong><\/h3>\n<p><strong>Spas Organisation<\/strong><br \/>\n83 rue de Paris 92100 Boulogne-Billancourt\u00a0<br \/>\nT\u00e9l. : 01 45 56 09 09<br \/>\nFax : 01 44 18 99 00<\/p>\n","protected":false},"excerpt":{"rendered":"<p>Une \u00e9quipe \u00e0 votre \u00e9coute pour r\u00e9pondre \u00e0 vos demandes SPAS Organisation est le plus grand organisateur en France d\u2019\u00e9v\u00e9nements grand public et professionnels d\u00e9di\u00e9s au bio, \u00e0 la nature, au bien-\u00eatre et \u00e0 l\u2019art de vivre. Notre savoir-faire historique : se faire rencontrer fournisseurs et acheteurs du \u00ab Vivre Autrement \u00bb par l&rsquo;organisation d&rsquo;\u00e9v\u00e8nements&hellip; <\/p>\n","protected":false},"author":1,"featured_media":0,"parent":2081,"menu_order":3,"comment_status":"closed","ping_status":"closed","template":"page-templates\/gallery-template.php","meta":{"_monsterinsights_skip_tracking":false,"_monsterinsights_sitenote_active":false,"_monsterinsights_sitenote_note":"","_monsterinsights_sitenote_category":0,"jetpack_post_was_ever_published":false,"footnotes":""},"class_list":["post-2392","page","type-page","status-publish","hentry"],"yoast_head":"<!-- This site is optimized with the Yoast SEO plugin v27.3 - https:\/\/yoast.com\/product\/yoast-seo-wordpress\/ -->\n<title>Contacts - Le r\u00e9seau ZEN&amp;BIO<\/title>\n<meta name=\"robots\" content=\"index, follow, max-snippet:-1, max-image-preview:large, max-video-preview:-1\" \/>\n<link rel=\"canonical\" href=\"https:\/\/www.salon-zenetbio.com\/le-reseau\/les-salons-zen-bio\/contact\/\" \/>\n<meta property=\"og:locale\" content=\"fr_FR\" \/>\n<meta property=\"og:type\" content=\"article\" \/>\n<meta property=\"og:title\" content=\"Contacts - Le r\u00e9seau ZEN&amp;BIO\" \/>\n<meta property=\"og:description\" content=\"Une \u00e9quipe \u00e0 votre \u00e9coute pour r\u00e9pondre \u00e0 vos demandes SPAS Organisation est le plus grand organisateur en France d\u2019\u00e9v\u00e9nements grand public et professionnels d\u00e9di\u00e9s au bio, \u00e0 la nature, au bien-\u00eatre et \u00e0 l\u2019art de vivre. Notre savoir-faire historique : se faire rencontrer fournisseurs et acheteurs du \u00ab Vivre Autrement \u00bb par l&rsquo;organisation d&rsquo;\u00e9v\u00e8nements&hellip;\" \/>\n<meta property=\"og:url\" content=\"https:\/\/www.salon-zenetbio.com\/le-reseau\/les-salons-zen-bio\/contact\/\" \/>\n<meta property=\"og:site_name\" content=\"Le r\u00e9seau ZEN&amp;BIO\" \/>\n<meta property=\"article:modified_time\" content=\"2026-02-17T15:26:33+00:00\" \/>\n<meta name=\"twitter:card\" content=\"summary_large_image\" \/>\n<meta name=\"twitter:label1\" content=\"Dur\u00e9e de lecture estim\u00e9e\" \/>\n\t<meta name=\"twitter:data1\" content=\"1 minute\" \/>\n<script type=\"application\/ld+json\" class=\"yoast-schema-graph\">{\"@context\":\"https:\\\/\\\/schema.org\",\"@graph\":[{\"@type\":\"WebPage\",\"@id\":\"https:\\\/\\\/www.salon-zenetbio.com\\\/le-reseau\\\/les-salons-zen-bio\\\/contact\\\/\",\"url\":\"https:\\\/\\\/www.salon-zenetbio.com\\\/le-reseau\\\/les-salons-zen-bio\\\/contact\\\/\",\"name\":\"Contacts - Le r\u00e9seau ZEN&amp;BIO\",\"isPartOf\":{\"@id\":\"https:\\\/\\\/www.salon-zenetbio.com\\\/le-reseau\\\/#website\"},\"datePublished\":\"2017-01-24T11:45:18+00:00\",\"dateModified\":\"2026-02-17T15:26:33+00:00\",\"breadcrumb\":{\"@id\":\"https:\\\/\\\/www.salon-zenetbio.com\\\/le-reseau\\\/les-salons-zen-bio\\\/contact\\\/#breadcrumb\"},\"inLanguage\":\"fr-FR\",\"potentialAction\":[{\"@type\":\"ReadAction\",\"target\":[\"https:\\\/\\\/www.salon-zenetbio.com\\\/le-reseau\\\/les-salons-zen-bio\\\/contact\\\/\"]}]},{\"@type\":\"BreadcrumbList\",\"@id\":\"https:\\\/\\\/www.salon-zenetbio.com\\\/le-reseau\\\/les-salons-zen-bio\\\/contact\\\/#breadcrumb\",\"itemListElement\":[{\"@type\":\"ListItem\",\"position\":1,\"name\":\"Accueil\",\"item\":\"https:\\\/\\\/www.salon-zenetbio.com\\\/le-reseau\\\/\"},{\"@type\":\"ListItem\",\"position\":2,\"name\":\"Les salons Zen &#038; Bio\",\"item\":\"https:\\\/\\\/www.salon-zenetbio.com\\\/le-reseau\\\/les-salons-zen-bio\\\/\"},{\"@type\":\"ListItem\",\"position\":3,\"name\":\"Contacts\"}]},{\"@type\":\"WebSite\",\"@id\":\"https:\\\/\\\/www.salon-zenetbio.com\\\/le-reseau\\\/#website\",\"url\":\"https:\\\/\\\/www.salon-zenetbio.com\\\/le-reseau\\\/\",\"name\":\"Le r\u00e9seau ZEN&amp;BIO\",\"description\":\"Profitez du savoir-faire des salons ZEN&amp;BIO\",\"publisher\":{\"@id\":\"https:\\\/\\\/www.salon-zenetbio.com\\\/le-reseau\\\/#organization\"},\"potentialAction\":[{\"@type\":\"SearchAction\",\"target\":{\"@type\":\"EntryPoint\",\"urlTemplate\":\"https:\\\/\\\/www.salon-zenetbio.com\\\/le-reseau\\\/?s={search_term_string}\"},\"query-input\":{\"@type\":\"PropertyValueSpecification\",\"valueRequired\":true,\"valueName\":\"search_term_string\"}}],\"inLanguage\":\"fr-FR\"},{\"@type\":\"Organization\",\"@id\":\"https:\\\/\\\/www.salon-zenetbio.com\\\/le-reseau\\\/#organization\",\"name\":\"Le r\u00e9seau ZEN&amp;BIO\",\"url\":\"https:\\\/\\\/www.salon-zenetbio.com\\\/le-reseau\\\/\",\"logo\":{\"@type\":\"ImageObject\",\"inLanguage\":\"fr-FR\",\"@id\":\"https:\\\/\\\/www.salon-zenetbio.com\\\/le-reseau\\\/#\\\/schema\\\/logo\\\/image\\\/\",\"url\":\"https:\\\/\\\/www.salon-zenetbio.com\\\/le-reseau\\\/wp-content\\\/uploads\\\/sites\\\/6\\\/2017\\\/05\\\/RESEAU-zen-et-bio-1.jpg\",\"contentUrl\":\"https:\\\/\\\/www.salon-zenetbio.com\\\/le-reseau\\\/wp-content\\\/uploads\\\/sites\\\/6\\\/2017\\\/05\\\/RESEAU-zen-et-bio-1.jpg\",\"width\":210,\"height\":150,\"caption\":\"Le r\u00e9seau ZEN&amp;BIO\"},\"image\":{\"@id\":\"https:\\\/\\\/www.salon-zenetbio.com\\\/le-reseau\\\/#\\\/schema\\\/logo\\\/image\\\/\"}}]}<\/script>\n<!-- \/ Yoast SEO plugin. -->","yoast_head_json":{"title":"Contacts - Le r\u00e9seau ZEN&amp;BIO","robots":{"index":"index","follow":"follow","max-snippet":"max-snippet:-1","max-image-preview":"max-image-preview:large","max-video-preview":"max-video-preview:-1"},"canonical":"https:\/\/www.salon-zenetbio.com\/le-reseau\/les-salons-zen-bio\/contact\/","og_locale":"fr_FR","og_type":"article","og_title":"Contacts - Le r\u00e9seau ZEN&amp;BIO","og_description":"Une \u00e9quipe \u00e0 votre \u00e9coute pour r\u00e9pondre \u00e0 vos demandes SPAS Organisation est le plus grand organisateur en France d\u2019\u00e9v\u00e9nements grand public et professionnels d\u00e9di\u00e9s au bio, \u00e0 la nature, au bien-\u00eatre et \u00e0 l\u2019art de vivre. Notre savoir-faire historique : se faire rencontrer fournisseurs et acheteurs du \u00ab Vivre Autrement \u00bb par l&rsquo;organisation d&rsquo;\u00e9v\u00e8nements&hellip;","og_url":"https:\/\/www.salon-zenetbio.com\/le-reseau\/les-salons-zen-bio\/contact\/","og_site_name":"Le r\u00e9seau ZEN&amp;BIO","article_modified_time":"2026-02-17T15:26:33+00:00","twitter_card":"summary_large_image","twitter_misc":{"Dur\u00e9e de lecture estim\u00e9e":"1 minute"},"schema":{"@context":"https:\/\/schema.org","@graph":[{"@type":"WebPage","@id":"https:\/\/www.salon-zenetbio.com\/le-reseau\/les-salons-zen-bio\/contact\/","url":"https:\/\/www.salon-zenetbio.com\/le-reseau\/les-salons-zen-bio\/contact\/","name":"Contacts - Le r\u00e9seau ZEN&amp;BIO","isPartOf":{"@id":"https:\/\/www.salon-zenetbio.com\/le-reseau\/#website"},"datePublished":"2017-01-24T11:45:18+00:00","dateModified":"2026-02-17T15:26:33+00:00","breadcrumb":{"@id":"https:\/\/www.salon-zenetbio.com\/le-reseau\/les-salons-zen-bio\/contact\/#breadcrumb"},"inLanguage":"fr-FR","potentialAction":[{"@type":"ReadAction","target":["https:\/\/www.salon-zenetbio.com\/le-reseau\/les-salons-zen-bio\/contact\/"]}]},{"@type":"BreadcrumbList","@id":"https:\/\/www.salon-zenetbio.com\/le-reseau\/les-salons-zen-bio\/contact\/#breadcrumb","itemListElement":[{"@type":"ListItem","position":1,"name":"Accueil","item":"https:\/\/www.salon-zenetbio.com\/le-reseau\/"},{"@type":"ListItem","position":2,"name":"Les salons Zen &#038; Bio","item":"https:\/\/www.salon-zenetbio.com\/le-reseau\/les-salons-zen-bio\/"},{"@type":"ListItem","position":3,"name":"Contacts"}]},{"@type":"WebSite","@id":"https:\/\/www.salon-zenetbio.com\/le-reseau\/#website","url":"https:\/\/www.salon-zenetbio.com\/le-reseau\/","name":"Le r\u00e9seau ZEN&amp;BIO","description":"Profitez du savoir-faire des salons ZEN&amp;BIO","publisher":{"@id":"https:\/\/www.salon-zenetbio.com\/le-reseau\/#organization"},"potentialAction":[{"@type":"SearchAction","target":{"@type":"EntryPoint","urlTemplate":"https:\/\/www.salon-zenetbio.com\/le-reseau\/?s={search_term_string}"},"query-input":{"@type":"PropertyValueSpecification","valueRequired":true,"valueName":"search_term_string"}}],"inLanguage":"fr-FR"},{"@type":"Organization","@id":"https:\/\/www.salon-zenetbio.com\/le-reseau\/#organization","name":"Le r\u00e9seau ZEN&amp;BIO","url":"https:\/\/www.salon-zenetbio.com\/le-reseau\/","logo":{"@type":"ImageObject","inLanguage":"fr-FR","@id":"https:\/\/www.salon-zenetbio.com\/le-reseau\/#\/schema\/logo\/image\/","url":"https:\/\/www.salon-zenetbio.com\/le-reseau\/wp-content\/uploads\/sites\/6\/2017\/05\/RESEAU-zen-et-bio-1.jpg","contentUrl":"https:\/\/www.salon-zenetbio.com\/le-reseau\/wp-content\/uploads\/sites\/6\/2017\/05\/RESEAU-zen-et-bio-1.jpg","width":210,"height":150,"caption":"Le r\u00e9seau ZEN&amp;BIO"},"image":{"@id":"https:\/\/www.salon-zenetbio.com\/le-reseau\/#\/schema\/logo\/image\/"}}]}},"jetpack_sharing_enabled":true,"jetpack_shortlink":"https:\/\/wp.me\/P9aNoA-CA","_links":{"self":[{"href":"https:\/\/www.salon-zenetbio.com\/le-reseau\/wp-json\/wp\/v2\/pages\/2392","targetHints":{"allow":["GET"]}}],"collection":[{"href":"https:\/\/www.salon-zenetbio.com\/le-reseau\/wp-json\/wp\/v2\/pages"}],"about":[{"href":"https:\/\/www.salon-zenetbio.com\/le-reseau\/wp-json\/wp\/v2\/types\/page"}],"author":[{"embeddable":true,"href":"https:\/\/www.salon-zenetbio.com\/le-reseau\/wp-json\/wp\/v2\/users\/1"}],"replies":[{"embeddable":true,"href":"https:\/\/www.salon-zenetbio.com\/le-reseau\/wp-json\/wp\/v2\/comments?post=2392"}],"version-history":[{"count":43,"href":"https:\/\/www.salon-zenetbio.com\/le-reseau\/wp-json\/wp\/v2\/pages\/2392\/revisions"}],"predecessor-version":[{"id":5670,"href":"https:\/\/www.salon-zenetbio.com\/le-reseau\/wp-json\/wp\/v2\/pages\/2392\/revisions\/5670"}],"up":[{"embeddable":true,"href":"https:\/\/www.salon-zenetbio.com\/le-reseau\/wp-json\/wp\/v2\/pages\/2081"}],"wp:attachment":[{"href":"https:\/\/www.salon-zenetbio.com\/le-reseau\/wp-json\/wp\/v2\/media?parent=2392"}],"curies":[{"name":"wp","href":"https:\/\/api.w.org\/{rel}","templated":true}]}}