{"id":2438,"date":"2017-01-24T14:15:59","date_gmt":"2017-01-24T13:15:59","guid":{"rendered":"http:\/\/localhost:8888\/zen\/?page_id=2438"},"modified":"2025-12-16T11:05:41","modified_gmt":"2025-12-16T10:05:41","slug":"reserver-un-atelier","status":"publish","type":"page","link":"https:\/\/www.salon-zenetbio.com\/le-reseau\/exposer\/reserver-un-atelier\/","title":{"rendered":"R\u00e9server un atelier sur le salon"},"content":{"rendered":"<h2>Pr\u00e9sentation des ateliers<\/h2>\n<h3>Conf\u00e9rences :<\/h3>\n<p style=\"text-align: justify;\">Des salles d&rsquo;atelier \u00e0 votre disposition pendant 50 minutes.<br \/>\nElles vous permettent d&rsquo;accueillir jusqu&rsquo;\u00e0 80 personnes, l&rsquo;acc\u00e8s \u00e9tant gratuit pour les visiteurs.<br \/>\nLa salle est \u00e9quip\u00e9e de chaises, d&rsquo;une table, d&rsquo;une petite sono et d&rsquo;un paper-board.<br \/>\nVous pouvez \u00e9galement r\u00e9server un vid\u00e9oprojecteur.<br \/>\n<strong>Attention, l&rsquo;obscurit\u00e9 dans la salle est impossible.<\/strong><\/p>\n<h3>Ateliers bien-\u00eatre :<\/h3>\n<p style=\"text-align: justify;\">Ils sont destin\u00e9s \u00e0 faire d\u00e9couvrir des techniques telles que le yoga, le tai chi, la sophrologie, la m\u00e9ditation etc. La salle d\u2019atelier \u00e0 votre disposition pendant 50 minutes.<br \/>\nElles vous permettent d&rsquo;accueillir jusqu&rsquo;\u00e0 30 personnes, l&rsquo;acc\u00e8s \u00e9tant gratuit pour les visiteurs. La salle est \u00e9quip\u00e9e de chaises ou bancs, d&rsquo;une table, d&rsquo;une petite sono et d&rsquo;un paper-board.<br \/>\n<strong>Attention, le silence total dans la salle est impossible.<\/strong><\/p>\n<h3>R\u00e9servation :<\/h3>\n<p>La r\u00e9servation d&rsquo;un atelier se fait dans la limite des disponibilit\u00e9s \u00e0 la date de votre inscription et sous r\u00e9serve de l&rsquo;acceptation du Comit\u00e9 de S\u00e9lection.<\/p>\n<p>Date limite de r\u00e9servation pour appara\u00eetre dans le programme imprim\u00e9 et diffus\u00e9 sur internet :<\/p>\n<p><strong>RESPIRE LA VIE RENNES : <\/strong>24\/11\/2025<strong><br \/>\nZEN &amp; BIO ANGERS\u00a0 :<\/strong> 05\/01\/2026<\/p>\n<p><strong>ZEN &amp; BIO NANTES :<\/strong> \u00e0 venir<br \/>\n<strong>ARTEMISIA :<\/strong> \u00e0 venir<br \/>\n<strong>ZEN &amp; BIO LYON : <\/strong>\u00e0 venir<br \/>\n<strong>NATURABIO : <\/strong>\u00e0 venir<\/p>\n<h3>Pour tout renseignement :<\/h3>\n<p>exposant@salon-zenetbio.com<br \/>\n01 45 56 09 09<\/p>\n<h3>Invitations \/ programmes papier :<\/h3>\n<ul>\n<li style=\"text-align: justify;\">diffus\u00e9s par les exposants,<\/li>\n<li style=\"text-align: justify;\">envoy\u00e9s aux professionnels de sant\u00e9 et de bien-\u00eatre,<\/li>\n<li style=\"text-align: justify;\">envoy\u00e9s aux cibles privil\u00e9gi\u00e9es : fichier visiteur nominatif, sup\u00e9rettes bio, boutiques bio et de di\u00e9t\u00e9tique.<\/li>\n<\/ul>\n","protected":false},"excerpt":{"rendered":"<p>Pr\u00e9sentation des ateliers Conf\u00e9rences : Des salles d&rsquo;atelier \u00e0 votre disposition pendant 50 minutes. Elles vous permettent d&rsquo;accueillir jusqu&rsquo;\u00e0 80 personnes, l&rsquo;acc\u00e8s \u00e9tant gratuit pour les visiteurs. La salle est \u00e9quip\u00e9e de chaises, d&rsquo;une table, d&rsquo;une petite sono et d&rsquo;un paper-board. Vous pouvez \u00e9galement r\u00e9server un vid\u00e9oprojecteur. Attention, l&rsquo;obscurit\u00e9 dans la salle est impossible. Ateliers&hellip; <\/p>\n","protected":false},"author":1,"featured_media":0,"parent":2087,"menu_order":3,"comment_status":"closed","ping_status":"closed","template":"","meta":{"_monsterinsights_skip_tracking":false,"_monsterinsights_sitenote_active":false,"_monsterinsights_sitenote_note":"","_monsterinsights_sitenote_category":0,"jetpack_post_was_ever_published":false,"footnotes":""},"class_list":["post-2438","page","type-page","status-publish","hentry"],"yoast_head":"<!-- This site is optimized with the Yoast SEO plugin v27.5 - https:\/\/yoast.com\/product\/yoast-seo-wordpress\/ -->\n<title>R\u00e9server un atelier sur le salon - Le r\u00e9seau ZEN&amp;BIO<\/title>\n<meta name=\"robots\" content=\"index, follow, max-snippet:-1, max-image-preview:large, max-video-preview:-1\" \/>\n<link rel=\"canonical\" href=\"https:\/\/www.salon-zenetbio.com\/le-reseau\/exposer\/reserver-un-atelier\/\" \/>\n<meta property=\"og:locale\" content=\"fr_FR\" \/>\n<meta property=\"og:type\" content=\"article\" \/>\n<meta property=\"og:title\" content=\"R\u00e9server un atelier sur le salon - Le r\u00e9seau ZEN&amp;BIO\" \/>\n<meta property=\"og:description\" content=\"Pr\u00e9sentation des ateliers Conf\u00e9rences : Des salles d&rsquo;atelier \u00e0 votre disposition pendant 50 minutes. Elles vous permettent d&rsquo;accueillir jusqu&rsquo;\u00e0 80 personnes, l&rsquo;acc\u00e8s \u00e9tant gratuit pour les visiteurs. La salle est \u00e9quip\u00e9e de chaises, d&rsquo;une table, d&rsquo;une petite sono et d&rsquo;un paper-board. Vous pouvez \u00e9galement r\u00e9server un vid\u00e9oprojecteur. Attention, l&rsquo;obscurit\u00e9 dans la salle est impossible. Ateliers&hellip;\" \/>\n<meta property=\"og:url\" content=\"https:\/\/www.salon-zenetbio.com\/le-reseau\/exposer\/reserver-un-atelier\/\" \/>\n<meta property=\"og:site_name\" content=\"Le r\u00e9seau ZEN&amp;BIO\" \/>\n<meta property=\"article:modified_time\" content=\"2025-12-16T10:05:41+00:00\" \/>\n<meta name=\"twitter:card\" content=\"summary_large_image\" \/>\n<meta name=\"twitter:label1\" content=\"Dur\u00e9e de lecture estim\u00e9e\" \/>\n\t<meta name=\"twitter:data1\" content=\"2 minutes\" \/>\n<script type=\"application\/ld+json\" class=\"yoast-schema-graph\">{\"@context\":\"https:\\\/\\\/schema.org\",\"@graph\":[{\"@type\":\"WebPage\",\"@id\":\"https:\\\/\\\/www.salon-zenetbio.com\\\/le-reseau\\\/exposer\\\/reserver-un-atelier\\\/\",\"url\":\"https:\\\/\\\/www.salon-zenetbio.com\\\/le-reseau\\\/exposer\\\/reserver-un-atelier\\\/\",\"name\":\"R\u00e9server un atelier sur le salon - Le r\u00e9seau ZEN&amp;BIO\",\"isPartOf\":{\"@id\":\"https:\\\/\\\/www.salon-zenetbio.com\\\/le-reseau\\\/#website\"},\"datePublished\":\"2017-01-24T13:15:59+00:00\",\"dateModified\":\"2025-12-16T10:05:41+00:00\",\"breadcrumb\":{\"@id\":\"https:\\\/\\\/www.salon-zenetbio.com\\\/le-reseau\\\/exposer\\\/reserver-un-atelier\\\/#breadcrumb\"},\"inLanguage\":\"fr-FR\",\"potentialAction\":[{\"@type\":\"ReadAction\",\"target\":[\"https:\\\/\\\/www.salon-zenetbio.com\\\/le-reseau\\\/exposer\\\/reserver-un-atelier\\\/\"]}]},{\"@type\":\"BreadcrumbList\",\"@id\":\"https:\\\/\\\/www.salon-zenetbio.com\\\/le-reseau\\\/exposer\\\/reserver-un-atelier\\\/#breadcrumb\",\"itemListElement\":[{\"@type\":\"ListItem\",\"position\":1,\"name\":\"Accueil\",\"item\":\"https:\\\/\\\/www.salon-zenetbio.com\\\/le-reseau\\\/\"},{\"@type\":\"ListItem\",\"position\":2,\"name\":\"Exposer sur le salon\",\"item\":\"https:\\\/\\\/www.salon-zenetbio.com\\\/le-reseau\\\/exposer\\\/\"},{\"@type\":\"ListItem\",\"position\":3,\"name\":\"R\u00e9server un atelier sur le salon\"}]},{\"@type\":\"WebSite\",\"@id\":\"https:\\\/\\\/www.salon-zenetbio.com\\\/le-reseau\\\/#website\",\"url\":\"https:\\\/\\\/www.salon-zenetbio.com\\\/le-reseau\\\/\",\"name\":\"Le r\u00e9seau ZEN&amp;BIO\",\"description\":\"Profitez du savoir-faire des salons ZEN&amp;BIO\",\"publisher\":{\"@id\":\"https:\\\/\\\/www.salon-zenetbio.com\\\/le-reseau\\\/#organization\"},\"potentialAction\":[{\"@type\":\"SearchAction\",\"target\":{\"@type\":\"EntryPoint\",\"urlTemplate\":\"https:\\\/\\\/www.salon-zenetbio.com\\\/le-reseau\\\/?s={search_term_string}\"},\"query-input\":{\"@type\":\"PropertyValueSpecification\",\"valueRequired\":true,\"valueName\":\"search_term_string\"}}],\"inLanguage\":\"fr-FR\"},{\"@type\":\"Organization\",\"@id\":\"https:\\\/\\\/www.salon-zenetbio.com\\\/le-reseau\\\/#organization\",\"name\":\"Le r\u00e9seau ZEN&amp;BIO\",\"url\":\"https:\\\/\\\/www.salon-zenetbio.com\\\/le-reseau\\\/\",\"logo\":{\"@type\":\"ImageObject\",\"inLanguage\":\"fr-FR\",\"@id\":\"https:\\\/\\\/www.salon-zenetbio.com\\\/le-reseau\\\/#\\\/schema\\\/logo\\\/image\\\/\",\"url\":\"https:\\\/\\\/www.salon-zenetbio.com\\\/le-reseau\\\/wp-content\\\/uploads\\\/sites\\\/6\\\/2017\\\/05\\\/RESEAU-zen-et-bio-1.jpg\",\"contentUrl\":\"https:\\\/\\\/www.salon-zenetbio.com\\\/le-reseau\\\/wp-content\\\/uploads\\\/sites\\\/6\\\/2017\\\/05\\\/RESEAU-zen-et-bio-1.jpg\",\"width\":210,\"height\":150,\"caption\":\"Le r\u00e9seau ZEN&amp;BIO\"},\"image\":{\"@id\":\"https:\\\/\\\/www.salon-zenetbio.com\\\/le-reseau\\\/#\\\/schema\\\/logo\\\/image\\\/\"}}]}<\/script>\n<!-- \/ Yoast SEO plugin. -->","yoast_head_json":{"title":"R\u00e9server un atelier sur le salon - Le r\u00e9seau ZEN&amp;BIO","robots":{"index":"index","follow":"follow","max-snippet":"max-snippet:-1","max-image-preview":"max-image-preview:large","max-video-preview":"max-video-preview:-1"},"canonical":"https:\/\/www.salon-zenetbio.com\/le-reseau\/exposer\/reserver-un-atelier\/","og_locale":"fr_FR","og_type":"article","og_title":"R\u00e9server un atelier sur le salon - Le r\u00e9seau ZEN&amp;BIO","og_description":"Pr\u00e9sentation des ateliers Conf\u00e9rences : Des salles d&rsquo;atelier \u00e0 votre disposition pendant 50 minutes. Elles vous permettent d&rsquo;accueillir jusqu&rsquo;\u00e0 80 personnes, l&rsquo;acc\u00e8s \u00e9tant gratuit pour les visiteurs. La salle est \u00e9quip\u00e9e de chaises, d&rsquo;une table, d&rsquo;une petite sono et d&rsquo;un paper-board. Vous pouvez \u00e9galement r\u00e9server un vid\u00e9oprojecteur. Attention, l&rsquo;obscurit\u00e9 dans la salle est impossible. Ateliers&hellip;","og_url":"https:\/\/www.salon-zenetbio.com\/le-reseau\/exposer\/reserver-un-atelier\/","og_site_name":"Le r\u00e9seau ZEN&amp;BIO","article_modified_time":"2025-12-16T10:05:41+00:00","twitter_card":"summary_large_image","twitter_misc":{"Dur\u00e9e de lecture estim\u00e9e":"2 minutes"},"schema":{"@context":"https:\/\/schema.org","@graph":[{"@type":"WebPage","@id":"https:\/\/www.salon-zenetbio.com\/le-reseau\/exposer\/reserver-un-atelier\/","url":"https:\/\/www.salon-zenetbio.com\/le-reseau\/exposer\/reserver-un-atelier\/","name":"R\u00e9server un atelier sur le salon - Le r\u00e9seau ZEN&amp;BIO","isPartOf":{"@id":"https:\/\/www.salon-zenetbio.com\/le-reseau\/#website"},"datePublished":"2017-01-24T13:15:59+00:00","dateModified":"2025-12-16T10:05:41+00:00","breadcrumb":{"@id":"https:\/\/www.salon-zenetbio.com\/le-reseau\/exposer\/reserver-un-atelier\/#breadcrumb"},"inLanguage":"fr-FR","potentialAction":[{"@type":"ReadAction","target":["https:\/\/www.salon-zenetbio.com\/le-reseau\/exposer\/reserver-un-atelier\/"]}]},{"@type":"BreadcrumbList","@id":"https:\/\/www.salon-zenetbio.com\/le-reseau\/exposer\/reserver-un-atelier\/#breadcrumb","itemListElement":[{"@type":"ListItem","position":1,"name":"Accueil","item":"https:\/\/www.salon-zenetbio.com\/le-reseau\/"},{"@type":"ListItem","position":2,"name":"Exposer sur le salon","item":"https:\/\/www.salon-zenetbio.com\/le-reseau\/exposer\/"},{"@type":"ListItem","position":3,"name":"R\u00e9server un atelier sur le salon"}]},{"@type":"WebSite","@id":"https:\/\/www.salon-zenetbio.com\/le-reseau\/#website","url":"https:\/\/www.salon-zenetbio.com\/le-reseau\/","name":"Le r\u00e9seau ZEN&amp;BIO","description":"Profitez du savoir-faire des salons ZEN&amp;BIO","publisher":{"@id":"https:\/\/www.salon-zenetbio.com\/le-reseau\/#organization"},"potentialAction":[{"@type":"SearchAction","target":{"@type":"EntryPoint","urlTemplate":"https:\/\/www.salon-zenetbio.com\/le-reseau\/?s={search_term_string}"},"query-input":{"@type":"PropertyValueSpecification","valueRequired":true,"valueName":"search_term_string"}}],"inLanguage":"fr-FR"},{"@type":"Organization","@id":"https:\/\/www.salon-zenetbio.com\/le-reseau\/#organization","name":"Le r\u00e9seau ZEN&amp;BIO","url":"https:\/\/www.salon-zenetbio.com\/le-reseau\/","logo":{"@type":"ImageObject","inLanguage":"fr-FR","@id":"https:\/\/www.salon-zenetbio.com\/le-reseau\/#\/schema\/logo\/image\/","url":"https:\/\/www.salon-zenetbio.com\/le-reseau\/wp-content\/uploads\/sites\/6\/2017\/05\/RESEAU-zen-et-bio-1.jpg","contentUrl":"https:\/\/www.salon-zenetbio.com\/le-reseau\/wp-content\/uploads\/sites\/6\/2017\/05\/RESEAU-zen-et-bio-1.jpg","width":210,"height":150,"caption":"Le r\u00e9seau ZEN&amp;BIO"},"image":{"@id":"https:\/\/www.salon-zenetbio.com\/le-reseau\/#\/schema\/logo\/image\/"}}]}},"jetpack_sharing_enabled":true,"jetpack_shortlink":"https:\/\/wp.me\/P9aNoA-Dk","_links":{"self":[{"href":"https:\/\/www.salon-zenetbio.com\/le-reseau\/wp-json\/wp\/v2\/pages\/2438","targetHints":{"allow":["GET"]}}],"collection":[{"href":"https:\/\/www.salon-zenetbio.com\/le-reseau\/wp-json\/wp\/v2\/pages"}],"about":[{"href":"https:\/\/www.salon-zenetbio.com\/le-reseau\/wp-json\/wp\/v2\/types\/page"}],"author":[{"embeddable":true,"href":"https:\/\/www.salon-zenetbio.com\/le-reseau\/wp-json\/wp\/v2\/users\/1"}],"replies":[{"embeddable":true,"href":"https:\/\/www.salon-zenetbio.com\/le-reseau\/wp-json\/wp\/v2\/comments?post=2438"}],"version-history":[{"count":35,"href":"https:\/\/www.salon-zenetbio.com\/le-reseau\/wp-json\/wp\/v2\/pages\/2438\/revisions"}],"predecessor-version":[{"id":5631,"href":"https:\/\/www.salon-zenetbio.com\/le-reseau\/wp-json\/wp\/v2\/pages\/2438\/revisions\/5631"}],"up":[{"embeddable":true,"href":"https:\/\/www.salon-zenetbio.com\/le-reseau\/wp-json\/wp\/v2\/pages\/2087"}],"wp:attachment":[{"href":"https:\/\/www.salon-zenetbio.com\/le-reseau\/wp-json\/wp\/v2\/media?parent=2438"}],"curies":[{"name":"wp","href":"https:\/\/api.w.org\/{rel}","templated":true}]}}