{"id":2448,"date":"2017-01-24T14:17:48","date_gmt":"2017-01-24T13:17:48","guid":{"rendered":"http:\/\/localhost:8888\/zen\/?page_id=2448"},"modified":"2026-02-17T16:29:24","modified_gmt":"2026-02-17T15:29:24","slug":"contacts-exposants","status":"publish","type":"page","link":"https:\/\/www.salon-zenetbio.com\/le-reseau\/exposer\/contacts-exposants\/","title":{"rendered":"Contacts exposants \/ conf\u00e9rences"},"content":{"rendered":"<p>exposant@salon-zenetbio.com<br \/>\n01 45 56 09 09<\/p>\n<p><strong>Chef de projets salons<\/strong><br \/>\nBenjamin COSTIOU<br \/>\n<em>01.77.37.63.38<\/em><br \/>\n<em><a href=\"mailto:bcostiou@spas-expo.com\" target=\"_blank\" rel=\"noopener\">bcostiou@spas-expo.com<\/a><\/em><\/p>\n<p><strong>Attach\u00e9 commercial<br \/>\n<\/strong><span class=\"tinyMceForeColor\">S\u00e9verin RIBEIRO<\/span><br \/>\n<em>01.77.37.63.44<\/em><br \/>\n<em><a href=\"mailto:sribeiro@spas-expo.com\" target=\"_blank\" rel=\"noopener\">sribeiro@spas-expo.com<\/a><\/em><\/p>\n<p><strong>Attach\u00e9 commercial<br \/>\n<\/strong><span class=\"tinyMceForeColor\">Antoine ROULIN<\/span><br \/>\n<em>01.77.37.66.04<\/em><br \/>\n<em><a href=\"mailto:aroulin@spas-expo.com\" target=\"_blank\" rel=\"noopener\">aroulin@spas-expo.com<\/a><\/em><\/p>\n<p>&nbsp;<\/p>\n<hr \/>\n<h2><strong style=\"font-size: 17px;\">SPAS Organisation<\/strong><\/h2>\n<p>83 rue de Paris 92100 Boulogne Billancourt<br \/>\nT\u00e9l. : 01 45 56 09 09<br \/>\nFax : 01 44 18 99 00<\/p>\n<p>&nbsp;<\/p>\n","protected":false},"excerpt":{"rendered":"<p>exposant@salon-zenetbio.com 01 45 56 09 09 Chef de projets salons Benjamin COSTIOU 01.77.37.63.38 bcostiou@spas-expo.com Attach\u00e9 commercial S\u00e9verin RIBEIRO 01.77.37.63.44 sribeiro@spas-expo.com Attach\u00e9 commercial Antoine ROULIN 01.77.37.66.04 aroulin@spas-expo.com &nbsp; SPAS Organisation 83 rue de Paris 92100 Boulogne Billancourt T\u00e9l. : 01 45 56 09 09 Fax : 01 44 18 99 00 &nbsp;<\/p>\n","protected":false},"author":1,"featured_media":0,"parent":2087,"menu_order":5,"comment_status":"closed","ping_status":"closed","template":"","meta":{"_monsterinsights_skip_tracking":false,"_monsterinsights_sitenote_active":false,"_monsterinsights_sitenote_note":"","_monsterinsights_sitenote_category":0,"jetpack_post_was_ever_published":false,"footnotes":""},"class_list":["post-2448","page","type-page","status-publish","hentry"],"yoast_head":"<!-- This site is optimized with the Yoast SEO plugin v27.3 - https:\/\/yoast.com\/product\/yoast-seo-wordpress\/ -->\n<title>Contacts exposants \/ conf\u00e9rences - Le r\u00e9seau ZEN&amp;BIO<\/title>\n<meta name=\"robots\" content=\"index, follow, max-snippet:-1, max-image-preview:large, max-video-preview:-1\" \/>\n<link rel=\"canonical\" href=\"https:\/\/www.salon-zenetbio.com\/le-reseau\/exposer\/contacts-exposants\/\" \/>\n<meta property=\"og:locale\" content=\"fr_FR\" \/>\n<meta property=\"og:type\" content=\"article\" \/>\n<meta property=\"og:title\" content=\"Contacts exposants \/ conf\u00e9rences - Le r\u00e9seau ZEN&amp;BIO\" \/>\n<meta property=\"og:description\" content=\"exposant@salon-zenetbio.com 01 45 56 09 09 Chef de projets salons Benjamin COSTIOU 01.77.37.63.38 bcostiou@spas-expo.com Attach\u00e9 commercial S\u00e9verin RIBEIRO 01.77.37.63.44 sribeiro@spas-expo.com Attach\u00e9 commercial Antoine ROULIN 01.77.37.66.04 aroulin@spas-expo.com &nbsp; SPAS Organisation 83 rue de Paris 92100 Boulogne Billancourt T\u00e9l. : 01 45 56 09 09 Fax : 01 44 18 99 00 &nbsp;\" \/>\n<meta property=\"og:url\" content=\"https:\/\/www.salon-zenetbio.com\/le-reseau\/exposer\/contacts-exposants\/\" \/>\n<meta property=\"og:site_name\" content=\"Le r\u00e9seau ZEN&amp;BIO\" \/>\n<meta property=\"article:modified_time\" content=\"2026-02-17T15:29:24+00:00\" \/>\n<meta name=\"twitter:card\" content=\"summary_large_image\" \/>\n<meta name=\"twitter:label1\" content=\"Dur\u00e9e de lecture estim\u00e9e\" \/>\n\t<meta name=\"twitter:data1\" content=\"1 minute\" \/>\n<script type=\"application\/ld+json\" class=\"yoast-schema-graph\">{\"@context\":\"https:\\\/\\\/schema.org\",\"@graph\":[{\"@type\":\"WebPage\",\"@id\":\"https:\\\/\\\/www.salon-zenetbio.com\\\/le-reseau\\\/exposer\\\/contacts-exposants\\\/\",\"url\":\"https:\\\/\\\/www.salon-zenetbio.com\\\/le-reseau\\\/exposer\\\/contacts-exposants\\\/\",\"name\":\"Contacts exposants \\\/ conf\u00e9rences - Le r\u00e9seau ZEN&amp;BIO\",\"isPartOf\":{\"@id\":\"https:\\\/\\\/www.salon-zenetbio.com\\\/le-reseau\\\/#website\"},\"datePublished\":\"2017-01-24T13:17:48+00:00\",\"dateModified\":\"2026-02-17T15:29:24+00:00\",\"breadcrumb\":{\"@id\":\"https:\\\/\\\/www.salon-zenetbio.com\\\/le-reseau\\\/exposer\\\/contacts-exposants\\\/#breadcrumb\"},\"inLanguage\":\"fr-FR\",\"potentialAction\":[{\"@type\":\"ReadAction\",\"target\":[\"https:\\\/\\\/www.salon-zenetbio.com\\\/le-reseau\\\/exposer\\\/contacts-exposants\\\/\"]}]},{\"@type\":\"BreadcrumbList\",\"@id\":\"https:\\\/\\\/www.salon-zenetbio.com\\\/le-reseau\\\/exposer\\\/contacts-exposants\\\/#breadcrumb\",\"itemListElement\":[{\"@type\":\"ListItem\",\"position\":1,\"name\":\"Accueil\",\"item\":\"https:\\\/\\\/www.salon-zenetbio.com\\\/le-reseau\\\/\"},{\"@type\":\"ListItem\",\"position\":2,\"name\":\"Exposer sur le salon\",\"item\":\"https:\\\/\\\/www.salon-zenetbio.com\\\/le-reseau\\\/exposer\\\/\"},{\"@type\":\"ListItem\",\"position\":3,\"name\":\"Contacts exposants \\\/ conf\u00e9rences\"}]},{\"@type\":\"WebSite\",\"@id\":\"https:\\\/\\\/www.salon-zenetbio.com\\\/le-reseau\\\/#website\",\"url\":\"https:\\\/\\\/www.salon-zenetbio.com\\\/le-reseau\\\/\",\"name\":\"Le r\u00e9seau ZEN&amp;BIO\",\"description\":\"Profitez du savoir-faire des salons ZEN&amp;BIO\",\"publisher\":{\"@id\":\"https:\\\/\\\/www.salon-zenetbio.com\\\/le-reseau\\\/#organization\"},\"potentialAction\":[{\"@type\":\"SearchAction\",\"target\":{\"@type\":\"EntryPoint\",\"urlTemplate\":\"https:\\\/\\\/www.salon-zenetbio.com\\\/le-reseau\\\/?s={search_term_string}\"},\"query-input\":{\"@type\":\"PropertyValueSpecification\",\"valueRequired\":true,\"valueName\":\"search_term_string\"}}],\"inLanguage\":\"fr-FR\"},{\"@type\":\"Organization\",\"@id\":\"https:\\\/\\\/www.salon-zenetbio.com\\\/le-reseau\\\/#organization\",\"name\":\"Le r\u00e9seau ZEN&amp;BIO\",\"url\":\"https:\\\/\\\/www.salon-zenetbio.com\\\/le-reseau\\\/\",\"logo\":{\"@type\":\"ImageObject\",\"inLanguage\":\"fr-FR\",\"@id\":\"https:\\\/\\\/www.salon-zenetbio.com\\\/le-reseau\\\/#\\\/schema\\\/logo\\\/image\\\/\",\"url\":\"https:\\\/\\\/www.salon-zenetbio.com\\\/le-reseau\\\/wp-content\\\/uploads\\\/sites\\\/6\\\/2017\\\/05\\\/RESEAU-zen-et-bio-1.jpg\",\"contentUrl\":\"https:\\\/\\\/www.salon-zenetbio.com\\\/le-reseau\\\/wp-content\\\/uploads\\\/sites\\\/6\\\/2017\\\/05\\\/RESEAU-zen-et-bio-1.jpg\",\"width\":210,\"height\":150,\"caption\":\"Le r\u00e9seau ZEN&amp;BIO\"},\"image\":{\"@id\":\"https:\\\/\\\/www.salon-zenetbio.com\\\/le-reseau\\\/#\\\/schema\\\/logo\\\/image\\\/\"}}]}<\/script>\n<!-- \/ Yoast SEO plugin. -->","yoast_head_json":{"title":"Contacts exposants \/ conf\u00e9rences - Le r\u00e9seau ZEN&amp;BIO","robots":{"index":"index","follow":"follow","max-snippet":"max-snippet:-1","max-image-preview":"max-image-preview:large","max-video-preview":"max-video-preview:-1"},"canonical":"https:\/\/www.salon-zenetbio.com\/le-reseau\/exposer\/contacts-exposants\/","og_locale":"fr_FR","og_type":"article","og_title":"Contacts exposants \/ conf\u00e9rences - Le r\u00e9seau ZEN&amp;BIO","og_description":"exposant@salon-zenetbio.com 01 45 56 09 09 Chef de projets salons Benjamin COSTIOU 01.77.37.63.38 bcostiou@spas-expo.com Attach\u00e9 commercial S\u00e9verin RIBEIRO 01.77.37.63.44 sribeiro@spas-expo.com Attach\u00e9 commercial Antoine ROULIN 01.77.37.66.04 aroulin@spas-expo.com &nbsp; SPAS Organisation 83 rue de Paris 92100 Boulogne Billancourt T\u00e9l. : 01 45 56 09 09 Fax : 01 44 18 99 00 &nbsp;","og_url":"https:\/\/www.salon-zenetbio.com\/le-reseau\/exposer\/contacts-exposants\/","og_site_name":"Le r\u00e9seau ZEN&amp;BIO","article_modified_time":"2026-02-17T15:29:24+00:00","twitter_card":"summary_large_image","twitter_misc":{"Dur\u00e9e de lecture estim\u00e9e":"1 minute"},"schema":{"@context":"https:\/\/schema.org","@graph":[{"@type":"WebPage","@id":"https:\/\/www.salon-zenetbio.com\/le-reseau\/exposer\/contacts-exposants\/","url":"https:\/\/www.salon-zenetbio.com\/le-reseau\/exposer\/contacts-exposants\/","name":"Contacts exposants \/ conf\u00e9rences - Le r\u00e9seau ZEN&amp;BIO","isPartOf":{"@id":"https:\/\/www.salon-zenetbio.com\/le-reseau\/#website"},"datePublished":"2017-01-24T13:17:48+00:00","dateModified":"2026-02-17T15:29:24+00:00","breadcrumb":{"@id":"https:\/\/www.salon-zenetbio.com\/le-reseau\/exposer\/contacts-exposants\/#breadcrumb"},"inLanguage":"fr-FR","potentialAction":[{"@type":"ReadAction","target":["https:\/\/www.salon-zenetbio.com\/le-reseau\/exposer\/contacts-exposants\/"]}]},{"@type":"BreadcrumbList","@id":"https:\/\/www.salon-zenetbio.com\/le-reseau\/exposer\/contacts-exposants\/#breadcrumb","itemListElement":[{"@type":"ListItem","position":1,"name":"Accueil","item":"https:\/\/www.salon-zenetbio.com\/le-reseau\/"},{"@type":"ListItem","position":2,"name":"Exposer sur le salon","item":"https:\/\/www.salon-zenetbio.com\/le-reseau\/exposer\/"},{"@type":"ListItem","position":3,"name":"Contacts exposants \/ conf\u00e9rences"}]},{"@type":"WebSite","@id":"https:\/\/www.salon-zenetbio.com\/le-reseau\/#website","url":"https:\/\/www.salon-zenetbio.com\/le-reseau\/","name":"Le r\u00e9seau ZEN&amp;BIO","description":"Profitez du savoir-faire des salons ZEN&amp;BIO","publisher":{"@id":"https:\/\/www.salon-zenetbio.com\/le-reseau\/#organization"},"potentialAction":[{"@type":"SearchAction","target":{"@type":"EntryPoint","urlTemplate":"https:\/\/www.salon-zenetbio.com\/le-reseau\/?s={search_term_string}"},"query-input":{"@type":"PropertyValueSpecification","valueRequired":true,"valueName":"search_term_string"}}],"inLanguage":"fr-FR"},{"@type":"Organization","@id":"https:\/\/www.salon-zenetbio.com\/le-reseau\/#organization","name":"Le r\u00e9seau ZEN&amp;BIO","url":"https:\/\/www.salon-zenetbio.com\/le-reseau\/","logo":{"@type":"ImageObject","inLanguage":"fr-FR","@id":"https:\/\/www.salon-zenetbio.com\/le-reseau\/#\/schema\/logo\/image\/","url":"https:\/\/www.salon-zenetbio.com\/le-reseau\/wp-content\/uploads\/sites\/6\/2017\/05\/RESEAU-zen-et-bio-1.jpg","contentUrl":"https:\/\/www.salon-zenetbio.com\/le-reseau\/wp-content\/uploads\/sites\/6\/2017\/05\/RESEAU-zen-et-bio-1.jpg","width":210,"height":150,"caption":"Le r\u00e9seau ZEN&amp;BIO"},"image":{"@id":"https:\/\/www.salon-zenetbio.com\/le-reseau\/#\/schema\/logo\/image\/"}}]}},"jetpack_sharing_enabled":true,"jetpack_shortlink":"https:\/\/wp.me\/P9aNoA-Du","_links":{"self":[{"href":"https:\/\/www.salon-zenetbio.com\/le-reseau\/wp-json\/wp\/v2\/pages\/2448","targetHints":{"allow":["GET"]}}],"collection":[{"href":"https:\/\/www.salon-zenetbio.com\/le-reseau\/wp-json\/wp\/v2\/pages"}],"about":[{"href":"https:\/\/www.salon-zenetbio.com\/le-reseau\/wp-json\/wp\/v2\/types\/page"}],"author":[{"embeddable":true,"href":"https:\/\/www.salon-zenetbio.com\/le-reseau\/wp-json\/wp\/v2\/users\/1"}],"replies":[{"embeddable":true,"href":"https:\/\/www.salon-zenetbio.com\/le-reseau\/wp-json\/wp\/v2\/comments?post=2448"}],"version-history":[{"count":41,"href":"https:\/\/www.salon-zenetbio.com\/le-reseau\/wp-json\/wp\/v2\/pages\/2448\/revisions"}],"predecessor-version":[{"id":5671,"href":"https:\/\/www.salon-zenetbio.com\/le-reseau\/wp-json\/wp\/v2\/pages\/2448\/revisions\/5671"}],"up":[{"embeddable":true,"href":"https:\/\/www.salon-zenetbio.com\/le-reseau\/wp-json\/wp\/v2\/pages\/2087"}],"wp:attachment":[{"href":"https:\/\/www.salon-zenetbio.com\/le-reseau\/wp-json\/wp\/v2\/media?parent=2448"}],"curies":[{"name":"wp","href":"https:\/\/api.w.org\/{rel}","templated":true}]}}