{"id":3486,"date":"2017-02-23T16:26:43","date_gmt":"2017-02-23T15:26:43","guid":{"rendered":"http:\/\/localhost:8888\/zen-et-bio\/?page_id=3486"},"modified":"2026-01-20T11:20:14","modified_gmt":"2026-01-20T10:20:14","slug":"le-reseau-zen-bio-2","status":"publish","type":"page","link":"https:\/\/www.salon-zenetbio.com\/le-reseau\/exposer\/le-reseau-zen-bio-2\/","title":{"rendered":"Le R\u00e9seau Zen &#038; Bio"},"content":{"rendered":"<h2>Le R\u00e9seau Zen &amp; Bio, le plus grand regroupement de salons bio et bien-\u00eatre en France.<\/h2>\n<p><b>Le R\u00e9seau Zen &amp; Bio, <\/b>plus grand r\u00e9seau de salons bio &amp; bien-\u00eatre en France, rassemble 6 \u00e9v\u00e9nements install\u00e9s durablement au sein des r\u00e9gions, devenus des rendez-vous annuels attendus par un public local et fid\u00e8le en qu\u00eate de modes de vie plus sain et de solutions de bien-\u00eatre au naturel.<\/p>\n<p>Il garantit de rencontrer des exposants tri\u00e9s sur le volet et des professionnels s\u00e9lectionn\u00e9s pour leurs produits garantis biologiques, des cosm\u00e9tiques naturelles et des services de qualit\u00e9.<br \/>\nAlimentation &amp; vins bio, mode &amp; artisanat, tourisme, beaut\u00e9 &amp; bien-\u00eatre, d\u00e9veloppement personnel, habitat sain, etc.\u00a0<\/p>\n<h2>Le R\u00e9seau Zen &amp; Bio c&rsquo;est :<\/h2>\n<ul>\n<li style=\"text-align: justify;\"><span style=\"color: #59a832;\"><strong>Des exposants tri\u00e9s sur le volet et des professionnels s\u00e9lectionn\u00e9s<\/strong><\/span> qui fournissent des produits garantis biologiques, des cosm\u00e9tiques naturelles et des services \u00e9thiques.<\/li>\n<li style=\"text-align: justify;\"><span style=\"color: #59a832;\"><strong>Une charte de s\u00e9lection rigoureuse\u00a0: <\/strong><\/span>pour garantir \u00e0 tous les visiteurs des produits bio, naturels et des services de qualit\u00e9s. <a href=\"https:\/\/www.salon-zenetbio.com\/le-reseau\/les-salons-zen-bio\/charte-de-selection-des-salons-zen-bio\/\" target=\"_blank\" rel=\"noopener noreferrer\"><em>Consulter la charte<\/em><\/a><\/li>\n<li style=\"text-align: justify;\"><span style=\"color: #59a832;\"><strong>Des secteurs vari\u00e9s\u00a0:<\/strong><\/span> alimentation et vin bio, mode et artisanat, habitat sain, environnement, beaut\u00e9, sant\u00e9, bien-\u00eatre, d\u00e9veloppement personnel, m\u00e9decine douce etc.<\/li>\n<li style=\"text-align: justify;\"><span style=\"color: #59a832;\"><strong>Un ancrage local fort :<\/strong> <\/span>avec la pr\u00e9sence de producteurs de la r\u00e9gion : march\u00e9 bio, entreprises et magasins locaux, des partenariats avec la presse locale, le soutien des communes des commer\u00e7ants et des institutionnels locaux.<\/li>\n<li style=\"text-align: justify;\"><span style=\"color: #59a832;\"><strong>Un public cibl\u00e9 et acheteur :<\/strong><\/span> toute une communaut\u00e9 d\u2019\u00e9co-citoyens engag\u00e9s et des nouveaux consommateurs \u00e0 la recherche de solutions durables et d\u2019une consommation responsable.<\/li>\n<li style=\"text-align: justify;\"><span style=\"color: #59a832;\"><strong>Un programme d\u2019animation complet et interactif : <\/strong><\/span>pour proposer aux visiteurs de pousser la r\u00e9flexion plus loin en assistant \u00e0 des conf\u00e9rences anim\u00e9es par des experts de la bio et du bien-\u00eatre, pour d\u00e9couvrir de nouvelles pratiques en participants aux ateliers, ou encore mettre la main \u00e0 la p\u00e2te pour faire soi-m\u00eame&#8230;<\/li>\n<\/ul>\n<p><em>Communiqu\u00e9 de presse : <a href=\"https:\/\/www.salon-zenetbio.com\/le-reseau\/wp-content\/uploads\/sites\/6\/2026\/01\/Zenbio-reseau-2026-E4.pdf\" target=\"_blank\" rel=\"noopener\">Les salons du R\u00e9seau Zen&amp;Bio reviennent partout en France en 2026<\/a><\/em><\/p>\n<h2>Les salons du R\u00e9seau Zen &amp; Bio\u00a0:<\/h2>\n<ul>\n<li style=\"text-align: justify;\"><a href=\"https:\/\/www.salon-artemisia.com\/\" target=\"_blank\" rel=\"noopener noreferrer\">Artemisia Marseille<\/a><\/li>\n<li style=\"text-align: justify;\"><a href=\"https:\/\/www.salon-naturabio.com\/\" target=\"_blank\" rel=\"noopener noreferrer\">NaturaBio Lille<\/a><\/li>\n<li style=\"text-align: justify;\">Zen &amp; Bio <a href=\"https:\/\/www.salon-zenetbio.com\/nantes\/\" target=\"_blank\" rel=\"noopener noreferrer\">Nantes<\/a>, <a href=\"https:\/\/www.salon-zenetbio.com\/lyon\" target=\"_blank\" rel=\"noopener noreferrer\">Lyon <\/a>et <a href=\"https:\/\/www.salon-zenetbio.com\/angers\/\" target=\"_blank\" rel=\"noopener noreferrer\">Angers<\/a><\/li>\n<li style=\"text-align: justify;\">Respire La Vie <a href=\"https:\/\/www.respirelavie.fr\/rennes\/\" target=\"_blank\" rel=\"noopener noreferrer\">Rennes<\/a>\u00a0<\/li>\n<\/ul>\n<hr \/>\n<p style=\"text-align: justify;\"><a href=\"https:\/\/www.spas-expo.com\/\" target=\"_blank\" rel=\"noopener noreferrer\">SPAS Organisation<\/a>, sp\u00e9cialiste des salons d\u00e9di\u00e9s au bio et au bien \u00eatre regroupe tous ces salons sous l\u2019\u00e9tendard du R\u00e9seau Zen &amp; Bio.<\/p>\n<p style=\"text-align: justify;\">En s\u2019appuyant sur plus de 30 ans d\u2019expertise dans l\u2019organisation d\u2019\u00e9v\u00e9nements dans ce domaine et d\u2019une connaissance du tissu r\u00e9gional, SPAS Organisation met \u00e0 l\u2019honneur des valeurs \u00e9thiques, une m\u00eame charte de s\u00e9lection des exposants exigeante et commune \u00e0 l\u2019ensemble des \u00e9v\u00e9nements.<\/p>\n","protected":false},"excerpt":{"rendered":"<p>Le R\u00e9seau Zen &amp; Bio, le plus grand regroupement de salons bio et bien-\u00eatre en France. Le R\u00e9seau Zen &amp; Bio, plus grand r\u00e9seau de salons bio &amp; bien-\u00eatre en France, rassemble 6 \u00e9v\u00e9nements install\u00e9s durablement au sein des r\u00e9gions, devenus des rendez-vous annuels attendus par un public local et fid\u00e8le en qu\u00eate de modes&hellip; <\/p>\n","protected":false},"author":1,"featured_media":0,"parent":2087,"menu_order":6,"comment_status":"closed","ping_status":"closed","template":"","meta":{"_monsterinsights_skip_tracking":false,"_monsterinsights_sitenote_active":false,"_monsterinsights_sitenote_note":"","_monsterinsights_sitenote_category":0,"jetpack_post_was_ever_published":false,"footnotes":""},"class_list":["post-3486","page","type-page","status-publish","hentry"],"yoast_head":"<!-- This site is optimized with the Yoast SEO plugin v27.3 - https:\/\/yoast.com\/product\/yoast-seo-wordpress\/ -->\n<title>Le R\u00e9seau Zen &amp; Bio - Le r\u00e9seau ZEN&amp;BIO<\/title>\n<meta name=\"robots\" content=\"index, follow, max-snippet:-1, max-image-preview:large, max-video-preview:-1\" \/>\n<link rel=\"canonical\" href=\"https:\/\/www.salon-zenetbio.com\/le-reseau\/exposer\/le-reseau-zen-bio-2\/\" \/>\n<meta property=\"og:locale\" content=\"fr_FR\" \/>\n<meta property=\"og:type\" content=\"article\" \/>\n<meta property=\"og:title\" content=\"Le R\u00e9seau Zen &amp; Bio - Le r\u00e9seau ZEN&amp;BIO\" \/>\n<meta property=\"og:description\" content=\"Le R\u00e9seau Zen &amp; Bio, le plus grand regroupement de salons bio et bien-\u00eatre en France. Le R\u00e9seau Zen &amp; Bio, plus grand r\u00e9seau de salons bio &amp; bien-\u00eatre en France, rassemble 6 \u00e9v\u00e9nements install\u00e9s durablement au sein des r\u00e9gions, devenus des rendez-vous annuels attendus par un public local et fid\u00e8le en qu\u00eate de modes&hellip;\" \/>\n<meta property=\"og:url\" content=\"https:\/\/www.salon-zenetbio.com\/le-reseau\/exposer\/le-reseau-zen-bio-2\/\" \/>\n<meta property=\"og:site_name\" content=\"Le r\u00e9seau ZEN&amp;BIO\" \/>\n<meta property=\"article:modified_time\" content=\"2026-01-20T10:20:14+00:00\" \/>\n<meta name=\"twitter:card\" content=\"summary_large_image\" \/>\n<meta name=\"twitter:label1\" content=\"Dur\u00e9e de lecture estim\u00e9e\" \/>\n\t<meta name=\"twitter:data1\" content=\"2 minutes\" \/>\n<script type=\"application\/ld+json\" class=\"yoast-schema-graph\">{\"@context\":\"https:\\\/\\\/schema.org\",\"@graph\":[{\"@type\":\"WebPage\",\"@id\":\"https:\\\/\\\/www.salon-zenetbio.com\\\/le-reseau\\\/exposer\\\/le-reseau-zen-bio-2\\\/\",\"url\":\"https:\\\/\\\/www.salon-zenetbio.com\\\/le-reseau\\\/exposer\\\/le-reseau-zen-bio-2\\\/\",\"name\":\"Le R\u00e9seau Zen & Bio - Le r\u00e9seau ZEN&amp;BIO\",\"isPartOf\":{\"@id\":\"https:\\\/\\\/www.salon-zenetbio.com\\\/le-reseau\\\/#website\"},\"datePublished\":\"2017-02-23T15:26:43+00:00\",\"dateModified\":\"2026-01-20T10:20:14+00:00\",\"breadcrumb\":{\"@id\":\"https:\\\/\\\/www.salon-zenetbio.com\\\/le-reseau\\\/exposer\\\/le-reseau-zen-bio-2\\\/#breadcrumb\"},\"inLanguage\":\"fr-FR\",\"potentialAction\":[{\"@type\":\"ReadAction\",\"target\":[\"https:\\\/\\\/www.salon-zenetbio.com\\\/le-reseau\\\/exposer\\\/le-reseau-zen-bio-2\\\/\"]}]},{\"@type\":\"BreadcrumbList\",\"@id\":\"https:\\\/\\\/www.salon-zenetbio.com\\\/le-reseau\\\/exposer\\\/le-reseau-zen-bio-2\\\/#breadcrumb\",\"itemListElement\":[{\"@type\":\"ListItem\",\"position\":1,\"name\":\"Accueil\",\"item\":\"https:\\\/\\\/www.salon-zenetbio.com\\\/le-reseau\\\/\"},{\"@type\":\"ListItem\",\"position\":2,\"name\":\"Exposer sur le salon\",\"item\":\"https:\\\/\\\/www.salon-zenetbio.com\\\/le-reseau\\\/exposer\\\/\"},{\"@type\":\"ListItem\",\"position\":3,\"name\":\"Le R\u00e9seau Zen &#038; Bio\"}]},{\"@type\":\"WebSite\",\"@id\":\"https:\\\/\\\/www.salon-zenetbio.com\\\/le-reseau\\\/#website\",\"url\":\"https:\\\/\\\/www.salon-zenetbio.com\\\/le-reseau\\\/\",\"name\":\"Le r\u00e9seau ZEN&amp;BIO\",\"description\":\"Profitez du savoir-faire des salons ZEN&amp;BIO\",\"publisher\":{\"@id\":\"https:\\\/\\\/www.salon-zenetbio.com\\\/le-reseau\\\/#organization\"},\"potentialAction\":[{\"@type\":\"SearchAction\",\"target\":{\"@type\":\"EntryPoint\",\"urlTemplate\":\"https:\\\/\\\/www.salon-zenetbio.com\\\/le-reseau\\\/?s={search_term_string}\"},\"query-input\":{\"@type\":\"PropertyValueSpecification\",\"valueRequired\":true,\"valueName\":\"search_term_string\"}}],\"inLanguage\":\"fr-FR\"},{\"@type\":\"Organization\",\"@id\":\"https:\\\/\\\/www.salon-zenetbio.com\\\/le-reseau\\\/#organization\",\"name\":\"Le r\u00e9seau ZEN&amp;BIO\",\"url\":\"https:\\\/\\\/www.salon-zenetbio.com\\\/le-reseau\\\/\",\"logo\":{\"@type\":\"ImageObject\",\"inLanguage\":\"fr-FR\",\"@id\":\"https:\\\/\\\/www.salon-zenetbio.com\\\/le-reseau\\\/#\\\/schema\\\/logo\\\/image\\\/\",\"url\":\"https:\\\/\\\/www.salon-zenetbio.com\\\/le-reseau\\\/wp-content\\\/uploads\\\/sites\\\/6\\\/2017\\\/05\\\/RESEAU-zen-et-bio-1.jpg\",\"contentUrl\":\"https:\\\/\\\/www.salon-zenetbio.com\\\/le-reseau\\\/wp-content\\\/uploads\\\/sites\\\/6\\\/2017\\\/05\\\/RESEAU-zen-et-bio-1.jpg\",\"width\":210,\"height\":150,\"caption\":\"Le r\u00e9seau ZEN&amp;BIO\"},\"image\":{\"@id\":\"https:\\\/\\\/www.salon-zenetbio.com\\\/le-reseau\\\/#\\\/schema\\\/logo\\\/image\\\/\"}}]}<\/script>\n<!-- \/ Yoast SEO plugin. -->","yoast_head_json":{"title":"Le R\u00e9seau Zen & Bio - Le r\u00e9seau ZEN&amp;BIO","robots":{"index":"index","follow":"follow","max-snippet":"max-snippet:-1","max-image-preview":"max-image-preview:large","max-video-preview":"max-video-preview:-1"},"canonical":"https:\/\/www.salon-zenetbio.com\/le-reseau\/exposer\/le-reseau-zen-bio-2\/","og_locale":"fr_FR","og_type":"article","og_title":"Le R\u00e9seau Zen & Bio - Le r\u00e9seau ZEN&amp;BIO","og_description":"Le R\u00e9seau Zen &amp; Bio, le plus grand regroupement de salons bio et bien-\u00eatre en France. Le R\u00e9seau Zen &amp; Bio, plus grand r\u00e9seau de salons bio &amp; bien-\u00eatre en France, rassemble 6 \u00e9v\u00e9nements install\u00e9s durablement au sein des r\u00e9gions, devenus des rendez-vous annuels attendus par un public local et fid\u00e8le en qu\u00eate de modes&hellip;","og_url":"https:\/\/www.salon-zenetbio.com\/le-reseau\/exposer\/le-reseau-zen-bio-2\/","og_site_name":"Le r\u00e9seau ZEN&amp;BIO","article_modified_time":"2026-01-20T10:20:14+00:00","twitter_card":"summary_large_image","twitter_misc":{"Dur\u00e9e de lecture estim\u00e9e":"2 minutes"},"schema":{"@context":"https:\/\/schema.org","@graph":[{"@type":"WebPage","@id":"https:\/\/www.salon-zenetbio.com\/le-reseau\/exposer\/le-reseau-zen-bio-2\/","url":"https:\/\/www.salon-zenetbio.com\/le-reseau\/exposer\/le-reseau-zen-bio-2\/","name":"Le R\u00e9seau Zen & Bio - Le r\u00e9seau ZEN&amp;BIO","isPartOf":{"@id":"https:\/\/www.salon-zenetbio.com\/le-reseau\/#website"},"datePublished":"2017-02-23T15:26:43+00:00","dateModified":"2026-01-20T10:20:14+00:00","breadcrumb":{"@id":"https:\/\/www.salon-zenetbio.com\/le-reseau\/exposer\/le-reseau-zen-bio-2\/#breadcrumb"},"inLanguage":"fr-FR","potentialAction":[{"@type":"ReadAction","target":["https:\/\/www.salon-zenetbio.com\/le-reseau\/exposer\/le-reseau-zen-bio-2\/"]}]},{"@type":"BreadcrumbList","@id":"https:\/\/www.salon-zenetbio.com\/le-reseau\/exposer\/le-reseau-zen-bio-2\/#breadcrumb","itemListElement":[{"@type":"ListItem","position":1,"name":"Accueil","item":"https:\/\/www.salon-zenetbio.com\/le-reseau\/"},{"@type":"ListItem","position":2,"name":"Exposer sur le salon","item":"https:\/\/www.salon-zenetbio.com\/le-reseau\/exposer\/"},{"@type":"ListItem","position":3,"name":"Le R\u00e9seau Zen &#038; Bio"}]},{"@type":"WebSite","@id":"https:\/\/www.salon-zenetbio.com\/le-reseau\/#website","url":"https:\/\/www.salon-zenetbio.com\/le-reseau\/","name":"Le r\u00e9seau ZEN&amp;BIO","description":"Profitez du savoir-faire des salons ZEN&amp;BIO","publisher":{"@id":"https:\/\/www.salon-zenetbio.com\/le-reseau\/#organization"},"potentialAction":[{"@type":"SearchAction","target":{"@type":"EntryPoint","urlTemplate":"https:\/\/www.salon-zenetbio.com\/le-reseau\/?s={search_term_string}"},"query-input":{"@type":"PropertyValueSpecification","valueRequired":true,"valueName":"search_term_string"}}],"inLanguage":"fr-FR"},{"@type":"Organization","@id":"https:\/\/www.salon-zenetbio.com\/le-reseau\/#organization","name":"Le r\u00e9seau ZEN&amp;BIO","url":"https:\/\/www.salon-zenetbio.com\/le-reseau\/","logo":{"@type":"ImageObject","inLanguage":"fr-FR","@id":"https:\/\/www.salon-zenetbio.com\/le-reseau\/#\/schema\/logo\/image\/","url":"https:\/\/www.salon-zenetbio.com\/le-reseau\/wp-content\/uploads\/sites\/6\/2017\/05\/RESEAU-zen-et-bio-1.jpg","contentUrl":"https:\/\/www.salon-zenetbio.com\/le-reseau\/wp-content\/uploads\/sites\/6\/2017\/05\/RESEAU-zen-et-bio-1.jpg","width":210,"height":150,"caption":"Le r\u00e9seau ZEN&amp;BIO"},"image":{"@id":"https:\/\/www.salon-zenetbio.com\/le-reseau\/#\/schema\/logo\/image\/"}}]}},"jetpack_sharing_enabled":true,"jetpack_shortlink":"https:\/\/wp.me\/P9aNoA-Ue","_links":{"self":[{"href":"https:\/\/www.salon-zenetbio.com\/le-reseau\/wp-json\/wp\/v2\/pages\/3486","targetHints":{"allow":["GET"]}}],"collection":[{"href":"https:\/\/www.salon-zenetbio.com\/le-reseau\/wp-json\/wp\/v2\/pages"}],"about":[{"href":"https:\/\/www.salon-zenetbio.com\/le-reseau\/wp-json\/wp\/v2\/types\/page"}],"author":[{"embeddable":true,"href":"https:\/\/www.salon-zenetbio.com\/le-reseau\/wp-json\/wp\/v2\/users\/1"}],"replies":[{"embeddable":true,"href":"https:\/\/www.salon-zenetbio.com\/le-reseau\/wp-json\/wp\/v2\/comments?post=3486"}],"version-history":[{"count":24,"href":"https:\/\/www.salon-zenetbio.com\/le-reseau\/wp-json\/wp\/v2\/pages\/3486\/revisions"}],"predecessor-version":[{"id":5640,"href":"https:\/\/www.salon-zenetbio.com\/le-reseau\/wp-json\/wp\/v2\/pages\/3486\/revisions\/5640"}],"up":[{"embeddable":true,"href":"https:\/\/www.salon-zenetbio.com\/le-reseau\/wp-json\/wp\/v2\/pages\/2087"}],"wp:attachment":[{"href":"https:\/\/www.salon-zenetbio.com\/le-reseau\/wp-json\/wp\/v2\/media?parent=3486"}],"curies":[{"name":"wp","href":"https:\/\/api.w.org\/{rel}","templated":true}]}}