{"id":4136,"date":"2018-07-04T10:28:48","date_gmt":"2018-07-04T08:28:48","guid":{"rendered":"http:\/\/www.salon-zenetbio.com\/le-reseau\/?page_id=4136"},"modified":"2024-03-15T11:39:13","modified_gmt":"2024-03-15T10:39:13","slug":"outils-salon-naturabio-a-lille","status":"publish","type":"page","link":"https:\/\/www.salon-zenetbio.com\/le-reseau\/outils-salon-naturabio-a-lille\/","title":{"rendered":"Outils : Salon Naturabio \u00e0 Lille"},"content":{"rendered":"<p>Retrouvez ici vos outils de communication pour le salon Naturabio : banni\u00e8res, affiches, logos, comptes r\u00e9seaux sociaux.\u00a0<\/p>\n<h3><strong>Le logo du salon<\/strong><\/h3>\n<p>&nbsp;<\/p>\n<table style=\"border-collapse: collapse; width: 100%;\">\n<tbody>\n<tr>\n<td style=\"width: 100%; text-align: center; vertical-align: middle;\"><a href=\"https:\/\/www.salon-zenetbio.com\/le-reseau\/wp-content\/uploads\/sites\/6\/2018\/07\/NATURABIO_baseline.jpg\" target=\"_blank\" rel=\"noopener\">Le logo<\/a><\/td>\n<\/tr>\n<tr>\n<td style=\"width: 100%; text-align: center; vertical-align: middle;\"><a href=\"https:\/\/www.salon-zenetbio.com\/le-reseau\/wp-content\/uploads\/sites\/6\/2018\/07\/NATURABIO_baseline.jpg\" target=\"_blank\" rel=\"noopener noreferrer\"><img decoding=\"async\" class=\"wp-image-4145 aligncenter\" src=\"https:\/\/www.salon-zenetbio.com\/le-reseau\/wp-content\/uploads\/sites\/6\/2018\/07\/NATURABIO_baseline.jpg\" sizes=\"(max-width: 276px) 100vw, 276px\" srcset=\"https:\/\/www.salon-zenetbio.com\/le-reseau\/wp-content\/uploads\/sites\/6\/2018\/07\/NATURABIO_baseline.jpg 2143w, https:\/\/www.salon-zenetbio.com\/le-reseau\/wp-content\/uploads\/sites\/6\/2018\/07\/NATURABIO_baseline-300x92.jpg 300w, https:\/\/www.salon-zenetbio.com\/le-reseau\/wp-content\/uploads\/sites\/6\/2018\/07\/NATURABIO_baseline-768x236.jpg 768w, https:\/\/www.salon-zenetbio.com\/le-reseau\/wp-content\/uploads\/sites\/6\/2018\/07\/NATURABIO_baseline-1024x315.jpg 1024w\" alt=\"\" width=\"276\" height=\"85\" \/><\/a><\/td>\n<\/tr>\n<\/tbody>\n<\/table>\n<p>&nbsp;<\/p>\n<h3><strong>Les affichages du salon<\/strong><\/h3>\n<p>Affiche A4<\/p>\n<p>&nbsp;<\/p>\n<p>&nbsp;<\/p>\n<p>&nbsp;<\/p>\n<p>&nbsp;<\/p>\n<h3><strong>Les banni\u00e8res du salon<\/strong><\/h3>\n<table style=\"border-collapse: collapse; width: 100%; height: 634px;\">\n<tbody>\n<tr style=\"height: 28px;\">\n<td style=\"width: 50%; height: 28px; text-align: center;\">Banni\u00e8re emailing<\/td>\n<td style=\"width: 50%; height: 28px; text-align: center;\">Banni\u00e8re r\u00e9seaux sociaux<\/td>\n<\/tr>\n<tr style=\"height: 148px;\">\n<td style=\"width: 50%; height: 148px; text-align: center;\">\u00a0<\/td>\n<td style=\"width: 50%; height: 148px; text-align: center;\">\u00a0<\/td>\n<\/tr>\n<tr style=\"height: 28px;\">\n<td style=\"width: 50%; height: 28px; text-align: center;\">\u00a0<\/td>\n<td style=\"width: 50%; height: 28px; text-align: center;\">\u00a0<\/td>\n<\/tr>\n<tr style=\"height: 28px;\">\n<td style=\"width: 50%; height: 28px; text-align: center;\">Banni\u00e8re site internet<\/td>\n<td style=\"width: 50%; height: 28px; text-align: center;\">Banni\u00e8re site internet<\/td>\n<\/tr>\n<tr style=\"height: 300px;\">\n<td style=\"width: 50%; height: 300px; text-align: center;\">\u00a0<\/td>\n<td style=\"width: 50%; height: 300px; text-align: center;\">\u00a0<\/td>\n<\/tr>\n<tr style=\"height: 28px;\">\n<td style=\"width: 50%; height: 28px; text-align: center;\">\u00a0<\/td>\n<td style=\"width: 50%; height: 28px; text-align: center;\">\u00a0<\/td>\n<\/tr>\n<tr style=\"height: 28px;\">\n<td style=\"width: 50%; height: 28px; text-align: center;\">Banni\u00e8re site internet<\/td>\n<td style=\"width: 50%; height: 28px; text-align: center;\">Banni\u00e8re site internet<\/td>\n<\/tr>\n<tr style=\"height: 46px;\">\n<td style=\"width: 50%; height: 46px; text-align: center;\">\u00a0<\/td>\n<td style=\"width: 50%; height: 46px; text-align: center;\">\u00a0<\/td>\n<\/tr>\n<tr>\n<td style=\"width: 50%; text-align: center;\">\u00a0<\/td>\n<td style=\"width: 50%; text-align: center;\">\u00a0<\/td>\n<\/tr>\n<tr>\n<td style=\"width: 50%; text-align: center;\">Banni\u00e8re site internet<\/td>\n<td style=\"width: 50%; text-align: center;\">\u00a0<\/td>\n<\/tr>\n<tr>\n<td style=\"width: 50%; text-align: center;\">\u00a0<\/td>\n<td style=\"width: 50%; text-align: center;\">\u00a0<\/td>\n<\/tr>\n<\/tbody>\n<\/table>\n<p>Retrouvez un petit tutoriel pour savoir comment les ins\u00e9rer \u00e0 vos supports,\u00a0<a href=\"https:\/\/www.salon-zenetbio.com\/le-reseau\/comment-inserer-le-visuel-et-le-lien-sur-vos-supports\/\" target=\"_blank\" rel=\"noopener\">en cliquant ici<\/a>.<\/p>\n<h3><strong>Les r\u00e9seaux sociaux<\/strong><\/h3>\n<p>Retrouvez-nous sur\u00a0<a href=\"https:\/\/www.facebook.com\/salonnaturabio\/\" target=\"_blank\" rel=\"noopener\">Facebook<\/a>\u00a0et\u00a0<a href=\"https:\/\/www.linkedin.com\/showcase\/r%C3%A9seau-zen-bio\/?viewAsMember=true\" target=\"_blank\" rel=\"noopener\">LinkedIn<\/a>\u00a0!<br \/>\n@salonnaturabio<br \/>\n@R\u00e9seau des salons Zen &amp; Bio<\/p>\n<hr \/>\n<h2 style=\"text-align: left;\">CONTACT COMMUNICATION<\/h2>\n<p><strong>H\u00e9lo\u00efse SALGUES<\/strong><br \/>\n01 77 37 63 55<br \/>\nhsalgues@spas-expo.com<\/p>\n","protected":false},"excerpt":{"rendered":"<p>Retrouvez ici vos outils de communication pour le salon Naturabio : banni\u00e8res, affiches, logos, comptes r\u00e9seaux sociaux.\u00a0 Le logo du salon &nbsp; Le logo &nbsp; Les affichages du salon Affiche A4 &nbsp; &nbsp; &nbsp; &nbsp; Les banni\u00e8res du salon Banni\u00e8re emailing Banni\u00e8re r\u00e9seaux sociaux \u00a0 \u00a0 \u00a0 \u00a0 Banni\u00e8re site internet Banni\u00e8re site internet \u00a0&hellip; <\/p>\n","protected":false},"author":1,"featured_media":0,"parent":0,"menu_order":0,"comment_status":"closed","ping_status":"closed","template":"","meta":{"_monsterinsights_skip_tracking":false,"_monsterinsights_sitenote_active":false,"_monsterinsights_sitenote_note":"","_monsterinsights_sitenote_category":0,"jetpack_post_was_ever_published":false,"footnotes":""},"class_list":["post-4136","page","type-page","status-publish","hentry"],"yoast_head":"<!-- This site is optimized with the Yoast SEO plugin v27.3 - https:\/\/yoast.com\/product\/yoast-seo-wordpress\/ -->\n<title>Outils : Salon Naturabio \u00e0 Lille - Le r\u00e9seau ZEN&amp;BIO<\/title>\n<meta name=\"robots\" content=\"index, follow, max-snippet:-1, max-image-preview:large, max-video-preview:-1\" \/>\n<link rel=\"canonical\" href=\"https:\/\/www.salon-zenetbio.com\/le-reseau\/outils-salon-naturabio-a-lille\/\" \/>\n<meta property=\"og:locale\" content=\"fr_FR\" \/>\n<meta property=\"og:type\" content=\"article\" \/>\n<meta property=\"og:title\" content=\"Outils : Salon Naturabio \u00e0 Lille - Le r\u00e9seau ZEN&amp;BIO\" \/>\n<meta property=\"og:description\" content=\"Retrouvez ici vos outils de communication pour le salon Naturabio : banni\u00e8res, affiches, logos, comptes r\u00e9seaux sociaux.\u00a0 Le logo du salon &nbsp; Le logo &nbsp; Les affichages du salon Affiche A4 &nbsp; &nbsp; &nbsp; &nbsp; Les banni\u00e8res du salon Banni\u00e8re emailing Banni\u00e8re r\u00e9seaux sociaux \u00a0 \u00a0 \u00a0 \u00a0 Banni\u00e8re site internet Banni\u00e8re site internet \u00a0&hellip;\" \/>\n<meta property=\"og:url\" content=\"https:\/\/www.salon-zenetbio.com\/le-reseau\/outils-salon-naturabio-a-lille\/\" \/>\n<meta property=\"og:site_name\" content=\"Le r\u00e9seau ZEN&amp;BIO\" \/>\n<meta property=\"article:modified_time\" content=\"2024-03-15T10:39:13+00:00\" \/>\n<meta property=\"og:image\" content=\"https:\/\/www.salon-zenetbio.com\/le-reseau\/wp-content\/uploads\/sites\/6\/2018\/07\/NATURABIO_baseline.jpg\" \/>\n<meta name=\"twitter:card\" content=\"summary_large_image\" \/>\n<meta name=\"twitter:label1\" content=\"Dur\u00e9e de lecture estim\u00e9e\" \/>\n\t<meta name=\"twitter:data1\" content=\"1 minute\" \/>\n<script type=\"application\/ld+json\" class=\"yoast-schema-graph\">{\"@context\":\"https:\\\/\\\/schema.org\",\"@graph\":[{\"@type\":\"WebPage\",\"@id\":\"https:\\\/\\\/www.salon-zenetbio.com\\\/le-reseau\\\/outils-salon-naturabio-a-lille\\\/\",\"url\":\"https:\\\/\\\/www.salon-zenetbio.com\\\/le-reseau\\\/outils-salon-naturabio-a-lille\\\/\",\"name\":\"Outils : Salon Naturabio \u00e0 Lille - Le r\u00e9seau ZEN&amp;BIO\",\"isPartOf\":{\"@id\":\"https:\\\/\\\/www.salon-zenetbio.com\\\/le-reseau\\\/#website\"},\"primaryImageOfPage\":{\"@id\":\"https:\\\/\\\/www.salon-zenetbio.com\\\/le-reseau\\\/outils-salon-naturabio-a-lille\\\/#primaryimage\"},\"image\":{\"@id\":\"https:\\\/\\\/www.salon-zenetbio.com\\\/le-reseau\\\/outils-salon-naturabio-a-lille\\\/#primaryimage\"},\"thumbnailUrl\":\"https:\\\/\\\/www.salon-zenetbio.com\\\/le-reseau\\\/wp-content\\\/uploads\\\/sites\\\/6\\\/2018\\\/07\\\/NATURABIO_baseline.jpg\",\"datePublished\":\"2018-07-04T08:28:48+00:00\",\"dateModified\":\"2024-03-15T10:39:13+00:00\",\"breadcrumb\":{\"@id\":\"https:\\\/\\\/www.salon-zenetbio.com\\\/le-reseau\\\/outils-salon-naturabio-a-lille\\\/#breadcrumb\"},\"inLanguage\":\"fr-FR\",\"potentialAction\":[{\"@type\":\"ReadAction\",\"target\":[\"https:\\\/\\\/www.salon-zenetbio.com\\\/le-reseau\\\/outils-salon-naturabio-a-lille\\\/\"]}]},{\"@type\":\"ImageObject\",\"inLanguage\":\"fr-FR\",\"@id\":\"https:\\\/\\\/www.salon-zenetbio.com\\\/le-reseau\\\/outils-salon-naturabio-a-lille\\\/#primaryimage\",\"url\":\"https:\\\/\\\/www.salon-zenetbio.com\\\/le-reseau\\\/wp-content\\\/uploads\\\/sites\\\/6\\\/2018\\\/07\\\/NATURABIO_baseline.jpg\",\"contentUrl\":\"https:\\\/\\\/www.salon-zenetbio.com\\\/le-reseau\\\/wp-content\\\/uploads\\\/sites\\\/6\\\/2018\\\/07\\\/NATURABIO_baseline.jpg\",\"width\":2143,\"height\":659},{\"@type\":\"BreadcrumbList\",\"@id\":\"https:\\\/\\\/www.salon-zenetbio.com\\\/le-reseau\\\/outils-salon-naturabio-a-lille\\\/#breadcrumb\",\"itemListElement\":[{\"@type\":\"ListItem\",\"position\":1,\"name\":\"Accueil\",\"item\":\"https:\\\/\\\/www.salon-zenetbio.com\\\/le-reseau\\\/\"},{\"@type\":\"ListItem\",\"position\":2,\"name\":\"Outils : Salon Naturabio \u00e0 Lille\"}]},{\"@type\":\"WebSite\",\"@id\":\"https:\\\/\\\/www.salon-zenetbio.com\\\/le-reseau\\\/#website\",\"url\":\"https:\\\/\\\/www.salon-zenetbio.com\\\/le-reseau\\\/\",\"name\":\"Le r\u00e9seau ZEN&amp;BIO\",\"description\":\"Profitez du savoir-faire des salons ZEN&amp;BIO\",\"publisher\":{\"@id\":\"https:\\\/\\\/www.salon-zenetbio.com\\\/le-reseau\\\/#organization\"},\"potentialAction\":[{\"@type\":\"SearchAction\",\"target\":{\"@type\":\"EntryPoint\",\"urlTemplate\":\"https:\\\/\\\/www.salon-zenetbio.com\\\/le-reseau\\\/?s={search_term_string}\"},\"query-input\":{\"@type\":\"PropertyValueSpecification\",\"valueRequired\":true,\"valueName\":\"search_term_string\"}}],\"inLanguage\":\"fr-FR\"},{\"@type\":\"Organization\",\"@id\":\"https:\\\/\\\/www.salon-zenetbio.com\\\/le-reseau\\\/#organization\",\"name\":\"Le r\u00e9seau ZEN&amp;BIO\",\"url\":\"https:\\\/\\\/www.salon-zenetbio.com\\\/le-reseau\\\/\",\"logo\":{\"@type\":\"ImageObject\",\"inLanguage\":\"fr-FR\",\"@id\":\"https:\\\/\\\/www.salon-zenetbio.com\\\/le-reseau\\\/#\\\/schema\\\/logo\\\/image\\\/\",\"url\":\"https:\\\/\\\/www.salon-zenetbio.com\\\/le-reseau\\\/wp-content\\\/uploads\\\/sites\\\/6\\\/2017\\\/05\\\/RESEAU-zen-et-bio-1.jpg\",\"contentUrl\":\"https:\\\/\\\/www.salon-zenetbio.com\\\/le-reseau\\\/wp-content\\\/uploads\\\/sites\\\/6\\\/2017\\\/05\\\/RESEAU-zen-et-bio-1.jpg\",\"width\":210,\"height\":150,\"caption\":\"Le r\u00e9seau ZEN&amp;BIO\"},\"image\":{\"@id\":\"https:\\\/\\\/www.salon-zenetbio.com\\\/le-reseau\\\/#\\\/schema\\\/logo\\\/image\\\/\"}}]}<\/script>\n<!-- \/ Yoast SEO plugin. -->","yoast_head_json":{"title":"Outils : Salon Naturabio \u00e0 Lille - Le r\u00e9seau ZEN&amp;BIO","robots":{"index":"index","follow":"follow","max-snippet":"max-snippet:-1","max-image-preview":"max-image-preview:large","max-video-preview":"max-video-preview:-1"},"canonical":"https:\/\/www.salon-zenetbio.com\/le-reseau\/outils-salon-naturabio-a-lille\/","og_locale":"fr_FR","og_type":"article","og_title":"Outils : Salon Naturabio \u00e0 Lille - Le r\u00e9seau ZEN&amp;BIO","og_description":"Retrouvez ici vos outils de communication pour le salon Naturabio : banni\u00e8res, affiches, logos, comptes r\u00e9seaux sociaux.\u00a0 Le logo du salon &nbsp; Le logo &nbsp; Les affichages du salon Affiche A4 &nbsp; &nbsp; &nbsp; &nbsp; Les banni\u00e8res du salon Banni\u00e8re emailing Banni\u00e8re r\u00e9seaux sociaux \u00a0 \u00a0 \u00a0 \u00a0 Banni\u00e8re site internet Banni\u00e8re site internet \u00a0&hellip;","og_url":"https:\/\/www.salon-zenetbio.com\/le-reseau\/outils-salon-naturabio-a-lille\/","og_site_name":"Le r\u00e9seau ZEN&amp;BIO","article_modified_time":"2024-03-15T10:39:13+00:00","og_image":[{"url":"https:\/\/www.salon-zenetbio.com\/le-reseau\/wp-content\/uploads\/sites\/6\/2018\/07\/NATURABIO_baseline.jpg","type":"","width":"","height":""}],"twitter_card":"summary_large_image","twitter_misc":{"Dur\u00e9e de lecture estim\u00e9e":"1 minute"},"schema":{"@context":"https:\/\/schema.org","@graph":[{"@type":"WebPage","@id":"https:\/\/www.salon-zenetbio.com\/le-reseau\/outils-salon-naturabio-a-lille\/","url":"https:\/\/www.salon-zenetbio.com\/le-reseau\/outils-salon-naturabio-a-lille\/","name":"Outils : Salon Naturabio \u00e0 Lille - Le r\u00e9seau ZEN&amp;BIO","isPartOf":{"@id":"https:\/\/www.salon-zenetbio.com\/le-reseau\/#website"},"primaryImageOfPage":{"@id":"https:\/\/www.salon-zenetbio.com\/le-reseau\/outils-salon-naturabio-a-lille\/#primaryimage"},"image":{"@id":"https:\/\/www.salon-zenetbio.com\/le-reseau\/outils-salon-naturabio-a-lille\/#primaryimage"},"thumbnailUrl":"https:\/\/www.salon-zenetbio.com\/le-reseau\/wp-content\/uploads\/sites\/6\/2018\/07\/NATURABIO_baseline.jpg","datePublished":"2018-07-04T08:28:48+00:00","dateModified":"2024-03-15T10:39:13+00:00","breadcrumb":{"@id":"https:\/\/www.salon-zenetbio.com\/le-reseau\/outils-salon-naturabio-a-lille\/#breadcrumb"},"inLanguage":"fr-FR","potentialAction":[{"@type":"ReadAction","target":["https:\/\/www.salon-zenetbio.com\/le-reseau\/outils-salon-naturabio-a-lille\/"]}]},{"@type":"ImageObject","inLanguage":"fr-FR","@id":"https:\/\/www.salon-zenetbio.com\/le-reseau\/outils-salon-naturabio-a-lille\/#primaryimage","url":"https:\/\/www.salon-zenetbio.com\/le-reseau\/wp-content\/uploads\/sites\/6\/2018\/07\/NATURABIO_baseline.jpg","contentUrl":"https:\/\/www.salon-zenetbio.com\/le-reseau\/wp-content\/uploads\/sites\/6\/2018\/07\/NATURABIO_baseline.jpg","width":2143,"height":659},{"@type":"BreadcrumbList","@id":"https:\/\/www.salon-zenetbio.com\/le-reseau\/outils-salon-naturabio-a-lille\/#breadcrumb","itemListElement":[{"@type":"ListItem","position":1,"name":"Accueil","item":"https:\/\/www.salon-zenetbio.com\/le-reseau\/"},{"@type":"ListItem","position":2,"name":"Outils : Salon Naturabio \u00e0 Lille"}]},{"@type":"WebSite","@id":"https:\/\/www.salon-zenetbio.com\/le-reseau\/#website","url":"https:\/\/www.salon-zenetbio.com\/le-reseau\/","name":"Le r\u00e9seau ZEN&amp;BIO","description":"Profitez du savoir-faire des salons ZEN&amp;BIO","publisher":{"@id":"https:\/\/www.salon-zenetbio.com\/le-reseau\/#organization"},"potentialAction":[{"@type":"SearchAction","target":{"@type":"EntryPoint","urlTemplate":"https:\/\/www.salon-zenetbio.com\/le-reseau\/?s={search_term_string}"},"query-input":{"@type":"PropertyValueSpecification","valueRequired":true,"valueName":"search_term_string"}}],"inLanguage":"fr-FR"},{"@type":"Organization","@id":"https:\/\/www.salon-zenetbio.com\/le-reseau\/#organization","name":"Le r\u00e9seau ZEN&amp;BIO","url":"https:\/\/www.salon-zenetbio.com\/le-reseau\/","logo":{"@type":"ImageObject","inLanguage":"fr-FR","@id":"https:\/\/www.salon-zenetbio.com\/le-reseau\/#\/schema\/logo\/image\/","url":"https:\/\/www.salon-zenetbio.com\/le-reseau\/wp-content\/uploads\/sites\/6\/2017\/05\/RESEAU-zen-et-bio-1.jpg","contentUrl":"https:\/\/www.salon-zenetbio.com\/le-reseau\/wp-content\/uploads\/sites\/6\/2017\/05\/RESEAU-zen-et-bio-1.jpg","width":210,"height":150,"caption":"Le r\u00e9seau ZEN&amp;BIO"},"image":{"@id":"https:\/\/www.salon-zenetbio.com\/le-reseau\/#\/schema\/logo\/image\/"}}]}},"jetpack_sharing_enabled":true,"jetpack_shortlink":"https:\/\/wp.me\/P9aNoA-14I","_links":{"self":[{"href":"https:\/\/www.salon-zenetbio.com\/le-reseau\/wp-json\/wp\/v2\/pages\/4136","targetHints":{"allow":["GET"]}}],"collection":[{"href":"https:\/\/www.salon-zenetbio.com\/le-reseau\/wp-json\/wp\/v2\/pages"}],"about":[{"href":"https:\/\/www.salon-zenetbio.com\/le-reseau\/wp-json\/wp\/v2\/types\/page"}],"author":[{"embeddable":true,"href":"https:\/\/www.salon-zenetbio.com\/le-reseau\/wp-json\/wp\/v2\/users\/1"}],"replies":[{"embeddable":true,"href":"https:\/\/www.salon-zenetbio.com\/le-reseau\/wp-json\/wp\/v2\/comments?post=4136"}],"version-history":[{"count":21,"href":"https:\/\/www.salon-zenetbio.com\/le-reseau\/wp-json\/wp\/v2\/pages\/4136\/revisions"}],"predecessor-version":[{"id":5376,"href":"https:\/\/www.salon-zenetbio.com\/le-reseau\/wp-json\/wp\/v2\/pages\/4136\/revisions\/5376"}],"wp:attachment":[{"href":"https:\/\/www.salon-zenetbio.com\/le-reseau\/wp-json\/wp\/v2\/media?parent=4136"}],"curies":[{"name":"wp","href":"https:\/\/api.w.org\/{rel}","templated":true}]}}