{"id":4139,"date":"2018-07-04T10:59:00","date_gmt":"2018-07-04T08:59:00","guid":{"rendered":"http:\/\/www.salon-zenetbio.com\/le-reseau\/?page_id=4139"},"modified":"2024-06-14T15:51:38","modified_gmt":"2024-06-14T13:51:38","slug":"outils-salon-vivez-nature-a-lyon","status":"publish","type":"page","link":"https:\/\/www.salon-zenetbio.com\/le-reseau\/outils-salon-vivez-nature-a-lyon\/","title":{"rendered":"Outils : Salon Zen &amp; Bio \u00e0 Lyon"},"content":{"rendered":"<p>Retrouvez ici vos outils de communication pour l\u2019ensemble du salon ZEN &amp; BIO \u00e0 Lyon : banni\u00e8res, affiches, logos, comptes r\u00e9seaux sociaux.<\/p>\n<h3><strong>Le logo du salon<\/strong><\/h3>\n<p>&nbsp;<\/p>\n<table style=\"border-collapse: collapse; width: 100%;\">\n<tbody>\n<tr>\n<td style=\"width: 100%; text-align: center; vertical-align: middle;\"><a href=\"https:\/\/www.salon-zenetbio.com\/lyon\/wp-content\/uploads\/sites\/12\/2024\/06\/logo-zenetbio-copie.png\" target=\"_blank\" rel=\"noopener\">Le logo<\/a><\/td>\n<\/tr>\n<tr>\n<td style=\"width: 100%; text-align: center; vertical-align: middle;\"><img decoding=\"async\" class=\"alignnone size-medium wp-image-10731\" src=\"https:\/\/www.salon-zenetbio.com\/lyon\/wp-content\/uploads\/sites\/12\/2024\/06\/logo-zenetbio-copie-300x62.png\" alt=\"\" width=\"300\" height=\"62\" \/><\/td>\n<\/tr>\n<\/tbody>\n<\/table>\n<p>&nbsp;<\/p>\n<h3><strong>Les affichages du salon<\/strong><\/h3>\n<p><img fetchpriority=\"high\" decoding=\"async\" class=\"alignnone size-medium wp-image-10732\" src=\"https:\/\/www.salon-zenetbio.com\/lyon\/wp-content\/uploads\/sites\/12\/2024\/06\/Affiche-A4-LYON-24-215x300.png\" alt=\"\" width=\"215\" height=\"300\" \/><\/p>\n<p><a href=\"https:\/\/www.salon-zenetbio.com\/lyon\/wp-content\/uploads\/sites\/12\/2024\/06\/Affiche-A4-LYON-24.pdf\" target=\"_blank\" rel=\"noopener\">Affiche A4<\/a><\/p>\n<p>&nbsp;<\/p>\n<h3><strong>Les banni\u00e8res du salon<\/strong><\/h3>\n<table style=\"border-collapse: collapse; width: 100%; height: 634px;\">\n<tbody>\n<tr>\n<td style=\"width: 100%; text-align: center; vertical-align: middle;\" colspan=\"2\"><a href=\"https:\/\/www.salon-zenetbio.com\/lyon\/wp-content\/uploads\/sites\/12\/2024\/06\/Banniere-ZB-Lyon-1.png\" target=\"_blank\" rel=\"noopener\">Banni\u00e8re Zen&amp;Bio Lyon<\/a><\/td>\n<\/tr>\n<tr>\n<td style=\"text-align: center; vertical-align: middle;\" colspan=\"2\"><img decoding=\"async\" class=\"alignnone wp-image-10739\" src=\"https:\/\/www.salon-zenetbio.com\/lyon\/wp-content\/uploads\/sites\/12\/2024\/06\/Banniere-ZB-Lyon-1-300x103.png\" alt=\"\" width=\"344\" height=\"118\" \/><\/td>\n<\/tr>\n<tr>\n<td style=\"width: 50%; text-align: center; vertical-align: middle;\">\u00a0<\/td>\n<td style=\"width: 50%; text-align: center; vertical-align: middle;\">\u00a0<\/td>\n<\/tr>\n<tr style=\"height: 28px;\">\n<td style=\"width: 50%; height: 28px; text-align: center; vertical-align: middle;\"><a href=\"https:\/\/www.salon-zenetbio.com\/lyon\/wp-content\/uploads\/sites\/12\/2024\/06\/LYON24-BAN-580x300-1.jpg\" target=\"_blank\" rel=\"noopener\">Banni\u00e8re emailing<\/a><\/td>\n<td style=\"width: 50%; height: 28px; text-align: center; vertical-align: middle;\"><a href=\"https:\/\/www.salon-zenetbio.com\/lyon\/wp-content\/uploads\/sites\/12\/2024\/06\/LYON24-BAN-300x250-1.jpg\" target=\"_blank\" rel=\"noopener\">Banni\u00e8re \u00ab\u00a0ici votre entr\u00e9e gratuite\u00a0\u00bb<\/a><\/td>\n<\/tr>\n<tr style=\"height: 148px;\">\n<td style=\"width: 50%; height: 148px; text-align: center; vertical-align: middle;\"><img loading=\"lazy\" decoding=\"async\" class=\"alignnone size-medium wp-image-10735\" src=\"https:\/\/www.salon-zenetbio.com\/lyon\/wp-content\/uploads\/sites\/12\/2024\/06\/LYON24-BAN-580x300-1-300x155.jpg\" alt=\"\" width=\"300\" height=\"155\" \/><\/td>\n<td style=\"width: 50%; height: 148px; text-align: center; vertical-align: middle;\"><img loading=\"lazy\" decoding=\"async\" class=\"alignnone size-full wp-image-10736\" src=\"https:\/\/www.salon-zenetbio.com\/lyon\/wp-content\/uploads\/sites\/12\/2024\/06\/LYON24-BAN-300x250-1.jpg\" alt=\"\" width=\"300\" height=\"250\" \/><\/td>\n<\/tr>\n<tr style=\"height: 28px;\">\n<td style=\"width: 50%; height: 28px; text-align: center; vertical-align: middle;\">\u00a0<\/td>\n<td style=\"width: 50%; height: 28px; text-align: center; vertical-align: middle;\">\u00a0<\/td>\n<\/tr>\n<tr style=\"height: 28px;\">\n<td style=\"width: 50%; height: 28px; text-align: center; vertical-align: middle;\"><a href=\"https:\/\/www.salon-zenetbio.com\/lyon\/wp-content\/uploads\/sites\/12\/2024\/06\/LYON-BAN-300x600-CTA.jpg\" target=\"_blank\" rel=\"noopener\">Banni\u00e8re \u00ab\u00a0ici votre entr\u00e9e gratuite\u00a0\u00bb<\/a><\/td>\n<td style=\"width: 50%; height: 28px; text-align: center; vertical-align: middle;\"><a href=\"https:\/\/www.salon-zenetbio.com\/lyon\/wp-content\/uploads\/sites\/12\/2024\/06\/LYON24-BAN-72890-CTA.jpg\" target=\"_blank\" rel=\"noopener\">Banni\u00e8re \u00ab\u00a0ici votre entr\u00e9e gratuite\u00a0\u00bb<\/a><\/td>\n<\/tr>\n<tr style=\"height: 300px;\">\n<td style=\"width: 50%; height: 300px; text-align: center; vertical-align: middle;\"><img loading=\"lazy\" decoding=\"async\" class=\"alignnone size-medium wp-image-10737\" src=\"https:\/\/www.salon-zenetbio.com\/lyon\/wp-content\/uploads\/sites\/12\/2024\/06\/LYON-BAN-300x600-CTA-150x300.jpg\" alt=\"\" width=\"150\" height=\"300\" \/><\/td>\n<td style=\"width: 50%; height: 300px; text-align: center; vertical-align: middle;\"><img loading=\"lazy\" decoding=\"async\" class=\"alignnone size-medium wp-image-10738\" src=\"https:\/\/www.salon-zenetbio.com\/lyon\/wp-content\/uploads\/sites\/12\/2024\/06\/LYON24-BAN-72890-CTA-300x37.jpg\" alt=\"\" width=\"300\" height=\"37\" \/><\/td>\n<\/tr>\n<tr style=\"height: 28px;\">\n<td style=\"width: 50%; height: 28px; text-align: center; vertical-align: middle;\">\u00a0<\/td>\n<td style=\"width: 50%; height: 28px; text-align: center; vertical-align: middle;\">\u00a0<\/td>\n<\/tr>\n<tr style=\"height: 28px;\">\n<td style=\"width: 50%; height: 28px; text-align: center; vertical-align: middle;\"><a href=\"https:\/\/www.salon-zenetbio.com\/lyon\/wp-content\/uploads\/sites\/12\/2024\/06\/On-y-sera-et-vous-.png\" target=\"_blank\" rel=\"noopener\">Banni\u00e8re \u00ab\u00a0on y sera et vous\u00a0\u00bb<\/a><\/td>\n<td style=\"width: 50%; height: 28px; text-align: center; vertical-align: middle;\"><a href=\"https:\/\/www.salon-zenetbio.com\/lyon\/wp-content\/uploads\/sites\/12\/2024\/06\/On-y-sera-et-vous-1-1.png\" target=\"_blank\" rel=\"noopener\">Banni\u00e8re \u00ab\u00a0on y sera et vous\u00a0\u00bb<\/a><\/td>\n<\/tr>\n<tr style=\"height: 46px;\">\n<td style=\"width: 50%; height: 46px; text-align: center; vertical-align: middle;\"><img loading=\"lazy\" decoding=\"async\" class=\"alignnone size-medium wp-image-10740\" src=\"https:\/\/www.salon-zenetbio.com\/lyon\/wp-content\/uploads\/sites\/12\/2024\/06\/On-y-sera-et-vous--300x251.png\" alt=\"\" width=\"300\" height=\"251\" \/><\/td>\n<td style=\"width: 50%; height: 46px; text-align: center; vertical-align: middle;\"><img loading=\"lazy\" decoding=\"async\" class=\"alignnone size-medium wp-image-10741\" src=\"https:\/\/www.salon-zenetbio.com\/lyon\/wp-content\/uploads\/sites\/12\/2024\/06\/On-y-sera-et-vous-1-1-300x157.png\" alt=\"\" width=\"300\" height=\"157\" \/><\/td>\n<\/tr>\n<\/tbody>\n<\/table>\n<h3><span style=\"font-size: 17px; font-weight: 400;\">Retrouvez un petit tutoriel pour savoir comment les ins\u00e9rer \u00e0 vos supports, <\/span><a style=\"font-size: 17px; font-weight: 400;\" href=\"https:\/\/www.salon-zenetbio.com\/le-reseau\/comment-inserer-le-visuel-et-le-lien-sur-vos-supports\/\" target=\"_blank\" rel=\"noopener\">en cliquant ici<\/a><span style=\"font-size: 17px; font-weight: 400;\">.<\/span><\/h3>\n<h3><strong>Les r\u00e9seaux sociaux<\/strong><\/h3>\n<p>Retrouvez-nous sur\u00a0<a href=\"https:\/\/www.facebook.com\/zenetbio\/\" target=\"_blank\" rel=\"noopener\">Facebook <\/a>et\u00a0<a href=\"https:\/\/www.linkedin.com\/showcase\/r%C3%A9seau-zen-bio\/?viewAsMember=true\" target=\"_blank\" rel=\"noopener\">LinkedIn<\/a>\u00a0!<br \/>\n#ZenEtBio<br \/>\n#ZenEtBioLyon<br \/>\n@zenetbio<br \/>\n@R\u00e9seau des salons Zen &amp; Bio<\/p>\n<h2 style=\"text-align: left;\">CONTACT COMMUNICATION<\/h2>\n<p><strong>H\u00e9lo\u00efse SALGUES<\/strong><br \/>\n01 77 37 63 55<br \/>\nhsalgues@spas-expo.com<\/p>\n","protected":false},"excerpt":{"rendered":"<p>Retrouvez ici vos outils de communication pour l\u2019ensemble du salon ZEN &amp; BIO \u00e0 Lyon : banni\u00e8res, affiches, logos, comptes r\u00e9seaux sociaux. Le logo du salon &nbsp; Le logo &nbsp; Les affichages du salon Affiche A4 &nbsp; Les banni\u00e8res du salon Banni\u00e8re Zen&amp;Bio Lyon \u00a0 \u00a0 Banni\u00e8re emailing Banni\u00e8re \u00ab\u00a0ici votre entr\u00e9e gratuite\u00a0\u00bb \u00a0 \u00a0&hellip; <\/p>\n","protected":false},"author":1,"featured_media":0,"parent":0,"menu_order":0,"comment_status":"closed","ping_status":"closed","template":"","meta":{"_monsterinsights_skip_tracking":false,"_monsterinsights_sitenote_active":false,"_monsterinsights_sitenote_note":"","_monsterinsights_sitenote_category":0,"jetpack_post_was_ever_published":false,"footnotes":""},"class_list":["post-4139","page","type-page","status-publish","hentry"],"yoast_head":"<!-- This site is optimized with the Yoast SEO plugin v27.5 - https:\/\/yoast.com\/product\/yoast-seo-wordpress\/ -->\n<title>Outils : Salon Zen &amp; Bio \u00e0 Lyon - Le r\u00e9seau ZEN&amp;BIO<\/title>\n<meta name=\"robots\" content=\"index, follow, max-snippet:-1, max-image-preview:large, max-video-preview:-1\" \/>\n<link rel=\"canonical\" href=\"http:\/\/www.salon-zenetbio.com\/le-reseau\/outils-salon-vivez-nature-a-lyon\/\" \/>\n<meta property=\"og:locale\" content=\"fr_FR\" \/>\n<meta property=\"og:type\" content=\"article\" \/>\n<meta property=\"og:title\" content=\"Outils : Salon Zen &amp; Bio \u00e0 Lyon - Le r\u00e9seau ZEN&amp;BIO\" \/>\n<meta property=\"og:description\" content=\"Retrouvez ici vos outils de communication pour l\u2019ensemble du salon ZEN &amp; BIO \u00e0 Lyon : banni\u00e8res, affiches, logos, comptes r\u00e9seaux sociaux. Le logo du salon &nbsp; Le logo &nbsp; Les affichages du salon Affiche A4 &nbsp; Les banni\u00e8res du salon Banni\u00e8re Zen&amp;Bio Lyon \u00a0 \u00a0 Banni\u00e8re emailing Banni\u00e8re \u00ab\u00a0ici votre entr\u00e9e gratuite\u00a0\u00bb \u00a0 \u00a0&hellip;\" \/>\n<meta property=\"og:url\" content=\"http:\/\/www.salon-zenetbio.com\/le-reseau\/outils-salon-vivez-nature-a-lyon\/\" \/>\n<meta property=\"og:site_name\" content=\"Le r\u00e9seau ZEN&amp;BIO\" \/>\n<meta property=\"article:modified_time\" content=\"2024-06-14T13:51:38+00:00\" \/>\n<meta property=\"og:image\" content=\"https:\/\/www.salon-zenetbio.com\/lyon\/wp-content\/uploads\/sites\/12\/2024\/06\/logo-zenetbio-copie-300x62.png\" \/>\n<meta name=\"twitter:card\" content=\"summary_large_image\" \/>\n<meta name=\"twitter:label1\" content=\"Dur\u00e9e de lecture estim\u00e9e\" \/>\n\t<meta name=\"twitter:data1\" content=\"3 minutes\" \/>\n<script type=\"application\/ld+json\" class=\"yoast-schema-graph\">{\"@context\":\"https:\\\/\\\/schema.org\",\"@graph\":[{\"@type\":\"WebPage\",\"@id\":\"http:\\\/\\\/www.salon-zenetbio.com\\\/le-reseau\\\/outils-salon-vivez-nature-a-lyon\\\/\",\"url\":\"http:\\\/\\\/www.salon-zenetbio.com\\\/le-reseau\\\/outils-salon-vivez-nature-a-lyon\\\/\",\"name\":\"Outils : Salon Zen &amp; Bio \u00e0 Lyon - Le r\u00e9seau ZEN&amp;BIO\",\"isPartOf\":{\"@id\":\"https:\\\/\\\/www.salon-zenetbio.com\\\/le-reseau\\\/#website\"},\"primaryImageOfPage\":{\"@id\":\"http:\\\/\\\/www.salon-zenetbio.com\\\/le-reseau\\\/outils-salon-vivez-nature-a-lyon\\\/#primaryimage\"},\"image\":{\"@id\":\"http:\\\/\\\/www.salon-zenetbio.com\\\/le-reseau\\\/outils-salon-vivez-nature-a-lyon\\\/#primaryimage\"},\"thumbnailUrl\":\"https:\\\/\\\/www.salon-zenetbio.com\\\/lyon\\\/wp-content\\\/uploads\\\/sites\\\/12\\\/2024\\\/06\\\/logo-zenetbio-copie-300x62.png\",\"datePublished\":\"2018-07-04T08:59:00+00:00\",\"dateModified\":\"2024-06-14T13:51:38+00:00\",\"breadcrumb\":{\"@id\":\"http:\\\/\\\/www.salon-zenetbio.com\\\/le-reseau\\\/outils-salon-vivez-nature-a-lyon\\\/#breadcrumb\"},\"inLanguage\":\"fr-FR\",\"potentialAction\":[{\"@type\":\"ReadAction\",\"target\":[\"http:\\\/\\\/www.salon-zenetbio.com\\\/le-reseau\\\/outils-salon-vivez-nature-a-lyon\\\/\"]}]},{\"@type\":\"ImageObject\",\"inLanguage\":\"fr-FR\",\"@id\":\"http:\\\/\\\/www.salon-zenetbio.com\\\/le-reseau\\\/outils-salon-vivez-nature-a-lyon\\\/#primaryimage\",\"url\":\"https:\\\/\\\/www.salon-zenetbio.com\\\/lyon\\\/wp-content\\\/uploads\\\/sites\\\/12\\\/2024\\\/06\\\/logo-zenetbio-copie-300x62.png\",\"contentUrl\":\"https:\\\/\\\/www.salon-zenetbio.com\\\/lyon\\\/wp-content\\\/uploads\\\/sites\\\/12\\\/2024\\\/06\\\/logo-zenetbio-copie-300x62.png\"},{\"@type\":\"BreadcrumbList\",\"@id\":\"http:\\\/\\\/www.salon-zenetbio.com\\\/le-reseau\\\/outils-salon-vivez-nature-a-lyon\\\/#breadcrumb\",\"itemListElement\":[{\"@type\":\"ListItem\",\"position\":1,\"name\":\"Accueil\",\"item\":\"https:\\\/\\\/www.salon-zenetbio.com\\\/le-reseau\\\/\"},{\"@type\":\"ListItem\",\"position\":2,\"name\":\"Outils : Salon Zen &amp; Bio \u00e0 Lyon\"}]},{\"@type\":\"WebSite\",\"@id\":\"https:\\\/\\\/www.salon-zenetbio.com\\\/le-reseau\\\/#website\",\"url\":\"https:\\\/\\\/www.salon-zenetbio.com\\\/le-reseau\\\/\",\"name\":\"Le r\u00e9seau ZEN&amp;BIO\",\"description\":\"Profitez du savoir-faire des salons ZEN&amp;BIO\",\"publisher\":{\"@id\":\"https:\\\/\\\/www.salon-zenetbio.com\\\/le-reseau\\\/#organization\"},\"potentialAction\":[{\"@type\":\"SearchAction\",\"target\":{\"@type\":\"EntryPoint\",\"urlTemplate\":\"https:\\\/\\\/www.salon-zenetbio.com\\\/le-reseau\\\/?s={search_term_string}\"},\"query-input\":{\"@type\":\"PropertyValueSpecification\",\"valueRequired\":true,\"valueName\":\"search_term_string\"}}],\"inLanguage\":\"fr-FR\"},{\"@type\":\"Organization\",\"@id\":\"https:\\\/\\\/www.salon-zenetbio.com\\\/le-reseau\\\/#organization\",\"name\":\"Le r\u00e9seau ZEN&amp;BIO\",\"url\":\"https:\\\/\\\/www.salon-zenetbio.com\\\/le-reseau\\\/\",\"logo\":{\"@type\":\"ImageObject\",\"inLanguage\":\"fr-FR\",\"@id\":\"https:\\\/\\\/www.salon-zenetbio.com\\\/le-reseau\\\/#\\\/schema\\\/logo\\\/image\\\/\",\"url\":\"https:\\\/\\\/www.salon-zenetbio.com\\\/le-reseau\\\/wp-content\\\/uploads\\\/sites\\\/6\\\/2017\\\/05\\\/RESEAU-zen-et-bio-1.jpg\",\"contentUrl\":\"https:\\\/\\\/www.salon-zenetbio.com\\\/le-reseau\\\/wp-content\\\/uploads\\\/sites\\\/6\\\/2017\\\/05\\\/RESEAU-zen-et-bio-1.jpg\",\"width\":210,\"height\":150,\"caption\":\"Le r\u00e9seau ZEN&amp;BIO\"},\"image\":{\"@id\":\"https:\\\/\\\/www.salon-zenetbio.com\\\/le-reseau\\\/#\\\/schema\\\/logo\\\/image\\\/\"}}]}<\/script>\n<!-- \/ Yoast SEO plugin. -->","yoast_head_json":{"title":"Outils : Salon Zen &amp; Bio \u00e0 Lyon - Le r\u00e9seau ZEN&amp;BIO","robots":{"index":"index","follow":"follow","max-snippet":"max-snippet:-1","max-image-preview":"max-image-preview:large","max-video-preview":"max-video-preview:-1"},"canonical":"http:\/\/www.salon-zenetbio.com\/le-reseau\/outils-salon-vivez-nature-a-lyon\/","og_locale":"fr_FR","og_type":"article","og_title":"Outils : Salon Zen &amp; Bio \u00e0 Lyon - Le r\u00e9seau ZEN&amp;BIO","og_description":"Retrouvez ici vos outils de communication pour l\u2019ensemble du salon ZEN &amp; BIO \u00e0 Lyon : banni\u00e8res, affiches, logos, comptes r\u00e9seaux sociaux. Le logo du salon &nbsp; Le logo &nbsp; Les affichages du salon Affiche A4 &nbsp; Les banni\u00e8res du salon Banni\u00e8re Zen&amp;Bio Lyon \u00a0 \u00a0 Banni\u00e8re emailing Banni\u00e8re \u00ab\u00a0ici votre entr\u00e9e gratuite\u00a0\u00bb \u00a0 \u00a0&hellip;","og_url":"http:\/\/www.salon-zenetbio.com\/le-reseau\/outils-salon-vivez-nature-a-lyon\/","og_site_name":"Le r\u00e9seau ZEN&amp;BIO","article_modified_time":"2024-06-14T13:51:38+00:00","og_image":[{"url":"https:\/\/www.salon-zenetbio.com\/lyon\/wp-content\/uploads\/sites\/12\/2024\/06\/logo-zenetbio-copie-300x62.png","type":"","width":"","height":""}],"twitter_card":"summary_large_image","twitter_misc":{"Dur\u00e9e de lecture estim\u00e9e":"3 minutes"},"schema":{"@context":"https:\/\/schema.org","@graph":[{"@type":"WebPage","@id":"http:\/\/www.salon-zenetbio.com\/le-reseau\/outils-salon-vivez-nature-a-lyon\/","url":"http:\/\/www.salon-zenetbio.com\/le-reseau\/outils-salon-vivez-nature-a-lyon\/","name":"Outils : Salon Zen &amp; Bio \u00e0 Lyon - Le r\u00e9seau ZEN&amp;BIO","isPartOf":{"@id":"https:\/\/www.salon-zenetbio.com\/le-reseau\/#website"},"primaryImageOfPage":{"@id":"http:\/\/www.salon-zenetbio.com\/le-reseau\/outils-salon-vivez-nature-a-lyon\/#primaryimage"},"image":{"@id":"http:\/\/www.salon-zenetbio.com\/le-reseau\/outils-salon-vivez-nature-a-lyon\/#primaryimage"},"thumbnailUrl":"https:\/\/www.salon-zenetbio.com\/lyon\/wp-content\/uploads\/sites\/12\/2024\/06\/logo-zenetbio-copie-300x62.png","datePublished":"2018-07-04T08:59:00+00:00","dateModified":"2024-06-14T13:51:38+00:00","breadcrumb":{"@id":"http:\/\/www.salon-zenetbio.com\/le-reseau\/outils-salon-vivez-nature-a-lyon\/#breadcrumb"},"inLanguage":"fr-FR","potentialAction":[{"@type":"ReadAction","target":["http:\/\/www.salon-zenetbio.com\/le-reseau\/outils-salon-vivez-nature-a-lyon\/"]}]},{"@type":"ImageObject","inLanguage":"fr-FR","@id":"http:\/\/www.salon-zenetbio.com\/le-reseau\/outils-salon-vivez-nature-a-lyon\/#primaryimage","url":"https:\/\/www.salon-zenetbio.com\/lyon\/wp-content\/uploads\/sites\/12\/2024\/06\/logo-zenetbio-copie-300x62.png","contentUrl":"https:\/\/www.salon-zenetbio.com\/lyon\/wp-content\/uploads\/sites\/12\/2024\/06\/logo-zenetbio-copie-300x62.png"},{"@type":"BreadcrumbList","@id":"http:\/\/www.salon-zenetbio.com\/le-reseau\/outils-salon-vivez-nature-a-lyon\/#breadcrumb","itemListElement":[{"@type":"ListItem","position":1,"name":"Accueil","item":"https:\/\/www.salon-zenetbio.com\/le-reseau\/"},{"@type":"ListItem","position":2,"name":"Outils : Salon Zen &amp; Bio \u00e0 Lyon"}]},{"@type":"WebSite","@id":"https:\/\/www.salon-zenetbio.com\/le-reseau\/#website","url":"https:\/\/www.salon-zenetbio.com\/le-reseau\/","name":"Le r\u00e9seau ZEN&amp;BIO","description":"Profitez du savoir-faire des salons ZEN&amp;BIO","publisher":{"@id":"https:\/\/www.salon-zenetbio.com\/le-reseau\/#organization"},"potentialAction":[{"@type":"SearchAction","target":{"@type":"EntryPoint","urlTemplate":"https:\/\/www.salon-zenetbio.com\/le-reseau\/?s={search_term_string}"},"query-input":{"@type":"PropertyValueSpecification","valueRequired":true,"valueName":"search_term_string"}}],"inLanguage":"fr-FR"},{"@type":"Organization","@id":"https:\/\/www.salon-zenetbio.com\/le-reseau\/#organization","name":"Le r\u00e9seau ZEN&amp;BIO","url":"https:\/\/www.salon-zenetbio.com\/le-reseau\/","logo":{"@type":"ImageObject","inLanguage":"fr-FR","@id":"https:\/\/www.salon-zenetbio.com\/le-reseau\/#\/schema\/logo\/image\/","url":"https:\/\/www.salon-zenetbio.com\/le-reseau\/wp-content\/uploads\/sites\/6\/2017\/05\/RESEAU-zen-et-bio-1.jpg","contentUrl":"https:\/\/www.salon-zenetbio.com\/le-reseau\/wp-content\/uploads\/sites\/6\/2017\/05\/RESEAU-zen-et-bio-1.jpg","width":210,"height":150,"caption":"Le r\u00e9seau ZEN&amp;BIO"},"image":{"@id":"https:\/\/www.salon-zenetbio.com\/le-reseau\/#\/schema\/logo\/image\/"}}]}},"jetpack_sharing_enabled":true,"jetpack_shortlink":"https:\/\/wp.me\/P9aNoA-14L","_links":{"self":[{"href":"https:\/\/www.salon-zenetbio.com\/le-reseau\/wp-json\/wp\/v2\/pages\/4139","targetHints":{"allow":["GET"]}}],"collection":[{"href":"https:\/\/www.salon-zenetbio.com\/le-reseau\/wp-json\/wp\/v2\/pages"}],"about":[{"href":"https:\/\/www.salon-zenetbio.com\/le-reseau\/wp-json\/wp\/v2\/types\/page"}],"author":[{"embeddable":true,"href":"https:\/\/www.salon-zenetbio.com\/le-reseau\/wp-json\/wp\/v2\/users\/1"}],"replies":[{"embeddable":true,"href":"https:\/\/www.salon-zenetbio.com\/le-reseau\/wp-json\/wp\/v2\/comments?post=4139"}],"version-history":[{"count":25,"href":"https:\/\/www.salon-zenetbio.com\/le-reseau\/wp-json\/wp\/v2\/pages\/4139\/revisions"}],"predecessor-version":[{"id":5443,"href":"https:\/\/www.salon-zenetbio.com\/le-reseau\/wp-json\/wp\/v2\/pages\/4139\/revisions\/5443"}],"wp:attachment":[{"href":"https:\/\/www.salon-zenetbio.com\/le-reseau\/wp-json\/wp\/v2\/media?parent=4139"}],"curies":[{"name":"wp","href":"https:\/\/api.w.org\/{rel}","templated":true}]}}