{"id":4221,"date":"2018-12-20T11:54:59","date_gmt":"2018-12-20T10:54:59","guid":{"rendered":"http:\/\/www.salon-zenetbio.com\/le-reseau\/?page_id=4221"},"modified":"2024-03-15T11:35:55","modified_gmt":"2024-03-15T10:35:55","slug":"outils-salon-respire-la-vie-rennes","status":"publish","type":"page","link":"https:\/\/www.salon-zenetbio.com\/le-reseau\/outils-salon-respire-la-vie-rennes\/","title":{"rendered":"Outils : Salon Respire La Vie Rennes"},"content":{"rendered":"<p>Retrouvez ici vos outils de communication pour le salon Respire La Vie \u00e0 Rennes : banni\u00e8res, affiches, logos, comptes r\u00e9seaux sociaux.\u00a0<\/p>\n<h3><strong>Le logo du salon<\/strong><\/h3>\n<p style=\"text-align: center;\"><a href=\"https:\/\/www.salon-zenetbio.com\/le-reseau\/wp-content\/uploads\/sites\/6\/2018\/07\/RESPIRELAVIE_baseline.jpg\" target=\"_blank\" rel=\"noopener\">Le logo<\/a><br \/>\n<strong><a href=\"https:\/\/www.salon-zenetbio.com\/le-reseau\/wp-content\/uploads\/sites\/6\/2018\/07\/RESPIRELAVIE_baseline.jpg\" target=\"_blank\" rel=\"noopener noreferrer\"><img decoding=\"async\" class=\"wp-image-4146 aligncenter\" src=\"https:\/\/www.salon-zenetbio.com\/le-reseau\/wp-content\/uploads\/sites\/6\/2018\/07\/RESPIRELAVIE_baseline.jpg\" sizes=\"(max-width: 263px) 100vw, 263px\" srcset=\"https:\/\/www.salon-zenetbio.com\/le-reseau\/wp-content\/uploads\/sites\/6\/2018\/07\/RESPIRELAVIE_baseline.jpg 2161w, https:\/\/www.salon-zenetbio.com\/le-reseau\/wp-content\/uploads\/sites\/6\/2018\/07\/RESPIRELAVIE_baseline-300x88.jpg 300w, https:\/\/www.salon-zenetbio.com\/le-reseau\/wp-content\/uploads\/sites\/6\/2018\/07\/RESPIRELAVIE_baseline-768x225.jpg 768w, https:\/\/www.salon-zenetbio.com\/le-reseau\/wp-content\/uploads\/sites\/6\/2018\/07\/RESPIRELAVIE_baseline-1024x299.jpg 1024w\" alt=\"\" width=\"222\" height=\"65\" \/><\/a><\/strong><\/p>\n<p>&nbsp;<\/p>\n<p>&nbsp;<\/p>\n<h3><strong>Les affichages du salon<\/strong><\/h3>\n<p>Affiche A4<\/p>\n<p>&nbsp;<\/p>\n<p>&nbsp;<\/p>\n<p>&nbsp;<\/p>\n<p>&nbsp;<\/p>\n<h3><strong>Les banni\u00e8res du salon<\/strong><\/h3>\n<table style=\"border-collapse: collapse; width: 100%; height: 634px;\">\n<tbody>\n<tr style=\"height: 28px;\">\n<td style=\"width: 50%; height: 28px; text-align: center;\">Banni\u00e8re emailing<\/td>\n<td style=\"width: 50%; height: 28px; text-align: center;\">Banni\u00e8re r\u00e9seaux sociaux<\/td>\n<\/tr>\n<tr style=\"height: 148px;\">\n<td style=\"width: 50%; height: 148px; text-align: center;\">\u00a0<\/td>\n<td style=\"width: 50%; height: 148px; text-align: center;\">\u00a0<\/td>\n<\/tr>\n<tr style=\"height: 28px;\">\n<td style=\"width: 50%; height: 28px; text-align: center;\">\u00a0<\/td>\n<td style=\"width: 50%; height: 28px; text-align: center;\">\u00a0<\/td>\n<\/tr>\n<tr style=\"height: 28px;\">\n<td style=\"width: 50%; height: 28px; text-align: center;\">Banni\u00e8re site internet<\/td>\n<td style=\"width: 50%; height: 28px; text-align: center;\">Banni\u00e8re site internet<\/td>\n<\/tr>\n<tr style=\"height: 300px;\">\n<td style=\"width: 50%; height: 300px; text-align: center;\">\u00a0<\/td>\n<td style=\"width: 50%; height: 300px; text-align: center;\">\u00a0<\/td>\n<\/tr>\n<tr style=\"height: 28px;\">\n<td style=\"width: 50%; height: 28px; text-align: center;\">\u00a0<\/td>\n<td style=\"width: 50%; height: 28px; text-align: center;\">\u00a0<\/td>\n<\/tr>\n<tr style=\"height: 28px;\">\n<td style=\"width: 50%; height: 28px; text-align: center;\">Banni\u00e8re site internet<\/td>\n<td style=\"width: 50%; height: 28px; text-align: center;\">Banni\u00e8re site internet<\/td>\n<\/tr>\n<tr style=\"height: 46px;\">\n<td style=\"width: 50%; height: 46px; text-align: center;\">\u00a0<\/td>\n<td style=\"width: 50%; height: 46px; text-align: center;\">\u00a0<\/td>\n<\/tr>\n<tr>\n<td style=\"width: 50%; text-align: center;\">\u00a0<\/td>\n<td style=\"width: 50%; text-align: center;\">\u00a0<\/td>\n<\/tr>\n<tr>\n<td style=\"width: 50%; text-align: center;\">Banni\u00e8re site internet<\/td>\n<td style=\"width: 50%; text-align: center;\">\u00a0<\/td>\n<\/tr>\n<tr>\n<td style=\"width: 50%; text-align: center;\">\u00a0<\/td>\n<td style=\"width: 50%; text-align: center;\">\u00a0<\/td>\n<\/tr>\n<\/tbody>\n<\/table>\n<h3>\u00a0<\/h3>\n<h3><span style=\"font-size: 17px; font-weight: 400;\">Retrouvez un petit tutoriel pour savoir comment les ins\u00e9rer \u00e0 vos supports, <\/span><a style=\"font-size: 17px; font-weight: 400;\" href=\"https:\/\/www.salon-zenetbio.com\/le-reseau\/comment-inserer-le-visuel-et-le-lien-sur-vos-supports\/\" target=\"_blank\" rel=\"noopener\">en cliquant ici<\/a><span style=\"font-size: 17px; font-weight: 400;\">.<\/span><\/h3>\n<p>&nbsp;<\/p>\n<p><strong>Facebook<br \/>\n<\/strong>Pour nous mentionner : @SalonsRespire<\/p>\n","protected":false},"excerpt":{"rendered":"<p>Retrouvez ici vos outils de communication pour le salon Respire La Vie \u00e0 Rennes : banni\u00e8res, affiches, logos, comptes r\u00e9seaux sociaux.\u00a0 Le logo du salon Le logo &nbsp; &nbsp; Les affichages du salon Affiche A4 &nbsp; &nbsp; &nbsp; &nbsp; Les banni\u00e8res du salon Banni\u00e8re emailing Banni\u00e8re r\u00e9seaux sociaux \u00a0 \u00a0 \u00a0 \u00a0 Banni\u00e8re site internet&hellip; <\/p>\n","protected":false},"author":1,"featured_media":0,"parent":0,"menu_order":0,"comment_status":"closed","ping_status":"closed","template":"","meta":{"_monsterinsights_skip_tracking":false,"_monsterinsights_sitenote_active":false,"_monsterinsights_sitenote_note":"","_monsterinsights_sitenote_category":0,"jetpack_post_was_ever_published":false,"footnotes":""},"class_list":["post-4221","page","type-page","status-publish","hentry"],"yoast_head":"<!-- This site is optimized with the Yoast SEO plugin v27.3 - https:\/\/yoast.com\/product\/yoast-seo-wordpress\/ -->\n<title>Outils : Salon Respire La Vie Rennes - Le r\u00e9seau ZEN&amp;BIO<\/title>\n<meta name=\"robots\" content=\"index, follow, max-snippet:-1, max-image-preview:large, max-video-preview:-1\" \/>\n<link rel=\"canonical\" href=\"https:\/\/www.salon-zenetbio.com\/le-reseau\/outils-salon-respire-la-vie-rennes\/\" \/>\n<meta property=\"og:locale\" content=\"fr_FR\" \/>\n<meta property=\"og:type\" content=\"article\" \/>\n<meta property=\"og:title\" content=\"Outils : Salon Respire La Vie Rennes - Le r\u00e9seau ZEN&amp;BIO\" \/>\n<meta property=\"og:description\" content=\"Retrouvez ici vos outils de communication pour le salon Respire La Vie \u00e0 Rennes : banni\u00e8res, affiches, logos, comptes r\u00e9seaux sociaux.\u00a0 Le logo du salon Le logo &nbsp; &nbsp; Les affichages du salon Affiche A4 &nbsp; &nbsp; &nbsp; &nbsp; Les banni\u00e8res du salon Banni\u00e8re emailing Banni\u00e8re r\u00e9seaux sociaux \u00a0 \u00a0 \u00a0 \u00a0 Banni\u00e8re site internet&hellip;\" \/>\n<meta property=\"og:url\" content=\"https:\/\/www.salon-zenetbio.com\/le-reseau\/outils-salon-respire-la-vie-rennes\/\" \/>\n<meta property=\"og:site_name\" content=\"Le r\u00e9seau ZEN&amp;BIO\" \/>\n<meta property=\"article:modified_time\" content=\"2024-03-15T10:35:55+00:00\" \/>\n<meta property=\"og:image\" content=\"https:\/\/www.salon-zenetbio.com\/le-reseau\/wp-content\/uploads\/sites\/6\/2018\/07\/RESPIRELAVIE_baseline.jpg\" \/>\n<meta name=\"twitter:card\" content=\"summary_large_image\" \/>\n<meta name=\"twitter:label1\" content=\"Dur\u00e9e de lecture estim\u00e9e\" \/>\n\t<meta name=\"twitter:data1\" content=\"3 minutes\" \/>\n<script type=\"application\/ld+json\" class=\"yoast-schema-graph\">{\"@context\":\"https:\\\/\\\/schema.org\",\"@graph\":[{\"@type\":\"WebPage\",\"@id\":\"https:\\\/\\\/www.salon-zenetbio.com\\\/le-reseau\\\/outils-salon-respire-la-vie-rennes\\\/\",\"url\":\"https:\\\/\\\/www.salon-zenetbio.com\\\/le-reseau\\\/outils-salon-respire-la-vie-rennes\\\/\",\"name\":\"Outils : Salon Respire La Vie Rennes - Le r\u00e9seau ZEN&amp;BIO\",\"isPartOf\":{\"@id\":\"https:\\\/\\\/www.salon-zenetbio.com\\\/le-reseau\\\/#website\"},\"primaryImageOfPage\":{\"@id\":\"https:\\\/\\\/www.salon-zenetbio.com\\\/le-reseau\\\/outils-salon-respire-la-vie-rennes\\\/#primaryimage\"},\"image\":{\"@id\":\"https:\\\/\\\/www.salon-zenetbio.com\\\/le-reseau\\\/outils-salon-respire-la-vie-rennes\\\/#primaryimage\"},\"thumbnailUrl\":\"https:\\\/\\\/www.salon-zenetbio.com\\\/le-reseau\\\/wp-content\\\/uploads\\\/sites\\\/6\\\/2018\\\/07\\\/RESPIRELAVIE_baseline.jpg\",\"datePublished\":\"2018-12-20T10:54:59+00:00\",\"dateModified\":\"2024-03-15T10:35:55+00:00\",\"breadcrumb\":{\"@id\":\"https:\\\/\\\/www.salon-zenetbio.com\\\/le-reseau\\\/outils-salon-respire-la-vie-rennes\\\/#breadcrumb\"},\"inLanguage\":\"fr-FR\",\"potentialAction\":[{\"@type\":\"ReadAction\",\"target\":[\"https:\\\/\\\/www.salon-zenetbio.com\\\/le-reseau\\\/outils-salon-respire-la-vie-rennes\\\/\"]}]},{\"@type\":\"ImageObject\",\"inLanguage\":\"fr-FR\",\"@id\":\"https:\\\/\\\/www.salon-zenetbio.com\\\/le-reseau\\\/outils-salon-respire-la-vie-rennes\\\/#primaryimage\",\"url\":\"https:\\\/\\\/www.salon-zenetbio.com\\\/le-reseau\\\/wp-content\\\/uploads\\\/sites\\\/6\\\/2018\\\/07\\\/RESPIRELAVIE_baseline.jpg\",\"contentUrl\":\"https:\\\/\\\/www.salon-zenetbio.com\\\/le-reseau\\\/wp-content\\\/uploads\\\/sites\\\/6\\\/2018\\\/07\\\/RESPIRELAVIE_baseline.jpg\",\"width\":2161,\"height\":632},{\"@type\":\"BreadcrumbList\",\"@id\":\"https:\\\/\\\/www.salon-zenetbio.com\\\/le-reseau\\\/outils-salon-respire-la-vie-rennes\\\/#breadcrumb\",\"itemListElement\":[{\"@type\":\"ListItem\",\"position\":1,\"name\":\"Accueil\",\"item\":\"https:\\\/\\\/www.salon-zenetbio.com\\\/le-reseau\\\/\"},{\"@type\":\"ListItem\",\"position\":2,\"name\":\"Outils : Salon Respire La Vie Rennes\"}]},{\"@type\":\"WebSite\",\"@id\":\"https:\\\/\\\/www.salon-zenetbio.com\\\/le-reseau\\\/#website\",\"url\":\"https:\\\/\\\/www.salon-zenetbio.com\\\/le-reseau\\\/\",\"name\":\"Le r\u00e9seau ZEN&amp;BIO\",\"description\":\"Profitez du savoir-faire des salons ZEN&amp;BIO\",\"publisher\":{\"@id\":\"https:\\\/\\\/www.salon-zenetbio.com\\\/le-reseau\\\/#organization\"},\"potentialAction\":[{\"@type\":\"SearchAction\",\"target\":{\"@type\":\"EntryPoint\",\"urlTemplate\":\"https:\\\/\\\/www.salon-zenetbio.com\\\/le-reseau\\\/?s={search_term_string}\"},\"query-input\":{\"@type\":\"PropertyValueSpecification\",\"valueRequired\":true,\"valueName\":\"search_term_string\"}}],\"inLanguage\":\"fr-FR\"},{\"@type\":\"Organization\",\"@id\":\"https:\\\/\\\/www.salon-zenetbio.com\\\/le-reseau\\\/#organization\",\"name\":\"Le r\u00e9seau ZEN&amp;BIO\",\"url\":\"https:\\\/\\\/www.salon-zenetbio.com\\\/le-reseau\\\/\",\"logo\":{\"@type\":\"ImageObject\",\"inLanguage\":\"fr-FR\",\"@id\":\"https:\\\/\\\/www.salon-zenetbio.com\\\/le-reseau\\\/#\\\/schema\\\/logo\\\/image\\\/\",\"url\":\"https:\\\/\\\/www.salon-zenetbio.com\\\/le-reseau\\\/wp-content\\\/uploads\\\/sites\\\/6\\\/2017\\\/05\\\/RESEAU-zen-et-bio-1.jpg\",\"contentUrl\":\"https:\\\/\\\/www.salon-zenetbio.com\\\/le-reseau\\\/wp-content\\\/uploads\\\/sites\\\/6\\\/2017\\\/05\\\/RESEAU-zen-et-bio-1.jpg\",\"width\":210,\"height\":150,\"caption\":\"Le r\u00e9seau ZEN&amp;BIO\"},\"image\":{\"@id\":\"https:\\\/\\\/www.salon-zenetbio.com\\\/le-reseau\\\/#\\\/schema\\\/logo\\\/image\\\/\"}}]}<\/script>\n<!-- \/ Yoast SEO plugin. -->","yoast_head_json":{"title":"Outils : Salon Respire La Vie Rennes - Le r\u00e9seau ZEN&amp;BIO","robots":{"index":"index","follow":"follow","max-snippet":"max-snippet:-1","max-image-preview":"max-image-preview:large","max-video-preview":"max-video-preview:-1"},"canonical":"https:\/\/www.salon-zenetbio.com\/le-reseau\/outils-salon-respire-la-vie-rennes\/","og_locale":"fr_FR","og_type":"article","og_title":"Outils : Salon Respire La Vie Rennes - Le r\u00e9seau ZEN&amp;BIO","og_description":"Retrouvez ici vos outils de communication pour le salon Respire La Vie \u00e0 Rennes : banni\u00e8res, affiches, logos, comptes r\u00e9seaux sociaux.\u00a0 Le logo du salon Le logo &nbsp; &nbsp; Les affichages du salon Affiche A4 &nbsp; &nbsp; &nbsp; &nbsp; Les banni\u00e8res du salon Banni\u00e8re emailing Banni\u00e8re r\u00e9seaux sociaux \u00a0 \u00a0 \u00a0 \u00a0 Banni\u00e8re site internet&hellip;","og_url":"https:\/\/www.salon-zenetbio.com\/le-reseau\/outils-salon-respire-la-vie-rennes\/","og_site_name":"Le r\u00e9seau ZEN&amp;BIO","article_modified_time":"2024-03-15T10:35:55+00:00","og_image":[{"url":"https:\/\/www.salon-zenetbio.com\/le-reseau\/wp-content\/uploads\/sites\/6\/2018\/07\/RESPIRELAVIE_baseline.jpg","type":"","width":"","height":""}],"twitter_card":"summary_large_image","twitter_misc":{"Dur\u00e9e de lecture estim\u00e9e":"3 minutes"},"schema":{"@context":"https:\/\/schema.org","@graph":[{"@type":"WebPage","@id":"https:\/\/www.salon-zenetbio.com\/le-reseau\/outils-salon-respire-la-vie-rennes\/","url":"https:\/\/www.salon-zenetbio.com\/le-reseau\/outils-salon-respire-la-vie-rennes\/","name":"Outils : Salon Respire La Vie Rennes - Le r\u00e9seau ZEN&amp;BIO","isPartOf":{"@id":"https:\/\/www.salon-zenetbio.com\/le-reseau\/#website"},"primaryImageOfPage":{"@id":"https:\/\/www.salon-zenetbio.com\/le-reseau\/outils-salon-respire-la-vie-rennes\/#primaryimage"},"image":{"@id":"https:\/\/www.salon-zenetbio.com\/le-reseau\/outils-salon-respire-la-vie-rennes\/#primaryimage"},"thumbnailUrl":"https:\/\/www.salon-zenetbio.com\/le-reseau\/wp-content\/uploads\/sites\/6\/2018\/07\/RESPIRELAVIE_baseline.jpg","datePublished":"2018-12-20T10:54:59+00:00","dateModified":"2024-03-15T10:35:55+00:00","breadcrumb":{"@id":"https:\/\/www.salon-zenetbio.com\/le-reseau\/outils-salon-respire-la-vie-rennes\/#breadcrumb"},"inLanguage":"fr-FR","potentialAction":[{"@type":"ReadAction","target":["https:\/\/www.salon-zenetbio.com\/le-reseau\/outils-salon-respire-la-vie-rennes\/"]}]},{"@type":"ImageObject","inLanguage":"fr-FR","@id":"https:\/\/www.salon-zenetbio.com\/le-reseau\/outils-salon-respire-la-vie-rennes\/#primaryimage","url":"https:\/\/www.salon-zenetbio.com\/le-reseau\/wp-content\/uploads\/sites\/6\/2018\/07\/RESPIRELAVIE_baseline.jpg","contentUrl":"https:\/\/www.salon-zenetbio.com\/le-reseau\/wp-content\/uploads\/sites\/6\/2018\/07\/RESPIRELAVIE_baseline.jpg","width":2161,"height":632},{"@type":"BreadcrumbList","@id":"https:\/\/www.salon-zenetbio.com\/le-reseau\/outils-salon-respire-la-vie-rennes\/#breadcrumb","itemListElement":[{"@type":"ListItem","position":1,"name":"Accueil","item":"https:\/\/www.salon-zenetbio.com\/le-reseau\/"},{"@type":"ListItem","position":2,"name":"Outils : Salon Respire La Vie Rennes"}]},{"@type":"WebSite","@id":"https:\/\/www.salon-zenetbio.com\/le-reseau\/#website","url":"https:\/\/www.salon-zenetbio.com\/le-reseau\/","name":"Le r\u00e9seau ZEN&amp;BIO","description":"Profitez du savoir-faire des salons ZEN&amp;BIO","publisher":{"@id":"https:\/\/www.salon-zenetbio.com\/le-reseau\/#organization"},"potentialAction":[{"@type":"SearchAction","target":{"@type":"EntryPoint","urlTemplate":"https:\/\/www.salon-zenetbio.com\/le-reseau\/?s={search_term_string}"},"query-input":{"@type":"PropertyValueSpecification","valueRequired":true,"valueName":"search_term_string"}}],"inLanguage":"fr-FR"},{"@type":"Organization","@id":"https:\/\/www.salon-zenetbio.com\/le-reseau\/#organization","name":"Le r\u00e9seau ZEN&amp;BIO","url":"https:\/\/www.salon-zenetbio.com\/le-reseau\/","logo":{"@type":"ImageObject","inLanguage":"fr-FR","@id":"https:\/\/www.salon-zenetbio.com\/le-reseau\/#\/schema\/logo\/image\/","url":"https:\/\/www.salon-zenetbio.com\/le-reseau\/wp-content\/uploads\/sites\/6\/2017\/05\/RESEAU-zen-et-bio-1.jpg","contentUrl":"https:\/\/www.salon-zenetbio.com\/le-reseau\/wp-content\/uploads\/sites\/6\/2017\/05\/RESEAU-zen-et-bio-1.jpg","width":210,"height":150,"caption":"Le r\u00e9seau ZEN&amp;BIO"},"image":{"@id":"https:\/\/www.salon-zenetbio.com\/le-reseau\/#\/schema\/logo\/image\/"}}]}},"jetpack_sharing_enabled":true,"jetpack_shortlink":"https:\/\/wp.me\/P9aNoA-165","_links":{"self":[{"href":"https:\/\/www.salon-zenetbio.com\/le-reseau\/wp-json\/wp\/v2\/pages\/4221","targetHints":{"allow":["GET"]}}],"collection":[{"href":"https:\/\/www.salon-zenetbio.com\/le-reseau\/wp-json\/wp\/v2\/pages"}],"about":[{"href":"https:\/\/www.salon-zenetbio.com\/le-reseau\/wp-json\/wp\/v2\/types\/page"}],"author":[{"embeddable":true,"href":"https:\/\/www.salon-zenetbio.com\/le-reseau\/wp-json\/wp\/v2\/users\/1"}],"replies":[{"embeddable":true,"href":"https:\/\/www.salon-zenetbio.com\/le-reseau\/wp-json\/wp\/v2\/comments?post=4221"}],"version-history":[{"count":16,"href":"https:\/\/www.salon-zenetbio.com\/le-reseau\/wp-json\/wp\/v2\/pages\/4221\/revisions"}],"predecessor-version":[{"id":5372,"href":"https:\/\/www.salon-zenetbio.com\/le-reseau\/wp-json\/wp\/v2\/pages\/4221\/revisions\/5372"}],"wp:attachment":[{"href":"https:\/\/www.salon-zenetbio.com\/le-reseau\/wp-json\/wp\/v2\/media?parent=4221"}],"curies":[{"name":"wp","href":"https:\/\/api.w.org\/{rel}","templated":true}]}}