{"id":4229,"date":"2019-01-03T10:46:58","date_gmt":"2019-01-03T09:46:58","guid":{"rendered":"http:\/\/www.salon-zenetbio.com\/le-reseau\/?page_id=4229"},"modified":"2022-04-21T18:05:06","modified_gmt":"2022-04-21T16:05:06","slug":"outils-salon-zen-bio-tours","status":"publish","type":"page","link":"https:\/\/www.salon-zenetbio.com\/le-reseau\/outils-salon-zen-bio-tours\/","title":{"rendered":"Outils : Salon Zen &#038; Bio Tours"},"content":{"rendered":"<p>Retrouvez ici vos outils de communication pour le salon Zen &amp; Bio \u00e0 Tours : banni\u00e8res, affiches, logos, comptes r\u00e9seaux sociaux.\u00a0<\/p>\n<h3><strong>L&rsquo;AFFICHE DU SALON\u00a0<\/strong><\/h3>\n<p><strong><em>Retrouvez prochainement l\u2019affiche du salon 2022<\/em><\/strong><\/p>\n<h3>\u00a0<\/h3>\n<h3><strong>LE LOGO DU SALON<\/strong><\/h3>\n<h3><a href=\"https:\/\/www.salon-zenetbio.com\/le-reseau\/wp-content\/uploads\/sites\/6\/2018\/07\/ZENBIO_baseline.jpg\" target=\"_blank\" rel=\"noopener noreferrer\"><img decoding=\"async\" class=\"alignnone  wp-image-4148\" src=\"https:\/\/www.salon-zenetbio.com\/le-reseau\/wp-content\/uploads\/sites\/6\/2018\/07\/ZENBIO_baseline.jpg\" alt=\"\" width=\"294\" height=\"86\" srcset=\"https:\/\/www.salon-zenetbio.com\/le-reseau\/wp-content\/uploads\/sites\/6\/2018\/07\/ZENBIO_baseline.jpg 2107w, https:\/\/www.salon-zenetbio.com\/le-reseau\/wp-content\/uploads\/sites\/6\/2018\/07\/ZENBIO_baseline-300x88.jpg 300w, https:\/\/www.salon-zenetbio.com\/le-reseau\/wp-content\/uploads\/sites\/6\/2018\/07\/ZENBIO_baseline-768x224.jpg 768w, https:\/\/www.salon-zenetbio.com\/le-reseau\/wp-content\/uploads\/sites\/6\/2018\/07\/ZENBIO_baseline-1024x299.jpg 1024w\" sizes=\"(max-width: 294px) 100vw, 294px\" \/><\/a><\/h3>\n<h3>\u00a0<\/h3>\n<h3><strong>VOS BANNI\u00c8RES<\/strong><\/h3>\n<p><strong><em>Retrouvez prochainement les banni\u00e8res du salon 2022<\/em><\/strong><\/p>\n<p><span style=\"font-size: 12pt;\">Banni\u00e8re 300&#215;250 pxl<br \/>\n<\/span><span style=\"font-size: 12pt;\">Banni\u00e8re 728&#215;90 pxl<br \/>\n<\/span><span style=\"font-size: 12pt;\">Banni\u00e8re 300&#215;600 pxl<\/span><\/p>\n<p>&nbsp;<\/p>\n<p>&nbsp;<\/p>\n<p>Retrouvez un petit tutoriel pour savoir comment les ins\u00e9rer \u00e0 vos supports, <a href=\"https:\/\/www.salon-zenetbio.com\/le-reseau\/comment-inserer-le-visuel-et-le-lien-sur-vos-supports\/\" target=\"_blank\" rel=\"noopener\">en cliquant ici<\/a>.<\/p>\n<p><strong><br \/>\nFacebook<br \/>\n<\/strong>La page : Salon Zen &amp; Bio &#8211; Pour nous mentionner : @zenetbio<\/p>\n","protected":false},"excerpt":{"rendered":"<p>Retrouvez ici vos outils de communication pour le salon Zen &amp; Bio \u00e0 Tours : banni\u00e8res, affiches, logos, comptes r\u00e9seaux sociaux.\u00a0 L&rsquo;AFFICHE DU SALON\u00a0 Retrouvez prochainement l\u2019affiche du salon 2022 \u00a0 LE LOGO DU SALON \u00a0 VOS BANNI\u00c8RES Retrouvez prochainement les banni\u00e8res du salon 2022 Banni\u00e8re 300&#215;250 pxl Banni\u00e8re 728&#215;90 pxl Banni\u00e8re 300&#215;600 pxl &nbsp;&hellip; <\/p>\n","protected":false},"author":1,"featured_media":0,"parent":0,"menu_order":0,"comment_status":"closed","ping_status":"closed","template":"","meta":{"_monsterinsights_skip_tracking":false,"_monsterinsights_sitenote_active":false,"_monsterinsights_sitenote_note":"","_monsterinsights_sitenote_category":0,"jetpack_post_was_ever_published":false,"footnotes":""},"class_list":["post-4229","page","type-page","status-publish","hentry"],"yoast_head":"<!-- This site is optimized with the Yoast SEO plugin v27.5 - https:\/\/yoast.com\/product\/yoast-seo-wordpress\/ -->\n<title>Outils : Salon Zen &amp; Bio Tours - Le r\u00e9seau ZEN&amp;BIO<\/title>\n<meta name=\"robots\" content=\"index, follow, max-snippet:-1, max-image-preview:large, max-video-preview:-1\" \/>\n<link rel=\"canonical\" href=\"https:\/\/www.salon-zenetbio.com\/le-reseau\/outils-salon-zen-bio-tours\/\" \/>\n<meta property=\"og:locale\" content=\"fr_FR\" \/>\n<meta property=\"og:type\" content=\"article\" \/>\n<meta property=\"og:title\" content=\"Outils : Salon Zen &amp; Bio Tours - Le r\u00e9seau ZEN&amp;BIO\" \/>\n<meta property=\"og:description\" content=\"Retrouvez ici vos outils de communication pour le salon Zen &amp; Bio \u00e0 Tours : banni\u00e8res, affiches, logos, comptes r\u00e9seaux sociaux.\u00a0 L&rsquo;AFFICHE DU SALON\u00a0 Retrouvez prochainement l\u2019affiche du salon 2022 \u00a0 LE LOGO DU SALON \u00a0 VOS BANNI\u00c8RES Retrouvez prochainement les banni\u00e8res du salon 2022 Banni\u00e8re 300&#215;250 pxl Banni\u00e8re 728&#215;90 pxl Banni\u00e8re 300&#215;600 pxl &nbsp;&hellip;\" \/>\n<meta property=\"og:url\" content=\"https:\/\/www.salon-zenetbio.com\/le-reseau\/outils-salon-zen-bio-tours\/\" \/>\n<meta property=\"og:site_name\" content=\"Le r\u00e9seau ZEN&amp;BIO\" \/>\n<meta property=\"article:modified_time\" content=\"2022-04-21T16:05:06+00:00\" \/>\n<meta property=\"og:image\" content=\"https:\/\/www.salon-zenetbio.com\/le-reseau\/wp-content\/uploads\/sites\/6\/2018\/07\/ZENBIO_baseline.jpg\" \/>\n<meta name=\"twitter:card\" content=\"summary_large_image\" \/>\n<script type=\"application\/ld+json\" class=\"yoast-schema-graph\">{\"@context\":\"https:\\\/\\\/schema.org\",\"@graph\":[{\"@type\":\"WebPage\",\"@id\":\"https:\\\/\\\/www.salon-zenetbio.com\\\/le-reseau\\\/outils-salon-zen-bio-tours\\\/\",\"url\":\"https:\\\/\\\/www.salon-zenetbio.com\\\/le-reseau\\\/outils-salon-zen-bio-tours\\\/\",\"name\":\"Outils : Salon Zen & Bio Tours - Le r\u00e9seau ZEN&amp;BIO\",\"isPartOf\":{\"@id\":\"https:\\\/\\\/www.salon-zenetbio.com\\\/le-reseau\\\/#website\"},\"primaryImageOfPage\":{\"@id\":\"https:\\\/\\\/www.salon-zenetbio.com\\\/le-reseau\\\/outils-salon-zen-bio-tours\\\/#primaryimage\"},\"image\":{\"@id\":\"https:\\\/\\\/www.salon-zenetbio.com\\\/le-reseau\\\/outils-salon-zen-bio-tours\\\/#primaryimage\"},\"thumbnailUrl\":\"https:\\\/\\\/www.salon-zenetbio.com\\\/le-reseau\\\/wp-content\\\/uploads\\\/sites\\\/6\\\/2018\\\/07\\\/ZENBIO_baseline.jpg\",\"datePublished\":\"2019-01-03T09:46:58+00:00\",\"dateModified\":\"2022-04-21T16:05:06+00:00\",\"breadcrumb\":{\"@id\":\"https:\\\/\\\/www.salon-zenetbio.com\\\/le-reseau\\\/outils-salon-zen-bio-tours\\\/#breadcrumb\"},\"inLanguage\":\"fr-FR\",\"potentialAction\":[{\"@type\":\"ReadAction\",\"target\":[\"https:\\\/\\\/www.salon-zenetbio.com\\\/le-reseau\\\/outils-salon-zen-bio-tours\\\/\"]}]},{\"@type\":\"ImageObject\",\"inLanguage\":\"fr-FR\",\"@id\":\"https:\\\/\\\/www.salon-zenetbio.com\\\/le-reseau\\\/outils-salon-zen-bio-tours\\\/#primaryimage\",\"url\":\"https:\\\/\\\/www.salon-zenetbio.com\\\/le-reseau\\\/wp-content\\\/uploads\\\/sites\\\/6\\\/2018\\\/07\\\/ZENBIO_baseline.jpg\",\"contentUrl\":\"https:\\\/\\\/www.salon-zenetbio.com\\\/le-reseau\\\/wp-content\\\/uploads\\\/sites\\\/6\\\/2018\\\/07\\\/ZENBIO_baseline.jpg\",\"width\":2107,\"height\":615},{\"@type\":\"BreadcrumbList\",\"@id\":\"https:\\\/\\\/www.salon-zenetbio.com\\\/le-reseau\\\/outils-salon-zen-bio-tours\\\/#breadcrumb\",\"itemListElement\":[{\"@type\":\"ListItem\",\"position\":1,\"name\":\"Accueil\",\"item\":\"https:\\\/\\\/www.salon-zenetbio.com\\\/le-reseau\\\/\"},{\"@type\":\"ListItem\",\"position\":2,\"name\":\"Outils : Salon Zen &#038; Bio Tours\"}]},{\"@type\":\"WebSite\",\"@id\":\"https:\\\/\\\/www.salon-zenetbio.com\\\/le-reseau\\\/#website\",\"url\":\"https:\\\/\\\/www.salon-zenetbio.com\\\/le-reseau\\\/\",\"name\":\"Le r\u00e9seau ZEN&amp;BIO\",\"description\":\"Profitez du savoir-faire des salons ZEN&amp;BIO\",\"publisher\":{\"@id\":\"https:\\\/\\\/www.salon-zenetbio.com\\\/le-reseau\\\/#organization\"},\"potentialAction\":[{\"@type\":\"SearchAction\",\"target\":{\"@type\":\"EntryPoint\",\"urlTemplate\":\"https:\\\/\\\/www.salon-zenetbio.com\\\/le-reseau\\\/?s={search_term_string}\"},\"query-input\":{\"@type\":\"PropertyValueSpecification\",\"valueRequired\":true,\"valueName\":\"search_term_string\"}}],\"inLanguage\":\"fr-FR\"},{\"@type\":\"Organization\",\"@id\":\"https:\\\/\\\/www.salon-zenetbio.com\\\/le-reseau\\\/#organization\",\"name\":\"Le r\u00e9seau ZEN&amp;BIO\",\"url\":\"https:\\\/\\\/www.salon-zenetbio.com\\\/le-reseau\\\/\",\"logo\":{\"@type\":\"ImageObject\",\"inLanguage\":\"fr-FR\",\"@id\":\"https:\\\/\\\/www.salon-zenetbio.com\\\/le-reseau\\\/#\\\/schema\\\/logo\\\/image\\\/\",\"url\":\"https:\\\/\\\/www.salon-zenetbio.com\\\/le-reseau\\\/wp-content\\\/uploads\\\/sites\\\/6\\\/2017\\\/05\\\/RESEAU-zen-et-bio-1.jpg\",\"contentUrl\":\"https:\\\/\\\/www.salon-zenetbio.com\\\/le-reseau\\\/wp-content\\\/uploads\\\/sites\\\/6\\\/2017\\\/05\\\/RESEAU-zen-et-bio-1.jpg\",\"width\":210,\"height\":150,\"caption\":\"Le r\u00e9seau ZEN&amp;BIO\"},\"image\":{\"@id\":\"https:\\\/\\\/www.salon-zenetbio.com\\\/le-reseau\\\/#\\\/schema\\\/logo\\\/image\\\/\"}}]}<\/script>\n<!-- \/ Yoast SEO plugin. -->","yoast_head_json":{"title":"Outils : Salon Zen & Bio Tours - Le r\u00e9seau ZEN&amp;BIO","robots":{"index":"index","follow":"follow","max-snippet":"max-snippet:-1","max-image-preview":"max-image-preview:large","max-video-preview":"max-video-preview:-1"},"canonical":"https:\/\/www.salon-zenetbio.com\/le-reseau\/outils-salon-zen-bio-tours\/","og_locale":"fr_FR","og_type":"article","og_title":"Outils : Salon Zen & Bio Tours - Le r\u00e9seau ZEN&amp;BIO","og_description":"Retrouvez ici vos outils de communication pour le salon Zen &amp; Bio \u00e0 Tours : banni\u00e8res, affiches, logos, comptes r\u00e9seaux sociaux.\u00a0 L&rsquo;AFFICHE DU SALON\u00a0 Retrouvez prochainement l\u2019affiche du salon 2022 \u00a0 LE LOGO DU SALON \u00a0 VOS BANNI\u00c8RES Retrouvez prochainement les banni\u00e8res du salon 2022 Banni\u00e8re 300&#215;250 pxl Banni\u00e8re 728&#215;90 pxl Banni\u00e8re 300&#215;600 pxl &nbsp;&hellip;","og_url":"https:\/\/www.salon-zenetbio.com\/le-reseau\/outils-salon-zen-bio-tours\/","og_site_name":"Le r\u00e9seau ZEN&amp;BIO","article_modified_time":"2022-04-21T16:05:06+00:00","og_image":[{"url":"https:\/\/www.salon-zenetbio.com\/le-reseau\/wp-content\/uploads\/sites\/6\/2018\/07\/ZENBIO_baseline.jpg","type":"","width":"","height":""}],"twitter_card":"summary_large_image","schema":{"@context":"https:\/\/schema.org","@graph":[{"@type":"WebPage","@id":"https:\/\/www.salon-zenetbio.com\/le-reseau\/outils-salon-zen-bio-tours\/","url":"https:\/\/www.salon-zenetbio.com\/le-reseau\/outils-salon-zen-bio-tours\/","name":"Outils : Salon Zen & Bio Tours - Le r\u00e9seau ZEN&amp;BIO","isPartOf":{"@id":"https:\/\/www.salon-zenetbio.com\/le-reseau\/#website"},"primaryImageOfPage":{"@id":"https:\/\/www.salon-zenetbio.com\/le-reseau\/outils-salon-zen-bio-tours\/#primaryimage"},"image":{"@id":"https:\/\/www.salon-zenetbio.com\/le-reseau\/outils-salon-zen-bio-tours\/#primaryimage"},"thumbnailUrl":"https:\/\/www.salon-zenetbio.com\/le-reseau\/wp-content\/uploads\/sites\/6\/2018\/07\/ZENBIO_baseline.jpg","datePublished":"2019-01-03T09:46:58+00:00","dateModified":"2022-04-21T16:05:06+00:00","breadcrumb":{"@id":"https:\/\/www.salon-zenetbio.com\/le-reseau\/outils-salon-zen-bio-tours\/#breadcrumb"},"inLanguage":"fr-FR","potentialAction":[{"@type":"ReadAction","target":["https:\/\/www.salon-zenetbio.com\/le-reseau\/outils-salon-zen-bio-tours\/"]}]},{"@type":"ImageObject","inLanguage":"fr-FR","@id":"https:\/\/www.salon-zenetbio.com\/le-reseau\/outils-salon-zen-bio-tours\/#primaryimage","url":"https:\/\/www.salon-zenetbio.com\/le-reseau\/wp-content\/uploads\/sites\/6\/2018\/07\/ZENBIO_baseline.jpg","contentUrl":"https:\/\/www.salon-zenetbio.com\/le-reseau\/wp-content\/uploads\/sites\/6\/2018\/07\/ZENBIO_baseline.jpg","width":2107,"height":615},{"@type":"BreadcrumbList","@id":"https:\/\/www.salon-zenetbio.com\/le-reseau\/outils-salon-zen-bio-tours\/#breadcrumb","itemListElement":[{"@type":"ListItem","position":1,"name":"Accueil","item":"https:\/\/www.salon-zenetbio.com\/le-reseau\/"},{"@type":"ListItem","position":2,"name":"Outils : Salon Zen &#038; Bio Tours"}]},{"@type":"WebSite","@id":"https:\/\/www.salon-zenetbio.com\/le-reseau\/#website","url":"https:\/\/www.salon-zenetbio.com\/le-reseau\/","name":"Le r\u00e9seau ZEN&amp;BIO","description":"Profitez du savoir-faire des salons ZEN&amp;BIO","publisher":{"@id":"https:\/\/www.salon-zenetbio.com\/le-reseau\/#organization"},"potentialAction":[{"@type":"SearchAction","target":{"@type":"EntryPoint","urlTemplate":"https:\/\/www.salon-zenetbio.com\/le-reseau\/?s={search_term_string}"},"query-input":{"@type":"PropertyValueSpecification","valueRequired":true,"valueName":"search_term_string"}}],"inLanguage":"fr-FR"},{"@type":"Organization","@id":"https:\/\/www.salon-zenetbio.com\/le-reseau\/#organization","name":"Le r\u00e9seau ZEN&amp;BIO","url":"https:\/\/www.salon-zenetbio.com\/le-reseau\/","logo":{"@type":"ImageObject","inLanguage":"fr-FR","@id":"https:\/\/www.salon-zenetbio.com\/le-reseau\/#\/schema\/logo\/image\/","url":"https:\/\/www.salon-zenetbio.com\/le-reseau\/wp-content\/uploads\/sites\/6\/2017\/05\/RESEAU-zen-et-bio-1.jpg","contentUrl":"https:\/\/www.salon-zenetbio.com\/le-reseau\/wp-content\/uploads\/sites\/6\/2017\/05\/RESEAU-zen-et-bio-1.jpg","width":210,"height":150,"caption":"Le r\u00e9seau ZEN&amp;BIO"},"image":{"@id":"https:\/\/www.salon-zenetbio.com\/le-reseau\/#\/schema\/logo\/image\/"}}]}},"jetpack_sharing_enabled":true,"jetpack_shortlink":"https:\/\/wp.me\/P9aNoA-16d","_links":{"self":[{"href":"https:\/\/www.salon-zenetbio.com\/le-reseau\/wp-json\/wp\/v2\/pages\/4229","targetHints":{"allow":["GET"]}}],"collection":[{"href":"https:\/\/www.salon-zenetbio.com\/le-reseau\/wp-json\/wp\/v2\/pages"}],"about":[{"href":"https:\/\/www.salon-zenetbio.com\/le-reseau\/wp-json\/wp\/v2\/types\/page"}],"author":[{"embeddable":true,"href":"https:\/\/www.salon-zenetbio.com\/le-reseau\/wp-json\/wp\/v2\/users\/1"}],"replies":[{"embeddable":true,"href":"https:\/\/www.salon-zenetbio.com\/le-reseau\/wp-json\/wp\/v2\/comments?post=4229"}],"version-history":[{"count":12,"href":"https:\/\/www.salon-zenetbio.com\/le-reseau\/wp-json\/wp\/v2\/pages\/4229\/revisions"}],"predecessor-version":[{"id":4801,"href":"https:\/\/www.salon-zenetbio.com\/le-reseau\/wp-json\/wp\/v2\/pages\/4229\/revisions\/4801"}],"wp:attachment":[{"href":"https:\/\/www.salon-zenetbio.com\/le-reseau\/wp-json\/wp\/v2\/media?parent=4229"}],"curies":[{"name":"wp","href":"https:\/\/api.w.org\/{rel}","templated":true}]}}