{"id":4720,"date":"2022-01-27T15:42:20","date_gmt":"2022-01-27T14:42:20","guid":{"rendered":"https:\/\/www.salon-zenetbio.com\/le-reseau\/?page_id=4720"},"modified":"2024-06-20T12:21:46","modified_gmt":"2024-06-20T10:21:46","slug":"portrait-exposant","status":"publish","type":"page","link":"https:\/\/www.salon-zenetbio.com\/le-reseau\/portrait-exposant\/","title":{"rendered":"Portrait exposant"},"content":{"rendered":"\n<div class=\"wpcf7 no-js\" id=\"wpcf7-f4719-o1\" lang=\"fr-FR\" dir=\"ltr\" data-wpcf7-id=\"4719\">\n<div class=\"screen-reader-response\"><p role=\"status\" aria-live=\"polite\" aria-atomic=\"true\"><\/p> <ul><\/ul><\/div>\n<form action=\"\/le-reseau\/wp-json\/wp\/v2\/pages\/4720#wpcf7-f4719-o1\" method=\"post\" class=\"wpcf7-form init\" aria-label=\"Formulaire de contact\" enctype=\"multipart\/form-data\" novalidate=\"novalidate\" data-status=\"init\">\n<fieldset class=\"hidden-fields-container\"><input type=\"hidden\" name=\"_wpcf7\" value=\"4719\" \/><input type=\"hidden\" name=\"_wpcf7_version\" value=\"6.1.5\" \/><input type=\"hidden\" name=\"_wpcf7_locale\" value=\"fr_FR\" \/><input type=\"hidden\" name=\"_wpcf7_unit_tag\" value=\"wpcf7-f4719-o1\" \/><input type=\"hidden\" name=\"_wpcf7_container_post\" value=\"0\" \/><input type=\"hidden\" name=\"_wpcf7_posted_data_hash\" value=\"\" \/><input type=\"hidden\" name=\"_wpcf7_recaptcha_response\" value=\"\" \/>\n<\/fieldset>\n<p>Vos informations seront pr\u00e9sent\u00e9es aux visiteurs via <strong>le site internet du salon<\/strong>, sur <strong>les r\u00e9seaux sociaux<\/strong> et via <strong>des affiches A3 pr\u00e9sent\u00e9es durant 3 jours sur le salon<\/strong>.\n<\/p>\n<p>&nbsp;\n<\/p>\n<p><strong><span style=\"color: red;\">Attention ! Les demandes de portraits ne pourront pas n\u00e9cessairement \u00eatre prises en compte dans les 15 jours pr\u00e9c\u00e9dant l'ouverture de chaque salon.<\/span><\/strong>\n<\/p>\n<p>&nbsp;\n<\/p>\n<p><label> <strong>Quel est le nom de votre d'enseigne ? <span style=\"color: red;\">*<\/span><\/strong> (<i>obligatoire<\/i>)<br \/>\n<span class=\"wpcf7-form-control-wrap\" data-name=\"your-societe\"><input size=\"40\" maxlength=\"400\" class=\"wpcf7-form-control wpcf7-text wpcf7-validates-as-required\" aria-required=\"true\" aria-invalid=\"false\" value=\"\" type=\"text\" name=\"your-societe\" \/><\/span> <\/label>\n<\/p>\n<p><strong>Sur quel(s) salon(s) exposez-vous ? <span style=\"color: red;\">*<\/span><\/strong> (<i>obligatoire<\/i>)<br \/>\n<label><span class=\"wpcf7-form-control-wrap\" data-name=\"choix_salons\"><span class=\"wpcf7-form-control wpcf7-checkbox wpcf7-validates-as-required\"><span class=\"wpcf7-list-item first\"><label><input type=\"checkbox\" name=\"choix_salons[]\" value=\"Respire La Vie Rennes\" \/><span class=\"wpcf7-list-item-label\">Respire La Vie Rennes<\/span><\/label><\/span><span class=\"wpcf7-list-item\"><label><input type=\"checkbox\" name=\"choix_salons[]\" value=\"Zen &amp; Bio Angers\" \/><span class=\"wpcf7-list-item-label\">Zen &amp; Bio Angers<\/span><\/label><\/span><span class=\"wpcf7-list-item\"><label><input type=\"checkbox\" name=\"choix_salons[]\" value=\"NaturaBio Lille\" \/><span class=\"wpcf7-list-item-label\">NaturaBio Lille<\/span><\/label><\/span><span class=\"wpcf7-list-item\"><label><input type=\"checkbox\" name=\"choix_salons[]\" value=\"Zen &amp; Bio Nantes\" \/><span class=\"wpcf7-list-item-label\">Zen &amp; Bio Nantes<\/span><\/label><\/span><span class=\"wpcf7-list-item\"><label><input type=\"checkbox\" name=\"choix_salons[]\" value=\"Artemisia Marseille\" \/><span class=\"wpcf7-list-item-label\">Artemisia Marseille<\/span><\/label><\/span><span class=\"wpcf7-list-item last\"><label><input type=\"checkbox\" name=\"choix_salons[]\" value=\"Zen &amp; Bio Lyon\" \/><span class=\"wpcf7-list-item-label\">Zen &amp; Bio Lyon<\/span><\/label><\/span><\/span><\/span><\/label>\n<\/p>\n<p><label> <strong> Si vous pouviez avoir un super-pouvoir, lequel choisiriez-vous et pourquoi ? <span style=\"color: red;\">*<\/span><\/strong> (<i>obligatoire<\/i>)<br \/>\n(<i>130 caract\u00e8res maximum<\/i>)<br \/>\n<span class=\"wpcf7-form-control-wrap\" data-name=\"super-pouvoir\"><textarea cols=\"40\" rows=\"10\" maxlength=\"130\" class=\"wpcf7-form-control wpcf7-textarea\" aria-invalid=\"false\" name=\"super-pouvoir\"><\/textarea><\/span> <\/label>\n<\/p>\n<p><label> <strong> Si vous pouviez d\u00eener avec une personne c\u00e9l\u00e8bre, vivante ou d\u00e9c\u00e9d\u00e9e, qui serait-ce et pourquoi ? <span style=\"color: red;\">*<\/span><\/strong> (<i>obligatoire<\/i>)<br \/>\n(<i>130 caract\u00e8res maximum<\/i>)<br \/>\n<span class=\"wpcf7-form-control-wrap\" data-name=\"celebrite\"><textarea cols=\"40\" rows=\"10\" maxlength=\"130\" class=\"wpcf7-form-control wpcf7-textarea\" aria-invalid=\"false\" name=\"celebrite\"><\/textarea><\/span><\/label>\n<\/p>\n<p><label> <strong> Si vous deviez choisir une chanson pour repr\u00e9senter votre activit\u00e9, laquelle serait-elle ? <span style=\"color: red;\">*<\/span><\/strong> (<i>obligatoire<\/i>)<br \/>\n(<i>130 caract\u00e8res maximum<\/i>)<br \/>\n<span class=\"wpcf7-form-control-wrap\" data-name=\"chanson\"><textarea cols=\"40\" rows=\"10\" maxlength=\"130\" class=\"wpcf7-form-control wpcf7-textarea\" aria-invalid=\"false\" name=\"chanson\"><\/textarea><\/span><\/label>\n<\/p>\n<p><label> <strong> Pr\u00e9sentez bri\u00e8vement votre activit\u00e9 pour que les visiteurs sachent imm\u00e9diatement qui vous \u00eates. <span style=\"color: red;\">*<\/span><\/strong> (<i>obligatoire<\/i>)<br \/>\n(<i>1000 caract\u00e8res maximum<\/i>)<br \/>\n<span class=\"wpcf7-form-control-wrap\" data-name=\"your-presentation\"><textarea cols=\"40\" rows=\"10\" maxlength=\"1000\" class=\"wpcf7-form-control wpcf7-textarea wpcf7-validates-as-required\" aria-required=\"true\" aria-invalid=\"false\" name=\"your-presentation\"><\/textarea><\/span> <\/label>\n<\/p>\n<p><label> <strong> Quel est votre \u00ab incontournable \u00bb \u00e0 trouver sur votre stand ? <span style=\"color: red;\">*<\/span><\/strong> (<i>obligatoire<\/i>)<br \/>\n(<i>1000 caract\u00e8res maximum<\/i>)<br \/>\n<span class=\"wpcf7-form-control-wrap\" data-name=\"your-produit\"><textarea cols=\"40\" rows=\"10\" maxlength=\"1000\" class=\"wpcf7-form-control wpcf7-textarea wpcf7-validates-as-required\" aria-required=\"true\" aria-invalid=\"false\" name=\"your-produit\"><\/textarea><\/span> <\/label>\n<\/p>\n<p><strong>Merci de nous joindre des visuels de qualit\u00e9 (photos de vous et\/ou de l'\u00e9quipe, du stand de l'an pass\u00e9, des produits\u2026)<br \/>\nCela est indispensable pour faire le relai sur internet et les r\u00e9seaux sociaux.<\/strong><br \/>\nLes images doivent :<br \/>\n- \u00eatre au format \".jpg\" ou \".png\"<br \/>\n- d'une taille maximale de 2MO<br \/>\n- en paysage et portrait\n<\/p>\n<p><label> <strong>Image 1 : <span style=\"color: red;\">*<\/span><\/strong> (<i>obligatoire<\/i>)<br \/>\n<span class=\"wpcf7-form-control-wrap\" data-name=\"photo-1\"><input size=\"40\" class=\"wpcf7-form-control wpcf7-file\" accept=\".jpeg,.jpg,.png,.tif,.pdf,.svg,.webp,.bmp,.gif,.heif\" aria-invalid=\"false\" type=\"file\" name=\"photo-1\" \/><\/span> <\/label><br \/>\n<label> <strong> Image 2 : <\/strong><br \/>\n<span class=\"wpcf7-form-control-wrap\" data-name=\"photo-2\"><input size=\"40\" class=\"wpcf7-form-control wpcf7-file\" accept=\".jpeg,.jpg,.png,.tif,.pdf,.svg,.webp,.bmp,.gif,.heif\" aria-invalid=\"false\" type=\"file\" name=\"photo-2\" \/><\/span><\/label>\n<\/p>\n<p><label> <strong>Votre adresse email : <span style=\"color: red;\">*<\/span><\/strong> (<i>obligatoire<\/i>)<br \/>\n<span class=\"wpcf7-form-control-wrap\" data-name=\"email-720\"><input size=\"40\" maxlength=\"400\" class=\"wpcf7-form-control wpcf7-email wpcf7-validates-as-required wpcf7-text wpcf7-validates-as-email\" aria-required=\"true\" aria-invalid=\"false\" value=\"\" type=\"email\" name=\"email-720\" \/><\/span><\/label>\n<\/p>\n<p><label> <strong> Votre site internet :<br \/>\n<span class=\"wpcf7-form-control-wrap\" data-name=\"url-538\"><input size=\"40\" maxlength=\"400\" class=\"wpcf7-form-control wpcf7-url wpcf7-text wpcf7-validates-as-url\" aria-invalid=\"false\" value=\"\" type=\"url\" name=\"url-538\" \/><\/span><\/strong><\/label>\n<\/p>\n<p><label> <strong> Merci de nous indiquer sur quels r\u00e9seaux sociaux vous \u00eates pr\u00e9sents, ainsi que vos identifiants ou liens associ\u00e9s.<br \/>\n<span class=\"wpcf7-form-control-wrap\" data-name=\"reseaux-sociaux\"><textarea cols=\"40\" rows=\"10\" maxlength=\"2000\" class=\"wpcf7-form-control wpcf7-textarea\" aria-invalid=\"false\" name=\"reseaux-sociaux\"><\/textarea><\/span> <\/strong><\/label>\n<\/p>\n<p><input class=\"wpcf7-form-control wpcf7-submit has-spinner\" type=\"submit\" value=\"Envoyer\" \/>\n<\/p><p style=\"display: none !important;\" class=\"akismet-fields-container\" data-prefix=\"_wpcf7_ak_\"><label>&#916;<textarea name=\"_wpcf7_ak_hp_textarea\" cols=\"45\" rows=\"8\" maxlength=\"100\"><\/textarea><\/label><input type=\"hidden\" id=\"ak_js_1\" name=\"_wpcf7_ak_js\" value=\"105\"\/><script>document.getElementById( \"ak_js_1\" ).setAttribute( \"value\", ( new Date() ).getTime() );<\/script><\/p><div class=\"wpcf7-response-output\" aria-hidden=\"true\"><\/div>\n<\/form>\n<\/div>\n\n","protected":false},"excerpt":{"rendered":"","protected":false},"author":1,"featured_media":0,"parent":0,"menu_order":0,"comment_status":"closed","ping_status":"closed","template":"","meta":{"_monsterinsights_skip_tracking":false,"_monsterinsights_sitenote_active":false,"_monsterinsights_sitenote_note":"","_monsterinsights_sitenote_category":0,"jetpack_post_was_ever_published":false,"footnotes":""},"class_list":["post-4720","page","type-page","status-publish","hentry"],"yoast_head":"<!-- This site is optimized with the Yoast SEO plugin v27.3 - https:\/\/yoast.com\/product\/yoast-seo-wordpress\/ -->\n<title>Portrait exposant - Le r\u00e9seau ZEN&amp;BIO<\/title>\n<meta name=\"robots\" content=\"index, follow, max-snippet:-1, max-image-preview:large, max-video-preview:-1\" \/>\n<link rel=\"canonical\" href=\"http:\/\/www.salon-zenetbio.com\/le-reseau\/portrait-exposant\/\" \/>\n<meta property=\"og:locale\" content=\"fr_FR\" \/>\n<meta property=\"og:type\" content=\"article\" \/>\n<meta property=\"og:title\" content=\"Portrait exposant - Le r\u00e9seau ZEN&amp;BIO\" \/>\n<meta property=\"og:url\" content=\"http:\/\/www.salon-zenetbio.com\/le-reseau\/portrait-exposant\/\" \/>\n<meta property=\"og:site_name\" content=\"Le r\u00e9seau ZEN&amp;BIO\" \/>\n<meta property=\"article:modified_time\" content=\"2024-06-20T10:21:46+00:00\" \/>\n<meta name=\"twitter:card\" content=\"summary_large_image\" \/>\n<meta name=\"twitter:label1\" content=\"Dur\u00e9e de lecture estim\u00e9e\" \/>\n\t<meta name=\"twitter:data1\" content=\"1 minute\" \/>\n<script type=\"application\/ld+json\" class=\"yoast-schema-graph\">{\"@context\":\"https:\\\/\\\/schema.org\",\"@graph\":[{\"@type\":\"WebPage\",\"@id\":\"http:\\\/\\\/www.salon-zenetbio.com\\\/le-reseau\\\/portrait-exposant\\\/\",\"url\":\"http:\\\/\\\/www.salon-zenetbio.com\\\/le-reseau\\\/portrait-exposant\\\/\",\"name\":\"Portrait exposant - Le r\u00e9seau ZEN&amp;BIO\",\"isPartOf\":{\"@id\":\"https:\\\/\\\/www.salon-zenetbio.com\\\/le-reseau\\\/#website\"},\"datePublished\":\"2022-01-27T14:42:20+00:00\",\"dateModified\":\"2024-06-20T10:21:46+00:00\",\"breadcrumb\":{\"@id\":\"http:\\\/\\\/www.salon-zenetbio.com\\\/le-reseau\\\/portrait-exposant\\\/#breadcrumb\"},\"inLanguage\":\"fr-FR\",\"potentialAction\":[{\"@type\":\"ReadAction\",\"target\":[\"http:\\\/\\\/www.salon-zenetbio.com\\\/le-reseau\\\/portrait-exposant\\\/\"]}]},{\"@type\":\"BreadcrumbList\",\"@id\":\"http:\\\/\\\/www.salon-zenetbio.com\\\/le-reseau\\\/portrait-exposant\\\/#breadcrumb\",\"itemListElement\":[{\"@type\":\"ListItem\",\"position\":1,\"name\":\"Accueil\",\"item\":\"https:\\\/\\\/www.salon-zenetbio.com\\\/le-reseau\\\/\"},{\"@type\":\"ListItem\",\"position\":2,\"name\":\"Portrait exposant\"}]},{\"@type\":\"WebSite\",\"@id\":\"https:\\\/\\\/www.salon-zenetbio.com\\\/le-reseau\\\/#website\",\"url\":\"https:\\\/\\\/www.salon-zenetbio.com\\\/le-reseau\\\/\",\"name\":\"Le r\u00e9seau ZEN&amp;BIO\",\"description\":\"Profitez du savoir-faire des salons ZEN&amp;BIO\",\"publisher\":{\"@id\":\"https:\\\/\\\/www.salon-zenetbio.com\\\/le-reseau\\\/#organization\"},\"potentialAction\":[{\"@type\":\"SearchAction\",\"target\":{\"@type\":\"EntryPoint\",\"urlTemplate\":\"https:\\\/\\\/www.salon-zenetbio.com\\\/le-reseau\\\/?s={search_term_string}\"},\"query-input\":{\"@type\":\"PropertyValueSpecification\",\"valueRequired\":true,\"valueName\":\"search_term_string\"}}],\"inLanguage\":\"fr-FR\"},{\"@type\":\"Organization\",\"@id\":\"https:\\\/\\\/www.salon-zenetbio.com\\\/le-reseau\\\/#organization\",\"name\":\"Le r\u00e9seau ZEN&amp;BIO\",\"url\":\"https:\\\/\\\/www.salon-zenetbio.com\\\/le-reseau\\\/\",\"logo\":{\"@type\":\"ImageObject\",\"inLanguage\":\"fr-FR\",\"@id\":\"https:\\\/\\\/www.salon-zenetbio.com\\\/le-reseau\\\/#\\\/schema\\\/logo\\\/image\\\/\",\"url\":\"https:\\\/\\\/www.salon-zenetbio.com\\\/le-reseau\\\/wp-content\\\/uploads\\\/sites\\\/6\\\/2017\\\/05\\\/RESEAU-zen-et-bio-1.jpg\",\"contentUrl\":\"https:\\\/\\\/www.salon-zenetbio.com\\\/le-reseau\\\/wp-content\\\/uploads\\\/sites\\\/6\\\/2017\\\/05\\\/RESEAU-zen-et-bio-1.jpg\",\"width\":210,\"height\":150,\"caption\":\"Le r\u00e9seau ZEN&amp;BIO\"},\"image\":{\"@id\":\"https:\\\/\\\/www.salon-zenetbio.com\\\/le-reseau\\\/#\\\/schema\\\/logo\\\/image\\\/\"}}]}<\/script>\n<!-- \/ Yoast SEO plugin. -->","yoast_head_json":{"title":"Portrait exposant - Le r\u00e9seau ZEN&amp;BIO","robots":{"index":"index","follow":"follow","max-snippet":"max-snippet:-1","max-image-preview":"max-image-preview:large","max-video-preview":"max-video-preview:-1"},"canonical":"http:\/\/www.salon-zenetbio.com\/le-reseau\/portrait-exposant\/","og_locale":"fr_FR","og_type":"article","og_title":"Portrait exposant - Le r\u00e9seau ZEN&amp;BIO","og_url":"http:\/\/www.salon-zenetbio.com\/le-reseau\/portrait-exposant\/","og_site_name":"Le r\u00e9seau ZEN&amp;BIO","article_modified_time":"2024-06-20T10:21:46+00:00","twitter_card":"summary_large_image","twitter_misc":{"Dur\u00e9e de lecture estim\u00e9e":"1 minute"},"schema":{"@context":"https:\/\/schema.org","@graph":[{"@type":"WebPage","@id":"http:\/\/www.salon-zenetbio.com\/le-reseau\/portrait-exposant\/","url":"http:\/\/www.salon-zenetbio.com\/le-reseau\/portrait-exposant\/","name":"Portrait exposant - Le r\u00e9seau ZEN&amp;BIO","isPartOf":{"@id":"https:\/\/www.salon-zenetbio.com\/le-reseau\/#website"},"datePublished":"2022-01-27T14:42:20+00:00","dateModified":"2024-06-20T10:21:46+00:00","breadcrumb":{"@id":"http:\/\/www.salon-zenetbio.com\/le-reseau\/portrait-exposant\/#breadcrumb"},"inLanguage":"fr-FR","potentialAction":[{"@type":"ReadAction","target":["http:\/\/www.salon-zenetbio.com\/le-reseau\/portrait-exposant\/"]}]},{"@type":"BreadcrumbList","@id":"http:\/\/www.salon-zenetbio.com\/le-reseau\/portrait-exposant\/#breadcrumb","itemListElement":[{"@type":"ListItem","position":1,"name":"Accueil","item":"https:\/\/www.salon-zenetbio.com\/le-reseau\/"},{"@type":"ListItem","position":2,"name":"Portrait exposant"}]},{"@type":"WebSite","@id":"https:\/\/www.salon-zenetbio.com\/le-reseau\/#website","url":"https:\/\/www.salon-zenetbio.com\/le-reseau\/","name":"Le r\u00e9seau ZEN&amp;BIO","description":"Profitez du savoir-faire des salons ZEN&amp;BIO","publisher":{"@id":"https:\/\/www.salon-zenetbio.com\/le-reseau\/#organization"},"potentialAction":[{"@type":"SearchAction","target":{"@type":"EntryPoint","urlTemplate":"https:\/\/www.salon-zenetbio.com\/le-reseau\/?s={search_term_string}"},"query-input":{"@type":"PropertyValueSpecification","valueRequired":true,"valueName":"search_term_string"}}],"inLanguage":"fr-FR"},{"@type":"Organization","@id":"https:\/\/www.salon-zenetbio.com\/le-reseau\/#organization","name":"Le r\u00e9seau ZEN&amp;BIO","url":"https:\/\/www.salon-zenetbio.com\/le-reseau\/","logo":{"@type":"ImageObject","inLanguage":"fr-FR","@id":"https:\/\/www.salon-zenetbio.com\/le-reseau\/#\/schema\/logo\/image\/","url":"https:\/\/www.salon-zenetbio.com\/le-reseau\/wp-content\/uploads\/sites\/6\/2017\/05\/RESEAU-zen-et-bio-1.jpg","contentUrl":"https:\/\/www.salon-zenetbio.com\/le-reseau\/wp-content\/uploads\/sites\/6\/2017\/05\/RESEAU-zen-et-bio-1.jpg","width":210,"height":150,"caption":"Le r\u00e9seau ZEN&amp;BIO"},"image":{"@id":"https:\/\/www.salon-zenetbio.com\/le-reseau\/#\/schema\/logo\/image\/"}}]}},"jetpack_sharing_enabled":true,"jetpack_shortlink":"https:\/\/wp.me\/P9aNoA-1e8","_links":{"self":[{"href":"https:\/\/www.salon-zenetbio.com\/le-reseau\/wp-json\/wp\/v2\/pages\/4720","targetHints":{"allow":["GET"]}}],"collection":[{"href":"https:\/\/www.salon-zenetbio.com\/le-reseau\/wp-json\/wp\/v2\/pages"}],"about":[{"href":"https:\/\/www.salon-zenetbio.com\/le-reseau\/wp-json\/wp\/v2\/types\/page"}],"author":[{"embeddable":true,"href":"https:\/\/www.salon-zenetbio.com\/le-reseau\/wp-json\/wp\/v2\/users\/1"}],"replies":[{"embeddable":true,"href":"https:\/\/www.salon-zenetbio.com\/le-reseau\/wp-json\/wp\/v2\/comments?post=4720"}],"version-history":[{"count":1,"href":"https:\/\/www.salon-zenetbio.com\/le-reseau\/wp-json\/wp\/v2\/pages\/4720\/revisions"}],"predecessor-version":[{"id":4721,"href":"https:\/\/www.salon-zenetbio.com\/le-reseau\/wp-json\/wp\/v2\/pages\/4720\/revisions\/4721"}],"wp:attachment":[{"href":"https:\/\/www.salon-zenetbio.com\/le-reseau\/wp-json\/wp\/v2\/media?parent=4720"}],"curies":[{"name":"wp","href":"https:\/\/api.w.org\/{rel}","templated":true}]}}