{"id":10622,"date":"2024-03-21T12:22:58","date_gmt":"2024-03-21T11:22:58","guid":{"rendered":"https:\/\/www.salon-zenetbio.com\/lyon\/?page_id=10622"},"modified":"2024-03-21T12:22:58","modified_gmt":"2024-03-21T11:22:58","slug":"conferences-2023","status":"publish","type":"page","link":"https:\/\/www.salon-zenetbio.com\/lyon\/conferences-2023\/","title":{"rendered":"Conf\u00e9rences 2023"},"content":{"rendered":"<p>Les conf\u00e9rences exposants vous permettent de rencontrer des professionnels et d\u2019apprendre \u00e0 \u00e9vacuer votre stress, \u00e0 prendre soin de vous et \u00e0 faire le plein d\u2019\u00e9nergie en d\u00e9couvrant des nouveaux produits ou m\u00e9thodes.<\/p>\n<p>Des conf\u00e9rences sont organis\u00e9es pour permettre au public de d\u00e9couvrir et mieux comprendre les m\u00e9thodes et les produits pr\u00e9sent\u00e9s sur le salon.<\/p>\n<p><strong><span style=\"color: #4fad5b;\"> Salle DE LA T\u00caTE D&rsquo;OR<\/span><\/strong><br \/>\n<span style=\"color: #4fadea;\"><strong>Salle BELLECOUR<\/strong><\/span><br \/>\n<span style=\"color: #de8344;\"><strong>Salle CROIX ROUSSE<\/strong><\/span><\/p>\n<h2>Vendredi 17 novembre<\/h2>\n<p><span style=\"color: #4fadea;\"><strong><span style=\"color: #4fad5b;\">10:30<\/span> <\/strong><\/span>Fatigu\u00e9(e) de la fatigue ? La Vit C Liposomale par un expert et Dr en pharmacie<em><strong> &#8211; Vincent Delannoy<\/strong><\/em><span style=\"color: #4fadea;\"><strong><br \/>\n11:00<\/strong><\/span> La r\u00e9volution v\u00e9g\u00e9tale : comment une alimentation \u00e0 base de plantes peut transformer notre soci\u00e9t\u00e9 ? <em><strong>&#8211; Victoria Scherrer &amp; Vanessa Epp<\/strong><\/em><br \/>\n<span style=\"color: #de8344;\"><strong>11:00<\/strong><\/span> Bienfaits, utilisation des min\u00e9raux <em><strong>&#8211; Jean-Claude Kennedec<\/strong><\/em><br \/>\n<span style=\"color: #4fad5b;\"><strong>11:30<\/strong><\/span> Je soigne mon arthrose <em><strong>&#8211; Laura Azenard<\/strong><\/em><br \/>\n<span style=\"color: #4fadea;\"><strong>12:00<\/strong><\/span> Le yoga des yeux, exercices oculaires, conseils pour une bonne vision <em><strong>&#8211; Philippe Cleyet-Merle<br \/>\n<\/strong><\/em><span style=\"color: #de8344;\"><strong>12:00 <\/strong><\/span>Fatigu\u00e9(e) de la fatigue ? La Vit C Liposomale par un expert et Dr en pharmacie <em><strong>&#8211; Vincent Delannoy<\/strong><\/em><br \/>\n<span style=\"color: #4fad5b;\"><strong>13:00<\/strong><\/span> Le dessous des cartes de l&rsquo;eau<em><strong> &#8211; Jan Vansinte<\/strong><\/em><br \/>\n<span style=\"color: #4fadea;\"><strong>13:00<\/strong><\/span> Le ventre, notre premier cerveau ! Comment prendre soin de notre microbiote au quotidien<em><strong> &#8211; Laure Hyvernat<\/strong><\/em><br \/>\n<span style=\"color: #de8344;\"><strong>13:00<\/strong><\/span> Argile &#8211; S\u00e8ve de bouleau &#8211; Eau de quinton : 3 solutions naturelles fondamentales pour notre immunit\u00e9 <em><strong>&#8211; Gr\u00e9goire Cadeau<\/strong><\/em><br \/>\n<span style=\"color: #4fad5b;\"><strong>14:00<\/strong><\/span> Les plantes sauvages au secours de nos articulations et de notre sant\u00e9. Les bons conseils du P\u00e8re Jean<em> <strong>&#8211; Jean-p\u00f4l Clesse<\/strong><\/em><br \/>\n<span style=\"color: #4fadea;\"><strong>14:00<\/strong> <\/span>Retrouver et gu\u00e9rir son enfant int\u00e9rieur : La R\u00e9silience. Gu\u00e9rir le pass\u00e9 pour vivre pleinement l\u2019instant pr\u00e9sent <em><strong>&#8211; H\u00e9l\u00e8ne Girardin<\/strong><\/em><br \/>\n<span style=\"color: #de8344;\"><strong>14:00<\/strong><\/span> Une belle peau ! Probl\u00e8mes de peau : psoriasis, ecz\u00e9ma, de pigmentation, vitiligo, peau s\u00e8che\u2026 <em><strong>&#8211; France Guillain<\/strong><\/em><br \/>\n<span style=\"color: #4fad5b;\"><strong>15:00<\/strong><\/span> Un outil pratique et objectif pour vous aider dans vos choix et vous guider dans l\u2019accomplissement de vos projets <em><strong>&#8211; Sylvia Cordonnier<\/strong><\/em><br \/>\n<span style=\"color: #4fadea;\"><strong>15:00<\/strong><\/span> Comment transformer les ondes \u00e9lectromagn\u00e9tiques nuisibles en ondes favorables aux vivants \u00e0 l&rsquo;aide d&rsquo;ondes scalaires ? <em><strong>&#8211; Hubert Mauerer<\/strong><\/em><br \/>\n<span style=\"color: #de8344;\"><strong>15:00<\/strong><\/span> Comment vous lib\u00e9rer de vos souffrances, difficult\u00e9s et r\u00e9p\u00e9titions de vie avec la m\u00e9decine quantique ? <em><strong>&#8211; R\u00e9gis Grouard<\/strong><\/em><br \/>\n<span style=\"color: #4fadea;\"><strong>16:00<\/strong><\/span> La pens\u00e9e positive et la loi d&rsquo;attraction par les \u00e9nergies des lettres berb\u00e8re <em><strong>&#8211; Ben Azri<\/strong><\/em><br \/>\n<span style=\"color: #de8344;\"><strong>16:00<\/strong><\/span> Gu\u00e9rir les blessures du pass\u00e9 pour mieux vivre l\u2019instant pr\u00e9sent : les 6 phases d\u2019acc\u00e8s au L\u00e2cher Prise<em><strong> &#8211; H\u00e9l\u00e8ne Girardin<\/strong><\/em><br \/>\n<span style=\"color: #4fad5b;\"><strong>16:30<\/strong><\/span> Incroyable pouvoir de l&rsquo;acupuncture ! Quelle acupuncture pour am\u00e9liorer la sant\u00e9 au quotidien ? <em><strong>&#8211; Hwang Chang<\/strong><\/em><br \/>\n<span style=\"color: #4fadea;\"><strong>17:00<\/strong><\/span> La r\u00e9g\u00e9n\u00e9ration cellulaire par l&rsquo;AFA booster de cellules souches <em><strong>&#8211; Patrice Badet<\/strong><\/em><br \/>\n<span style=\"color: #de8344;\"><strong>17:00<\/strong><\/span> Le yoga des yeux, une approche holistique de la vision <em><strong>&#8211; Philippe Cleyet-Merle<\/strong><\/em><br \/>\n<span style=\"color: #4fad5b;\"><strong>17:30<\/strong><\/span> Ecouter sans capituler ? <em><strong>&#8211; Ateliers Gordon<\/strong><\/em><br \/>\n<span style=\"color: #4fadea;\"><strong>18:00<\/strong><\/span> L&rsquo;holopsonie : une approche de mieux-\u00eatre par les sons <em><strong>&#8211; Lucile Bourdin<br \/>\n<\/strong><\/em><strong><span style=\"color: #de8344;\">18:00<\/span><\/strong>\u00a0Les intelligences et natures multiples comme boussole int\u00e9rieure <em><strong>&#8211; Sacha Lacoste<\/strong><strong><br \/>\n<\/strong><\/em><\/p>\n<h2>Samedi 18 novembre<\/h2>\n<p><span style=\"color: #4fad5b;\"><strong>10:30<\/strong><\/span> Percevoir et dialoguer avec l&rsquo;aura : une clef de la chromobiologie sensitive<em> <strong>&#8211; Karine Griffoin<\/strong><\/em><br \/>\n<span style=\"color: #4fadea;\"><strong>11:00<\/strong><\/span> Fatigu\u00e9(e) de la fatigue ? La Vit C Liposomale par un expert et Dr en pharmacie<em><strong> &#8211; Vincent Delannoy<\/strong><\/em><br \/>\n<span style=\"color: #de8344;\"><strong>11:00<\/strong><\/span> Le dessous des cartes de l&rsquo;eau <em><strong>&#8211; Jan Vansinte<\/strong><\/em><br \/>\n<span style=\"color: #4fad5b;\"><strong>11:30<\/strong><\/span> D\u00e9velopper son royaume int\u00e9rieur <em><strong>&#8211; Anne-Laure Boselli<\/strong><\/em><br \/>\n<span style=\"color: #4fadea;\"><strong>12:00<\/strong><\/span> Les synchronicit\u00e9s <em><strong>&#8211; \u00c9ric Fournier<\/strong><\/em><br \/>\n<span style=\"color: #de8344;\"><strong>12:00<\/strong><\/span> Bienfaits, utilisation des min\u00e9raux <em><strong>&#8211; Jean-Claude Kennedec<\/strong><\/em><br \/>\n<span style=\"color: #4fad5b;\"><strong>13:00<\/strong><\/span> Revenir \u00e0 sa source <em><strong>&#8211; Nadia Mahdhi<\/strong><\/em><br \/>\n<span style=\"color: #4fadea;\"><strong>13:00<\/strong><\/span> Nos divers microbiotes : celui de notre cerveau est identique \u00e0 celui de l\u2019intestin, comment le r\u00e9parer et l\u2019entretenir ? <em><strong>&#8211; France Guillain<\/strong><\/em><br \/>\n<span style=\"color: #de8344;\"><strong>13:00<\/strong><\/span> L&rsquo;approche naturopathique et holistique de la sant\u00e9<em><strong> &#8211; Philippe Cleyet-Merle<\/strong><\/em><br \/>\n<span style=\"color: #4fad5b;\"><strong>14:00<\/strong><\/span> Comment transformer les ondes \u00e9lectromagn\u00e9tiques nuisibles en ondes favorables aux vivants \u00e0 l&rsquo;aide d&rsquo;ondes scalaires ? <em><strong>&#8211; Hubert Mauerer<\/strong><\/em><br \/>\n<span style=\"color: #4fadea;\"><strong>14:00<\/strong><\/span> Argile &#8211; S\u00e8ve de bouleau &#8211; Eau de quinton : 3 solutions naturelles fondamentales pour notre immunit\u00e9<em><strong> &#8211; Gr\u00e9goire Cadeau<\/strong><\/em><br \/>\n<span style=\"color: #de8344;\"><strong>14:00<\/strong><\/span> Gu\u00e9rir les blessures du pass\u00e9 pour mieux vivre l\u2019instant pr\u00e9sent : les 6 phases d\u2019acc\u00e8s au L\u00e2cher Prise <em><strong>&#8211; H\u00e9l\u00e8ne Girardin<\/strong><\/em><br \/>\n<span style=\"color: #4fadea;\"><strong>15:00<\/strong> <\/span>Comment vous lib\u00e9rer de vos souffrances, difficult\u00e9s et r\u00e9p\u00e9titions de vie avec la m\u00e9decine quantique<em><strong> &#8211; R\u00e9gis Grouard<\/strong><\/em><br \/>\n<span style=\"color: #de8344;\"><strong>15:00<\/strong><\/span> Les m\u00e9taux lourds : origines, incidences, les mesurer, les solutions <em><strong>&#8211; Armand Bensemhoun<br \/>\n<\/strong><\/em><strong><span style=\"color: #4fad5b;\">15:00<\/span><\/strong>\u00a0Crise \u00e9cologique = crise de la sensibilit\u00e9 ? \u00e9clairage des neurosciences<em><strong> &#8211; Pascale Rossler<\/strong><\/em><br \/>\n<span style=\"color: #4fadea;\"><strong>16:00<\/strong><\/span> Les plantes sauvages au secours de nos articulations et de notre sant\u00e9. Les bons conseils du P\u00e8re Jean <em><strong>&#8211; Jean-p\u00f4l Clesse<\/strong><\/em><br \/>\n<span style=\"color: #de8344;\"><strong>16:00<\/strong><\/span> La psychoth\u00e9rapie pour les nuls<em><strong> &#8211; Jean-Marie Brun<\/strong><\/em><br \/>\n<span style=\"color: #4fad5b;\"><strong>17:00<\/strong><\/span> La r\u00e9g\u00e9n\u00e9ration cellulaire par l&rsquo;AFA booster de cellules souches <em><strong>&#8211; Patrice Badet<\/strong><\/em><br \/>\n<span style=\"color: #4fadea;\"><strong>17:00<\/strong><\/span> Retrouver et gu\u00e9rir son enfant int\u00e9rieur : La R\u00e9silience. Gu\u00e9rir le pass\u00e9 pour vivre pleinement l\u2019instant pr\u00e9sent <strong>&#8211;<em> H\u00e9l\u00e8ne Girardin<\/em><\/strong><br \/>\n<span style=\"color: #de8344;\"><strong>17:00<\/strong><\/span> M\u00e9ditation spontan\u00e9e <em><strong>&#8211; Val\u00e9rie Bertrand<\/strong><\/em><br \/>\n<span style=\"color: #4fad5b;\"><strong>18:00<\/strong><\/span> Chic, un conflit ! <em><strong>&#8211; Ateliers Gordon<\/strong><\/em><br \/>\n<span style=\"color: #4fadea;\"><strong>18:00<\/strong><\/span> D\u00e9coration d&rsquo;int\u00e9rieur durable : allier \u00e9thique et esth\u00e9tique <em><strong>&#8211; Karine Raczak<br \/>\n<\/strong><\/em><strong><span style=\"color: #de8344;\">18:00<\/span><\/strong>\u00a0Neurofeedback NeurOptimal\u00ae : fonctionnement &#8211; \u00e9thique &#8211; retour d\u2019exp\u00e9rience <em><strong>&#8211; Roger-Val\u00e8re Thoumine &amp; Maryline Coignard<\/strong><strong><br \/>\n<\/strong><\/em><\/p>\n<h2>Dimanche 19 novembre<\/h2>\n<p><span style=\"color: #4fad5b;\"><strong>10:30<\/strong><\/span> Voyage en 2030 Glorieuses <em><strong>&#8211; Romane Berlinger<\/strong><\/em><br \/>\n<span style=\"color: #4fadea;\"><strong>11:00<\/strong><\/span> La kin\u00e9siologie instinctive<em> <strong>&#8211; \u00c9ric Fournier<\/strong><\/em><br \/>\n<span style=\"color: #de8344;\"><strong>11:00<\/strong><\/span> Gu\u00e9rir les blessures du pass\u00e9 pour mieux vivre l\u2019instant pr\u00e9sent : les 6 phases d\u2019acc\u00e8s au L\u00e2cher Prise <em><strong>&#8211; H\u00e9l\u00e8ne Girardin<\/strong><\/em><br \/>\n<span style=\"color: #4fad5b;\"><strong>11:30<\/strong><\/span> Consommez moins, consommez mieux <em><strong>&#8211; Cl\u00e9mentine Moss\u00e9<\/strong><\/em><br \/>\n<span style=\"color: #4fadea;\"><strong>12:00<\/strong><\/span> \u00ab\u00a0La peinture de l&rsquo;\u00e2me\u00a0\u00bb, la peinture du souffle de vie : entre d\u00e9veloppement personnel et harmonisation des lieux<em><strong> &#8211; Axelle Borealis<\/strong><\/em><br \/>\n<span style=\"color: #de8344;\"><strong>12:00<\/strong><\/span> Le dessous des cartes de l&rsquo;eau<em> <strong>&#8211; Jan Vansinte<\/strong><\/em><br \/>\n<span style=\"color: #4fad5b;\"><strong>13:00<\/strong><\/span> La chromobiologie : une approche de bien-\u00eatre par l&rsquo;\u00e9nergie et la symbolique des couleurs <em><strong>&#8211; Karine Griffoin<\/strong><\/em><br \/>\n<span style=\"color: #4fadea;\"><strong>13:00<\/strong><\/span> Bienfaits, utilisation des min\u00e9raux<em><strong> &#8211; Jean-Claude Kennedec<\/strong><\/em><br \/>\n<span style=\"color: #de8344;\"><strong>13:00<\/strong><\/span> Une belle chevelure ! Cheveux secs, cheveux gras, perte de cheveux, cheveux ternes, probl\u00e8mes de cuir chevelu, que faire ?<em><strong> &#8211; France Guillain<\/strong><\/em><br \/>\n<span style=\"color: #4fad5b;\"><strong>14:00<\/strong><\/span> Le chanvre dans tous ses \u00e9tats <em><strong>&#8211; Christophe Latouche<\/strong><\/em><br \/>\n<span style=\"color: #4fadea;\"><strong>14:00<\/strong> <\/span>Les plantes sauvages au secours de nos articulations et de notre sant\u00e9. Les bons conseils du P\u00e8re Jean <em><strong>&#8211; Jean-p\u00f4l Clesse<\/strong><\/em><br \/>\n<span style=\"color: #de8344;\"><strong>14:00<\/strong><\/span> Argile &#8211; S\u00e8ve de bouleau &#8211; Eau de quinton : 3 solutions naturelles fondamentales pour notre immunit\u00e9<em><strong> &#8211; Gr\u00e9goire Cadeau<\/strong><\/em><br \/>\n<span style=\"color: #4fad5b;\"><strong>15:00<\/strong><\/span> De l\u2019\u00e9co-anxi\u00e9t\u00e9 \u00e0 l\u2019\u00e9colucidit\u00e9 <em><strong>&#8211; Yvan Marc Juillard<\/strong><\/em><br \/>\n<span style=\"color: #4fadea;\"><strong>15:00<\/strong><\/span> Retrouver et gu\u00e9rir son enfant int\u00e9rieur : La R\u00e9silience. Gu\u00e9rir le pass\u00e9 pour vivre pleinement l\u2019instant pr\u00e9sent<em><strong> &#8211; H\u00e9l\u00e8ne Girardin<\/strong><\/em><br \/>\n<span style=\"color: #de8344;\"><strong>15:00<\/strong><\/span> Le yoga des yeux, une approche holistique de la vision <em><strong>&#8211; Philippe Cleyet-Merle<\/strong><\/em><br \/>\n<span style=\"color: #4fadea;\"><strong>16:00<\/strong><\/span> Comment transformer les ondes \u00e9lectromagn\u00e9tiques nuisibles en ondes favorables aux vivants \u00e0 l&rsquo;aide d&rsquo;ondes scalaires ? <em><strong>&#8211; Hubert Mauerer<\/strong><\/em><br \/>\n<span style=\"color: #de8344;\"><strong>16:00<\/strong><\/span> Comment vous lib\u00e9rer de vos souffrances, difficult\u00e9s et r\u00e9p\u00e9titions de vie avec la m\u00e9decine quantique ?<em><strong> &#8211; R\u00e9gis Grouard<\/strong><\/em><br \/>\n<span style=\"color: #4fad5b;\"><strong>16:30<\/strong><\/span> La r\u00e9g\u00e9n\u00e9ration cellulaire par l&rsquo;AFA booster de cellules souches <em><strong>&#8211; Patrice Badet<\/strong><\/em><br \/>\n<span style=\"color: #4fadea;\"><strong>17:00<\/strong><\/span> Le stress est-il bon ou mauvais ? Ses impacts au quotidien, les outils de la sophrologie pour le g\u00e9rer<em> <strong>&#8211; Anne-Claire Kubala<\/strong><\/em><br \/>\n<span style=\"color: #de8344;\"><strong>17:00<\/strong><\/span> M\u00e9ditation spontan\u00e9e <em><strong>&#8211; Sylvie Dutilloy<\/strong><\/em><\/p>\n","protected":false},"excerpt":{"rendered":"<p>Les conf\u00e9rences exposants vous permettent de rencontrer des professionnels et d\u2019apprendre \u00e0 \u00e9vacuer votre stress, \u00e0 prendre soin de vous et \u00e0 faire le plein d\u2019\u00e9nergie en d\u00e9couvrant des nouveaux produits ou m\u00e9thodes. Des conf\u00e9rences sont organis\u00e9es pour permettre au public de d\u00e9couvrir et mieux comprendre les m\u00e9thodes et les produits pr\u00e9sent\u00e9s sur le salon.&hellip; <\/p>\n","protected":false},"author":6,"featured_media":0,"parent":0,"menu_order":0,"comment_status":"closed","ping_status":"closed","template":"","meta":{"_monsterinsights_skip_tracking":false,"_monsterinsights_sitenote_active":false,"_monsterinsights_sitenote_note":"","_monsterinsights_sitenote_category":0,"footnotes":""},"class_list":["post-10622","page","type-page","status-publish","hentry"],"yoast_head":"<!-- This site is optimized with the Yoast SEO plugin v27.5 - https:\/\/yoast.com\/product\/yoast-seo-wordpress\/ -->\n<title>Conf\u00e9rences 2023 - Salon Zen&amp;Bio Lyon<\/title>\n<meta name=\"robots\" content=\"index, follow, max-snippet:-1, max-image-preview:large, max-video-preview:-1\" \/>\n<link rel=\"canonical\" href=\"https:\/\/www.salon-zenetbio.com\/lyon\/conferences-2023\/\" \/>\n<meta property=\"og:locale\" content=\"fr_FR\" \/>\n<meta property=\"og:type\" content=\"article\" \/>\n<meta property=\"og:title\" content=\"Conf\u00e9rences 2023 - Salon Zen&amp;Bio Lyon\" \/>\n<meta property=\"og:description\" content=\"Les conf\u00e9rences exposants vous permettent de rencontrer des professionnels et d\u2019apprendre \u00e0 \u00e9vacuer votre stress, \u00e0 prendre soin de vous et \u00e0 faire le plein d\u2019\u00e9nergie en d\u00e9couvrant des nouveaux produits ou m\u00e9thodes. Des conf\u00e9rences sont organis\u00e9es pour permettre au public de d\u00e9couvrir et mieux comprendre les m\u00e9thodes et les produits pr\u00e9sent\u00e9s sur le salon.&hellip;\" \/>\n<meta property=\"og:url\" content=\"https:\/\/www.salon-zenetbio.com\/lyon\/conferences-2023\/\" \/>\n<meta property=\"og:site_name\" content=\"Salon Zen&amp;Bio Lyon\" \/>\n<meta name=\"twitter:card\" content=\"summary_large_image\" \/>\n<meta name=\"twitter:label1\" content=\"Dur\u00e9e de lecture estim\u00e9e\" \/>\n\t<meta name=\"twitter:data1\" content=\"6 minutes\" \/>\n<script type=\"application\/ld+json\" class=\"yoast-schema-graph\">{\"@context\":\"https:\\\/\\\/schema.org\",\"@graph\":[{\"@type\":\"WebPage\",\"@id\":\"https:\\\/\\\/www.salon-zenetbio.com\\\/lyon\\\/conferences-2023\\\/\",\"url\":\"https:\\\/\\\/www.salon-zenetbio.com\\\/lyon\\\/conferences-2023\\\/\",\"name\":\"Conf\u00e9rences 2023 - Salon Zen&amp;Bio Lyon\",\"isPartOf\":{\"@id\":\"https:\\\/\\\/www.salon-zenetbio.com\\\/lyon\\\/#website\"},\"datePublished\":\"2024-03-21T11:22:58+00:00\",\"breadcrumb\":{\"@id\":\"https:\\\/\\\/www.salon-zenetbio.com\\\/lyon\\\/conferences-2023\\\/#breadcrumb\"},\"inLanguage\":\"fr-FR\",\"potentialAction\":[{\"@type\":\"ReadAction\",\"target\":[\"https:\\\/\\\/www.salon-zenetbio.com\\\/lyon\\\/conferences-2023\\\/\"]}]},{\"@type\":\"BreadcrumbList\",\"@id\":\"https:\\\/\\\/www.salon-zenetbio.com\\\/lyon\\\/conferences-2023\\\/#breadcrumb\",\"itemListElement\":[{\"@type\":\"ListItem\",\"position\":1,\"name\":\"Accueil\",\"item\":\"https:\\\/\\\/www.salon-zenetbio.com\\\/lyon\\\/\"},{\"@type\":\"ListItem\",\"position\":2,\"name\":\"Conf\u00e9rences 2023\"}]},{\"@type\":\"WebSite\",\"@id\":\"https:\\\/\\\/www.salon-zenetbio.com\\\/lyon\\\/#website\",\"url\":\"https:\\\/\\\/www.salon-zenetbio.com\\\/lyon\\\/\",\"name\":\"Salon Zen&amp;Bio Lyon\",\"description\":\"salon Zen&amp;Bio Lyon : votre salon \u00e9colo, bio, bien-\u00eatre et habitat sain\",\"publisher\":{\"@id\":\"https:\\\/\\\/www.salon-zenetbio.com\\\/lyon\\\/#organization\"},\"potentialAction\":[{\"@type\":\"SearchAction\",\"target\":{\"@type\":\"EntryPoint\",\"urlTemplate\":\"https:\\\/\\\/www.salon-zenetbio.com\\\/lyon\\\/?s={search_term_string}\"},\"query-input\":{\"@type\":\"PropertyValueSpecification\",\"valueRequired\":true,\"valueName\":\"search_term_string\"}}],\"inLanguage\":\"fr-FR\"},{\"@type\":\"Organization\",\"@id\":\"https:\\\/\\\/www.salon-zenetbio.com\\\/lyon\\\/#organization\",\"name\":\"Salon Zen&amp;Bio Lyon\",\"url\":\"https:\\\/\\\/www.salon-zenetbio.com\\\/lyon\\\/\",\"logo\":{\"@type\":\"ImageObject\",\"inLanguage\":\"fr-FR\",\"@id\":\"https:\\\/\\\/www.salon-zenetbio.com\\\/lyon\\\/#\\\/schema\\\/logo\\\/image\\\/\",\"url\":\"https:\\\/\\\/www.salon-zenetbio.com\\\/lyon\\\/wp-content\\\/uploads\\\/sites\\\/12\\\/2026\\\/03\\\/cropped-Logo-ZEN-et-BIO-lyon-2026-1.png\",\"contentUrl\":\"https:\\\/\\\/www.salon-zenetbio.com\\\/lyon\\\/wp-content\\\/uploads\\\/sites\\\/12\\\/2026\\\/03\\\/cropped-Logo-ZEN-et-BIO-lyon-2026-1.png\",\"width\":921,\"height\":255,\"caption\":\"Salon Zen&amp;Bio Lyon\"},\"image\":{\"@id\":\"https:\\\/\\\/www.salon-zenetbio.com\\\/lyon\\\/#\\\/schema\\\/logo\\\/image\\\/\"}}]}<\/script>\n<!-- \/ Yoast SEO plugin. -->","yoast_head_json":{"title":"Conf\u00e9rences 2023 - Salon Zen&amp;Bio Lyon","robots":{"index":"index","follow":"follow","max-snippet":"max-snippet:-1","max-image-preview":"max-image-preview:large","max-video-preview":"max-video-preview:-1"},"canonical":"https:\/\/www.salon-zenetbio.com\/lyon\/conferences-2023\/","og_locale":"fr_FR","og_type":"article","og_title":"Conf\u00e9rences 2023 - Salon Zen&amp;Bio Lyon","og_description":"Les conf\u00e9rences exposants vous permettent de rencontrer des professionnels et d\u2019apprendre \u00e0 \u00e9vacuer votre stress, \u00e0 prendre soin de vous et \u00e0 faire le plein d\u2019\u00e9nergie en d\u00e9couvrant des nouveaux produits ou m\u00e9thodes. Des conf\u00e9rences sont organis\u00e9es pour permettre au public de d\u00e9couvrir et mieux comprendre les m\u00e9thodes et les produits pr\u00e9sent\u00e9s sur le salon.&hellip;","og_url":"https:\/\/www.salon-zenetbio.com\/lyon\/conferences-2023\/","og_site_name":"Salon Zen&amp;Bio Lyon","twitter_card":"summary_large_image","twitter_misc":{"Dur\u00e9e de lecture estim\u00e9e":"6 minutes"},"schema":{"@context":"https:\/\/schema.org","@graph":[{"@type":"WebPage","@id":"https:\/\/www.salon-zenetbio.com\/lyon\/conferences-2023\/","url":"https:\/\/www.salon-zenetbio.com\/lyon\/conferences-2023\/","name":"Conf\u00e9rences 2023 - Salon Zen&amp;Bio Lyon","isPartOf":{"@id":"https:\/\/www.salon-zenetbio.com\/lyon\/#website"},"datePublished":"2024-03-21T11:22:58+00:00","breadcrumb":{"@id":"https:\/\/www.salon-zenetbio.com\/lyon\/conferences-2023\/#breadcrumb"},"inLanguage":"fr-FR","potentialAction":[{"@type":"ReadAction","target":["https:\/\/www.salon-zenetbio.com\/lyon\/conferences-2023\/"]}]},{"@type":"BreadcrumbList","@id":"https:\/\/www.salon-zenetbio.com\/lyon\/conferences-2023\/#breadcrumb","itemListElement":[{"@type":"ListItem","position":1,"name":"Accueil","item":"https:\/\/www.salon-zenetbio.com\/lyon\/"},{"@type":"ListItem","position":2,"name":"Conf\u00e9rences 2023"}]},{"@type":"WebSite","@id":"https:\/\/www.salon-zenetbio.com\/lyon\/#website","url":"https:\/\/www.salon-zenetbio.com\/lyon\/","name":"Salon Zen&amp;Bio Lyon","description":"salon Zen&amp;Bio Lyon : votre salon \u00e9colo, bio, bien-\u00eatre et habitat sain","publisher":{"@id":"https:\/\/www.salon-zenetbio.com\/lyon\/#organization"},"potentialAction":[{"@type":"SearchAction","target":{"@type":"EntryPoint","urlTemplate":"https:\/\/www.salon-zenetbio.com\/lyon\/?s={search_term_string}"},"query-input":{"@type":"PropertyValueSpecification","valueRequired":true,"valueName":"search_term_string"}}],"inLanguage":"fr-FR"},{"@type":"Organization","@id":"https:\/\/www.salon-zenetbio.com\/lyon\/#organization","name":"Salon Zen&amp;Bio Lyon","url":"https:\/\/www.salon-zenetbio.com\/lyon\/","logo":{"@type":"ImageObject","inLanguage":"fr-FR","@id":"https:\/\/www.salon-zenetbio.com\/lyon\/#\/schema\/logo\/image\/","url":"https:\/\/www.salon-zenetbio.com\/lyon\/wp-content\/uploads\/sites\/12\/2026\/03\/cropped-Logo-ZEN-et-BIO-lyon-2026-1.png","contentUrl":"https:\/\/www.salon-zenetbio.com\/lyon\/wp-content\/uploads\/sites\/12\/2026\/03\/cropped-Logo-ZEN-et-BIO-lyon-2026-1.png","width":921,"height":255,"caption":"Salon Zen&amp;Bio Lyon"},"image":{"@id":"https:\/\/www.salon-zenetbio.com\/lyon\/#\/schema\/logo\/image\/"}}]}},"_links":{"self":[{"href":"https:\/\/www.salon-zenetbio.com\/lyon\/wp-json\/wp\/v2\/pages\/10622","targetHints":{"allow":["GET"]}}],"collection":[{"href":"https:\/\/www.salon-zenetbio.com\/lyon\/wp-json\/wp\/v2\/pages"}],"about":[{"href":"https:\/\/www.salon-zenetbio.com\/lyon\/wp-json\/wp\/v2\/types\/page"}],"author":[{"embeddable":true,"href":"https:\/\/www.salon-zenetbio.com\/lyon\/wp-json\/wp\/v2\/users\/6"}],"replies":[{"embeddable":true,"href":"https:\/\/www.salon-zenetbio.com\/lyon\/wp-json\/wp\/v2\/comments?post=10622"}],"version-history":[{"count":1,"href":"https:\/\/www.salon-zenetbio.com\/lyon\/wp-json\/wp\/v2\/pages\/10622\/revisions"}],"predecessor-version":[{"id":10623,"href":"https:\/\/www.salon-zenetbio.com\/lyon\/wp-json\/wp\/v2\/pages\/10622\/revisions\/10623"}],"wp:attachment":[{"href":"https:\/\/www.salon-zenetbio.com\/lyon\/wp-json\/wp\/v2\/media?parent=10622"}],"curies":[{"name":"wp","href":"https:\/\/api.w.org\/{rel}","templated":true}]}}